{"id":109280,"date":"2021-07-21T11:29:25","date_gmt":"2021-07-21T09:29:29","guid":{"rendered":"https:\/\/tourtravelandmore.com\/?post_type=product&#038;p=109280"},"modified":"2022-11-22T18:01:45","modified_gmt":"2022-11-22T17:01:45","slug":"excursion-a-edfu-kom-ombo-luxor","status":"publish","type":"product","link":"https:\/\/tourtravelandmore.com\/es\/tours\/egipto-es\/aswan-luxor-es\/aswan-luxor-tours-es\/excursion-a-edfu-kom-ombo-luxor\/","title":{"rendered":"Excursi\u00f3n privada a Edfu y Kom Ombo desde Luxor"},"content":{"rendered":"<h2 id=\"tw-target-text\" class=\"tw-data-text tw-text-large XcVN5d tw-ta\" dir=\"ltr\" data-placeholder=\"Traducci\u00f3n\"><span lang=\"es\">Descripci\u00f3n de la Excursi\u00f3n privada a Edfu y Kom Ombo desde Luxor<\/span><\/h2>\n<p>Descubre dos de los templos antiguos de Egipto m\u00e1s bonitos en una excursi\u00f3n privada desde Luxor, con chofer y gu\u00eda oficial. Disfruta esta propuesta personalizada desde <strong><a href=\"https:\/\/es.wikipedia.org\/wiki\/Luxor\">Luxor<\/a> a Edfu y Kom Ombo<\/strong>. Podr\u00e1 visitar diversos sitios emblem\u00e1ticos de una de las civilizaciones m\u00e1s interesantes de nuestra historia.<\/p>\n<p>Su chofer y gu\u00eda oficial privado le recoger\u00e1n en su sitio deseado en Luxor. A continuaci\u00f3n iniciar\u00e1n su excursi\u00f3n hacia el templo de<strong> Edfu<\/strong>. A continuaci\u00f3n visitar\u00e1n el Templo de<strong>\u00a0Kom Ombo<\/strong>, situado en una regi\u00f3n alta con vista al Nilo.<\/p>\n<p>El tour es 100\u202f% ajustable a sus propios deseos e intereses. Nuestros gu\u00edas y choferes est\u00e1n a su entera disposici\u00f3n. Coordinaremos sus entradas con anticipaci\u00f3n. En caso de que visite Egipto por m\u00e1s d\u00edas, puede ver nuestros <a href=\"https:\/\/tourtravelandmore.com\/es\/ciudad\/egipto-es\/cairo-es\/cairo-rutas-es\/\">itinerarios privados<\/a>.<\/p>\n<h2 class=\"p3\"><span class=\"s1\"><b>Puntos de inter\u00e9s en la Excursi\u00f3n a Edfu y Kom Ombo desde Luxor<\/b><\/span><\/h2>\n<p>Visita dos de los sitios m\u00e1s maravillosos de Egipto en un tour privado desde Luxor. Atravesaremos el valle del Nilo hasta llegar al Templo de Horus, uno de los templos mejor conservados de Egipto. Luego visitar\u00e1n Kom Ombo, un templo doble dedicado a Sobek \u201c<strong>el Dios cocodrilo<\/strong>\u201d y a Horus, el dios con cara de \u00e1guila.<\/p>\n<p><strong>Edfu <\/strong>fue dedicado a Horus. Es el segundo templo m\u00e1s grande de Egipto. Fue edificado por los Greco-Romanos, sendos a\u00f1os m\u00e1s tarde de la \u00e9poca de faraones. El sitio fue r\u00e9descubierto en la d\u00e9cada de 1860 por arque\u00f3logos franceses.<\/p>\n<p>A continuaci\u00f3n visitar\u00e1 el <strong>Templo Kom Ombo.<\/strong> Su principal particularidad es que alberga una doble entrada, y que sus paredes albergan escritos de liturgias copticas de la \u00e9poca. El nombre de esta magn\u00edfica ciudad significa \u201c<strong>La colina del oro<\/strong>\u201d, refiri\u00e9ndose a la importancia de esta ciudad para la econom\u00eda de Egipto en la \u00e9poca.<\/p>\n<p>Al finalizar su tour su chofer y gu\u00eda le llevar\u00e1n de vuelta a su hotel o sitio deseado en Luxor.<\/p>\n","protected":false},"excerpt":{"rendered":"<p>Disfrute un<strong> tour privado desde Luxor<\/strong> y descubra los sitios m\u00e1s importantes del antiguo Egipto junto a un gu\u00eda oficial privado.<\/p>\n","protected":false},"featured_media":109327,"comment_status":"open","ping_status":"closed","template":"","meta":{"_acf_changed":false},"product_brand":[],"product_cat":[3031,3974,3975],"product_tag":[],"class_list":{"0":"post-109280","1":"product","2":"type-product","3":"status-publish","4":"has-post-thumbnail","6":"product_cat-egipto-es","7":"product_cat-aswan-luxor-es","8":"product_cat-aswan-luxor-tours-es","10":"first","11":"instock","12":"shipping-taxable","13":"purchasable","14":"product-type-simple"},"acf":[],"yoast_head":"<!-- This site is optimized with the Yoast SEO Premium plugin v25.3.1 (Yoast SEO v25.3.1) - https:\/\/yoast.com\/wordpress\/plugins\/seo\/ -->\n<title>Excursi\u00f3n privada a Edfu y Kom Ombo desde Luxor | TourTravel&amp;More<\/title>\n<meta name=\"description\" content=\"Disfrute un tour privado desde Luxor y descubra los sitios m\u00e1s importantes del antiguo Egipto junto a un gu\u00eda oficial privado \u2705\" \/>\n<meta name=\"robots\" content=\"index, follow, max-snippet:-1, max-image-preview:large, max-video-preview:-1\" \/>\n<link rel=\"canonical\" href=\"https:\/\/tourtravelandmore.com\/es\/tours\/egipto-es\/aswan-luxor-es\/aswan-luxor-tours-es\/excursion-a-edfu-kom-ombo-luxor\/\" \/>\n<meta property=\"og:locale\" content=\"es_ES\" \/>\n<meta property=\"og:type\" content=\"article\" \/>\n<meta property=\"og:title\" content=\"Excursi\u00f3n privada a Edfu y Kom Ombo desde Luxor\" \/>\n<meta property=\"og:description\" content=\"Disfrute un tour privado desde Luxor y descubra los sitios m\u00e1s importantes del antiguo Egipto junto a un gu\u00eda oficial privado \u2705\" \/>\n<meta property=\"og:url\" content=\"https:\/\/tourtravelandmore.com\/es\/tours\/egipto-es\/aswan-luxor-es\/aswan-luxor-tours-es\/excursion-a-edfu-kom-ombo-luxor\/\" \/>\n<meta property=\"og:site_name\" content=\"Tour Travel And More\" \/>\n<meta property=\"article:publisher\" content=\"https:\/\/www.facebook.com\/tourtravelandmore\/\" \/>\n<meta property=\"article:modified_time\" content=\"2022-11-22T17:01:45+00:00\" \/>\n<meta property=\"og:image\" content=\"https:\/\/tourtravelandmore.com\/wp-content\/uploads\/2021\/07\/ko5.jpeg\" \/>\n\t<meta property=\"og:image:width\" content=\"1050\" \/>\n\t<meta property=\"og:image:height\" content=\"700\" \/>\n\t<meta property=\"og:image:type\" content=\"image\/jpeg\" \/>\n<meta name=\"twitter:card\" content=\"summary_large_image\" \/>\n<meta name=\"twitter:site\" content=\"@TourTravel_More\" \/>\n<meta name=\"twitter:label1\" content=\"Tiempo de lectura\" \/>\n\t<meta name=\"twitter:data1\" content=\"2 minutos\" \/>\n<script type=\"application\/ld+json\" class=\"yoast-schema-graph\">{\"@context\":\"https:\/\/schema.org\",\"@graph\":[{\"@type\":\"WebPage\",\"@id\":\"https:\/\/tourtravelandmore.com\/es\/tours\/egipto-es\/aswan-luxor-es\/aswan-luxor-tours-es\/excursion-a-edfu-kom-ombo-luxor\/\",\"url\":\"https:\/\/tourtravelandmore.com\/es\/tours\/egipto-es\/aswan-luxor-es\/aswan-luxor-tours-es\/excursion-a-edfu-kom-ombo-luxor\/\",\"name\":\"Excursi\u00f3n privada a Edfu y Kom Ombo desde Luxor | TourTravel&More\",\"isPartOf\":{\"@id\":\"https:\/\/tourtravelandmore.com\/es\/#website\"},\"primaryImageOfPage\":{\"@id\":\"https:\/\/tourtravelandmore.com\/es\/tours\/egipto-es\/aswan-luxor-es\/aswan-luxor-tours-es\/excursion-a-edfu-kom-ombo-luxor\/#primaryimage\"},\"image\":{\"@id\":\"https:\/\/tourtravelandmore.com\/es\/tours\/egipto-es\/aswan-luxor-es\/aswan-luxor-tours-es\/excursion-a-edfu-kom-ombo-luxor\/#primaryimage\"},\"thumbnailUrl\":\"https:\/\/tourtravelandmore.com\/wp-content\/uploads\/2021\/07\/ko5.jpeg\",\"datePublished\":\"2021-07-21T09:29:29+00:00\",\"dateModified\":\"2022-11-22T17:01:45+00:00\",\"description\":\"Disfrute un tour privado desde Luxor y descubra los sitios m\u00e1s importantes del antiguo Egipto junto a un gu\u00eda oficial privado \u2705\",\"breadcrumb\":{\"@id\":\"https:\/\/tourtravelandmore.com\/es\/tours\/egipto-es\/aswan-luxor-es\/aswan-luxor-tours-es\/excursion-a-edfu-kom-ombo-luxor\/#breadcrumb\"},\"inLanguage\":\"es\",\"potentialAction\":[{\"@type\":\"ReadAction\",\"target\":[\"https:\/\/tourtravelandmore.com\/es\/tours\/egipto-es\/aswan-luxor-es\/aswan-luxor-tours-es\/excursion-a-edfu-kom-ombo-luxor\/\"]}]},{\"@type\":\"ImageObject\",\"inLanguage\":\"es\",\"@id\":\"https:\/\/tourtravelandmore.com\/es\/tours\/egipto-es\/aswan-luxor-es\/aswan-luxor-tours-es\/excursion-a-edfu-kom-ombo-luxor\/#primaryimage\",\"url\":\"https:\/\/tourtravelandmore.com\/wp-content\/uploads\/2021\/07\/ko5.jpeg\",\"contentUrl\":\"https:\/\/tourtravelandmore.com\/wp-content\/uploads\/2021\/07\/ko5.jpeg\",\"width\":1050,\"height\":700,\"caption\":\"Kom Ombo 4\"},{\"@type\":\"BreadcrumbList\",\"@id\":\"https:\/\/tourtravelandmore.com\/es\/tours\/egipto-es\/aswan-luxor-es\/aswan-luxor-tours-es\/excursion-a-edfu-kom-ombo-luxor\/#breadcrumb\",\"itemListElement\":[{\"@type\":\"ListItem\",\"position\":1,\"name\":\"Home\",\"item\":\"https:\/\/tourtravelandmore.com\/es\/\"},{\"@type\":\"ListItem\",\"position\":2,\"name\":\"Tours\",\"item\":\"https:\/\/tourtravelandmore.com\/es\/tours\/\"},{\"@type\":\"ListItem\",\"position\":3,\"name\":\"Excursi\u00f3n privada a Edfu y Kom Ombo desde Luxor\"}]},{\"@type\":\"WebSite\",\"@id\":\"https:\/\/tourtravelandmore.com\/es\/#website\",\"url\":\"https:\/\/tourtravelandmore.com\/es\/\",\"name\":\"Tour Travel And More\",\"description\":\"Private sightseeing tours and luxury transfers in Spain\",\"publisher\":{\"@id\":\"https:\/\/tourtravelandmore.com\/es\/#organization\"},\"potentialAction\":[{\"@type\":\"SearchAction\",\"target\":{\"@type\":\"EntryPoint\",\"urlTemplate\":\"https:\/\/tourtravelandmore.com\/es\/?s={search_term_string}\"},\"query-input\":{\"@type\":\"PropertyValueSpecification\",\"valueRequired\":true,\"valueName\":\"search_term_string\"}}],\"inLanguage\":\"es\"},{\"@type\":\"Organization\",\"@id\":\"https:\/\/tourtravelandmore.com\/es\/#organization\",\"name\":\"Tour Travel And More\",\"url\":\"https:\/\/tourtravelandmore.com\/es\/\",\"logo\":{\"@type\":\"ImageObject\",\"inLanguage\":\"es\",\"@id\":\"https:\/\/tourtravelandmore.com\/es\/#\/schema\/logo\/image\/\",\"url\":\"https:\/\/tourtravelandmore.com\/wp-content\/uploads\/2022\/12\/cropped-logo-cabecera-new.png\",\"contentUrl\":\"https:\/\/tourtravelandmore.com\/wp-content\/uploads\/2022\/12\/cropped-logo-cabecera-new.png\",\"width\":430,\"height\":61,\"caption\":\"Tour Travel And More\"},\"image\":{\"@id\":\"https:\/\/tourtravelandmore.com\/es\/#\/schema\/logo\/image\/\"},\"sameAs\":[\"https:\/\/www.facebook.com\/tourtravelandmore\/\",\"https:\/\/x.com\/TourTravel_More\"]}]}<\/script>\n<!-- \/ Yoast SEO Premium plugin. -->","yoast_head_json":{"title":"Excursi\u00f3n privada a Edfu y Kom Ombo desde Luxor | TourTravel&More","description":"Disfrute un tour privado desde Luxor y descubra los sitios m\u00e1s importantes del antiguo Egipto junto a un gu\u00eda oficial privado \u2705","robots":{"index":"index","follow":"follow","max-snippet":"max-snippet:-1","max-image-preview":"max-image-preview:large","max-video-preview":"max-video-preview:-1"},"canonical":"https:\/\/tourtravelandmore.com\/es\/tours\/egipto-es\/aswan-luxor-es\/aswan-luxor-tours-es\/excursion-a-edfu-kom-ombo-luxor\/","og_locale":"es_ES","og_type":"article","og_title":"Excursi\u00f3n privada a Edfu y Kom Ombo desde Luxor","og_description":"Disfrute un tour privado desde Luxor y descubra los sitios m\u00e1s importantes del antiguo Egipto junto a un gu\u00eda oficial privado \u2705","og_url":"https:\/\/tourtravelandmore.com\/es\/tours\/egipto-es\/aswan-luxor-es\/aswan-luxor-tours-es\/excursion-a-edfu-kom-ombo-luxor\/","og_site_name":"Tour Travel And More","article_publisher":"https:\/\/www.facebook.com\/tourtravelandmore\/","article_modified_time":"2022-11-22T17:01:45+00:00","og_image":[{"width":1050,"height":700,"url":"https:\/\/tourtravelandmore.com\/wp-content\/uploads\/2021\/07\/ko5.jpeg","type":"image\/jpeg"}],"twitter_card":"summary_large_image","twitter_site":"@TourTravel_More","twitter_misc":{"Tiempo de lectura":"2 minutos"},"schema":{"@context":"https:\/\/schema.org","@graph":[{"@type":"WebPage","@id":"https:\/\/tourtravelandmore.com\/es\/tours\/egipto-es\/aswan-luxor-es\/aswan-luxor-tours-es\/excursion-a-edfu-kom-ombo-luxor\/","url":"https:\/\/tourtravelandmore.com\/es\/tours\/egipto-es\/aswan-luxor-es\/aswan-luxor-tours-es\/excursion-a-edfu-kom-ombo-luxor\/","name":"Excursi\u00f3n privada a Edfu y Kom Ombo desde Luxor | TourTravel&More","isPartOf":{"@id":"https:\/\/tourtravelandmore.com\/es\/#website"},"primaryImageOfPage":{"@id":"https:\/\/tourtravelandmore.com\/es\/tours\/egipto-es\/aswan-luxor-es\/aswan-luxor-tours-es\/excursion-a-edfu-kom-ombo-luxor\/#primaryimage"},"image":{"@id":"https:\/\/tourtravelandmore.com\/es\/tours\/egipto-es\/aswan-luxor-es\/aswan-luxor-tours-es\/excursion-a-edfu-kom-ombo-luxor\/#primaryimage"},"thumbnailUrl":"https:\/\/tourtravelandmore.com\/wp-content\/uploads\/2021\/07\/ko5.jpeg","datePublished":"2021-07-21T09:29:29+00:00","dateModified":"2022-11-22T17:01:45+00:00","description":"Disfrute un tour privado desde Luxor y descubra los sitios m\u00e1s importantes del antiguo Egipto junto a un gu\u00eda oficial privado \u2705","breadcrumb":{"@id":"https:\/\/tourtravelandmore.com\/es\/tours\/egipto-es\/aswan-luxor-es\/aswan-luxor-tours-es\/excursion-a-edfu-kom-ombo-luxor\/#breadcrumb"},"inLanguage":"es","potentialAction":[{"@type":"ReadAction","target":["https:\/\/tourtravelandmore.com\/es\/tours\/egipto-es\/aswan-luxor-es\/aswan-luxor-tours-es\/excursion-a-edfu-kom-ombo-luxor\/"]}]},{"@type":"ImageObject","inLanguage":"es","@id":"https:\/\/tourtravelandmore.com\/es\/tours\/egipto-es\/aswan-luxor-es\/aswan-luxor-tours-es\/excursion-a-edfu-kom-ombo-luxor\/#primaryimage","url":"https:\/\/tourtravelandmore.com\/wp-content\/uploads\/2021\/07\/ko5.jpeg","contentUrl":"https:\/\/tourtravelandmore.com\/wp-content\/uploads\/2021\/07\/ko5.jpeg","width":1050,"height":700,"caption":"Kom Ombo 4"},{"@type":"BreadcrumbList","@id":"https:\/\/tourtravelandmore.com\/es\/tours\/egipto-es\/aswan-luxor-es\/aswan-luxor-tours-es\/excursion-a-edfu-kom-ombo-luxor\/#breadcrumb","itemListElement":[{"@type":"ListItem","position":1,"name":"Home","item":"https:\/\/tourtravelandmore.com\/es\/"},{"@type":"ListItem","position":2,"name":"Tours","item":"https:\/\/tourtravelandmore.com\/es\/tours\/"},{"@type":"ListItem","position":3,"name":"Excursi\u00f3n privada a Edfu y Kom Ombo desde Luxor"}]},{"@type":"WebSite","@id":"https:\/\/tourtravelandmore.com\/es\/#website","url":"https:\/\/tourtravelandmore.com\/es\/","name":"Tour Travel And More","description":"Private sightseeing tours and luxury transfers in Spain","publisher":{"@id":"https:\/\/tourtravelandmore.com\/es\/#organization"},"potentialAction":[{"@type":"SearchAction","target":{"@type":"EntryPoint","urlTemplate":"https:\/\/tourtravelandmore.com\/es\/?s={search_term_string}"},"query-input":{"@type":"PropertyValueSpecification","valueRequired":true,"valueName":"search_term_string"}}],"inLanguage":"es"},{"@type":"Organization","@id":"https:\/\/tourtravelandmore.com\/es\/#organization","name":"Tour Travel And More","url":"https:\/\/tourtravelandmore.com\/es\/","logo":{"@type":"ImageObject","inLanguage":"es","@id":"https:\/\/tourtravelandmore.com\/es\/#\/schema\/logo\/image\/","url":"https:\/\/tourtravelandmore.com\/wp-content\/uploads\/2022\/12\/cropped-logo-cabecera-new.png","contentUrl":"https:\/\/tourtravelandmore.com\/wp-content\/uploads\/2022\/12\/cropped-logo-cabecera-new.png","width":430,"height":61,"caption":"Tour Travel And More"},"image":{"@id":"https:\/\/tourtravelandmore.com\/es\/#\/schema\/logo\/image\/"},"sameAs":["https:\/\/www.facebook.com\/tourtravelandmore\/","https:\/\/x.com\/TourTravel_More"]}]}},"_links":{"self":[{"href":"https:\/\/tourtravelandmore.com\/es\/wp-json\/wp\/v2\/product\/109280","targetHints":{"allow":["GET"]}}],"collection":[{"href":"https:\/\/tourtravelandmore.com\/es\/wp-json\/wp\/v2\/product"}],"about":[{"href":"https:\/\/tourtravelandmore.com\/es\/wp-json\/wp\/v2\/types\/product"}],"replies":[{"embeddable":true,"href":"https:\/\/tourtravelandmore.com\/es\/wp-json\/wp\/v2\/comments?post=109280"}],"wp:featuredmedia":[{"embeddable":true,"href":"https:\/\/tourtravelandmore.com\/es\/wp-json\/wp\/v2\/media\/109327"}],"wp:attachment":[{"href":"https:\/\/tourtravelandmore.com\/es\/wp-json\/wp\/v2\/media?parent=109280"}],"wp:term":[{"taxonomy":"product_brand","embeddable":true,"href":"https:\/\/tourtravelandmore.com\/es\/wp-json\/wp\/v2\/product_brand?post=109280"},{"taxonomy":"product_cat","embeddable":true,"href":"https:\/\/tourtravelandmore.com\/es\/wp-json\/wp\/v2\/product_cat?post=109280"},{"taxonomy":"product_tag","embeddable":true,"href":"https:\/\/tourtravelandmore.com\/es\/wp-json\/wp\/v2\/product_tag?post=109280"}],"curies":[{"name":"wp","href":"https:\/\/api.w.org\/{rel}","templated":true}]}}