{"id":10925,"date":"2017-02-14T17:18:15","date_gmt":"2017-02-15T12:09:13","guid":{"rendered":"http:\/\/tourtravelandmore.com\/es\/?post_type=product&#038;p=10925"},"modified":"2023-12-20T17:36:23","modified_gmt":"2023-12-20T16:36:23","slug":"tour-privado-cinque-terre-desde-florencia","status":"publish","type":"product","link":"https:\/\/tourtravelandmore.com\/es\/tours\/italia-es\/florencia-es\/tour-privado-cinque-terre-desde-florencia\/","title":{"rendered":"Tour Privado a Cinque Terre desde Florencia"},"content":{"rendered":"<h2><b>Descripci\u00f3n del Tour Privado a Cinque Terre desde Florencia\u00a0<\/b><\/h2>\n<p><span style=\"font-weight: 400;\">Disfrute de este Tour privado a Cinque Terre desde Florencia<\/span><span style=\"font-weight: 400;\">. No te pierdas la oportunidad de disfrutar de su gran arquitectura y lugares de inter\u00e9s.<\/span><\/p>\n<p><span style=\"font-weight: 400;\">Se encontrar\u00e1 con su chofer privado, que lo llevar\u00e1 en este recorrido privado a la hermosa zona de Cinque Terre. En el caso de Florencia, podemos organizar la recogida en su hotel o lugar de elecci\u00f3n en la ciudad.<\/span><\/p>\n<p><span style=\"font-weight: 400;\">El Parque Nacional Cinque Terre forma parte de la lista de sitios del Patrimonio Mundial de la Unesco desde 1997. Se llama Cinque Terre a la regi\u00f3n que se compone de 5 ciudades en la provincia de La Spezia. Visitran\u00e1n entre dos y 3 de las 5 ciudades.<\/span><\/p>\n<p><span style=\"font-weight: 400;\">El recorrido tiene una duraci\u00f3n total de 10 horas.<\/span><\/p>\n<p><span style=\"font-weight: 400;\">Como todos nuestros tours, este tour privado por la zona de Cinque Terre es un recorrido completamente personalizado. Podemos organizarlo para satisfacer sus propias necesidades y deseos personales. Si tiene algo en mente, av\u00edsenos y haremos todo lo posible para solucionarlo.<\/span><\/p>\n<h2><b>Puntos de inter\u00e9s en el Tour Privado a Cinque Terre desde Florencia<\/b><\/h2>\n<p><span style=\"font-weight: 400;\">En primer lugar, su conductor privado lo recoger\u00e1 en el lugar de su elecci\u00f3n a la hora deseada por usted. Luego ir\u00e1 a Cinque Terre c\u00f3modamente en su veh\u00edculo privado de lujo.<\/span><\/p>\n<p><span style=\"font-weight: 400;\">Cinque Terre va desde Punta Mesco hasta Punta di Montenero y comprende la ciudad de Monterosso, Vernazza, Corniglia, Manarola y Riomaggiore. Esta regi\u00f3n es una de las principales atracciones de Riviera Ligure. Tiene vistas hermosas y \u00fanicas y ha sido as\u00ed durante siglos.<\/span><\/p>\n<p><span style=\"font-weight: 400;\">Disfrutar\u00e1 de impresionantes vistas panor\u00e1micas desde las diferentes ciudades que forman parte del parque nacional Cinque Terre. Disfrute caminando a trav\u00e9s del paseo costero \u00abruta de los amantes\u00bb desde Riomaggiore a Manarola.<\/span><\/p>\n<p><span style=\"font-weight: 400;\">A continuaci\u00f3n le explicaremos por qu\u00e9 los lugares que visitara en este tour privado est\u00e1n llenos de historia y sumo inter\u00e9s para sus visitantes:<\/span><\/p>\n<h3><b>Monterosso<\/b><\/h3>\n<p><span style=\"font-weight: 400;\">Monterosso es un peque\u00f1o pueblo de la Riviera italiana que atrae turistas desde hace m\u00e1s de un siglo. El pueblo es famoso por sus hermosas playas, su arquitectura encantadora y el acantilado escarpado.<\/span><\/p>\n<p><span style=\"font-weight: 400;\">El acantilado fue creado por la actividad volc\u00e1nica que ocurri\u00f3 hace millones de a\u00f1os. Las rocas de esta actividad se depositaron en la l\u00ednea de costa es simplemente espectacular.<\/span><\/p>\n<h3><b>Vernazza<\/b><\/h3>\n<p><span style=\"font-weight: 400;\">Vernazza es un pueblo de Liguria, Italia. Es conocido por sus casas de colores brillantes y su ubicaci\u00f3n en la Riviera italiana. Vernazza ha sido un popular destino tur\u00edstico desde el siglo XVIII. Alguna vez fue uno de los puertos m\u00e1s importantes de Europa y todav\u00eda tiene un encanto del viejo mundo que atrae a muchos turistas cada a\u00f1o.<\/span><\/p>\n<h3><b>Corniglia<\/b><\/h3>\n<p><span style=\"font-weight: 400;\">Corniglia es un peque\u00f1o pueblo en la regi\u00f3n italiana de Liguria. El pueblo es famoso por su belleza esc\u00e9nica, ya que se alza sobre una monta\u00f1a y est\u00e1 rodeado de vi\u00f1edos, olivares y jardines. Tambi\u00e9n es famosa por su gastronom\u00eda, as\u00ed como por su vino. Corniglia tiene una poblaci\u00f3n de unas 500 personas y tiene solo una calle principal que atraviesa el pueblo de un extremo al otro con muchas tiendas y restaurantes a ambos lados.<\/span><\/p>\n<h3><b>Manarola<\/b><\/h3>\n<p><span style=\"font-weight: 400;\">Manarola es una peque\u00f1a ciudad en la provincia de La Spezia en Liguria, al norte de Italia. Es uno de los cinco pueblos que componen Cinque Terre, Patrimonio de la Humanidad por la UNESCO.<\/span><\/p>\n<p><span style=\"font-weight: 400;\">La ciudad fue construida sobre la desembocadura de un desfiladero excavado por el r\u00edo Magra. La estrecha apertura al mar la convirti\u00f3 en un lugar ideal para la fortificaci\u00f3n y su estado natural como isla la ha convertido en un atractivo destino tur\u00edstico.<\/span><\/p>\n<h3><b>Riomaggiore<\/b><\/h3>\n<p><span style=\"font-weight: 400;\">Riomaggiore es una localidad de la provincia de La Spezia, Liguria, norte de Italia, con una poblaci\u00f3n de unas 5 mil personas. El pueblo es famoso por sus casas pintorescas y sus calles estrechas tan caracter\u00edsticas de Cinque Terre.<\/span><\/p>\n<p><span style=\"font-weight: 400;\">La ciudad ha aparecido en muchas pel\u00edculas y programas de televisi\u00f3n y tambi\u00e9n ha sido visitada por muchas celebridades. Una de las visitantes m\u00e1s famosas fue Audrey Hepburn, quien protagoniz\u00f3 la pel\u00edcula \u201cVacaciones en Roma\u201d, donde interpret\u00f3 a una princesa de un pa\u00eds lejano que se enamora de un periodista estadounidense interpretado por Gregory Peck.<\/span><\/p>\n<p><span style=\"font-weight: 400;\">Cinque Terre es uno de los destinos tur\u00edsticos m\u00e1s populares de Italia, con m\u00e1s de 2 millones de visitantes cada a\u00f1o.<\/span><\/p>\n<p><span style=\"font-weight: 400;\">Finalmente, su conductor privado lo llevar\u00e1 de regreso a su hotel o lugar de elecci\u00f3n en Florencia. Su gu\u00eda tur\u00edstico oficial y su conductor privado estar\u00e1n a su total disposici\u00f3n durante todo el recorrido.<\/span><\/p>\n<p><strong>Otra opci\u00f3n de excursi\u00f3n de d\u00eda completo, podr\u00eda ser nuestro<a href=\"https:\/\/tourtravelandmore.com\/es\/tours\/italia-es\/florencia-es\/tour-privado-roma-desde-florencia\/\"> tour privado a Roma desde Florencia,<\/a> \u00a1eche un vistazo!<\/strong><\/p>\n","protected":false},"excerpt":{"rendered":"<p><span style=\"font-weight: 400;\">El tour privado de Cinque Terre desde Florencia es un tour de excursi\u00f3n privado que dura 9 horas e incluye visitas a los cinco pueblos y una parada en el t\u00edpico pueblo de pescadores de Riomaggiore. El recorrido es una experiencia inolvidable, ya que brinda una visi\u00f3n aut\u00e9ntica de c\u00f3mo es la vida en estos pueblos.<\/span><\/p>\n","protected":false},"featured_media":171586,"comment_status":"open","ping_status":"closed","template":"","meta":{"_acf_changed":false},"product_brand":[],"product_cat":[4588,412,413,414],"product_tag":[],"class_list":{"0":"post-10925","1":"product","2":"type-product","3":"status-publish","4":"has-post-thumbnail","6":"product_cat-cinque-terre-es","7":"product_cat-florencia-es","8":"product_cat-florencia-actividades-es","9":"product_cat-florencia-excursiones-es","11":"first","12":"instock","13":"shipping-taxable","14":"purchasable","15":"product-type-simple"},"acf":[],"yoast_head":"<!-- This site is optimized with the Yoast SEO Premium plugin v25.3.1 (Yoast SEO v25.3.1) - https:\/\/yoast.com\/wordpress\/plugins\/seo\/ -->\n<title>\u27a1\ufe0f Tour Privado a Cinque Terre desde Florencia | Tour Travel &amp; More<\/title>\n<meta name=\"description\" content=\"Reserve ya este Tour Privado a Cinque Terre desde Florencia, ser\u00e1 una experiencia complemente magistral que jam\u00e1s olvidara \u2705\" \/>\n<meta name=\"robots\" content=\"index, follow, max-snippet:-1, max-image-preview:large, max-video-preview:-1\" \/>\n<link rel=\"canonical\" href=\"https:\/\/tourtravelandmore.com\/es\/tours\/italia-es\/florencia-es\/tour-privado-cinque-terre-desde-florencia\/\" \/>\n<meta property=\"og:locale\" content=\"es_ES\" \/>\n<meta property=\"og:type\" content=\"article\" \/>\n<meta property=\"og:title\" content=\"Tour Privado a Cinque Terre desde Florencia\" \/>\n<meta property=\"og:description\" content=\"Reserve ya este Tour Privado a Cinque Terre desde Florencia, ser\u00e1 una experiencia complemente magistral que jam\u00e1s olvidara \u2705\" \/>\n<meta property=\"og:url\" content=\"https:\/\/tourtravelandmore.com\/es\/tours\/italia-es\/florencia-es\/tour-privado-cinque-terre-desde-florencia\/\" \/>\n<meta property=\"og:site_name\" content=\"Tour Travel And More\" \/>\n<meta property=\"article:publisher\" content=\"https:\/\/www.facebook.com\/tourtravelandmore\/\" \/>\n<meta property=\"article:modified_time\" content=\"2023-12-20T16:36:23+00:00\" \/>\n<meta property=\"og:image\" content=\"https:\/\/tourtravelandmore.com\/wp-content\/uploads\/2017\/02\/Vernazza5-740x518.jpg\" \/>\n\t<meta property=\"og:image:width\" content=\"740\" \/>\n\t<meta property=\"og:image:height\" content=\"518\" \/>\n\t<meta property=\"og:image:type\" content=\"image\/jpeg\" \/>\n<meta name=\"twitter:card\" content=\"summary_large_image\" \/>\n<meta name=\"twitter:site\" content=\"@TourTravel_More\" \/>\n<meta name=\"twitter:label1\" content=\"Tiempo de lectura\" \/>\n\t<meta name=\"twitter:data1\" content=\"4 minutos\" \/>\n<script type=\"application\/ld+json\" class=\"yoast-schema-graph\">{\"@context\":\"https:\/\/schema.org\",\"@graph\":[{\"@type\":\"WebPage\",\"@id\":\"https:\/\/tourtravelandmore.com\/es\/tours\/italia-es\/florencia-es\/tour-privado-cinque-terre-desde-florencia\/\",\"url\":\"https:\/\/tourtravelandmore.com\/es\/tours\/italia-es\/florencia-es\/tour-privado-cinque-terre-desde-florencia\/\",\"name\":\"\u27a1\ufe0f Tour Privado a Cinque Terre desde Florencia | Tour Travel & More\",\"isPartOf\":{\"@id\":\"https:\/\/tourtravelandmore.com\/es\/#website\"},\"primaryImageOfPage\":{\"@id\":\"https:\/\/tourtravelandmore.com\/es\/tours\/italia-es\/florencia-es\/tour-privado-cinque-terre-desde-florencia\/#primaryimage\"},\"image\":{\"@id\":\"https:\/\/tourtravelandmore.com\/es\/tours\/italia-es\/florencia-es\/tour-privado-cinque-terre-desde-florencia\/#primaryimage\"},\"thumbnailUrl\":\"https:\/\/tourtravelandmore.com\/wp-content\/uploads\/2017\/02\/pexels-photo-1797121.jpeg\",\"datePublished\":\"2017-02-15T12:09:13+00:00\",\"dateModified\":\"2023-12-20T16:36:23+00:00\",\"description\":\"Reserve ya este Tour Privado a Cinque Terre desde Florencia, ser\u00e1 una experiencia complemente magistral que jam\u00e1s olvidara \u2705\",\"breadcrumb\":{\"@id\":\"https:\/\/tourtravelandmore.com\/es\/tours\/italia-es\/florencia-es\/tour-privado-cinque-terre-desde-florencia\/#breadcrumb\"},\"inLanguage\":\"es\",\"potentialAction\":[{\"@type\":\"ReadAction\",\"target\":[\"https:\/\/tourtravelandmore.com\/es\/tours\/italia-es\/florencia-es\/tour-privado-cinque-terre-desde-florencia\/\"]}]},{\"@type\":\"ImageObject\",\"inLanguage\":\"es\",\"@id\":\"https:\/\/tourtravelandmore.com\/es\/tours\/italia-es\/florencia-es\/tour-privado-cinque-terre-desde-florencia\/#primaryimage\",\"url\":\"https:\/\/tourtravelandmore.com\/wp-content\/uploads\/2017\/02\/pexels-photo-1797121.jpeg\",\"contentUrl\":\"https:\/\/tourtravelandmore.com\/wp-content\/uploads\/2017\/02\/pexels-photo-1797121.jpeg\",\"width\":1260,\"height\":709},{\"@type\":\"BreadcrumbList\",\"@id\":\"https:\/\/tourtravelandmore.com\/es\/tours\/italia-es\/florencia-es\/tour-privado-cinque-terre-desde-florencia\/#breadcrumb\",\"itemListElement\":[{\"@type\":\"ListItem\",\"position\":1,\"name\":\"Home\",\"item\":\"https:\/\/tourtravelandmore.com\/es\/\"},{\"@type\":\"ListItem\",\"position\":2,\"name\":\"Tours\",\"item\":\"https:\/\/tourtravelandmore.com\/es\/tours\/\"},{\"@type\":\"ListItem\",\"position\":3,\"name\":\"Tour Privado a Cinque Terre desde Florencia\"}]},{\"@type\":\"WebSite\",\"@id\":\"https:\/\/tourtravelandmore.com\/es\/#website\",\"url\":\"https:\/\/tourtravelandmore.com\/es\/\",\"name\":\"Tour Travel And More\",\"description\":\"Private sightseeing tours and luxury transfers in Spain\",\"publisher\":{\"@id\":\"https:\/\/tourtravelandmore.com\/es\/#organization\"},\"potentialAction\":[{\"@type\":\"SearchAction\",\"target\":{\"@type\":\"EntryPoint\",\"urlTemplate\":\"https:\/\/tourtravelandmore.com\/es\/?s={search_term_string}\"},\"query-input\":{\"@type\":\"PropertyValueSpecification\",\"valueRequired\":true,\"valueName\":\"search_term_string\"}}],\"inLanguage\":\"es\"},{\"@type\":\"Organization\",\"@id\":\"https:\/\/tourtravelandmore.com\/es\/#organization\",\"name\":\"Tour Travel And More\",\"url\":\"https:\/\/tourtravelandmore.com\/es\/\",\"logo\":{\"@type\":\"ImageObject\",\"inLanguage\":\"es\",\"@id\":\"https:\/\/tourtravelandmore.com\/es\/#\/schema\/logo\/image\/\",\"url\":\"https:\/\/tourtravelandmore.com\/wp-content\/uploads\/2022\/12\/cropped-logo-cabecera-new.png\",\"contentUrl\":\"https:\/\/tourtravelandmore.com\/wp-content\/uploads\/2022\/12\/cropped-logo-cabecera-new.png\",\"width\":430,\"height\":61,\"caption\":\"Tour Travel And More\"},\"image\":{\"@id\":\"https:\/\/tourtravelandmore.com\/es\/#\/schema\/logo\/image\/\"},\"sameAs\":[\"https:\/\/www.facebook.com\/tourtravelandmore\/\",\"https:\/\/x.com\/TourTravel_More\"]}]}<\/script>\n<!-- \/ Yoast SEO Premium plugin. -->","yoast_head_json":{"title":"\u27a1\ufe0f Tour Privado a Cinque Terre desde Florencia | Tour Travel & More","description":"Reserve ya este Tour Privado a Cinque Terre desde Florencia, ser\u00e1 una experiencia complemente magistral que jam\u00e1s olvidara \u2705","robots":{"index":"index","follow":"follow","max-snippet":"max-snippet:-1","max-image-preview":"max-image-preview:large","max-video-preview":"max-video-preview:-1"},"canonical":"https:\/\/tourtravelandmore.com\/es\/tours\/italia-es\/florencia-es\/tour-privado-cinque-terre-desde-florencia\/","og_locale":"es_ES","og_type":"article","og_title":"Tour Privado a Cinque Terre desde Florencia","og_description":"Reserve ya este Tour Privado a Cinque Terre desde Florencia, ser\u00e1 una experiencia complemente magistral que jam\u00e1s olvidara \u2705","og_url":"https:\/\/tourtravelandmore.com\/es\/tours\/italia-es\/florencia-es\/tour-privado-cinque-terre-desde-florencia\/","og_site_name":"Tour Travel And More","article_publisher":"https:\/\/www.facebook.com\/tourtravelandmore\/","article_modified_time":"2023-12-20T16:36:23+00:00","og_image":[{"width":740,"height":518,"url":"https:\/\/tourtravelandmore.com\/wp-content\/uploads\/2017\/02\/Vernazza5-740x518.jpg","type":"image\/jpeg"}],"twitter_card":"summary_large_image","twitter_site":"@TourTravel_More","twitter_misc":{"Tiempo de lectura":"4 minutos"},"schema":{"@context":"https:\/\/schema.org","@graph":[{"@type":"WebPage","@id":"https:\/\/tourtravelandmore.com\/es\/tours\/italia-es\/florencia-es\/tour-privado-cinque-terre-desde-florencia\/","url":"https:\/\/tourtravelandmore.com\/es\/tours\/italia-es\/florencia-es\/tour-privado-cinque-terre-desde-florencia\/","name":"\u27a1\ufe0f Tour Privado a Cinque Terre desde Florencia | Tour Travel & More","isPartOf":{"@id":"https:\/\/tourtravelandmore.com\/es\/#website"},"primaryImageOfPage":{"@id":"https:\/\/tourtravelandmore.com\/es\/tours\/italia-es\/florencia-es\/tour-privado-cinque-terre-desde-florencia\/#primaryimage"},"image":{"@id":"https:\/\/tourtravelandmore.com\/es\/tours\/italia-es\/florencia-es\/tour-privado-cinque-terre-desde-florencia\/#primaryimage"},"thumbnailUrl":"https:\/\/tourtravelandmore.com\/wp-content\/uploads\/2017\/02\/pexels-photo-1797121.jpeg","datePublished":"2017-02-15T12:09:13+00:00","dateModified":"2023-12-20T16:36:23+00:00","description":"Reserve ya este Tour Privado a Cinque Terre desde Florencia, ser\u00e1 una experiencia complemente magistral que jam\u00e1s olvidara \u2705","breadcrumb":{"@id":"https:\/\/tourtravelandmore.com\/es\/tours\/italia-es\/florencia-es\/tour-privado-cinque-terre-desde-florencia\/#breadcrumb"},"inLanguage":"es","potentialAction":[{"@type":"ReadAction","target":["https:\/\/tourtravelandmore.com\/es\/tours\/italia-es\/florencia-es\/tour-privado-cinque-terre-desde-florencia\/"]}]},{"@type":"ImageObject","inLanguage":"es","@id":"https:\/\/tourtravelandmore.com\/es\/tours\/italia-es\/florencia-es\/tour-privado-cinque-terre-desde-florencia\/#primaryimage","url":"https:\/\/tourtravelandmore.com\/wp-content\/uploads\/2017\/02\/pexels-photo-1797121.jpeg","contentUrl":"https:\/\/tourtravelandmore.com\/wp-content\/uploads\/2017\/02\/pexels-photo-1797121.jpeg","width":1260,"height":709},{"@type":"BreadcrumbList","@id":"https:\/\/tourtravelandmore.com\/es\/tours\/italia-es\/florencia-es\/tour-privado-cinque-terre-desde-florencia\/#breadcrumb","itemListElement":[{"@type":"ListItem","position":1,"name":"Home","item":"https:\/\/tourtravelandmore.com\/es\/"},{"@type":"ListItem","position":2,"name":"Tours","item":"https:\/\/tourtravelandmore.com\/es\/tours\/"},{"@type":"ListItem","position":3,"name":"Tour Privado a Cinque Terre desde Florencia"}]},{"@type":"WebSite","@id":"https:\/\/tourtravelandmore.com\/es\/#website","url":"https:\/\/tourtravelandmore.com\/es\/","name":"Tour Travel And More","description":"Private sightseeing tours and luxury transfers in Spain","publisher":{"@id":"https:\/\/tourtravelandmore.com\/es\/#organization"},"potentialAction":[{"@type":"SearchAction","target":{"@type":"EntryPoint","urlTemplate":"https:\/\/tourtravelandmore.com\/es\/?s={search_term_string}"},"query-input":{"@type":"PropertyValueSpecification","valueRequired":true,"valueName":"search_term_string"}}],"inLanguage":"es"},{"@type":"Organization","@id":"https:\/\/tourtravelandmore.com\/es\/#organization","name":"Tour Travel And More","url":"https:\/\/tourtravelandmore.com\/es\/","logo":{"@type":"ImageObject","inLanguage":"es","@id":"https:\/\/tourtravelandmore.com\/es\/#\/schema\/logo\/image\/","url":"https:\/\/tourtravelandmore.com\/wp-content\/uploads\/2022\/12\/cropped-logo-cabecera-new.png","contentUrl":"https:\/\/tourtravelandmore.com\/wp-content\/uploads\/2022\/12\/cropped-logo-cabecera-new.png","width":430,"height":61,"caption":"Tour Travel And More"},"image":{"@id":"https:\/\/tourtravelandmore.com\/es\/#\/schema\/logo\/image\/"},"sameAs":["https:\/\/www.facebook.com\/tourtravelandmore\/","https:\/\/x.com\/TourTravel_More"]}]}},"_links":{"self":[{"href":"https:\/\/tourtravelandmore.com\/es\/wp-json\/wp\/v2\/product\/10925","targetHints":{"allow":["GET"]}}],"collection":[{"href":"https:\/\/tourtravelandmore.com\/es\/wp-json\/wp\/v2\/product"}],"about":[{"href":"https:\/\/tourtravelandmore.com\/es\/wp-json\/wp\/v2\/types\/product"}],"replies":[{"embeddable":true,"href":"https:\/\/tourtravelandmore.com\/es\/wp-json\/wp\/v2\/comments?post=10925"}],"wp:featuredmedia":[{"embeddable":true,"href":"https:\/\/tourtravelandmore.com\/es\/wp-json\/wp\/v2\/media\/171586"}],"wp:attachment":[{"href":"https:\/\/tourtravelandmore.com\/es\/wp-json\/wp\/v2\/media?parent=10925"}],"wp:term":[{"taxonomy":"product_brand","embeddable":true,"href":"https:\/\/tourtravelandmore.com\/es\/wp-json\/wp\/v2\/product_brand?post=10925"},{"taxonomy":"product_cat","embeddable":true,"href":"https:\/\/tourtravelandmore.com\/es\/wp-json\/wp\/v2\/product_cat?post=10925"},{"taxonomy":"product_tag","embeddable":true,"href":"https:\/\/tourtravelandmore.com\/es\/wp-json\/wp\/v2\/product_tag?post=10925"}],"curies":[{"name":"wp","href":"https:\/\/api.w.org\/{rel}","templated":true}]}}