{"id":10920,"date":"2017-02-14T17:02:41","date_gmt":"2017-02-15T12:02:23","guid":{"rendered":"http:\/\/tourtravelandmore.com\/es\/?post_type=product&#038;p=10920"},"modified":"2022-04-29T09:20:01","modified_gmt":"2022-04-29T07:20:01","slug":"tour-privado-florencia-pisa-desde-livorno-terminal-cruceros","status":"publish","type":"product","link":"https:\/\/tourtravelandmore.com\/es\/tours\/italia-es\/livorno-es\/tour-privado-florencia-pisa-desde-livorno-terminal-cruceros\/","title":{"rendered":"Tour Privado a Florencia y Pisa"},"content":{"rendered":"<h2><strong>Descripci\u00f3n del Tour Privado a Florencia y Pisa<\/strong><\/h2>\n<p>Una vez que llegue a Livorno, disfrute de <strong>tour privado a Florencia y Pisa<\/strong>. Tendr\u00e1s a tu total disposici\u00f3n un <strong>veh\u00edculo privado de lujo con conductor<\/strong> durante 8 horas.<\/p>\n<p><strong>Florencia<\/strong> es la capital de la regi\u00f3n de la Toscana y ha sido el lugar principal de cada nueva etapa del arte en Italia. El arte y la creatividad est\u00e1n presentes en cada calle y rinc\u00f3n, as\u00ed como en la gran cantidad de iglesias, museos y monumentos. Caminar\u00e1 junto a un gu\u00eda tur\u00edstico oficial privado, que lo iluminar\u00e1 con los secretos y la historia de esta incre\u00edble ciudad.<\/p>\n<p>Por otro lado, <strong>Pisa<\/strong> es otra ciudad importante de la regi\u00f3n de la Toscana. Se desconoce qui\u00e9n construy\u00f3 la ciudad de Pisa, pero se confirma que existe desde el siglo VII a.C.<\/p>\n<p>Tendr\u00e1 un <strong>gu\u00eda tur\u00edstico oficial privado<\/strong> durante 3 horas una vez que llegue a Florencia. Todos nuestros gu\u00edas son profesionales, oficiales y muy conocedores de la historia y la ciudad.<\/p>\n<p>Otra posible opci\u00f3n de un tour de d\u00eda completo desde el puerto de Livorno, es nuestro <a href=\"https:\/\/tourtravelandmore.com\/es\/tours\/italia-es\/livorno-es\/tour-privado-a-pisa-y-lucca-desde-la-terminal-de-cruceros-de-livorno\/\">tour privado a Pisa y Lucca<\/a>, \u00a1echa un vistazo!.<\/p>\n<h2><strong>Puntos de inter\u00e9s en el Tour Privado a Florencia y Pisa<\/strong><\/h2>\n<p>Pisa y Florencia son las dos ciudades m\u00e1s emblem\u00e1ticas de la regi\u00f3n de la Toscana que tiene mucho para ofrecer. Durante este tour privado a Florencia y Pisa conocer\u00e1 los sitios m\u00e1s representativos de ambas ciudades.<\/p>\n<p>Su conductor privado lo recoger\u00e1 en el puerto de cruceros de Livorno a la hora de desembarque. Primero visitar\u00e1 Florencia, donde su gu\u00eda tur\u00edstico oficial privado lo estar\u00e1 esperando.<\/p>\n<p>Entre otros monumentos y lugares de inter\u00e9s puedes conocer:<\/p>\n<ul>\n<li><strong>Duomo<\/strong><\/li>\n<li><strong>Catedral de Santa Maria del Fiore<\/strong><\/li>\n<li><strong>Galer\u00eda de los Uffizi<\/strong><\/li>\n<li><a href=\"https:\/\/webshop.b-ticket.com\/webshop\/webticket\/eventlisthttps:\/\/webshop.b-ticket.com\/webshop\/webticket\/eventlist\">Galer\u00eda de la Academia<\/a><\/li>\n<li><strong>Ponte Vecchio<\/strong><\/li>\n<li><strong>Palacio Pitti<\/strong><\/li>\n<li><strong>Plaza de la Signoria<\/strong><\/li>\n<li><strong>Palacio Vecchio<\/strong><\/li>\n<li><strong>Plaza Michelangelo<\/strong><\/li>\n<li>\u00a1<strong>Y mucho m\u00e1s!<\/strong><\/li>\n<\/ul>\n<p>En segundo lugar, continuar\u00e1 hacia <strong>Pisa<\/strong>, donde visitar\u00e1 el caso antiguo de Pisa, que existe desde el siglo VII a.C. Tambi\u00e9n conocer\u00e1 las principales atracciones de la ciudad, incluida la <strong>Plaza dei Miracoli<\/strong>. En esta plaza encontrar\u00e1s la famosa <strong>Torre de Pisa<\/strong>, la <strong>catedral<\/strong> y el <strong>baptisterio<\/strong>.<\/p>\n<p>Si est\u00e1 interesado, podemos gestionar entradas sin colas a cualquier monumento o museo que desee visitar en Florencia y\/o Pisa.<\/p>\n<p>Durante esta excursi\u00f3n privada, tambi\u00e9n har\u00e1 una parada para almorzar en un incre\u00edble restaurante de la zona.<\/p>\n<p><strong>Finalmente, su conductor privado lo llevar\u00e1 de regreso a su crucero en Livorno.<\/strong><\/p>\n","protected":false},"excerpt":{"rendered":"<p>Los <strong>cruceros<\/strong> te brindan una gran oportunidad para disfrutar al m\u00e1ximo de cada ciudad. Disfrute de este <strong>tour completamente privado de Florencia y Pisa desde Livorno<\/strong>. No pierda la oportunidad de conocer Florencia, Pisa y todo lo que tiene para ofrecer junto a su gu\u00eda tur\u00edstico oficial privado en Florencia y c\u00f3modamente en su veh\u00edculo privado de lujo con ch\u00f3fer independiente. \u00a1No te pierdas monumentos y lugares de inter\u00e9s como el <strong>Duomo<\/strong>, el <strong>Ponte Vecchio<\/strong>, la <strong>Torre de Pisa<\/strong>, la <strong>Plaza dei Miracoli<\/strong> y mucho m\u00e1s!<\/p>\n","protected":false},"featured_media":17694,"comment_status":"open","ping_status":"closed","template":"","meta":{"_acf_changed":false},"product_brand":[],"product_cat":[733,744,743,814],"product_tag":[],"class_list":{"0":"post-10920","1":"product","2":"type-product","3":"status-publish","4":"has-post-thumbnail","6":"product_cat-livorno-es","7":"product_cat-livorno-actividades-es","8":"product_cat-livorno-excursiones-es","9":"product_cat-livorno-excursiones-privadas-cruceros-es","11":"first","12":"instock","13":"shipping-taxable","14":"purchasable","15":"product-type-simple"},"acf":[],"yoast_head":"<!-- This site is optimized with the Yoast SEO Premium plugin v25.3.1 (Yoast SEO v25.3.1) - https:\/\/yoast.com\/wordpress\/plugins\/seo\/ -->\n<title>Tour Privado a Florencia y Pisa desde la Terminal de Cruceros de Livorno | TTM<\/title>\n<meta name=\"description\" content=\"Tour privado de Florencia &amp; Pisa en veh\u00edculo privado con chofer. Conozca dos incre\u00edbles ciudades Italianas que te dejan sin aliento. Gu\u00eda en Florencia \u2705\" \/>\n<meta name=\"robots\" content=\"index, follow, max-snippet:-1, max-image-preview:large, max-video-preview:-1\" \/>\n<link rel=\"canonical\" href=\"https:\/\/tourtravelandmore.com\/es\/tours\/italia-es\/livorno-es\/tour-privado-florencia-pisa-desde-livorno-terminal-cruceros\/\" \/>\n<meta property=\"og:locale\" content=\"es_ES\" \/>\n<meta property=\"og:type\" content=\"article\" \/>\n<meta property=\"og:title\" content=\"Tour Privado a Florencia y Pisa\" \/>\n<meta property=\"og:description\" content=\"Tour privado de Florencia &amp; Pisa en veh\u00edculo privado con chofer. Conozca dos incre\u00edbles ciudades Italianas que te dejan sin aliento. Gu\u00eda en Florencia \u2705\" \/>\n<meta property=\"og:url\" content=\"https:\/\/tourtravelandmore.com\/es\/tours\/italia-es\/livorno-es\/tour-privado-florencia-pisa-desde-livorno-terminal-cruceros\/\" \/>\n<meta property=\"og:site_name\" content=\"Tour Travel And More\" \/>\n<meta property=\"article:publisher\" content=\"https:\/\/www.facebook.com\/tourtravelandmore\/\" \/>\n<meta property=\"article:modified_time\" content=\"2022-04-29T07:20:01+00:00\" \/>\n<meta property=\"og:image\" content=\"https:\/\/tourtravelandmore.com\/wp-content\/uploads\/2017\/02\/090410-F-8957M-056-scaled.jpg\" \/>\n\t<meta property=\"og:image:width\" content=\"2832\" \/>\n\t<meta property=\"og:image:height\" content=\"1908\" \/>\n\t<meta property=\"og:image:type\" content=\"image\/jpeg\" \/>\n<meta name=\"twitter:card\" content=\"summary_large_image\" \/>\n<meta name=\"twitter:site\" content=\"@TourTravel_More\" \/>\n<meta name=\"twitter:label1\" content=\"Tiempo de lectura\" \/>\n\t<meta name=\"twitter:data1\" content=\"2 minutos\" \/>\n<script type=\"application\/ld+json\" class=\"yoast-schema-graph\">{\"@context\":\"https:\/\/schema.org\",\"@graph\":[{\"@type\":\"WebPage\",\"@id\":\"https:\/\/tourtravelandmore.com\/es\/tours\/italia-es\/livorno-es\/tour-privado-florencia-pisa-desde-livorno-terminal-cruceros\/\",\"url\":\"https:\/\/tourtravelandmore.com\/es\/tours\/italia-es\/livorno-es\/tour-privado-florencia-pisa-desde-livorno-terminal-cruceros\/\",\"name\":\"Tour Privado a Florencia y Pisa desde la Terminal de Cruceros de Livorno | TTM\",\"isPartOf\":{\"@id\":\"https:\/\/tourtravelandmore.com\/es\/#website\"},\"primaryImageOfPage\":{\"@id\":\"https:\/\/tourtravelandmore.com\/es\/tours\/italia-es\/livorno-es\/tour-privado-florencia-pisa-desde-livorno-terminal-cruceros\/#primaryimage\"},\"image\":{\"@id\":\"https:\/\/tourtravelandmore.com\/es\/tours\/italia-es\/livorno-es\/tour-privado-florencia-pisa-desde-livorno-terminal-cruceros\/#primaryimage\"},\"thumbnailUrl\":\"https:\/\/tourtravelandmore.com\/wp-content\/uploads\/2017\/02\/090410-F-8957M-056-scaled.jpg\",\"datePublished\":\"2017-02-15T12:02:23+00:00\",\"dateModified\":\"2022-04-29T07:20:01+00:00\",\"description\":\"Tour privado de Florencia & Pisa en veh\u00edculo privado con chofer. Conozca dos incre\u00edbles ciudades Italianas que te dejan sin aliento. Gu\u00eda en Florencia \u2705\",\"breadcrumb\":{\"@id\":\"https:\/\/tourtravelandmore.com\/es\/tours\/italia-es\/livorno-es\/tour-privado-florencia-pisa-desde-livorno-terminal-cruceros\/#breadcrumb\"},\"inLanguage\":\"es\",\"potentialAction\":[{\"@type\":\"ReadAction\",\"target\":[\"https:\/\/tourtravelandmore.com\/es\/tours\/italia-es\/livorno-es\/tour-privado-florencia-pisa-desde-livorno-terminal-cruceros\/\"]}]},{\"@type\":\"ImageObject\",\"inLanguage\":\"es\",\"@id\":\"https:\/\/tourtravelandmore.com\/es\/tours\/italia-es\/livorno-es\/tour-privado-florencia-pisa-desde-livorno-terminal-cruceros\/#primaryimage\",\"url\":\"https:\/\/tourtravelandmore.com\/wp-content\/uploads\/2017\/02\/090410-F-8957M-056-scaled.jpg\",\"contentUrl\":\"https:\/\/tourtravelandmore.com\/wp-content\/uploads\/2017\/02\/090410-F-8957M-056-scaled.jpg\",\"width\":2832,\"height\":1908,\"caption\":\"The Fountain of Neptune is located in the Piazza della Signoria to the left of the entrance to the Palazzo Vecchio in Florence, Italy. (U.S. Air Force photo\/Staff Sgt. Lindsey Maurice)\"},{\"@type\":\"BreadcrumbList\",\"@id\":\"https:\/\/tourtravelandmore.com\/es\/tours\/italia-es\/livorno-es\/tour-privado-florencia-pisa-desde-livorno-terminal-cruceros\/#breadcrumb\",\"itemListElement\":[{\"@type\":\"ListItem\",\"position\":1,\"name\":\"Home\",\"item\":\"https:\/\/tourtravelandmore.com\/es\/\"},{\"@type\":\"ListItem\",\"position\":2,\"name\":\"Tours\",\"item\":\"https:\/\/tourtravelandmore.com\/es\/tours\/\"},{\"@type\":\"ListItem\",\"position\":3,\"name\":\"Tour Privado a Florencia y Pisa\"}]},{\"@type\":\"WebSite\",\"@id\":\"https:\/\/tourtravelandmore.com\/es\/#website\",\"url\":\"https:\/\/tourtravelandmore.com\/es\/\",\"name\":\"Tour Travel And More\",\"description\":\"Private sightseeing tours and luxury transfers in Spain\",\"publisher\":{\"@id\":\"https:\/\/tourtravelandmore.com\/es\/#organization\"},\"potentialAction\":[{\"@type\":\"SearchAction\",\"target\":{\"@type\":\"EntryPoint\",\"urlTemplate\":\"https:\/\/tourtravelandmore.com\/es\/?s={search_term_string}\"},\"query-input\":{\"@type\":\"PropertyValueSpecification\",\"valueRequired\":true,\"valueName\":\"search_term_string\"}}],\"inLanguage\":\"es\"},{\"@type\":\"Organization\",\"@id\":\"https:\/\/tourtravelandmore.com\/es\/#organization\",\"name\":\"Tour Travel And More\",\"url\":\"https:\/\/tourtravelandmore.com\/es\/\",\"logo\":{\"@type\":\"ImageObject\",\"inLanguage\":\"es\",\"@id\":\"https:\/\/tourtravelandmore.com\/es\/#\/schema\/logo\/image\/\",\"url\":\"https:\/\/tourtravelandmore.com\/wp-content\/uploads\/2022\/12\/cropped-logo-cabecera-new.png\",\"contentUrl\":\"https:\/\/tourtravelandmore.com\/wp-content\/uploads\/2022\/12\/cropped-logo-cabecera-new.png\",\"width\":430,\"height\":61,\"caption\":\"Tour Travel And More\"},\"image\":{\"@id\":\"https:\/\/tourtravelandmore.com\/es\/#\/schema\/logo\/image\/\"},\"sameAs\":[\"https:\/\/www.facebook.com\/tourtravelandmore\/\",\"https:\/\/x.com\/TourTravel_More\"]}]}<\/script>\n<!-- \/ Yoast SEO Premium plugin. -->","yoast_head_json":{"title":"Tour Privado a Florencia y Pisa desde la Terminal de Cruceros de Livorno | TTM","description":"Tour privado de Florencia & Pisa en veh\u00edculo privado con chofer. Conozca dos incre\u00edbles ciudades Italianas que te dejan sin aliento. Gu\u00eda en Florencia \u2705","robots":{"index":"index","follow":"follow","max-snippet":"max-snippet:-1","max-image-preview":"max-image-preview:large","max-video-preview":"max-video-preview:-1"},"canonical":"https:\/\/tourtravelandmore.com\/es\/tours\/italia-es\/livorno-es\/tour-privado-florencia-pisa-desde-livorno-terminal-cruceros\/","og_locale":"es_ES","og_type":"article","og_title":"Tour Privado a Florencia y Pisa","og_description":"Tour privado de Florencia & Pisa en veh\u00edculo privado con chofer. Conozca dos incre\u00edbles ciudades Italianas que te dejan sin aliento. Gu\u00eda en Florencia \u2705","og_url":"https:\/\/tourtravelandmore.com\/es\/tours\/italia-es\/livorno-es\/tour-privado-florencia-pisa-desde-livorno-terminal-cruceros\/","og_site_name":"Tour Travel And More","article_publisher":"https:\/\/www.facebook.com\/tourtravelandmore\/","article_modified_time":"2022-04-29T07:20:01+00:00","og_image":[{"width":2832,"height":1908,"url":"https:\/\/tourtravelandmore.com\/wp-content\/uploads\/2017\/02\/090410-F-8957M-056-scaled.jpg","type":"image\/jpeg"}],"twitter_card":"summary_large_image","twitter_site":"@TourTravel_More","twitter_misc":{"Tiempo de lectura":"2 minutos"},"schema":{"@context":"https:\/\/schema.org","@graph":[{"@type":"WebPage","@id":"https:\/\/tourtravelandmore.com\/es\/tours\/italia-es\/livorno-es\/tour-privado-florencia-pisa-desde-livorno-terminal-cruceros\/","url":"https:\/\/tourtravelandmore.com\/es\/tours\/italia-es\/livorno-es\/tour-privado-florencia-pisa-desde-livorno-terminal-cruceros\/","name":"Tour Privado a Florencia y Pisa desde la Terminal de Cruceros de Livorno | TTM","isPartOf":{"@id":"https:\/\/tourtravelandmore.com\/es\/#website"},"primaryImageOfPage":{"@id":"https:\/\/tourtravelandmore.com\/es\/tours\/italia-es\/livorno-es\/tour-privado-florencia-pisa-desde-livorno-terminal-cruceros\/#primaryimage"},"image":{"@id":"https:\/\/tourtravelandmore.com\/es\/tours\/italia-es\/livorno-es\/tour-privado-florencia-pisa-desde-livorno-terminal-cruceros\/#primaryimage"},"thumbnailUrl":"https:\/\/tourtravelandmore.com\/wp-content\/uploads\/2017\/02\/090410-F-8957M-056-scaled.jpg","datePublished":"2017-02-15T12:02:23+00:00","dateModified":"2022-04-29T07:20:01+00:00","description":"Tour privado de Florencia & Pisa en veh\u00edculo privado con chofer. Conozca dos incre\u00edbles ciudades Italianas que te dejan sin aliento. Gu\u00eda en Florencia \u2705","breadcrumb":{"@id":"https:\/\/tourtravelandmore.com\/es\/tours\/italia-es\/livorno-es\/tour-privado-florencia-pisa-desde-livorno-terminal-cruceros\/#breadcrumb"},"inLanguage":"es","potentialAction":[{"@type":"ReadAction","target":["https:\/\/tourtravelandmore.com\/es\/tours\/italia-es\/livorno-es\/tour-privado-florencia-pisa-desde-livorno-terminal-cruceros\/"]}]},{"@type":"ImageObject","inLanguage":"es","@id":"https:\/\/tourtravelandmore.com\/es\/tours\/italia-es\/livorno-es\/tour-privado-florencia-pisa-desde-livorno-terminal-cruceros\/#primaryimage","url":"https:\/\/tourtravelandmore.com\/wp-content\/uploads\/2017\/02\/090410-F-8957M-056-scaled.jpg","contentUrl":"https:\/\/tourtravelandmore.com\/wp-content\/uploads\/2017\/02\/090410-F-8957M-056-scaled.jpg","width":2832,"height":1908,"caption":"The Fountain of Neptune is located in the Piazza della Signoria to the left of the entrance to the Palazzo Vecchio in Florence, Italy. (U.S. Air Force photo\/Staff Sgt. Lindsey Maurice)"},{"@type":"BreadcrumbList","@id":"https:\/\/tourtravelandmore.com\/es\/tours\/italia-es\/livorno-es\/tour-privado-florencia-pisa-desde-livorno-terminal-cruceros\/#breadcrumb","itemListElement":[{"@type":"ListItem","position":1,"name":"Home","item":"https:\/\/tourtravelandmore.com\/es\/"},{"@type":"ListItem","position":2,"name":"Tours","item":"https:\/\/tourtravelandmore.com\/es\/tours\/"},{"@type":"ListItem","position":3,"name":"Tour Privado a Florencia y Pisa"}]},{"@type":"WebSite","@id":"https:\/\/tourtravelandmore.com\/es\/#website","url":"https:\/\/tourtravelandmore.com\/es\/","name":"Tour Travel And More","description":"Private sightseeing tours and luxury transfers in Spain","publisher":{"@id":"https:\/\/tourtravelandmore.com\/es\/#organization"},"potentialAction":[{"@type":"SearchAction","target":{"@type":"EntryPoint","urlTemplate":"https:\/\/tourtravelandmore.com\/es\/?s={search_term_string}"},"query-input":{"@type":"PropertyValueSpecification","valueRequired":true,"valueName":"search_term_string"}}],"inLanguage":"es"},{"@type":"Organization","@id":"https:\/\/tourtravelandmore.com\/es\/#organization","name":"Tour Travel And More","url":"https:\/\/tourtravelandmore.com\/es\/","logo":{"@type":"ImageObject","inLanguage":"es","@id":"https:\/\/tourtravelandmore.com\/es\/#\/schema\/logo\/image\/","url":"https:\/\/tourtravelandmore.com\/wp-content\/uploads\/2022\/12\/cropped-logo-cabecera-new.png","contentUrl":"https:\/\/tourtravelandmore.com\/wp-content\/uploads\/2022\/12\/cropped-logo-cabecera-new.png","width":430,"height":61,"caption":"Tour Travel And More"},"image":{"@id":"https:\/\/tourtravelandmore.com\/es\/#\/schema\/logo\/image\/"},"sameAs":["https:\/\/www.facebook.com\/tourtravelandmore\/","https:\/\/x.com\/TourTravel_More"]}]}},"_links":{"self":[{"href":"https:\/\/tourtravelandmore.com\/es\/wp-json\/wp\/v2\/product\/10920","targetHints":{"allow":["GET"]}}],"collection":[{"href":"https:\/\/tourtravelandmore.com\/es\/wp-json\/wp\/v2\/product"}],"about":[{"href":"https:\/\/tourtravelandmore.com\/es\/wp-json\/wp\/v2\/types\/product"}],"replies":[{"embeddable":true,"href":"https:\/\/tourtravelandmore.com\/es\/wp-json\/wp\/v2\/comments?post=10920"}],"wp:featuredmedia":[{"embeddable":true,"href":"https:\/\/tourtravelandmore.com\/es\/wp-json\/wp\/v2\/media\/17694"}],"wp:attachment":[{"href":"https:\/\/tourtravelandmore.com\/es\/wp-json\/wp\/v2\/media?parent=10920"}],"wp:term":[{"taxonomy":"product_brand","embeddable":true,"href":"https:\/\/tourtravelandmore.com\/es\/wp-json\/wp\/v2\/product_brand?post=10920"},{"taxonomy":"product_cat","embeddable":true,"href":"https:\/\/tourtravelandmore.com\/es\/wp-json\/wp\/v2\/product_cat?post=10920"},{"taxonomy":"product_tag","embeddable":true,"href":"https:\/\/tourtravelandmore.com\/es\/wp-json\/wp\/v2\/product_tag?post=10920"}],"curies":[{"name":"wp","href":"https:\/\/api.w.org\/{rel}","templated":true}]}}