{"id":10915,"date":"2017-02-14T16:55:29","date_gmt":"2017-02-15T11:55:45","guid":{"rendered":"http:\/\/tourtravelandmore.com\/es\/?post_type=product&#038;p=10915"},"modified":"2024-03-21T16:09:59","modified_gmt":"2024-03-21T15:09:59","slug":"outlet-shopping-florencia-transporte-privado","status":"publish","type":"product","link":"https:\/\/tourtravelandmore.com\/es\/tours\/italia-es\/florencia-es\/outlet-shopping-florencia-transporte-privado\/","title":{"rendered":"Florencia Shopping Outlet con Transporte Privado"},"content":{"rendered":"<h2><b>Descripci\u00f3n del \u201cFlorencia Shopping Outlet\u201d con Transporte Privado<\/b><\/h2>\n<p><span style=\"font-weight: 400;\">Disfrute de esta gran oportunidad en THE MALL o PRADA para disfrutar de Florencia Shopping Outlet con transporte privado.<\/span><\/p>\n<p><span style=\"font-weight: 400;\">Recuerde que todos los tours que ofrecemos son completamente privados y 100\u202f% personalizables, as\u00ed que si tiene alguna idea o requerimiento por favor h\u00e1gannoslo saber y nuestro equipo lo har\u00e1 realidad.<\/span><\/p>\n<p><span style=\"font-weight: 400;\">Para completar su experiencia, nos reuniremos con usted en su hotel o lugar de elecci\u00f3n en Florencia para que no tenga que preocuparse por nada.<\/span><\/p>\n<p><span style=\"font-weight: 400;\">Este tour privado es una experiencia de compras enfocada en las marcas de dise\u00f1adores m\u00e1s exclusivas de todo el mundo, ser\u00e1 de las pocas personas que podr\u00e1n ir al origen de la moda en Florencia, definitivamente estamos seguros de que encontrara una variedad incre\u00edble de art\u00edculos de moda y dise\u00f1ador en esta experiencia.<\/span><\/p>\n<p><a href=\"https:\/\/firenze.themall.it\/en\/outlet-italy\/homepage\/\"><span style=\"font-weight: 400;\">The Mall<\/span><\/a><span style=\"font-weight: 400;\"> es un centro comercial con tiendas boutique de lujo. Se encuentra en la localidad de la Toscana, a solo 30 minutos del centro de Florencia. Por otro lado, el outlet de PRADA se encuentra a solo 20 minutos del centro de Florencia. Este \u00faltimo outlet, no solo tiene productos de Prada, sino que tambi\u00e9n vende cosas de muchas otras marcas principales.<\/span><\/p>\n<p><span style=\"font-weight: 400;\">La duraci\u00f3n exacta del recorrido es completamente flexible. A continuaci\u00f3n se muestra nuestro recorrido privado a THE MALL o PRADA durante 4 horas desde Florencia, pero podemos organizar la duraci\u00f3n del recorrido exactamente como lo desee.<\/span><\/p>\n<h2><b>Puntos de inter\u00e9s en el \u201cFlorencia Shopping Outlet\u201d con Transporte Privado<\/b><\/h2>\n<p><span style=\"font-weight: 400;\">Si lo desea, su conductor lo recoger\u00e1 en el lugar elegido en Florencia. El recorrido comenzar\u00e1 a la hora de su elecci\u00f3n y tendr\u00e1 una duraci\u00f3n aproximada de 4 horas. Para una experiencia privada, tambi\u00e9n podemos organizar que su propio conductor\/gu\u00eda tur\u00edstico lo lleve a los lugares de su elecci\u00f3n, quien luego lo dejar\u00e1 en el lugar elegido en Florencia.<\/span><\/p>\n<p><span style=\"font-weight: 400;\">Durante esta experiencia en Florencia Shopping Outlet, visitar\u00e1 uno de los dos outlet m\u00e1s importantes de toda Florencia. Tendr\u00e1 a su disposici\u00f3n un veh\u00edculo privado de lujo con conductor y aire acondicionado\u00a0 para visitar estos dos puntos de venta de lujo.\u00a0<\/span><\/p>\n<p><span style=\"font-weight: 400;\">The MALL es un centro comercial que tiene una incre\u00edble selecci\u00f3n de ropa y accesorios, mientras que PRADA vende los \u00faltimos estilos de Prada.<\/span><\/p>\n<p><span style=\"font-weight: 400;\">Si es un viajero de lujo que busca la mejor experiencia, no busque m\u00e1s. Travel &amp; More Tour es la mejor experiencia de viaje para aquellos que quieren explorar Italia de una manera privada y lujosa.<\/span><\/p>\n<p><span style=\"font-weight: 400;\">Travel &amp; More Tour ofrece recorridos por Italia en tours privados de 4 horas con todas las comodidades deseadas. Ofrecen transporte con ch\u00f3fer a todos sus destinos, acceso a las tiendas de ropa m\u00e1s exclusivas y exclusivas de toda Italia, as\u00ed como a PRADA y The Mall.<\/span><\/p>\n<p><span style=\"font-weight: 400;\">Cuando haya terminado, su ch\u00f3fer privado lo llevar\u00e1 de regreso a su hotel o lugar de elecci\u00f3n en Florencia.<\/span><\/p>\n<p><span style=\"font-weight: 400;\">Entendemos todas y cada una de las necesidades de nuestros viajeros y la importancia de unas vacaciones para cada individuo. Nuestro equipo de <\/span><b>Tour Travel &amp; More<\/b><span style=\"font-weight: 400;\"> est\u00e1 aqu\u00ed para ayudarlo a organizar sus mejores vacaciones.<\/span><\/p>\n<p><span style=\"font-weight: 400;\">Tenemos una gran variedad de tours desde Florencia y en la regi\u00f3n de Toscana, eche un vistazo a nuestros <\/span><a href=\"https:\/\/tourtravelandmore.com\/es\/ciudad\/italia-es\/florencia-es\/\"><span style=\"font-weight: 400;\">tours privados de medio d\u00eda y d\u00eda completo desde Florencia.<\/span><\/a><\/p>\n","protected":false},"excerpt":{"rendered":"<p><span style=\"font-weight: 400;\">Este tour privado es una experiencia de compras enfocada en las marcas de dise\u00f1adores m\u00e1s exclusivas de todo el mundo, ser\u00e1 de las pocas personas que podr\u00e1n ir al origen de la moda en Florencia<\/span><\/p>\n","protected":false},"featured_media":10834,"comment_status":"open","ping_status":"closed","template":"","meta":{"_acf_changed":false},"product_brand":[],"product_cat":[412,413,414],"product_tag":[],"class_list":{"0":"post-10915","1":"product","2":"type-product","3":"status-publish","4":"has-post-thumbnail","6":"product_cat-florencia-es","7":"product_cat-florencia-actividades-es","8":"product_cat-florencia-excursiones-es","10":"first","11":"instock","12":"shipping-taxable","13":"purchasable","14":"product-type-simple"},"acf":[],"yoast_head":"<!-- This site is optimized with the Yoast SEO Premium plugin v25.3.1 (Yoast SEO v25.3.1) - https:\/\/yoast.com\/wordpress\/plugins\/seo\/ -->\n<title>\u27a1\ufe0f Florencia Shopping Outlet con Transporte Privado | Tour Travel &amp; More<\/title>\n<meta name=\"description\" content=\"Reserve ya este Florencia Shopping Outlet con Transporte Privado, ser\u00e1 una experiencia de compras, complemente privada y c\u00f3moda en Florencia \u2705\" \/>\n<meta name=\"robots\" content=\"index, follow, max-snippet:-1, max-image-preview:large, max-video-preview:-1\" \/>\n<link rel=\"canonical\" href=\"https:\/\/tourtravelandmore.com\/es\/tours\/italia-es\/florencia-es\/outlet-shopping-florencia-transporte-privado\/\" \/>\n<meta property=\"og:locale\" content=\"es_ES\" \/>\n<meta property=\"og:type\" content=\"article\" \/>\n<meta property=\"og:title\" content=\"Florencia Shopping Outlet con Transporte Privado\" \/>\n<meta property=\"og:description\" content=\"Reserve ya este Florencia Shopping Outlet con Transporte Privado, ser\u00e1 una experiencia de compras, complemente privada y c\u00f3moda en Florencia \u2705\" \/>\n<meta property=\"og:url\" content=\"https:\/\/tourtravelandmore.com\/es\/tours\/italia-es\/florencia-es\/outlet-shopping-florencia-transporte-privado\/\" \/>\n<meta property=\"og:site_name\" content=\"Tour Travel And More\" \/>\n<meta property=\"article:publisher\" content=\"https:\/\/www.facebook.com\/tourtravelandmore\/\" \/>\n<meta property=\"article:modified_time\" content=\"2024-03-21T15:09:59+00:00\" \/>\n<meta property=\"og:image\" content=\"https:\/\/tourtravelandmore.com\/wp-content\/uploads\/2017\/02\/shopping-Gucci.jpg\" \/>\n\t<meta property=\"og:image:width\" content=\"760\" \/>\n\t<meta property=\"og:image:height\" content=\"371\" \/>\n\t<meta property=\"og:image:type\" content=\"image\/jpeg\" \/>\n<meta name=\"twitter:card\" content=\"summary_large_image\" \/>\n<meta name=\"twitter:site\" content=\"@TourTravel_More\" \/>\n<meta name=\"twitter:label1\" content=\"Tiempo de lectura\" \/>\n\t<meta name=\"twitter:data1\" content=\"3 minutos\" \/>\n<script type=\"application\/ld+json\" class=\"yoast-schema-graph\">{\"@context\":\"https:\/\/schema.org\",\"@graph\":[{\"@type\":\"WebPage\",\"@id\":\"https:\/\/tourtravelandmore.com\/es\/tours\/italia-es\/florencia-es\/outlet-shopping-florencia-transporte-privado\/\",\"url\":\"https:\/\/tourtravelandmore.com\/es\/tours\/italia-es\/florencia-es\/outlet-shopping-florencia-transporte-privado\/\",\"name\":\"\u27a1\ufe0f Florencia Shopping Outlet con Transporte Privado | Tour Travel & More\",\"isPartOf\":{\"@id\":\"https:\/\/tourtravelandmore.com\/es\/#website\"},\"primaryImageOfPage\":{\"@id\":\"https:\/\/tourtravelandmore.com\/es\/tours\/italia-es\/florencia-es\/outlet-shopping-florencia-transporte-privado\/#primaryimage\"},\"image\":{\"@id\":\"https:\/\/tourtravelandmore.com\/es\/tours\/italia-es\/florencia-es\/outlet-shopping-florencia-transporte-privado\/#primaryimage\"},\"thumbnailUrl\":\"https:\/\/tourtravelandmore.com\/wp-content\/uploads\/2017\/02\/shopping-Gucci.jpg\",\"datePublished\":\"2017-02-15T11:55:45+00:00\",\"dateModified\":\"2024-03-21T15:09:59+00:00\",\"description\":\"Reserve ya este Florencia Shopping Outlet con Transporte Privado, ser\u00e1 una experiencia de compras, complemente privada y c\u00f3moda en Florencia \u2705\",\"breadcrumb\":{\"@id\":\"https:\/\/tourtravelandmore.com\/es\/tours\/italia-es\/florencia-es\/outlet-shopping-florencia-transporte-privado\/#breadcrumb\"},\"inLanguage\":\"es\",\"potentialAction\":[{\"@type\":\"ReadAction\",\"target\":[\"https:\/\/tourtravelandmore.com\/es\/tours\/italia-es\/florencia-es\/outlet-shopping-florencia-transporte-privado\/\"]}]},{\"@type\":\"ImageObject\",\"inLanguage\":\"es\",\"@id\":\"https:\/\/tourtravelandmore.com\/es\/tours\/italia-es\/florencia-es\/outlet-shopping-florencia-transporte-privado\/#primaryimage\",\"url\":\"https:\/\/tourtravelandmore.com\/wp-content\/uploads\/2017\/02\/shopping-Gucci.jpg\",\"contentUrl\":\"https:\/\/tourtravelandmore.com\/wp-content\/uploads\/2017\/02\/shopping-Gucci.jpg\",\"width\":760,\"height\":371},{\"@type\":\"BreadcrumbList\",\"@id\":\"https:\/\/tourtravelandmore.com\/es\/tours\/italia-es\/florencia-es\/outlet-shopping-florencia-transporte-privado\/#breadcrumb\",\"itemListElement\":[{\"@type\":\"ListItem\",\"position\":1,\"name\":\"Home\",\"item\":\"https:\/\/tourtravelandmore.com\/es\/\"},{\"@type\":\"ListItem\",\"position\":2,\"name\":\"Tours\",\"item\":\"https:\/\/tourtravelandmore.com\/es\/tours\/\"},{\"@type\":\"ListItem\",\"position\":3,\"name\":\"Florencia Shopping Outlet con Transporte Privado\"}]},{\"@type\":\"WebSite\",\"@id\":\"https:\/\/tourtravelandmore.com\/es\/#website\",\"url\":\"https:\/\/tourtravelandmore.com\/es\/\",\"name\":\"Tour Travel And More\",\"description\":\"Private sightseeing tours and luxury transfers in Spain\",\"publisher\":{\"@id\":\"https:\/\/tourtravelandmore.com\/es\/#organization\"},\"potentialAction\":[{\"@type\":\"SearchAction\",\"target\":{\"@type\":\"EntryPoint\",\"urlTemplate\":\"https:\/\/tourtravelandmore.com\/es\/?s={search_term_string}\"},\"query-input\":{\"@type\":\"PropertyValueSpecification\",\"valueRequired\":true,\"valueName\":\"search_term_string\"}}],\"inLanguage\":\"es\"},{\"@type\":\"Organization\",\"@id\":\"https:\/\/tourtravelandmore.com\/es\/#organization\",\"name\":\"Tour Travel And More\",\"url\":\"https:\/\/tourtravelandmore.com\/es\/\",\"logo\":{\"@type\":\"ImageObject\",\"inLanguage\":\"es\",\"@id\":\"https:\/\/tourtravelandmore.com\/es\/#\/schema\/logo\/image\/\",\"url\":\"https:\/\/tourtravelandmore.com\/wp-content\/uploads\/2022\/12\/cropped-logo-cabecera-new.png\",\"contentUrl\":\"https:\/\/tourtravelandmore.com\/wp-content\/uploads\/2022\/12\/cropped-logo-cabecera-new.png\",\"width\":430,\"height\":61,\"caption\":\"Tour Travel And More\"},\"image\":{\"@id\":\"https:\/\/tourtravelandmore.com\/es\/#\/schema\/logo\/image\/\"},\"sameAs\":[\"https:\/\/www.facebook.com\/tourtravelandmore\/\",\"https:\/\/x.com\/TourTravel_More\"]}]}<\/script>\n<!-- \/ Yoast SEO Premium plugin. -->","yoast_head_json":{"title":"\u27a1\ufe0f Florencia Shopping Outlet con Transporte Privado | Tour Travel & More","description":"Reserve ya este Florencia Shopping Outlet con Transporte Privado, ser\u00e1 una experiencia de compras, complemente privada y c\u00f3moda en Florencia \u2705","robots":{"index":"index","follow":"follow","max-snippet":"max-snippet:-1","max-image-preview":"max-image-preview:large","max-video-preview":"max-video-preview:-1"},"canonical":"https:\/\/tourtravelandmore.com\/es\/tours\/italia-es\/florencia-es\/outlet-shopping-florencia-transporte-privado\/","og_locale":"es_ES","og_type":"article","og_title":"Florencia Shopping Outlet con Transporte Privado","og_description":"Reserve ya este Florencia Shopping Outlet con Transporte Privado, ser\u00e1 una experiencia de compras, complemente privada y c\u00f3moda en Florencia \u2705","og_url":"https:\/\/tourtravelandmore.com\/es\/tours\/italia-es\/florencia-es\/outlet-shopping-florencia-transporte-privado\/","og_site_name":"Tour Travel And More","article_publisher":"https:\/\/www.facebook.com\/tourtravelandmore\/","article_modified_time":"2024-03-21T15:09:59+00:00","og_image":[{"width":760,"height":371,"url":"https:\/\/tourtravelandmore.com\/wp-content\/uploads\/2017\/02\/shopping-Gucci.jpg","type":"image\/jpeg"}],"twitter_card":"summary_large_image","twitter_site":"@TourTravel_More","twitter_misc":{"Tiempo de lectura":"3 minutos"},"schema":{"@context":"https:\/\/schema.org","@graph":[{"@type":"WebPage","@id":"https:\/\/tourtravelandmore.com\/es\/tours\/italia-es\/florencia-es\/outlet-shopping-florencia-transporte-privado\/","url":"https:\/\/tourtravelandmore.com\/es\/tours\/italia-es\/florencia-es\/outlet-shopping-florencia-transporte-privado\/","name":"\u27a1\ufe0f Florencia Shopping Outlet con Transporte Privado | Tour Travel & More","isPartOf":{"@id":"https:\/\/tourtravelandmore.com\/es\/#website"},"primaryImageOfPage":{"@id":"https:\/\/tourtravelandmore.com\/es\/tours\/italia-es\/florencia-es\/outlet-shopping-florencia-transporte-privado\/#primaryimage"},"image":{"@id":"https:\/\/tourtravelandmore.com\/es\/tours\/italia-es\/florencia-es\/outlet-shopping-florencia-transporte-privado\/#primaryimage"},"thumbnailUrl":"https:\/\/tourtravelandmore.com\/wp-content\/uploads\/2017\/02\/shopping-Gucci.jpg","datePublished":"2017-02-15T11:55:45+00:00","dateModified":"2024-03-21T15:09:59+00:00","description":"Reserve ya este Florencia Shopping Outlet con Transporte Privado, ser\u00e1 una experiencia de compras, complemente privada y c\u00f3moda en Florencia \u2705","breadcrumb":{"@id":"https:\/\/tourtravelandmore.com\/es\/tours\/italia-es\/florencia-es\/outlet-shopping-florencia-transporte-privado\/#breadcrumb"},"inLanguage":"es","potentialAction":[{"@type":"ReadAction","target":["https:\/\/tourtravelandmore.com\/es\/tours\/italia-es\/florencia-es\/outlet-shopping-florencia-transporte-privado\/"]}]},{"@type":"ImageObject","inLanguage":"es","@id":"https:\/\/tourtravelandmore.com\/es\/tours\/italia-es\/florencia-es\/outlet-shopping-florencia-transporte-privado\/#primaryimage","url":"https:\/\/tourtravelandmore.com\/wp-content\/uploads\/2017\/02\/shopping-Gucci.jpg","contentUrl":"https:\/\/tourtravelandmore.com\/wp-content\/uploads\/2017\/02\/shopping-Gucci.jpg","width":760,"height":371},{"@type":"BreadcrumbList","@id":"https:\/\/tourtravelandmore.com\/es\/tours\/italia-es\/florencia-es\/outlet-shopping-florencia-transporte-privado\/#breadcrumb","itemListElement":[{"@type":"ListItem","position":1,"name":"Home","item":"https:\/\/tourtravelandmore.com\/es\/"},{"@type":"ListItem","position":2,"name":"Tours","item":"https:\/\/tourtravelandmore.com\/es\/tours\/"},{"@type":"ListItem","position":3,"name":"Florencia Shopping Outlet con Transporte Privado"}]},{"@type":"WebSite","@id":"https:\/\/tourtravelandmore.com\/es\/#website","url":"https:\/\/tourtravelandmore.com\/es\/","name":"Tour Travel And More","description":"Private sightseeing tours and luxury transfers in Spain","publisher":{"@id":"https:\/\/tourtravelandmore.com\/es\/#organization"},"potentialAction":[{"@type":"SearchAction","target":{"@type":"EntryPoint","urlTemplate":"https:\/\/tourtravelandmore.com\/es\/?s={search_term_string}"},"query-input":{"@type":"PropertyValueSpecification","valueRequired":true,"valueName":"search_term_string"}}],"inLanguage":"es"},{"@type":"Organization","@id":"https:\/\/tourtravelandmore.com\/es\/#organization","name":"Tour Travel And More","url":"https:\/\/tourtravelandmore.com\/es\/","logo":{"@type":"ImageObject","inLanguage":"es","@id":"https:\/\/tourtravelandmore.com\/es\/#\/schema\/logo\/image\/","url":"https:\/\/tourtravelandmore.com\/wp-content\/uploads\/2022\/12\/cropped-logo-cabecera-new.png","contentUrl":"https:\/\/tourtravelandmore.com\/wp-content\/uploads\/2022\/12\/cropped-logo-cabecera-new.png","width":430,"height":61,"caption":"Tour Travel And More"},"image":{"@id":"https:\/\/tourtravelandmore.com\/es\/#\/schema\/logo\/image\/"},"sameAs":["https:\/\/www.facebook.com\/tourtravelandmore\/","https:\/\/x.com\/TourTravel_More"]}]}},"_links":{"self":[{"href":"https:\/\/tourtravelandmore.com\/es\/wp-json\/wp\/v2\/product\/10915","targetHints":{"allow":["GET"]}}],"collection":[{"href":"https:\/\/tourtravelandmore.com\/es\/wp-json\/wp\/v2\/product"}],"about":[{"href":"https:\/\/tourtravelandmore.com\/es\/wp-json\/wp\/v2\/types\/product"}],"replies":[{"embeddable":true,"href":"https:\/\/tourtravelandmore.com\/es\/wp-json\/wp\/v2\/comments?post=10915"}],"wp:featuredmedia":[{"embeddable":true,"href":"https:\/\/tourtravelandmore.com\/es\/wp-json\/wp\/v2\/media\/10834"}],"wp:attachment":[{"href":"https:\/\/tourtravelandmore.com\/es\/wp-json\/wp\/v2\/media?parent=10915"}],"wp:term":[{"taxonomy":"product_brand","embeddable":true,"href":"https:\/\/tourtravelandmore.com\/es\/wp-json\/wp\/v2\/product_brand?post=10915"},{"taxonomy":"product_cat","embeddable":true,"href":"https:\/\/tourtravelandmore.com\/es\/wp-json\/wp\/v2\/product_cat?post=10915"},{"taxonomy":"product_tag","embeddable":true,"href":"https:\/\/tourtravelandmore.com\/es\/wp-json\/wp\/v2\/product_tag?post=10915"}],"curies":[{"name":"wp","href":"https:\/\/api.w.org\/{rel}","templated":true}]}}