{"id":10895,"date":"2017-02-14T16:22:59","date_gmt":"2017-02-15T11:21:01","guid":{"rendered":"http:\/\/tourtravelandmore.com\/es\/?post_type=product&#038;p=10895"},"modified":"2022-08-24T13:26:15","modified_gmt":"2022-08-24T11:26:15","slug":"transfer-privado-aeropuerto-florencia","status":"publish","type":"product","link":"https:\/\/tourtravelandmore.com\/es\/tours\/italia-es\/florencia-es\/transfer-privado-aeropuerto-florencia\/","title":{"rendered":"Traslados Privados en Florencia &#8211; hacia\/desde cualquier sitio"},"content":{"rendered":"<h2><b>Descripci\u00f3n de los Traslados Privados en Florencia<\/b><\/h2>\n<p><span style=\"font-weight: 400;\">Disfruta de una experiencia relajante en uno de nuestros veh\u00edculos privados de lujo con nuestros traslados privados en Florencia. Le ofrecemos la forma m\u00e1s r\u00e1pida y sencilla de llegar a tu destino final.<\/span><\/p>\n<p><span style=\"font-weight: 400;\">Tour Travel &amp; More Una gran variedad de destinos para elegir, incluidos: Pisa, Florencia, Roma, Mil\u00e1n y Venecia.<\/span><\/p>\n<p><span style=\"font-weight: 400;\">Recuerde que su traslado es completamente personalizado, no importa en que punto de Florencia este, nosotros nos encargaremos de ir por usted en tiempo y forma.<\/span><\/p>\n<p><span style=\"font-weight: 400;\">Ofrecemos todo tipo de traslados como, por ejemplo, traslados al <\/span><a href=\"https:\/\/www.aeroporto.firenze.it\/it\/\"><span style=\"font-weight: 400;\">aeropuerto<\/span><\/a><span style=\"font-weight: 400;\">, estaci\u00f3n de tren o traslados a cualquier otra ciudad o lugar cercano.<\/span><\/p>\n<p><span style=\"font-weight: 400;\">Una vez llegues a tu parada, nuestro personal te estar\u00e1 esperando con un cartel en el vest\u00edbulo de llegadas. Durante su llegada a su destino final, tambi\u00e9n podr\u00e1 disfrutar de una vista panor\u00e1mica de la ciudad.<\/span><\/p>\n<p><span style=\"font-weight: 400;\">Tambi\u00e9n disfrute de traslados privados desde su hotel o apartamento hasta la estaci\u00f3n de tren de Florencia.<\/span><\/p>\n<p><span style=\"font-weight: 400;\">Podemos llevarlo a su hotel en Florencia o en cualquier otra ciudad cercana, como Pisa o incluso Venecia.<\/span><\/p>\n<p><span style=\"font-weight: 400;\">En caso de que arribe a la terminal de cruceros de Livorno, podemos organizar un traslado privado a Florencia o tambi\u00e9n un tour privado a<\/span><a href=\"https:\/\/tourtravelandmore.com\/es\/tours\/italia-es\/livorno-es\/tour-privado-dia-completo-a-florencia-desde-livorno\/\"><span style=\"font-weight: 400;\"> Florencia desde Livorno.<\/span><\/a><\/p>\n<h2><b>Puntos de inter\u00e9s en los Traslados Privados en Florencia<\/b><\/h2>\n<p><span style=\"font-weight: 400;\">Ofrecemos servicios de traslado y un servicio personalizado y privado para todos los grupos. Todos nuestros veh\u00edculos son de alta gama. Todos nuestros conductores est\u00e1n capacitados profesionalmente y tienen experiencia para un viaje seguro. Brindan el mejor servicio para garantizar que disfrute de su viaje.<\/span><\/p>\n<p><span style=\"font-weight: 400;\">Todo lo que necesita hacer es contactarnos y organizaremos su traslado de la mejor manera posible, <\/span><b>Tour Travel and More es resultado de garant\u00eda y satisfacci\u00f3n.<\/b><\/p>\n<p><span style=\"font-weight: 400;\">Una vez que haya hecho la reserva, recibir\u00e1 un correo de confirmaci\u00f3n. Luego necesitaremos la informaci\u00f3n de su vuelo, la hora de llegada y la compa\u00f1\u00eda a\u00e9rea, o la informaci\u00f3n de su crucero. Entre 48 y 24 horas antes de su hora de llegada, necesitaremos una confirmaci\u00f3n de todos estos detalles para que su servicio de traslado sea perfecto.<\/span><\/p>\n<p><span style=\"font-weight: 400;\">No limitamos la cantidad de equipaje que puede traer, pero inf\u00f3rmenos con cu\u00e1nto equipaje viajar\u00e1 por razones log\u00edsticas. A veces se puede requerir un veh\u00edculo m\u00e1s grande y se pueden aplicar tarifas adicionales.<\/span><\/p>\n<p><b>Si necesita un asiento para beb\u00e9 o un asiento para ni\u00f1os, p\u00f3ngase en contacto con nosotros antes de su vuelo o crucero para organizarlo correctamente.<\/b><\/p>\n","protected":false},"excerpt":{"rendered":"<p><span style=\"font-weight: 400;\">Ofrecemos traslados privados en Florencia hacia cualquier sitio, auto de lujo y completamente privado, su chofer le ofrecer\u00e1 el mejor servicio y tacto humano para una experiencia inimaginable.<\/span><\/p>\n","protected":false},"featured_media":8555,"comment_status":"open","ping_status":"closed","template":"","meta":{"_acf_changed":false},"product_brand":[],"product_cat":[412,417],"product_tag":[],"class_list":{"0":"post-10895","1":"product","2":"type-product","3":"status-publish","4":"has-post-thumbnail","6":"product_cat-florencia-es","7":"product_cat-florencia-traslados-es","9":"first","10":"instock","11":"shipping-taxable","12":"purchasable","13":"product-type-simple"},"acf":[],"yoast_head":"<!-- This site is optimized with the Yoast SEO Premium plugin v25.3.1 (Yoast SEO v25.3.1) - https:\/\/yoast.com\/wordpress\/plugins\/seo\/ -->\n<title>\u27a1\ufe0f Traslados Privados en Florencia \u2013 hacia\/desde cualquier sitio<\/title>\n<meta name=\"description\" content=\"Reserve ya este Traslado Privado en Florencia \u2013 hacia\/desde cualquier sitio, ser\u00e1 una experiencia c\u00f3moda, sin preocupaci\u00f3n y completamente relajada.\" \/>\n<meta name=\"robots\" content=\"index, follow, max-snippet:-1, max-image-preview:large, max-video-preview:-1\" \/>\n<link rel=\"canonical\" href=\"https:\/\/tourtravelandmore.com\/es\/tours\/italia-es\/florencia-es\/transfer-privado-aeropuerto-florencia\/\" \/>\n<meta property=\"og:locale\" content=\"es_ES\" \/>\n<meta property=\"og:type\" content=\"article\" \/>\n<meta property=\"og:title\" content=\"Traslados Privados en Florencia - hacia\/desde cualquier sitio\" \/>\n<meta property=\"og:description\" content=\"Reserve ya este Traslado Privado en Florencia \u2013 hacia\/desde cualquier sitio, ser\u00e1 una experiencia c\u00f3moda, sin preocupaci\u00f3n y completamente relajada.\" \/>\n<meta property=\"og:url\" content=\"https:\/\/tourtravelandmore.com\/es\/tours\/italia-es\/florencia-es\/transfer-privado-aeropuerto-florencia\/\" \/>\n<meta property=\"og:site_name\" content=\"Tour Travel And More\" \/>\n<meta property=\"article:publisher\" content=\"https:\/\/www.facebook.com\/tourtravelandmore\/\" \/>\n<meta property=\"article:modified_time\" content=\"2022-08-24T11:26:15+00:00\" \/>\n<meta property=\"og:image\" content=\"https:\/\/tourtravelandmore.com\/wp-content\/uploads\/2016\/10\/madrid-private-transfer.png\" \/>\n\t<meta property=\"og:image:width\" content=\"640\" \/>\n\t<meta property=\"og:image:height\" content=\"425\" \/>\n\t<meta property=\"og:image:type\" content=\"image\/png\" \/>\n<meta name=\"twitter:card\" content=\"summary_large_image\" \/>\n<meta name=\"twitter:site\" content=\"@TourTravel_More\" \/>\n<meta name=\"twitter:label1\" content=\"Tiempo de lectura\" \/>\n\t<meta name=\"twitter:data1\" content=\"2 minutos\" \/>\n<script type=\"application\/ld+json\" class=\"yoast-schema-graph\">{\"@context\":\"https:\/\/schema.org\",\"@graph\":[{\"@type\":\"WebPage\",\"@id\":\"https:\/\/tourtravelandmore.com\/es\/tours\/italia-es\/florencia-es\/transfer-privado-aeropuerto-florencia\/\",\"url\":\"https:\/\/tourtravelandmore.com\/es\/tours\/italia-es\/florencia-es\/transfer-privado-aeropuerto-florencia\/\",\"name\":\"\u27a1\ufe0f Traslados Privados en Florencia \u2013 hacia\/desde cualquier sitio\",\"isPartOf\":{\"@id\":\"https:\/\/tourtravelandmore.com\/es\/#website\"},\"primaryImageOfPage\":{\"@id\":\"https:\/\/tourtravelandmore.com\/es\/tours\/italia-es\/florencia-es\/transfer-privado-aeropuerto-florencia\/#primaryimage\"},\"image\":{\"@id\":\"https:\/\/tourtravelandmore.com\/es\/tours\/italia-es\/florencia-es\/transfer-privado-aeropuerto-florencia\/#primaryimage\"},\"thumbnailUrl\":\"https:\/\/tourtravelandmore.com\/wp-content\/uploads\/2016\/10\/madrid-private-transfer.png\",\"datePublished\":\"2017-02-15T11:21:01+00:00\",\"dateModified\":\"2022-08-24T11:26:15+00:00\",\"description\":\"Reserve ya este Traslado Privado en Florencia \u2013 hacia\/desde cualquier sitio, ser\u00e1 una experiencia c\u00f3moda, sin preocupaci\u00f3n y completamente relajada.\",\"breadcrumb\":{\"@id\":\"https:\/\/tourtravelandmore.com\/es\/tours\/italia-es\/florencia-es\/transfer-privado-aeropuerto-florencia\/#breadcrumb\"},\"inLanguage\":\"es\",\"potentialAction\":[{\"@type\":\"ReadAction\",\"target\":[\"https:\/\/tourtravelandmore.com\/es\/tours\/italia-es\/florencia-es\/transfer-privado-aeropuerto-florencia\/\"]}]},{\"@type\":\"ImageObject\",\"inLanguage\":\"es\",\"@id\":\"https:\/\/tourtravelandmore.com\/es\/tours\/italia-es\/florencia-es\/transfer-privado-aeropuerto-florencia\/#primaryimage\",\"url\":\"https:\/\/tourtravelandmore.com\/wp-content\/uploads\/2016\/10\/madrid-private-transfer.png\",\"contentUrl\":\"https:\/\/tourtravelandmore.com\/wp-content\/uploads\/2016\/10\/madrid-private-transfer.png\",\"width\":640,\"height\":425},{\"@type\":\"BreadcrumbList\",\"@id\":\"https:\/\/tourtravelandmore.com\/es\/tours\/italia-es\/florencia-es\/transfer-privado-aeropuerto-florencia\/#breadcrumb\",\"itemListElement\":[{\"@type\":\"ListItem\",\"position\":1,\"name\":\"Home\",\"item\":\"https:\/\/tourtravelandmore.com\/es\/\"},{\"@type\":\"ListItem\",\"position\":2,\"name\":\"Tours\",\"item\":\"https:\/\/tourtravelandmore.com\/es\/tours\/\"},{\"@type\":\"ListItem\",\"position\":3,\"name\":\"Traslados Privados en Florencia &#8211; hacia\/desde cualquier sitio\"}]},{\"@type\":\"WebSite\",\"@id\":\"https:\/\/tourtravelandmore.com\/es\/#website\",\"url\":\"https:\/\/tourtravelandmore.com\/es\/\",\"name\":\"Tour Travel And More\",\"description\":\"Private sightseeing tours and luxury transfers in Spain\",\"publisher\":{\"@id\":\"https:\/\/tourtravelandmore.com\/es\/#organization\"},\"potentialAction\":[{\"@type\":\"SearchAction\",\"target\":{\"@type\":\"EntryPoint\",\"urlTemplate\":\"https:\/\/tourtravelandmore.com\/es\/?s={search_term_string}\"},\"query-input\":{\"@type\":\"PropertyValueSpecification\",\"valueRequired\":true,\"valueName\":\"search_term_string\"}}],\"inLanguage\":\"es\"},{\"@type\":\"Organization\",\"@id\":\"https:\/\/tourtravelandmore.com\/es\/#organization\",\"name\":\"Tour Travel And More\",\"url\":\"https:\/\/tourtravelandmore.com\/es\/\",\"logo\":{\"@type\":\"ImageObject\",\"inLanguage\":\"es\",\"@id\":\"https:\/\/tourtravelandmore.com\/es\/#\/schema\/logo\/image\/\",\"url\":\"https:\/\/tourtravelandmore.com\/wp-content\/uploads\/2022\/12\/cropped-logo-cabecera-new.png\",\"contentUrl\":\"https:\/\/tourtravelandmore.com\/wp-content\/uploads\/2022\/12\/cropped-logo-cabecera-new.png\",\"width\":430,\"height\":61,\"caption\":\"Tour Travel And More\"},\"image\":{\"@id\":\"https:\/\/tourtravelandmore.com\/es\/#\/schema\/logo\/image\/\"},\"sameAs\":[\"https:\/\/www.facebook.com\/tourtravelandmore\/\",\"https:\/\/x.com\/TourTravel_More\"]}]}<\/script>\n<!-- \/ Yoast SEO Premium plugin. -->","yoast_head_json":{"title":"\u27a1\ufe0f Traslados Privados en Florencia \u2013 hacia\/desde cualquier sitio","description":"Reserve ya este Traslado Privado en Florencia \u2013 hacia\/desde cualquier sitio, ser\u00e1 una experiencia c\u00f3moda, sin preocupaci\u00f3n y completamente relajada.","robots":{"index":"index","follow":"follow","max-snippet":"max-snippet:-1","max-image-preview":"max-image-preview:large","max-video-preview":"max-video-preview:-1"},"canonical":"https:\/\/tourtravelandmore.com\/es\/tours\/italia-es\/florencia-es\/transfer-privado-aeropuerto-florencia\/","og_locale":"es_ES","og_type":"article","og_title":"Traslados Privados en Florencia - hacia\/desde cualquier sitio","og_description":"Reserve ya este Traslado Privado en Florencia \u2013 hacia\/desde cualquier sitio, ser\u00e1 una experiencia c\u00f3moda, sin preocupaci\u00f3n y completamente relajada.","og_url":"https:\/\/tourtravelandmore.com\/es\/tours\/italia-es\/florencia-es\/transfer-privado-aeropuerto-florencia\/","og_site_name":"Tour Travel And More","article_publisher":"https:\/\/www.facebook.com\/tourtravelandmore\/","article_modified_time":"2022-08-24T11:26:15+00:00","og_image":[{"width":640,"height":425,"url":"https:\/\/tourtravelandmore.com\/wp-content\/uploads\/2016\/10\/madrid-private-transfer.png","type":"image\/png"}],"twitter_card":"summary_large_image","twitter_site":"@TourTravel_More","twitter_misc":{"Tiempo de lectura":"2 minutos"},"schema":{"@context":"https:\/\/schema.org","@graph":[{"@type":"WebPage","@id":"https:\/\/tourtravelandmore.com\/es\/tours\/italia-es\/florencia-es\/transfer-privado-aeropuerto-florencia\/","url":"https:\/\/tourtravelandmore.com\/es\/tours\/italia-es\/florencia-es\/transfer-privado-aeropuerto-florencia\/","name":"\u27a1\ufe0f Traslados Privados en Florencia \u2013 hacia\/desde cualquier sitio","isPartOf":{"@id":"https:\/\/tourtravelandmore.com\/es\/#website"},"primaryImageOfPage":{"@id":"https:\/\/tourtravelandmore.com\/es\/tours\/italia-es\/florencia-es\/transfer-privado-aeropuerto-florencia\/#primaryimage"},"image":{"@id":"https:\/\/tourtravelandmore.com\/es\/tours\/italia-es\/florencia-es\/transfer-privado-aeropuerto-florencia\/#primaryimage"},"thumbnailUrl":"https:\/\/tourtravelandmore.com\/wp-content\/uploads\/2016\/10\/madrid-private-transfer.png","datePublished":"2017-02-15T11:21:01+00:00","dateModified":"2022-08-24T11:26:15+00:00","description":"Reserve ya este Traslado Privado en Florencia \u2013 hacia\/desde cualquier sitio, ser\u00e1 una experiencia c\u00f3moda, sin preocupaci\u00f3n y completamente relajada.","breadcrumb":{"@id":"https:\/\/tourtravelandmore.com\/es\/tours\/italia-es\/florencia-es\/transfer-privado-aeropuerto-florencia\/#breadcrumb"},"inLanguage":"es","potentialAction":[{"@type":"ReadAction","target":["https:\/\/tourtravelandmore.com\/es\/tours\/italia-es\/florencia-es\/transfer-privado-aeropuerto-florencia\/"]}]},{"@type":"ImageObject","inLanguage":"es","@id":"https:\/\/tourtravelandmore.com\/es\/tours\/italia-es\/florencia-es\/transfer-privado-aeropuerto-florencia\/#primaryimage","url":"https:\/\/tourtravelandmore.com\/wp-content\/uploads\/2016\/10\/madrid-private-transfer.png","contentUrl":"https:\/\/tourtravelandmore.com\/wp-content\/uploads\/2016\/10\/madrid-private-transfer.png","width":640,"height":425},{"@type":"BreadcrumbList","@id":"https:\/\/tourtravelandmore.com\/es\/tours\/italia-es\/florencia-es\/transfer-privado-aeropuerto-florencia\/#breadcrumb","itemListElement":[{"@type":"ListItem","position":1,"name":"Home","item":"https:\/\/tourtravelandmore.com\/es\/"},{"@type":"ListItem","position":2,"name":"Tours","item":"https:\/\/tourtravelandmore.com\/es\/tours\/"},{"@type":"ListItem","position":3,"name":"Traslados Privados en Florencia &#8211; hacia\/desde cualquier sitio"}]},{"@type":"WebSite","@id":"https:\/\/tourtravelandmore.com\/es\/#website","url":"https:\/\/tourtravelandmore.com\/es\/","name":"Tour Travel And More","description":"Private sightseeing tours and luxury transfers in Spain","publisher":{"@id":"https:\/\/tourtravelandmore.com\/es\/#organization"},"potentialAction":[{"@type":"SearchAction","target":{"@type":"EntryPoint","urlTemplate":"https:\/\/tourtravelandmore.com\/es\/?s={search_term_string}"},"query-input":{"@type":"PropertyValueSpecification","valueRequired":true,"valueName":"search_term_string"}}],"inLanguage":"es"},{"@type":"Organization","@id":"https:\/\/tourtravelandmore.com\/es\/#organization","name":"Tour Travel And More","url":"https:\/\/tourtravelandmore.com\/es\/","logo":{"@type":"ImageObject","inLanguage":"es","@id":"https:\/\/tourtravelandmore.com\/es\/#\/schema\/logo\/image\/","url":"https:\/\/tourtravelandmore.com\/wp-content\/uploads\/2022\/12\/cropped-logo-cabecera-new.png","contentUrl":"https:\/\/tourtravelandmore.com\/wp-content\/uploads\/2022\/12\/cropped-logo-cabecera-new.png","width":430,"height":61,"caption":"Tour Travel And More"},"image":{"@id":"https:\/\/tourtravelandmore.com\/es\/#\/schema\/logo\/image\/"},"sameAs":["https:\/\/www.facebook.com\/tourtravelandmore\/","https:\/\/x.com\/TourTravel_More"]}]}},"_links":{"self":[{"href":"https:\/\/tourtravelandmore.com\/es\/wp-json\/wp\/v2\/product\/10895","targetHints":{"allow":["GET"]}}],"collection":[{"href":"https:\/\/tourtravelandmore.com\/es\/wp-json\/wp\/v2\/product"}],"about":[{"href":"https:\/\/tourtravelandmore.com\/es\/wp-json\/wp\/v2\/types\/product"}],"replies":[{"embeddable":true,"href":"https:\/\/tourtravelandmore.com\/es\/wp-json\/wp\/v2\/comments?post=10895"}],"wp:featuredmedia":[{"embeddable":true,"href":"https:\/\/tourtravelandmore.com\/es\/wp-json\/wp\/v2\/media\/8555"}],"wp:attachment":[{"href":"https:\/\/tourtravelandmore.com\/es\/wp-json\/wp\/v2\/media?parent=10895"}],"wp:term":[{"taxonomy":"product_brand","embeddable":true,"href":"https:\/\/tourtravelandmore.com\/es\/wp-json\/wp\/v2\/product_brand?post=10895"},{"taxonomy":"product_cat","embeddable":true,"href":"https:\/\/tourtravelandmore.com\/es\/wp-json\/wp\/v2\/product_cat?post=10895"},{"taxonomy":"product_tag","embeddable":true,"href":"https:\/\/tourtravelandmore.com\/es\/wp-json\/wp\/v2\/product_tag?post=10895"}],"curies":[{"name":"wp","href":"https:\/\/api.w.org\/{rel}","templated":true}]}}