{"id":10890,"date":"2017-02-14T16:15:25","date_gmt":"2017-02-15T11:02:54","guid":{"rendered":"http:\/\/tourtravelandmore.com\/es\/?post_type=product&#038;p=10890"},"modified":"2022-08-22T14:42:20","modified_gmt":"2022-08-22T12:42:20","slug":"tour-privado-florencia-por-4-horas","status":"publish","type":"product","link":"https:\/\/tourtravelandmore.com\/es\/tours\/italia-es\/florencia-es\/tour-privado-florencia-por-4-horas\/","title":{"rendered":"Tour Privado de Florencia"},"content":{"rendered":"<h2><b>Descripci\u00f3n del Tour Privado de Florencia<\/b><\/h2>\n<p><span style=\"font-weight: 400;\">Denos la oportunidad de llevarte en este Tour Privado de Florencia con tu propio gu\u00eda oficial privado y conductor. Disfrute c\u00f3modamente de la magn\u00edfica arquitectura de Florencia y sus maravillosas vistas en su veh\u00edculo privado de lujo con chofer.<\/span><\/p>\n<p><span style=\"font-weight: 400;\">Toscana es uno de los lugares m\u00e1s bonitos y exclusivos de toda Europa. Aqu\u00ed, puedes admirar los hermosos paisajes, el arte, la arquitectura y probar la mejor comida.<\/span><\/p>\n<p><span style=\"font-weight: 400;\">Florencia es la capital de la regi\u00f3n de Toscana, y ha sido el lugar principal para cada nueva etapa del arte en Italia. El arte y la creatividad est\u00e1n presentes en cada calle y esquina, as\u00ed como en la gran cantidad de iglesias, museos y monumentos. Caminar\u00e1s junto a un gu\u00eda tur\u00edstico oficial privado, que te iluminar\u00e1 con los secretos y la historia de esta incre\u00edble ciudad.<\/span><\/p>\n<p><span style=\"font-weight: 400;\">Florencia fue declarada Patrimonio de la Humanidad por la UNESCO en 1982, ya que se considera el lugar de nacimiento del Renacimiento.<\/span><\/p>\n<p><span style=\"font-weight: 400;\">Disfruta de esta ciudad hist\u00f3rica de Italia y aprende todo lo que puedas durante este tour privado de Florencia. Si est\u00e1 buscando una experiencia de d\u00eda completo fuera de Florencia, eche un vistazo a nuestro <\/span><a href=\"https:\/\/tourtravelandmore.com\/es\/tours\/italia-es\/florencia-es\/tour-privado-pisa-y-lucca-desde-florencia\/\"><span style=\"font-weight: 400;\">tour privado de d\u00eda completo a Pisa y Lucca.<\/span><\/a><\/p>\n<h2><b>Puntos de inter\u00e9s en el Tour Privado de Florencia<\/b><\/h2>\n<p><span style=\"font-weight: 400;\">En primer lugar, su conductor privado y su gu\u00eda oficial lo recoger\u00e1n de su hotel o lugar de elecci\u00f3n en Florencia\u00a0 a la hora deseada por usted. Tendr\u00e1s la oportunidad de explorar una de las ciudades m\u00e1s bellas de Italia, que al final \u00a1terminar\u00e1s amando!<\/span><\/p>\n<p><span style=\"font-weight: 400;\">Dependiendo de sus deseos exactos organizaremos las paradas correspondientes. Aqu\u00ed hay un ejemplo de lo que puede ver durante la visita guiada de 4 horas.<\/span><\/p>\n<p><span style=\"font-weight: 400;\">Entre otros monumentos y lugares de inter\u00e9s que puedes conocer:<\/span><\/p>\n<h3><a href=\"https:\/\/duomo.firenze.it\/it\/38\/cattedrale-di-santa-maria-del-fiore\"><b>Catedral de Santa Mar\u00eda del Fiore (Duomo)<\/b><\/a><\/h3>\n<p><span style=\"font-weight: 400;\">La Catedral de Santa Maria del Fiore es la iglesia principal de Florencia y uno de los ejemplos m\u00e1s notables de la arquitectura g\u00f3tica italiana. Fue construido en un siglo, comenzando con el dise\u00f1o de Arnolfo di Cambio en 1296 y terminando con la c\u00fapula de Giotto, que se complet\u00f3 en 1436.<\/span><\/p>\n<p><span style=\"font-weight: 400;\">El exterior tiene una fachada compuesta por capas alternas de m\u00e1rmol blanco extra\u00eddo cerca de Carrara y piedra gris verdosa de Prato. La catedral es famosa por su c\u00fapula, la construcci\u00f3n de ladrillos m\u00e1s grande del mundo y uno de los logros arquitect\u00f3nicos m\u00e1s impresionantes de su tiempo. El exterior tambi\u00e9n presenta una decoraci\u00f3n escult\u00f3rica de Donatello, Luca Della Robbia, Andrea Pisano y otros.<\/span><\/p>\n<h3><b>Plaza del Duomo<\/b><\/h3>\n<p><span style=\"font-weight: 400;\">La Piazza del Duomo es famosa porque es la plaza principal de Florencia, Italia. Es el hogar de algunos de los lugares m\u00e1s emblem\u00e1ticos de toda Italia. La catedral en s\u00ed atrae a muchos visitantes a esta zona, con su hermosa fachada y su impresionante campanario. Parte de su historia es sobre la estatua de bronce de Donatello de David, que es una figura b\u00edblica. Esta estatua se considera una de las esculturas m\u00e1s famosas de toda Florencia, por lo que es l\u00f3gico que este lugar ocupe un lugar destacado. La Piazza del Duomo alberga muchos lugares diferentes que son importantes para Italia y el mundo en general.\u00a0<\/span><\/p>\n<h3><b>Galer\u00eda Uffizi (podemos organizar entradas si est\u00e1 interesado)<\/b><\/h3>\n<p><span style=\"font-weight: 400;\">La Galer\u00eda de los Uffizi es famosa por sus obras de arte de fama mundial como el Nacimiento de Venus de Botticelli, la Primavera de Leonardo da Vinci y la Virgen de las Rocas de Leonardo da Vinci.<\/span><\/p>\n<p><span style=\"font-weight: 400;\">La Galer\u00eda Uffizi es un museo en Florencia, Italia. Originalmente fue construido como un palacio privado en la d\u00e9cada de 1560 y ahora alberga una gran colecci\u00f3n de obras de arte del Renacimiento.<\/span><\/p>\n<h3><b>Galer\u00eda de la Academia (podemos organizar entradas si est\u00e1 interesado)<\/b><\/h3>\n<p><span style=\"font-weight: 400;\">La Galer\u00eda de la Academia es un famoso museo de pinturas y esculturas. Tiene la colecci\u00f3n de pinturas m\u00e1s grande del mundo con m\u00e1s de 2,000 obras en exhibici\u00f3n. La galer\u00eda fue fundada por Pietro Leopoldo y a\u00fan alberga muchas de sus creaciones originales. La galer\u00eda se divide en dos secciones. La primera, denominada &#8220;Galer\u00eda Corsini&#8221;, exhibe pintores italianos como Luc a Giordano, Pompeo Batoni, Francesco Zuccari y otros.\u00a0<\/span><\/p>\n<h3><b>Ponte Vecchio<\/b><\/h3>\n<p><span style=\"font-weight: 400;\">El Ponte Vecchio es uno de los monumentos m\u00e1s famosos de Florencia.<\/span><\/p>\n<p><span style=\"font-weight: 400;\">Es un puente medieval sobre el r\u00edo Arno, que conecta los barrios de Oltrarno y Borgo. El nombre del puente significa &#8220;puente viejo&#8221; y fue construido en 1345 para reemplazar una estructura de madera anterior.<\/span><\/p>\n<h3><b>Plaza de la Signoria<\/b><\/h3>\n<p><span style=\"font-weight: 400;\">La Piazza della Signoria es el centro hist\u00f3rico de Florencia y fue utilizada como lugar de ejecuciones p\u00fablicas durante el Renacimiento. El evento m\u00e1s famoso que tuvo lugar en esta plaza fue cuando Cosme I de&#8217; Medici, duque de Florencia, orden\u00f3 la ejecuci\u00f3n de su archirrival Girolamo Savonarola el 23 de mayo de 1498. La Piazza del Duomo es tambi\u00e9n el centro hist\u00f3rico de Florencia y se encuentra frente a la catedral.\u00a0<\/span><\/p>\n<h3><b>Palacio Vecchio<\/b><\/h3>\n<p><span style=\"font-weight: 400;\">El Palazzo Vecchio es uno de los edificios m\u00e1s importantes de Florencia, Italia. Es un s\u00edmbolo de la ciudad y se encuentra en el centro de Florencia. Fue construido en 1298 y dise\u00f1ado por Arnolfo di Cambio.<\/span><\/p>\n<p><span style=\"font-weight: 400;\">El Palazzo Vecchio se construy\u00f3 originalmente como una fortaleza para proteger la ciudad de los ataques de otras ciudades. En 1442, tras ser conquistada por los florentinos, se convirti\u00f3 en su cuartel general y se utiliz\u00f3 con fines militares hasta 1865, cuando se convirti\u00f3 en museo.<\/span><\/p>\n<h3><b>Plaza Michelangelo<\/b><\/h3>\n<p><span style=\"font-weight: 400;\">La plaza lleva el nombre del famoso artista Miguel \u00c1ngel. La plaza fue dise\u00f1ada por el arquitecto Pier Luigi Nervi y se complet\u00f3 en 1965. La plaza est\u00e1 ubicada en el centro de Roma, Italia.<\/span><\/p>\n<p><span style=\"font-weight: 400;\">La plaza se ha utilizado para muchos prop\u00f3sitos diferentes a lo largo de los a\u00f1os, como un lugar de reuni\u00f3n para protestas y manifestaciones. Tambi\u00e9n se ha utilizado como galer\u00eda de arte al aire libre para exposiciones de esculturas y pinturas o como lugar para eventos culturales como conciertos.<\/span><\/p>\n<h3><b>Palacio Pitti<\/b><\/h3>\n<p><span style=\"font-weight: 400;\">El Palacio Pitti es uno de los destinos tur\u00edsticos m\u00e1s populares de Florencia. Este palacio fue construido originalmente por Luca Pitti en el siglo XV y ha sido reconstruido y ampliado muchas veces desde entonces. El palacio ahora alberga museos, galer\u00edas y otras colecciones de arte.<\/span><\/p>\n<p><span style=\"font-weight: 400;\">Es un gran lugar para visitar para cualquier amante del arte, pero tambi\u00e9n tiene mucha historia detr\u00e1s.\u00a0<\/span><\/p>\n<p><span style=\"font-weight: 400;\">Durante este tour privado de Florencia, tambi\u00e9n har\u00e1s una parada para tomar un caf\u00e9 en un encantador y t\u00edpico bar de la ciudad. En caso de que prefiera, tambi\u00e9n podemos hacer reservas para el almuerzo o la cena.<\/span><\/p>\n<p><span style=\"font-weight: 400;\">Finalmente, al final del recorrido, su conductor y gu\u00eda privado lo llevar\u00e1n de regreso a su punto de partida en Florencia. El recorrido tiene una duraci\u00f3n de 4 horas desde el momento de recogida hasta el momento de devoluci\u00f3n.<\/span><\/p>\n<p><b>Entendemos todas y cada una de las necesidades de nuestros viajeros y la importancia de unas vacaciones para cada individuo. Nuestro equipo de Tour Travel &amp; More est\u00e1 aqu\u00ed para ayudarlo a organizar sus mejores vacaciones.<\/b><\/p>\n","protected":false},"excerpt":{"rendered":"<p><b>\u00a0<\/b><span style=\"font-weight: 400;\">Un tour privado en la bella ciudad de Florencia es una forma fant\u00e1stica de explorar este destino. Tendr\u00e1s la oportunidad de conocer la historia, la cultura y el arte de este hermoso sitio.<\/span><\/p>\n","protected":false},"featured_media":81531,"comment_status":"open","ping_status":"closed","template":"","meta":{"_acf_changed":false},"product_brand":[],"product_cat":[412,413,415],"product_tag":[],"class_list":{"0":"post-10890","1":"product","2":"type-product","3":"status-publish","4":"has-post-thumbnail","6":"product_cat-florencia-es","7":"product_cat-florencia-actividades-es","8":"product_cat-florencia-rutas-turisticas-privadas-es","10":"first","11":"instock","12":"shipping-taxable","13":"purchasable","14":"product-type-simple"},"acf":[],"yoast_head":"<!-- This site is optimized with the Yoast SEO Premium plugin v25.3.1 (Yoast SEO v25.3.1) - https:\/\/yoast.com\/wordpress\/plugins\/seo\/ -->\n<title>\u27a1\ufe0f Tour Privado de Florencia | Tour Travel &amp; More<\/title>\n<meta name=\"description\" content=\"Reserve ya este Tour Privado de Florencia y conozca una de las ciudades declaradas como patrimonio de la humanidad por la UNESCO \u2705\" \/>\n<meta name=\"robots\" content=\"index, follow, max-snippet:-1, max-image-preview:large, max-video-preview:-1\" \/>\n<link rel=\"canonical\" href=\"https:\/\/tourtravelandmore.com\/es\/tours\/italia-es\/florencia-es\/tour-privado-florencia-por-4-horas\/\" \/>\n<meta property=\"og:locale\" content=\"es_ES\" \/>\n<meta property=\"og:type\" content=\"article\" \/>\n<meta property=\"og:title\" content=\"Tour Privado de Florencia\" \/>\n<meta property=\"og:description\" content=\"Reserve ya este Tour Privado de Florencia y conozca una de las ciudades declaradas como patrimonio de la humanidad por la UNESCO \u2705\" \/>\n<meta property=\"og:url\" content=\"https:\/\/tourtravelandmore.com\/es\/tours\/italia-es\/florencia-es\/tour-privado-florencia-por-4-horas\/\" \/>\n<meta property=\"og:site_name\" content=\"Tour Travel And More\" \/>\n<meta property=\"article:publisher\" content=\"https:\/\/www.facebook.com\/tourtravelandmore\/\" \/>\n<meta property=\"article:modified_time\" content=\"2022-08-22T12:42:20+00:00\" \/>\n<meta property=\"og:image\" content=\"https:\/\/tourtravelandmore.com\/wp-content\/uploads\/2017\/02\/florence-1.2.jpg\" \/>\n\t<meta property=\"og:image:width\" content=\"1280\" \/>\n\t<meta property=\"og:image:height\" content=\"960\" \/>\n\t<meta property=\"og:image:type\" content=\"image\/jpeg\" \/>\n<meta name=\"twitter:card\" content=\"summary_large_image\" \/>\n<meta name=\"twitter:site\" content=\"@TourTravel_More\" \/>\n<meta name=\"twitter:label1\" content=\"Tiempo de lectura\" \/>\n\t<meta name=\"twitter:data1\" content=\"6 minutos\" \/>\n<script type=\"application\/ld+json\" class=\"yoast-schema-graph\">{\"@context\":\"https:\/\/schema.org\",\"@graph\":[{\"@type\":\"WebPage\",\"@id\":\"https:\/\/tourtravelandmore.com\/es\/tours\/italia-es\/florencia-es\/tour-privado-florencia-por-4-horas\/\",\"url\":\"https:\/\/tourtravelandmore.com\/es\/tours\/italia-es\/florencia-es\/tour-privado-florencia-por-4-horas\/\",\"name\":\"\u27a1\ufe0f Tour Privado de Florencia | Tour Travel & More\",\"isPartOf\":{\"@id\":\"https:\/\/tourtravelandmore.com\/es\/#website\"},\"primaryImageOfPage\":{\"@id\":\"https:\/\/tourtravelandmore.com\/es\/tours\/italia-es\/florencia-es\/tour-privado-florencia-por-4-horas\/#primaryimage\"},\"image\":{\"@id\":\"https:\/\/tourtravelandmore.com\/es\/tours\/italia-es\/florencia-es\/tour-privado-florencia-por-4-horas\/#primaryimage\"},\"thumbnailUrl\":\"https:\/\/tourtravelandmore.com\/wp-content\/uploads\/2017\/02\/florence-1.2.jpg\",\"datePublished\":\"2017-02-15T11:02:54+00:00\",\"dateModified\":\"2022-08-22T12:42:20+00:00\",\"description\":\"Reserve ya este Tour Privado de Florencia y conozca una de las ciudades declaradas como patrimonio de la humanidad por la UNESCO \u2705\",\"breadcrumb\":{\"@id\":\"https:\/\/tourtravelandmore.com\/es\/tours\/italia-es\/florencia-es\/tour-privado-florencia-por-4-horas\/#breadcrumb\"},\"inLanguage\":\"es\",\"potentialAction\":[{\"@type\":\"ReadAction\",\"target\":[\"https:\/\/tourtravelandmore.com\/es\/tours\/italia-es\/florencia-es\/tour-privado-florencia-por-4-horas\/\"]}]},{\"@type\":\"ImageObject\",\"inLanguage\":\"es\",\"@id\":\"https:\/\/tourtravelandmore.com\/es\/tours\/italia-es\/florencia-es\/tour-privado-florencia-por-4-horas\/#primaryimage\",\"url\":\"https:\/\/tourtravelandmore.com\/wp-content\/uploads\/2017\/02\/florence-1.2.jpg\",\"contentUrl\":\"https:\/\/tourtravelandmore.com\/wp-content\/uploads\/2017\/02\/florence-1.2.jpg\",\"width\":1280,\"height\":960},{\"@type\":\"BreadcrumbList\",\"@id\":\"https:\/\/tourtravelandmore.com\/es\/tours\/italia-es\/florencia-es\/tour-privado-florencia-por-4-horas\/#breadcrumb\",\"itemListElement\":[{\"@type\":\"ListItem\",\"position\":1,\"name\":\"Home\",\"item\":\"https:\/\/tourtravelandmore.com\/es\/\"},{\"@type\":\"ListItem\",\"position\":2,\"name\":\"Tours\",\"item\":\"https:\/\/tourtravelandmore.com\/es\/tours\/\"},{\"@type\":\"ListItem\",\"position\":3,\"name\":\"Tour Privado de Florencia\"}]},{\"@type\":\"WebSite\",\"@id\":\"https:\/\/tourtravelandmore.com\/es\/#website\",\"url\":\"https:\/\/tourtravelandmore.com\/es\/\",\"name\":\"Tour Travel And More\",\"description\":\"Private sightseeing tours and luxury transfers in Spain\",\"publisher\":{\"@id\":\"https:\/\/tourtravelandmore.com\/es\/#organization\"},\"potentialAction\":[{\"@type\":\"SearchAction\",\"target\":{\"@type\":\"EntryPoint\",\"urlTemplate\":\"https:\/\/tourtravelandmore.com\/es\/?s={search_term_string}\"},\"query-input\":{\"@type\":\"PropertyValueSpecification\",\"valueRequired\":true,\"valueName\":\"search_term_string\"}}],\"inLanguage\":\"es\"},{\"@type\":\"Organization\",\"@id\":\"https:\/\/tourtravelandmore.com\/es\/#organization\",\"name\":\"Tour Travel And More\",\"url\":\"https:\/\/tourtravelandmore.com\/es\/\",\"logo\":{\"@type\":\"ImageObject\",\"inLanguage\":\"es\",\"@id\":\"https:\/\/tourtravelandmore.com\/es\/#\/schema\/logo\/image\/\",\"url\":\"https:\/\/tourtravelandmore.com\/wp-content\/uploads\/2022\/12\/cropped-logo-cabecera-new.png\",\"contentUrl\":\"https:\/\/tourtravelandmore.com\/wp-content\/uploads\/2022\/12\/cropped-logo-cabecera-new.png\",\"width\":430,\"height\":61,\"caption\":\"Tour Travel And More\"},\"image\":{\"@id\":\"https:\/\/tourtravelandmore.com\/es\/#\/schema\/logo\/image\/\"},\"sameAs\":[\"https:\/\/www.facebook.com\/tourtravelandmore\/\",\"https:\/\/x.com\/TourTravel_More\"]}]}<\/script>\n<!-- \/ Yoast SEO Premium plugin. -->","yoast_head_json":{"title":"\u27a1\ufe0f Tour Privado de Florencia | Tour Travel & More","description":"Reserve ya este Tour Privado de Florencia y conozca una de las ciudades declaradas como patrimonio de la humanidad por la UNESCO \u2705","robots":{"index":"index","follow":"follow","max-snippet":"max-snippet:-1","max-image-preview":"max-image-preview:large","max-video-preview":"max-video-preview:-1"},"canonical":"https:\/\/tourtravelandmore.com\/es\/tours\/italia-es\/florencia-es\/tour-privado-florencia-por-4-horas\/","og_locale":"es_ES","og_type":"article","og_title":"Tour Privado de Florencia","og_description":"Reserve ya este Tour Privado de Florencia y conozca una de las ciudades declaradas como patrimonio de la humanidad por la UNESCO \u2705","og_url":"https:\/\/tourtravelandmore.com\/es\/tours\/italia-es\/florencia-es\/tour-privado-florencia-por-4-horas\/","og_site_name":"Tour Travel And More","article_publisher":"https:\/\/www.facebook.com\/tourtravelandmore\/","article_modified_time":"2022-08-22T12:42:20+00:00","og_image":[{"width":1280,"height":960,"url":"https:\/\/tourtravelandmore.com\/wp-content\/uploads\/2017\/02\/florence-1.2.jpg","type":"image\/jpeg"}],"twitter_card":"summary_large_image","twitter_site":"@TourTravel_More","twitter_misc":{"Tiempo de lectura":"6 minutos"},"schema":{"@context":"https:\/\/schema.org","@graph":[{"@type":"WebPage","@id":"https:\/\/tourtravelandmore.com\/es\/tours\/italia-es\/florencia-es\/tour-privado-florencia-por-4-horas\/","url":"https:\/\/tourtravelandmore.com\/es\/tours\/italia-es\/florencia-es\/tour-privado-florencia-por-4-horas\/","name":"\u27a1\ufe0f Tour Privado de Florencia | Tour Travel & More","isPartOf":{"@id":"https:\/\/tourtravelandmore.com\/es\/#website"},"primaryImageOfPage":{"@id":"https:\/\/tourtravelandmore.com\/es\/tours\/italia-es\/florencia-es\/tour-privado-florencia-por-4-horas\/#primaryimage"},"image":{"@id":"https:\/\/tourtravelandmore.com\/es\/tours\/italia-es\/florencia-es\/tour-privado-florencia-por-4-horas\/#primaryimage"},"thumbnailUrl":"https:\/\/tourtravelandmore.com\/wp-content\/uploads\/2017\/02\/florence-1.2.jpg","datePublished":"2017-02-15T11:02:54+00:00","dateModified":"2022-08-22T12:42:20+00:00","description":"Reserve ya este Tour Privado de Florencia y conozca una de las ciudades declaradas como patrimonio de la humanidad por la UNESCO \u2705","breadcrumb":{"@id":"https:\/\/tourtravelandmore.com\/es\/tours\/italia-es\/florencia-es\/tour-privado-florencia-por-4-horas\/#breadcrumb"},"inLanguage":"es","potentialAction":[{"@type":"ReadAction","target":["https:\/\/tourtravelandmore.com\/es\/tours\/italia-es\/florencia-es\/tour-privado-florencia-por-4-horas\/"]}]},{"@type":"ImageObject","inLanguage":"es","@id":"https:\/\/tourtravelandmore.com\/es\/tours\/italia-es\/florencia-es\/tour-privado-florencia-por-4-horas\/#primaryimage","url":"https:\/\/tourtravelandmore.com\/wp-content\/uploads\/2017\/02\/florence-1.2.jpg","contentUrl":"https:\/\/tourtravelandmore.com\/wp-content\/uploads\/2017\/02\/florence-1.2.jpg","width":1280,"height":960},{"@type":"BreadcrumbList","@id":"https:\/\/tourtravelandmore.com\/es\/tours\/italia-es\/florencia-es\/tour-privado-florencia-por-4-horas\/#breadcrumb","itemListElement":[{"@type":"ListItem","position":1,"name":"Home","item":"https:\/\/tourtravelandmore.com\/es\/"},{"@type":"ListItem","position":2,"name":"Tours","item":"https:\/\/tourtravelandmore.com\/es\/tours\/"},{"@type":"ListItem","position":3,"name":"Tour Privado de Florencia"}]},{"@type":"WebSite","@id":"https:\/\/tourtravelandmore.com\/es\/#website","url":"https:\/\/tourtravelandmore.com\/es\/","name":"Tour Travel And More","description":"Private sightseeing tours and luxury transfers in Spain","publisher":{"@id":"https:\/\/tourtravelandmore.com\/es\/#organization"},"potentialAction":[{"@type":"SearchAction","target":{"@type":"EntryPoint","urlTemplate":"https:\/\/tourtravelandmore.com\/es\/?s={search_term_string}"},"query-input":{"@type":"PropertyValueSpecification","valueRequired":true,"valueName":"search_term_string"}}],"inLanguage":"es"},{"@type":"Organization","@id":"https:\/\/tourtravelandmore.com\/es\/#organization","name":"Tour Travel And More","url":"https:\/\/tourtravelandmore.com\/es\/","logo":{"@type":"ImageObject","inLanguage":"es","@id":"https:\/\/tourtravelandmore.com\/es\/#\/schema\/logo\/image\/","url":"https:\/\/tourtravelandmore.com\/wp-content\/uploads\/2022\/12\/cropped-logo-cabecera-new.png","contentUrl":"https:\/\/tourtravelandmore.com\/wp-content\/uploads\/2022\/12\/cropped-logo-cabecera-new.png","width":430,"height":61,"caption":"Tour Travel And More"},"image":{"@id":"https:\/\/tourtravelandmore.com\/es\/#\/schema\/logo\/image\/"},"sameAs":["https:\/\/www.facebook.com\/tourtravelandmore\/","https:\/\/x.com\/TourTravel_More"]}]}},"_links":{"self":[{"href":"https:\/\/tourtravelandmore.com\/es\/wp-json\/wp\/v2\/product\/10890","targetHints":{"allow":["GET"]}}],"collection":[{"href":"https:\/\/tourtravelandmore.com\/es\/wp-json\/wp\/v2\/product"}],"about":[{"href":"https:\/\/tourtravelandmore.com\/es\/wp-json\/wp\/v2\/types\/product"}],"replies":[{"embeddable":true,"href":"https:\/\/tourtravelandmore.com\/es\/wp-json\/wp\/v2\/comments?post=10890"}],"wp:featuredmedia":[{"embeddable":true,"href":"https:\/\/tourtravelandmore.com\/es\/wp-json\/wp\/v2\/media\/81531"}],"wp:attachment":[{"href":"https:\/\/tourtravelandmore.com\/es\/wp-json\/wp\/v2\/media?parent=10890"}],"wp:term":[{"taxonomy":"product_brand","embeddable":true,"href":"https:\/\/tourtravelandmore.com\/es\/wp-json\/wp\/v2\/product_brand?post=10890"},{"taxonomy":"product_cat","embeddable":true,"href":"https:\/\/tourtravelandmore.com\/es\/wp-json\/wp\/v2\/product_cat?post=10890"},{"taxonomy":"product_tag","embeddable":true,"href":"https:\/\/tourtravelandmore.com\/es\/wp-json\/wp\/v2\/product_tag?post=10890"}],"curies":[{"name":"wp","href":"https:\/\/api.w.org\/{rel}","templated":true}]}}