{"id":108137,"date":"2021-06-15T13:26:16","date_gmt":"2021-06-15T11:26:18","guid":{"rendered":"https:\/\/tourtravelandmore.com\/?post_type=product&#038;p=108137"},"modified":"2022-12-01T15:39:20","modified_gmt":"2022-12-01T14:39:20","slug":"tour-privado-de-alejandria-a-el-cairo","status":"publish","type":"product","link":"https:\/\/tourtravelandmore.com\/es\/tours\/egipto-es\/alejandria-es\/alejandria-tours-privados-es\/tour-privado-de-alejandria-a-el-cairo\/","title":{"rendered":"Excursi\u00f3n a El Cairo: Museo Egipcio y Pir\u00e1mides de Giza"},"content":{"rendered":"<h2 id=\"tw-target-text\" class=\"tw-data-text tw-text-large XcVN5d tw-ta\" dir=\"ltr\" data-placeholder=\"Traducci\u00f3n\"><span lang=\"es\">Descripci\u00f3n de la Excursi\u00f3n a El Cairo: Museo Egipcio y Pir\u00e1mides de Giza<\/span><\/h2>\n<p>Visita uno de los mejores museos del mundo y las maravillosas pir\u00e1mides de <strong>Giza<\/strong> junto a un gu\u00eda oficial experto en historia egipcia. Disfruta nuestro <strong>tour privado de Alejandr\u00eda a El Cairo<\/strong> y explora esta magn\u00edfica ciudad en un tour privado a medida.<\/p>\n<p>Su chofer y gu\u00eda privado le recoger\u00e1n en el puerto de cruceros de <strong>Alejandr\u00eda<\/strong>.\u00a0 A continuaci\u00f3n disfrutar\u00e1n de un traslado hacia El Cairo de aproximadamente <strong>2 horas<\/strong>, donde su gu\u00eda le indicar\u00e1 en detalle las actividades del d\u00eda. Una vez all\u00ed visitar\u00e1n <strong>las pir\u00e1mides de Giza y la gran esfinge, y el excelente museo egipcio.<\/strong><\/p>\n<p>El tour es completamente adaptable a sus deseos e intereses personales. Nuestros gu\u00edas y choferes est\u00e1n a su entera disposici\u00f3n. Coordinaremos las entradas para cada sitio con antelaci\u00f3n. En caso de que visite Egipto por m\u00e1s d\u00edas puede ver nuestros <a href=\"https:\/\/tourtravelandmore.com\/es\/ciudad\/egipto-es\/cairo-es\/cairo-rutas-es\/\">itinerarios privados<\/a>.<\/p>\n<h2 class=\"tw-data-text tw-text-large XcVN5d tw-ta\" dir=\"ltr\" data-placeholder=\"Traducci\u00f3n\">Puntos de inter\u00e9s en <span lang=\"es\">la Excursi\u00f3n a El Cairo<\/span><\/h2>\n<p>La primera parada de su <strong>tour privado de Alejandr\u00eda a El Cairo<\/strong> ser\u00e1n las espectaculares <strong>pir\u00e1mides de Giza<\/strong>. Visitar\u00e1n las tres pir\u00e1mides; las tumbas de los reyes <strong>Keops, Kefr\u00e9n y Micerino<\/strong>, cuya construcci\u00f3n se remonta al periodo denominado <strong>Imperio Antiguo de Egipto<\/strong>. Luego visitar\u00e1n la Gran Esfinge, que data de la epoca de Kefr\u00e9n. La visita incluye una parada en el Templo del Valle, perteneciente a la <strong>pir\u00e1mide de Kefr\u00e9n.<\/strong><\/p>\n<p>A continuaci\u00f3n tendr\u00e1n tiempo para comer en un restaurante local, y luego visitar\u00e1n el maravilloso museo egipcio de El Cairo. All\u00ed podr\u00e1n ver la impresionante colecci\u00f3n de antig\u00fcedades egipcias que ning\u00fan otro museo del mundo ofrece. El museo est\u00e1 completamente dedicado al legado de los faraones, ofreciendo m\u00e1s de 120.000 art\u00edculos. Su gu\u00eda privado, experto en historia y cultura egipcia, les ense\u00f1ar\u00e1 la historia y leyendas del museo y su colecci\u00f3n.<\/p>\n<p>Luego de un largo d\u00eda de aprender la historia, leyendas, cultura y secretos de la ciudad su chofer y gu\u00eda oficial le llevar\u00e1n de vuelta al puerto de Alejandr\u00eda.<\/p>\n","protected":false},"excerpt":{"rendered":"<p>Disfrute una <strong>excursi\u00f3n personalizada desde Alejandr\u00eda hacia El Cairo<\/strong> junto a un gu\u00eda local experto. Visite el Museo Egipcio y las maravillosas pir\u00e1mides de Giza.<\/p>\n","protected":false},"featured_media":87420,"comment_status":"open","ping_status":"closed","template":"","meta":{"_acf_changed":false},"product_brand":[],"product_cat":[3031,3952,3954,3953],"product_tag":[],"class_list":{"0":"post-108137","1":"product","2":"type-product","3":"status-publish","4":"has-post-thumbnail","6":"product_cat-egipto-es","7":"product_cat-alejandria-es","8":"product_cat-alejandria-cruceristas-privado-es","9":"product_cat-alejandria-tours-privados-es","11":"first","12":"instock","13":"shipping-taxable","14":"purchasable","15":"product-type-simple"},"acf":[],"yoast_head":"<!-- This site is optimized with the Yoast SEO Premium plugin v25.3.1 (Yoast SEO v25.3.1) - https:\/\/yoast.com\/wordpress\/plugins\/seo\/ -->\n<title>Tour privado de Alejandria a El Cairo con chofer y gu\u00eda oficial privado | TTM<\/title>\n<meta name=\"description\" content=\"Disfrute un tour privado de Alejandria a El Cairo junto a un gu\u00eda local experto. Visite el Museo Egipcio y las pir\u00e1mides de Giza \u2705\" \/>\n<meta name=\"robots\" content=\"index, follow, max-snippet:-1, max-image-preview:large, max-video-preview:-1\" \/>\n<link rel=\"canonical\" href=\"https:\/\/tourtravelandmore.com\/es\/tours\/egipto-es\/alejandria-es\/alejandria-tours-privados-es\/tour-privado-de-alejandria-a-el-cairo\/\" \/>\n<meta property=\"og:locale\" content=\"es_ES\" \/>\n<meta property=\"og:type\" content=\"article\" \/>\n<meta property=\"og:title\" content=\"Excursi\u00f3n a El Cairo: Museo Egipcio y Pir\u00e1mides de Giza\" \/>\n<meta property=\"og:description\" content=\"Disfrute un tour privado de Alejandria a El Cairo junto a un gu\u00eda local experto. Visite el Museo Egipcio y las pir\u00e1mides de Giza \u2705\" \/>\n<meta property=\"og:url\" content=\"https:\/\/tourtravelandmore.com\/es\/tours\/egipto-es\/alejandria-es\/alejandria-tours-privados-es\/tour-privado-de-alejandria-a-el-cairo\/\" \/>\n<meta property=\"og:site_name\" content=\"Tour Travel And More\" \/>\n<meta property=\"article:publisher\" content=\"https:\/\/www.facebook.com\/tourtravelandmore\/\" \/>\n<meta property=\"article:modified_time\" content=\"2022-12-01T14:39:20+00:00\" \/>\n<meta property=\"og:image\" content=\"https:\/\/tourtravelandmore.com\/wp-content\/uploads\/2020\/11\/Giza-3.jpeg\" \/>\n\t<meta property=\"og:image:width\" content=\"1350\" \/>\n\t<meta property=\"og:image:height\" content=\"900\" \/>\n\t<meta property=\"og:image:type\" content=\"image\/jpeg\" \/>\n<meta name=\"twitter:card\" content=\"summary_large_image\" \/>\n<meta name=\"twitter:site\" content=\"@TourTravel_More\" \/>\n<meta name=\"twitter:label1\" content=\"Tiempo de lectura\" \/>\n\t<meta name=\"twitter:data1\" content=\"2 minutos\" \/>\n<script type=\"application\/ld+json\" class=\"yoast-schema-graph\">{\"@context\":\"https:\/\/schema.org\",\"@graph\":[{\"@type\":\"WebPage\",\"@id\":\"https:\/\/tourtravelandmore.com\/es\/tours\/egipto-es\/alejandria-es\/alejandria-tours-privados-es\/tour-privado-de-alejandria-a-el-cairo\/\",\"url\":\"https:\/\/tourtravelandmore.com\/es\/tours\/egipto-es\/alejandria-es\/alejandria-tours-privados-es\/tour-privado-de-alejandria-a-el-cairo\/\",\"name\":\"Tour privado de Alejandria a El Cairo con chofer y gu\u00eda oficial privado | TTM\",\"isPartOf\":{\"@id\":\"https:\/\/tourtravelandmore.com\/es\/#website\"},\"primaryImageOfPage\":{\"@id\":\"https:\/\/tourtravelandmore.com\/es\/tours\/egipto-es\/alejandria-es\/alejandria-tours-privados-es\/tour-privado-de-alejandria-a-el-cairo\/#primaryimage\"},\"image\":{\"@id\":\"https:\/\/tourtravelandmore.com\/es\/tours\/egipto-es\/alejandria-es\/alejandria-tours-privados-es\/tour-privado-de-alejandria-a-el-cairo\/#primaryimage\"},\"thumbnailUrl\":\"https:\/\/tourtravelandmore.com\/wp-content\/uploads\/2020\/11\/Giza-3.jpeg\",\"datePublished\":\"2021-06-15T11:26:18+00:00\",\"dateModified\":\"2022-12-01T14:39:20+00:00\",\"description\":\"Disfrute un tour privado de Alejandria a El Cairo junto a un gu\u00eda local experto. Visite el Museo Egipcio y las pir\u00e1mides de Giza \u2705\",\"breadcrumb\":{\"@id\":\"https:\/\/tourtravelandmore.com\/es\/tours\/egipto-es\/alejandria-es\/alejandria-tours-privados-es\/tour-privado-de-alejandria-a-el-cairo\/#breadcrumb\"},\"inLanguage\":\"es\",\"potentialAction\":[{\"@type\":\"ReadAction\",\"target\":[\"https:\/\/tourtravelandmore.com\/es\/tours\/egipto-es\/alejandria-es\/alejandria-tours-privados-es\/tour-privado-de-alejandria-a-el-cairo\/\"]}]},{\"@type\":\"ImageObject\",\"inLanguage\":\"es\",\"@id\":\"https:\/\/tourtravelandmore.com\/es\/tours\/egipto-es\/alejandria-es\/alejandria-tours-privados-es\/tour-privado-de-alejandria-a-el-cairo\/#primaryimage\",\"url\":\"https:\/\/tourtravelandmore.com\/wp-content\/uploads\/2020\/11\/Giza-3.jpeg\",\"contentUrl\":\"https:\/\/tourtravelandmore.com\/wp-content\/uploads\/2020\/11\/Giza-3.jpeg\",\"width\":1350,\"height\":900,\"caption\":\"Giza 3\"},{\"@type\":\"BreadcrumbList\",\"@id\":\"https:\/\/tourtravelandmore.com\/es\/tours\/egipto-es\/alejandria-es\/alejandria-tours-privados-es\/tour-privado-de-alejandria-a-el-cairo\/#breadcrumb\",\"itemListElement\":[{\"@type\":\"ListItem\",\"position\":1,\"name\":\"Home\",\"item\":\"https:\/\/tourtravelandmore.com\/es\/\"},{\"@type\":\"ListItem\",\"position\":2,\"name\":\"Tours\",\"item\":\"https:\/\/tourtravelandmore.com\/es\/tours\/\"},{\"@type\":\"ListItem\",\"position\":3,\"name\":\"Excursi\u00f3n a El Cairo: Museo Egipcio y Pir\u00e1mides de Giza\"}]},{\"@type\":\"WebSite\",\"@id\":\"https:\/\/tourtravelandmore.com\/es\/#website\",\"url\":\"https:\/\/tourtravelandmore.com\/es\/\",\"name\":\"Tour Travel And More\",\"description\":\"Private sightseeing tours and luxury transfers in Spain\",\"publisher\":{\"@id\":\"https:\/\/tourtravelandmore.com\/es\/#organization\"},\"potentialAction\":[{\"@type\":\"SearchAction\",\"target\":{\"@type\":\"EntryPoint\",\"urlTemplate\":\"https:\/\/tourtravelandmore.com\/es\/?s={search_term_string}\"},\"query-input\":{\"@type\":\"PropertyValueSpecification\",\"valueRequired\":true,\"valueName\":\"search_term_string\"}}],\"inLanguage\":\"es\"},{\"@type\":\"Organization\",\"@id\":\"https:\/\/tourtravelandmore.com\/es\/#organization\",\"name\":\"Tour Travel And More\",\"url\":\"https:\/\/tourtravelandmore.com\/es\/\",\"logo\":{\"@type\":\"ImageObject\",\"inLanguage\":\"es\",\"@id\":\"https:\/\/tourtravelandmore.com\/es\/#\/schema\/logo\/image\/\",\"url\":\"https:\/\/tourtravelandmore.com\/wp-content\/uploads\/2022\/12\/cropped-logo-cabecera-new.png\",\"contentUrl\":\"https:\/\/tourtravelandmore.com\/wp-content\/uploads\/2022\/12\/cropped-logo-cabecera-new.png\",\"width\":430,\"height\":61,\"caption\":\"Tour Travel And More\"},\"image\":{\"@id\":\"https:\/\/tourtravelandmore.com\/es\/#\/schema\/logo\/image\/\"},\"sameAs\":[\"https:\/\/www.facebook.com\/tourtravelandmore\/\",\"https:\/\/x.com\/TourTravel_More\"]}]}<\/script>\n<!-- \/ Yoast SEO Premium plugin. -->","yoast_head_json":{"title":"Tour privado de Alejandria a El Cairo con chofer y gu\u00eda oficial privado | TTM","description":"Disfrute un tour privado de Alejandria a El Cairo junto a un gu\u00eda local experto. Visite el Museo Egipcio y las pir\u00e1mides de Giza \u2705","robots":{"index":"index","follow":"follow","max-snippet":"max-snippet:-1","max-image-preview":"max-image-preview:large","max-video-preview":"max-video-preview:-1"},"canonical":"https:\/\/tourtravelandmore.com\/es\/tours\/egipto-es\/alejandria-es\/alejandria-tours-privados-es\/tour-privado-de-alejandria-a-el-cairo\/","og_locale":"es_ES","og_type":"article","og_title":"Excursi\u00f3n a El Cairo: Museo Egipcio y Pir\u00e1mides de Giza","og_description":"Disfrute un tour privado de Alejandria a El Cairo junto a un gu\u00eda local experto. Visite el Museo Egipcio y las pir\u00e1mides de Giza \u2705","og_url":"https:\/\/tourtravelandmore.com\/es\/tours\/egipto-es\/alejandria-es\/alejandria-tours-privados-es\/tour-privado-de-alejandria-a-el-cairo\/","og_site_name":"Tour Travel And More","article_publisher":"https:\/\/www.facebook.com\/tourtravelandmore\/","article_modified_time":"2022-12-01T14:39:20+00:00","og_image":[{"width":1350,"height":900,"url":"https:\/\/tourtravelandmore.com\/wp-content\/uploads\/2020\/11\/Giza-3.jpeg","type":"image\/jpeg"}],"twitter_card":"summary_large_image","twitter_site":"@TourTravel_More","twitter_misc":{"Tiempo de lectura":"2 minutos"},"schema":{"@context":"https:\/\/schema.org","@graph":[{"@type":"WebPage","@id":"https:\/\/tourtravelandmore.com\/es\/tours\/egipto-es\/alejandria-es\/alejandria-tours-privados-es\/tour-privado-de-alejandria-a-el-cairo\/","url":"https:\/\/tourtravelandmore.com\/es\/tours\/egipto-es\/alejandria-es\/alejandria-tours-privados-es\/tour-privado-de-alejandria-a-el-cairo\/","name":"Tour privado de Alejandria a El Cairo con chofer y gu\u00eda oficial privado | TTM","isPartOf":{"@id":"https:\/\/tourtravelandmore.com\/es\/#website"},"primaryImageOfPage":{"@id":"https:\/\/tourtravelandmore.com\/es\/tours\/egipto-es\/alejandria-es\/alejandria-tours-privados-es\/tour-privado-de-alejandria-a-el-cairo\/#primaryimage"},"image":{"@id":"https:\/\/tourtravelandmore.com\/es\/tours\/egipto-es\/alejandria-es\/alejandria-tours-privados-es\/tour-privado-de-alejandria-a-el-cairo\/#primaryimage"},"thumbnailUrl":"https:\/\/tourtravelandmore.com\/wp-content\/uploads\/2020\/11\/Giza-3.jpeg","datePublished":"2021-06-15T11:26:18+00:00","dateModified":"2022-12-01T14:39:20+00:00","description":"Disfrute un tour privado de Alejandria a El Cairo junto a un gu\u00eda local experto. Visite el Museo Egipcio y las pir\u00e1mides de Giza \u2705","breadcrumb":{"@id":"https:\/\/tourtravelandmore.com\/es\/tours\/egipto-es\/alejandria-es\/alejandria-tours-privados-es\/tour-privado-de-alejandria-a-el-cairo\/#breadcrumb"},"inLanguage":"es","potentialAction":[{"@type":"ReadAction","target":["https:\/\/tourtravelandmore.com\/es\/tours\/egipto-es\/alejandria-es\/alejandria-tours-privados-es\/tour-privado-de-alejandria-a-el-cairo\/"]}]},{"@type":"ImageObject","inLanguage":"es","@id":"https:\/\/tourtravelandmore.com\/es\/tours\/egipto-es\/alejandria-es\/alejandria-tours-privados-es\/tour-privado-de-alejandria-a-el-cairo\/#primaryimage","url":"https:\/\/tourtravelandmore.com\/wp-content\/uploads\/2020\/11\/Giza-3.jpeg","contentUrl":"https:\/\/tourtravelandmore.com\/wp-content\/uploads\/2020\/11\/Giza-3.jpeg","width":1350,"height":900,"caption":"Giza 3"},{"@type":"BreadcrumbList","@id":"https:\/\/tourtravelandmore.com\/es\/tours\/egipto-es\/alejandria-es\/alejandria-tours-privados-es\/tour-privado-de-alejandria-a-el-cairo\/#breadcrumb","itemListElement":[{"@type":"ListItem","position":1,"name":"Home","item":"https:\/\/tourtravelandmore.com\/es\/"},{"@type":"ListItem","position":2,"name":"Tours","item":"https:\/\/tourtravelandmore.com\/es\/tours\/"},{"@type":"ListItem","position":3,"name":"Excursi\u00f3n a El Cairo: Museo Egipcio y Pir\u00e1mides de Giza"}]},{"@type":"WebSite","@id":"https:\/\/tourtravelandmore.com\/es\/#website","url":"https:\/\/tourtravelandmore.com\/es\/","name":"Tour Travel And More","description":"Private sightseeing tours and luxury transfers in Spain","publisher":{"@id":"https:\/\/tourtravelandmore.com\/es\/#organization"},"potentialAction":[{"@type":"SearchAction","target":{"@type":"EntryPoint","urlTemplate":"https:\/\/tourtravelandmore.com\/es\/?s={search_term_string}"},"query-input":{"@type":"PropertyValueSpecification","valueRequired":true,"valueName":"search_term_string"}}],"inLanguage":"es"},{"@type":"Organization","@id":"https:\/\/tourtravelandmore.com\/es\/#organization","name":"Tour Travel And More","url":"https:\/\/tourtravelandmore.com\/es\/","logo":{"@type":"ImageObject","inLanguage":"es","@id":"https:\/\/tourtravelandmore.com\/es\/#\/schema\/logo\/image\/","url":"https:\/\/tourtravelandmore.com\/wp-content\/uploads\/2022\/12\/cropped-logo-cabecera-new.png","contentUrl":"https:\/\/tourtravelandmore.com\/wp-content\/uploads\/2022\/12\/cropped-logo-cabecera-new.png","width":430,"height":61,"caption":"Tour Travel And More"},"image":{"@id":"https:\/\/tourtravelandmore.com\/es\/#\/schema\/logo\/image\/"},"sameAs":["https:\/\/www.facebook.com\/tourtravelandmore\/","https:\/\/x.com\/TourTravel_More"]}]}},"_links":{"self":[{"href":"https:\/\/tourtravelandmore.com\/es\/wp-json\/wp\/v2\/product\/108137","targetHints":{"allow":["GET"]}}],"collection":[{"href":"https:\/\/tourtravelandmore.com\/es\/wp-json\/wp\/v2\/product"}],"about":[{"href":"https:\/\/tourtravelandmore.com\/es\/wp-json\/wp\/v2\/types\/product"}],"replies":[{"embeddable":true,"href":"https:\/\/tourtravelandmore.com\/es\/wp-json\/wp\/v2\/comments?post=108137"}],"wp:featuredmedia":[{"embeddable":true,"href":"https:\/\/tourtravelandmore.com\/es\/wp-json\/wp\/v2\/media\/87420"}],"wp:attachment":[{"href":"https:\/\/tourtravelandmore.com\/es\/wp-json\/wp\/v2\/media?parent=108137"}],"wp:term":[{"taxonomy":"product_brand","embeddable":true,"href":"https:\/\/tourtravelandmore.com\/es\/wp-json\/wp\/v2\/product_brand?post=108137"},{"taxonomy":"product_cat","embeddable":true,"href":"https:\/\/tourtravelandmore.com\/es\/wp-json\/wp\/v2\/product_cat?post=108137"},{"taxonomy":"product_tag","embeddable":true,"href":"https:\/\/tourtravelandmore.com\/es\/wp-json\/wp\/v2\/product_tag?post=108137"}],"curies":[{"name":"wp","href":"https:\/\/api.w.org\/{rel}","templated":true}]}}