{"id":108109,"date":"2021-06-15T11:17:37","date_gmt":"2021-06-15T09:17:39","guid":{"rendered":"https:\/\/tourtravelandmore.com\/?post_type=product&#038;p=108109"},"modified":"2023-10-05T20:31:43","modified_gmt":"2023-10-05T18:31:43","slug":"tour-privado-a-piramides-de-giza-desde-alejandria","status":"publish","type":"product","link":"https:\/\/tourtravelandmore.com\/es\/tours\/egipto-es\/alejandria-es\/alejandria-cruceristas-privado-es\/tour-privado-a-piramides-de-giza-desde-alejandria\/","title":{"rendered":"Excursi\u00f3n a Pir\u00e1mides de Giza y Saqqara"},"content":{"rendered":"<h2 id=\"tw-target-text\" class=\"tw-data-text tw-text-large XcVN5d tw-ta\" dir=\"ltr\" data-placeholder=\"Traducci\u00f3n\"><span lang=\"es\">Descripci\u00f3n de la Excursi\u00f3n a Pir\u00e1mides de Giza y Saqqara<\/span><\/h2>\n<p>Explora lo m\u00e1s espectacular del Antiguo Egipto cerca de El Cairo en un d\u00eda junto a un gu\u00eda oficial experto y un chofer privado. Durante su tour privado a Giza desde Alejandr\u00eda visitar\u00e1 una de las siete maravillas del mundo. A su vez, descubrir\u00e1 los sitios m\u00e1s importantes de una de las civilizaciones m\u00e1s grandes que existieron en nuestro planeta.<\/p>\n<p>Su chofer y gu\u00eda oficial privado le recoger\u00e1n en el puerto de cruceros de Alejandr\u00eda. Luego de un viaje de aproximadamente 2 horas, llegar\u00e1n a Giza, donde visitar\u00e1n las 3 pir\u00e1mides y la Esfinge.<\/p>\n<p>Posteriormente, visitar\u00e1n Saqqara y Menfis. Finalmente, su chofer y gu\u00eda le llevar\u00e1n de vuelta a Alejandr\u00eda.<\/p>\n<p>El tour es 100\u202f% ajustable a sus propios deseos e intereses. Nuestros gu\u00edas y choferes est\u00e1n a su entera disposici\u00f3n. Coordinaremos sus entradas con anticipaci\u00f3n. En caso de que visite Egipto por m\u00e1s d\u00edas, puede ver nuestros <a href=\"https:\/\/tourtravelandmore.com\/es\/ciudad\/egipto-es\/cairo-es\/cairo-rutas-es\/\">itinerarios privados<\/a>.<\/p>\n<h2 class=\"tw-data-text tw-text-large XcVN5d tw-ta\" dir=\"ltr\" data-placeholder=\"Traducci\u00f3n\">Puntos de inter\u00e9s<\/h2>\n<p>Construidas hace m\u00e1s de 4500 a\u00f1os, el modo en el que las 3 pir\u00e1mides de Giza fueron construidas es uno de los misterios m\u00e1s grandes de la humanidad. Junto a su gu\u00eda oficial privado aprender\u00e1 la historia de esta maravilla. Su gu\u00eda, experto en egiptolog\u00eda, le iluminar\u00e1 con la historia y leyendas de este sitio hist\u00f3rico. En el caso que lo desee podemos coordinar su ingreso al interno de las pir\u00e1mides.<\/p>\n<p>A continuaci\u00f3n tendr\u00e1 tiempo libre para comer y luego ir\u00e1n hacia Saqqara y Menfis. Una vez all\u00ed explorar\u00e1 las legendarias pir\u00e1mides de Saqqara, incluyendo la reconocida pir\u00e1mide escalonada de Zoser. Saqqara lleva su nombre por el Dios Menfita de la muerte, Sokar, y el sitio arqueol\u00f3gico m\u00e1s grande del pa\u00eds. Luego visitar\u00e1n Menfis, tambi\u00e9n conocida como Inebu-Hedj, la antigua capital del bajo Egipto y el Antiguo Reino de Egipto. Menfis y su Necr\u00f3polis fueron a\u00f1adidas, en 1979, en el listado de Patrimonios de la Unesco.<\/p>\n<p>Al finalizar su tour privado a Giza desde Alejandr\u00eda, su chofer y gu\u00eda le llevar\u00e1n de vuelta al puerto de cruceros.<\/p>\n","protected":false},"excerpt":{"rendered":"<p>Visite una de las siete maravillas del mundo, Saqqara y Menfis en una <strong>excursi\u00f3n privada desde Alejandr\u00eda.<\/strong><\/p>\n","protected":false},"featured_media":169890,"comment_status":"open","ping_status":"closed","template":"","meta":{"_acf_changed":false},"product_brand":[],"product_cat":[3031,3952,3954],"product_tag":[],"class_list":{"0":"post-108109","1":"product","2":"type-product","3":"status-publish","4":"has-post-thumbnail","6":"product_cat-egipto-es","7":"product_cat-alejandria-es","8":"product_cat-alejandria-cruceristas-privado-es","10":"first","11":"instock","12":"shipping-taxable","13":"purchasable","14":"product-type-simple"},"acf":[],"yoast_head":"<!-- This site is optimized with the Yoast SEO Premium plugin v25.3.1 (Yoast SEO v25.3.1) - https:\/\/yoast.com\/wordpress\/plugins\/seo\/ -->\n<title>Tour privado a Giza desde Alejandria con chofer y gu\u00eda oficial privado | TTM<\/title>\n<meta name=\"description\" content=\"Disfrute un tour privado a Giza desde Alejandria y descubra los sitios m\u00e1s importantes del antiguo Egipto junto a un gu\u00eda oficial privado \u2705\" \/>\n<meta name=\"robots\" content=\"index, follow, max-snippet:-1, max-image-preview:large, max-video-preview:-1\" \/>\n<link rel=\"canonical\" href=\"https:\/\/tourtravelandmore.com\/es\/tours\/egipto-es\/alejandria-es\/alejandria-cruceristas-privado-es\/tour-privado-a-piramides-de-giza-desde-alejandria\/\" \/>\n<meta property=\"og:locale\" content=\"es_ES\" \/>\n<meta property=\"og:type\" content=\"article\" \/>\n<meta property=\"og:title\" content=\"Excursi\u00f3n a Pir\u00e1mides de Giza y Saqqara\" \/>\n<meta property=\"og:description\" content=\"Disfrute un tour privado a Giza desde Alejandria y descubra los sitios m\u00e1s importantes del antiguo Egipto junto a un gu\u00eda oficial privado \u2705\" \/>\n<meta property=\"og:url\" content=\"https:\/\/tourtravelandmore.com\/es\/tours\/egipto-es\/alejandria-es\/alejandria-cruceristas-privado-es\/tour-privado-a-piramides-de-giza-desde-alejandria\/\" \/>\n<meta property=\"og:site_name\" content=\"Tour Travel And More\" \/>\n<meta property=\"article:publisher\" content=\"https:\/\/www.facebook.com\/tourtravelandmore\/\" \/>\n<meta property=\"article:modified_time\" content=\"2023-10-05T18:31:43+00:00\" \/>\n<meta property=\"og:image\" content=\"https:\/\/tourtravelandmore.com\/wp-content\/uploads\/2021\/06\/pexels-fadi-ramzy-11701925-scaled.jpg\" \/>\n\t<meta property=\"og:image:width\" content=\"2560\" \/>\n\t<meta property=\"og:image:height\" content=\"1707\" \/>\n\t<meta property=\"og:image:type\" content=\"image\/jpeg\" \/>\n<meta name=\"twitter:card\" content=\"summary_large_image\" \/>\n<meta name=\"twitter:site\" content=\"@TourTravel_More\" \/>\n<meta name=\"twitter:label1\" content=\"Tiempo de lectura\" \/>\n\t<meta name=\"twitter:data1\" content=\"2 minutos\" \/>\n<script type=\"application\/ld+json\" class=\"yoast-schema-graph\">{\"@context\":\"https:\/\/schema.org\",\"@graph\":[{\"@type\":\"WebPage\",\"@id\":\"https:\/\/tourtravelandmore.com\/es\/tours\/egipto-es\/alejandria-es\/alejandria-cruceristas-privado-es\/tour-privado-a-piramides-de-giza-desde-alejandria\/\",\"url\":\"https:\/\/tourtravelandmore.com\/es\/tours\/egipto-es\/alejandria-es\/alejandria-cruceristas-privado-es\/tour-privado-a-piramides-de-giza-desde-alejandria\/\",\"name\":\"Tour privado a Giza desde Alejandria con chofer y gu\u00eda oficial privado | TTM\",\"isPartOf\":{\"@id\":\"https:\/\/tourtravelandmore.com\/es\/#website\"},\"primaryImageOfPage\":{\"@id\":\"https:\/\/tourtravelandmore.com\/es\/tours\/egipto-es\/alejandria-es\/alejandria-cruceristas-privado-es\/tour-privado-a-piramides-de-giza-desde-alejandria\/#primaryimage\"},\"image\":{\"@id\":\"https:\/\/tourtravelandmore.com\/es\/tours\/egipto-es\/alejandria-es\/alejandria-cruceristas-privado-es\/tour-privado-a-piramides-de-giza-desde-alejandria\/#primaryimage\"},\"thumbnailUrl\":\"https:\/\/tourtravelandmore.com\/wp-content\/uploads\/2021\/06\/pexels-fadi-ramzy-11701925-scaled.jpg\",\"datePublished\":\"2021-06-15T09:17:39+00:00\",\"dateModified\":\"2023-10-05T18:31:43+00:00\",\"description\":\"Disfrute un tour privado a Giza desde Alejandria y descubra los sitios m\u00e1s importantes del antiguo Egipto junto a un gu\u00eda oficial privado \u2705\",\"breadcrumb\":{\"@id\":\"https:\/\/tourtravelandmore.com\/es\/tours\/egipto-es\/alejandria-es\/alejandria-cruceristas-privado-es\/tour-privado-a-piramides-de-giza-desde-alejandria\/#breadcrumb\"},\"inLanguage\":\"es\",\"potentialAction\":[{\"@type\":\"ReadAction\",\"target\":[\"https:\/\/tourtravelandmore.com\/es\/tours\/egipto-es\/alejandria-es\/alejandria-cruceristas-privado-es\/tour-privado-a-piramides-de-giza-desde-alejandria\/\"]}]},{\"@type\":\"ImageObject\",\"inLanguage\":\"es\",\"@id\":\"https:\/\/tourtravelandmore.com\/es\/tours\/egipto-es\/alejandria-es\/alejandria-cruceristas-privado-es\/tour-privado-a-piramides-de-giza-desde-alejandria\/#primaryimage\",\"url\":\"https:\/\/tourtravelandmore.com\/wp-content\/uploads\/2021\/06\/pexels-fadi-ramzy-11701925-scaled.jpg\",\"contentUrl\":\"https:\/\/tourtravelandmore.com\/wp-content\/uploads\/2021\/06\/pexels-fadi-ramzy-11701925-scaled.jpg\",\"width\":2560,\"height\":1707},{\"@type\":\"BreadcrumbList\",\"@id\":\"https:\/\/tourtravelandmore.com\/es\/tours\/egipto-es\/alejandria-es\/alejandria-cruceristas-privado-es\/tour-privado-a-piramides-de-giza-desde-alejandria\/#breadcrumb\",\"itemListElement\":[{\"@type\":\"ListItem\",\"position\":1,\"name\":\"Home\",\"item\":\"https:\/\/tourtravelandmore.com\/es\/\"},{\"@type\":\"ListItem\",\"position\":2,\"name\":\"Tours\",\"item\":\"https:\/\/tourtravelandmore.com\/es\/tours\/\"},{\"@type\":\"ListItem\",\"position\":3,\"name\":\"Excursi\u00f3n a Pir\u00e1mides de Giza y Saqqara\"}]},{\"@type\":\"WebSite\",\"@id\":\"https:\/\/tourtravelandmore.com\/es\/#website\",\"url\":\"https:\/\/tourtravelandmore.com\/es\/\",\"name\":\"Tour Travel And More\",\"description\":\"Private sightseeing tours and luxury transfers in Spain\",\"publisher\":{\"@id\":\"https:\/\/tourtravelandmore.com\/es\/#organization\"},\"potentialAction\":[{\"@type\":\"SearchAction\",\"target\":{\"@type\":\"EntryPoint\",\"urlTemplate\":\"https:\/\/tourtravelandmore.com\/es\/?s={search_term_string}\"},\"query-input\":{\"@type\":\"PropertyValueSpecification\",\"valueRequired\":true,\"valueName\":\"search_term_string\"}}],\"inLanguage\":\"es\"},{\"@type\":\"Organization\",\"@id\":\"https:\/\/tourtravelandmore.com\/es\/#organization\",\"name\":\"Tour Travel And More\",\"url\":\"https:\/\/tourtravelandmore.com\/es\/\",\"logo\":{\"@type\":\"ImageObject\",\"inLanguage\":\"es\",\"@id\":\"https:\/\/tourtravelandmore.com\/es\/#\/schema\/logo\/image\/\",\"url\":\"https:\/\/tourtravelandmore.com\/wp-content\/uploads\/2022\/12\/cropped-logo-cabecera-new.png\",\"contentUrl\":\"https:\/\/tourtravelandmore.com\/wp-content\/uploads\/2022\/12\/cropped-logo-cabecera-new.png\",\"width\":430,\"height\":61,\"caption\":\"Tour Travel And More\"},\"image\":{\"@id\":\"https:\/\/tourtravelandmore.com\/es\/#\/schema\/logo\/image\/\"},\"sameAs\":[\"https:\/\/www.facebook.com\/tourtravelandmore\/\",\"https:\/\/x.com\/TourTravel_More\"]}]}<\/script>\n<!-- \/ Yoast SEO Premium plugin. -->","yoast_head_json":{"title":"Tour privado a Giza desde Alejandria con chofer y gu\u00eda oficial privado | TTM","description":"Disfrute un tour privado a Giza desde Alejandria y descubra los sitios m\u00e1s importantes del antiguo Egipto junto a un gu\u00eda oficial privado \u2705","robots":{"index":"index","follow":"follow","max-snippet":"max-snippet:-1","max-image-preview":"max-image-preview:large","max-video-preview":"max-video-preview:-1"},"canonical":"https:\/\/tourtravelandmore.com\/es\/tours\/egipto-es\/alejandria-es\/alejandria-cruceristas-privado-es\/tour-privado-a-piramides-de-giza-desde-alejandria\/","og_locale":"es_ES","og_type":"article","og_title":"Excursi\u00f3n a Pir\u00e1mides de Giza y Saqqara","og_description":"Disfrute un tour privado a Giza desde Alejandria y descubra los sitios m\u00e1s importantes del antiguo Egipto junto a un gu\u00eda oficial privado \u2705","og_url":"https:\/\/tourtravelandmore.com\/es\/tours\/egipto-es\/alejandria-es\/alejandria-cruceristas-privado-es\/tour-privado-a-piramides-de-giza-desde-alejandria\/","og_site_name":"Tour Travel And More","article_publisher":"https:\/\/www.facebook.com\/tourtravelandmore\/","article_modified_time":"2023-10-05T18:31:43+00:00","og_image":[{"width":2560,"height":1707,"url":"https:\/\/tourtravelandmore.com\/wp-content\/uploads\/2021\/06\/pexels-fadi-ramzy-11701925-scaled.jpg","type":"image\/jpeg"}],"twitter_card":"summary_large_image","twitter_site":"@TourTravel_More","twitter_misc":{"Tiempo de lectura":"2 minutos"},"schema":{"@context":"https:\/\/schema.org","@graph":[{"@type":"WebPage","@id":"https:\/\/tourtravelandmore.com\/es\/tours\/egipto-es\/alejandria-es\/alejandria-cruceristas-privado-es\/tour-privado-a-piramides-de-giza-desde-alejandria\/","url":"https:\/\/tourtravelandmore.com\/es\/tours\/egipto-es\/alejandria-es\/alejandria-cruceristas-privado-es\/tour-privado-a-piramides-de-giza-desde-alejandria\/","name":"Tour privado a Giza desde Alejandria con chofer y gu\u00eda oficial privado | TTM","isPartOf":{"@id":"https:\/\/tourtravelandmore.com\/es\/#website"},"primaryImageOfPage":{"@id":"https:\/\/tourtravelandmore.com\/es\/tours\/egipto-es\/alejandria-es\/alejandria-cruceristas-privado-es\/tour-privado-a-piramides-de-giza-desde-alejandria\/#primaryimage"},"image":{"@id":"https:\/\/tourtravelandmore.com\/es\/tours\/egipto-es\/alejandria-es\/alejandria-cruceristas-privado-es\/tour-privado-a-piramides-de-giza-desde-alejandria\/#primaryimage"},"thumbnailUrl":"https:\/\/tourtravelandmore.com\/wp-content\/uploads\/2021\/06\/pexels-fadi-ramzy-11701925-scaled.jpg","datePublished":"2021-06-15T09:17:39+00:00","dateModified":"2023-10-05T18:31:43+00:00","description":"Disfrute un tour privado a Giza desde Alejandria y descubra los sitios m\u00e1s importantes del antiguo Egipto junto a un gu\u00eda oficial privado \u2705","breadcrumb":{"@id":"https:\/\/tourtravelandmore.com\/es\/tours\/egipto-es\/alejandria-es\/alejandria-cruceristas-privado-es\/tour-privado-a-piramides-de-giza-desde-alejandria\/#breadcrumb"},"inLanguage":"es","potentialAction":[{"@type":"ReadAction","target":["https:\/\/tourtravelandmore.com\/es\/tours\/egipto-es\/alejandria-es\/alejandria-cruceristas-privado-es\/tour-privado-a-piramides-de-giza-desde-alejandria\/"]}]},{"@type":"ImageObject","inLanguage":"es","@id":"https:\/\/tourtravelandmore.com\/es\/tours\/egipto-es\/alejandria-es\/alejandria-cruceristas-privado-es\/tour-privado-a-piramides-de-giza-desde-alejandria\/#primaryimage","url":"https:\/\/tourtravelandmore.com\/wp-content\/uploads\/2021\/06\/pexels-fadi-ramzy-11701925-scaled.jpg","contentUrl":"https:\/\/tourtravelandmore.com\/wp-content\/uploads\/2021\/06\/pexels-fadi-ramzy-11701925-scaled.jpg","width":2560,"height":1707},{"@type":"BreadcrumbList","@id":"https:\/\/tourtravelandmore.com\/es\/tours\/egipto-es\/alejandria-es\/alejandria-cruceristas-privado-es\/tour-privado-a-piramides-de-giza-desde-alejandria\/#breadcrumb","itemListElement":[{"@type":"ListItem","position":1,"name":"Home","item":"https:\/\/tourtravelandmore.com\/es\/"},{"@type":"ListItem","position":2,"name":"Tours","item":"https:\/\/tourtravelandmore.com\/es\/tours\/"},{"@type":"ListItem","position":3,"name":"Excursi\u00f3n a Pir\u00e1mides de Giza y Saqqara"}]},{"@type":"WebSite","@id":"https:\/\/tourtravelandmore.com\/es\/#website","url":"https:\/\/tourtravelandmore.com\/es\/","name":"Tour Travel And More","description":"Private sightseeing tours and luxury transfers in Spain","publisher":{"@id":"https:\/\/tourtravelandmore.com\/es\/#organization"},"potentialAction":[{"@type":"SearchAction","target":{"@type":"EntryPoint","urlTemplate":"https:\/\/tourtravelandmore.com\/es\/?s={search_term_string}"},"query-input":{"@type":"PropertyValueSpecification","valueRequired":true,"valueName":"search_term_string"}}],"inLanguage":"es"},{"@type":"Organization","@id":"https:\/\/tourtravelandmore.com\/es\/#organization","name":"Tour Travel And More","url":"https:\/\/tourtravelandmore.com\/es\/","logo":{"@type":"ImageObject","inLanguage":"es","@id":"https:\/\/tourtravelandmore.com\/es\/#\/schema\/logo\/image\/","url":"https:\/\/tourtravelandmore.com\/wp-content\/uploads\/2022\/12\/cropped-logo-cabecera-new.png","contentUrl":"https:\/\/tourtravelandmore.com\/wp-content\/uploads\/2022\/12\/cropped-logo-cabecera-new.png","width":430,"height":61,"caption":"Tour Travel And More"},"image":{"@id":"https:\/\/tourtravelandmore.com\/es\/#\/schema\/logo\/image\/"},"sameAs":["https:\/\/www.facebook.com\/tourtravelandmore\/","https:\/\/x.com\/TourTravel_More"]}]}},"_links":{"self":[{"href":"https:\/\/tourtravelandmore.com\/es\/wp-json\/wp\/v2\/product\/108109","targetHints":{"allow":["GET"]}}],"collection":[{"href":"https:\/\/tourtravelandmore.com\/es\/wp-json\/wp\/v2\/product"}],"about":[{"href":"https:\/\/tourtravelandmore.com\/es\/wp-json\/wp\/v2\/types\/product"}],"replies":[{"embeddable":true,"href":"https:\/\/tourtravelandmore.com\/es\/wp-json\/wp\/v2\/comments?post=108109"}],"wp:featuredmedia":[{"embeddable":true,"href":"https:\/\/tourtravelandmore.com\/es\/wp-json\/wp\/v2\/media\/169890"}],"wp:attachment":[{"href":"https:\/\/tourtravelandmore.com\/es\/wp-json\/wp\/v2\/media?parent=108109"}],"wp:term":[{"taxonomy":"product_brand","embeddable":true,"href":"https:\/\/tourtravelandmore.com\/es\/wp-json\/wp\/v2\/product_brand?post=108109"},{"taxonomy":"product_cat","embeddable":true,"href":"https:\/\/tourtravelandmore.com\/es\/wp-json\/wp\/v2\/product_cat?post=108109"},{"taxonomy":"product_tag","embeddable":true,"href":"https:\/\/tourtravelandmore.com\/es\/wp-json\/wp\/v2\/product_tag?post=108109"}],"curies":[{"name":"wp","href":"https:\/\/api.w.org\/{rel}","templated":true}]}}