{"id":107934,"date":"2021-06-11T09:46:50","date_gmt":"2021-06-11T07:46:51","guid":{"rendered":"https:\/\/tourtravelandmore.com\/?post_type=product&#038;p=107934"},"modified":"2024-08-13T17:26:14","modified_gmt":"2024-08-13T15:26:14","slug":"realice-la-mejor-visita-por-estambul-al-completo-en-2-dias","status":"publish","type":"product","link":"https:\/\/tourtravelandmore.com\/es\/tours\/turquia-es\/estambul-es\/realice-la-mejor-visita-por-estambul-al-completo-en-2-dias\/","title":{"rendered":"Realice la mejor visita por Estambul al completo en 2 d\u00edas"},"content":{"rendered":"<p>Estambul es uno de los lugares m\u00e1s llamativos y hermosos que existen, por ello, la oportunidad de disfrutar de sus sitios tur\u00edsticos y de la cultura local, se incrementa cuando se efect\u00faa la mejor <b>visita por<\/b> <b>Estambul al completo en 2 d\u00edas. <\/b>Lugares como la Mezquita Azul o Santa Sof\u00eda, son capaces de aportar una experiencia inolvidable, pero esto se incrementa a\u00fan m\u00e1s, cuando se trata de nuestro servicio de recorridos.<\/p>\n<p>\u00bfDesea conocer m\u00e1s detalles acerca de las caracter\u00edsticas de estos lugares? Con nuestro recorrido en auto de lujo, podr\u00e1 tener la certeza de que aprovechar\u00e1 un viaje emocionante y <b>lleno de experiencias nuevas<\/b>. Y lo mejor de todo, es que lograr\u00e1 ver incontables cosas nuevas, durante dos d\u00edas consecutivos si as\u00ed lo desea.<\/p>\n<h4><b>Itinerario para disfrutar de la visita por Estambul al completo en 2 d\u00edas<\/b><\/h4>\n","protected":false},"excerpt":{"rendered":"<p><i>\u00bfAlguna vez ha pensado en disfrutar de un recorrido de Estambul al completo en 2 d\u00edas? \u00a1Esto ya es posible! Con nuestro tour privado en auto de lujo, usted se adentrar\u00e1 en sitios totalmente \u00fanicos, los cuales revelan la belleza del lugar. \u00a1Conozca m\u00e1s detalles al respecto!<\/i><\/p>\n","protected":false},"featured_media":107561,"comment_status":"open","ping_status":"closed","template":"","meta":{"_acf_changed":false},"product_brand":[],"product_cat":[1601,1162,1163,3938],"product_tag":[],"class_list":{"0":"post-107934","1":"product","2":"type-product","3":"status-publish","4":"has-post-thumbnail","6":"product_cat-turquia-es","7":"product_cat-estambul-es","8":"product_cat-estambul-actividades-es","9":"product_cat-estambul-itinerarios-privados","11":"first","12":"instock","13":"shipping-taxable","14":"purchasable","15":"product-type-simple"},"acf":[],"yoast_head":"<!-- This site is optimized with the Yoast SEO Premium plugin v25.3.1 (Yoast SEO v25.3.1) - https:\/\/yoast.com\/wordpress\/plugins\/seo\/ -->\n<title>\u27a1\ufe0f Estambul al completo en 2 d\u00edas | Tour Travel &amp; More<\/title>\n<meta name=\"description\" content=\"\u2714 Si desea visitar Estambul al completo en 2 d\u00edas. Con nuestra excursi\u00f3n, podr\u00e1 disfrutar de una experiencia jam\u00e1s antes vista \u2705\" \/>\n<meta name=\"robots\" content=\"index, follow, max-snippet:-1, max-image-preview:large, max-video-preview:-1\" \/>\n<link rel=\"canonical\" href=\"https:\/\/tourtravelandmore.com\/es\/tours\/turquia-es\/estambul-es\/realice-la-mejor-visita-por-estambul-al-completo-en-2-dias\/\" \/>\n<meta property=\"og:locale\" content=\"es_ES\" \/>\n<meta property=\"og:type\" content=\"article\" \/>\n<meta property=\"og:title\" content=\"Realice la mejor visita por Estambul al completo en 2 d\u00edas\" \/>\n<meta property=\"og:description\" content=\"\u2714 Si desea visitar Estambul al completo en 2 d\u00edas. Con nuestra excursi\u00f3n, podr\u00e1 disfrutar de una experiencia jam\u00e1s antes vista \u2705\" \/>\n<meta property=\"og:url\" content=\"https:\/\/tourtravelandmore.com\/es\/tours\/turquia-es\/estambul-es\/realice-la-mejor-visita-por-estambul-al-completo-en-2-dias\/\" \/>\n<meta property=\"og:site_name\" content=\"Tour Travel And More\" \/>\n<meta property=\"article:publisher\" content=\"https:\/\/www.facebook.com\/tourtravelandmore\/\" \/>\n<meta property=\"article:modified_time\" content=\"2024-08-13T15:26:14+00:00\" \/>\n<meta property=\"og:image\" content=\"https:\/\/tourtravelandmore.com\/wp-content\/uploads\/2021\/06\/Istanbul-2-scaled.jpg\" \/>\n\t<meta property=\"og:image:width\" content=\"2560\" \/>\n\t<meta property=\"og:image:height\" content=\"1707\" \/>\n\t<meta property=\"og:image:type\" content=\"image\/jpeg\" \/>\n<meta name=\"twitter:card\" content=\"summary_large_image\" \/>\n<meta name=\"twitter:site\" content=\"@TourTravel_More\" \/>\n<meta name=\"twitter:label1\" content=\"Tiempo de lectura\" \/>\n\t<meta name=\"twitter:data1\" content=\"1 minuto\" \/>\n<script type=\"application\/ld+json\" class=\"yoast-schema-graph\">{\"@context\":\"https:\/\/schema.org\",\"@graph\":[{\"@type\":\"WebPage\",\"@id\":\"https:\/\/tourtravelandmore.com\/es\/tours\/turquia-es\/estambul-es\/realice-la-mejor-visita-por-estambul-al-completo-en-2-dias\/\",\"url\":\"https:\/\/tourtravelandmore.com\/es\/tours\/turquia-es\/estambul-es\/realice-la-mejor-visita-por-estambul-al-completo-en-2-dias\/\",\"name\":\"\u27a1\ufe0f Estambul al completo en 2 d\u00edas | Tour Travel & More\",\"isPartOf\":{\"@id\":\"https:\/\/tourtravelandmore.com\/es\/#website\"},\"primaryImageOfPage\":{\"@id\":\"https:\/\/tourtravelandmore.com\/es\/tours\/turquia-es\/estambul-es\/realice-la-mejor-visita-por-estambul-al-completo-en-2-dias\/#primaryimage\"},\"image\":{\"@id\":\"https:\/\/tourtravelandmore.com\/es\/tours\/turquia-es\/estambul-es\/realice-la-mejor-visita-por-estambul-al-completo-en-2-dias\/#primaryimage\"},\"thumbnailUrl\":\"https:\/\/tourtravelandmore.com\/wp-content\/uploads\/2021\/06\/Istanbul-2-scaled.jpg\",\"datePublished\":\"2021-06-11T07:46:51+00:00\",\"dateModified\":\"2024-08-13T15:26:14+00:00\",\"description\":\"\u2714 Si desea visitar Estambul al completo en 2 d\u00edas. Con nuestra excursi\u00f3n, podr\u00e1 disfrutar de una experiencia jam\u00e1s antes vista \u2705\",\"breadcrumb\":{\"@id\":\"https:\/\/tourtravelandmore.com\/es\/tours\/turquia-es\/estambul-es\/realice-la-mejor-visita-por-estambul-al-completo-en-2-dias\/#breadcrumb\"},\"inLanguage\":\"es\",\"potentialAction\":[{\"@type\":\"ReadAction\",\"target\":[\"https:\/\/tourtravelandmore.com\/es\/tours\/turquia-es\/estambul-es\/realice-la-mejor-visita-por-estambul-al-completo-en-2-dias\/\"]}]},{\"@type\":\"ImageObject\",\"inLanguage\":\"es\",\"@id\":\"https:\/\/tourtravelandmore.com\/es\/tours\/turquia-es\/estambul-es\/realice-la-mejor-visita-por-estambul-al-completo-en-2-dias\/#primaryimage\",\"url\":\"https:\/\/tourtravelandmore.com\/wp-content\/uploads\/2021\/06\/Istanbul-2-scaled.jpg\",\"contentUrl\":\"https:\/\/tourtravelandmore.com\/wp-content\/uploads\/2021\/06\/Istanbul-2-scaled.jpg\",\"width\":2560,\"height\":1707},{\"@type\":\"BreadcrumbList\",\"@id\":\"https:\/\/tourtravelandmore.com\/es\/tours\/turquia-es\/estambul-es\/realice-la-mejor-visita-por-estambul-al-completo-en-2-dias\/#breadcrumb\",\"itemListElement\":[{\"@type\":\"ListItem\",\"position\":1,\"name\":\"Home\",\"item\":\"https:\/\/tourtravelandmore.com\/es\/\"},{\"@type\":\"ListItem\",\"position\":2,\"name\":\"Tours\",\"item\":\"https:\/\/tourtravelandmore.com\/es\/tours\/\"},{\"@type\":\"ListItem\",\"position\":3,\"name\":\"Realice la mejor visita por Estambul al completo en 2 d\u00edas\"}]},{\"@type\":\"WebSite\",\"@id\":\"https:\/\/tourtravelandmore.com\/es\/#website\",\"url\":\"https:\/\/tourtravelandmore.com\/es\/\",\"name\":\"Tour Travel And More\",\"description\":\"Private sightseeing tours and luxury transfers in Spain\",\"publisher\":{\"@id\":\"https:\/\/tourtravelandmore.com\/es\/#organization\"},\"potentialAction\":[{\"@type\":\"SearchAction\",\"target\":{\"@type\":\"EntryPoint\",\"urlTemplate\":\"https:\/\/tourtravelandmore.com\/es\/?s={search_term_string}\"},\"query-input\":{\"@type\":\"PropertyValueSpecification\",\"valueRequired\":true,\"valueName\":\"search_term_string\"}}],\"inLanguage\":\"es\"},{\"@type\":\"Organization\",\"@id\":\"https:\/\/tourtravelandmore.com\/es\/#organization\",\"name\":\"Tour Travel And More\",\"url\":\"https:\/\/tourtravelandmore.com\/es\/\",\"logo\":{\"@type\":\"ImageObject\",\"inLanguage\":\"es\",\"@id\":\"https:\/\/tourtravelandmore.com\/es\/#\/schema\/logo\/image\/\",\"url\":\"https:\/\/tourtravelandmore.com\/wp-content\/uploads\/2022\/12\/cropped-logo-cabecera-new.png\",\"contentUrl\":\"https:\/\/tourtravelandmore.com\/wp-content\/uploads\/2022\/12\/cropped-logo-cabecera-new.png\",\"width\":430,\"height\":61,\"caption\":\"Tour Travel And More\"},\"image\":{\"@id\":\"https:\/\/tourtravelandmore.com\/es\/#\/schema\/logo\/image\/\"},\"sameAs\":[\"https:\/\/www.facebook.com\/tourtravelandmore\/\",\"https:\/\/x.com\/TourTravel_More\"]}]}<\/script>\n<!-- \/ Yoast SEO Premium plugin. -->","yoast_head_json":{"title":"\u27a1\ufe0f Estambul al completo en 2 d\u00edas | Tour Travel & More","description":"\u2714 Si desea visitar Estambul al completo en 2 d\u00edas. Con nuestra excursi\u00f3n, podr\u00e1 disfrutar de una experiencia jam\u00e1s antes vista \u2705","robots":{"index":"index","follow":"follow","max-snippet":"max-snippet:-1","max-image-preview":"max-image-preview:large","max-video-preview":"max-video-preview:-1"},"canonical":"https:\/\/tourtravelandmore.com\/es\/tours\/turquia-es\/estambul-es\/realice-la-mejor-visita-por-estambul-al-completo-en-2-dias\/","og_locale":"es_ES","og_type":"article","og_title":"Realice la mejor visita por Estambul al completo en 2 d\u00edas","og_description":"\u2714 Si desea visitar Estambul al completo en 2 d\u00edas. Con nuestra excursi\u00f3n, podr\u00e1 disfrutar de una experiencia jam\u00e1s antes vista \u2705","og_url":"https:\/\/tourtravelandmore.com\/es\/tours\/turquia-es\/estambul-es\/realice-la-mejor-visita-por-estambul-al-completo-en-2-dias\/","og_site_name":"Tour Travel And More","article_publisher":"https:\/\/www.facebook.com\/tourtravelandmore\/","article_modified_time":"2024-08-13T15:26:14+00:00","og_image":[{"width":2560,"height":1707,"url":"https:\/\/tourtravelandmore.com\/wp-content\/uploads\/2021\/06\/Istanbul-2-scaled.jpg","type":"image\/jpeg"}],"twitter_card":"summary_large_image","twitter_site":"@TourTravel_More","twitter_misc":{"Tiempo de lectura":"1 minuto"},"schema":{"@context":"https:\/\/schema.org","@graph":[{"@type":"WebPage","@id":"https:\/\/tourtravelandmore.com\/es\/tours\/turquia-es\/estambul-es\/realice-la-mejor-visita-por-estambul-al-completo-en-2-dias\/","url":"https:\/\/tourtravelandmore.com\/es\/tours\/turquia-es\/estambul-es\/realice-la-mejor-visita-por-estambul-al-completo-en-2-dias\/","name":"\u27a1\ufe0f Estambul al completo en 2 d\u00edas | Tour Travel & More","isPartOf":{"@id":"https:\/\/tourtravelandmore.com\/es\/#website"},"primaryImageOfPage":{"@id":"https:\/\/tourtravelandmore.com\/es\/tours\/turquia-es\/estambul-es\/realice-la-mejor-visita-por-estambul-al-completo-en-2-dias\/#primaryimage"},"image":{"@id":"https:\/\/tourtravelandmore.com\/es\/tours\/turquia-es\/estambul-es\/realice-la-mejor-visita-por-estambul-al-completo-en-2-dias\/#primaryimage"},"thumbnailUrl":"https:\/\/tourtravelandmore.com\/wp-content\/uploads\/2021\/06\/Istanbul-2-scaled.jpg","datePublished":"2021-06-11T07:46:51+00:00","dateModified":"2024-08-13T15:26:14+00:00","description":"\u2714 Si desea visitar Estambul al completo en 2 d\u00edas. Con nuestra excursi\u00f3n, podr\u00e1 disfrutar de una experiencia jam\u00e1s antes vista \u2705","breadcrumb":{"@id":"https:\/\/tourtravelandmore.com\/es\/tours\/turquia-es\/estambul-es\/realice-la-mejor-visita-por-estambul-al-completo-en-2-dias\/#breadcrumb"},"inLanguage":"es","potentialAction":[{"@type":"ReadAction","target":["https:\/\/tourtravelandmore.com\/es\/tours\/turquia-es\/estambul-es\/realice-la-mejor-visita-por-estambul-al-completo-en-2-dias\/"]}]},{"@type":"ImageObject","inLanguage":"es","@id":"https:\/\/tourtravelandmore.com\/es\/tours\/turquia-es\/estambul-es\/realice-la-mejor-visita-por-estambul-al-completo-en-2-dias\/#primaryimage","url":"https:\/\/tourtravelandmore.com\/wp-content\/uploads\/2021\/06\/Istanbul-2-scaled.jpg","contentUrl":"https:\/\/tourtravelandmore.com\/wp-content\/uploads\/2021\/06\/Istanbul-2-scaled.jpg","width":2560,"height":1707},{"@type":"BreadcrumbList","@id":"https:\/\/tourtravelandmore.com\/es\/tours\/turquia-es\/estambul-es\/realice-la-mejor-visita-por-estambul-al-completo-en-2-dias\/#breadcrumb","itemListElement":[{"@type":"ListItem","position":1,"name":"Home","item":"https:\/\/tourtravelandmore.com\/es\/"},{"@type":"ListItem","position":2,"name":"Tours","item":"https:\/\/tourtravelandmore.com\/es\/tours\/"},{"@type":"ListItem","position":3,"name":"Realice la mejor visita por Estambul al completo en 2 d\u00edas"}]},{"@type":"WebSite","@id":"https:\/\/tourtravelandmore.com\/es\/#website","url":"https:\/\/tourtravelandmore.com\/es\/","name":"Tour Travel And More","description":"Private sightseeing tours and luxury transfers in Spain","publisher":{"@id":"https:\/\/tourtravelandmore.com\/es\/#organization"},"potentialAction":[{"@type":"SearchAction","target":{"@type":"EntryPoint","urlTemplate":"https:\/\/tourtravelandmore.com\/es\/?s={search_term_string}"},"query-input":{"@type":"PropertyValueSpecification","valueRequired":true,"valueName":"search_term_string"}}],"inLanguage":"es"},{"@type":"Organization","@id":"https:\/\/tourtravelandmore.com\/es\/#organization","name":"Tour Travel And More","url":"https:\/\/tourtravelandmore.com\/es\/","logo":{"@type":"ImageObject","inLanguage":"es","@id":"https:\/\/tourtravelandmore.com\/es\/#\/schema\/logo\/image\/","url":"https:\/\/tourtravelandmore.com\/wp-content\/uploads\/2022\/12\/cropped-logo-cabecera-new.png","contentUrl":"https:\/\/tourtravelandmore.com\/wp-content\/uploads\/2022\/12\/cropped-logo-cabecera-new.png","width":430,"height":61,"caption":"Tour Travel And More"},"image":{"@id":"https:\/\/tourtravelandmore.com\/es\/#\/schema\/logo\/image\/"},"sameAs":["https:\/\/www.facebook.com\/tourtravelandmore\/","https:\/\/x.com\/TourTravel_More"]}]}},"_links":{"self":[{"href":"https:\/\/tourtravelandmore.com\/es\/wp-json\/wp\/v2\/product\/107934","targetHints":{"allow":["GET"]}}],"collection":[{"href":"https:\/\/tourtravelandmore.com\/es\/wp-json\/wp\/v2\/product"}],"about":[{"href":"https:\/\/tourtravelandmore.com\/es\/wp-json\/wp\/v2\/types\/product"}],"replies":[{"embeddable":true,"href":"https:\/\/tourtravelandmore.com\/es\/wp-json\/wp\/v2\/comments?post=107934"}],"wp:featuredmedia":[{"embeddable":true,"href":"https:\/\/tourtravelandmore.com\/es\/wp-json\/wp\/v2\/media\/107561"}],"wp:attachment":[{"href":"https:\/\/tourtravelandmore.com\/es\/wp-json\/wp\/v2\/media?parent=107934"}],"wp:term":[{"taxonomy":"product_brand","embeddable":true,"href":"https:\/\/tourtravelandmore.com\/es\/wp-json\/wp\/v2\/product_brand?post=107934"},{"taxonomy":"product_cat","embeddable":true,"href":"https:\/\/tourtravelandmore.com\/es\/wp-json\/wp\/v2\/product_cat?post=107934"},{"taxonomy":"product_tag","embeddable":true,"href":"https:\/\/tourtravelandmore.com\/es\/wp-json\/wp\/v2\/product_tag?post=107934"}],"curies":[{"name":"wp","href":"https:\/\/api.w.org\/{rel}","templated":true}]}}