{"id":107829,"date":"2021-06-10T10:34:02","date_gmt":"2021-06-10T08:34:03","guid":{"rendered":"https:\/\/tourtravelandmore.com\/?post_type=product&#038;p=107829"},"modified":"2024-08-27T22:15:33","modified_gmt":"2024-08-27T20:15:33","slug":"tour-privado-de-medio-dia-al-palacio-de-topkapi-y-al-gran-bazar-de-estambul-turquia","status":"publish","type":"product","link":"https:\/\/tourtravelandmore.com\/es\/tours\/turquia-es\/estambul-es\/tour-privado-de-medio-dia-al-palacio-de-topkapi-y-al-gran-bazar-de-estambul-turquia\/","title":{"rendered":"Tour privado de Estambul desde la terminal de cruceros"},"content":{"rendered":"<h2>Tour privado de Estambul desde la terminal de cruceros Descripci\u00f3n<\/h2>\n<p>Experimente la magia de Estambul con nuestro exclusivo recorrido privado de 6 horas, dise\u00f1ado espec\u00edficamente para pasajeros de cruceros. Desde el momento en que baje del barco, ser\u00e1 recibido por su conductor personal y gu\u00eda experto, que le acompa\u00f1ar\u00e1 en todo momento mientras explora las maravillas de esta ciudad hist\u00f3rica.<\/p>\n<p>Podr\u00e1 disfrutar de un recorrido privado y personalizado de 6 horas por la ciudad de Estambul, llena de tanta historia y esplendor. Adem\u00e1s, contar\u00e1 con el servicio de un gu\u00eda biling\u00fce y un veh\u00edculo de lujo con aire acondicionado, que le recoger\u00e1 y le llevar\u00e1 de vuelta a su hotel.<\/p>\n<h2>Puntos de inter\u00e9s<\/h2>\n<p>Su viaje comienza con un c\u00f3modo trayecto en coche por las vibrantes calles de Estambul, donde se unen el mundo antiguo y el moderno. Su primera parada ser\u00e1 la emblem\u00e1tica Santa Sof\u00eda, uno de los monumentos m\u00e1s significativos del mundo. Con las entradas incluidas, se saltar\u00e1 las colas y se sumergir\u00e1 directamente en la historia y la belleza de este lugar declarado Patrimonio de la Humanidad por la UNESCO, que ha servido como iglesia, mezquita y ahora como museo. Marav\u00edllese ante los impresionantes mosaicos bizantinos, las alt\u00edsimas c\u00fapulas y los intrincados detalles que hacen de Santa Sof\u00eda una aut\u00e9ntica obra maestra.<\/p>\n<p>A continuaci\u00f3n, su gu\u00eda le conducir\u00e1 por el coraz\u00f3n de Estambul, explorando su rico patrimonio cultural y sus bulliciosos mercados. Tendr\u00e1 la oportunidad de descubrir los vibrantes colores, sonidos y sabores de la ciudad, visitando puntos de referencia clave y joyas ocultas por el camino. Ya sea la grandeza de la Mezquita Azul, la opulencia del Palacio Topkapi desde el exterior o el animado ambiente del Gran Bazar, este recorrido ofrece un equilibrio perfecto de historia, cultura y vida local.<\/p>\n<p>A lo largo del recorrido, su gu\u00eda le proporcionar\u00e1 fascinantes conocimientos sobre el pasado y el presente de Estambul, haciendo que cada lugar cobre vida con historias y leyendas. Su ch\u00f3fer le garantizar\u00e1 un viaje tranquilo y c\u00f3modo, permiti\u00e9ndole relajarse y disfrutar de los lugares de inter\u00e9s a su propio ritmo.<\/p>\n<p>Este recorrido privado est\u00e1 dise\u00f1ado para aprovechar al m\u00e1ximo su tiempo en Estambul, ofreci\u00e9ndole una experiencia completa de los lugares m\u00e1s destacados de la ciudad y asegur\u00e1ndole al mismo tiempo que regresar\u00e1 a su crucero con tiempo de sobra.<\/p>\n<p><a href=\"https:\/\/tourtravelandmore.com\/es\/ciudad\/turquia-es\/istanbul-en\/\">No se pierda nuestros recorridos privados por Estambul.<\/a><\/p>\n","protected":false},"excerpt":{"rendered":"<p>Experimente la magia de Estambul con nuestro exclusivo recorrido privado de 6 horas, dise\u00f1ado espec\u00edficamente para pasajeros de cruceros. Desde el momento en que baje del barco, ser\u00e1 recibido por su conductor personal y gu\u00eda experto, que le acompa\u00f1ar\u00e1 en todo momento mientras explora las maravillas de esta ciudad hist\u00f3rica.<\/p>\n","protected":false},"featured_media":107570,"comment_status":"open","ping_status":"closed","template":"","meta":{"_acf_changed":false},"product_brand":[],"product_cat":[5433,1601,1162,1163],"product_tag":[],"class_list":{"0":"post-107829","1":"product","2":"type-product","3":"status-publish","4":"has-post-thumbnail","6":"product_cat-private-tours-es","7":"product_cat-turquia-es","8":"product_cat-estambul-es","9":"product_cat-estambul-actividades-es","11":"first","12":"instock","13":"shipping-taxable","14":"purchasable","15":"product-type-simple"},"acf":[],"yoast_head":"<!-- This site is optimized with the Yoast SEO Premium plugin v25.3.1 (Yoast SEO v25.3.1) - https:\/\/yoast.com\/wordpress\/plugins\/seo\/ -->\n<title>\u27a1\ufe0f Tour privado al Palacio de Topkapi y al Gran Bazar de Estambul | Tour Travel &amp; More<\/title>\n<meta name=\"description\" content=\"Tour privado de 6 horas donde disfrutar\u00e1s del paseo por los edificios y patios del palacio de Topkapi y el gran bazar de Estambul \u2705\" \/>\n<meta name=\"robots\" content=\"index, follow, max-snippet:-1, max-image-preview:large, max-video-preview:-1\" \/>\n<link rel=\"canonical\" href=\"https:\/\/tourtravelandmore.com\/es\/tours\/turquia-es\/estambul-es\/tour-privado-de-medio-dia-al-palacio-de-topkapi-y-al-gran-bazar-de-estambul-turquia\/\" \/>\n<meta property=\"og:locale\" content=\"es_ES\" \/>\n<meta property=\"og:type\" content=\"article\" \/>\n<meta property=\"og:title\" content=\"Tour privado de Estambul desde la terminal de cruceros\" \/>\n<meta property=\"og:description\" content=\"Tour privado de 6 horas donde disfrutar\u00e1s del paseo por los edificios y patios del palacio de Topkapi y el gran bazar de Estambul \u2705\" \/>\n<meta property=\"og:url\" content=\"https:\/\/tourtravelandmore.com\/es\/tours\/turquia-es\/estambul-es\/tour-privado-de-medio-dia-al-palacio-de-topkapi-y-al-gran-bazar-de-estambul-turquia\/\" \/>\n<meta property=\"og:site_name\" content=\"Tour Travel And More\" \/>\n<meta property=\"article:publisher\" content=\"https:\/\/www.facebook.com\/tourtravelandmore\/\" \/>\n<meta property=\"article:modified_time\" content=\"2024-08-27T20:15:33+00:00\" \/>\n<meta property=\"og:image\" content=\"https:\/\/tourtravelandmore.com\/wp-content\/uploads\/2021\/06\/istanbul-5-scaled.jpg\" \/>\n\t<meta property=\"og:image:width\" content=\"1829\" \/>\n\t<meta property=\"og:image:height\" content=\"2560\" \/>\n\t<meta property=\"og:image:type\" content=\"image\/jpeg\" \/>\n<meta name=\"twitter:card\" content=\"summary_large_image\" \/>\n<meta name=\"twitter:site\" content=\"@TourTravel_More\" \/>\n<meta name=\"twitter:label1\" content=\"Tiempo de lectura\" \/>\n\t<meta name=\"twitter:data1\" content=\"3 minutos\" \/>\n<script type=\"application\/ld+json\" class=\"yoast-schema-graph\">{\"@context\":\"https:\/\/schema.org\",\"@graph\":[{\"@type\":\"WebPage\",\"@id\":\"https:\/\/tourtravelandmore.com\/es\/tours\/turquia-es\/estambul-es\/tour-privado-de-medio-dia-al-palacio-de-topkapi-y-al-gran-bazar-de-estambul-turquia\/\",\"url\":\"https:\/\/tourtravelandmore.com\/es\/tours\/turquia-es\/estambul-es\/tour-privado-de-medio-dia-al-palacio-de-topkapi-y-al-gran-bazar-de-estambul-turquia\/\",\"name\":\"\u27a1\ufe0f Tour privado al Palacio de Topkapi y al Gran Bazar de Estambul | Tour Travel & More\",\"isPartOf\":{\"@id\":\"https:\/\/tourtravelandmore.com\/es\/#website\"},\"primaryImageOfPage\":{\"@id\":\"https:\/\/tourtravelandmore.com\/es\/tours\/turquia-es\/estambul-es\/tour-privado-de-medio-dia-al-palacio-de-topkapi-y-al-gran-bazar-de-estambul-turquia\/#primaryimage\"},\"image\":{\"@id\":\"https:\/\/tourtravelandmore.com\/es\/tours\/turquia-es\/estambul-es\/tour-privado-de-medio-dia-al-palacio-de-topkapi-y-al-gran-bazar-de-estambul-turquia\/#primaryimage\"},\"thumbnailUrl\":\"https:\/\/tourtravelandmore.com\/wp-content\/uploads\/2021\/06\/istanbul-5-scaled.jpg\",\"datePublished\":\"2021-06-10T08:34:03+00:00\",\"dateModified\":\"2024-08-27T20:15:33+00:00\",\"description\":\"Tour privado de 6 horas donde disfrutar\u00e1s del paseo por los edificios y patios del palacio de Topkapi y el gran bazar de Estambul \u2705\",\"breadcrumb\":{\"@id\":\"https:\/\/tourtravelandmore.com\/es\/tours\/turquia-es\/estambul-es\/tour-privado-de-medio-dia-al-palacio-de-topkapi-y-al-gran-bazar-de-estambul-turquia\/#breadcrumb\"},\"inLanguage\":\"es\",\"potentialAction\":[{\"@type\":\"ReadAction\",\"target\":[\"https:\/\/tourtravelandmore.com\/es\/tours\/turquia-es\/estambul-es\/tour-privado-de-medio-dia-al-palacio-de-topkapi-y-al-gran-bazar-de-estambul-turquia\/\"]}]},{\"@type\":\"ImageObject\",\"inLanguage\":\"es\",\"@id\":\"https:\/\/tourtravelandmore.com\/es\/tours\/turquia-es\/estambul-es\/tour-privado-de-medio-dia-al-palacio-de-topkapi-y-al-gran-bazar-de-estambul-turquia\/#primaryimage\",\"url\":\"https:\/\/tourtravelandmore.com\/wp-content\/uploads\/2021\/06\/istanbul-5-scaled.jpg\",\"contentUrl\":\"https:\/\/tourtravelandmore.com\/wp-content\/uploads\/2021\/06\/istanbul-5-scaled.jpg\",\"width\":1829,\"height\":2560},{\"@type\":\"BreadcrumbList\",\"@id\":\"https:\/\/tourtravelandmore.com\/es\/tours\/turquia-es\/estambul-es\/tour-privado-de-medio-dia-al-palacio-de-topkapi-y-al-gran-bazar-de-estambul-turquia\/#breadcrumb\",\"itemListElement\":[{\"@type\":\"ListItem\",\"position\":1,\"name\":\"Home\",\"item\":\"https:\/\/tourtravelandmore.com\/es\/\"},{\"@type\":\"ListItem\",\"position\":2,\"name\":\"Tours\",\"item\":\"https:\/\/tourtravelandmore.com\/es\/tours\/\"},{\"@type\":\"ListItem\",\"position\":3,\"name\":\"Tour privado de Estambul desde la terminal de cruceros\"}]},{\"@type\":\"WebSite\",\"@id\":\"https:\/\/tourtravelandmore.com\/es\/#website\",\"url\":\"https:\/\/tourtravelandmore.com\/es\/\",\"name\":\"Tour Travel And More\",\"description\":\"Private sightseeing tours and luxury transfers in Spain\",\"publisher\":{\"@id\":\"https:\/\/tourtravelandmore.com\/es\/#organization\"},\"potentialAction\":[{\"@type\":\"SearchAction\",\"target\":{\"@type\":\"EntryPoint\",\"urlTemplate\":\"https:\/\/tourtravelandmore.com\/es\/?s={search_term_string}\"},\"query-input\":{\"@type\":\"PropertyValueSpecification\",\"valueRequired\":true,\"valueName\":\"search_term_string\"}}],\"inLanguage\":\"es\"},{\"@type\":\"Organization\",\"@id\":\"https:\/\/tourtravelandmore.com\/es\/#organization\",\"name\":\"Tour Travel And More\",\"url\":\"https:\/\/tourtravelandmore.com\/es\/\",\"logo\":{\"@type\":\"ImageObject\",\"inLanguage\":\"es\",\"@id\":\"https:\/\/tourtravelandmore.com\/es\/#\/schema\/logo\/image\/\",\"url\":\"https:\/\/tourtravelandmore.com\/wp-content\/uploads\/2022\/12\/cropped-logo-cabecera-new.png\",\"contentUrl\":\"https:\/\/tourtravelandmore.com\/wp-content\/uploads\/2022\/12\/cropped-logo-cabecera-new.png\",\"width\":430,\"height\":61,\"caption\":\"Tour Travel And More\"},\"image\":{\"@id\":\"https:\/\/tourtravelandmore.com\/es\/#\/schema\/logo\/image\/\"},\"sameAs\":[\"https:\/\/www.facebook.com\/tourtravelandmore\/\",\"https:\/\/x.com\/TourTravel_More\"]}]}<\/script>\n<!-- \/ Yoast SEO Premium plugin. -->","yoast_head_json":{"title":"\u27a1\ufe0f Tour privado al Palacio de Topkapi y al Gran Bazar de Estambul | Tour Travel & More","description":"Tour privado de 6 horas donde disfrutar\u00e1s del paseo por los edificios y patios del palacio de Topkapi y el gran bazar de Estambul \u2705","robots":{"index":"index","follow":"follow","max-snippet":"max-snippet:-1","max-image-preview":"max-image-preview:large","max-video-preview":"max-video-preview:-1"},"canonical":"https:\/\/tourtravelandmore.com\/es\/tours\/turquia-es\/estambul-es\/tour-privado-de-medio-dia-al-palacio-de-topkapi-y-al-gran-bazar-de-estambul-turquia\/","og_locale":"es_ES","og_type":"article","og_title":"Tour privado de Estambul desde la terminal de cruceros","og_description":"Tour privado de 6 horas donde disfrutar\u00e1s del paseo por los edificios y patios del palacio de Topkapi y el gran bazar de Estambul \u2705","og_url":"https:\/\/tourtravelandmore.com\/es\/tours\/turquia-es\/estambul-es\/tour-privado-de-medio-dia-al-palacio-de-topkapi-y-al-gran-bazar-de-estambul-turquia\/","og_site_name":"Tour Travel And More","article_publisher":"https:\/\/www.facebook.com\/tourtravelandmore\/","article_modified_time":"2024-08-27T20:15:33+00:00","og_image":[{"width":1829,"height":2560,"url":"https:\/\/tourtravelandmore.com\/wp-content\/uploads\/2021\/06\/istanbul-5-scaled.jpg","type":"image\/jpeg"}],"twitter_card":"summary_large_image","twitter_site":"@TourTravel_More","twitter_misc":{"Tiempo de lectura":"3 minutos"},"schema":{"@context":"https:\/\/schema.org","@graph":[{"@type":"WebPage","@id":"https:\/\/tourtravelandmore.com\/es\/tours\/turquia-es\/estambul-es\/tour-privado-de-medio-dia-al-palacio-de-topkapi-y-al-gran-bazar-de-estambul-turquia\/","url":"https:\/\/tourtravelandmore.com\/es\/tours\/turquia-es\/estambul-es\/tour-privado-de-medio-dia-al-palacio-de-topkapi-y-al-gran-bazar-de-estambul-turquia\/","name":"\u27a1\ufe0f Tour privado al Palacio de Topkapi y al Gran Bazar de Estambul | Tour Travel & More","isPartOf":{"@id":"https:\/\/tourtravelandmore.com\/es\/#website"},"primaryImageOfPage":{"@id":"https:\/\/tourtravelandmore.com\/es\/tours\/turquia-es\/estambul-es\/tour-privado-de-medio-dia-al-palacio-de-topkapi-y-al-gran-bazar-de-estambul-turquia\/#primaryimage"},"image":{"@id":"https:\/\/tourtravelandmore.com\/es\/tours\/turquia-es\/estambul-es\/tour-privado-de-medio-dia-al-palacio-de-topkapi-y-al-gran-bazar-de-estambul-turquia\/#primaryimage"},"thumbnailUrl":"https:\/\/tourtravelandmore.com\/wp-content\/uploads\/2021\/06\/istanbul-5-scaled.jpg","datePublished":"2021-06-10T08:34:03+00:00","dateModified":"2024-08-27T20:15:33+00:00","description":"Tour privado de 6 horas donde disfrutar\u00e1s del paseo por los edificios y patios del palacio de Topkapi y el gran bazar de Estambul \u2705","breadcrumb":{"@id":"https:\/\/tourtravelandmore.com\/es\/tours\/turquia-es\/estambul-es\/tour-privado-de-medio-dia-al-palacio-de-topkapi-y-al-gran-bazar-de-estambul-turquia\/#breadcrumb"},"inLanguage":"es","potentialAction":[{"@type":"ReadAction","target":["https:\/\/tourtravelandmore.com\/es\/tours\/turquia-es\/estambul-es\/tour-privado-de-medio-dia-al-palacio-de-topkapi-y-al-gran-bazar-de-estambul-turquia\/"]}]},{"@type":"ImageObject","inLanguage":"es","@id":"https:\/\/tourtravelandmore.com\/es\/tours\/turquia-es\/estambul-es\/tour-privado-de-medio-dia-al-palacio-de-topkapi-y-al-gran-bazar-de-estambul-turquia\/#primaryimage","url":"https:\/\/tourtravelandmore.com\/wp-content\/uploads\/2021\/06\/istanbul-5-scaled.jpg","contentUrl":"https:\/\/tourtravelandmore.com\/wp-content\/uploads\/2021\/06\/istanbul-5-scaled.jpg","width":1829,"height":2560},{"@type":"BreadcrumbList","@id":"https:\/\/tourtravelandmore.com\/es\/tours\/turquia-es\/estambul-es\/tour-privado-de-medio-dia-al-palacio-de-topkapi-y-al-gran-bazar-de-estambul-turquia\/#breadcrumb","itemListElement":[{"@type":"ListItem","position":1,"name":"Home","item":"https:\/\/tourtravelandmore.com\/es\/"},{"@type":"ListItem","position":2,"name":"Tours","item":"https:\/\/tourtravelandmore.com\/es\/tours\/"},{"@type":"ListItem","position":3,"name":"Tour privado de Estambul desde la terminal de cruceros"}]},{"@type":"WebSite","@id":"https:\/\/tourtravelandmore.com\/es\/#website","url":"https:\/\/tourtravelandmore.com\/es\/","name":"Tour Travel And More","description":"Private sightseeing tours and luxury transfers in Spain","publisher":{"@id":"https:\/\/tourtravelandmore.com\/es\/#organization"},"potentialAction":[{"@type":"SearchAction","target":{"@type":"EntryPoint","urlTemplate":"https:\/\/tourtravelandmore.com\/es\/?s={search_term_string}"},"query-input":{"@type":"PropertyValueSpecification","valueRequired":true,"valueName":"search_term_string"}}],"inLanguage":"es"},{"@type":"Organization","@id":"https:\/\/tourtravelandmore.com\/es\/#organization","name":"Tour Travel And More","url":"https:\/\/tourtravelandmore.com\/es\/","logo":{"@type":"ImageObject","inLanguage":"es","@id":"https:\/\/tourtravelandmore.com\/es\/#\/schema\/logo\/image\/","url":"https:\/\/tourtravelandmore.com\/wp-content\/uploads\/2022\/12\/cropped-logo-cabecera-new.png","contentUrl":"https:\/\/tourtravelandmore.com\/wp-content\/uploads\/2022\/12\/cropped-logo-cabecera-new.png","width":430,"height":61,"caption":"Tour Travel And More"},"image":{"@id":"https:\/\/tourtravelandmore.com\/es\/#\/schema\/logo\/image\/"},"sameAs":["https:\/\/www.facebook.com\/tourtravelandmore\/","https:\/\/x.com\/TourTravel_More"]}]}},"_links":{"self":[{"href":"https:\/\/tourtravelandmore.com\/es\/wp-json\/wp\/v2\/product\/107829","targetHints":{"allow":["GET"]}}],"collection":[{"href":"https:\/\/tourtravelandmore.com\/es\/wp-json\/wp\/v2\/product"}],"about":[{"href":"https:\/\/tourtravelandmore.com\/es\/wp-json\/wp\/v2\/types\/product"}],"replies":[{"embeddable":true,"href":"https:\/\/tourtravelandmore.com\/es\/wp-json\/wp\/v2\/comments?post=107829"}],"wp:featuredmedia":[{"embeddable":true,"href":"https:\/\/tourtravelandmore.com\/es\/wp-json\/wp\/v2\/media\/107570"}],"wp:attachment":[{"href":"https:\/\/tourtravelandmore.com\/es\/wp-json\/wp\/v2\/media?parent=107829"}],"wp:term":[{"taxonomy":"product_brand","embeddable":true,"href":"https:\/\/tourtravelandmore.com\/es\/wp-json\/wp\/v2\/product_brand?post=107829"},{"taxonomy":"product_cat","embeddable":true,"href":"https:\/\/tourtravelandmore.com\/es\/wp-json\/wp\/v2\/product_cat?post=107829"},{"taxonomy":"product_tag","embeddable":true,"href":"https:\/\/tourtravelandmore.com\/es\/wp-json\/wp\/v2\/product_tag?post=107829"}],"curies":[{"name":"wp","href":"https:\/\/api.w.org\/{rel}","templated":true}]}}