{"id":10738,"date":"2016-10-28T10:37:40","date_gmt":"2017-02-10T10:23:52","guid":{"rendered":"http:\/\/tourtravelandmore.com\/es\/?post_type=product&#038;p=10738"},"modified":"2022-11-26T01:05:35","modified_gmt":"2022-11-26T00:05:35","slug":"tour-tapas-barcelona","status":"publish","type":"product","link":"https:\/\/tourtravelandmore.com\/es\/tours\/espana-es\/barcelona-es\/barcelona-actividades-es\/tour-tapas-barcelona\/","title":{"rendered":"Tapas Tour Barcelona &#8211; Tour privado"},"content":{"rendered":"<h2><strong>Descripci\u00f3n del tour de tapas en Barcelona<\/strong><\/h2>\n<p>Disfrute de una experiencia magn\u00edfica con las Tapas<strong>\u00a0tour de Barcelona<\/strong>. Podr\u00e1 conocer el centro hist\u00f3rico de la ciudad junto a su gu\u00eda privado oficial y disfrutar de la gastronom\u00eda, tapeando en\u00a0 <strong>restaurantes de Tapas<\/strong> y disfrutar de una experiencia \u00fanica muy t\u00edpica de Espa\u00f1a.<\/p>\n<p>A lo largo del Tapas Tour de Barcelona, nuestro gu\u00eda os explicar\u00e1 las atracciones tur\u00edsticas m\u00e1s importantes, la historia de la ciudad y su gastronom\u00eda, os recomendar\u00e1 y explicar\u00e1 en todo momento tapas t\u00edpicas de Espa\u00f1a. No s\u00f3lo tendr\u00e1 conocimiento de la comida, sino de una de las bebidas m\u00e1s populares, el Vino.<\/p>\n<p>La duraci\u00f3n del Tapas tour es de 4 Horas y est\u00e1n incluidas la comida y la bebida (5 tapas por persona y 3 bebidas por persona).<\/p>\n<p>Podemos organizar una recogida y devoluci\u00f3n privada al centro o si prefieren puede ir directamente por su cuenta.<\/p>\n<h2>Puntos de Inter\u00e9s en el tour de tapas en Barcelona<\/h2>\n<p>El tour comienza en un lugar c\u00e9ntrico de Barcelona. En funci\u00f3n del Hotel que est\u00e9is alojados os indicaremos desde d\u00f3nde empezar, aunque si ten\u00e9is una zona que os guste, no hay problema, nuestro gu\u00eda os esperar\u00e1 en un punto de encuentro de la ciudad.<\/p>\n<p>El Tour se centrar\u00e1 en la gastronom\u00eda Espa\u00f1ola, en especial en la cultura de las <a href=\"https:\/\/es.wikipedia.org\/wiki\/Tapa_(alimento)\"><strong>Tapas<\/strong><\/a>. A lo largo de las 4 Horas recorremos las calles principales y pararemos en 3 bares diferentes para conocer diferentes tapas y vinos. Hay una gran variedad de tapas para escoger, os dejamos nuestra lista de nuestras tapas favoritas:<\/p>\n<ul>\n<li><strong>Aceitunas<\/strong><\/li>\n<li><strong>Boquerenos en Vinagre<\/strong><\/li>\n<li><strong>Croquetas<\/strong><\/li>\n<li><strong>Calamares a la Romana<\/strong><\/li>\n<li><strong>Chipirones<\/strong><\/li>\n<li><strong>Ensaladilla Rusa<\/strong><\/li>\n<li><strong>Gazpacho<\/strong><\/li>\n<li><strong>Huevos rotos o estrellados (Nuestros Favoritos y si son con Jam\u00f3n Ib\u00e9rico mejor)<\/strong><\/li>\n<li><strong>Jam\u00f3n Iberico<\/strong><\/li>\n<li><strong>Patas Bravas<\/strong><\/li>\n<li><strong>Pulpo a la Gallega<\/strong><\/li>\n<li><strong>Queso manchego<\/strong><\/li>\n<li><strong>Tortilla de Patas<\/strong><\/li>\n<li><strong>Mucho m\u00e1s!!<\/strong><\/li>\n<\/ul>\n<p>La comida y bebida est\u00e1 incluida a lo largo del recorrido. Para m\u00e1s informaci\u00f3n puede contactar a trav\u00e9s del formulario de contacto del tour y nuestro equipo le pasar\u00e1 la informaci\u00f3n detallada del tour. Nuestro gu\u00eda es una persona con conocimiento del pa\u00eds y de la comida, en todo momento les recomendar\u00e1 y le pueden preguntar.<\/p>\n<p>Si desea conocer m\u00e1s actividades que ofrecemos pueden consultar el listado de <a href=\"https:\/\/tourtravelandmore.com\/city\/spain\/barcelona-en\/\">nuestros tours de Barcelona.<\/a><\/p>\n","protected":false},"excerpt":{"rendered":"<p>Aproveche esta oportunidad para disfrutar de una <strong>gran experiencia de tapas en Barcelona<\/strong> y conocer las <strong>t\u00edpicas tapas espa\u00f1olas<\/strong> de las que todo el mundo habla. Puede ir directamente al centro de la ciudad y encontrarse con su gu\u00eda all\u00ed o podemos organizar un lujoso traslado de ida y vuelta desde y hacia su hotel para que esta experiencia sea a\u00fan m\u00e1s c\u00f3moda. Prep\u00e1rate para degustar uno de los platos espa\u00f1oles m\u00e1s t\u00edpicos.<\/p>\n","protected":false},"featured_media":7689,"comment_status":"open","ping_status":"closed","template":"","meta":{"_acf_changed":false},"product_brand":[],"product_cat":[266,271],"product_tag":[232],"class_list":{"0":"post-10738","1":"product","2":"type-product","3":"status-publish","4":"has-post-thumbnail","6":"product_cat-barcelona-actividades-es","7":"product_cat-barcelona-tours-privados-pie-es","8":"product_tag-tours-tapas-gastronomicos","10":"first","11":"instock","12":"shipping-taxable","13":"purchasable","14":"product-type-simple"},"acf":[],"yoast_head":"<!-- This site is optimized with the Yoast SEO Premium plugin v25.3.1 (Yoast SEO v25.3.1) - https:\/\/yoast.com\/wordpress\/plugins\/seo\/ -->\n<title>\u27a1\ufe0f Tapas Tour Barcelona | Tour Travel &amp; More<\/title>\n<meta name=\"description\" content=\"Disfrute de la gastronom\u00eda espa\u00f1ola, gracias a este Tapas tour de Barcelona, junto a su gu\u00eda. Conoce a pie los mejores lugares de tapas y su historia \u2705\" \/>\n<meta name=\"robots\" content=\"index, follow, max-snippet:-1, max-image-preview:large, max-video-preview:-1\" \/>\n<link rel=\"canonical\" href=\"https:\/\/tourtravelandmore.com\/es\/tours\/espana-es\/barcelona-es\/barcelona-actividades-es\/tour-tapas-barcelona\/\" \/>\n<meta property=\"og:locale\" content=\"es_ES\" \/>\n<meta property=\"og:type\" content=\"article\" \/>\n<meta property=\"og:title\" content=\"Tapas Tour Barcelona - Tour privado\" \/>\n<meta property=\"og:description\" content=\"Disfrute de la gastronom\u00eda espa\u00f1ola, gracias a este Tapas tour de Barcelona, junto a su gu\u00eda. Conoce a pie los mejores lugares de tapas y su historia \u2705\" \/>\n<meta property=\"og:url\" content=\"https:\/\/tourtravelandmore.com\/es\/tours\/espana-es\/barcelona-es\/barcelona-actividades-es\/tour-tapas-barcelona\/\" \/>\n<meta property=\"og:site_name\" content=\"Tour Travel And More\" \/>\n<meta property=\"article:publisher\" content=\"https:\/\/www.facebook.com\/tourtravelandmore\/\" \/>\n<meta property=\"article:modified_time\" content=\"2022-11-26T00:05:35+00:00\" \/>\n<meta property=\"og:image\" content=\"https:\/\/tourtravelandmore.com\/wp-content\/uploads\/2016\/10\/Tapas7.jpg\" \/>\n\t<meta property=\"og:image:width\" content=\"1024\" \/>\n\t<meta property=\"og:image:height\" content=\"682\" \/>\n\t<meta property=\"og:image:type\" content=\"image\/jpeg\" \/>\n<meta name=\"twitter:card\" content=\"summary_large_image\" \/>\n<meta name=\"twitter:site\" content=\"@TourTravel_More\" \/>\n<meta name=\"twitter:label1\" content=\"Tiempo de lectura\" \/>\n\t<meta name=\"twitter:data1\" content=\"2 minutos\" \/>\n<script type=\"application\/ld+json\" class=\"yoast-schema-graph\">{\"@context\":\"https:\/\/schema.org\",\"@graph\":[{\"@type\":\"WebPage\",\"@id\":\"https:\/\/tourtravelandmore.com\/es\/tours\/espana-es\/barcelona-es\/barcelona-actividades-es\/tour-tapas-barcelona\/\",\"url\":\"https:\/\/tourtravelandmore.com\/es\/tours\/espana-es\/barcelona-es\/barcelona-actividades-es\/tour-tapas-barcelona\/\",\"name\":\"\u27a1\ufe0f Tapas Tour Barcelona | Tour Travel & More\",\"isPartOf\":{\"@id\":\"https:\/\/tourtravelandmore.com\/es\/#website\"},\"primaryImageOfPage\":{\"@id\":\"https:\/\/tourtravelandmore.com\/es\/tours\/espana-es\/barcelona-es\/barcelona-actividades-es\/tour-tapas-barcelona\/#primaryimage\"},\"image\":{\"@id\":\"https:\/\/tourtravelandmore.com\/es\/tours\/espana-es\/barcelona-es\/barcelona-actividades-es\/tour-tapas-barcelona\/#primaryimage\"},\"thumbnailUrl\":\"https:\/\/tourtravelandmore.com\/wp-content\/uploads\/2016\/10\/Tapas7.jpg\",\"datePublished\":\"2017-02-10T10:23:52+00:00\",\"dateModified\":\"2022-11-26T00:05:35+00:00\",\"description\":\"Disfrute de la gastronom\u00eda espa\u00f1ola, gracias a este Tapas tour de Barcelona, junto a su gu\u00eda. Conoce a pie los mejores lugares de tapas y su historia \u2705\",\"breadcrumb\":{\"@id\":\"https:\/\/tourtravelandmore.com\/es\/tours\/espana-es\/barcelona-es\/barcelona-actividades-es\/tour-tapas-barcelona\/#breadcrumb\"},\"inLanguage\":\"es\",\"potentialAction\":[{\"@type\":\"ReadAction\",\"target\":[\"https:\/\/tourtravelandmore.com\/es\/tours\/espana-es\/barcelona-es\/barcelona-actividades-es\/tour-tapas-barcelona\/\"]}]},{\"@type\":\"ImageObject\",\"inLanguage\":\"es\",\"@id\":\"https:\/\/tourtravelandmore.com\/es\/tours\/espana-es\/barcelona-es\/barcelona-actividades-es\/tour-tapas-barcelona\/#primaryimage\",\"url\":\"https:\/\/tourtravelandmore.com\/wp-content\/uploads\/2016\/10\/Tapas7.jpg\",\"contentUrl\":\"https:\/\/tourtravelandmore.com\/wp-content\/uploads\/2016\/10\/Tapas7.jpg\",\"width\":1024,\"height\":682},{\"@type\":\"BreadcrumbList\",\"@id\":\"https:\/\/tourtravelandmore.com\/es\/tours\/espana-es\/barcelona-es\/barcelona-actividades-es\/tour-tapas-barcelona\/#breadcrumb\",\"itemListElement\":[{\"@type\":\"ListItem\",\"position\":1,\"name\":\"Home\",\"item\":\"https:\/\/tourtravelandmore.com\/es\/\"},{\"@type\":\"ListItem\",\"position\":2,\"name\":\"Tours\",\"item\":\"https:\/\/tourtravelandmore.com\/es\/tours\/\"},{\"@type\":\"ListItem\",\"position\":3,\"name\":\"Tapas Tour Barcelona &#8211; Tour privado\"}]},{\"@type\":\"WebSite\",\"@id\":\"https:\/\/tourtravelandmore.com\/es\/#website\",\"url\":\"https:\/\/tourtravelandmore.com\/es\/\",\"name\":\"Tour Travel And More\",\"description\":\"Private sightseeing tours and luxury transfers in Spain\",\"publisher\":{\"@id\":\"https:\/\/tourtravelandmore.com\/es\/#organization\"},\"potentialAction\":[{\"@type\":\"SearchAction\",\"target\":{\"@type\":\"EntryPoint\",\"urlTemplate\":\"https:\/\/tourtravelandmore.com\/es\/?s={search_term_string}\"},\"query-input\":{\"@type\":\"PropertyValueSpecification\",\"valueRequired\":true,\"valueName\":\"search_term_string\"}}],\"inLanguage\":\"es\"},{\"@type\":\"Organization\",\"@id\":\"https:\/\/tourtravelandmore.com\/es\/#organization\",\"name\":\"Tour Travel And More\",\"url\":\"https:\/\/tourtravelandmore.com\/es\/\",\"logo\":{\"@type\":\"ImageObject\",\"inLanguage\":\"es\",\"@id\":\"https:\/\/tourtravelandmore.com\/es\/#\/schema\/logo\/image\/\",\"url\":\"https:\/\/tourtravelandmore.com\/wp-content\/uploads\/2022\/12\/cropped-logo-cabecera-new.png\",\"contentUrl\":\"https:\/\/tourtravelandmore.com\/wp-content\/uploads\/2022\/12\/cropped-logo-cabecera-new.png\",\"width\":430,\"height\":61,\"caption\":\"Tour Travel And More\"},\"image\":{\"@id\":\"https:\/\/tourtravelandmore.com\/es\/#\/schema\/logo\/image\/\"},\"sameAs\":[\"https:\/\/www.facebook.com\/tourtravelandmore\/\",\"https:\/\/x.com\/TourTravel_More\"]}]}<\/script>\n<!-- \/ Yoast SEO Premium plugin. -->","yoast_head_json":{"title":"\u27a1\ufe0f Tapas Tour Barcelona | Tour Travel & More","description":"Disfrute de la gastronom\u00eda espa\u00f1ola, gracias a este Tapas tour de Barcelona, junto a su gu\u00eda. Conoce a pie los mejores lugares de tapas y su historia \u2705","robots":{"index":"index","follow":"follow","max-snippet":"max-snippet:-1","max-image-preview":"max-image-preview:large","max-video-preview":"max-video-preview:-1"},"canonical":"https:\/\/tourtravelandmore.com\/es\/tours\/espana-es\/barcelona-es\/barcelona-actividades-es\/tour-tapas-barcelona\/","og_locale":"es_ES","og_type":"article","og_title":"Tapas Tour Barcelona - Tour privado","og_description":"Disfrute de la gastronom\u00eda espa\u00f1ola, gracias a este Tapas tour de Barcelona, junto a su gu\u00eda. Conoce a pie los mejores lugares de tapas y su historia \u2705","og_url":"https:\/\/tourtravelandmore.com\/es\/tours\/espana-es\/barcelona-es\/barcelona-actividades-es\/tour-tapas-barcelona\/","og_site_name":"Tour Travel And More","article_publisher":"https:\/\/www.facebook.com\/tourtravelandmore\/","article_modified_time":"2022-11-26T00:05:35+00:00","og_image":[{"width":1024,"height":682,"url":"https:\/\/tourtravelandmore.com\/wp-content\/uploads\/2016\/10\/Tapas7.jpg","type":"image\/jpeg"}],"twitter_card":"summary_large_image","twitter_site":"@TourTravel_More","twitter_misc":{"Tiempo de lectura":"2 minutos"},"schema":{"@context":"https:\/\/schema.org","@graph":[{"@type":"WebPage","@id":"https:\/\/tourtravelandmore.com\/es\/tours\/espana-es\/barcelona-es\/barcelona-actividades-es\/tour-tapas-barcelona\/","url":"https:\/\/tourtravelandmore.com\/es\/tours\/espana-es\/barcelona-es\/barcelona-actividades-es\/tour-tapas-barcelona\/","name":"\u27a1\ufe0f Tapas Tour Barcelona | Tour Travel & More","isPartOf":{"@id":"https:\/\/tourtravelandmore.com\/es\/#website"},"primaryImageOfPage":{"@id":"https:\/\/tourtravelandmore.com\/es\/tours\/espana-es\/barcelona-es\/barcelona-actividades-es\/tour-tapas-barcelona\/#primaryimage"},"image":{"@id":"https:\/\/tourtravelandmore.com\/es\/tours\/espana-es\/barcelona-es\/barcelona-actividades-es\/tour-tapas-barcelona\/#primaryimage"},"thumbnailUrl":"https:\/\/tourtravelandmore.com\/wp-content\/uploads\/2016\/10\/Tapas7.jpg","datePublished":"2017-02-10T10:23:52+00:00","dateModified":"2022-11-26T00:05:35+00:00","description":"Disfrute de la gastronom\u00eda espa\u00f1ola, gracias a este Tapas tour de Barcelona, junto a su gu\u00eda. Conoce a pie los mejores lugares de tapas y su historia \u2705","breadcrumb":{"@id":"https:\/\/tourtravelandmore.com\/es\/tours\/espana-es\/barcelona-es\/barcelona-actividades-es\/tour-tapas-barcelona\/#breadcrumb"},"inLanguage":"es","potentialAction":[{"@type":"ReadAction","target":["https:\/\/tourtravelandmore.com\/es\/tours\/espana-es\/barcelona-es\/barcelona-actividades-es\/tour-tapas-barcelona\/"]}]},{"@type":"ImageObject","inLanguage":"es","@id":"https:\/\/tourtravelandmore.com\/es\/tours\/espana-es\/barcelona-es\/barcelona-actividades-es\/tour-tapas-barcelona\/#primaryimage","url":"https:\/\/tourtravelandmore.com\/wp-content\/uploads\/2016\/10\/Tapas7.jpg","contentUrl":"https:\/\/tourtravelandmore.com\/wp-content\/uploads\/2016\/10\/Tapas7.jpg","width":1024,"height":682},{"@type":"BreadcrumbList","@id":"https:\/\/tourtravelandmore.com\/es\/tours\/espana-es\/barcelona-es\/barcelona-actividades-es\/tour-tapas-barcelona\/#breadcrumb","itemListElement":[{"@type":"ListItem","position":1,"name":"Home","item":"https:\/\/tourtravelandmore.com\/es\/"},{"@type":"ListItem","position":2,"name":"Tours","item":"https:\/\/tourtravelandmore.com\/es\/tours\/"},{"@type":"ListItem","position":3,"name":"Tapas Tour Barcelona &#8211; Tour privado"}]},{"@type":"WebSite","@id":"https:\/\/tourtravelandmore.com\/es\/#website","url":"https:\/\/tourtravelandmore.com\/es\/","name":"Tour Travel And More","description":"Private sightseeing tours and luxury transfers in Spain","publisher":{"@id":"https:\/\/tourtravelandmore.com\/es\/#organization"},"potentialAction":[{"@type":"SearchAction","target":{"@type":"EntryPoint","urlTemplate":"https:\/\/tourtravelandmore.com\/es\/?s={search_term_string}"},"query-input":{"@type":"PropertyValueSpecification","valueRequired":true,"valueName":"search_term_string"}}],"inLanguage":"es"},{"@type":"Organization","@id":"https:\/\/tourtravelandmore.com\/es\/#organization","name":"Tour Travel And More","url":"https:\/\/tourtravelandmore.com\/es\/","logo":{"@type":"ImageObject","inLanguage":"es","@id":"https:\/\/tourtravelandmore.com\/es\/#\/schema\/logo\/image\/","url":"https:\/\/tourtravelandmore.com\/wp-content\/uploads\/2022\/12\/cropped-logo-cabecera-new.png","contentUrl":"https:\/\/tourtravelandmore.com\/wp-content\/uploads\/2022\/12\/cropped-logo-cabecera-new.png","width":430,"height":61,"caption":"Tour Travel And More"},"image":{"@id":"https:\/\/tourtravelandmore.com\/es\/#\/schema\/logo\/image\/"},"sameAs":["https:\/\/www.facebook.com\/tourtravelandmore\/","https:\/\/x.com\/TourTravel_More"]}]}},"_links":{"self":[{"href":"https:\/\/tourtravelandmore.com\/es\/wp-json\/wp\/v2\/product\/10738","targetHints":{"allow":["GET"]}}],"collection":[{"href":"https:\/\/tourtravelandmore.com\/es\/wp-json\/wp\/v2\/product"}],"about":[{"href":"https:\/\/tourtravelandmore.com\/es\/wp-json\/wp\/v2\/types\/product"}],"replies":[{"embeddable":true,"href":"https:\/\/tourtravelandmore.com\/es\/wp-json\/wp\/v2\/comments?post=10738"}],"wp:featuredmedia":[{"embeddable":true,"href":"https:\/\/tourtravelandmore.com\/es\/wp-json\/wp\/v2\/media\/7689"}],"wp:attachment":[{"href":"https:\/\/tourtravelandmore.com\/es\/wp-json\/wp\/v2\/media?parent=10738"}],"wp:term":[{"taxonomy":"product_brand","embeddable":true,"href":"https:\/\/tourtravelandmore.com\/es\/wp-json\/wp\/v2\/product_brand?post=10738"},{"taxonomy":"product_cat","embeddable":true,"href":"https:\/\/tourtravelandmore.com\/es\/wp-json\/wp\/v2\/product_cat?post=10738"},{"taxonomy":"product_tag","embeddable":true,"href":"https:\/\/tourtravelandmore.com\/es\/wp-json\/wp\/v2\/product_tag?post=10738"}],"curies":[{"name":"wp","href":"https:\/\/api.w.org\/{rel}","templated":true}]}}