{"id":107203,"date":"2021-05-20T13:29:23","date_gmt":"2021-05-20T11:29:24","guid":{"rendered":"https:\/\/tourtravelandmore.com\/?post_type=product&#038;p=107203"},"modified":"2023-09-29T13:53:34","modified_gmt":"2023-09-29T11:53:34","slug":"tour-privado-a-coimbra-desde-lisboa","status":"publish","type":"product","link":"https:\/\/tourtravelandmore.com\/es\/tours\/portugal-es\/lisboa-es\/tour-privado-a-coimbra-desde-lisboa\/","title":{"rendered":"Tour Privado a Coimbra"},"content":{"rendered":"<h2><b>Tour Privado a Coimbra desde Lisboa Descripci\u00f3n<\/b><\/h2>\n<p><span style=\"font-weight: 400;\">Emb\u00e1rquese en un viaje trascendental con nuestra excursi\u00f3n privada a Coimbra, un faro ilustre en los anales del pasado hist\u00f3rico de Portugal. Coimbra, antiguamente conocida como Conimbriga, fue la capital medieval de Portugal y resume una \u00e9poca en la que la grandeza de la est\u00e9tica y el esp\u00edritu romanos impregnaban todas las facetas de la Pen\u00ednsula Ib\u00e9rica. Al salir del bullicioso entramado urbano de Lisboa, un ch\u00f3fer se encargar\u00e1 de transportarle a trav\u00e9s de pintorescos paisajes, asegur\u00e1ndole una c\u00f3moda transici\u00f3n hacia el abrazo intemporal de Coimbra. Al pisar esta antigua ciudad, un erudito gu\u00eda local le espera para conducirle por los laber\u00ednticos pasillos de la historia. Aqu\u00ed, los relatos de los emperadores romanos se entrelazan a la perfecci\u00f3n con las historias de los estudiosos, creando un vibrante mosaico de pasado y presente. Mientras recorre las calles empedradas y los recintos hist\u00f3ricos, cada esquina despliega un nuevo cap\u00edtulo, cada piedra susurra una leyenda olvidada. Con la perspicaz narraci\u00f3n de su gu\u00eda personal, las joyas ocultas y los monumentos m\u00e1s destacados de la ciudad cobran vida en una sinfon\u00eda de historia, arquitectura y cultura. En Tour Travel and More, nos enorgullecemos de crear experiencias que no son s\u00f3lo visitas guiadas, sino intrincados tapices de recuerdos y comprensi\u00f3n. Conf\u00edenos su viaje y le prometemos una odisea que resonar\u00e1 con su sensibilidad \u00fanica, revelando la esencia misma de Coimbra en toda su gloria multifac\u00e9tica.<\/span><\/p>\n<h2><b>Tour Privado a Coimbra desde Lisboa Destacados<\/b><\/h2>\n<p><span style=\"font-weight: 400;\">El encanto de Coimbra reside en su mezcla de ambiente acad\u00e9mico y esencia medieval. Disfrute de las vistas de:<\/span><b><\/b><\/p>\n<ul>\n<li aria-level=\"1\"><b>La ilustre Universidad de Coimbra, declarada Patrimonio de la Humanidad por la UNESCO, que narra historias acad\u00e9micas de siglos pasados. No se pierda la Biblioteca Joanina y la Capilla de San Miguel, con su impresionante \u00f3rgano barroco.<\/b><\/li>\n<\/ul>\n<ul>\n<li aria-level=\"1\"><b>Monasterio de Santa Cruz y Monasterio de Santa Clara-a-Velha, ep\u00edtomes de la arquitectura eclesi\u00e1stica.<\/b><\/li>\n<\/ul>\n<ul>\n<li aria-level=\"1\"><b>S\u00e9 Velha, la Catedral Vieja, que se yergue resuelta como un faro de fervor religioso.<\/b><\/li>\n<\/ul>\n<ul>\n<li aria-level=\"1\"><b>El Museo Nacional Machado de Castro, que conserva el Criptop\u00f3rtico Romano y una vasta colecci\u00f3n que refleja el pasado de Coimbra.<\/b><\/li>\n<\/ul>\n<ul>\n<li aria-level=\"1\"><b>Quinta das L\u00e1grimas, repleta de historias rom\u00e1nticas y tr\u00e1gicas.<\/b><\/li>\n<\/ul>\n<ul>\n<li aria-level=\"1\"><b>Los verdes jardines bot\u00e1nicos, un remanso de paz.<\/b><\/li>\n<\/ul>\n<ul>\n<li aria-level=\"1\"><b>Los conmovedores acordes del fado tradicional, que resuenan en las antiguas callejuelas de la ciudad.<\/b><\/li>\n<\/ul>\n<h3><span style=\"font-weight: 400;\">Coimbra: Puntos de inter\u00e9s y monumentos<\/span><\/h3>\n<p><span style=\"font-weight: 400;\">Mezcla de tradici\u00f3n intemporal y b\u00fasqueda acad\u00e9mica, Coimbra resuena con un esp\u00edritu imperecedero que trasciende los meros pasillos acad\u00e9micos. El suelo mismo de esta ciudad ha sido testigo de profundos relatos hist\u00f3ricos, ninguno m\u00e1s evocador que el tr\u00e1gico romance de In\u00e9s de Castro y el Rey Pedro, sus historias susurradas por los vientos e inscritas en cada adoqu\u00edn. La doble identidad de Coimbra como antiguo asentamiento romano y faro de excelencia educativa la convierte en un tesoro de maravillas culturales e hist\u00f3ricas.<\/span><\/p>\n<p><span style=\"font-weight: 400;\">La ilustre Biblioteca Joanina se erige como basti\u00f3n del saber, con sus estantes adornados de manuscritos que se remontan a la Antig\u00fcedad, narrando en silencio historias de anta\u00f1o. El Monasterio de Santa Clara-a-Velha, con su ambiente reflexivo, invita a la introspecci\u00f3n, testimonio de una \u00e9poca de devoci\u00f3n religiosa y delicadeza arquitect\u00f3nica. Mientras pasea, la imponente fachada de la S\u00e9 Velha, o Catedral Vieja, se eleva con esplendor g\u00f3tico, haciendo eco de las reverberaciones del tiempo en sus arcos y agujas. Sum\u00e9rjase en las capas del pasado de Coimbra en el Museo Nacional Machado de Castro, donde los objetos del linaje romano de la ciudad aguardan a los ojos m\u00e1s perspicaces. En medio de este tapiz hist\u00f3rico, los evocadores acordes del fado impregnan el aire, tejiendo un paisaje sonoro que captura la conmovedora esencia de la psique portuguesa. Cada callej\u00f3n, cada monumento de Coimbra, invita a sumergirse, a escuchar y a recordar.<\/span><\/p>\n<p><span style=\"font-weight: 400;\">Para aquellos que anhelan explorar m\u00e1s a fondo el diverso tejido de Portugal, <\/span><a href=\"https:\/\/tourtravelandmore.com\/es\/ciudad\/portugal-es\/lisboa-es\/\"><span style=\"font-weight: 400;\">Tour Travel and More se enorgullece de presentar una cuidada selecci\u00f3n de tours privados con origen en Lisboa. <\/span><\/a><span style=\"font-weight: 400;\">Viva Portugal como nunca con nosotros.<\/span><\/p>\n","protected":false},"excerpt":{"rendered":"<p><span style=\"font-weight: 400;\">Descubra el encanto intemporal de Coimbra en esta visita privada. Desde sus ra\u00edces romanas hasta sus tradiciones eruditas, sum\u00e9rjase en el coraz\u00f3n medieval de Portugal, organizado por Tour Travel and More.<\/span><\/p>\n","protected":false},"featured_media":107219,"comment_status":"open","ping_status":"closed","template":"","meta":{"_acf_changed":false},"product_brand":[],"product_cat":[625,628,630,629],"product_tag":[],"class_list":{"0":"post-107203","1":"product","2":"type-product","3":"status-publish","4":"has-post-thumbnail","6":"product_cat-lisboa-es","7":"product_cat-lisboa-actividades-es","8":"product_cat-lisboa-rutas-turisticas-privadas-es","9":"product_cat-lisboa-excursiones-es","11":"first","12":"instock","13":"shipping-taxable","14":"purchasable","15":"product-type-simple"},"acf":[],"yoast_head":"<!-- This site is optimized with the Yoast SEO Premium plugin v25.3.1 (Yoast SEO v25.3.1) - https:\/\/yoast.com\/wordpress\/plugins\/seo\/ -->\n<title>\u27a1\ufe0f Tour Privado a Coimbra desde Lisboa: Sum\u00e9rjase en el pasado medieval de Portugal<\/title>\n<meta name=\"description\" content=\"Explore el legado romano de Coimbra, su antigua universidad y su conmovedor fado en esta excursi\u00f3n privada desde Lisboa. Organizado por Tour Travel and More.\u2705\" \/>\n<meta name=\"robots\" content=\"index, follow, max-snippet:-1, max-image-preview:large, max-video-preview:-1\" \/>\n<link rel=\"canonical\" href=\"https:\/\/tourtravelandmore.com\/es\/tours\/portugal-es\/lisboa-es\/tour-privado-a-coimbra-desde-lisboa\/\" \/>\n<meta property=\"og:locale\" content=\"es_ES\" \/>\n<meta property=\"og:type\" content=\"article\" \/>\n<meta property=\"og:title\" content=\"Tour Privado a Coimbra\" \/>\n<meta property=\"og:description\" content=\"Explore el legado romano de Coimbra, su antigua universidad y su conmovedor fado en esta excursi\u00f3n privada desde Lisboa. Organizado por Tour Travel and More.\u2705\" \/>\n<meta property=\"og:url\" content=\"https:\/\/tourtravelandmore.com\/es\/tours\/portugal-es\/lisboa-es\/tour-privado-a-coimbra-desde-lisboa\/\" \/>\n<meta property=\"og:site_name\" content=\"Tour Travel And More\" \/>\n<meta property=\"article:publisher\" content=\"https:\/\/www.facebook.com\/tourtravelandmore\/\" \/>\n<meta property=\"article:modified_time\" content=\"2023-09-29T11:53:34+00:00\" \/>\n<meta property=\"og:image\" content=\"https:\/\/tourtravelandmore.com\/wp-content\/uploads\/2021\/05\/coimbra-uni.jpeg\" \/>\n\t<meta property=\"og:image:width\" content=\"967\" \/>\n\t<meta property=\"og:image:height\" content=\"726\" \/>\n\t<meta property=\"og:image:type\" content=\"image\/jpeg\" \/>\n<meta name=\"twitter:card\" content=\"summary_large_image\" \/>\n<meta name=\"twitter:site\" content=\"@TourTravel_More\" \/>\n<meta name=\"twitter:label1\" content=\"Tiempo de lectura\" \/>\n\t<meta name=\"twitter:data1\" content=\"4 minutos\" \/>\n<script type=\"application\/ld+json\" class=\"yoast-schema-graph\">{\"@context\":\"https:\/\/schema.org\",\"@graph\":[{\"@type\":\"WebPage\",\"@id\":\"https:\/\/tourtravelandmore.com\/es\/tours\/portugal-es\/lisboa-es\/tour-privado-a-coimbra-desde-lisboa\/\",\"url\":\"https:\/\/tourtravelandmore.com\/es\/tours\/portugal-es\/lisboa-es\/tour-privado-a-coimbra-desde-lisboa\/\",\"name\":\"\u27a1\ufe0f Tour Privado a Coimbra desde Lisboa: Sum\u00e9rjase en el pasado medieval de Portugal\",\"isPartOf\":{\"@id\":\"https:\/\/tourtravelandmore.com\/es\/#website\"},\"primaryImageOfPage\":{\"@id\":\"https:\/\/tourtravelandmore.com\/es\/tours\/portugal-es\/lisboa-es\/tour-privado-a-coimbra-desde-lisboa\/#primaryimage\"},\"image\":{\"@id\":\"https:\/\/tourtravelandmore.com\/es\/tours\/portugal-es\/lisboa-es\/tour-privado-a-coimbra-desde-lisboa\/#primaryimage\"},\"thumbnailUrl\":\"https:\/\/tourtravelandmore.com\/wp-content\/uploads\/2021\/05\/coimbra-uni.jpeg\",\"datePublished\":\"2021-05-20T11:29:24+00:00\",\"dateModified\":\"2023-09-29T11:53:34+00:00\",\"description\":\"Explore el legado romano de Coimbra, su antigua universidad y su conmovedor fado en esta excursi\u00f3n privada desde Lisboa. Organizado por Tour Travel and More.\u2705\",\"breadcrumb\":{\"@id\":\"https:\/\/tourtravelandmore.com\/es\/tours\/portugal-es\/lisboa-es\/tour-privado-a-coimbra-desde-lisboa\/#breadcrumb\"},\"inLanguage\":\"es\",\"potentialAction\":[{\"@type\":\"ReadAction\",\"target\":[\"https:\/\/tourtravelandmore.com\/es\/tours\/portugal-es\/lisboa-es\/tour-privado-a-coimbra-desde-lisboa\/\"]}]},{\"@type\":\"ImageObject\",\"inLanguage\":\"es\",\"@id\":\"https:\/\/tourtravelandmore.com\/es\/tours\/portugal-es\/lisboa-es\/tour-privado-a-coimbra-desde-lisboa\/#primaryimage\",\"url\":\"https:\/\/tourtravelandmore.com\/wp-content\/uploads\/2021\/05\/coimbra-uni.jpeg\",\"contentUrl\":\"https:\/\/tourtravelandmore.com\/wp-content\/uploads\/2021\/05\/coimbra-uni.jpeg\",\"width\":967,\"height\":726,\"caption\":\"Coimbra\"},{\"@type\":\"BreadcrumbList\",\"@id\":\"https:\/\/tourtravelandmore.com\/es\/tours\/portugal-es\/lisboa-es\/tour-privado-a-coimbra-desde-lisboa\/#breadcrumb\",\"itemListElement\":[{\"@type\":\"ListItem\",\"position\":1,\"name\":\"Home\",\"item\":\"https:\/\/tourtravelandmore.com\/es\/\"},{\"@type\":\"ListItem\",\"position\":2,\"name\":\"Tours\",\"item\":\"https:\/\/tourtravelandmore.com\/es\/tours\/\"},{\"@type\":\"ListItem\",\"position\":3,\"name\":\"Tour Privado a Coimbra\"}]},{\"@type\":\"WebSite\",\"@id\":\"https:\/\/tourtravelandmore.com\/es\/#website\",\"url\":\"https:\/\/tourtravelandmore.com\/es\/\",\"name\":\"Tour Travel And More\",\"description\":\"Private sightseeing tours and luxury transfers in Spain\",\"publisher\":{\"@id\":\"https:\/\/tourtravelandmore.com\/es\/#organization\"},\"potentialAction\":[{\"@type\":\"SearchAction\",\"target\":{\"@type\":\"EntryPoint\",\"urlTemplate\":\"https:\/\/tourtravelandmore.com\/es\/?s={search_term_string}\"},\"query-input\":{\"@type\":\"PropertyValueSpecification\",\"valueRequired\":true,\"valueName\":\"search_term_string\"}}],\"inLanguage\":\"es\"},{\"@type\":\"Organization\",\"@id\":\"https:\/\/tourtravelandmore.com\/es\/#organization\",\"name\":\"Tour Travel And More\",\"url\":\"https:\/\/tourtravelandmore.com\/es\/\",\"logo\":{\"@type\":\"ImageObject\",\"inLanguage\":\"es\",\"@id\":\"https:\/\/tourtravelandmore.com\/es\/#\/schema\/logo\/image\/\",\"url\":\"https:\/\/tourtravelandmore.com\/wp-content\/uploads\/2022\/12\/cropped-logo-cabecera-new.png\",\"contentUrl\":\"https:\/\/tourtravelandmore.com\/wp-content\/uploads\/2022\/12\/cropped-logo-cabecera-new.png\",\"width\":430,\"height\":61,\"caption\":\"Tour Travel And More\"},\"image\":{\"@id\":\"https:\/\/tourtravelandmore.com\/es\/#\/schema\/logo\/image\/\"},\"sameAs\":[\"https:\/\/www.facebook.com\/tourtravelandmore\/\",\"https:\/\/x.com\/TourTravel_More\"]}]}<\/script>\n<!-- \/ Yoast SEO Premium plugin. -->","yoast_head_json":{"title":"\u27a1\ufe0f Tour Privado a Coimbra desde Lisboa: Sum\u00e9rjase en el pasado medieval de Portugal","description":"Explore el legado romano de Coimbra, su antigua universidad y su conmovedor fado en esta excursi\u00f3n privada desde Lisboa. Organizado por Tour Travel and More.\u2705","robots":{"index":"index","follow":"follow","max-snippet":"max-snippet:-1","max-image-preview":"max-image-preview:large","max-video-preview":"max-video-preview:-1"},"canonical":"https:\/\/tourtravelandmore.com\/es\/tours\/portugal-es\/lisboa-es\/tour-privado-a-coimbra-desde-lisboa\/","og_locale":"es_ES","og_type":"article","og_title":"Tour Privado a Coimbra","og_description":"Explore el legado romano de Coimbra, su antigua universidad y su conmovedor fado en esta excursi\u00f3n privada desde Lisboa. Organizado por Tour Travel and More.\u2705","og_url":"https:\/\/tourtravelandmore.com\/es\/tours\/portugal-es\/lisboa-es\/tour-privado-a-coimbra-desde-lisboa\/","og_site_name":"Tour Travel And More","article_publisher":"https:\/\/www.facebook.com\/tourtravelandmore\/","article_modified_time":"2023-09-29T11:53:34+00:00","og_image":[{"width":967,"height":726,"url":"https:\/\/tourtravelandmore.com\/wp-content\/uploads\/2021\/05\/coimbra-uni.jpeg","type":"image\/jpeg"}],"twitter_card":"summary_large_image","twitter_site":"@TourTravel_More","twitter_misc":{"Tiempo de lectura":"4 minutos"},"schema":{"@context":"https:\/\/schema.org","@graph":[{"@type":"WebPage","@id":"https:\/\/tourtravelandmore.com\/es\/tours\/portugal-es\/lisboa-es\/tour-privado-a-coimbra-desde-lisboa\/","url":"https:\/\/tourtravelandmore.com\/es\/tours\/portugal-es\/lisboa-es\/tour-privado-a-coimbra-desde-lisboa\/","name":"\u27a1\ufe0f Tour Privado a Coimbra desde Lisboa: Sum\u00e9rjase en el pasado medieval de Portugal","isPartOf":{"@id":"https:\/\/tourtravelandmore.com\/es\/#website"},"primaryImageOfPage":{"@id":"https:\/\/tourtravelandmore.com\/es\/tours\/portugal-es\/lisboa-es\/tour-privado-a-coimbra-desde-lisboa\/#primaryimage"},"image":{"@id":"https:\/\/tourtravelandmore.com\/es\/tours\/portugal-es\/lisboa-es\/tour-privado-a-coimbra-desde-lisboa\/#primaryimage"},"thumbnailUrl":"https:\/\/tourtravelandmore.com\/wp-content\/uploads\/2021\/05\/coimbra-uni.jpeg","datePublished":"2021-05-20T11:29:24+00:00","dateModified":"2023-09-29T11:53:34+00:00","description":"Explore el legado romano de Coimbra, su antigua universidad y su conmovedor fado en esta excursi\u00f3n privada desde Lisboa. Organizado por Tour Travel and More.\u2705","breadcrumb":{"@id":"https:\/\/tourtravelandmore.com\/es\/tours\/portugal-es\/lisboa-es\/tour-privado-a-coimbra-desde-lisboa\/#breadcrumb"},"inLanguage":"es","potentialAction":[{"@type":"ReadAction","target":["https:\/\/tourtravelandmore.com\/es\/tours\/portugal-es\/lisboa-es\/tour-privado-a-coimbra-desde-lisboa\/"]}]},{"@type":"ImageObject","inLanguage":"es","@id":"https:\/\/tourtravelandmore.com\/es\/tours\/portugal-es\/lisboa-es\/tour-privado-a-coimbra-desde-lisboa\/#primaryimage","url":"https:\/\/tourtravelandmore.com\/wp-content\/uploads\/2021\/05\/coimbra-uni.jpeg","contentUrl":"https:\/\/tourtravelandmore.com\/wp-content\/uploads\/2021\/05\/coimbra-uni.jpeg","width":967,"height":726,"caption":"Coimbra"},{"@type":"BreadcrumbList","@id":"https:\/\/tourtravelandmore.com\/es\/tours\/portugal-es\/lisboa-es\/tour-privado-a-coimbra-desde-lisboa\/#breadcrumb","itemListElement":[{"@type":"ListItem","position":1,"name":"Home","item":"https:\/\/tourtravelandmore.com\/es\/"},{"@type":"ListItem","position":2,"name":"Tours","item":"https:\/\/tourtravelandmore.com\/es\/tours\/"},{"@type":"ListItem","position":3,"name":"Tour Privado a Coimbra"}]},{"@type":"WebSite","@id":"https:\/\/tourtravelandmore.com\/es\/#website","url":"https:\/\/tourtravelandmore.com\/es\/","name":"Tour Travel And More","description":"Private sightseeing tours and luxury transfers in Spain","publisher":{"@id":"https:\/\/tourtravelandmore.com\/es\/#organization"},"potentialAction":[{"@type":"SearchAction","target":{"@type":"EntryPoint","urlTemplate":"https:\/\/tourtravelandmore.com\/es\/?s={search_term_string}"},"query-input":{"@type":"PropertyValueSpecification","valueRequired":true,"valueName":"search_term_string"}}],"inLanguage":"es"},{"@type":"Organization","@id":"https:\/\/tourtravelandmore.com\/es\/#organization","name":"Tour Travel And More","url":"https:\/\/tourtravelandmore.com\/es\/","logo":{"@type":"ImageObject","inLanguage":"es","@id":"https:\/\/tourtravelandmore.com\/es\/#\/schema\/logo\/image\/","url":"https:\/\/tourtravelandmore.com\/wp-content\/uploads\/2022\/12\/cropped-logo-cabecera-new.png","contentUrl":"https:\/\/tourtravelandmore.com\/wp-content\/uploads\/2022\/12\/cropped-logo-cabecera-new.png","width":430,"height":61,"caption":"Tour Travel And More"},"image":{"@id":"https:\/\/tourtravelandmore.com\/es\/#\/schema\/logo\/image\/"},"sameAs":["https:\/\/www.facebook.com\/tourtravelandmore\/","https:\/\/x.com\/TourTravel_More"]}]}},"_links":{"self":[{"href":"https:\/\/tourtravelandmore.com\/es\/wp-json\/wp\/v2\/product\/107203","targetHints":{"allow":["GET"]}}],"collection":[{"href":"https:\/\/tourtravelandmore.com\/es\/wp-json\/wp\/v2\/product"}],"about":[{"href":"https:\/\/tourtravelandmore.com\/es\/wp-json\/wp\/v2\/types\/product"}],"replies":[{"embeddable":true,"href":"https:\/\/tourtravelandmore.com\/es\/wp-json\/wp\/v2\/comments?post=107203"}],"wp:featuredmedia":[{"embeddable":true,"href":"https:\/\/tourtravelandmore.com\/es\/wp-json\/wp\/v2\/media\/107219"}],"wp:attachment":[{"href":"https:\/\/tourtravelandmore.com\/es\/wp-json\/wp\/v2\/media?parent=107203"}],"wp:term":[{"taxonomy":"product_brand","embeddable":true,"href":"https:\/\/tourtravelandmore.com\/es\/wp-json\/wp\/v2\/product_brand?post=107203"},{"taxonomy":"product_cat","embeddable":true,"href":"https:\/\/tourtravelandmore.com\/es\/wp-json\/wp\/v2\/product_cat?post=107203"},{"taxonomy":"product_tag","embeddable":true,"href":"https:\/\/tourtravelandmore.com\/es\/wp-json\/wp\/v2\/product_tag?post=107203"}],"curies":[{"name":"wp","href":"https:\/\/api.w.org\/{rel}","templated":true}]}}