{"id":107164,"date":"2021-05-20T10:53:27","date_gmt":"2021-05-20T08:53:28","guid":{"rendered":"https:\/\/tourtravelandmore.com\/?post_type=product&#038;p=107164"},"modified":"2023-09-29T11:51:51","modified_gmt":"2023-09-29T09:51:51","slug":"tour-privado-a-porto-desde-lisboa","status":"publish","type":"product","link":"https:\/\/tourtravelandmore.com\/es\/tours\/portugal-es\/lisboa-es\/tour-privado-a-porto-desde-lisboa\/","title":{"rendered":"Tour privado a Porto desde Lisboa con chofer y gu\u00eda oficial"},"content":{"rendered":"<h2><b>Excursi\u00f3n privada de un d\u00eda a Oporto Descripci\u00f3n<\/b><\/h2>\n<p><span style=\"font-weight: 400;\">Saliendo de la capital, Lisboa, sum\u00e9rjase en la rica historia y el tapiz cultural de la segunda ciudad m\u00e1s grande de Portugal, Oporto. En esta excursi\u00f3n privada a medida, le garantizamos una experiencia inigualable de la ciudad de Oporto, declarada Patrimonio de la Humanidad por la UNESCO. Mientras le acompa\u00f1amos desde Lisboa, nuestro comprometido ch\u00f3fer le garantiza un viaje sin contratiempos, mientras que en Oporto, nuestro experto gu\u00eda local le espera para ofrecerle una visi\u00f3n \u00edntima de los legendarios monumentos de la ciudad.<\/span><\/p>\n<p><span style=\"font-weight: 400;\">Su excursi\u00f3n comienza con una cort\u00e9s recogida en el lugar designado de Lisboa, en direcci\u00f3n a Oporto. A su llegada, la experiencia local de su gu\u00eda privado se convertir\u00e1 en su br\u00fajula, dirigi\u00e9ndole a trav\u00e9s de las avenidas hist\u00f3ricas de Oporto y hacia el coraz\u00f3n de su cautivadora narrativa. Aunque siempre garantizamos un recorrido completo, sepa que el itinerario del d\u00eda sigue siendo flexible, dejando espacio para cualquier lugar o experiencia espec\u00edfica que desee explorar m\u00e1s a fondo.<\/span><\/p>\n<p><span style=\"font-weight: 400;\">Para aquellos que buscan experiencias alternativas de Lisboa u otros lugares emblem\u00e1ticos, Tour Travel and More se enorgullece de ofrecer una variada lista de excursiones privadas. Le invitamos a examinar nuestras ofertas, dise\u00f1adas para viajeros exigentes como usted.<\/span><\/p>\n<h2><b>Excursi\u00f3n privada de d\u00eda completo a Oporto | Puntos de inter\u00e9s y lugares emblem\u00e1ticos<\/b><\/h2>\n<p><span style=\"font-weight: 400;\">Despu\u00e9s de salir de Lisboa, le espera un viaje panor\u00e1mico que culmina en el abrazo de Oporto. Esta joya del norte, declarada Patrimonio de la Humanidad por la UNESCO en 1996, ofrece un tapiz hist\u00f3rico que abarca m\u00e1s de dos milenios. Su nombre, &#8220;Oporto&#8221;, hunde sus ra\u00edces en la antig\u00fcedad romana y simboliza su antigua importancia mar\u00edtima.<\/span><\/p>\n<h3><span style=\"font-weight: 400;\">A la hora de organizar su d\u00eda, le recomendamos los siguientes lugares:<\/span><\/h3>\n<ul>\n<li style=\"font-weight: 400;\" aria-level=\"1\"><b>Caf\u00e9 Majestic:<\/b><span style=\"font-weight: 400;\"> Ad\u00e9ntrese en una \u00e9poca pasada y quiz\u00e1s canalice la destreza literaria de J.K. Rowling, que frecuent\u00f3 este hist\u00f3rico caf\u00e9 mientras escrib\u00eda la emblem\u00e1tica serie de Harry Potter.<\/span><\/li>\n<li style=\"font-weight: 400;\" aria-level=\"1\"><b>Mercado de Bolhao:<\/b><span style=\"font-weight: 400;\"> Epicentro culinario y cultural desde el siglo XIX, este mercado resume el vibrante esp\u00edritu de Oporto. Del\u00e9itese con los productos frescos, especialmente el venerado bacalao, que cuenta historias del legado marinero de Portugal.<\/span><\/li>\n<li style=\"font-weight: 400;\" aria-level=\"1\"><b>Los refugios sagrados de Oporto:<\/b><span style=\"font-weight: 400;\"> Recorra los pasillos espirituales de Capela das almas, do carmo y dos carmelitas, cada uno de los cuales se hace eco de los himnos de las tradiciones religiosas de Oporto.<\/span><\/li>\n<li style=\"font-weight: 400;\" aria-level=\"1\"><b>Miradouro da Vit\u00f3ria:<\/b><span style=\"font-weight: 400;\"> Deje que las vistas panor\u00e1micas desde este mirador le narren historias de las maravillas arquitect\u00f3nicas de Oporto, desde la bulliciosa Ribeira hasta el solemne recinto de la Catedral.<\/span><\/li>\n<li style=\"font-weight: 400;\" aria-level=\"1\"><b>Biblioteca de Lello &amp; Irmao:<\/b><span style=\"font-weight: 400;\"> Desde 1906, esta biblioteca ha cautivado a los bibli\u00f3filos. Reconocida en su d\u00eda por Lonely Planet como la tercera biblioteca m\u00e1s bella del mundo, su encanto sigue intacto.<\/span><\/li>\n<li style=\"font-weight: 400;\" aria-level=\"1\"><b>Paseo de Ribeira:<\/b><span style=\"font-weight: 400;\"> Pasee junto al r\u00edo Duero, dej\u00e1ndose guiar por sus susurros. Culmine este paseo con el oro l\u00edquido de Oporto: su famoso vino.<\/span><\/li>\n<\/ul>\n<p><span style=\"font-weight: 400;\">Al final del d\u00eda, saboree las delicias culinarias de Oporto en un restaurante local. A continuaci\u00f3n, nuestro chofer se encargar\u00e1 de que regrese c\u00f3modamente a Lisboa, poniendo fin a un d\u00eda inolvidable.<\/span><\/p>\n<p><span style=\"font-weight: 400;\">Aunque Oporto es una joya por derecho propio, Lisboa tambi\u00e9n est\u00e1 repleta de tesoros por descubrir. La rica historia mar\u00edtima de la Torre de Belem, el esplendor panor\u00e1mico del Castillo de San Jorge o los ecos antiguos de Alfama son s\u00f3lo algunas de las experiencias que le esperan en la capital. Sum\u00e9rjase en la narrativa de Lisboa y comprenda por qu\u00e9 se erige en faro del patrimonio europeo.<\/span><\/p>\n<p><a href=\"https:\/\/tourtravelandmore.com\/es\/ciudad\/portugal-es\/lisboa-es\/\"><span style=\"font-weight: 400;\">Para un extenso recorrido por las avenidas de Lisboa, Tour Travel and More ofrece una pl\u00e9tora de visitas privadas dise\u00f1adas para el viajero exigente.<\/span><\/a><span style=\"font-weight: 400;\"> Sum\u00e9rjase en la narrativa de Lisboa con nosotros y comprenda por qu\u00e9 se erige en un faro del patrimonio europeo.<\/span><\/p>\n","protected":false},"excerpt":{"rendered":"<p><span style=\"font-weight: 400;\">Descubra el encanto de Oporto en esta excursi\u00f3n privada de un d\u00eda desde Lisboa. Desde caf\u00e9s hist\u00f3ricos hasta lugares declarados Patrimonio de la Humanidad por la UNESCO, recorra el coraz\u00f3n del patrimonio cultural de Portugal con la gu\u00eda de expertos.<\/span><\/p>\n","protected":false},"featured_media":107192,"comment_status":"open","ping_status":"closed","template":"","meta":{"_acf_changed":false},"product_brand":[],"product_cat":[625,628,630,629],"product_tag":[],"class_list":{"0":"post-107164","1":"product","2":"type-product","3":"status-publish","4":"has-post-thumbnail","6":"product_cat-lisboa-es","7":"product_cat-lisboa-actividades-es","8":"product_cat-lisboa-rutas-turisticas-privadas-es","9":"product_cat-lisboa-excursiones-es","11":"first","12":"instock","13":"shipping-taxable","14":"purchasable","15":"product-type-simple"},"acf":[],"yoast_head":"<!-- This site is optimized with the Yoast SEO Premium plugin v25.3.1 (Yoast SEO v25.3.1) - https:\/\/yoast.com\/wordpress\/plugins\/seo\/ -->\n<title>\u27a1\ufe0f Tour Privado de D\u00eda Completo de Oporto desde Lisboa | Tour Travel and More<\/title>\n<meta name=\"description\" content=\"Descubra los sitios de la UNESCO de Oporto, caf\u00e9s hist\u00f3ricos y lugares de inter\u00e9s cultural en una excursi\u00f3n privada de un d\u00eda desde Lisboa con gu\u00edas expertos. Hecho a medida para viajeros exigentes \u2705\" \/>\n<meta name=\"robots\" content=\"index, follow, max-snippet:-1, max-image-preview:large, max-video-preview:-1\" \/>\n<link rel=\"canonical\" href=\"https:\/\/tourtravelandmore.com\/es\/tours\/portugal-es\/lisboa-es\/tour-privado-a-porto-desde-lisboa\/\" \/>\n<meta property=\"og:locale\" content=\"es_ES\" \/>\n<meta property=\"og:type\" content=\"article\" \/>\n<meta property=\"og:title\" content=\"Tour privado a Porto desde Lisboa con chofer y gu\u00eda oficial\" \/>\n<meta property=\"og:description\" content=\"Descubra los sitios de la UNESCO de Oporto, caf\u00e9s hist\u00f3ricos y lugares de inter\u00e9s cultural en una excursi\u00f3n privada de un d\u00eda desde Lisboa con gu\u00edas expertos. Hecho a medida para viajeros exigentes \u2705\" \/>\n<meta property=\"og:url\" content=\"https:\/\/tourtravelandmore.com\/es\/tours\/portugal-es\/lisboa-es\/tour-privado-a-porto-desde-lisboa\/\" \/>\n<meta property=\"og:site_name\" content=\"Tour Travel And More\" \/>\n<meta property=\"article:publisher\" content=\"https:\/\/www.facebook.com\/tourtravelandmore\/\" \/>\n<meta property=\"article:modified_time\" content=\"2023-09-29T09:51:51+00:00\" \/>\n<meta property=\"og:image\" content=\"https:\/\/tourtravelandmore.com\/wp-content\/uploads\/2021\/05\/Porto4.jpeg\" \/>\n\t<meta property=\"og:image:width\" content=\"1050\" \/>\n\t<meta property=\"og:image:height\" content=\"700\" \/>\n\t<meta property=\"og:image:type\" content=\"image\/jpeg\" \/>\n<meta name=\"twitter:card\" content=\"summary_large_image\" \/>\n<meta name=\"twitter:site\" content=\"@TourTravel_More\" \/>\n<meta name=\"twitter:label1\" content=\"Tiempo de lectura\" \/>\n\t<meta name=\"twitter:data1\" content=\"3 minutos\" \/>\n<script type=\"application\/ld+json\" class=\"yoast-schema-graph\">{\"@context\":\"https:\/\/schema.org\",\"@graph\":[{\"@type\":\"WebPage\",\"@id\":\"https:\/\/tourtravelandmore.com\/es\/tours\/portugal-es\/lisboa-es\/tour-privado-a-porto-desde-lisboa\/\",\"url\":\"https:\/\/tourtravelandmore.com\/es\/tours\/portugal-es\/lisboa-es\/tour-privado-a-porto-desde-lisboa\/\",\"name\":\"\u27a1\ufe0f Tour Privado de D\u00eda Completo de Oporto desde Lisboa | Tour Travel and More\",\"isPartOf\":{\"@id\":\"https:\/\/tourtravelandmore.com\/es\/#website\"},\"primaryImageOfPage\":{\"@id\":\"https:\/\/tourtravelandmore.com\/es\/tours\/portugal-es\/lisboa-es\/tour-privado-a-porto-desde-lisboa\/#primaryimage\"},\"image\":{\"@id\":\"https:\/\/tourtravelandmore.com\/es\/tours\/portugal-es\/lisboa-es\/tour-privado-a-porto-desde-lisboa\/#primaryimage\"},\"thumbnailUrl\":\"https:\/\/tourtravelandmore.com\/wp-content\/uploads\/2021\/05\/Porto4.jpeg\",\"datePublished\":\"2021-05-20T08:53:28+00:00\",\"dateModified\":\"2023-09-29T09:51:51+00:00\",\"description\":\"Descubra los sitios de la UNESCO de Oporto, caf\u00e9s hist\u00f3ricos y lugares de inter\u00e9s cultural en una excursi\u00f3n privada de un d\u00eda desde Lisboa con gu\u00edas expertos. Hecho a medida para viajeros exigentes \u2705\",\"breadcrumb\":{\"@id\":\"https:\/\/tourtravelandmore.com\/es\/tours\/portugal-es\/lisboa-es\/tour-privado-a-porto-desde-lisboa\/#breadcrumb\"},\"inLanguage\":\"es\",\"potentialAction\":[{\"@type\":\"ReadAction\",\"target\":[\"https:\/\/tourtravelandmore.com\/es\/tours\/portugal-es\/lisboa-es\/tour-privado-a-porto-desde-lisboa\/\"]}]},{\"@type\":\"ImageObject\",\"inLanguage\":\"es\",\"@id\":\"https:\/\/tourtravelandmore.com\/es\/tours\/portugal-es\/lisboa-es\/tour-privado-a-porto-desde-lisboa\/#primaryimage\",\"url\":\"https:\/\/tourtravelandmore.com\/wp-content\/uploads\/2021\/05\/Porto4.jpeg\",\"contentUrl\":\"https:\/\/tourtravelandmore.com\/wp-content\/uploads\/2021\/05\/Porto4.jpeg\",\"width\":1050,\"height\":700},{\"@type\":\"BreadcrumbList\",\"@id\":\"https:\/\/tourtravelandmore.com\/es\/tours\/portugal-es\/lisboa-es\/tour-privado-a-porto-desde-lisboa\/#breadcrumb\",\"itemListElement\":[{\"@type\":\"ListItem\",\"position\":1,\"name\":\"Home\",\"item\":\"https:\/\/tourtravelandmore.com\/es\/\"},{\"@type\":\"ListItem\",\"position\":2,\"name\":\"Tours\",\"item\":\"https:\/\/tourtravelandmore.com\/es\/tours\/\"},{\"@type\":\"ListItem\",\"position\":3,\"name\":\"Tour privado a Porto desde Lisboa con chofer y gu\u00eda oficial\"}]},{\"@type\":\"WebSite\",\"@id\":\"https:\/\/tourtravelandmore.com\/es\/#website\",\"url\":\"https:\/\/tourtravelandmore.com\/es\/\",\"name\":\"Tour Travel And More\",\"description\":\"Private sightseeing tours and luxury transfers in Spain\",\"publisher\":{\"@id\":\"https:\/\/tourtravelandmore.com\/es\/#organization\"},\"potentialAction\":[{\"@type\":\"SearchAction\",\"target\":{\"@type\":\"EntryPoint\",\"urlTemplate\":\"https:\/\/tourtravelandmore.com\/es\/?s={search_term_string}\"},\"query-input\":{\"@type\":\"PropertyValueSpecification\",\"valueRequired\":true,\"valueName\":\"search_term_string\"}}],\"inLanguage\":\"es\"},{\"@type\":\"Organization\",\"@id\":\"https:\/\/tourtravelandmore.com\/es\/#organization\",\"name\":\"Tour Travel And More\",\"url\":\"https:\/\/tourtravelandmore.com\/es\/\",\"logo\":{\"@type\":\"ImageObject\",\"inLanguage\":\"es\",\"@id\":\"https:\/\/tourtravelandmore.com\/es\/#\/schema\/logo\/image\/\",\"url\":\"https:\/\/tourtravelandmore.com\/wp-content\/uploads\/2022\/12\/cropped-logo-cabecera-new.png\",\"contentUrl\":\"https:\/\/tourtravelandmore.com\/wp-content\/uploads\/2022\/12\/cropped-logo-cabecera-new.png\",\"width\":430,\"height\":61,\"caption\":\"Tour Travel And More\"},\"image\":{\"@id\":\"https:\/\/tourtravelandmore.com\/es\/#\/schema\/logo\/image\/\"},\"sameAs\":[\"https:\/\/www.facebook.com\/tourtravelandmore\/\",\"https:\/\/x.com\/TourTravel_More\"]}]}<\/script>\n<!-- \/ Yoast SEO Premium plugin. -->","yoast_head_json":{"title":"\u27a1\ufe0f Tour Privado de D\u00eda Completo de Oporto desde Lisboa | Tour Travel and More","description":"Descubra los sitios de la UNESCO de Oporto, caf\u00e9s hist\u00f3ricos y lugares de inter\u00e9s cultural en una excursi\u00f3n privada de un d\u00eda desde Lisboa con gu\u00edas expertos. Hecho a medida para viajeros exigentes \u2705","robots":{"index":"index","follow":"follow","max-snippet":"max-snippet:-1","max-image-preview":"max-image-preview:large","max-video-preview":"max-video-preview:-1"},"canonical":"https:\/\/tourtravelandmore.com\/es\/tours\/portugal-es\/lisboa-es\/tour-privado-a-porto-desde-lisboa\/","og_locale":"es_ES","og_type":"article","og_title":"Tour privado a Porto desde Lisboa con chofer y gu\u00eda oficial","og_description":"Descubra los sitios de la UNESCO de Oporto, caf\u00e9s hist\u00f3ricos y lugares de inter\u00e9s cultural en una excursi\u00f3n privada de un d\u00eda desde Lisboa con gu\u00edas expertos. Hecho a medida para viajeros exigentes \u2705","og_url":"https:\/\/tourtravelandmore.com\/es\/tours\/portugal-es\/lisboa-es\/tour-privado-a-porto-desde-lisboa\/","og_site_name":"Tour Travel And More","article_publisher":"https:\/\/www.facebook.com\/tourtravelandmore\/","article_modified_time":"2023-09-29T09:51:51+00:00","og_image":[{"width":1050,"height":700,"url":"https:\/\/tourtravelandmore.com\/wp-content\/uploads\/2021\/05\/Porto4.jpeg","type":"image\/jpeg"}],"twitter_card":"summary_large_image","twitter_site":"@TourTravel_More","twitter_misc":{"Tiempo de lectura":"3 minutos"},"schema":{"@context":"https:\/\/schema.org","@graph":[{"@type":"WebPage","@id":"https:\/\/tourtravelandmore.com\/es\/tours\/portugal-es\/lisboa-es\/tour-privado-a-porto-desde-lisboa\/","url":"https:\/\/tourtravelandmore.com\/es\/tours\/portugal-es\/lisboa-es\/tour-privado-a-porto-desde-lisboa\/","name":"\u27a1\ufe0f Tour Privado de D\u00eda Completo de Oporto desde Lisboa | Tour Travel and More","isPartOf":{"@id":"https:\/\/tourtravelandmore.com\/es\/#website"},"primaryImageOfPage":{"@id":"https:\/\/tourtravelandmore.com\/es\/tours\/portugal-es\/lisboa-es\/tour-privado-a-porto-desde-lisboa\/#primaryimage"},"image":{"@id":"https:\/\/tourtravelandmore.com\/es\/tours\/portugal-es\/lisboa-es\/tour-privado-a-porto-desde-lisboa\/#primaryimage"},"thumbnailUrl":"https:\/\/tourtravelandmore.com\/wp-content\/uploads\/2021\/05\/Porto4.jpeg","datePublished":"2021-05-20T08:53:28+00:00","dateModified":"2023-09-29T09:51:51+00:00","description":"Descubra los sitios de la UNESCO de Oporto, caf\u00e9s hist\u00f3ricos y lugares de inter\u00e9s cultural en una excursi\u00f3n privada de un d\u00eda desde Lisboa con gu\u00edas expertos. Hecho a medida para viajeros exigentes \u2705","breadcrumb":{"@id":"https:\/\/tourtravelandmore.com\/es\/tours\/portugal-es\/lisboa-es\/tour-privado-a-porto-desde-lisboa\/#breadcrumb"},"inLanguage":"es","potentialAction":[{"@type":"ReadAction","target":["https:\/\/tourtravelandmore.com\/es\/tours\/portugal-es\/lisboa-es\/tour-privado-a-porto-desde-lisboa\/"]}]},{"@type":"ImageObject","inLanguage":"es","@id":"https:\/\/tourtravelandmore.com\/es\/tours\/portugal-es\/lisboa-es\/tour-privado-a-porto-desde-lisboa\/#primaryimage","url":"https:\/\/tourtravelandmore.com\/wp-content\/uploads\/2021\/05\/Porto4.jpeg","contentUrl":"https:\/\/tourtravelandmore.com\/wp-content\/uploads\/2021\/05\/Porto4.jpeg","width":1050,"height":700},{"@type":"BreadcrumbList","@id":"https:\/\/tourtravelandmore.com\/es\/tours\/portugal-es\/lisboa-es\/tour-privado-a-porto-desde-lisboa\/#breadcrumb","itemListElement":[{"@type":"ListItem","position":1,"name":"Home","item":"https:\/\/tourtravelandmore.com\/es\/"},{"@type":"ListItem","position":2,"name":"Tours","item":"https:\/\/tourtravelandmore.com\/es\/tours\/"},{"@type":"ListItem","position":3,"name":"Tour privado a Porto desde Lisboa con chofer y gu\u00eda oficial"}]},{"@type":"WebSite","@id":"https:\/\/tourtravelandmore.com\/es\/#website","url":"https:\/\/tourtravelandmore.com\/es\/","name":"Tour Travel And More","description":"Private sightseeing tours and luxury transfers in Spain","publisher":{"@id":"https:\/\/tourtravelandmore.com\/es\/#organization"},"potentialAction":[{"@type":"SearchAction","target":{"@type":"EntryPoint","urlTemplate":"https:\/\/tourtravelandmore.com\/es\/?s={search_term_string}"},"query-input":{"@type":"PropertyValueSpecification","valueRequired":true,"valueName":"search_term_string"}}],"inLanguage":"es"},{"@type":"Organization","@id":"https:\/\/tourtravelandmore.com\/es\/#organization","name":"Tour Travel And More","url":"https:\/\/tourtravelandmore.com\/es\/","logo":{"@type":"ImageObject","inLanguage":"es","@id":"https:\/\/tourtravelandmore.com\/es\/#\/schema\/logo\/image\/","url":"https:\/\/tourtravelandmore.com\/wp-content\/uploads\/2022\/12\/cropped-logo-cabecera-new.png","contentUrl":"https:\/\/tourtravelandmore.com\/wp-content\/uploads\/2022\/12\/cropped-logo-cabecera-new.png","width":430,"height":61,"caption":"Tour Travel And More"},"image":{"@id":"https:\/\/tourtravelandmore.com\/es\/#\/schema\/logo\/image\/"},"sameAs":["https:\/\/www.facebook.com\/tourtravelandmore\/","https:\/\/x.com\/TourTravel_More"]}]}},"_links":{"self":[{"href":"https:\/\/tourtravelandmore.com\/es\/wp-json\/wp\/v2\/product\/107164","targetHints":{"allow":["GET"]}}],"collection":[{"href":"https:\/\/tourtravelandmore.com\/es\/wp-json\/wp\/v2\/product"}],"about":[{"href":"https:\/\/tourtravelandmore.com\/es\/wp-json\/wp\/v2\/types\/product"}],"replies":[{"embeddable":true,"href":"https:\/\/tourtravelandmore.com\/es\/wp-json\/wp\/v2\/comments?post=107164"}],"wp:featuredmedia":[{"embeddable":true,"href":"https:\/\/tourtravelandmore.com\/es\/wp-json\/wp\/v2\/media\/107192"}],"wp:attachment":[{"href":"https:\/\/tourtravelandmore.com\/es\/wp-json\/wp\/v2\/media?parent=107164"}],"wp:term":[{"taxonomy":"product_brand","embeddable":true,"href":"https:\/\/tourtravelandmore.com\/es\/wp-json\/wp\/v2\/product_brand?post=107164"},{"taxonomy":"product_cat","embeddable":true,"href":"https:\/\/tourtravelandmore.com\/es\/wp-json\/wp\/v2\/product_cat?post=107164"},{"taxonomy":"product_tag","embeddable":true,"href":"https:\/\/tourtravelandmore.com\/es\/wp-json\/wp\/v2\/product_tag?post=107164"}],"curies":[{"name":"wp","href":"https:\/\/api.w.org\/{rel}","templated":true}]}}