{"id":107135,"date":"2021-05-20T09:11:33","date_gmt":"2021-05-20T07:11:34","guid":{"rendered":"https:\/\/tourtravelandmore.com\/?post_type=product&#038;p=107135"},"modified":"2022-10-24T04:42:09","modified_gmt":"2022-10-24T02:42:09","slug":"tour-privado-hacia-albi-de-dia-completo-desde-toulouse","status":"publish","type":"product","link":"https:\/\/tourtravelandmore.com\/es\/tours\/francia\/toulouse-sp\/toulouse-tours-privados-es\/tour-privado-hacia-albi-de-dia-completo-desde-toulouse\/","title":{"rendered":"Tour privado hacia Albi de d\u00eda completo desde Toulouse"},"content":{"rendered":"<h2><b>Descripci\u00f3n del Tour privado hacia Albi de d\u00eda completo desde Toulouse<\/b><\/h2>\n<p><span style=\"font-weight: 400;\">No se pierda esta gran oportunidad: reserve un tour privado de Albi desde Toulouse sin estr\u00e9s y experimente su entorno de la mejor manera en la regi\u00f3n. Explorar pueblos hist\u00f3ricos e iglesias medievales es una excelente manera de pasar un fin de semana, especialmente cuando incluye la Catedral de Sainte Cecile, declarada Patrimonio de la Humanidad por la UNESCO.<\/span><\/p>\n<p><span style=\"font-weight: 400;\">Si visitas Toulouse, es una buena idea pasar el d\u00eda viajando hasta Albi para hacer este tour. Podr\u00e1 explorar los pueblos medievales, as\u00ed como aprender sobre sus aspectos culturales e historia con su gu\u00eda privado. \u00c9sta ser\u00e1 una experiencia completamente c\u00f3moda con su chofer privado y separado en un veh\u00edculo de lujo.<\/span><\/p>\n<p><span style=\"font-weight: 400;\">Lo recoger\u00e1n en su hotel y lo guiar\u00e1n para disfrutar de Albi y Cordes sur Ciel. Deje que su gu\u00eda profesional le muestre lo mejor que Albi y Cordes sur Ciel tienen para ofrecer.<\/span><\/p>\n<h2><b>Puntos de inter\u00e9s en el Tour privado hacia Albi de d\u00eda completo desde Toulouse<\/b><\/h2>\n<p><span style=\"font-weight: 400;\">Disfruta de esta experiencia completamente privada junto a tu gu\u00eda tur\u00edstico oficial privado y c\u00f3modo en tu veh\u00edculo de lujo con chofer independiente.<\/span><\/p>\n<p><span style=\"font-weight: 400;\">Entre otros monumentos y sitios, conocer\u00e1:<\/span><\/p>\n<h3><b>Catedral de albi<\/b><\/h3>\n<p><span style=\"font-weight: 400;\">La Catedral de Albi es una catedral cat\u00f3lica romana en Albi, Francia. Es la sede del arzobispo de Albi y es conocida por su arquitectura rom\u00e1nica y g\u00f3tica.<\/span><\/p>\n<p><span style=\"font-weight: 400;\">La altura de la nave es de unos 42 metros, lo que la convierte en una de las catedrales m\u00e1s altas de Francia. El claustro tiene una superficie de unos 6500 metros cuadrados, y est\u00e1 rodeado por un muro con dos puertas a cada lado. Las partes m\u00e1s famosas son las tres vidrieras que fueron creadas por Jean Chastel entre 1347 y 1352, que se encuentran entre algunas de las vidrieras de la Edad Media mejor conservadas de Europa.<\/span><\/p>\n<h3><b>Vista del exterior del Museo Toulouse-Lautrec<\/b><\/h3>\n<p><span style=\"font-weight: 400;\">La vista exterior del Museo Toulouse-Lautrec es famosa porque es un hermoso ejemplo de arquitectura Art Nouveau.<\/span><\/p>\n<p><span style=\"font-weight: 400;\">El museo se construy\u00f3 originalmente en 1908 y el arquitecto que lo dise\u00f1\u00f3 fue Louis-Charles Boileau. Ten\u00eda un don para el estilo art nouveau y lo us\u00f3 para dise\u00f1ar muchos edificios en Par\u00eds. Tambi\u00e9n dise\u00f1\u00f3 otros edificios famosos, como el Grand Palais y el Palais de Tokyo. El museo en s\u00ed tiene un patio abierto con una fuente frente a \u00e9l, lo que lo convierte en una vista est\u00e9ticamente agradable desde lejos.<\/span><\/p>\n<h3><b>Jardines de la Berbie<\/b><\/h3>\n<p><span style=\"font-weight: 400;\">Los Jardines de Berbie en Albi son famosos por su forma \u00fanica. Fueron dise\u00f1ados por el arquitecto paisajista franc\u00e9s Jean-Claude Nicolas Forestier y se construyeron en 1885.<\/span><\/p>\n<p><span style=\"font-weight: 400;\">Los Jardines de Berbie son famosos por ser el \u00fanico jard\u00edn del mundo con forma de estrella.<\/span><\/p>\n<h3><b>Pont Vieux<\/b><\/h3>\n<p><span style=\"font-weight: 400;\">El Pont Vieux en Albi es famoso por su belleza e historia. Fue construido originalmente en 1198 y es el puente m\u00e1s antiguo de Francia, con un total de 1.500 a\u00f1os de historia.<\/span><\/p>\n<p><span style=\"font-weight: 400;\">El Pont Vieux es el puente m\u00e1s antiguo de Francia y existe desde hace m\u00e1s de un milenio. Fue construido originalmente en 1198, una \u00e9poca en la que la gente todav\u00eda usaba n\u00fameros romanos para contar. A lo largo de su larga historia se ha utilizado como punto de cruce para el comercio, el comercio e incluso las invasiones militares.<\/span><\/p>\n<h3><b>Centro hist\u00f3rico de la ciudad<\/b><\/h3>\n<p><span style=\"font-weight: 400;\">El centro hist\u00f3rico de la ciudad de Albi es una de las zonas m\u00e1s interesantes de Albi.<\/span><\/p>\n<p><span style=\"font-weight: 400;\">Se encuentra en el coraz\u00f3n de la ciudad y es Patrimonio de la Humanidad por la UNESCO.<\/span><\/p>\n<p><span style=\"font-weight: 400;\">El centro hist\u00f3rico de Albi se construy\u00f3 sobre un asentamiento romano del siglo II aC, que se conoc\u00eda como Albiga Julia. Esta zona hist\u00f3rica tiene muchos edificios y sitios que datan de la \u00e9poca medieval. El edificio m\u00e1s famoso de esta parte de la ciudad es la Catedral de Santa Cecilia, que fue construida en 1270 dC y alberga muchos artefactos de la \u00e9poca medieval.<\/span><\/p>\n<h3><b>Coll\u00e9giale Saint \u2013 Salvi<\/b><\/h3>\n<p><span style=\"font-weight: 400;\">El Collegiate Saint-Salvi in albi es una escuela cat\u00f3lica de educaci\u00f3n secundaria francesa situada en el centro de Albi, Francia. El Collegiate Saint-Salvi de albi fue fundada en 1869 por los padres jesuitas.<\/span><\/p>\n<h3><b>R\u00edo Tarn<\/b><\/h3>\n<p><span style=\"font-weight: 400;\">El r\u00edo Tarn en Albi es famoso porque es el \u00fanico r\u00edo de Europa que fluye hacia el norte.<\/span><\/p>\n<h3><b>Centre d\u2019Art de Lait<\/b><\/h3>\n<p><span style=\"font-weight: 400;\">El Centre d&#8217;Art de Lait es un museo de arte contempor\u00e1neo en Albi, Francia. Fue creado en 2001 por el artista Pierre Soulages, quien don\u00f3 su colecci\u00f3n de pinturas y esculturas a la ciudad. Tiene una colecci\u00f3n permanente de m\u00e1s de 130 obras de artistas como Pablo Picasso, Henri Matisse y el mismo Pierre Soulages. El museo tambi\u00e9n alberga exposiciones temporales sobre una variedad de temas.<\/span><\/p>\n<h3><b>Hotel De Reynes<\/b><\/h3>\n<p><span style=\"font-weight: 400;\">El Hotel De Reynes en Albi es famoso por su historia. Fue construido en el siglo XIV y tiene una fuerte conexi\u00f3n con Juana de Arco.<\/span><\/p>\n<p><span style=\"font-weight: 400;\">En 1429, el hotel fue comprado por Jacques de Reynes, que hab\u00eda sido escudero de Carlos VII. Su hijo Pierre se convirti\u00f3 en propietario en 1476 y sirvi\u00f3 como lugarteniente en el personal de Juana de Arco durante sus campa\u00f1as contra los ingleses. El hijo de Pierre, Jacques II, hered\u00f3 el hotel de su padre y se convirti\u00f3 en uno de sus comandantes durante su campa\u00f1a contra Par\u00eds.<\/span><\/p>\n<h3><b>La Maison du Vieil Alby<\/b><\/h3>\n<p><span style=\"font-weight: 400;\">La Casa del Viejo Alby en Albi, Francia es un museo que fue inaugurado en 1992 por los descendientes del artista. La casa est\u00e1 situada en un barrio medieval y fue construida entre 1885 y 1890.<\/span><\/p>\n<p><span style=\"font-weight: 400;\">La casa es famosa por su hermosa arquitectura, que refleja el estilo de finales del siglo XIX. Tambi\u00e9n es famoso por ser uno de los museos m\u00e1s visitados de Francia.<\/span><\/p>\n<p><span style=\"font-weight: 400;\">Tendr\u00e1 tiempo libre para almorzar antes de que le llevemos de regreso en su veh\u00edculo privado hacia Toulouse. Cont\u00e1ctenos para personalizar y cambiar el itinerario privado para satisfacer sus propias necesidades.<\/span><\/p>\n<p><a href=\"https:\/\/tourtravelandmore.com\/es\/ciudad\/francia\/toulouse-sp\/\"><span style=\"font-weight: 400;\">Mire aqu\u00ed todos nos nuestros tours y experiencias privadas en Toulouse.<\/span><\/a><\/p>\n","protected":false},"excerpt":{"rendered":"<p><span style=\"font-weight: 400;\">Albi es una antigua ciudad romana en el sur de Francia. Est\u00e1 situado en el r\u00edo Tarn, cerca de las estribaciones de los Pirineos. Alguna vez fue una ciudad pr\u00f3spera y el hogar de muchos artistas, incluidos varios escultores de renombre, <strong>El d\u00eda es guiado por un gu\u00eda privado, que lo llevar\u00e1 a la hist\u00f3rica ciudad de Albi.<\/strong><\/span><\/p>\n","protected":false},"featured_media":107162,"comment_status":"open","ping_status":"closed","template":"","meta":{"_acf_changed":false},"product_brand":[],"product_cat":[1592,3629,3936],"product_tag":[],"class_list":{"0":"post-107135","1":"product","2":"type-product","3":"status-publish","4":"has-post-thumbnail","6":"product_cat-francia","7":"product_cat-toulouse-sp","8":"product_cat-toulouse-tours-privados-es","10":"first","11":"instock","12":"shipping-taxable","13":"purchasable","14":"product-type-simple"},"acf":[],"yoast_head":"<!-- This site is optimized with the Yoast SEO Premium plugin v25.3.1 (Yoast SEO v25.3.1) - https:\/\/yoast.com\/wordpress\/plugins\/seo\/ -->\n<title>\u27a1\ufe0f Tour privado hacia Albi de d\u00eda completo desde Toulouse | Tour Travel &amp; More<\/title>\n<meta name=\"description\" content=\"Reserva ya este Tour privado hacia Albi de d\u00eda completo desde Toulouse, ser\u00e1 una experiencia de lujo y completamente inolvidable \u2705\" \/>\n<meta name=\"robots\" content=\"index, follow, max-snippet:-1, max-image-preview:large, max-video-preview:-1\" \/>\n<link rel=\"canonical\" href=\"https:\/\/tourtravelandmore.com\/es\/tours\/francia\/toulouse-sp\/toulouse-tours-privados-es\/tour-privado-hacia-albi-de-dia-completo-desde-toulouse\/\" \/>\n<meta property=\"og:locale\" content=\"es_ES\" \/>\n<meta property=\"og:type\" content=\"article\" \/>\n<meta property=\"og:title\" content=\"Tour privado hacia Albi de d\u00eda completo desde Toulouse\" \/>\n<meta property=\"og:description\" content=\"Reserva ya este Tour privado hacia Albi de d\u00eda completo desde Toulouse, ser\u00e1 una experiencia de lujo y completamente inolvidable \u2705\" \/>\n<meta property=\"og:url\" content=\"https:\/\/tourtravelandmore.com\/es\/tours\/francia\/toulouse-sp\/toulouse-tours-privados-es\/tour-privado-hacia-albi-de-dia-completo-desde-toulouse\/\" \/>\n<meta property=\"og:site_name\" content=\"Tour Travel And More\" \/>\n<meta property=\"article:publisher\" content=\"https:\/\/www.facebook.com\/tourtravelandmore\/\" \/>\n<meta property=\"article:modified_time\" content=\"2022-10-24T02:42:09+00:00\" \/>\n<meta property=\"og:image\" content=\"https:\/\/tourtravelandmore.com\/wp-content\/uploads\/2021\/05\/albi4.jpeg\" \/>\n\t<meta property=\"og:image:width\" content=\"728\" \/>\n\t<meta property=\"og:image:height\" content=\"455\" \/>\n\t<meta property=\"og:image:type\" content=\"image\/jpeg\" \/>\n<meta name=\"twitter:card\" content=\"summary_large_image\" \/>\n<meta name=\"twitter:site\" content=\"@TourTravel_More\" \/>\n<meta name=\"twitter:label1\" content=\"Tiempo de lectura\" \/>\n\t<meta name=\"twitter:data1\" content=\"2 minutos\" \/>\n<script type=\"application\/ld+json\" class=\"yoast-schema-graph\">{\"@context\":\"https:\/\/schema.org\",\"@graph\":[{\"@type\":\"WebPage\",\"@id\":\"https:\/\/tourtravelandmore.com\/es\/tours\/francia\/toulouse-sp\/toulouse-tours-privados-es\/tour-privado-hacia-albi-de-dia-completo-desde-toulouse\/\",\"url\":\"https:\/\/tourtravelandmore.com\/es\/tours\/francia\/toulouse-sp\/toulouse-tours-privados-es\/tour-privado-hacia-albi-de-dia-completo-desde-toulouse\/\",\"name\":\"\u27a1\ufe0f Tour privado hacia Albi de d\u00eda completo desde Toulouse | Tour Travel & More\",\"isPartOf\":{\"@id\":\"https:\/\/tourtravelandmore.com\/es\/#website\"},\"primaryImageOfPage\":{\"@id\":\"https:\/\/tourtravelandmore.com\/es\/tours\/francia\/toulouse-sp\/toulouse-tours-privados-es\/tour-privado-hacia-albi-de-dia-completo-desde-toulouse\/#primaryimage\"},\"image\":{\"@id\":\"https:\/\/tourtravelandmore.com\/es\/tours\/francia\/toulouse-sp\/toulouse-tours-privados-es\/tour-privado-hacia-albi-de-dia-completo-desde-toulouse\/#primaryimage\"},\"thumbnailUrl\":\"https:\/\/tourtravelandmore.com\/wp-content\/uploads\/2021\/05\/albi4.jpeg\",\"datePublished\":\"2021-05-20T07:11:34+00:00\",\"dateModified\":\"2022-10-24T02:42:09+00:00\",\"description\":\"Reserva ya este Tour privado hacia Albi de d\u00eda completo desde Toulouse, ser\u00e1 una experiencia de lujo y completamente inolvidable \u2705\",\"breadcrumb\":{\"@id\":\"https:\/\/tourtravelandmore.com\/es\/tours\/francia\/toulouse-sp\/toulouse-tours-privados-es\/tour-privado-hacia-albi-de-dia-completo-desde-toulouse\/#breadcrumb\"},\"inLanguage\":\"es\",\"potentialAction\":[{\"@type\":\"ReadAction\",\"target\":[\"https:\/\/tourtravelandmore.com\/es\/tours\/francia\/toulouse-sp\/toulouse-tours-privados-es\/tour-privado-hacia-albi-de-dia-completo-desde-toulouse\/\"]}]},{\"@type\":\"ImageObject\",\"inLanguage\":\"es\",\"@id\":\"https:\/\/tourtravelandmore.com\/es\/tours\/francia\/toulouse-sp\/toulouse-tours-privados-es\/tour-privado-hacia-albi-de-dia-completo-desde-toulouse\/#primaryimage\",\"url\":\"https:\/\/tourtravelandmore.com\/wp-content\/uploads\/2021\/05\/albi4.jpeg\",\"contentUrl\":\"https:\/\/tourtravelandmore.com\/wp-content\/uploads\/2021\/05\/albi4.jpeg\",\"width\":728,\"height\":455},{\"@type\":\"BreadcrumbList\",\"@id\":\"https:\/\/tourtravelandmore.com\/es\/tours\/francia\/toulouse-sp\/toulouse-tours-privados-es\/tour-privado-hacia-albi-de-dia-completo-desde-toulouse\/#breadcrumb\",\"itemListElement\":[{\"@type\":\"ListItem\",\"position\":1,\"name\":\"Home\",\"item\":\"https:\/\/tourtravelandmore.com\/es\/\"},{\"@type\":\"ListItem\",\"position\":2,\"name\":\"Tours\",\"item\":\"https:\/\/tourtravelandmore.com\/es\/tours\/\"},{\"@type\":\"ListItem\",\"position\":3,\"name\":\"Tour privado hacia Albi de d\u00eda completo desde Toulouse\"}]},{\"@type\":\"WebSite\",\"@id\":\"https:\/\/tourtravelandmore.com\/es\/#website\",\"url\":\"https:\/\/tourtravelandmore.com\/es\/\",\"name\":\"Tour Travel And More\",\"description\":\"Private sightseeing tours and luxury transfers in Spain\",\"publisher\":{\"@id\":\"https:\/\/tourtravelandmore.com\/es\/#organization\"},\"potentialAction\":[{\"@type\":\"SearchAction\",\"target\":{\"@type\":\"EntryPoint\",\"urlTemplate\":\"https:\/\/tourtravelandmore.com\/es\/?s={search_term_string}\"},\"query-input\":{\"@type\":\"PropertyValueSpecification\",\"valueRequired\":true,\"valueName\":\"search_term_string\"}}],\"inLanguage\":\"es\"},{\"@type\":\"Organization\",\"@id\":\"https:\/\/tourtravelandmore.com\/es\/#organization\",\"name\":\"Tour Travel And More\",\"url\":\"https:\/\/tourtravelandmore.com\/es\/\",\"logo\":{\"@type\":\"ImageObject\",\"inLanguage\":\"es\",\"@id\":\"https:\/\/tourtravelandmore.com\/es\/#\/schema\/logo\/image\/\",\"url\":\"https:\/\/tourtravelandmore.com\/wp-content\/uploads\/2022\/12\/cropped-logo-cabecera-new.png\",\"contentUrl\":\"https:\/\/tourtravelandmore.com\/wp-content\/uploads\/2022\/12\/cropped-logo-cabecera-new.png\",\"width\":430,\"height\":61,\"caption\":\"Tour Travel And More\"},\"image\":{\"@id\":\"https:\/\/tourtravelandmore.com\/es\/#\/schema\/logo\/image\/\"},\"sameAs\":[\"https:\/\/www.facebook.com\/tourtravelandmore\/\",\"https:\/\/x.com\/TourTravel_More\"]}]}<\/script>\n<!-- \/ Yoast SEO Premium plugin. -->","yoast_head_json":{"title":"\u27a1\ufe0f Tour privado hacia Albi de d\u00eda completo desde Toulouse | Tour Travel & More","description":"Reserva ya este Tour privado hacia Albi de d\u00eda completo desde Toulouse, ser\u00e1 una experiencia de lujo y completamente inolvidable \u2705","robots":{"index":"index","follow":"follow","max-snippet":"max-snippet:-1","max-image-preview":"max-image-preview:large","max-video-preview":"max-video-preview:-1"},"canonical":"https:\/\/tourtravelandmore.com\/es\/tours\/francia\/toulouse-sp\/toulouse-tours-privados-es\/tour-privado-hacia-albi-de-dia-completo-desde-toulouse\/","og_locale":"es_ES","og_type":"article","og_title":"Tour privado hacia Albi de d\u00eda completo desde Toulouse","og_description":"Reserva ya este Tour privado hacia Albi de d\u00eda completo desde Toulouse, ser\u00e1 una experiencia de lujo y completamente inolvidable \u2705","og_url":"https:\/\/tourtravelandmore.com\/es\/tours\/francia\/toulouse-sp\/toulouse-tours-privados-es\/tour-privado-hacia-albi-de-dia-completo-desde-toulouse\/","og_site_name":"Tour Travel And More","article_publisher":"https:\/\/www.facebook.com\/tourtravelandmore\/","article_modified_time":"2022-10-24T02:42:09+00:00","og_image":[{"width":728,"height":455,"url":"https:\/\/tourtravelandmore.com\/wp-content\/uploads\/2021\/05\/albi4.jpeg","type":"image\/jpeg"}],"twitter_card":"summary_large_image","twitter_site":"@TourTravel_More","twitter_misc":{"Tiempo de lectura":"2 minutos"},"schema":{"@context":"https:\/\/schema.org","@graph":[{"@type":"WebPage","@id":"https:\/\/tourtravelandmore.com\/es\/tours\/francia\/toulouse-sp\/toulouse-tours-privados-es\/tour-privado-hacia-albi-de-dia-completo-desde-toulouse\/","url":"https:\/\/tourtravelandmore.com\/es\/tours\/francia\/toulouse-sp\/toulouse-tours-privados-es\/tour-privado-hacia-albi-de-dia-completo-desde-toulouse\/","name":"\u27a1\ufe0f Tour privado hacia Albi de d\u00eda completo desde Toulouse | Tour Travel & More","isPartOf":{"@id":"https:\/\/tourtravelandmore.com\/es\/#website"},"primaryImageOfPage":{"@id":"https:\/\/tourtravelandmore.com\/es\/tours\/francia\/toulouse-sp\/toulouse-tours-privados-es\/tour-privado-hacia-albi-de-dia-completo-desde-toulouse\/#primaryimage"},"image":{"@id":"https:\/\/tourtravelandmore.com\/es\/tours\/francia\/toulouse-sp\/toulouse-tours-privados-es\/tour-privado-hacia-albi-de-dia-completo-desde-toulouse\/#primaryimage"},"thumbnailUrl":"https:\/\/tourtravelandmore.com\/wp-content\/uploads\/2021\/05\/albi4.jpeg","datePublished":"2021-05-20T07:11:34+00:00","dateModified":"2022-10-24T02:42:09+00:00","description":"Reserva ya este Tour privado hacia Albi de d\u00eda completo desde Toulouse, ser\u00e1 una experiencia de lujo y completamente inolvidable \u2705","breadcrumb":{"@id":"https:\/\/tourtravelandmore.com\/es\/tours\/francia\/toulouse-sp\/toulouse-tours-privados-es\/tour-privado-hacia-albi-de-dia-completo-desde-toulouse\/#breadcrumb"},"inLanguage":"es","potentialAction":[{"@type":"ReadAction","target":["https:\/\/tourtravelandmore.com\/es\/tours\/francia\/toulouse-sp\/toulouse-tours-privados-es\/tour-privado-hacia-albi-de-dia-completo-desde-toulouse\/"]}]},{"@type":"ImageObject","inLanguage":"es","@id":"https:\/\/tourtravelandmore.com\/es\/tours\/francia\/toulouse-sp\/toulouse-tours-privados-es\/tour-privado-hacia-albi-de-dia-completo-desde-toulouse\/#primaryimage","url":"https:\/\/tourtravelandmore.com\/wp-content\/uploads\/2021\/05\/albi4.jpeg","contentUrl":"https:\/\/tourtravelandmore.com\/wp-content\/uploads\/2021\/05\/albi4.jpeg","width":728,"height":455},{"@type":"BreadcrumbList","@id":"https:\/\/tourtravelandmore.com\/es\/tours\/francia\/toulouse-sp\/toulouse-tours-privados-es\/tour-privado-hacia-albi-de-dia-completo-desde-toulouse\/#breadcrumb","itemListElement":[{"@type":"ListItem","position":1,"name":"Home","item":"https:\/\/tourtravelandmore.com\/es\/"},{"@type":"ListItem","position":2,"name":"Tours","item":"https:\/\/tourtravelandmore.com\/es\/tours\/"},{"@type":"ListItem","position":3,"name":"Tour privado hacia Albi de d\u00eda completo desde Toulouse"}]},{"@type":"WebSite","@id":"https:\/\/tourtravelandmore.com\/es\/#website","url":"https:\/\/tourtravelandmore.com\/es\/","name":"Tour Travel And More","description":"Private sightseeing tours and luxury transfers in Spain","publisher":{"@id":"https:\/\/tourtravelandmore.com\/es\/#organization"},"potentialAction":[{"@type":"SearchAction","target":{"@type":"EntryPoint","urlTemplate":"https:\/\/tourtravelandmore.com\/es\/?s={search_term_string}"},"query-input":{"@type":"PropertyValueSpecification","valueRequired":true,"valueName":"search_term_string"}}],"inLanguage":"es"},{"@type":"Organization","@id":"https:\/\/tourtravelandmore.com\/es\/#organization","name":"Tour Travel And More","url":"https:\/\/tourtravelandmore.com\/es\/","logo":{"@type":"ImageObject","inLanguage":"es","@id":"https:\/\/tourtravelandmore.com\/es\/#\/schema\/logo\/image\/","url":"https:\/\/tourtravelandmore.com\/wp-content\/uploads\/2022\/12\/cropped-logo-cabecera-new.png","contentUrl":"https:\/\/tourtravelandmore.com\/wp-content\/uploads\/2022\/12\/cropped-logo-cabecera-new.png","width":430,"height":61,"caption":"Tour Travel And More"},"image":{"@id":"https:\/\/tourtravelandmore.com\/es\/#\/schema\/logo\/image\/"},"sameAs":["https:\/\/www.facebook.com\/tourtravelandmore\/","https:\/\/x.com\/TourTravel_More"]}]}},"_links":{"self":[{"href":"https:\/\/tourtravelandmore.com\/es\/wp-json\/wp\/v2\/product\/107135","targetHints":{"allow":["GET"]}}],"collection":[{"href":"https:\/\/tourtravelandmore.com\/es\/wp-json\/wp\/v2\/product"}],"about":[{"href":"https:\/\/tourtravelandmore.com\/es\/wp-json\/wp\/v2\/types\/product"}],"replies":[{"embeddable":true,"href":"https:\/\/tourtravelandmore.com\/es\/wp-json\/wp\/v2\/comments?post=107135"}],"wp:featuredmedia":[{"embeddable":true,"href":"https:\/\/tourtravelandmore.com\/es\/wp-json\/wp\/v2\/media\/107162"}],"wp:attachment":[{"href":"https:\/\/tourtravelandmore.com\/es\/wp-json\/wp\/v2\/media?parent=107135"}],"wp:term":[{"taxonomy":"product_brand","embeddable":true,"href":"https:\/\/tourtravelandmore.com\/es\/wp-json\/wp\/v2\/product_brand?post=107135"},{"taxonomy":"product_cat","embeddable":true,"href":"https:\/\/tourtravelandmore.com\/es\/wp-json\/wp\/v2\/product_cat?post=107135"},{"taxonomy":"product_tag","embeddable":true,"href":"https:\/\/tourtravelandmore.com\/es\/wp-json\/wp\/v2\/product_tag?post=107135"}],"curies":[{"name":"wp","href":"https:\/\/api.w.org\/{rel}","templated":true}]}}