{"id":107092,"date":"2021-05-19T15:20:16","date_gmt":"2021-05-19T13:20:17","guid":{"rendered":"https:\/\/tourtravelandmore.com\/?post_type=product&#038;p=107092"},"modified":"2022-10-24T04:57:17","modified_gmt":"2022-10-24T02:57:17","slug":"tour-privado-de-toulouse","status":"publish","type":"product","link":"https:\/\/tourtravelandmore.com\/es\/tours\/francia\/toulouse-sp\/toulouse-tours-privados-es\/tour-privado-de-toulouse\/","title":{"rendered":"City tour privado de Toulouse"},"content":{"rendered":"<h2><b>Descripci\u00f3n del tour privado de Toulouse con gu\u00eda y veh\u00edculo<\/b><\/h2>\n<p><span style=\"font-weight: 400;\">Disfrute de esta visita guiada privada de Toulouse con su propio conductor privado para una experiencia inolvidable.<\/span><\/p>\n<p><span style=\"font-weight: 400;\">Este conductor se encargar\u00e1 de todo para que pueda sentarse, relajarse y disfrutar del recorrido. Los tours en Toulouse con conductor privado ofrecen un itinerario personalizable que le permite descubrir la ciudad a su propio ritmo, sin tener que pensar en nada m\u00e1s.<\/span><\/p>\n<p><span style=\"font-weight: 400;\">Toulouse es una ciudad del interior mucho m\u00e1s cercana al mar que otras ciudades francesas. No tiene un tama\u00f1o tan impresionante ni es tan conocido, pero sigue siendo un destino nost\u00e1lgico y hermoso con todos sus hechos hist\u00f3ricos.<\/span><\/p>\n<p><span style=\"font-weight: 400;\">Como todos nuestros tours privados, lo recogeremos de su hotel y ubicaci\u00f3n para tener la experiencia de su vida. \u00a1No pierda esta oportunidad fenomenal de explorar Toulouse!<\/span><\/p>\n<h2><b>Puntos de inter\u00e9s en el tour privado de Toulouse con gu\u00eda y veh\u00edculo<\/b><\/h2>\n<p><span style=\"font-weight: 400;\">Lo recoger\u00e1n en su hotel\/ubicaci\u00f3n de su elecci\u00f3n en Toulouse y en breve lo llevar\u00e1n a un recorrido privado. Una vez que conozca a su conductor y gu\u00eda tur\u00edstico, los dos le mostrar\u00e1n los mejores lugares de la ciudad. Toulouse tiene mucho que ofrecer, no se pierda la oportunidad de conocer sus monumentos y sitios m\u00e1s emblem\u00e1ticos.<\/span><\/p>\n<p><span style=\"font-weight: 400;\">En Toulouse, puedes disfrutar de muchas cosas diferentes. Hemos enumerado a continuaci\u00f3n algunas de las actividades principales, pero siempre podemos hacer cambios seg\u00fan el hotel que est\u00e9 visitando y\/o en qu\u00e9 vecindario. El orden de la actividad puede variar seg\u00fan las circunstancias (es decir, si comienza en su hotel o no).<\/span><\/p>\n<h3><b>R\u00edo Garona<\/b><\/h3>\n<p><span style=\"font-weight: 400;\">El r\u00edo Garona es famoso en Toulouse porque es el r\u00edo principal de la ciudad. Ha sido una importante ruta comercial durante siglos y ayud\u00f3 a Toulouse a crecer hasta convertirse en la bulliciosa e importante ciudad que es hoy.<\/span><\/p>\n<h3><b>Bas\u00edlica de San Sernin (sitio incluido en la lista de la UNESCO)<\/b><\/h3>\n<p><span style=\"font-weight: 400;\">La bas\u00edlica de Saint Sernin es una importante atracci\u00f3n tur\u00edstica en Toulouse, Francia. Se encuentra a orillas del r\u00edo Garona y es una de las iglesias rom\u00e1nicas m\u00e1s importantes de Europa.<\/span><\/p>\n<p><span style=\"font-weight: 400;\">Fue construido en honor a San Sern\u00edn, que fue un centuri\u00f3n romano que fue martirizado por su fe cristiana al ser atravesado con lanzas y descuartizado por animales salvajes. La iglesia ha sido clasificada como Patrimonio de la Humanidad desde 1998.<\/span><\/p>\n<h3><b>Place du Capitol<\/b><\/h3>\n<p><span style=\"font-weight: 400;\">La Place du Capitol en Toulouse es famosa porque fue el sitio de un atentado contra la vida del presidente Charles de Gaulle el 22 de agosto de 1962.<\/span><\/p>\n<p><span style=\"font-weight: 400;\">La Place du Capitole es una plaza p\u00fablica en Toulouse, Francia. La plaza est\u00e1 situada en el centro de la ciudad y est\u00e1 rodeada por cuatro edificios:<\/span><\/p>\n<ol>\n<li style=\"font-weight: 400;\" aria-level=\"1\"><strong>La bas\u00edlica de Saint-Sernin,<\/strong><\/li>\n<li style=\"font-weight: 400;\" aria-level=\"1\"><strong>Ayuntamiento Municipal,<\/strong><\/li>\n<li style=\"font-weight: 400;\" aria-level=\"1\"><strong>el Palacio de Justicia y<\/strong><\/li>\n<li style=\"font-weight: 400;\" aria-level=\"1\"><strong>el Palacio de Justicia.<\/strong><\/li>\n<\/ol>\n<h3><b>Visita del exterior del Museo de Toulouse.<\/b><\/h3>\n<p><span style=\"font-weight: 400;\">El Museo de Toulouse es uno de los museos m\u00e1s antiguos de Europa y es famoso por la diversidad de sus colecciones.<\/span><\/p>\n<p><span style=\"font-weight: 400;\">El museo alberga m\u00e1s de 1 mill\u00f3n de art\u00edculos y es famoso por su diversidad de colecciones.<\/span><\/p>\n<p><span style=\"font-weight: 400;\">Originalmente, fue construido para albergar una colecci\u00f3n de pinturas, pero ahora tambi\u00e9n alberga una gran colecci\u00f3n de f\u00f3siles, monedas, medallas, esculturas y otros objetos desde la antig\u00fcedad hasta la \u00e9poca moderna.<\/span><\/p>\n<h3><b>Iglesia de les Jacobins<\/b><\/h3>\n<p><span style=\"font-weight: 400;\">La Iglesia de los Jacobinos es famosa porque fue el lugar de una serie de ejecuciones masivas durante la Revoluci\u00f3n Francesa. Esta iglesia tambi\u00e9n es famosa por su arquitectura y su historia.<\/span><\/p>\n<h3><b>Hotel d\u2019Assezat (Fundaci\u00f3n Bemberg)<\/b><\/h3>\n<p><span style=\"font-weight: 400;\">El Hotel d&#8217;Assezat (Fundaci\u00f3n Bemberg) en Toulouse es famoso por ser el lugar de nacimiento de la familia Bemberg. Fue construido por un rico comerciante, Jean-Baptiste Assezat, y su esposa, Marie-Louise Ramade. La construcci\u00f3n comenz\u00f3 en 1754 y finaliz\u00f3 en 1759.<\/span><\/p>\n<h3><b>Place de la Trinite<\/b><\/h3>\n<p><span style=\"font-weight: 400;\">La Place de la Trinite es una plaza en el centro de Toulouse, Francia. Es famoso por ser el sitio de una iglesia llamada Saint-Sernin, que fue consagrada en 1034.<\/span><\/p>\n<p><span style=\"font-weight: 400;\">Antes del siglo XII, la zona donde se encuentra Saint-Sernin estaba ocupada por un templo romano dedicado a Augusto C\u00e9sar. El templo fue demolido y reemplazado por una bas\u00edlica cristiana, que se conoci\u00f3 como Saint-Sernin.<\/span><\/p>\n<p><span style=\"font-weight: 400;\">La Place de la Trinite tambi\u00e9n es famosa por su mercado navide\u00f1o que tiene lugar todos los a\u00f1os de noviembre a diciembre.<\/span><\/p>\n<h3><b>Quai de la Daurade<\/b><\/h3>\n<p><span style=\"font-weight: 400;\">El Quai de la Daurade es una famosa atracci\u00f3n tur\u00edstica en Toulouse, Francia. Es tambi\u00e9n la cuna de la Oficina de Turismo de Toulouse y el primer punto de llegada de los visitantes a la ciudad.<\/span><\/p>\n<p><span style=\"font-weight: 400;\">El Quai de la Daurade fue construido en 1856 y ha sido renovado muchas veces desde entonces. La renovaci\u00f3n m\u00e1s reciente fue en 2017, cuando agregaron una nueva entrada que puede ser utilizada por turistas con discapacidades.<\/span><\/p>\n<h3><b>Iglesia de Nuestra Se\u00f1ora de la Dalbade<\/b><\/h3>\n<p><span style=\"font-weight: 400;\">La Iglesia de Nuestra Se\u00f1ora de Dalbade en Toulouse es famosa por las siguientes razones:<\/span><\/p>\n<ol>\n<li><strong> Es uno de los monumentos religiosos m\u00e1s importantes de Toulouse.<\/strong><\/li>\n<li><strong> La iglesia fue construida en el sitio de un antiguo templo romano, que fue construido por el emperador Augusto y dedicado a la diosa Cibeles.<\/strong><\/li>\n<li><strong> La iglesia ha sido catalogada como Patrimonio de la Humanidad por la UNESCO desde 2016 porque se erige como un ejemplo destacado de la arquitectura rom\u00e1nica.<\/strong><\/li>\n<\/ol>\n<h3><b>Hotel du Vieux Raisin<\/b><\/h3>\n<p><span style=\"font-weight: 400;\">El Hotel du Vieux Raisin es un hotel en Toulouse, Francia, famoso por ser la ubicaci\u00f3n de la primera Gu\u00eda Michelin, fue construido en 1855 y era, en ese momento, el hotel m\u00e1s lujoso de Toulouse. Tambi\u00e9n fue donde se public\u00f3 la primera Gu\u00eda Michelin y se otorgaron sus primeras tres estrellas.<\/span><\/p>\n<h3><b>Catedral St Etienne<\/b><\/h3>\n<p><span style=\"font-weight: 400;\">La Catedral de St Etienne es famosa porque fue el primer edificio g\u00f3tico en Francia.<\/span><\/p>\n<p><span style=\"font-weight: 400;\">La construcci\u00f3n de esta catedral comenz\u00f3 en 1195 y tard\u00f3 m\u00e1s de 200 a\u00f1os en completarse. Tiene un estilo de arco apuntado \u00fanico que es diferente de otras catedrales en Europa en ese momento.<\/span><\/p>\n<h3><b>Vista del museo de los augustinos<\/b><\/h3>\n<p><span style=\"font-weight: 400;\">El Museo Agustino de Toulouse es famoso por su colecci\u00f3n de arte medieval y renacentista. El museo alberga m\u00e1s de 3.000 obras entre pinturas, esculturas y dibujos.<\/span><\/p>\n<p><span style=\"font-weight: 400;\">Este museo fue fundado en 1852 por el arzobispo de Toulouse. Don\u00f3 su colecci\u00f3n a la ciudad como gesto de agradecimiento por todo lo que hab\u00eda hecho por \u00e9l durante la Revoluci\u00f3n Francesa.<\/span><\/p>\n<h3><b>Canal du Midi<\/b><\/h3>\n<p><span style=\"font-weight: 400;\">El canal fue construido para conectar el r\u00edo Garona con el mar Mediterr\u00e1neo. Es uno de los canales m\u00e1s famosos de Francia.<\/span><\/p>\n<p><span style=\"font-weight: 400;\">El Canal du Midi es un canal en Toulouse, Francia, que conecta el r\u00edo Garona con el mar Mediterr\u00e1neo. Es uno de los canales m\u00e1s famosos de Francia.<\/span><\/p>\n<h3><b>Rue Saint Rome<\/b><\/h3>\n<p><span style=\"font-weight: 400;\">Rue Saint-Rome es una calle en el sur de Toulouse. Es famoso por sus restaurantes, cafeter\u00edas y bares. El \u00e1rea es popular entre estudiantes y turistas porque ofrece una variedad de culturas diferentes de todo el mundo.<\/span><\/p>\n<p><span style=\"font-weight: 400;\">La calle lleva el nombre de Jean-Baptiste Saint-Rome, quien fue el primer alcalde de Toulouse en 1831.<\/span><\/p>\n<h3><b>Place Saint- George<\/b><\/h3>\n<p><span style=\"font-weight: 400;\">La Place Saint-George est\u00e1 en el coraz\u00f3n de Toulouse, Francia. Es una gran plaza con una estatua de la Virgen Mar\u00eda y un estacionamiento subterr\u00e1neo, lleva el nombre del rey Jorge I de Inglaterra. Fue el gobernante de Gran Breta\u00f1a desde 1714 hasta 1727. La plaza fue construida en 1726 como un homenaje a \u00e9l.<\/span><\/p>\n<p><span style=\"font-weight: 400;\">La Place Saint-George es famosa porque ha sido escenario de muchos eventos importantes en la historia de Francia, como cuando el rey Carlos X fue derrocado el 31 de julio de 1830.<\/span><\/p>\n<p><span style=\"font-weight: 400;\">Disfruta de este tour privado de Toulouse y conozca sus monumentos y sitios m\u00e1s importantes. Conozca su historia y todo lo que tiene que ofrecer gracias a su gu\u00eda tur\u00edstico oficial privado. Haga que su chofer lo lleve de manera c\u00f3moda y segura de un lugar a otro.<\/span><\/p>\n<p><span style=\"font-weight: 400;\">Este recorrido privado finalizar\u00e1 en su hotel o lugar de elecci\u00f3n dentro de la ciudad de Toulouse.<\/span><\/p>\n<p><a href=\"https:\/\/tourtravelandmore.com\/es\/ciudad\/francia\/toulouse-sp\/\"><span style=\"font-weight: 400;\">Mire aqu\u00ed todos nos nuestros tours y experiencias privadas en Toulouse.<\/span><\/a><\/p>\n","protected":false},"excerpt":{"rendered":"<p>Descubra la maravillosa ciudad de<strong> Toulouse junto a uno de nuestros gu\u00edas oficiales privados<\/strong>, c\u00f3modo en su veh\u00edculo privado.<\/p>\n<p><span style=\"font-weight: 400;\">\u00a0<\/span><\/p>\n<h4><\/h4>\n","protected":false},"featured_media":107110,"comment_status":"open","ping_status":"closed","template":"","meta":{"_acf_changed":false},"product_brand":[],"product_cat":[1592,3629,3936],"product_tag":[],"class_list":{"0":"post-107092","1":"product","2":"type-product","3":"status-publish","4":"has-post-thumbnail","6":"product_cat-francia","7":"product_cat-toulouse-sp","8":"product_cat-toulouse-tours-privados-es","10":"first","11":"instock","12":"shipping-taxable","13":"purchasable","14":"product-type-simple"},"acf":[],"yoast_head":"<!-- This site is optimized with the Yoast SEO Premium plugin v25.3.1 (Yoast SEO v25.3.1) - https:\/\/yoast.com\/wordpress\/plugins\/seo\/ -->\n<title>\u27a1\ufe0f Tour privado de Toulouse con chofer y gu\u00eda licenciado | Tour Travel &amp; More<\/title>\n<meta name=\"description\" content=\"Descubra y explore la maravillosa ciudad de Toulouse junto a un gu\u00eda oficial, experto en historia y cultura de la ciudad \u2705\" \/>\n<meta name=\"robots\" content=\"index, follow, max-snippet:-1, max-image-preview:large, max-video-preview:-1\" \/>\n<link rel=\"canonical\" href=\"https:\/\/tourtravelandmore.com\/es\/tours\/francia\/toulouse-sp\/toulouse-tours-privados-es\/tour-privado-de-toulouse\/\" \/>\n<meta property=\"og:locale\" content=\"es_ES\" \/>\n<meta property=\"og:type\" content=\"article\" \/>\n<meta property=\"og:title\" content=\"City tour privado de Toulouse\" \/>\n<meta property=\"og:description\" content=\"Descubra y explore la maravillosa ciudad de Toulouse junto a un gu\u00eda oficial, experto en historia y cultura de la ciudad \u2705\" \/>\n<meta property=\"og:url\" content=\"https:\/\/tourtravelandmore.com\/es\/tours\/francia\/toulouse-sp\/toulouse-tours-privados-es\/tour-privado-de-toulouse\/\" \/>\n<meta property=\"og:site_name\" content=\"Tour Travel And More\" \/>\n<meta property=\"article:publisher\" content=\"https:\/\/www.facebook.com\/tourtravelandmore\/\" \/>\n<meta property=\"article:modified_time\" content=\"2022-10-24T02:57:17+00:00\" \/>\n<meta property=\"og:image\" content=\"https:\/\/tourtravelandmore.com\/wp-content\/uploads\/2021\/05\/Toulouse.jpeg\" \/>\n\t<meta property=\"og:image:width\" content=\"1050\" \/>\n\t<meta property=\"og:image:height\" content=\"700\" \/>\n\t<meta property=\"og:image:type\" content=\"image\/jpeg\" \/>\n<meta name=\"twitter:card\" content=\"summary_large_image\" \/>\n<meta name=\"twitter:site\" content=\"@TourTravel_More\" \/>\n<meta name=\"twitter:label1\" content=\"Tiempo de lectura\" \/>\n\t<meta name=\"twitter:data1\" content=\"2 minutos\" \/>\n<script type=\"application\/ld+json\" class=\"yoast-schema-graph\">{\"@context\":\"https:\/\/schema.org\",\"@graph\":[{\"@type\":\"WebPage\",\"@id\":\"https:\/\/tourtravelandmore.com\/es\/tours\/francia\/toulouse-sp\/toulouse-tours-privados-es\/tour-privado-de-toulouse\/\",\"url\":\"https:\/\/tourtravelandmore.com\/es\/tours\/francia\/toulouse-sp\/toulouse-tours-privados-es\/tour-privado-de-toulouse\/\",\"name\":\"\u27a1\ufe0f Tour privado de Toulouse con chofer y gu\u00eda licenciado | Tour Travel & More\",\"isPartOf\":{\"@id\":\"https:\/\/tourtravelandmore.com\/es\/#website\"},\"primaryImageOfPage\":{\"@id\":\"https:\/\/tourtravelandmore.com\/es\/tours\/francia\/toulouse-sp\/toulouse-tours-privados-es\/tour-privado-de-toulouse\/#primaryimage\"},\"image\":{\"@id\":\"https:\/\/tourtravelandmore.com\/es\/tours\/francia\/toulouse-sp\/toulouse-tours-privados-es\/tour-privado-de-toulouse\/#primaryimage\"},\"thumbnailUrl\":\"https:\/\/tourtravelandmore.com\/wp-content\/uploads\/2021\/05\/Toulouse.jpeg\",\"datePublished\":\"2021-05-19T13:20:17+00:00\",\"dateModified\":\"2022-10-24T02:57:17+00:00\",\"description\":\"Descubra y explore la maravillosa ciudad de Toulouse junto a un gu\u00eda oficial, experto en historia y cultura de la ciudad \u2705\",\"breadcrumb\":{\"@id\":\"https:\/\/tourtravelandmore.com\/es\/tours\/francia\/toulouse-sp\/toulouse-tours-privados-es\/tour-privado-de-toulouse\/#breadcrumb\"},\"inLanguage\":\"es\",\"potentialAction\":[{\"@type\":\"ReadAction\",\"target\":[\"https:\/\/tourtravelandmore.com\/es\/tours\/francia\/toulouse-sp\/toulouse-tours-privados-es\/tour-privado-de-toulouse\/\"]}]},{\"@type\":\"ImageObject\",\"inLanguage\":\"es\",\"@id\":\"https:\/\/tourtravelandmore.com\/es\/tours\/francia\/toulouse-sp\/toulouse-tours-privados-es\/tour-privado-de-toulouse\/#primaryimage\",\"url\":\"https:\/\/tourtravelandmore.com\/wp-content\/uploads\/2021\/05\/Toulouse.jpeg\",\"contentUrl\":\"https:\/\/tourtravelandmore.com\/wp-content\/uploads\/2021\/05\/Toulouse.jpeg\",\"width\":1050,\"height\":700},{\"@type\":\"BreadcrumbList\",\"@id\":\"https:\/\/tourtravelandmore.com\/es\/tours\/francia\/toulouse-sp\/toulouse-tours-privados-es\/tour-privado-de-toulouse\/#breadcrumb\",\"itemListElement\":[{\"@type\":\"ListItem\",\"position\":1,\"name\":\"Home\",\"item\":\"https:\/\/tourtravelandmore.com\/es\/\"},{\"@type\":\"ListItem\",\"position\":2,\"name\":\"Tours\",\"item\":\"https:\/\/tourtravelandmore.com\/es\/tours\/\"},{\"@type\":\"ListItem\",\"position\":3,\"name\":\"City tour privado de Toulouse\"}]},{\"@type\":\"WebSite\",\"@id\":\"https:\/\/tourtravelandmore.com\/es\/#website\",\"url\":\"https:\/\/tourtravelandmore.com\/es\/\",\"name\":\"Tour Travel And More\",\"description\":\"Private sightseeing tours and luxury transfers in Spain\",\"publisher\":{\"@id\":\"https:\/\/tourtravelandmore.com\/es\/#organization\"},\"potentialAction\":[{\"@type\":\"SearchAction\",\"target\":{\"@type\":\"EntryPoint\",\"urlTemplate\":\"https:\/\/tourtravelandmore.com\/es\/?s={search_term_string}\"},\"query-input\":{\"@type\":\"PropertyValueSpecification\",\"valueRequired\":true,\"valueName\":\"search_term_string\"}}],\"inLanguage\":\"es\"},{\"@type\":\"Organization\",\"@id\":\"https:\/\/tourtravelandmore.com\/es\/#organization\",\"name\":\"Tour Travel And More\",\"url\":\"https:\/\/tourtravelandmore.com\/es\/\",\"logo\":{\"@type\":\"ImageObject\",\"inLanguage\":\"es\",\"@id\":\"https:\/\/tourtravelandmore.com\/es\/#\/schema\/logo\/image\/\",\"url\":\"https:\/\/tourtravelandmore.com\/wp-content\/uploads\/2022\/12\/cropped-logo-cabecera-new.png\",\"contentUrl\":\"https:\/\/tourtravelandmore.com\/wp-content\/uploads\/2022\/12\/cropped-logo-cabecera-new.png\",\"width\":430,\"height\":61,\"caption\":\"Tour Travel And More\"},\"image\":{\"@id\":\"https:\/\/tourtravelandmore.com\/es\/#\/schema\/logo\/image\/\"},\"sameAs\":[\"https:\/\/www.facebook.com\/tourtravelandmore\/\",\"https:\/\/x.com\/TourTravel_More\"]}]}<\/script>\n<!-- \/ Yoast SEO Premium plugin. -->","yoast_head_json":{"title":"\u27a1\ufe0f Tour privado de Toulouse con chofer y gu\u00eda licenciado | Tour Travel & More","description":"Descubra y explore la maravillosa ciudad de Toulouse junto a un gu\u00eda oficial, experto en historia y cultura de la ciudad \u2705","robots":{"index":"index","follow":"follow","max-snippet":"max-snippet:-1","max-image-preview":"max-image-preview:large","max-video-preview":"max-video-preview:-1"},"canonical":"https:\/\/tourtravelandmore.com\/es\/tours\/francia\/toulouse-sp\/toulouse-tours-privados-es\/tour-privado-de-toulouse\/","og_locale":"es_ES","og_type":"article","og_title":"City tour privado de Toulouse","og_description":"Descubra y explore la maravillosa ciudad de Toulouse junto a un gu\u00eda oficial, experto en historia y cultura de la ciudad \u2705","og_url":"https:\/\/tourtravelandmore.com\/es\/tours\/francia\/toulouse-sp\/toulouse-tours-privados-es\/tour-privado-de-toulouse\/","og_site_name":"Tour Travel And More","article_publisher":"https:\/\/www.facebook.com\/tourtravelandmore\/","article_modified_time":"2022-10-24T02:57:17+00:00","og_image":[{"width":1050,"height":700,"url":"https:\/\/tourtravelandmore.com\/wp-content\/uploads\/2021\/05\/Toulouse.jpeg","type":"image\/jpeg"}],"twitter_card":"summary_large_image","twitter_site":"@TourTravel_More","twitter_misc":{"Tiempo de lectura":"2 minutos"},"schema":{"@context":"https:\/\/schema.org","@graph":[{"@type":"WebPage","@id":"https:\/\/tourtravelandmore.com\/es\/tours\/francia\/toulouse-sp\/toulouse-tours-privados-es\/tour-privado-de-toulouse\/","url":"https:\/\/tourtravelandmore.com\/es\/tours\/francia\/toulouse-sp\/toulouse-tours-privados-es\/tour-privado-de-toulouse\/","name":"\u27a1\ufe0f Tour privado de Toulouse con chofer y gu\u00eda licenciado | Tour Travel & More","isPartOf":{"@id":"https:\/\/tourtravelandmore.com\/es\/#website"},"primaryImageOfPage":{"@id":"https:\/\/tourtravelandmore.com\/es\/tours\/francia\/toulouse-sp\/toulouse-tours-privados-es\/tour-privado-de-toulouse\/#primaryimage"},"image":{"@id":"https:\/\/tourtravelandmore.com\/es\/tours\/francia\/toulouse-sp\/toulouse-tours-privados-es\/tour-privado-de-toulouse\/#primaryimage"},"thumbnailUrl":"https:\/\/tourtravelandmore.com\/wp-content\/uploads\/2021\/05\/Toulouse.jpeg","datePublished":"2021-05-19T13:20:17+00:00","dateModified":"2022-10-24T02:57:17+00:00","description":"Descubra y explore la maravillosa ciudad de Toulouse junto a un gu\u00eda oficial, experto en historia y cultura de la ciudad \u2705","breadcrumb":{"@id":"https:\/\/tourtravelandmore.com\/es\/tours\/francia\/toulouse-sp\/toulouse-tours-privados-es\/tour-privado-de-toulouse\/#breadcrumb"},"inLanguage":"es","potentialAction":[{"@type":"ReadAction","target":["https:\/\/tourtravelandmore.com\/es\/tours\/francia\/toulouse-sp\/toulouse-tours-privados-es\/tour-privado-de-toulouse\/"]}]},{"@type":"ImageObject","inLanguage":"es","@id":"https:\/\/tourtravelandmore.com\/es\/tours\/francia\/toulouse-sp\/toulouse-tours-privados-es\/tour-privado-de-toulouse\/#primaryimage","url":"https:\/\/tourtravelandmore.com\/wp-content\/uploads\/2021\/05\/Toulouse.jpeg","contentUrl":"https:\/\/tourtravelandmore.com\/wp-content\/uploads\/2021\/05\/Toulouse.jpeg","width":1050,"height":700},{"@type":"BreadcrumbList","@id":"https:\/\/tourtravelandmore.com\/es\/tours\/francia\/toulouse-sp\/toulouse-tours-privados-es\/tour-privado-de-toulouse\/#breadcrumb","itemListElement":[{"@type":"ListItem","position":1,"name":"Home","item":"https:\/\/tourtravelandmore.com\/es\/"},{"@type":"ListItem","position":2,"name":"Tours","item":"https:\/\/tourtravelandmore.com\/es\/tours\/"},{"@type":"ListItem","position":3,"name":"City tour privado de Toulouse"}]},{"@type":"WebSite","@id":"https:\/\/tourtravelandmore.com\/es\/#website","url":"https:\/\/tourtravelandmore.com\/es\/","name":"Tour Travel And More","description":"Private sightseeing tours and luxury transfers in Spain","publisher":{"@id":"https:\/\/tourtravelandmore.com\/es\/#organization"},"potentialAction":[{"@type":"SearchAction","target":{"@type":"EntryPoint","urlTemplate":"https:\/\/tourtravelandmore.com\/es\/?s={search_term_string}"},"query-input":{"@type":"PropertyValueSpecification","valueRequired":true,"valueName":"search_term_string"}}],"inLanguage":"es"},{"@type":"Organization","@id":"https:\/\/tourtravelandmore.com\/es\/#organization","name":"Tour Travel And More","url":"https:\/\/tourtravelandmore.com\/es\/","logo":{"@type":"ImageObject","inLanguage":"es","@id":"https:\/\/tourtravelandmore.com\/es\/#\/schema\/logo\/image\/","url":"https:\/\/tourtravelandmore.com\/wp-content\/uploads\/2022\/12\/cropped-logo-cabecera-new.png","contentUrl":"https:\/\/tourtravelandmore.com\/wp-content\/uploads\/2022\/12\/cropped-logo-cabecera-new.png","width":430,"height":61,"caption":"Tour Travel And More"},"image":{"@id":"https:\/\/tourtravelandmore.com\/es\/#\/schema\/logo\/image\/"},"sameAs":["https:\/\/www.facebook.com\/tourtravelandmore\/","https:\/\/x.com\/TourTravel_More"]}]}},"_links":{"self":[{"href":"https:\/\/tourtravelandmore.com\/es\/wp-json\/wp\/v2\/product\/107092","targetHints":{"allow":["GET"]}}],"collection":[{"href":"https:\/\/tourtravelandmore.com\/es\/wp-json\/wp\/v2\/product"}],"about":[{"href":"https:\/\/tourtravelandmore.com\/es\/wp-json\/wp\/v2\/types\/product"}],"replies":[{"embeddable":true,"href":"https:\/\/tourtravelandmore.com\/es\/wp-json\/wp\/v2\/comments?post=107092"}],"wp:featuredmedia":[{"embeddable":true,"href":"https:\/\/tourtravelandmore.com\/es\/wp-json\/wp\/v2\/media\/107110"}],"wp:attachment":[{"href":"https:\/\/tourtravelandmore.com\/es\/wp-json\/wp\/v2\/media?parent=107092"}],"wp:term":[{"taxonomy":"product_brand","embeddable":true,"href":"https:\/\/tourtravelandmore.com\/es\/wp-json\/wp\/v2\/product_brand?post=107092"},{"taxonomy":"product_cat","embeddable":true,"href":"https:\/\/tourtravelandmore.com\/es\/wp-json\/wp\/v2\/product_cat?post=107092"},{"taxonomy":"product_tag","embeddable":true,"href":"https:\/\/tourtravelandmore.com\/es\/wp-json\/wp\/v2\/product_tag?post=107092"}],"curies":[{"name":"wp","href":"https:\/\/api.w.org\/{rel}","templated":true}]}}