{"id":107020,"date":"2021-05-19T09:29:56","date_gmt":"2021-05-19T07:29:59","guid":{"rendered":"https:\/\/tourtravelandmore.com\/?post_type=product&#038;p=107020"},"modified":"2025-02-24T10:41:18","modified_gmt":"2025-02-24T09:41:18","slug":"trekking-privado-a-el-teide","status":"publish","type":"product","link":"https:\/\/tourtravelandmore.com\/es\/tours\/espana-es\/tenerife-es\/trekking-privado-a-el-teide\/","title":{"rendered":"Trekking privado a El Teide"},"content":{"rendered":"<h2><strong>Descripci\u00f3n del Trekking privado a El Teide<\/strong><\/h2>\n<p>Disfruta nuestro trekking privado a El Teide y visita el pico m\u00e1s alto de Espa\u00f1a junto a nuestro gu\u00eda local experto. Podr\u00e1s ver el magn\u00edfico paisaje del parque nacional, su maravillosa bot\u00e1nica y aprender su historia.<\/p>\n<p>Para dar comienzo a su tour, su chofer y gu\u00eda le recoger\u00e1n en su sitio deseado en la isla. A continuaci\u00f3n iremos hacia el sendero Monta\u00f1a Blanca, donde iniciaremos el ascenso a la cumbre (comenzando a 2350 metros de altura). Desde all\u00ed hasta la cumbre caminaremos aproximadamente 1400 metros. El retorno podr\u00e1 ser en el telef\u00e9rico, o bien caminando.<\/p>\n<p>La \u00faltima erupci\u00f3n del volc\u00e1n sucedi\u00f3 en 1909. El Parque Nacional del Teide alberga m\u00e1s de 18.900 hect\u00e1reas, siendo declarado en 2007 como Patrimonio de la Humanidad por la UNESCO. El parque es visitado por m\u00e1s de 3 millones de personas cada a\u00f1o.<\/p>\n<p>Su chofer privado y gu\u00eda le recoger\u00e1n en su sitio deseado en Tenerife para iniciar la excursi\u00f3n.<\/p>\n<h2><strong>Puntos de inter\u00e9s en el Trekking privado a El Teide<\/strong><\/h2>\n<p>Para comenzar el d\u00eda su chofer y gu\u00eda le recoger\u00e1n al horario acordado. Nuestro trekking privado a <a href=\"https:\/\/www.volcanoteide.com\/es\">El Teide<\/a> est\u00e1 tambi\u00e9n disponible para cruceristas, pero tener en cuenta que la duraci\u00f3n del mismo es de al menos 10 horas.<\/p>\n<p>Nuestro veh\u00edculo nos dejar\u00e1 a 2350 sobre el nivel del mar. Desde all\u00ed iniciaremos el sendero de Monta\u00f1a Blanca y subiremos 1400 metros. Durante el recorrido podr\u00e1s apreciar la maravillosa geograf\u00eda de la zona, incluyendo la piedra pomez de la erupci\u00f3n de Monta\u00f1a Blanca y las lavas negras de la \u00faltima erupci\u00f3n del Teide, Esto incluye los famosos Huevos del Teide.<\/p>\n<p>Durante el trekking podr\u00e1s aprender sobre la bot\u00e1nica del parque nacional. Ver\u00e1s diversas flores, como por ejemplo la violeta del Teide, la margarita del Teide y la retama del Teide. Conocer\u00e1s tambi\u00e9n la labor de los antiguos oficios, la historia de las hist\u00f3ricas expediciones cient\u00edficas y mucho m\u00e1s!<\/p>\n<p>Coordinaremos con anterioridad el permiso necesario para ascender desde La Rambleta. Una vez en la cima podr\u00e1s apreciar vistas panor\u00e1micas de 360 grados de la isla y sus alrededores. All\u00ed podremos organizar un picnic, o bien podr\u00e1s llevar lo que desees (te recomendaremos qu\u00e9 llevar con anterioridad). Finalmente, caminaremos hacia La Rambleta. Desde all\u00ed podemos coger el telef\u00e9rico hacia el coche, o bien podremos volver caminando hasta el punto de inicio.<\/p>\n<p><span lang=\"es\">Nuestro equipo de expertos estar\u00e1 a su entera disposici\u00f3n para ayudarle a coordinar una experiencia personalizada en Tenerife. Cont\u00e1ctenos con nuestro formulario de reserva o haciendo<a href=\"https:\/\/tourtravelandmore.com\/es\/tours\/espana-es\/tenerife-es\/trekking-privado-a-el-teide\/\"> clic aqu\u00ed<\/a>.<\/span><\/p>\n","protected":false},"excerpt":{"rendered":"<p>Descubre el maravilloso volc\u00e1n El Teide junto a uno de nuestros gu\u00edas expertos. Disfruta una experiencia inolvidable caminando hacia el punto m\u00e1s alto de Espa\u00f1a.<\/p>\n<p>&nbsp;<\/p>\n","protected":false},"featured_media":107051,"comment_status":"open","ping_status":"closed","template":"","meta":{"_acf_changed":false},"product_brand":[],"product_cat":[1023,1024,3934],"product_tag":[],"class_list":{"0":"post-107020","1":"product","2":"type-product","3":"status-publish","4":"has-post-thumbnail","6":"product_cat-tenerife-es","7":"product_cat-tenerife-actividades-es","8":"product_cat-trekking-tenerife-es","10":"first","11":"instock","12":"shipping-taxable","13":"purchasable","14":"product-type-simple"},"acf":[],"yoast_head":"<!-- This site is optimized with the Yoast SEO Premium plugin v25.3.1 (Yoast SEO v25.3.1) - https:\/\/yoast.com\/wordpress\/plugins\/seo\/ -->\n<title>\u27a1\ufe0f Trekking privado a El Teide desde Tenerife gu\u00eda local experto | Tour Travel &amp; More<\/title>\n<meta name=\"description\" content=\"En este trekking privado a El Teide descubrir\u00e1s un paisaje \u00fanico y su famoso volc\u00e1n, declarado Patrimonio de la Humanidad por la UNESCO \u2705\" \/>\n<meta name=\"robots\" content=\"index, follow, max-snippet:-1, max-image-preview:large, max-video-preview:-1\" \/>\n<link rel=\"canonical\" href=\"https:\/\/tourtravelandmore.com\/es\/tours\/espana-es\/tenerife-es\/trekking-privado-a-el-teide\/\" \/>\n<meta property=\"og:locale\" content=\"es_ES\" \/>\n<meta property=\"og:type\" content=\"article\" \/>\n<meta property=\"og:title\" content=\"Trekking privado a El Teide\" \/>\n<meta property=\"og:description\" content=\"En este trekking privado a El Teide descubrir\u00e1s un paisaje \u00fanico y su famoso volc\u00e1n, declarado Patrimonio de la Humanidad por la UNESCO \u2705\" \/>\n<meta property=\"og:url\" content=\"https:\/\/tourtravelandmore.com\/es\/tours\/espana-es\/tenerife-es\/trekking-privado-a-el-teide\/\" \/>\n<meta property=\"og:site_name\" content=\"Tour Travel And More\" \/>\n<meta property=\"article:publisher\" content=\"https:\/\/www.facebook.com\/tourtravelandmore\/\" \/>\n<meta property=\"article:modified_time\" content=\"2025-02-24T09:41:18+00:00\" \/>\n<meta property=\"og:image\" content=\"https:\/\/tourtravelandmore.com\/wp-content\/uploads\/2021\/05\/Teide-7.jpg\" \/>\n\t<meta property=\"og:image:width\" content=\"1920\" \/>\n\t<meta property=\"og:image:height\" content=\"1440\" \/>\n\t<meta property=\"og:image:type\" content=\"image\/jpeg\" \/>\n<meta name=\"twitter:card\" content=\"summary_large_image\" \/>\n<meta name=\"twitter:site\" content=\"@TourTravel_More\" \/>\n<meta name=\"twitter:label1\" content=\"Tiempo de lectura\" \/>\n\t<meta name=\"twitter:data1\" content=\"3 minutos\" \/>\n<script type=\"application\/ld+json\" class=\"yoast-schema-graph\">{\"@context\":\"https:\/\/schema.org\",\"@graph\":[{\"@type\":\"WebPage\",\"@id\":\"https:\/\/tourtravelandmore.com\/es\/tours\/espana-es\/tenerife-es\/trekking-privado-a-el-teide\/\",\"url\":\"https:\/\/tourtravelandmore.com\/es\/tours\/espana-es\/tenerife-es\/trekking-privado-a-el-teide\/\",\"name\":\"\u27a1\ufe0f Trekking privado a El Teide desde Tenerife gu\u00eda local experto | Tour Travel & More\",\"isPartOf\":{\"@id\":\"https:\/\/tourtravelandmore.com\/es\/#website\"},\"primaryImageOfPage\":{\"@id\":\"https:\/\/tourtravelandmore.com\/es\/tours\/espana-es\/tenerife-es\/trekking-privado-a-el-teide\/#primaryimage\"},\"image\":{\"@id\":\"https:\/\/tourtravelandmore.com\/es\/tours\/espana-es\/tenerife-es\/trekking-privado-a-el-teide\/#primaryimage\"},\"thumbnailUrl\":\"https:\/\/tourtravelandmore.com\/wp-content\/uploads\/2021\/05\/Teide-7.jpg\",\"datePublished\":\"2021-05-19T07:29:59+00:00\",\"dateModified\":\"2025-02-24T09:41:18+00:00\",\"description\":\"En este trekking privado a El Teide descubrir\u00e1s un paisaje \u00fanico y su famoso volc\u00e1n, declarado Patrimonio de la Humanidad por la UNESCO \u2705\",\"breadcrumb\":{\"@id\":\"https:\/\/tourtravelandmore.com\/es\/tours\/espana-es\/tenerife-es\/trekking-privado-a-el-teide\/#breadcrumb\"},\"inLanguage\":\"es\",\"potentialAction\":[{\"@type\":\"ReadAction\",\"target\":[\"https:\/\/tourtravelandmore.com\/es\/tours\/espana-es\/tenerife-es\/trekking-privado-a-el-teide\/\"]}]},{\"@type\":\"ImageObject\",\"inLanguage\":\"es\",\"@id\":\"https:\/\/tourtravelandmore.com\/es\/tours\/espana-es\/tenerife-es\/trekking-privado-a-el-teide\/#primaryimage\",\"url\":\"https:\/\/tourtravelandmore.com\/wp-content\/uploads\/2021\/05\/Teide-7.jpg\",\"contentUrl\":\"https:\/\/tourtravelandmore.com\/wp-content\/uploads\/2021\/05\/Teide-7.jpg\",\"width\":1920,\"height\":1440},{\"@type\":\"BreadcrumbList\",\"@id\":\"https:\/\/tourtravelandmore.com\/es\/tours\/espana-es\/tenerife-es\/trekking-privado-a-el-teide\/#breadcrumb\",\"itemListElement\":[{\"@type\":\"ListItem\",\"position\":1,\"name\":\"Home\",\"item\":\"https:\/\/tourtravelandmore.com\/es\/\"},{\"@type\":\"ListItem\",\"position\":2,\"name\":\"Tours\",\"item\":\"https:\/\/tourtravelandmore.com\/es\/tours\/\"},{\"@type\":\"ListItem\",\"position\":3,\"name\":\"Trekking privado a El Teide\"}]},{\"@type\":\"WebSite\",\"@id\":\"https:\/\/tourtravelandmore.com\/es\/#website\",\"url\":\"https:\/\/tourtravelandmore.com\/es\/\",\"name\":\"Tour Travel And More\",\"description\":\"Private sightseeing tours and luxury transfers in Spain\",\"publisher\":{\"@id\":\"https:\/\/tourtravelandmore.com\/es\/#organization\"},\"potentialAction\":[{\"@type\":\"SearchAction\",\"target\":{\"@type\":\"EntryPoint\",\"urlTemplate\":\"https:\/\/tourtravelandmore.com\/es\/?s={search_term_string}\"},\"query-input\":{\"@type\":\"PropertyValueSpecification\",\"valueRequired\":true,\"valueName\":\"search_term_string\"}}],\"inLanguage\":\"es\"},{\"@type\":\"Organization\",\"@id\":\"https:\/\/tourtravelandmore.com\/es\/#organization\",\"name\":\"Tour Travel And More\",\"url\":\"https:\/\/tourtravelandmore.com\/es\/\",\"logo\":{\"@type\":\"ImageObject\",\"inLanguage\":\"es\",\"@id\":\"https:\/\/tourtravelandmore.com\/es\/#\/schema\/logo\/image\/\",\"url\":\"https:\/\/tourtravelandmore.com\/wp-content\/uploads\/2022\/12\/cropped-logo-cabecera-new.png\",\"contentUrl\":\"https:\/\/tourtravelandmore.com\/wp-content\/uploads\/2022\/12\/cropped-logo-cabecera-new.png\",\"width\":430,\"height\":61,\"caption\":\"Tour Travel And More\"},\"image\":{\"@id\":\"https:\/\/tourtravelandmore.com\/es\/#\/schema\/logo\/image\/\"},\"sameAs\":[\"https:\/\/www.facebook.com\/tourtravelandmore\/\",\"https:\/\/x.com\/TourTravel_More\"]}]}<\/script>\n<!-- \/ Yoast SEO Premium plugin. -->","yoast_head_json":{"title":"\u27a1\ufe0f Trekking privado a El Teide desde Tenerife gu\u00eda local experto | Tour Travel & More","description":"En este trekking privado a El Teide descubrir\u00e1s un paisaje \u00fanico y su famoso volc\u00e1n, declarado Patrimonio de la Humanidad por la UNESCO \u2705","robots":{"index":"index","follow":"follow","max-snippet":"max-snippet:-1","max-image-preview":"max-image-preview:large","max-video-preview":"max-video-preview:-1"},"canonical":"https:\/\/tourtravelandmore.com\/es\/tours\/espana-es\/tenerife-es\/trekking-privado-a-el-teide\/","og_locale":"es_ES","og_type":"article","og_title":"Trekking privado a El Teide","og_description":"En este trekking privado a El Teide descubrir\u00e1s un paisaje \u00fanico y su famoso volc\u00e1n, declarado Patrimonio de la Humanidad por la UNESCO \u2705","og_url":"https:\/\/tourtravelandmore.com\/es\/tours\/espana-es\/tenerife-es\/trekking-privado-a-el-teide\/","og_site_name":"Tour Travel And More","article_publisher":"https:\/\/www.facebook.com\/tourtravelandmore\/","article_modified_time":"2025-02-24T09:41:18+00:00","og_image":[{"width":1920,"height":1440,"url":"https:\/\/tourtravelandmore.com\/wp-content\/uploads\/2021\/05\/Teide-7.jpg","type":"image\/jpeg"}],"twitter_card":"summary_large_image","twitter_site":"@TourTravel_More","twitter_misc":{"Tiempo de lectura":"3 minutos"},"schema":{"@context":"https:\/\/schema.org","@graph":[{"@type":"WebPage","@id":"https:\/\/tourtravelandmore.com\/es\/tours\/espana-es\/tenerife-es\/trekking-privado-a-el-teide\/","url":"https:\/\/tourtravelandmore.com\/es\/tours\/espana-es\/tenerife-es\/trekking-privado-a-el-teide\/","name":"\u27a1\ufe0f Trekking privado a El Teide desde Tenerife gu\u00eda local experto | Tour Travel & More","isPartOf":{"@id":"https:\/\/tourtravelandmore.com\/es\/#website"},"primaryImageOfPage":{"@id":"https:\/\/tourtravelandmore.com\/es\/tours\/espana-es\/tenerife-es\/trekking-privado-a-el-teide\/#primaryimage"},"image":{"@id":"https:\/\/tourtravelandmore.com\/es\/tours\/espana-es\/tenerife-es\/trekking-privado-a-el-teide\/#primaryimage"},"thumbnailUrl":"https:\/\/tourtravelandmore.com\/wp-content\/uploads\/2021\/05\/Teide-7.jpg","datePublished":"2021-05-19T07:29:59+00:00","dateModified":"2025-02-24T09:41:18+00:00","description":"En este trekking privado a El Teide descubrir\u00e1s un paisaje \u00fanico y su famoso volc\u00e1n, declarado Patrimonio de la Humanidad por la UNESCO \u2705","breadcrumb":{"@id":"https:\/\/tourtravelandmore.com\/es\/tours\/espana-es\/tenerife-es\/trekking-privado-a-el-teide\/#breadcrumb"},"inLanguage":"es","potentialAction":[{"@type":"ReadAction","target":["https:\/\/tourtravelandmore.com\/es\/tours\/espana-es\/tenerife-es\/trekking-privado-a-el-teide\/"]}]},{"@type":"ImageObject","inLanguage":"es","@id":"https:\/\/tourtravelandmore.com\/es\/tours\/espana-es\/tenerife-es\/trekking-privado-a-el-teide\/#primaryimage","url":"https:\/\/tourtravelandmore.com\/wp-content\/uploads\/2021\/05\/Teide-7.jpg","contentUrl":"https:\/\/tourtravelandmore.com\/wp-content\/uploads\/2021\/05\/Teide-7.jpg","width":1920,"height":1440},{"@type":"BreadcrumbList","@id":"https:\/\/tourtravelandmore.com\/es\/tours\/espana-es\/tenerife-es\/trekking-privado-a-el-teide\/#breadcrumb","itemListElement":[{"@type":"ListItem","position":1,"name":"Home","item":"https:\/\/tourtravelandmore.com\/es\/"},{"@type":"ListItem","position":2,"name":"Tours","item":"https:\/\/tourtravelandmore.com\/es\/tours\/"},{"@type":"ListItem","position":3,"name":"Trekking privado a El Teide"}]},{"@type":"WebSite","@id":"https:\/\/tourtravelandmore.com\/es\/#website","url":"https:\/\/tourtravelandmore.com\/es\/","name":"Tour Travel And More","description":"Private sightseeing tours and luxury transfers in Spain","publisher":{"@id":"https:\/\/tourtravelandmore.com\/es\/#organization"},"potentialAction":[{"@type":"SearchAction","target":{"@type":"EntryPoint","urlTemplate":"https:\/\/tourtravelandmore.com\/es\/?s={search_term_string}"},"query-input":{"@type":"PropertyValueSpecification","valueRequired":true,"valueName":"search_term_string"}}],"inLanguage":"es"},{"@type":"Organization","@id":"https:\/\/tourtravelandmore.com\/es\/#organization","name":"Tour Travel And More","url":"https:\/\/tourtravelandmore.com\/es\/","logo":{"@type":"ImageObject","inLanguage":"es","@id":"https:\/\/tourtravelandmore.com\/es\/#\/schema\/logo\/image\/","url":"https:\/\/tourtravelandmore.com\/wp-content\/uploads\/2022\/12\/cropped-logo-cabecera-new.png","contentUrl":"https:\/\/tourtravelandmore.com\/wp-content\/uploads\/2022\/12\/cropped-logo-cabecera-new.png","width":430,"height":61,"caption":"Tour Travel And More"},"image":{"@id":"https:\/\/tourtravelandmore.com\/es\/#\/schema\/logo\/image\/"},"sameAs":["https:\/\/www.facebook.com\/tourtravelandmore\/","https:\/\/x.com\/TourTravel_More"]}]}},"_links":{"self":[{"href":"https:\/\/tourtravelandmore.com\/es\/wp-json\/wp\/v2\/product\/107020","targetHints":{"allow":["GET"]}}],"collection":[{"href":"https:\/\/tourtravelandmore.com\/es\/wp-json\/wp\/v2\/product"}],"about":[{"href":"https:\/\/tourtravelandmore.com\/es\/wp-json\/wp\/v2\/types\/product"}],"replies":[{"embeddable":true,"href":"https:\/\/tourtravelandmore.com\/es\/wp-json\/wp\/v2\/comments?post=107020"}],"wp:featuredmedia":[{"embeddable":true,"href":"https:\/\/tourtravelandmore.com\/es\/wp-json\/wp\/v2\/media\/107051"}],"wp:attachment":[{"href":"https:\/\/tourtravelandmore.com\/es\/wp-json\/wp\/v2\/media?parent=107020"}],"wp:term":[{"taxonomy":"product_brand","embeddable":true,"href":"https:\/\/tourtravelandmore.com\/es\/wp-json\/wp\/v2\/product_brand?post=107020"},{"taxonomy":"product_cat","embeddable":true,"href":"https:\/\/tourtravelandmore.com\/es\/wp-json\/wp\/v2\/product_cat?post=107020"},{"taxonomy":"product_tag","embeddable":true,"href":"https:\/\/tourtravelandmore.com\/es\/wp-json\/wp\/v2\/product_tag?post=107020"}],"curies":[{"name":"wp","href":"https:\/\/api.w.org\/{rel}","templated":true}]}}