{"id":106606,"date":"2021-04-26T12:27:10","date_gmt":"2021-04-26T10:27:11","guid":{"rendered":"https:\/\/tourtravelandmore.com\/?post_type=product&#038;p=106606"},"modified":"2021-05-24T15:44:58","modified_gmt":"2021-05-24T13:44:58","slug":"tour-privado-a-nueva-york-desde-boston","status":"publish","type":"product","link":"https:\/\/tourtravelandmore.com\/es\/tours\/eeuu-es\/boston-es\/boston-rutas-turisticas-privadas-es\/tour-privado-a-nueva-york-desde-boston\/","title":{"rendered":"Tour privado a Nueva York desde Boston"},"content":{"rendered":"<h2>Descripci\u00f3n del Tour Privado a Nueva York desde Boston<\/h2>\n<p>Cuando est\u00e9 en Boston por m\u00e1s de unos d\u00edas, le recomendamos encarecidamente que haga una excursi\u00f3n de un d\u00eda a Nueva York. \u00a1Nuestro Tour Privado a Nueva York desde Boston es perfecto para ti!<\/p>\n<p>Este tour privado comenzar\u00e1 desde su hotel o lugar de elecci\u00f3n en Boston. Tras una c\u00f3moda recogida, nos dirigiremos hacia Nueva York. <em><strong>El viaje dura aproximadamente 3 horas y media.<\/strong><\/em><\/p>\n<p>Una vez que lleguemos a Nueva York, se reunir\u00e1 con su gu\u00eda tur\u00edstico privado para disfrutar de una visita guiada de 4 horas a la Gran Manzana.<\/p>\n<p>Por supuesto, tendr\u00e1 tiempo libre para comprar, caminar o simplemente conocer la ciudad de Nueva York por su cuenta despu\u00e9s de su recorrido privado. Nuestro conductor estar\u00e1 a su disposici\u00f3n durante todo el recorrido.<\/p>\n<p>Nuestro conductor privado lo llevar\u00e1 de regreso a su hotel en Boston una vez que finalice el recorrido. Tambi\u00e9n ser\u00e1 un conductor de alrededor de 3 horas y media de regreso a su hotel.<\/p>\n<h2>Itinerario del Tour a Nueva York desde Boston<\/h2>\n<p>En primer lugar, su conductor privado lo recoger\u00e1 en su hotel en Boston. \u00a1Prep\u00e1rate para explorar lo mejor de Nueva York! Luego comenzaremos este Tour Privado a Nueva York desde Boston.<\/p>\n<p>Este tour privado es imprescindible para explorar la hermosa ciudad de Nueva York.<\/p>\n<h2>Puntos de inter\u00e9s y monumentos en Nueva York<\/h2>\n<p>Entre otros, tendr\u00e1s tiempo para explorar y conocer\u00e1s lo siguiente:<\/p>\n<ul>\n<li><strong>Parque Central<\/strong><\/li>\n<li><strong>Vista de la estatua de la libertad<\/strong><\/li>\n<li><strong>edificio Empire State<\/strong><\/li>\n<li><strong>Times Square<\/strong><\/li>\n<li><strong>puente de Brooklyn<\/strong><\/li>\n<li><strong>Un World Trade Center<\/strong><\/li>\n<li><strong>Rockerfeller Center<\/strong><\/li>\n<li><strong>Radio City Music Hall<\/strong><\/li>\n<li><strong>gran Estacion Central<\/strong><\/li>\n<li><strong>5ta Avenida<\/strong><\/li>\n<li><strong>Broadway<\/strong><\/li>\n<li><strong>edificio Flatiron<\/strong><\/li>\n<li><strong>Bryant Park<\/strong><\/li>\n<li><strong>Battery Park<\/strong><\/li>\n<li><strong>Catedral de San Patricio<\/strong><\/li>\n<li><strong>Parque Washington Square<\/strong><\/li>\n<li><strong>&amp; \u00a1mucho m\u00e1s!<\/strong><\/li>\n<\/ul>\n<p>Su conductor privado estar\u00e1 a su disposici\u00f3n durante las 4 horas para explorar lo mejor de la ciudad. Tambi\u00e9n tendr\u00e1 un conductor privado para que lo lleve cuando lo necesite. El resto del tiempo, puedes explorar la ciudad por tu cuenta. Si lo desea, podemos organizar la gu\u00eda por 3 horas adicionales. De esta manera podemos hacer que el gu\u00eda permanezca con usted durante las 7 horas completas que estar\u00e1 en Nueva York. \u00a1Ser\u00e1 un tour privado perfecto a Nueva York desde Boston para ti!<\/p>\n<p><strong><a href=\"https:\/\/tourtravelandmore.com\/es\/ciudad\/eeuu-es\/boston-es\/\" target=\"_blank\" rel=\"noopener\">Consulte nuestros otros tours en Boston.<\/a> Y recuerde, ofrecemos tours privados por todo Estados Unidos, Europa y el mundo.<\/strong><\/p>\n","protected":false},"excerpt":{"rendered":"<p>Conozca lo mejor de <strong>Nueva York<\/strong> en una <strong>excursi\u00f3n privada desde Boston.<\/strong> \u00a1Visite Nueva York junto con nuestro chofer privado y gu\u00eda tur\u00edstico! \u00a1Haga clic para obtener m\u00e1s informaci\u00f3n!<\/p>\n","protected":false},"featured_media":74298,"comment_status":"open","ping_status":"closed","template":"","meta":{"_acf_changed":false},"product_brand":[],"product_cat":[1602,2062,2066,2065],"product_tag":[],"class_list":{"0":"post-106606","1":"product","2":"type-product","3":"status-publish","4":"has-post-thumbnail","6":"product_cat-eeuu-es","7":"product_cat-boston-es","8":"product_cat-boston-actividades-es","9":"product_cat-boston-rutas-turisticas-privadas-es","11":"first","12":"instock","13":"shipping-taxable","14":"purchasable","15":"product-type-simple"},"acf":[],"yoast_head":"<!-- This site is optimized with the Yoast SEO Premium plugin v25.3.1 (Yoast SEO v25.3.1) - https:\/\/yoast.com\/wordpress\/plugins\/seo\/ -->\n<title>Tour privado a Nueva York desde Boston | Tour Travel &amp; More<\/title>\n<meta name=\"description\" content=\"\u2192 Reserva ya nuestro Tour privado a Nueva York desde Boston. \u00a1Gu\u00eda tur\u00edstico privado en Nueva York para un recorrido perfecto con Chofer \u2705\" \/>\n<meta name=\"robots\" content=\"index, follow, max-snippet:-1, max-image-preview:large, max-video-preview:-1\" \/>\n<link rel=\"canonical\" href=\"https:\/\/tourtravelandmore.com\/es\/tours\/eeuu-es\/tour-privado-a-nueva-york-desde-boston\/\" \/>\n<meta property=\"og:locale\" content=\"es_ES\" \/>\n<meta property=\"og:type\" content=\"article\" \/>\n<meta property=\"og:title\" content=\"Tour privado a Nueva York desde Boston\" \/>\n<meta property=\"og:description\" content=\"\u2192 Reserva ya nuestro Tour privado a Nueva York desde Boston. \u00a1Gu\u00eda tur\u00edstico privado en Nueva York para un recorrido perfecto con Chofer \u2705\" \/>\n<meta property=\"og:url\" content=\"https:\/\/tourtravelandmore.com\/es\/tours\/eeuu-es\/tour-privado-a-nueva-york-desde-boston\/\" \/>\n<meta property=\"og:site_name\" content=\"Tour Travel And More\" \/>\n<meta property=\"article:publisher\" content=\"https:\/\/www.facebook.com\/tourtravelandmore\/\" \/>\n<meta property=\"article:modified_time\" content=\"2021-05-24T13:44:58+00:00\" \/>\n<meta property=\"og:image\" content=\"https:\/\/tourtravelandmore.com\/wp-content\/uploads\/2020\/01\/n14.jpg\" \/>\n\t<meta property=\"og:image:width\" content=\"3558\" \/>\n\t<meta property=\"og:image:height\" content=\"2668\" \/>\n\t<meta property=\"og:image:type\" content=\"image\/jpeg\" \/>\n<meta name=\"twitter:card\" content=\"summary_large_image\" \/>\n<meta name=\"twitter:site\" content=\"@TourTravel_More\" \/>\n<meta name=\"twitter:label1\" content=\"Tiempo de lectura\" \/>\n\t<meta name=\"twitter:data1\" content=\"2 minutos\" \/>\n<script type=\"application\/ld+json\" class=\"yoast-schema-graph\">{\"@context\":\"https:\/\/schema.org\",\"@graph\":[{\"@type\":\"WebPage\",\"@id\":\"https:\/\/tourtravelandmore.com\/es\/tours\/eeuu-es\/boston-es\/boston-rutas-turisticas-privadas-es\/tour-privado-a-nueva-york-desde-boston\/\",\"url\":\"https:\/\/tourtravelandmore.com\/es\/tours\/eeuu-es\/tour-privado-a-nueva-york-desde-boston\/\",\"name\":\"Tour privado a Nueva York desde Boston | Tour Travel & More\",\"isPartOf\":{\"@id\":\"https:\/\/tourtravelandmore.com\/es\/#website\"},\"primaryImageOfPage\":{\"@id\":\"https:\/\/tourtravelandmore.com\/es\/tours\/eeuu-es\/tour-privado-a-nueva-york-desde-boston\/#primaryimage\"},\"image\":{\"@id\":\"https:\/\/tourtravelandmore.com\/es\/tours\/eeuu-es\/tour-privado-a-nueva-york-desde-boston\/#primaryimage\"},\"thumbnailUrl\":\"https:\/\/tourtravelandmore.com\/wp-content\/uploads\/2020\/01\/n14.jpg\",\"datePublished\":\"2021-04-26T10:27:11+00:00\",\"dateModified\":\"2021-05-24T13:44:58+00:00\",\"description\":\"\u2192 Reserva ya nuestro Tour privado a Nueva York desde Boston. \u00a1Gu\u00eda tur\u00edstico privado en Nueva York para un recorrido perfecto con Chofer \u2705\",\"breadcrumb\":{\"@id\":\"https:\/\/tourtravelandmore.com\/es\/tours\/eeuu-es\/tour-privado-a-nueva-york-desde-boston\/#breadcrumb\"},\"inLanguage\":\"es\",\"potentialAction\":[{\"@type\":\"ReadAction\",\"target\":[\"https:\/\/tourtravelandmore.com\/es\/tours\/eeuu-es\/tour-privado-a-nueva-york-desde-boston\/\"]}]},{\"@type\":\"ImageObject\",\"inLanguage\":\"es\",\"@id\":\"https:\/\/tourtravelandmore.com\/es\/tours\/eeuu-es\/tour-privado-a-nueva-york-desde-boston\/#primaryimage\",\"url\":\"https:\/\/tourtravelandmore.com\/wp-content\/uploads\/2020\/01\/n14.jpg\",\"contentUrl\":\"https:\/\/tourtravelandmore.com\/wp-content\/uploads\/2020\/01\/n14.jpg\",\"width\":3558,\"height\":2668,\"caption\":\"Statue of Liberty seen from the Circle Line ferry, Manhattan, New York\"},{\"@type\":\"BreadcrumbList\",\"@id\":\"https:\/\/tourtravelandmore.com\/es\/tours\/eeuu-es\/tour-privado-a-nueva-york-desde-boston\/#breadcrumb\",\"itemListElement\":[{\"@type\":\"ListItem\",\"position\":1,\"name\":\"Home\",\"item\":\"https:\/\/tourtravelandmore.com\/es\/\"},{\"@type\":\"ListItem\",\"position\":2,\"name\":\"Tours\",\"item\":\"https:\/\/tourtravelandmore.com\/es\/tours\/\"},{\"@type\":\"ListItem\",\"position\":3,\"name\":\"Tour privado a Nueva York desde Boston\"}]},{\"@type\":\"WebSite\",\"@id\":\"https:\/\/tourtravelandmore.com\/es\/#website\",\"url\":\"https:\/\/tourtravelandmore.com\/es\/\",\"name\":\"Tour Travel And More\",\"description\":\"Private sightseeing tours and luxury transfers in Spain\",\"publisher\":{\"@id\":\"https:\/\/tourtravelandmore.com\/es\/#organization\"},\"potentialAction\":[{\"@type\":\"SearchAction\",\"target\":{\"@type\":\"EntryPoint\",\"urlTemplate\":\"https:\/\/tourtravelandmore.com\/es\/?s={search_term_string}\"},\"query-input\":{\"@type\":\"PropertyValueSpecification\",\"valueRequired\":true,\"valueName\":\"search_term_string\"}}],\"inLanguage\":\"es\"},{\"@type\":\"Organization\",\"@id\":\"https:\/\/tourtravelandmore.com\/es\/#organization\",\"name\":\"Tour Travel And More\",\"url\":\"https:\/\/tourtravelandmore.com\/es\/\",\"logo\":{\"@type\":\"ImageObject\",\"inLanguage\":\"es\",\"@id\":\"https:\/\/tourtravelandmore.com\/es\/#\/schema\/logo\/image\/\",\"url\":\"https:\/\/tourtravelandmore.com\/wp-content\/uploads\/2022\/12\/cropped-logo-cabecera-new.png\",\"contentUrl\":\"https:\/\/tourtravelandmore.com\/wp-content\/uploads\/2022\/12\/cropped-logo-cabecera-new.png\",\"width\":430,\"height\":61,\"caption\":\"Tour Travel And More\"},\"image\":{\"@id\":\"https:\/\/tourtravelandmore.com\/es\/#\/schema\/logo\/image\/\"},\"sameAs\":[\"https:\/\/www.facebook.com\/tourtravelandmore\/\",\"https:\/\/x.com\/TourTravel_More\"]}]}<\/script>\n<!-- \/ Yoast SEO Premium plugin. -->","yoast_head_json":{"title":"Tour privado a Nueva York desde Boston | Tour Travel & More","description":"\u2192 Reserva ya nuestro Tour privado a Nueva York desde Boston. \u00a1Gu\u00eda tur\u00edstico privado en Nueva York para un recorrido perfecto con Chofer \u2705","robots":{"index":"index","follow":"follow","max-snippet":"max-snippet:-1","max-image-preview":"max-image-preview:large","max-video-preview":"max-video-preview:-1"},"canonical":"https:\/\/tourtravelandmore.com\/es\/tours\/eeuu-es\/tour-privado-a-nueva-york-desde-boston\/","og_locale":"es_ES","og_type":"article","og_title":"Tour privado a Nueva York desde Boston","og_description":"\u2192 Reserva ya nuestro Tour privado a Nueva York desde Boston. \u00a1Gu\u00eda tur\u00edstico privado en Nueva York para un recorrido perfecto con Chofer \u2705","og_url":"https:\/\/tourtravelandmore.com\/es\/tours\/eeuu-es\/tour-privado-a-nueva-york-desde-boston\/","og_site_name":"Tour Travel And More","article_publisher":"https:\/\/www.facebook.com\/tourtravelandmore\/","article_modified_time":"2021-05-24T13:44:58+00:00","og_image":[{"width":3558,"height":2668,"url":"https:\/\/tourtravelandmore.com\/wp-content\/uploads\/2020\/01\/n14.jpg","type":"image\/jpeg"}],"twitter_card":"summary_large_image","twitter_site":"@TourTravel_More","twitter_misc":{"Tiempo de lectura":"2 minutos"},"schema":{"@context":"https:\/\/schema.org","@graph":[{"@type":"WebPage","@id":"https:\/\/tourtravelandmore.com\/es\/tours\/eeuu-es\/boston-es\/boston-rutas-turisticas-privadas-es\/tour-privado-a-nueva-york-desde-boston\/","url":"https:\/\/tourtravelandmore.com\/es\/tours\/eeuu-es\/tour-privado-a-nueva-york-desde-boston\/","name":"Tour privado a Nueva York desde Boston | Tour Travel & More","isPartOf":{"@id":"https:\/\/tourtravelandmore.com\/es\/#website"},"primaryImageOfPage":{"@id":"https:\/\/tourtravelandmore.com\/es\/tours\/eeuu-es\/tour-privado-a-nueva-york-desde-boston\/#primaryimage"},"image":{"@id":"https:\/\/tourtravelandmore.com\/es\/tours\/eeuu-es\/tour-privado-a-nueva-york-desde-boston\/#primaryimage"},"thumbnailUrl":"https:\/\/tourtravelandmore.com\/wp-content\/uploads\/2020\/01\/n14.jpg","datePublished":"2021-04-26T10:27:11+00:00","dateModified":"2021-05-24T13:44:58+00:00","description":"\u2192 Reserva ya nuestro Tour privado a Nueva York desde Boston. \u00a1Gu\u00eda tur\u00edstico privado en Nueva York para un recorrido perfecto con Chofer \u2705","breadcrumb":{"@id":"https:\/\/tourtravelandmore.com\/es\/tours\/eeuu-es\/tour-privado-a-nueva-york-desde-boston\/#breadcrumb"},"inLanguage":"es","potentialAction":[{"@type":"ReadAction","target":["https:\/\/tourtravelandmore.com\/es\/tours\/eeuu-es\/tour-privado-a-nueva-york-desde-boston\/"]}]},{"@type":"ImageObject","inLanguage":"es","@id":"https:\/\/tourtravelandmore.com\/es\/tours\/eeuu-es\/tour-privado-a-nueva-york-desde-boston\/#primaryimage","url":"https:\/\/tourtravelandmore.com\/wp-content\/uploads\/2020\/01\/n14.jpg","contentUrl":"https:\/\/tourtravelandmore.com\/wp-content\/uploads\/2020\/01\/n14.jpg","width":3558,"height":2668,"caption":"Statue of Liberty seen from the Circle Line ferry, Manhattan, New York"},{"@type":"BreadcrumbList","@id":"https:\/\/tourtravelandmore.com\/es\/tours\/eeuu-es\/tour-privado-a-nueva-york-desde-boston\/#breadcrumb","itemListElement":[{"@type":"ListItem","position":1,"name":"Home","item":"https:\/\/tourtravelandmore.com\/es\/"},{"@type":"ListItem","position":2,"name":"Tours","item":"https:\/\/tourtravelandmore.com\/es\/tours\/"},{"@type":"ListItem","position":3,"name":"Tour privado a Nueva York desde Boston"}]},{"@type":"WebSite","@id":"https:\/\/tourtravelandmore.com\/es\/#website","url":"https:\/\/tourtravelandmore.com\/es\/","name":"Tour Travel And More","description":"Private sightseeing tours and luxury transfers in Spain","publisher":{"@id":"https:\/\/tourtravelandmore.com\/es\/#organization"},"potentialAction":[{"@type":"SearchAction","target":{"@type":"EntryPoint","urlTemplate":"https:\/\/tourtravelandmore.com\/es\/?s={search_term_string}"},"query-input":{"@type":"PropertyValueSpecification","valueRequired":true,"valueName":"search_term_string"}}],"inLanguage":"es"},{"@type":"Organization","@id":"https:\/\/tourtravelandmore.com\/es\/#organization","name":"Tour Travel And More","url":"https:\/\/tourtravelandmore.com\/es\/","logo":{"@type":"ImageObject","inLanguage":"es","@id":"https:\/\/tourtravelandmore.com\/es\/#\/schema\/logo\/image\/","url":"https:\/\/tourtravelandmore.com\/wp-content\/uploads\/2022\/12\/cropped-logo-cabecera-new.png","contentUrl":"https:\/\/tourtravelandmore.com\/wp-content\/uploads\/2022\/12\/cropped-logo-cabecera-new.png","width":430,"height":61,"caption":"Tour Travel And More"},"image":{"@id":"https:\/\/tourtravelandmore.com\/es\/#\/schema\/logo\/image\/"},"sameAs":["https:\/\/www.facebook.com\/tourtravelandmore\/","https:\/\/x.com\/TourTravel_More"]}]}},"_links":{"self":[{"href":"https:\/\/tourtravelandmore.com\/es\/wp-json\/wp\/v2\/product\/106606","targetHints":{"allow":["GET"]}}],"collection":[{"href":"https:\/\/tourtravelandmore.com\/es\/wp-json\/wp\/v2\/product"}],"about":[{"href":"https:\/\/tourtravelandmore.com\/es\/wp-json\/wp\/v2\/types\/product"}],"replies":[{"embeddable":true,"href":"https:\/\/tourtravelandmore.com\/es\/wp-json\/wp\/v2\/comments?post=106606"}],"wp:featuredmedia":[{"embeddable":true,"href":"https:\/\/tourtravelandmore.com\/es\/wp-json\/wp\/v2\/media\/74298"}],"wp:attachment":[{"href":"https:\/\/tourtravelandmore.com\/es\/wp-json\/wp\/v2\/media?parent=106606"}],"wp:term":[{"taxonomy":"product_brand","embeddable":true,"href":"https:\/\/tourtravelandmore.com\/es\/wp-json\/wp\/v2\/product_brand?post=106606"},{"taxonomy":"product_cat","embeddable":true,"href":"https:\/\/tourtravelandmore.com\/es\/wp-json\/wp\/v2\/product_cat?post=106606"},{"taxonomy":"product_tag","embeddable":true,"href":"https:\/\/tourtravelandmore.com\/es\/wp-json\/wp\/v2\/product_tag?post=106606"}],"curies":[{"name":"wp","href":"https:\/\/api.w.org\/{rel}","templated":true}]}}