{"id":106580,"date":"2021-04-26T11:55:50","date_gmt":"2021-04-26T09:55:51","guid":{"rendered":"https:\/\/tourtravelandmore.com\/?post_type=product&#038;p=106580"},"modified":"2023-10-09T07:20:27","modified_gmt":"2023-10-09T05:20:27","slug":"tour-privado-medio-dia-de-jerusalen","status":"publish","type":"product","link":"https:\/\/tourtravelandmore.com\/es\/tours\/israel-sp\/jerusalem-sp\/todos-los-tours-privados-sp\/tour-privado-medio-dia-de-jerusalen\/","title":{"rendered":"Tour Privado medio d\u00eda de Jerusal\u00e9n"},"content":{"rendered":"<h2>Descripci\u00f3n del Tour Privado medio d\u00eda de Jerusal\u00e9n<\/h2>\n<p>Gracias a este Tour, usted comprobar\u00e1 de manera personal cada uno de los factores que hacen de Jerusal\u00e9n, un lugar perfecto; al igual que comprender\u00e1 por qu\u00e9 la ciudad vieja se ha convertido en el \u00e1rea con m\u00e1s visitantes de todo el lugar. Por ello, en las 4 horas de duraci\u00f3n que posee el recorrido, usted disfrutar\u00e1 del viaje que le tiene preparado nuestro chofer\/gu\u00eda oficial en este <b>tour privado medio d\u00eda de Jerusal\u00e9n<\/b> en auto de lujo con aire acondicionado.<\/p>\n<h4><b>\u00bfQu\u00e9 se puede ver en el tour Privado medio d\u00eda de Jerusal\u00e9n?<\/b><\/h4>\n<p>Usted podr\u00e1 elegir los elementos m\u00e1s destacados del viaje, y disfrutar de una ruta perfecta por medio de las <b>calles y vecindarios que rodean la Ciudad Vieja<\/b>. Tambi\u00e9n puede salir de las murallas a las calles de la Ciudad Nueva; en los caf\u00e9s de Jerusal\u00e9n, podr\u00e1 adquirir conocimiento de la cultura local, y hasta podr\u00e1 subir al Monte del Templo. Usted puede decidir en qu\u00e9 momento del d\u00eda hacer este tour privado, en la ma\u00f1ana o en la tarde.<\/p>\n<p>Tambi\u00e9n, desde el punto m\u00e1s alto del monte de los Olivos, puede observar la ciudad entera; especialmente la C\u00fapula de la Roca, la cual se ha convertido en una de las <b>ejecuciones de arquitectura m\u00e1s antiguas del mundo<\/b>, y el lugar m\u00e1s conocido de toda Jerusal\u00e9n. Podr\u00e1 visitar en nuestros autos de lujo, algunos lugares como el Jard\u00edn de Getseman\u00ed, la Iglesia del Santo Sepulcro y muchos otros.<\/p>\n<h2>Puntos emblem\u00e1ticos y de inter\u00e9s en el Tour Privado medio d\u00eda de Jerusal\u00e9n<\/h2>\n<h4><b>\u00bfEn qu\u00e9 parte inicia el tour Privado medio d\u00eda de Jerusal\u00e9n?<\/b><\/h4>\n<p>Usted podr\u00e1 empezar con el recorrido desde el momento en el que el chofer\/gu\u00eda oficial, acuda a su hotel en Jerusal\u00e9n. De esta manera, podr\u00e1 hacer el <b>recorrido de 4 horas<\/b> en uno de los mejores veh\u00edculos con aire acondicionado disponibles, y le garantizamos que su experiencia en el tour privado, ser\u00e1 algo inolvidable.<\/p>\n<h4><b>Qu\u00e9 esperar en el viaje<\/b><\/h4>\n<p>En primer lugar, podr\u00e1 recorrer los cuatro barrios que componen la ciudad vieja, entre los que se encuentran el cristiano, el jud\u00edo, el armenio y el musulm\u00e1n. A su vez, podr\u00e1 observar muy de cerca la C\u00fapula de la Roca, y continuar por el <b>Jard\u00edn de Getseman\u00ed<\/b>, que se encuentra al pie del Monte de los Olivos. Quedar\u00e1 fascinado al contemplar las murallas de Jerusal\u00e9n que se encargan de rodear la antigua ciudad, y que fueron construidas en 1530 para proteger a la ciudad de los intrusos.<\/p>\n<p>Entre los principales sitios de inter\u00e9s, se encuentran:<\/p>\n<ul>\n<li aria-level=\"1\"><strong>La Torre de David<\/strong><\/li>\n<li aria-level=\"1\"><strong>La Iglesia del Santo Sepulcro<\/strong><\/li>\n<li aria-level=\"1\"><strong>El Muro Occidental<\/strong><\/li>\n<li aria-level=\"1\"><strong>La vista del Monte del Templo<\/strong><\/li>\n<li aria-level=\"1\"><strong>El Jard\u00edn de Getseman\u00ed<\/strong><\/li>\n<\/ul>\n","protected":false},"excerpt":{"rendered":"<p>Observe con sus propios ojos, uno de los lugares m\u00e1s antiguos que existen; gracias a este Tour privado de medio d\u00eda de Jerusal\u00e9n, podr\u00e1 expandir sus conocimientos sobre esta tierra, sus sitios hist\u00f3ricos y sus paisajes.<\/p>\n","protected":false},"featured_media":106065,"comment_status":"open","ping_status":"closed","template":"","meta":{"_acf_changed":false},"product_brand":[],"product_cat":[3863,3865,3900,3903,3901],"product_tag":[],"class_list":{"0":"post-106580","1":"product","2":"type-product","3":"status-publish","4":"has-post-thumbnail","6":"product_cat-israel-sp","7":"product_cat-jerusalem-sp","8":"product_cat-todos-los-tours-privados-sp","9":"product_cat-tours-de-dia-completo-sp-es","10":"product_cat-crucero-sp-es","12":"first","13":"instock","14":"shipping-taxable","15":"purchasable","16":"product-type-simple"},"acf":[],"yoast_head":"<!-- This site is optimized with the Yoast SEO Premium plugin v25.3.1 (Yoast SEO v25.3.1) - https:\/\/yoast.com\/wordpress\/plugins\/seo\/ -->\n<title>\u27a1\ufe0f Tour Privado medio d\u00eda de Jerusal\u00e9n | Tour Travel &amp; More<\/title>\n<meta name=\"description\" content=\"Un tour privado de medio d\u00eda de Jerusal\u00e9n, contemplar\u00e1 un sitio tur\u00edstico muy c\u00e9lebre. Vivir\u00e1 una experiencia completamente inolvidable \u2705\" \/>\n<meta name=\"robots\" content=\"index, follow, max-snippet:-1, max-image-preview:large, max-video-preview:-1\" \/>\n<link rel=\"canonical\" href=\"https:\/\/tourtravelandmore.com\/es\/tours\/israel-sp\/jerusalem-sp\/todos-los-tours-privados-sp\/tour-privado-medio-dia-de-jerusalen\/\" \/>\n<meta property=\"og:locale\" content=\"es_ES\" \/>\n<meta property=\"og:type\" content=\"article\" \/>\n<meta property=\"og:title\" content=\"Tour Privado medio d\u00eda de Jerusal\u00e9n\" \/>\n<meta property=\"og:description\" content=\"Un tour privado de medio d\u00eda de Jerusal\u00e9n, contemplar\u00e1 un sitio tur\u00edstico muy c\u00e9lebre. Vivir\u00e1 una experiencia completamente inolvidable \u2705\" \/>\n<meta property=\"og:url\" content=\"https:\/\/tourtravelandmore.com\/es\/tours\/israel-sp\/jerusalem-sp\/todos-los-tours-privados-sp\/tour-privado-medio-dia-de-jerusalen\/\" \/>\n<meta property=\"og:site_name\" content=\"Tour Travel And More\" \/>\n<meta property=\"article:publisher\" content=\"https:\/\/www.facebook.com\/tourtravelandmore\/\" \/>\n<meta property=\"article:modified_time\" content=\"2023-10-09T05:20:27+00:00\" \/>\n<meta property=\"og:image\" content=\"https:\/\/tourtravelandmore.com\/wp-content\/uploads\/2021\/04\/Israel-4-scaled.jpg\" \/>\n\t<meta property=\"og:image:width\" content=\"1707\" \/>\n\t<meta property=\"og:image:height\" content=\"2560\" \/>\n\t<meta property=\"og:image:type\" content=\"image\/jpeg\" \/>\n<meta name=\"twitter:card\" content=\"summary_large_image\" \/>\n<meta name=\"twitter:site\" content=\"@TourTravel_More\" \/>\n<meta name=\"twitter:label1\" content=\"Tiempo de lectura\" \/>\n\t<meta name=\"twitter:data1\" content=\"2 minutos\" \/>\n<script type=\"application\/ld+json\" class=\"yoast-schema-graph\">{\"@context\":\"https:\/\/schema.org\",\"@graph\":[{\"@type\":\"WebPage\",\"@id\":\"https:\/\/tourtravelandmore.com\/es\/tours\/israel-sp\/jerusalem-sp\/todos-los-tours-privados-sp\/tour-privado-medio-dia-de-jerusalen\/\",\"url\":\"https:\/\/tourtravelandmore.com\/es\/tours\/israel-sp\/jerusalem-sp\/todos-los-tours-privados-sp\/tour-privado-medio-dia-de-jerusalen\/\",\"name\":\"\u27a1\ufe0f Tour Privado medio d\u00eda de Jerusal\u00e9n | Tour Travel & More\",\"isPartOf\":{\"@id\":\"https:\/\/tourtravelandmore.com\/es\/#website\"},\"primaryImageOfPage\":{\"@id\":\"https:\/\/tourtravelandmore.com\/es\/tours\/israel-sp\/jerusalem-sp\/todos-los-tours-privados-sp\/tour-privado-medio-dia-de-jerusalen\/#primaryimage\"},\"image\":{\"@id\":\"https:\/\/tourtravelandmore.com\/es\/tours\/israel-sp\/jerusalem-sp\/todos-los-tours-privados-sp\/tour-privado-medio-dia-de-jerusalen\/#primaryimage\"},\"thumbnailUrl\":\"https:\/\/tourtravelandmore.com\/wp-content\/uploads\/2021\/04\/Israel-4-scaled.jpg\",\"datePublished\":\"2021-04-26T09:55:51+00:00\",\"dateModified\":\"2023-10-09T05:20:27+00:00\",\"description\":\"Un tour privado de medio d\u00eda de Jerusal\u00e9n, contemplar\u00e1 un sitio tur\u00edstico muy c\u00e9lebre. Vivir\u00e1 una experiencia completamente inolvidable \u2705\",\"breadcrumb\":{\"@id\":\"https:\/\/tourtravelandmore.com\/es\/tours\/israel-sp\/jerusalem-sp\/todos-los-tours-privados-sp\/tour-privado-medio-dia-de-jerusalen\/#breadcrumb\"},\"inLanguage\":\"es\",\"potentialAction\":[{\"@type\":\"ReadAction\",\"target\":[\"https:\/\/tourtravelandmore.com\/es\/tours\/israel-sp\/jerusalem-sp\/todos-los-tours-privados-sp\/tour-privado-medio-dia-de-jerusalen\/\"]}]},{\"@type\":\"ImageObject\",\"inLanguage\":\"es\",\"@id\":\"https:\/\/tourtravelandmore.com\/es\/tours\/israel-sp\/jerusalem-sp\/todos-los-tours-privados-sp\/tour-privado-medio-dia-de-jerusalen\/#primaryimage\",\"url\":\"https:\/\/tourtravelandmore.com\/wp-content\/uploads\/2021\/04\/Israel-4-scaled.jpg\",\"contentUrl\":\"https:\/\/tourtravelandmore.com\/wp-content\/uploads\/2021\/04\/Israel-4-scaled.jpg\",\"width\":1707,\"height\":2560},{\"@type\":\"BreadcrumbList\",\"@id\":\"https:\/\/tourtravelandmore.com\/es\/tours\/israel-sp\/jerusalem-sp\/todos-los-tours-privados-sp\/tour-privado-medio-dia-de-jerusalen\/#breadcrumb\",\"itemListElement\":[{\"@type\":\"ListItem\",\"position\":1,\"name\":\"Home\",\"item\":\"https:\/\/tourtravelandmore.com\/es\/\"},{\"@type\":\"ListItem\",\"position\":2,\"name\":\"Tours\",\"item\":\"https:\/\/tourtravelandmore.com\/es\/tours\/\"},{\"@type\":\"ListItem\",\"position\":3,\"name\":\"Tour Privado medio d\u00eda de Jerusal\u00e9n\"}]},{\"@type\":\"WebSite\",\"@id\":\"https:\/\/tourtravelandmore.com\/es\/#website\",\"url\":\"https:\/\/tourtravelandmore.com\/es\/\",\"name\":\"Tour Travel And More\",\"description\":\"Private sightseeing tours and luxury transfers in Spain\",\"publisher\":{\"@id\":\"https:\/\/tourtravelandmore.com\/es\/#organization\"},\"potentialAction\":[{\"@type\":\"SearchAction\",\"target\":{\"@type\":\"EntryPoint\",\"urlTemplate\":\"https:\/\/tourtravelandmore.com\/es\/?s={search_term_string}\"},\"query-input\":{\"@type\":\"PropertyValueSpecification\",\"valueRequired\":true,\"valueName\":\"search_term_string\"}}],\"inLanguage\":\"es\"},{\"@type\":\"Organization\",\"@id\":\"https:\/\/tourtravelandmore.com\/es\/#organization\",\"name\":\"Tour Travel And More\",\"url\":\"https:\/\/tourtravelandmore.com\/es\/\",\"logo\":{\"@type\":\"ImageObject\",\"inLanguage\":\"es\",\"@id\":\"https:\/\/tourtravelandmore.com\/es\/#\/schema\/logo\/image\/\",\"url\":\"https:\/\/tourtravelandmore.com\/wp-content\/uploads\/2022\/12\/cropped-logo-cabecera-new.png\",\"contentUrl\":\"https:\/\/tourtravelandmore.com\/wp-content\/uploads\/2022\/12\/cropped-logo-cabecera-new.png\",\"width\":430,\"height\":61,\"caption\":\"Tour Travel And More\"},\"image\":{\"@id\":\"https:\/\/tourtravelandmore.com\/es\/#\/schema\/logo\/image\/\"},\"sameAs\":[\"https:\/\/www.facebook.com\/tourtravelandmore\/\",\"https:\/\/x.com\/TourTravel_More\"]}]}<\/script>\n<!-- \/ Yoast SEO Premium plugin. -->","yoast_head_json":{"title":"\u27a1\ufe0f Tour Privado medio d\u00eda de Jerusal\u00e9n | Tour Travel & More","description":"Un tour privado de medio d\u00eda de Jerusal\u00e9n, contemplar\u00e1 un sitio tur\u00edstico muy c\u00e9lebre. Vivir\u00e1 una experiencia completamente inolvidable \u2705","robots":{"index":"index","follow":"follow","max-snippet":"max-snippet:-1","max-image-preview":"max-image-preview:large","max-video-preview":"max-video-preview:-1"},"canonical":"https:\/\/tourtravelandmore.com\/es\/tours\/israel-sp\/jerusalem-sp\/todos-los-tours-privados-sp\/tour-privado-medio-dia-de-jerusalen\/","og_locale":"es_ES","og_type":"article","og_title":"Tour Privado medio d\u00eda de Jerusal\u00e9n","og_description":"Un tour privado de medio d\u00eda de Jerusal\u00e9n, contemplar\u00e1 un sitio tur\u00edstico muy c\u00e9lebre. Vivir\u00e1 una experiencia completamente inolvidable \u2705","og_url":"https:\/\/tourtravelandmore.com\/es\/tours\/israel-sp\/jerusalem-sp\/todos-los-tours-privados-sp\/tour-privado-medio-dia-de-jerusalen\/","og_site_name":"Tour Travel And More","article_publisher":"https:\/\/www.facebook.com\/tourtravelandmore\/","article_modified_time":"2023-10-09T05:20:27+00:00","og_image":[{"width":1707,"height":2560,"url":"https:\/\/tourtravelandmore.com\/wp-content\/uploads\/2021\/04\/Israel-4-scaled.jpg","type":"image\/jpeg"}],"twitter_card":"summary_large_image","twitter_site":"@TourTravel_More","twitter_misc":{"Tiempo de lectura":"2 minutos"},"schema":{"@context":"https:\/\/schema.org","@graph":[{"@type":"WebPage","@id":"https:\/\/tourtravelandmore.com\/es\/tours\/israel-sp\/jerusalem-sp\/todos-los-tours-privados-sp\/tour-privado-medio-dia-de-jerusalen\/","url":"https:\/\/tourtravelandmore.com\/es\/tours\/israel-sp\/jerusalem-sp\/todos-los-tours-privados-sp\/tour-privado-medio-dia-de-jerusalen\/","name":"\u27a1\ufe0f Tour Privado medio d\u00eda de Jerusal\u00e9n | Tour Travel & More","isPartOf":{"@id":"https:\/\/tourtravelandmore.com\/es\/#website"},"primaryImageOfPage":{"@id":"https:\/\/tourtravelandmore.com\/es\/tours\/israel-sp\/jerusalem-sp\/todos-los-tours-privados-sp\/tour-privado-medio-dia-de-jerusalen\/#primaryimage"},"image":{"@id":"https:\/\/tourtravelandmore.com\/es\/tours\/israel-sp\/jerusalem-sp\/todos-los-tours-privados-sp\/tour-privado-medio-dia-de-jerusalen\/#primaryimage"},"thumbnailUrl":"https:\/\/tourtravelandmore.com\/wp-content\/uploads\/2021\/04\/Israel-4-scaled.jpg","datePublished":"2021-04-26T09:55:51+00:00","dateModified":"2023-10-09T05:20:27+00:00","description":"Un tour privado de medio d\u00eda de Jerusal\u00e9n, contemplar\u00e1 un sitio tur\u00edstico muy c\u00e9lebre. Vivir\u00e1 una experiencia completamente inolvidable \u2705","breadcrumb":{"@id":"https:\/\/tourtravelandmore.com\/es\/tours\/israel-sp\/jerusalem-sp\/todos-los-tours-privados-sp\/tour-privado-medio-dia-de-jerusalen\/#breadcrumb"},"inLanguage":"es","potentialAction":[{"@type":"ReadAction","target":["https:\/\/tourtravelandmore.com\/es\/tours\/israel-sp\/jerusalem-sp\/todos-los-tours-privados-sp\/tour-privado-medio-dia-de-jerusalen\/"]}]},{"@type":"ImageObject","inLanguage":"es","@id":"https:\/\/tourtravelandmore.com\/es\/tours\/israel-sp\/jerusalem-sp\/todos-los-tours-privados-sp\/tour-privado-medio-dia-de-jerusalen\/#primaryimage","url":"https:\/\/tourtravelandmore.com\/wp-content\/uploads\/2021\/04\/Israel-4-scaled.jpg","contentUrl":"https:\/\/tourtravelandmore.com\/wp-content\/uploads\/2021\/04\/Israel-4-scaled.jpg","width":1707,"height":2560},{"@type":"BreadcrumbList","@id":"https:\/\/tourtravelandmore.com\/es\/tours\/israel-sp\/jerusalem-sp\/todos-los-tours-privados-sp\/tour-privado-medio-dia-de-jerusalen\/#breadcrumb","itemListElement":[{"@type":"ListItem","position":1,"name":"Home","item":"https:\/\/tourtravelandmore.com\/es\/"},{"@type":"ListItem","position":2,"name":"Tours","item":"https:\/\/tourtravelandmore.com\/es\/tours\/"},{"@type":"ListItem","position":3,"name":"Tour Privado medio d\u00eda de Jerusal\u00e9n"}]},{"@type":"WebSite","@id":"https:\/\/tourtravelandmore.com\/es\/#website","url":"https:\/\/tourtravelandmore.com\/es\/","name":"Tour Travel And More","description":"Private sightseeing tours and luxury transfers in Spain","publisher":{"@id":"https:\/\/tourtravelandmore.com\/es\/#organization"},"potentialAction":[{"@type":"SearchAction","target":{"@type":"EntryPoint","urlTemplate":"https:\/\/tourtravelandmore.com\/es\/?s={search_term_string}"},"query-input":{"@type":"PropertyValueSpecification","valueRequired":true,"valueName":"search_term_string"}}],"inLanguage":"es"},{"@type":"Organization","@id":"https:\/\/tourtravelandmore.com\/es\/#organization","name":"Tour Travel And More","url":"https:\/\/tourtravelandmore.com\/es\/","logo":{"@type":"ImageObject","inLanguage":"es","@id":"https:\/\/tourtravelandmore.com\/es\/#\/schema\/logo\/image\/","url":"https:\/\/tourtravelandmore.com\/wp-content\/uploads\/2022\/12\/cropped-logo-cabecera-new.png","contentUrl":"https:\/\/tourtravelandmore.com\/wp-content\/uploads\/2022\/12\/cropped-logo-cabecera-new.png","width":430,"height":61,"caption":"Tour Travel And More"},"image":{"@id":"https:\/\/tourtravelandmore.com\/es\/#\/schema\/logo\/image\/"},"sameAs":["https:\/\/www.facebook.com\/tourtravelandmore\/","https:\/\/x.com\/TourTravel_More"]}]}},"_links":{"self":[{"href":"https:\/\/tourtravelandmore.com\/es\/wp-json\/wp\/v2\/product\/106580","targetHints":{"allow":["GET"]}}],"collection":[{"href":"https:\/\/tourtravelandmore.com\/es\/wp-json\/wp\/v2\/product"}],"about":[{"href":"https:\/\/tourtravelandmore.com\/es\/wp-json\/wp\/v2\/types\/product"}],"replies":[{"embeddable":true,"href":"https:\/\/tourtravelandmore.com\/es\/wp-json\/wp\/v2\/comments?post=106580"}],"wp:featuredmedia":[{"embeddable":true,"href":"https:\/\/tourtravelandmore.com\/es\/wp-json\/wp\/v2\/media\/106065"}],"wp:attachment":[{"href":"https:\/\/tourtravelandmore.com\/es\/wp-json\/wp\/v2\/media?parent=106580"}],"wp:term":[{"taxonomy":"product_brand","embeddable":true,"href":"https:\/\/tourtravelandmore.com\/es\/wp-json\/wp\/v2\/product_brand?post=106580"},{"taxonomy":"product_cat","embeddable":true,"href":"https:\/\/tourtravelandmore.com\/es\/wp-json\/wp\/v2\/product_cat?post=106580"},{"taxonomy":"product_tag","embeddable":true,"href":"https:\/\/tourtravelandmore.com\/es\/wp-json\/wp\/v2\/product_tag?post=106580"}],"curies":[{"name":"wp","href":"https:\/\/api.w.org\/{rel}","templated":true}]}}