{"id":106542,"date":"2021-04-26T11:37:33","date_gmt":"2021-04-26T09:37:34","guid":{"rendered":"https:\/\/tourtravelandmore.com\/?post_type=product&#038;p=106542"},"modified":"2023-10-09T07:15:11","modified_gmt":"2023-10-09T05:15:11","slug":"tour-privado-de-dia-completo-de-jerusalen-y-belen-desde-jerusalen","status":"publish","type":"product","link":"https:\/\/tourtravelandmore.com\/es\/tours\/israel-sp\/jerusalem-sp\/todos-los-tours-privados-sp\/tour-privado-de-dia-completo-de-jerusalen-y-belen-desde-jerusalen\/","title":{"rendered":"Tour privado de d\u00eda completo de Jerusal\u00e9n y Bel\u00e9n desde Jerusal\u00e9n"},"content":{"rendered":"<h2>Descripci\u00f3n del Tour privado de d\u00eda completo de Jerusal\u00e9n y Bel\u00e9n<\/h2>\n<p>Jerusal\u00e9n y Bel\u00e9n han ganado mucha fama con el paso de los a\u00f1os, y constantemente, la cantidad de personas que deciden visitar estos lugares, sigue creciendo. Ahora bien, \u00bfCu\u00e1les son los secretos que poseen estos lugares? Lo animamos a efectuar un <b>tour privado de d\u00eda completo de Jerusal\u00e9n y Bel\u00e9n<\/b> y descubrirlos \u00a1Ser\u00e1 una experiencia de la que jam\u00e1s se olvidar\u00e1!<\/p>\n<h4><b>\u00bfQu\u00e9 se puede ver en el Tour privado de d\u00eda completo de Jerusal\u00e9n y Bel\u00e9n desde Jerusal\u00e9n?<\/b><\/h4>\n<p>Puede efectuar un recorrido a trav\u00e9s de las calles de la ciudad vieja de Jerusal\u00e9n en nuestros autos de lujo, ideales para hacer este tipo de tours privados. Aproveche al m\u00e1ximo las experiencias en los sitios m\u00e1s sobresalientes del lugar, de manera que no le quede <b>nada de qu\u00e9 arrepentirse<\/b>; hasta puede personalizar algunos aspectos del recorrido que efectuar\u00e1 con nuestro chofer\/gu\u00eda oficial a lo largo de las 8 horas que dura el tour.<\/p>\n<p>Podr\u00e1 escuchar fascinantes historias por parte de las personas del lugar, aproveche el descanso del mediod\u00eda para degustar su almuerzo por cuenta propia, y luego, contin\u00fae el trayecto hasta Bel\u00e9n. Observe distintos paisajes que se narran en diversos relatos b\u00edblicos, y conozca las costumbres locales de las personas; <b>el panorama y orientaci\u00f3n que recibir\u00e1<\/b>, han sido preparados con la mejor calidad posible para usted.<\/p>\n<h2>Puntos emblem\u00e1ticos y de inter\u00e9s en el Tour privado de d\u00eda completo de Jerusal\u00e9n y Bel\u00e9n<\/h2>\n<h4><b>\u00bfEn qu\u00e9 parte inicia el Tour privado de d\u00eda completo de Jerusal\u00e9n y Bel\u00e9n desde Jerusal\u00e9n?<\/b><\/h4>\n<p>Todo el recorrido que le espera, iniciar\u00e1 desde el momento en el que el chofer\/gu\u00eda oficial, acuda por usted y su familia en el hotel en Jerusal\u00e9n. Para conocer <b>la hora de salida de este recorrido<\/b> que durar\u00e1 8 horas, por favor contacte al proveedor local y reconfirme la hora para efectuar el encuentro.<\/p>\n<h4><b>Qu\u00e9 esperar en el viaje<\/b><\/h4>\n<p>A trav\u00e9s de toda la excursi\u00f3n de d\u00eda completo, usted podr\u00e1 conocer algunos de <b>los lugares m\u00e1s sobresalientes que hay en Jerusal\u00e9n y Bel\u00e9n<\/b>. Por ejemplo, podr\u00e1 descubrir el campo de pastores b\u00edblicos, en el que se cree que los \u00e1ngeles proclamaron el nacimiento de Jes\u00fas; tambi\u00e9n puede visitar las piscinas de Salom\u00f3n, y hasta ingresar a la Iglesia de la Natividad del siglo IV. En el itinerario, podr\u00e1 conocer algunos destinos como:<\/p>\n<ul>\n<li aria-level=\"1\">El monte del templo<\/li>\n<li aria-level=\"1\">La Iglesia del Santo Sepulcro<\/li>\n<li aria-level=\"1\">El muro occidental<\/li>\n<li aria-level=\"1\">La vieja ciudad de Jerusal\u00e9n<\/li>\n<\/ul>\n<p>Hay que recordar que hay que cumplir con un <b>c\u00f3digo de vestimenta<\/b> para visitar los lugares sagrados, por ejemplo, no se permiten shorts, ni tops, sin mangas; y tanto las rodillas como los hombros deben estar cubiertos. Si se cumple con todos los requisitos, se puede disfrutar del tour privado al m\u00e1ximo.<\/p>\n","protected":false},"excerpt":{"rendered":"<p>Aproveche la gran oportunidad de hacer un tour privado de un d\u00eda completo de Jerusal\u00e9n y Bel\u00e9n. Esta ser\u00e1 una oportunidad imperdible que todos los miembros de la familia pueden disfrutar \u00a1Conozca m\u00e1s informaci\u00f3n al respecto!<\/p>\n<h4><\/h4>\n","protected":false},"featured_media":106071,"comment_status":"open","ping_status":"closed","template":"","meta":{"_acf_changed":false},"product_brand":[],"product_cat":[3863,3865,3900,3903,3901],"product_tag":[],"class_list":{"0":"post-106542","1":"product","2":"type-product","3":"status-publish","4":"has-post-thumbnail","6":"product_cat-israel-sp","7":"product_cat-jerusalem-sp","8":"product_cat-todos-los-tours-privados-sp","9":"product_cat-tours-de-dia-completo-sp-es","10":"product_cat-crucero-sp-es","12":"first","13":"instock","14":"shipping-taxable","15":"purchasable","16":"product-type-simple"},"acf":[],"yoast_head":"<!-- This site is optimized with the Yoast SEO Premium plugin v25.3.1 (Yoast SEO v25.3.1) - https:\/\/yoast.com\/wordpress\/plugins\/seo\/ -->\n<title>\u27a1\ufe0f Tour privado de d\u00eda completo de Jerusal\u00e9n y Bel\u00e9n | Tour Travel &amp; More<\/title>\n<meta name=\"description\" content=\"Con un tour privado de d\u00eda completo por Jerusal\u00e9n y Bel\u00e9n, usted conocer\u00e1 muchos sitios incre\u00edbles. Es la mejor opci\u00f3n que puede usted hacer \u2705\" \/>\n<meta name=\"robots\" content=\"index, follow, max-snippet:-1, max-image-preview:large, max-video-preview:-1\" \/>\n<link rel=\"canonical\" href=\"https:\/\/tourtravelandmore.com\/es\/tours\/israel-sp\/jerusalem-sp\/todos-los-tours-privados-sp\/tour-privado-de-dia-completo-de-jerusalen-y-belen-desde-jerusalen\/\" \/>\n<meta property=\"og:locale\" content=\"es_ES\" \/>\n<meta property=\"og:type\" content=\"article\" \/>\n<meta property=\"og:title\" content=\"Tour privado de d\u00eda completo de Jerusal\u00e9n y Bel\u00e9n desde Jerusal\u00e9n\" \/>\n<meta property=\"og:description\" content=\"Con un tour privado de d\u00eda completo por Jerusal\u00e9n y Bel\u00e9n, usted conocer\u00e1 muchos sitios incre\u00edbles. Es la mejor opci\u00f3n que puede usted hacer \u2705\" \/>\n<meta property=\"og:url\" content=\"https:\/\/tourtravelandmore.com\/es\/tours\/israel-sp\/jerusalem-sp\/todos-los-tours-privados-sp\/tour-privado-de-dia-completo-de-jerusalen-y-belen-desde-jerusalen\/\" \/>\n<meta property=\"og:site_name\" content=\"Tour Travel And More\" \/>\n<meta property=\"article:publisher\" content=\"https:\/\/www.facebook.com\/tourtravelandmore\/\" \/>\n<meta property=\"article:modified_time\" content=\"2023-10-09T05:15:11+00:00\" \/>\n<meta property=\"og:image\" content=\"https:\/\/tourtravelandmore.com\/wp-content\/uploads\/2021\/04\/Jersualem-6-scaled.jpg\" \/>\n\t<meta property=\"og:image:width\" content=\"2560\" \/>\n\t<meta property=\"og:image:height\" content=\"1707\" \/>\n\t<meta property=\"og:image:type\" content=\"image\/jpeg\" \/>\n<meta name=\"twitter:card\" content=\"summary_large_image\" \/>\n<meta name=\"twitter:site\" content=\"@TourTravel_More\" \/>\n<meta name=\"twitter:label1\" content=\"Tiempo de lectura\" \/>\n\t<meta name=\"twitter:data1\" content=\"2 minutos\" \/>\n<script type=\"application\/ld+json\" class=\"yoast-schema-graph\">{\"@context\":\"https:\/\/schema.org\",\"@graph\":[{\"@type\":\"WebPage\",\"@id\":\"https:\/\/tourtravelandmore.com\/es\/tours\/israel-sp\/jerusalem-sp\/todos-los-tours-privados-sp\/tour-privado-de-dia-completo-de-jerusalen-y-belen-desde-jerusalen\/\",\"url\":\"https:\/\/tourtravelandmore.com\/es\/tours\/israel-sp\/jerusalem-sp\/todos-los-tours-privados-sp\/tour-privado-de-dia-completo-de-jerusalen-y-belen-desde-jerusalen\/\",\"name\":\"\u27a1\ufe0f Tour privado de d\u00eda completo de Jerusal\u00e9n y Bel\u00e9n | Tour Travel & More\",\"isPartOf\":{\"@id\":\"https:\/\/tourtravelandmore.com\/es\/#website\"},\"primaryImageOfPage\":{\"@id\":\"https:\/\/tourtravelandmore.com\/es\/tours\/israel-sp\/jerusalem-sp\/todos-los-tours-privados-sp\/tour-privado-de-dia-completo-de-jerusalen-y-belen-desde-jerusalen\/#primaryimage\"},\"image\":{\"@id\":\"https:\/\/tourtravelandmore.com\/es\/tours\/israel-sp\/jerusalem-sp\/todos-los-tours-privados-sp\/tour-privado-de-dia-completo-de-jerusalen-y-belen-desde-jerusalen\/#primaryimage\"},\"thumbnailUrl\":\"https:\/\/tourtravelandmore.com\/wp-content\/uploads\/2021\/04\/Jersualem-6-scaled.jpg\",\"datePublished\":\"2021-04-26T09:37:34+00:00\",\"dateModified\":\"2023-10-09T05:15:11+00:00\",\"description\":\"Con un tour privado de d\u00eda completo por Jerusal\u00e9n y Bel\u00e9n, usted conocer\u00e1 muchos sitios incre\u00edbles. Es la mejor opci\u00f3n que puede usted hacer \u2705\",\"breadcrumb\":{\"@id\":\"https:\/\/tourtravelandmore.com\/es\/tours\/israel-sp\/jerusalem-sp\/todos-los-tours-privados-sp\/tour-privado-de-dia-completo-de-jerusalen-y-belen-desde-jerusalen\/#breadcrumb\"},\"inLanguage\":\"es\",\"potentialAction\":[{\"@type\":\"ReadAction\",\"target\":[\"https:\/\/tourtravelandmore.com\/es\/tours\/israel-sp\/jerusalem-sp\/todos-los-tours-privados-sp\/tour-privado-de-dia-completo-de-jerusalen-y-belen-desde-jerusalen\/\"]}]},{\"@type\":\"ImageObject\",\"inLanguage\":\"es\",\"@id\":\"https:\/\/tourtravelandmore.com\/es\/tours\/israel-sp\/jerusalem-sp\/todos-los-tours-privados-sp\/tour-privado-de-dia-completo-de-jerusalen-y-belen-desde-jerusalen\/#primaryimage\",\"url\":\"https:\/\/tourtravelandmore.com\/wp-content\/uploads\/2021\/04\/Jersualem-6-scaled.jpg\",\"contentUrl\":\"https:\/\/tourtravelandmore.com\/wp-content\/uploads\/2021\/04\/Jersualem-6-scaled.jpg\",\"width\":2560,\"height\":1707},{\"@type\":\"BreadcrumbList\",\"@id\":\"https:\/\/tourtravelandmore.com\/es\/tours\/israel-sp\/jerusalem-sp\/todos-los-tours-privados-sp\/tour-privado-de-dia-completo-de-jerusalen-y-belen-desde-jerusalen\/#breadcrumb\",\"itemListElement\":[{\"@type\":\"ListItem\",\"position\":1,\"name\":\"Home\",\"item\":\"https:\/\/tourtravelandmore.com\/es\/\"},{\"@type\":\"ListItem\",\"position\":2,\"name\":\"Tours\",\"item\":\"https:\/\/tourtravelandmore.com\/es\/tours\/\"},{\"@type\":\"ListItem\",\"position\":3,\"name\":\"Tour privado de d\u00eda completo de Jerusal\u00e9n y Bel\u00e9n desde Jerusal\u00e9n\"}]},{\"@type\":\"WebSite\",\"@id\":\"https:\/\/tourtravelandmore.com\/es\/#website\",\"url\":\"https:\/\/tourtravelandmore.com\/es\/\",\"name\":\"Tour Travel And More\",\"description\":\"Private sightseeing tours and luxury transfers in Spain\",\"publisher\":{\"@id\":\"https:\/\/tourtravelandmore.com\/es\/#organization\"},\"potentialAction\":[{\"@type\":\"SearchAction\",\"target\":{\"@type\":\"EntryPoint\",\"urlTemplate\":\"https:\/\/tourtravelandmore.com\/es\/?s={search_term_string}\"},\"query-input\":{\"@type\":\"PropertyValueSpecification\",\"valueRequired\":true,\"valueName\":\"search_term_string\"}}],\"inLanguage\":\"es\"},{\"@type\":\"Organization\",\"@id\":\"https:\/\/tourtravelandmore.com\/es\/#organization\",\"name\":\"Tour Travel And More\",\"url\":\"https:\/\/tourtravelandmore.com\/es\/\",\"logo\":{\"@type\":\"ImageObject\",\"inLanguage\":\"es\",\"@id\":\"https:\/\/tourtravelandmore.com\/es\/#\/schema\/logo\/image\/\",\"url\":\"https:\/\/tourtravelandmore.com\/wp-content\/uploads\/2022\/12\/cropped-logo-cabecera-new.png\",\"contentUrl\":\"https:\/\/tourtravelandmore.com\/wp-content\/uploads\/2022\/12\/cropped-logo-cabecera-new.png\",\"width\":430,\"height\":61,\"caption\":\"Tour Travel And More\"},\"image\":{\"@id\":\"https:\/\/tourtravelandmore.com\/es\/#\/schema\/logo\/image\/\"},\"sameAs\":[\"https:\/\/www.facebook.com\/tourtravelandmore\/\",\"https:\/\/x.com\/TourTravel_More\"]}]}<\/script>\n<!-- \/ Yoast SEO Premium plugin. -->","yoast_head_json":{"title":"\u27a1\ufe0f Tour privado de d\u00eda completo de Jerusal\u00e9n y Bel\u00e9n | Tour Travel & More","description":"Con un tour privado de d\u00eda completo por Jerusal\u00e9n y Bel\u00e9n, usted conocer\u00e1 muchos sitios incre\u00edbles. Es la mejor opci\u00f3n que puede usted hacer \u2705","robots":{"index":"index","follow":"follow","max-snippet":"max-snippet:-1","max-image-preview":"max-image-preview:large","max-video-preview":"max-video-preview:-1"},"canonical":"https:\/\/tourtravelandmore.com\/es\/tours\/israel-sp\/jerusalem-sp\/todos-los-tours-privados-sp\/tour-privado-de-dia-completo-de-jerusalen-y-belen-desde-jerusalen\/","og_locale":"es_ES","og_type":"article","og_title":"Tour privado de d\u00eda completo de Jerusal\u00e9n y Bel\u00e9n desde Jerusal\u00e9n","og_description":"Con un tour privado de d\u00eda completo por Jerusal\u00e9n y Bel\u00e9n, usted conocer\u00e1 muchos sitios incre\u00edbles. Es la mejor opci\u00f3n que puede usted hacer \u2705","og_url":"https:\/\/tourtravelandmore.com\/es\/tours\/israel-sp\/jerusalem-sp\/todos-los-tours-privados-sp\/tour-privado-de-dia-completo-de-jerusalen-y-belen-desde-jerusalen\/","og_site_name":"Tour Travel And More","article_publisher":"https:\/\/www.facebook.com\/tourtravelandmore\/","article_modified_time":"2023-10-09T05:15:11+00:00","og_image":[{"width":2560,"height":1707,"url":"https:\/\/tourtravelandmore.com\/wp-content\/uploads\/2021\/04\/Jersualem-6-scaled.jpg","type":"image\/jpeg"}],"twitter_card":"summary_large_image","twitter_site":"@TourTravel_More","twitter_misc":{"Tiempo de lectura":"2 minutos"},"schema":{"@context":"https:\/\/schema.org","@graph":[{"@type":"WebPage","@id":"https:\/\/tourtravelandmore.com\/es\/tours\/israel-sp\/jerusalem-sp\/todos-los-tours-privados-sp\/tour-privado-de-dia-completo-de-jerusalen-y-belen-desde-jerusalen\/","url":"https:\/\/tourtravelandmore.com\/es\/tours\/israel-sp\/jerusalem-sp\/todos-los-tours-privados-sp\/tour-privado-de-dia-completo-de-jerusalen-y-belen-desde-jerusalen\/","name":"\u27a1\ufe0f Tour privado de d\u00eda completo de Jerusal\u00e9n y Bel\u00e9n | Tour Travel & More","isPartOf":{"@id":"https:\/\/tourtravelandmore.com\/es\/#website"},"primaryImageOfPage":{"@id":"https:\/\/tourtravelandmore.com\/es\/tours\/israel-sp\/jerusalem-sp\/todos-los-tours-privados-sp\/tour-privado-de-dia-completo-de-jerusalen-y-belen-desde-jerusalen\/#primaryimage"},"image":{"@id":"https:\/\/tourtravelandmore.com\/es\/tours\/israel-sp\/jerusalem-sp\/todos-los-tours-privados-sp\/tour-privado-de-dia-completo-de-jerusalen-y-belen-desde-jerusalen\/#primaryimage"},"thumbnailUrl":"https:\/\/tourtravelandmore.com\/wp-content\/uploads\/2021\/04\/Jersualem-6-scaled.jpg","datePublished":"2021-04-26T09:37:34+00:00","dateModified":"2023-10-09T05:15:11+00:00","description":"Con un tour privado de d\u00eda completo por Jerusal\u00e9n y Bel\u00e9n, usted conocer\u00e1 muchos sitios incre\u00edbles. Es la mejor opci\u00f3n que puede usted hacer \u2705","breadcrumb":{"@id":"https:\/\/tourtravelandmore.com\/es\/tours\/israel-sp\/jerusalem-sp\/todos-los-tours-privados-sp\/tour-privado-de-dia-completo-de-jerusalen-y-belen-desde-jerusalen\/#breadcrumb"},"inLanguage":"es","potentialAction":[{"@type":"ReadAction","target":["https:\/\/tourtravelandmore.com\/es\/tours\/israel-sp\/jerusalem-sp\/todos-los-tours-privados-sp\/tour-privado-de-dia-completo-de-jerusalen-y-belen-desde-jerusalen\/"]}]},{"@type":"ImageObject","inLanguage":"es","@id":"https:\/\/tourtravelandmore.com\/es\/tours\/israel-sp\/jerusalem-sp\/todos-los-tours-privados-sp\/tour-privado-de-dia-completo-de-jerusalen-y-belen-desde-jerusalen\/#primaryimage","url":"https:\/\/tourtravelandmore.com\/wp-content\/uploads\/2021\/04\/Jersualem-6-scaled.jpg","contentUrl":"https:\/\/tourtravelandmore.com\/wp-content\/uploads\/2021\/04\/Jersualem-6-scaled.jpg","width":2560,"height":1707},{"@type":"BreadcrumbList","@id":"https:\/\/tourtravelandmore.com\/es\/tours\/israel-sp\/jerusalem-sp\/todos-los-tours-privados-sp\/tour-privado-de-dia-completo-de-jerusalen-y-belen-desde-jerusalen\/#breadcrumb","itemListElement":[{"@type":"ListItem","position":1,"name":"Home","item":"https:\/\/tourtravelandmore.com\/es\/"},{"@type":"ListItem","position":2,"name":"Tours","item":"https:\/\/tourtravelandmore.com\/es\/tours\/"},{"@type":"ListItem","position":3,"name":"Tour privado de d\u00eda completo de Jerusal\u00e9n y Bel\u00e9n desde Jerusal\u00e9n"}]},{"@type":"WebSite","@id":"https:\/\/tourtravelandmore.com\/es\/#website","url":"https:\/\/tourtravelandmore.com\/es\/","name":"Tour Travel And More","description":"Private sightseeing tours and luxury transfers in Spain","publisher":{"@id":"https:\/\/tourtravelandmore.com\/es\/#organization"},"potentialAction":[{"@type":"SearchAction","target":{"@type":"EntryPoint","urlTemplate":"https:\/\/tourtravelandmore.com\/es\/?s={search_term_string}"},"query-input":{"@type":"PropertyValueSpecification","valueRequired":true,"valueName":"search_term_string"}}],"inLanguage":"es"},{"@type":"Organization","@id":"https:\/\/tourtravelandmore.com\/es\/#organization","name":"Tour Travel And More","url":"https:\/\/tourtravelandmore.com\/es\/","logo":{"@type":"ImageObject","inLanguage":"es","@id":"https:\/\/tourtravelandmore.com\/es\/#\/schema\/logo\/image\/","url":"https:\/\/tourtravelandmore.com\/wp-content\/uploads\/2022\/12\/cropped-logo-cabecera-new.png","contentUrl":"https:\/\/tourtravelandmore.com\/wp-content\/uploads\/2022\/12\/cropped-logo-cabecera-new.png","width":430,"height":61,"caption":"Tour Travel And More"},"image":{"@id":"https:\/\/tourtravelandmore.com\/es\/#\/schema\/logo\/image\/"},"sameAs":["https:\/\/www.facebook.com\/tourtravelandmore\/","https:\/\/x.com\/TourTravel_More"]}]}},"_links":{"self":[{"href":"https:\/\/tourtravelandmore.com\/es\/wp-json\/wp\/v2\/product\/106542","targetHints":{"allow":["GET"]}}],"collection":[{"href":"https:\/\/tourtravelandmore.com\/es\/wp-json\/wp\/v2\/product"}],"about":[{"href":"https:\/\/tourtravelandmore.com\/es\/wp-json\/wp\/v2\/types\/product"}],"replies":[{"embeddable":true,"href":"https:\/\/tourtravelandmore.com\/es\/wp-json\/wp\/v2\/comments?post=106542"}],"wp:featuredmedia":[{"embeddable":true,"href":"https:\/\/tourtravelandmore.com\/es\/wp-json\/wp\/v2\/media\/106071"}],"wp:attachment":[{"href":"https:\/\/tourtravelandmore.com\/es\/wp-json\/wp\/v2\/media?parent=106542"}],"wp:term":[{"taxonomy":"product_brand","embeddable":true,"href":"https:\/\/tourtravelandmore.com\/es\/wp-json\/wp\/v2\/product_brand?post=106542"},{"taxonomy":"product_cat","embeddable":true,"href":"https:\/\/tourtravelandmore.com\/es\/wp-json\/wp\/v2\/product_cat?post=106542"},{"taxonomy":"product_tag","embeddable":true,"href":"https:\/\/tourtravelandmore.com\/es\/wp-json\/wp\/v2\/product_tag?post=106542"}],"curies":[{"name":"wp","href":"https:\/\/api.w.org\/{rel}","templated":true}]}}