{"id":106422,"date":"2021-04-22T21:51:54","date_gmt":"2021-04-22T19:51:54","guid":{"rendered":"https:\/\/tourtravelandmore.com\/?post_type=product&#038;p=106422"},"modified":"2023-10-09T07:45:45","modified_gmt":"2023-10-09T05:45:45","slug":"tour-privado-a-belen-desde-jerusalen","status":"publish","type":"product","link":"https:\/\/tourtravelandmore.com\/es\/tours\/israel-sp\/jerusalem-sp\/todos-los-tours-privados-sp\/tour-privado-a-belen-desde-jerusalen\/","title":{"rendered":"Tour privado a Bel\u00e9n desde Jerusal\u00e9n"},"content":{"rendered":"<h2>Descripci\u00f3n del Tour privado a Bel\u00e9n desde Jerusal\u00e9n<\/h2>\n<p>Hacer una visita a Bel\u00e9n en una excursi\u00f3n privada en auto de lujo es una experiencia totalmente inolvidable; mediante este <b>tour privado a Bel\u00e9n desde Jerusal\u00e9n, <\/b>usted podr\u00e1 visitar los mejores lugares tur\u00edsticos de Bel\u00e9n y lo que hay en sus alrededores. De esta manera, con la compa\u00f1\u00eda de nuestro Chofer\/Gu\u00eda oficial, usted tendr\u00e1 la oportunidad de conocer los aspectos m\u00e1s sobresalientes de la zona.<\/p>\n<h4><b>\u00bfQu\u00e9 se puede ver en el Tour privado a Bel\u00e9n desde Jerusal\u00e9n?<\/b><\/h4>\n<p>En primer lugar, podr\u00e1 ser testigo de uno de los lugares con antecedentes hist\u00f3ricos m\u00e1s sobresalientes, podr\u00e1 recorrer los alrededores de Bel\u00e9n, como Shepherds \u2019Field, la famosa Iglesia de la Natividad e incluso, <b>las Piscinas de Salom\u00f3n<\/b>. Adem\u00e1s, tendr\u00e1 la oportunidad de visualizar una vista de Herodion antes de hacer el viaje de vuelta a Jerusal\u00e9n, incluso, aprender\u00e1 de la historia de este lugar.<\/p>\n<p>\u00bfDesea conocer la Iglesia de Santa Catalina? Este destino tambi\u00e9n se encuentra incluido en el viaje, al igual que la Gruta de la Leche, en donde se dice que Mar\u00eda amamant\u00f3 a Jes\u00fas cuando era beb\u00e9. Adem\u00e1s, tambi\u00e9n encontraremos <b>la posada del buen samaritano<\/b> que se encuentra en la parte sur; al observar en direcci\u00f3n a Wadi Kelt, podremos ver el monasterio de San Jorge, que se encuentra junto a los acantilados.<\/p>\n<h2>Puntos emblem\u00e1ticos y de inter\u00e9s en el Tour privado a Bel\u00e9n desde Jerusal\u00e9n<\/h2>\n<h4><b>\u00bfEn qu\u00e9 parte inicia el Tour privado a Bel\u00e9n desde Jerusal\u00e9n?<\/b><\/h4>\n<p>Todo lo que le espera en este viaje, sin duda, ser\u00e1 extraordinario, pero el punto de inicio desde el cual usted iniciar\u00e1 con el tour privado, ser\u00e1 en Jerusal\u00e9n. <b>La duraci\u00f3n del mismo ser\u00e1 de 10 horas<\/b>, y nuestro chofer\/gu\u00eda oficial, se encargar\u00e1 de ofrecerle informaci\u00f3n detallada y precisa durante todo el viaje hasta que regrese al punto original de partida.<\/p>\n<h4><b>Qu\u00e9 esperar en el viaje<\/b><\/h4>\n<p>En primer lugar, se puede viajar al sur desde Jerusal\u00e9n con rumbo hacia al Mar Muerto, usted podr\u00e1 pasar por la posada del buen samaritano, y hasta conocer el famoso desierto de Judea. Al llegar a Bel\u00e9n, se le otorga la posibilidad de visitar los alrededores del lugar en el que naci\u00f3 Jes\u00fas, como el hogar de Jes\u00e9, quien fue <b>padre del Rey David<\/b>. Una vez que estemos en este lugar, puede visitar sitios como:<\/p>\n<ul>\n<li aria-level=\"1\"><strong>La Plaza del Pesebre<\/strong><\/li>\n<li aria-level=\"1\"><strong>La Iglesia de la Natividad<\/strong><\/li>\n<li aria-level=\"1\"><strong>La Gruta del la Natividad<\/strong><\/li>\n<li aria-level=\"1\"><strong>La Iglesia Cruzada de Santa Catalina<\/strong><\/li>\n<\/ul>\n<p>Incluso, hasta podr\u00e1 ver la popular caverna subterr\u00e1nea en la que San Jer\u00f3nimo logr\u00f3 traducir la Biblia de forma detallada del hebreo al lat\u00edn, <b>creando de esta manera la Vulgata<\/b>. Finalmente, luego de este emocionante viaje, el gran tour privado a Bel\u00e9n desde Jerusal\u00e9n llega a su fin.<\/p>\n","protected":false},"excerpt":{"rendered":"<p>Aproveche la grandiosa oportunidad de hacer un Tour privado a Bel\u00e9n desde Jerusal\u00e9n, en el que podr\u00e1 disfrutar en gran manera de informaci\u00f3n hist\u00f3rica, y hermosos paisajes que cualquiera desear\u00eda contemplar \u00a1Cont\u00e1ctenos para conocer m\u00e1s detalles!<\/p>\n<h4><\/h4>\n","protected":false},"featured_media":106062,"comment_status":"open","ping_status":"closed","template":"","meta":{"_acf_changed":false},"product_brand":[],"product_cat":[3863,3865,3900,3903,3901],"product_tag":[],"class_list":{"0":"post-106422","1":"product","2":"type-product","3":"status-publish","4":"has-post-thumbnail","6":"product_cat-israel-sp","7":"product_cat-jerusalem-sp","8":"product_cat-todos-los-tours-privados-sp","9":"product_cat-tours-de-dia-completo-sp-es","10":"product_cat-crucero-sp-es","12":"first","13":"instock","14":"shipping-taxable","15":"purchasable","16":"product-type-simple"},"acf":[],"yoast_head":"<!-- This site is optimized with the Yoast SEO Premium plugin v25.3.1 (Yoast SEO v25.3.1) - https:\/\/yoast.com\/wordpress\/plugins\/seo\/ -->\n<title>\u27a1\ufe0f Tour privado a Bel\u00e9n desde Jerusal\u00e9n | Tour Travel &amp; More<\/title>\n<meta name=\"description\" content=\"Disfrute del tour privado a Bel\u00e9n desde Jerusal\u00e9n que tenemos preparado para usted Conocer\u00e1 importantes lugares! \u2705\" \/>\n<meta name=\"robots\" content=\"index, follow, max-snippet:-1, max-image-preview:large, max-video-preview:-1\" \/>\n<link rel=\"canonical\" href=\"https:\/\/tourtravelandmore.com\/es\/tours\/israel-sp\/jerusalem-sp\/todos-los-tours-privados-sp\/tour-privado-a-belen-desde-jerusalen\/\" \/>\n<meta property=\"og:locale\" content=\"es_ES\" \/>\n<meta property=\"og:type\" content=\"article\" \/>\n<meta property=\"og:title\" content=\"Tour privado a Bel\u00e9n desde Jerusal\u00e9n\" \/>\n<meta property=\"og:description\" content=\"Disfrute del tour privado a Bel\u00e9n desde Jerusal\u00e9n que tenemos preparado para usted Conocer\u00e1 importantes lugares! \u2705\" \/>\n<meta property=\"og:url\" content=\"https:\/\/tourtravelandmore.com\/es\/tours\/israel-sp\/jerusalem-sp\/todos-los-tours-privados-sp\/tour-privado-a-belen-desde-jerusalen\/\" \/>\n<meta property=\"og:site_name\" content=\"Tour Travel And More\" \/>\n<meta property=\"article:publisher\" content=\"https:\/\/www.facebook.com\/tourtravelandmore\/\" \/>\n<meta property=\"article:modified_time\" content=\"2023-10-09T05:45:45+00:00\" \/>\n<meta property=\"og:image\" content=\"https:\/\/tourtravelandmore.com\/wp-content\/uploads\/2021\/04\/Israel-3-scaled.jpg\" \/>\n\t<meta property=\"og:image:width\" content=\"1707\" \/>\n\t<meta property=\"og:image:height\" content=\"2560\" \/>\n\t<meta property=\"og:image:type\" content=\"image\/jpeg\" \/>\n<meta name=\"twitter:card\" content=\"summary_large_image\" \/>\n<meta name=\"twitter:site\" content=\"@TourTravel_More\" \/>\n<meta name=\"twitter:label1\" content=\"Tiempo de lectura\" \/>\n\t<meta name=\"twitter:data1\" content=\"2 minutos\" \/>\n<script type=\"application\/ld+json\" class=\"yoast-schema-graph\">{\"@context\":\"https:\/\/schema.org\",\"@graph\":[{\"@type\":\"WebPage\",\"@id\":\"https:\/\/tourtravelandmore.com\/es\/tours\/israel-sp\/jerusalem-sp\/todos-los-tours-privados-sp\/tour-privado-a-belen-desde-jerusalen\/\",\"url\":\"https:\/\/tourtravelandmore.com\/es\/tours\/israel-sp\/jerusalem-sp\/todos-los-tours-privados-sp\/tour-privado-a-belen-desde-jerusalen\/\",\"name\":\"\u27a1\ufe0f Tour privado a Bel\u00e9n desde Jerusal\u00e9n | Tour Travel & More\",\"isPartOf\":{\"@id\":\"https:\/\/tourtravelandmore.com\/es\/#website\"},\"primaryImageOfPage\":{\"@id\":\"https:\/\/tourtravelandmore.com\/es\/tours\/israel-sp\/jerusalem-sp\/todos-los-tours-privados-sp\/tour-privado-a-belen-desde-jerusalen\/#primaryimage\"},\"image\":{\"@id\":\"https:\/\/tourtravelandmore.com\/es\/tours\/israel-sp\/jerusalem-sp\/todos-los-tours-privados-sp\/tour-privado-a-belen-desde-jerusalen\/#primaryimage\"},\"thumbnailUrl\":\"https:\/\/tourtravelandmore.com\/wp-content\/uploads\/2021\/04\/Israel-3-scaled.jpg\",\"datePublished\":\"2021-04-22T19:51:54+00:00\",\"dateModified\":\"2023-10-09T05:45:45+00:00\",\"description\":\"Disfrute del tour privado a Bel\u00e9n desde Jerusal\u00e9n que tenemos preparado para usted Conocer\u00e1 importantes lugares! \u2705\",\"breadcrumb\":{\"@id\":\"https:\/\/tourtravelandmore.com\/es\/tours\/israel-sp\/jerusalem-sp\/todos-los-tours-privados-sp\/tour-privado-a-belen-desde-jerusalen\/#breadcrumb\"},\"inLanguage\":\"es\",\"potentialAction\":[{\"@type\":\"ReadAction\",\"target\":[\"https:\/\/tourtravelandmore.com\/es\/tours\/israel-sp\/jerusalem-sp\/todos-los-tours-privados-sp\/tour-privado-a-belen-desde-jerusalen\/\"]}]},{\"@type\":\"ImageObject\",\"inLanguage\":\"es\",\"@id\":\"https:\/\/tourtravelandmore.com\/es\/tours\/israel-sp\/jerusalem-sp\/todos-los-tours-privados-sp\/tour-privado-a-belen-desde-jerusalen\/#primaryimage\",\"url\":\"https:\/\/tourtravelandmore.com\/wp-content\/uploads\/2021\/04\/Israel-3-scaled.jpg\",\"contentUrl\":\"https:\/\/tourtravelandmore.com\/wp-content\/uploads\/2021\/04\/Israel-3-scaled.jpg\",\"width\":1707,\"height\":2560},{\"@type\":\"BreadcrumbList\",\"@id\":\"https:\/\/tourtravelandmore.com\/es\/tours\/israel-sp\/jerusalem-sp\/todos-los-tours-privados-sp\/tour-privado-a-belen-desde-jerusalen\/#breadcrumb\",\"itemListElement\":[{\"@type\":\"ListItem\",\"position\":1,\"name\":\"Home\",\"item\":\"https:\/\/tourtravelandmore.com\/es\/\"},{\"@type\":\"ListItem\",\"position\":2,\"name\":\"Tours\",\"item\":\"https:\/\/tourtravelandmore.com\/es\/tours\/\"},{\"@type\":\"ListItem\",\"position\":3,\"name\":\"Tour privado a Bel\u00e9n desde Jerusal\u00e9n\"}]},{\"@type\":\"WebSite\",\"@id\":\"https:\/\/tourtravelandmore.com\/es\/#website\",\"url\":\"https:\/\/tourtravelandmore.com\/es\/\",\"name\":\"Tour Travel And More\",\"description\":\"Private sightseeing tours and luxury transfers in Spain\",\"publisher\":{\"@id\":\"https:\/\/tourtravelandmore.com\/es\/#organization\"},\"potentialAction\":[{\"@type\":\"SearchAction\",\"target\":{\"@type\":\"EntryPoint\",\"urlTemplate\":\"https:\/\/tourtravelandmore.com\/es\/?s={search_term_string}\"},\"query-input\":{\"@type\":\"PropertyValueSpecification\",\"valueRequired\":true,\"valueName\":\"search_term_string\"}}],\"inLanguage\":\"es\"},{\"@type\":\"Organization\",\"@id\":\"https:\/\/tourtravelandmore.com\/es\/#organization\",\"name\":\"Tour Travel And More\",\"url\":\"https:\/\/tourtravelandmore.com\/es\/\",\"logo\":{\"@type\":\"ImageObject\",\"inLanguage\":\"es\",\"@id\":\"https:\/\/tourtravelandmore.com\/es\/#\/schema\/logo\/image\/\",\"url\":\"https:\/\/tourtravelandmore.com\/wp-content\/uploads\/2022\/12\/cropped-logo-cabecera-new.png\",\"contentUrl\":\"https:\/\/tourtravelandmore.com\/wp-content\/uploads\/2022\/12\/cropped-logo-cabecera-new.png\",\"width\":430,\"height\":61,\"caption\":\"Tour Travel And More\"},\"image\":{\"@id\":\"https:\/\/tourtravelandmore.com\/es\/#\/schema\/logo\/image\/\"},\"sameAs\":[\"https:\/\/www.facebook.com\/tourtravelandmore\/\",\"https:\/\/x.com\/TourTravel_More\"]}]}<\/script>\n<!-- \/ Yoast SEO Premium plugin. -->","yoast_head_json":{"title":"\u27a1\ufe0f Tour privado a Bel\u00e9n desde Jerusal\u00e9n | Tour Travel & More","description":"Disfrute del tour privado a Bel\u00e9n desde Jerusal\u00e9n que tenemos preparado para usted Conocer\u00e1 importantes lugares! \u2705","robots":{"index":"index","follow":"follow","max-snippet":"max-snippet:-1","max-image-preview":"max-image-preview:large","max-video-preview":"max-video-preview:-1"},"canonical":"https:\/\/tourtravelandmore.com\/es\/tours\/israel-sp\/jerusalem-sp\/todos-los-tours-privados-sp\/tour-privado-a-belen-desde-jerusalen\/","og_locale":"es_ES","og_type":"article","og_title":"Tour privado a Bel\u00e9n desde Jerusal\u00e9n","og_description":"Disfrute del tour privado a Bel\u00e9n desde Jerusal\u00e9n que tenemos preparado para usted Conocer\u00e1 importantes lugares! \u2705","og_url":"https:\/\/tourtravelandmore.com\/es\/tours\/israel-sp\/jerusalem-sp\/todos-los-tours-privados-sp\/tour-privado-a-belen-desde-jerusalen\/","og_site_name":"Tour Travel And More","article_publisher":"https:\/\/www.facebook.com\/tourtravelandmore\/","article_modified_time":"2023-10-09T05:45:45+00:00","og_image":[{"width":1707,"height":2560,"url":"https:\/\/tourtravelandmore.com\/wp-content\/uploads\/2021\/04\/Israel-3-scaled.jpg","type":"image\/jpeg"}],"twitter_card":"summary_large_image","twitter_site":"@TourTravel_More","twitter_misc":{"Tiempo de lectura":"2 minutos"},"schema":{"@context":"https:\/\/schema.org","@graph":[{"@type":"WebPage","@id":"https:\/\/tourtravelandmore.com\/es\/tours\/israel-sp\/jerusalem-sp\/todos-los-tours-privados-sp\/tour-privado-a-belen-desde-jerusalen\/","url":"https:\/\/tourtravelandmore.com\/es\/tours\/israel-sp\/jerusalem-sp\/todos-los-tours-privados-sp\/tour-privado-a-belen-desde-jerusalen\/","name":"\u27a1\ufe0f Tour privado a Bel\u00e9n desde Jerusal\u00e9n | Tour Travel & More","isPartOf":{"@id":"https:\/\/tourtravelandmore.com\/es\/#website"},"primaryImageOfPage":{"@id":"https:\/\/tourtravelandmore.com\/es\/tours\/israel-sp\/jerusalem-sp\/todos-los-tours-privados-sp\/tour-privado-a-belen-desde-jerusalen\/#primaryimage"},"image":{"@id":"https:\/\/tourtravelandmore.com\/es\/tours\/israel-sp\/jerusalem-sp\/todos-los-tours-privados-sp\/tour-privado-a-belen-desde-jerusalen\/#primaryimage"},"thumbnailUrl":"https:\/\/tourtravelandmore.com\/wp-content\/uploads\/2021\/04\/Israel-3-scaled.jpg","datePublished":"2021-04-22T19:51:54+00:00","dateModified":"2023-10-09T05:45:45+00:00","description":"Disfrute del tour privado a Bel\u00e9n desde Jerusal\u00e9n que tenemos preparado para usted Conocer\u00e1 importantes lugares! \u2705","breadcrumb":{"@id":"https:\/\/tourtravelandmore.com\/es\/tours\/israel-sp\/jerusalem-sp\/todos-los-tours-privados-sp\/tour-privado-a-belen-desde-jerusalen\/#breadcrumb"},"inLanguage":"es","potentialAction":[{"@type":"ReadAction","target":["https:\/\/tourtravelandmore.com\/es\/tours\/israel-sp\/jerusalem-sp\/todos-los-tours-privados-sp\/tour-privado-a-belen-desde-jerusalen\/"]}]},{"@type":"ImageObject","inLanguage":"es","@id":"https:\/\/tourtravelandmore.com\/es\/tours\/israel-sp\/jerusalem-sp\/todos-los-tours-privados-sp\/tour-privado-a-belen-desde-jerusalen\/#primaryimage","url":"https:\/\/tourtravelandmore.com\/wp-content\/uploads\/2021\/04\/Israel-3-scaled.jpg","contentUrl":"https:\/\/tourtravelandmore.com\/wp-content\/uploads\/2021\/04\/Israel-3-scaled.jpg","width":1707,"height":2560},{"@type":"BreadcrumbList","@id":"https:\/\/tourtravelandmore.com\/es\/tours\/israel-sp\/jerusalem-sp\/todos-los-tours-privados-sp\/tour-privado-a-belen-desde-jerusalen\/#breadcrumb","itemListElement":[{"@type":"ListItem","position":1,"name":"Home","item":"https:\/\/tourtravelandmore.com\/es\/"},{"@type":"ListItem","position":2,"name":"Tours","item":"https:\/\/tourtravelandmore.com\/es\/tours\/"},{"@type":"ListItem","position":3,"name":"Tour privado a Bel\u00e9n desde Jerusal\u00e9n"}]},{"@type":"WebSite","@id":"https:\/\/tourtravelandmore.com\/es\/#website","url":"https:\/\/tourtravelandmore.com\/es\/","name":"Tour Travel And More","description":"Private sightseeing tours and luxury transfers in Spain","publisher":{"@id":"https:\/\/tourtravelandmore.com\/es\/#organization"},"potentialAction":[{"@type":"SearchAction","target":{"@type":"EntryPoint","urlTemplate":"https:\/\/tourtravelandmore.com\/es\/?s={search_term_string}"},"query-input":{"@type":"PropertyValueSpecification","valueRequired":true,"valueName":"search_term_string"}}],"inLanguage":"es"},{"@type":"Organization","@id":"https:\/\/tourtravelandmore.com\/es\/#organization","name":"Tour Travel And More","url":"https:\/\/tourtravelandmore.com\/es\/","logo":{"@type":"ImageObject","inLanguage":"es","@id":"https:\/\/tourtravelandmore.com\/es\/#\/schema\/logo\/image\/","url":"https:\/\/tourtravelandmore.com\/wp-content\/uploads\/2022\/12\/cropped-logo-cabecera-new.png","contentUrl":"https:\/\/tourtravelandmore.com\/wp-content\/uploads\/2022\/12\/cropped-logo-cabecera-new.png","width":430,"height":61,"caption":"Tour Travel And More"},"image":{"@id":"https:\/\/tourtravelandmore.com\/es\/#\/schema\/logo\/image\/"},"sameAs":["https:\/\/www.facebook.com\/tourtravelandmore\/","https:\/\/x.com\/TourTravel_More"]}]}},"_links":{"self":[{"href":"https:\/\/tourtravelandmore.com\/es\/wp-json\/wp\/v2\/product\/106422","targetHints":{"allow":["GET"]}}],"collection":[{"href":"https:\/\/tourtravelandmore.com\/es\/wp-json\/wp\/v2\/product"}],"about":[{"href":"https:\/\/tourtravelandmore.com\/es\/wp-json\/wp\/v2\/types\/product"}],"replies":[{"embeddable":true,"href":"https:\/\/tourtravelandmore.com\/es\/wp-json\/wp\/v2\/comments?post=106422"}],"wp:featuredmedia":[{"embeddable":true,"href":"https:\/\/tourtravelandmore.com\/es\/wp-json\/wp\/v2\/media\/106062"}],"wp:attachment":[{"href":"https:\/\/tourtravelandmore.com\/es\/wp-json\/wp\/v2\/media?parent=106422"}],"wp:term":[{"taxonomy":"product_brand","embeddable":true,"href":"https:\/\/tourtravelandmore.com\/es\/wp-json\/wp\/v2\/product_brand?post=106422"},{"taxonomy":"product_cat","embeddable":true,"href":"https:\/\/tourtravelandmore.com\/es\/wp-json\/wp\/v2\/product_cat?post=106422"},{"taxonomy":"product_tag","embeddable":true,"href":"https:\/\/tourtravelandmore.com\/es\/wp-json\/wp\/v2\/product_tag?post=106422"}],"curies":[{"name":"wp","href":"https:\/\/api.w.org\/{rel}","templated":true}]}}