{"id":10642,"date":"2017-02-08T10:27:17","date_gmt":"2017-02-08T09:42:43","guid":{"rendered":"http:\/\/tourtravelandmore.com\/es\/?post_type=product&#038;p=10642"},"modified":"2023-02-25T03:50:59","modified_gmt":"2023-02-25T02:50:59","slug":"traslado-privado-zaragoza-desde-hotel-aeropuerto-estacion","status":"publish","type":"product","link":"https:\/\/tourtravelandmore.com\/es\/tours\/espana-es\/zaragoza-es\/traslado-privado-zaragoza-desde-hotel-aeropuerto-estacion\/","title":{"rendered":"Traslado privado Zaragoza desde Estaci\u00f3n de Tren o cualquier lugar"},"content":{"rendered":"<h2>Descripci\u00f3n del Traslado privado Zaragoza desde Estaci\u00f3n de Tren o cualquier lugar<\/h2>\n<p>\u00a1Disfrute de una experiencia relajante sin colas, gracias a nuestros Traslados privados Zaragoza!<\/p>\n<p>Le ofrecemos la manera m\u00e1s r\u00e1pida y relajante de llegar a su destino a trav\u00e9s de nuestra flota de coches privados y minivans privados.<\/p>\n<p>\u00a1Disfrute de una experiencia relajante sin colas!<\/p>\n<p>Nuestros traslados privados Zaragoza son completamente privados, pueden escoger la hora y lugar de comienzo.<\/p>\n<p>Ofrecemos <strong>todo tipo de Traslados<\/strong>, desde recogidas en el aeropuerto, traslados para cenas, traslados de la estaci\u00f3n de Tren. Incluso <strong>transfers a otras ciudades<\/strong>.<\/p>\n<p>Cuando llegue al <strong>aeropuerto<\/strong> <strong>o<\/strong> <strong>estaci\u00f3n de tren<\/strong>, nuestro personal estar\u00e1 esper\u00e1ndole con un cartel en la terminal de llegadas.<\/p>\n<p>Durante su traslado a su destino podr\u00e1 ver una vista panor\u00e1mica de la ciudad de <strong>Zaragoza<\/strong>.<\/p>\n<p>Ofrecemos servicio de transfer y ofrecemos un servicio personalizado y privado para todos los grupos. Todos nuestros veh\u00edculos son de alta gama.<\/p>\n<p>Solamente tiene que avisarnos y organizaremos su transfer de la mejor manera posible.<\/p>\n<p>No limitamos el n\u00famero de maletas, pero le pedimos de informarnos de cuanto equipaje tienen, por razones de log\u00edstica y por si hay que organizar un veh\u00edculo m\u00e1s grande y ajustar la propuesta.<\/p>\n<p>Si necesita silla de bebe o de ni\u00f1o, tiene que contactar con nosotros con anterioridad a su viaje para poder organizarlo.<\/p>\n<p>Si dispone de m\u00e1s d\u00edas en la ciudad de Zaragoza, puede consultar <a href=\"https:\/\/tourtravelandmore.com\/es\/ciudad\/espana-es\/zaragoza-es\/\"><strong>aqu\u00ed<\/strong><\/a>, los tours privados que ofrecemos.<\/p>\n<h2>Puntos de inter\u00e9s en el Traslado privado Zaragoza desde Estaci\u00f3n de Tren o cualquier lugar<\/h2>\n<p>Zaragoza es una ciudad y un municipio de Espa\u00f1a en la comunidad aut\u00f3noma de Arag\u00f3n. Zaragoza tiene una poblaci\u00f3n de m\u00e1s de 664,000 habitantes, seg\u00fan INE en 2015. Es la quinta ciudad m\u00e1s poblada de Espa\u00f1a. Zaragoza se encuentra a unos 300\u202fkm de Madrid y tambi\u00e9n de Barcelona. Zaragoza est\u00e1 situada a orillas de los r\u00edos Ebro, Hueva y G\u00e1llego y del Canal Imperial de Arag\u00f3n.<\/p>\n","protected":false},"excerpt":{"rendered":"<p>Aproveche esta oportunidad para <strong>llegar a su destino en Zaragoza<\/strong> de la manera m\u00e1s comoda y r\u00e1pida posible. Organizamos <strong>recogidas<\/strong> desde su hotel, aeropuerto, estaci\u00f3n de tren o cualquier lugar de Zaragoza.<\/p>\n","protected":false},"featured_media":8876,"comment_status":"open","ping_status":"closed","template":"","meta":{"_acf_changed":false},"product_brand":[],"product_cat":[398,399,404],"product_tag":[],"class_list":{"0":"post-10642","1":"product","2":"type-product","3":"status-publish","4":"has-post-thumbnail","6":"product_cat-zaragoza-es","7":"product_cat-zaragoza-actividades-es","8":"product_cat-zaragoza-traslados-es","10":"first","11":"instock","12":"shipping-taxable","13":"purchasable","14":"product-type-simple"},"acf":[],"yoast_head":"<!-- This site is optimized with the Yoast SEO Premium plugin v25.3.1 (Yoast SEO v25.3.1) - https:\/\/yoast.com\/wordpress\/plugins\/seo\/ -->\n<title>\u27a1\ufe0f Traslado privado Zaragoza desde: Hotel, Aeropuerto, Estaci\u00f3n | Tour Travel &amp; More<\/title>\n<meta name=\"description\" content=\"Disfruta de un Traslado privado Zaragoza desde: Aeropuerto, Estaci\u00f3n de Tren o cualquier lugar de la ciudad para llegar a su destino sin esperas \u2705\" \/>\n<meta name=\"robots\" content=\"index, follow, max-snippet:-1, max-image-preview:large, max-video-preview:-1\" \/>\n<link rel=\"canonical\" href=\"https:\/\/tourtravelandmore.com\/es\/tours\/espana-es\/zaragoza-es\/traslado-privado-zaragoza-desde-hotel-aeropuerto-estacion\/\" \/>\n<meta property=\"og:locale\" content=\"es_ES\" \/>\n<meta property=\"og:type\" content=\"article\" \/>\n<meta property=\"og:title\" content=\"Traslado privado Zaragoza desde Estaci\u00f3n de Tren o cualquier lugar\" \/>\n<meta property=\"og:description\" content=\"Disfruta de un Traslado privado Zaragoza desde: Aeropuerto, Estaci\u00f3n de Tren o cualquier lugar de la ciudad para llegar a su destino sin esperas \u2705\" \/>\n<meta property=\"og:url\" content=\"https:\/\/tourtravelandmore.com\/es\/tours\/espana-es\/zaragoza-es\/traslado-privado-zaragoza-desde-hotel-aeropuerto-estacion\/\" \/>\n<meta property=\"og:site_name\" content=\"Tour Travel And More\" \/>\n<meta property=\"article:publisher\" content=\"https:\/\/www.facebook.com\/tourtravelandmore\/\" \/>\n<meta property=\"article:modified_time\" content=\"2023-02-25T02:50:59+00:00\" \/>\n<meta property=\"og:image\" content=\"https:\/\/tourtravelandmore.com\/wp-content\/uploads\/2016\/11\/2014-mercedes-benz-e-class-sport-sedan-profile.jpg\" \/>\n\t<meta property=\"og:image:width\" content=\"1500\" \/>\n\t<meta property=\"og:image:height\" content=\"938\" \/>\n\t<meta property=\"og:image:type\" content=\"image\/jpeg\" \/>\n<meta name=\"twitter:card\" content=\"summary_large_image\" \/>\n<meta name=\"twitter:site\" content=\"@TourTravel_More\" \/>\n<meta name=\"twitter:label1\" content=\"Tiempo de lectura\" \/>\n\t<meta name=\"twitter:data1\" content=\"2 minutos\" \/>\n<script type=\"application\/ld+json\" class=\"yoast-schema-graph\">{\"@context\":\"https:\/\/schema.org\",\"@graph\":[{\"@type\":\"WebPage\",\"@id\":\"https:\/\/tourtravelandmore.com\/es\/tours\/espana-es\/zaragoza-es\/traslado-privado-zaragoza-desde-hotel-aeropuerto-estacion\/\",\"url\":\"https:\/\/tourtravelandmore.com\/es\/tours\/espana-es\/zaragoza-es\/traslado-privado-zaragoza-desde-hotel-aeropuerto-estacion\/\",\"name\":\"\u27a1\ufe0f Traslado privado Zaragoza desde: Hotel, Aeropuerto, Estaci\u00f3n | Tour Travel & More\",\"isPartOf\":{\"@id\":\"https:\/\/tourtravelandmore.com\/es\/#website\"},\"primaryImageOfPage\":{\"@id\":\"https:\/\/tourtravelandmore.com\/es\/tours\/espana-es\/zaragoza-es\/traslado-privado-zaragoza-desde-hotel-aeropuerto-estacion\/#primaryimage\"},\"image\":{\"@id\":\"https:\/\/tourtravelandmore.com\/es\/tours\/espana-es\/zaragoza-es\/traslado-privado-zaragoza-desde-hotel-aeropuerto-estacion\/#primaryimage\"},\"thumbnailUrl\":\"https:\/\/tourtravelandmore.com\/wp-content\/uploads\/2016\/11\/2014-mercedes-benz-e-class-sport-sedan-profile.jpg\",\"datePublished\":\"2017-02-08T09:42:43+00:00\",\"dateModified\":\"2023-02-25T02:50:59+00:00\",\"description\":\"Disfruta de un Traslado privado Zaragoza desde: Aeropuerto, Estaci\u00f3n de Tren o cualquier lugar de la ciudad para llegar a su destino sin esperas \u2705\",\"breadcrumb\":{\"@id\":\"https:\/\/tourtravelandmore.com\/es\/tours\/espana-es\/zaragoza-es\/traslado-privado-zaragoza-desde-hotel-aeropuerto-estacion\/#breadcrumb\"},\"inLanguage\":\"es\",\"potentialAction\":[{\"@type\":\"ReadAction\",\"target\":[\"https:\/\/tourtravelandmore.com\/es\/tours\/espana-es\/zaragoza-es\/traslado-privado-zaragoza-desde-hotel-aeropuerto-estacion\/\"]}]},{\"@type\":\"ImageObject\",\"inLanguage\":\"es\",\"@id\":\"https:\/\/tourtravelandmore.com\/es\/tours\/espana-es\/zaragoza-es\/traslado-privado-zaragoza-desde-hotel-aeropuerto-estacion\/#primaryimage\",\"url\":\"https:\/\/tourtravelandmore.com\/wp-content\/uploads\/2016\/11\/2014-mercedes-benz-e-class-sport-sedan-profile.jpg\",\"contentUrl\":\"https:\/\/tourtravelandmore.com\/wp-content\/uploads\/2016\/11\/2014-mercedes-benz-e-class-sport-sedan-profile.jpg\",\"width\":1500,\"height\":938,\"caption\":\"2014 Mercedes-Benz E-Class Sport Sedan.\"},{\"@type\":\"BreadcrumbList\",\"@id\":\"https:\/\/tourtravelandmore.com\/es\/tours\/espana-es\/zaragoza-es\/traslado-privado-zaragoza-desde-hotel-aeropuerto-estacion\/#breadcrumb\",\"itemListElement\":[{\"@type\":\"ListItem\",\"position\":1,\"name\":\"Home\",\"item\":\"https:\/\/tourtravelandmore.com\/es\/\"},{\"@type\":\"ListItem\",\"position\":2,\"name\":\"Tours\",\"item\":\"https:\/\/tourtravelandmore.com\/es\/tours\/\"},{\"@type\":\"ListItem\",\"position\":3,\"name\":\"Traslado privado Zaragoza desde Estaci\u00f3n de Tren o cualquier lugar\"}]},{\"@type\":\"WebSite\",\"@id\":\"https:\/\/tourtravelandmore.com\/es\/#website\",\"url\":\"https:\/\/tourtravelandmore.com\/es\/\",\"name\":\"Tour Travel And More\",\"description\":\"Private sightseeing tours and luxury transfers in Spain\",\"publisher\":{\"@id\":\"https:\/\/tourtravelandmore.com\/es\/#organization\"},\"potentialAction\":[{\"@type\":\"SearchAction\",\"target\":{\"@type\":\"EntryPoint\",\"urlTemplate\":\"https:\/\/tourtravelandmore.com\/es\/?s={search_term_string}\"},\"query-input\":{\"@type\":\"PropertyValueSpecification\",\"valueRequired\":true,\"valueName\":\"search_term_string\"}}],\"inLanguage\":\"es\"},{\"@type\":\"Organization\",\"@id\":\"https:\/\/tourtravelandmore.com\/es\/#organization\",\"name\":\"Tour Travel And More\",\"url\":\"https:\/\/tourtravelandmore.com\/es\/\",\"logo\":{\"@type\":\"ImageObject\",\"inLanguage\":\"es\",\"@id\":\"https:\/\/tourtravelandmore.com\/es\/#\/schema\/logo\/image\/\",\"url\":\"https:\/\/tourtravelandmore.com\/wp-content\/uploads\/2022\/12\/cropped-logo-cabecera-new.png\",\"contentUrl\":\"https:\/\/tourtravelandmore.com\/wp-content\/uploads\/2022\/12\/cropped-logo-cabecera-new.png\",\"width\":430,\"height\":61,\"caption\":\"Tour Travel And More\"},\"image\":{\"@id\":\"https:\/\/tourtravelandmore.com\/es\/#\/schema\/logo\/image\/\"},\"sameAs\":[\"https:\/\/www.facebook.com\/tourtravelandmore\/\",\"https:\/\/x.com\/TourTravel_More\"]}]}<\/script>\n<!-- \/ Yoast SEO Premium plugin. -->","yoast_head_json":{"title":"\u27a1\ufe0f Traslado privado Zaragoza desde: Hotel, Aeropuerto, Estaci\u00f3n | Tour Travel & More","description":"Disfruta de un Traslado privado Zaragoza desde: Aeropuerto, Estaci\u00f3n de Tren o cualquier lugar de la ciudad para llegar a su destino sin esperas \u2705","robots":{"index":"index","follow":"follow","max-snippet":"max-snippet:-1","max-image-preview":"max-image-preview:large","max-video-preview":"max-video-preview:-1"},"canonical":"https:\/\/tourtravelandmore.com\/es\/tours\/espana-es\/zaragoza-es\/traslado-privado-zaragoza-desde-hotel-aeropuerto-estacion\/","og_locale":"es_ES","og_type":"article","og_title":"Traslado privado Zaragoza desde Estaci\u00f3n de Tren o cualquier lugar","og_description":"Disfruta de un Traslado privado Zaragoza desde: Aeropuerto, Estaci\u00f3n de Tren o cualquier lugar de la ciudad para llegar a su destino sin esperas \u2705","og_url":"https:\/\/tourtravelandmore.com\/es\/tours\/espana-es\/zaragoza-es\/traslado-privado-zaragoza-desde-hotel-aeropuerto-estacion\/","og_site_name":"Tour Travel And More","article_publisher":"https:\/\/www.facebook.com\/tourtravelandmore\/","article_modified_time":"2023-02-25T02:50:59+00:00","og_image":[{"width":1500,"height":938,"url":"https:\/\/tourtravelandmore.com\/wp-content\/uploads\/2016\/11\/2014-mercedes-benz-e-class-sport-sedan-profile.jpg","type":"image\/jpeg"}],"twitter_card":"summary_large_image","twitter_site":"@TourTravel_More","twitter_misc":{"Tiempo de lectura":"2 minutos"},"schema":{"@context":"https:\/\/schema.org","@graph":[{"@type":"WebPage","@id":"https:\/\/tourtravelandmore.com\/es\/tours\/espana-es\/zaragoza-es\/traslado-privado-zaragoza-desde-hotel-aeropuerto-estacion\/","url":"https:\/\/tourtravelandmore.com\/es\/tours\/espana-es\/zaragoza-es\/traslado-privado-zaragoza-desde-hotel-aeropuerto-estacion\/","name":"\u27a1\ufe0f Traslado privado Zaragoza desde: Hotel, Aeropuerto, Estaci\u00f3n | Tour Travel & More","isPartOf":{"@id":"https:\/\/tourtravelandmore.com\/es\/#website"},"primaryImageOfPage":{"@id":"https:\/\/tourtravelandmore.com\/es\/tours\/espana-es\/zaragoza-es\/traslado-privado-zaragoza-desde-hotel-aeropuerto-estacion\/#primaryimage"},"image":{"@id":"https:\/\/tourtravelandmore.com\/es\/tours\/espana-es\/zaragoza-es\/traslado-privado-zaragoza-desde-hotel-aeropuerto-estacion\/#primaryimage"},"thumbnailUrl":"https:\/\/tourtravelandmore.com\/wp-content\/uploads\/2016\/11\/2014-mercedes-benz-e-class-sport-sedan-profile.jpg","datePublished":"2017-02-08T09:42:43+00:00","dateModified":"2023-02-25T02:50:59+00:00","description":"Disfruta de un Traslado privado Zaragoza desde: Aeropuerto, Estaci\u00f3n de Tren o cualquier lugar de la ciudad para llegar a su destino sin esperas \u2705","breadcrumb":{"@id":"https:\/\/tourtravelandmore.com\/es\/tours\/espana-es\/zaragoza-es\/traslado-privado-zaragoza-desde-hotel-aeropuerto-estacion\/#breadcrumb"},"inLanguage":"es","potentialAction":[{"@type":"ReadAction","target":["https:\/\/tourtravelandmore.com\/es\/tours\/espana-es\/zaragoza-es\/traslado-privado-zaragoza-desde-hotel-aeropuerto-estacion\/"]}]},{"@type":"ImageObject","inLanguage":"es","@id":"https:\/\/tourtravelandmore.com\/es\/tours\/espana-es\/zaragoza-es\/traslado-privado-zaragoza-desde-hotel-aeropuerto-estacion\/#primaryimage","url":"https:\/\/tourtravelandmore.com\/wp-content\/uploads\/2016\/11\/2014-mercedes-benz-e-class-sport-sedan-profile.jpg","contentUrl":"https:\/\/tourtravelandmore.com\/wp-content\/uploads\/2016\/11\/2014-mercedes-benz-e-class-sport-sedan-profile.jpg","width":1500,"height":938,"caption":"2014 Mercedes-Benz E-Class Sport Sedan."},{"@type":"BreadcrumbList","@id":"https:\/\/tourtravelandmore.com\/es\/tours\/espana-es\/zaragoza-es\/traslado-privado-zaragoza-desde-hotel-aeropuerto-estacion\/#breadcrumb","itemListElement":[{"@type":"ListItem","position":1,"name":"Home","item":"https:\/\/tourtravelandmore.com\/es\/"},{"@type":"ListItem","position":2,"name":"Tours","item":"https:\/\/tourtravelandmore.com\/es\/tours\/"},{"@type":"ListItem","position":3,"name":"Traslado privado Zaragoza desde Estaci\u00f3n de Tren o cualquier lugar"}]},{"@type":"WebSite","@id":"https:\/\/tourtravelandmore.com\/es\/#website","url":"https:\/\/tourtravelandmore.com\/es\/","name":"Tour Travel And More","description":"Private sightseeing tours and luxury transfers in Spain","publisher":{"@id":"https:\/\/tourtravelandmore.com\/es\/#organization"},"potentialAction":[{"@type":"SearchAction","target":{"@type":"EntryPoint","urlTemplate":"https:\/\/tourtravelandmore.com\/es\/?s={search_term_string}"},"query-input":{"@type":"PropertyValueSpecification","valueRequired":true,"valueName":"search_term_string"}}],"inLanguage":"es"},{"@type":"Organization","@id":"https:\/\/tourtravelandmore.com\/es\/#organization","name":"Tour Travel And More","url":"https:\/\/tourtravelandmore.com\/es\/","logo":{"@type":"ImageObject","inLanguage":"es","@id":"https:\/\/tourtravelandmore.com\/es\/#\/schema\/logo\/image\/","url":"https:\/\/tourtravelandmore.com\/wp-content\/uploads\/2022\/12\/cropped-logo-cabecera-new.png","contentUrl":"https:\/\/tourtravelandmore.com\/wp-content\/uploads\/2022\/12\/cropped-logo-cabecera-new.png","width":430,"height":61,"caption":"Tour Travel And More"},"image":{"@id":"https:\/\/tourtravelandmore.com\/es\/#\/schema\/logo\/image\/"},"sameAs":["https:\/\/www.facebook.com\/tourtravelandmore\/","https:\/\/x.com\/TourTravel_More"]}]}},"_links":{"self":[{"href":"https:\/\/tourtravelandmore.com\/es\/wp-json\/wp\/v2\/product\/10642","targetHints":{"allow":["GET"]}}],"collection":[{"href":"https:\/\/tourtravelandmore.com\/es\/wp-json\/wp\/v2\/product"}],"about":[{"href":"https:\/\/tourtravelandmore.com\/es\/wp-json\/wp\/v2\/types\/product"}],"replies":[{"embeddable":true,"href":"https:\/\/tourtravelandmore.com\/es\/wp-json\/wp\/v2\/comments?post=10642"}],"wp:featuredmedia":[{"embeddable":true,"href":"https:\/\/tourtravelandmore.com\/es\/wp-json\/wp\/v2\/media\/8876"}],"wp:attachment":[{"href":"https:\/\/tourtravelandmore.com\/es\/wp-json\/wp\/v2\/media?parent=10642"}],"wp:term":[{"taxonomy":"product_brand","embeddable":true,"href":"https:\/\/tourtravelandmore.com\/es\/wp-json\/wp\/v2\/product_brand?post=10642"},{"taxonomy":"product_cat","embeddable":true,"href":"https:\/\/tourtravelandmore.com\/es\/wp-json\/wp\/v2\/product_cat?post=10642"},{"taxonomy":"product_tag","embeddable":true,"href":"https:\/\/tourtravelandmore.com\/es\/wp-json\/wp\/v2\/product_tag?post=10642"}],"curies":[{"name":"wp","href":"https:\/\/api.w.org\/{rel}","templated":true}]}}