{"id":106403,"date":"2021-04-22T21:20:42","date_gmt":"2021-04-22T19:20:43","guid":{"rendered":"https:\/\/tourtravelandmore.com\/?post_type=product&#038;p=106403"},"modified":"2023-10-09T07:17:41","modified_gmt":"2023-10-09T05:17:41","slug":"excursion-privada-a-nazaret-y-el-mar-de-galilea-desde-jerusalen","status":"publish","type":"product","link":"https:\/\/tourtravelandmore.com\/es\/tours\/israel-sp\/jerusalem-sp\/todos-los-tours-privados-sp\/excursion-privada-a-nazaret-y-el-mar-de-galilea-desde-jerusalen\/","title":{"rendered":"Excursi\u00f3n privada a Nazaret y el Mar de Galilea desde Jerusal\u00e9n"},"content":{"rendered":"<h2>Descripci\u00f3n de la Excursi\u00f3n privada a Nazaret y el mar de Galilea<\/h2>\n<p>Mediante este viaje, visite los lugares cristianos m\u00e1s sobresalientes que existen en Israel; se trata de una oportunidad imperdible que no puede desaprovecharse. Especialmente, ya que esta es una <b>excursi\u00f3n privada a Nazaret y el Mar de Galilea desde Jerusal\u00e9n;<\/b> por lo que, junto a la compa\u00f1\u00eda de nuestro chofer\/gu\u00eda oficial, usted podr\u00e1 aprovechar un tour excepcional como el que no hay en otro lugar.<\/p>\n<h4><b>\u00bfQu\u00e9 se puede ver en la Excursi\u00f3n privada a Nazaret y el mar de Galilea desde Jerusal\u00e9n?<\/b><\/h4>\n<p>Profundice en la exploraci\u00f3n de la creciente Iglesia de la Anunciaci\u00f3n, al igual que las cuevas que se encuentran en la parte inferior de la Iglesia de San Jos\u00e9. Usted tambi\u00e9n tendr\u00e1 la oportunidad de seguir el mismo camino que hizo Jes\u00fas hasta llegar a Kfar Kana, Nazaret y el mar de Galilea; descubra por cuenta propia cu\u00e1les fueron <b>las sinagogas en las que probablemente Jes\u00fas ense\u00f1\u00f3<\/b> en la ciudad de Capernaum.<\/p>\n<p>Durante estas 12 horas de excursi\u00f3n privada, usted podr\u00e1 visitar algunos de los lugares m\u00e1s sagrados de Nazaret, y hasta podr\u00e1 viajar por el mar de Galilea, en el que Jes\u00fas camin\u00f3 sobre el agua. Visualice las ruinas de Capernaum, donde se encuentra la bas\u00edlica construida en el mismo sitio en el que Jes\u00fas ense\u00f1\u00f3 una vez; e incluso, vea la Iglesia de los panes y los peces, en el sitio donde ocurri\u00f3 la <b>alimentaci\u00f3n de las m\u00e1s de 5.000 personas<\/b>.<\/p>\n<h2>Puntos emblem\u00e1ticos y de inter\u00e9s en la Excursi\u00f3n privada a Nazaret y el mar de Galilea<\/h2>\n<h4><b>\u00bfEn qu\u00e9 parte inicia la excursi\u00f3n privada a Nazaret y el mar de Galilea desde Jerusal\u00e9n?<\/b><\/h4>\n<p>A fin de empezar con el recorrido por estos lugares de Tierra Santa, nuestro chofer\/gu\u00eda oficial podr\u00e1 recogerlo desde su hotel en Jerusal\u00e9n. Tambi\u00e9n, se encuentra abierta la posibilidad de recolecci\u00f3n en la <b>Terminal de Cruceros Haifa<\/b>. Es necesario que siempre se ponga en contacto con el operador local, a fin de confirmar el lugar de recogida; y una vez que empiece el viaje, solo debe sentarse y disfrutar de la excursi\u00f3n en uno de nuestros autos de lujo durante las 12 horas que dura el viaje.<\/p>\n<h4><b>Qu\u00e9 esperar en el viaje<\/b><\/h4>\n<p>Aproveche al m\u00e1ximo un d\u00eda entero haciendo la exploraci\u00f3n de una de las ciudades m\u00e1s sobresalientes de Israel. Al llegar a Nazaret, visite la Iglesia de San Jos\u00e9, y la bas\u00edlica de la Anunciaci\u00f3n. Contin\u00fae contemplando <b>el monte de las Bienaventuranzas<\/b>; si desea hacer una parada en la costa noroeste y vislumbrar la hermosura del mar de Galilea, tambi\u00e9n puede hacerlo. Adem\u00e1s:<\/p>\n<ul>\n<li aria-level=\"1\"><strong>Explore tanto el mar de Galilea, como la Baja Galilea<\/strong><\/li>\n<li aria-level=\"1\"><strong>Visite Capernaum<\/strong><\/li>\n<li aria-level=\"1\"><strong>Observe el famoso r\u00edo Jord\u00e1n<\/strong><\/li>\n<li aria-level=\"1\"><strong>Ingrese a la iglesia de la multiplicaci\u00f3n de los panes y los peces<\/strong><\/li>\n<\/ul>\n<p>Y luego, podr\u00e1 volver a Jerusal\u00e9n a trav\u00e9s de <b>una hermosa ruta con vista al monte Tabor<\/b>, donde ocurri\u00f3 la transfiguraci\u00f3n.<\/p>\n","protected":false},"excerpt":{"rendered":"<p>Muy pocas personas han tenido la oportunidad de visitar Nazaret y el Mar de Galilea en una excursi\u00f3n, pero esto se encuentra disponible a su alcance gracias a nuestras excursiones en autos de lujo. \u00a1Aproveche esta grandiosa oportunidad!<\/p>\n<h4><\/h4>\n","protected":false},"featured_media":106241,"comment_status":"open","ping_status":"closed","template":"","meta":{"_acf_changed":false},"product_brand":[],"product_cat":[3863,3865,3900,3903,3901],"product_tag":[],"class_list":{"0":"post-106403","1":"product","2":"type-product","3":"status-publish","4":"has-post-thumbnail","6":"product_cat-israel-sp","7":"product_cat-jerusalem-sp","8":"product_cat-todos-los-tours-privados-sp","9":"product_cat-tours-de-dia-completo-sp-es","10":"product_cat-crucero-sp-es","12":"first","13":"instock","14":"shipping-taxable","15":"purchasable","16":"product-type-simple"},"acf":[],"yoast_head":"<!-- This site is optimized with the Yoast SEO Premium plugin v25.3.1 (Yoast SEO v25.3.1) - https:\/\/yoast.com\/wordpress\/plugins\/seo\/ -->\n<title>\u27a1\ufe0f Excursi\u00f3n privada a Nazaret y el Mar de Galilea | Tour Travel &amp; More<\/title>\n<meta name=\"description\" content=\"Acuda a la fascinante excursi\u00f3n privada a Nazaret y el Mar de Galilea que tenemos preparada para usted. Tour desde Jerusal\u00e9n \u2705\" \/>\n<meta name=\"robots\" content=\"index, follow, max-snippet:-1, max-image-preview:large, max-video-preview:-1\" \/>\n<link rel=\"canonical\" href=\"https:\/\/tourtravelandmore.com\/es\/tours\/israel-sp\/jerusalem-sp\/todos-los-tours-privados-sp\/excursion-privada-a-nazaret-y-el-mar-de-galilea-desde-jerusalen\/\" \/>\n<meta property=\"og:locale\" content=\"es_ES\" \/>\n<meta property=\"og:type\" content=\"article\" \/>\n<meta property=\"og:title\" content=\"Excursi\u00f3n privada a Nazaret y el Mar de Galilea desde Jerusal\u00e9n\" \/>\n<meta property=\"og:description\" content=\"Acuda a la fascinante excursi\u00f3n privada a Nazaret y el Mar de Galilea que tenemos preparada para usted. Tour desde Jerusal\u00e9n \u2705\" \/>\n<meta property=\"og:url\" content=\"https:\/\/tourtravelandmore.com\/es\/tours\/israel-sp\/jerusalem-sp\/todos-los-tours-privados-sp\/excursion-privada-a-nazaret-y-el-mar-de-galilea-desde-jerusalen\/\" \/>\n<meta property=\"og:site_name\" content=\"Tour Travel And More\" \/>\n<meta property=\"article:publisher\" content=\"https:\/\/www.facebook.com\/tourtravelandmore\/\" \/>\n<meta property=\"article:modified_time\" content=\"2023-10-09T05:17:41+00:00\" \/>\n<meta property=\"og:image\" content=\"https:\/\/tourtravelandmore.com\/wp-content\/uploads\/2021\/04\/Nazareth-scaled.jpg\" \/>\n\t<meta property=\"og:image:width\" content=\"1920\" \/>\n\t<meta property=\"og:image:height\" content=\"2560\" \/>\n\t<meta property=\"og:image:type\" content=\"image\/jpeg\" \/>\n<meta name=\"twitter:card\" content=\"summary_large_image\" \/>\n<meta name=\"twitter:site\" content=\"@TourTravel_More\" \/>\n<meta name=\"twitter:label1\" content=\"Tiempo de lectura\" \/>\n\t<meta name=\"twitter:data1\" content=\"2 minutos\" \/>\n<script type=\"application\/ld+json\" class=\"yoast-schema-graph\">{\"@context\":\"https:\/\/schema.org\",\"@graph\":[{\"@type\":\"WebPage\",\"@id\":\"https:\/\/tourtravelandmore.com\/es\/tours\/israel-sp\/jerusalem-sp\/todos-los-tours-privados-sp\/excursion-privada-a-nazaret-y-el-mar-de-galilea-desde-jerusalen\/\",\"url\":\"https:\/\/tourtravelandmore.com\/es\/tours\/israel-sp\/jerusalem-sp\/todos-los-tours-privados-sp\/excursion-privada-a-nazaret-y-el-mar-de-galilea-desde-jerusalen\/\",\"name\":\"\u27a1\ufe0f Excursi\u00f3n privada a Nazaret y el Mar de Galilea | Tour Travel & More\",\"isPartOf\":{\"@id\":\"https:\/\/tourtravelandmore.com\/es\/#website\"},\"primaryImageOfPage\":{\"@id\":\"https:\/\/tourtravelandmore.com\/es\/tours\/israel-sp\/jerusalem-sp\/todos-los-tours-privados-sp\/excursion-privada-a-nazaret-y-el-mar-de-galilea-desde-jerusalen\/#primaryimage\"},\"image\":{\"@id\":\"https:\/\/tourtravelandmore.com\/es\/tours\/israel-sp\/jerusalem-sp\/todos-los-tours-privados-sp\/excursion-privada-a-nazaret-y-el-mar-de-galilea-desde-jerusalen\/#primaryimage\"},\"thumbnailUrl\":\"https:\/\/tourtravelandmore.com\/wp-content\/uploads\/2021\/04\/Nazareth-scaled.jpg\",\"datePublished\":\"2021-04-22T19:20:43+00:00\",\"dateModified\":\"2023-10-09T05:17:41+00:00\",\"description\":\"Acuda a la fascinante excursi\u00f3n privada a Nazaret y el Mar de Galilea que tenemos preparada para usted. Tour desde Jerusal\u00e9n \u2705\",\"breadcrumb\":{\"@id\":\"https:\/\/tourtravelandmore.com\/es\/tours\/israel-sp\/jerusalem-sp\/todos-los-tours-privados-sp\/excursion-privada-a-nazaret-y-el-mar-de-galilea-desde-jerusalen\/#breadcrumb\"},\"inLanguage\":\"es\",\"potentialAction\":[{\"@type\":\"ReadAction\",\"target\":[\"https:\/\/tourtravelandmore.com\/es\/tours\/israel-sp\/jerusalem-sp\/todos-los-tours-privados-sp\/excursion-privada-a-nazaret-y-el-mar-de-galilea-desde-jerusalen\/\"]}]},{\"@type\":\"ImageObject\",\"inLanguage\":\"es\",\"@id\":\"https:\/\/tourtravelandmore.com\/es\/tours\/israel-sp\/jerusalem-sp\/todos-los-tours-privados-sp\/excursion-privada-a-nazaret-y-el-mar-de-galilea-desde-jerusalen\/#primaryimage\",\"url\":\"https:\/\/tourtravelandmore.com\/wp-content\/uploads\/2021\/04\/Nazareth-scaled.jpg\",\"contentUrl\":\"https:\/\/tourtravelandmore.com\/wp-content\/uploads\/2021\/04\/Nazareth-scaled.jpg\",\"width\":1920,\"height\":2560},{\"@type\":\"BreadcrumbList\",\"@id\":\"https:\/\/tourtravelandmore.com\/es\/tours\/israel-sp\/jerusalem-sp\/todos-los-tours-privados-sp\/excursion-privada-a-nazaret-y-el-mar-de-galilea-desde-jerusalen\/#breadcrumb\",\"itemListElement\":[{\"@type\":\"ListItem\",\"position\":1,\"name\":\"Home\",\"item\":\"https:\/\/tourtravelandmore.com\/es\/\"},{\"@type\":\"ListItem\",\"position\":2,\"name\":\"Tours\",\"item\":\"https:\/\/tourtravelandmore.com\/es\/tours\/\"},{\"@type\":\"ListItem\",\"position\":3,\"name\":\"Excursi\u00f3n privada a Nazaret y el Mar de Galilea desde Jerusal\u00e9n\"}]},{\"@type\":\"WebSite\",\"@id\":\"https:\/\/tourtravelandmore.com\/es\/#website\",\"url\":\"https:\/\/tourtravelandmore.com\/es\/\",\"name\":\"Tour Travel And More\",\"description\":\"Private sightseeing tours and luxury transfers in Spain\",\"publisher\":{\"@id\":\"https:\/\/tourtravelandmore.com\/es\/#organization\"},\"potentialAction\":[{\"@type\":\"SearchAction\",\"target\":{\"@type\":\"EntryPoint\",\"urlTemplate\":\"https:\/\/tourtravelandmore.com\/es\/?s={search_term_string}\"},\"query-input\":{\"@type\":\"PropertyValueSpecification\",\"valueRequired\":true,\"valueName\":\"search_term_string\"}}],\"inLanguage\":\"es\"},{\"@type\":\"Organization\",\"@id\":\"https:\/\/tourtravelandmore.com\/es\/#organization\",\"name\":\"Tour Travel And More\",\"url\":\"https:\/\/tourtravelandmore.com\/es\/\",\"logo\":{\"@type\":\"ImageObject\",\"inLanguage\":\"es\",\"@id\":\"https:\/\/tourtravelandmore.com\/es\/#\/schema\/logo\/image\/\",\"url\":\"https:\/\/tourtravelandmore.com\/wp-content\/uploads\/2022\/12\/cropped-logo-cabecera-new.png\",\"contentUrl\":\"https:\/\/tourtravelandmore.com\/wp-content\/uploads\/2022\/12\/cropped-logo-cabecera-new.png\",\"width\":430,\"height\":61,\"caption\":\"Tour Travel And More\"},\"image\":{\"@id\":\"https:\/\/tourtravelandmore.com\/es\/#\/schema\/logo\/image\/\"},\"sameAs\":[\"https:\/\/www.facebook.com\/tourtravelandmore\/\",\"https:\/\/x.com\/TourTravel_More\"]}]}<\/script>\n<!-- \/ Yoast SEO Premium plugin. -->","yoast_head_json":{"title":"\u27a1\ufe0f Excursi\u00f3n privada a Nazaret y el Mar de Galilea | Tour Travel & More","description":"Acuda a la fascinante excursi\u00f3n privada a Nazaret y el Mar de Galilea que tenemos preparada para usted. Tour desde Jerusal\u00e9n \u2705","robots":{"index":"index","follow":"follow","max-snippet":"max-snippet:-1","max-image-preview":"max-image-preview:large","max-video-preview":"max-video-preview:-1"},"canonical":"https:\/\/tourtravelandmore.com\/es\/tours\/israel-sp\/jerusalem-sp\/todos-los-tours-privados-sp\/excursion-privada-a-nazaret-y-el-mar-de-galilea-desde-jerusalen\/","og_locale":"es_ES","og_type":"article","og_title":"Excursi\u00f3n privada a Nazaret y el Mar de Galilea desde Jerusal\u00e9n","og_description":"Acuda a la fascinante excursi\u00f3n privada a Nazaret y el Mar de Galilea que tenemos preparada para usted. Tour desde Jerusal\u00e9n \u2705","og_url":"https:\/\/tourtravelandmore.com\/es\/tours\/israel-sp\/jerusalem-sp\/todos-los-tours-privados-sp\/excursion-privada-a-nazaret-y-el-mar-de-galilea-desde-jerusalen\/","og_site_name":"Tour Travel And More","article_publisher":"https:\/\/www.facebook.com\/tourtravelandmore\/","article_modified_time":"2023-10-09T05:17:41+00:00","og_image":[{"width":1920,"height":2560,"url":"https:\/\/tourtravelandmore.com\/wp-content\/uploads\/2021\/04\/Nazareth-scaled.jpg","type":"image\/jpeg"}],"twitter_card":"summary_large_image","twitter_site":"@TourTravel_More","twitter_misc":{"Tiempo de lectura":"2 minutos"},"schema":{"@context":"https:\/\/schema.org","@graph":[{"@type":"WebPage","@id":"https:\/\/tourtravelandmore.com\/es\/tours\/israel-sp\/jerusalem-sp\/todos-los-tours-privados-sp\/excursion-privada-a-nazaret-y-el-mar-de-galilea-desde-jerusalen\/","url":"https:\/\/tourtravelandmore.com\/es\/tours\/israel-sp\/jerusalem-sp\/todos-los-tours-privados-sp\/excursion-privada-a-nazaret-y-el-mar-de-galilea-desde-jerusalen\/","name":"\u27a1\ufe0f Excursi\u00f3n privada a Nazaret y el Mar de Galilea | Tour Travel & More","isPartOf":{"@id":"https:\/\/tourtravelandmore.com\/es\/#website"},"primaryImageOfPage":{"@id":"https:\/\/tourtravelandmore.com\/es\/tours\/israel-sp\/jerusalem-sp\/todos-los-tours-privados-sp\/excursion-privada-a-nazaret-y-el-mar-de-galilea-desde-jerusalen\/#primaryimage"},"image":{"@id":"https:\/\/tourtravelandmore.com\/es\/tours\/israel-sp\/jerusalem-sp\/todos-los-tours-privados-sp\/excursion-privada-a-nazaret-y-el-mar-de-galilea-desde-jerusalen\/#primaryimage"},"thumbnailUrl":"https:\/\/tourtravelandmore.com\/wp-content\/uploads\/2021\/04\/Nazareth-scaled.jpg","datePublished":"2021-04-22T19:20:43+00:00","dateModified":"2023-10-09T05:17:41+00:00","description":"Acuda a la fascinante excursi\u00f3n privada a Nazaret y el Mar de Galilea que tenemos preparada para usted. Tour desde Jerusal\u00e9n \u2705","breadcrumb":{"@id":"https:\/\/tourtravelandmore.com\/es\/tours\/israel-sp\/jerusalem-sp\/todos-los-tours-privados-sp\/excursion-privada-a-nazaret-y-el-mar-de-galilea-desde-jerusalen\/#breadcrumb"},"inLanguage":"es","potentialAction":[{"@type":"ReadAction","target":["https:\/\/tourtravelandmore.com\/es\/tours\/israel-sp\/jerusalem-sp\/todos-los-tours-privados-sp\/excursion-privada-a-nazaret-y-el-mar-de-galilea-desde-jerusalen\/"]}]},{"@type":"ImageObject","inLanguage":"es","@id":"https:\/\/tourtravelandmore.com\/es\/tours\/israel-sp\/jerusalem-sp\/todos-los-tours-privados-sp\/excursion-privada-a-nazaret-y-el-mar-de-galilea-desde-jerusalen\/#primaryimage","url":"https:\/\/tourtravelandmore.com\/wp-content\/uploads\/2021\/04\/Nazareth-scaled.jpg","contentUrl":"https:\/\/tourtravelandmore.com\/wp-content\/uploads\/2021\/04\/Nazareth-scaled.jpg","width":1920,"height":2560},{"@type":"BreadcrumbList","@id":"https:\/\/tourtravelandmore.com\/es\/tours\/israel-sp\/jerusalem-sp\/todos-los-tours-privados-sp\/excursion-privada-a-nazaret-y-el-mar-de-galilea-desde-jerusalen\/#breadcrumb","itemListElement":[{"@type":"ListItem","position":1,"name":"Home","item":"https:\/\/tourtravelandmore.com\/es\/"},{"@type":"ListItem","position":2,"name":"Tours","item":"https:\/\/tourtravelandmore.com\/es\/tours\/"},{"@type":"ListItem","position":3,"name":"Excursi\u00f3n privada a Nazaret y el Mar de Galilea desde Jerusal\u00e9n"}]},{"@type":"WebSite","@id":"https:\/\/tourtravelandmore.com\/es\/#website","url":"https:\/\/tourtravelandmore.com\/es\/","name":"Tour Travel And More","description":"Private sightseeing tours and luxury transfers in Spain","publisher":{"@id":"https:\/\/tourtravelandmore.com\/es\/#organization"},"potentialAction":[{"@type":"SearchAction","target":{"@type":"EntryPoint","urlTemplate":"https:\/\/tourtravelandmore.com\/es\/?s={search_term_string}"},"query-input":{"@type":"PropertyValueSpecification","valueRequired":true,"valueName":"search_term_string"}}],"inLanguage":"es"},{"@type":"Organization","@id":"https:\/\/tourtravelandmore.com\/es\/#organization","name":"Tour Travel And More","url":"https:\/\/tourtravelandmore.com\/es\/","logo":{"@type":"ImageObject","inLanguage":"es","@id":"https:\/\/tourtravelandmore.com\/es\/#\/schema\/logo\/image\/","url":"https:\/\/tourtravelandmore.com\/wp-content\/uploads\/2022\/12\/cropped-logo-cabecera-new.png","contentUrl":"https:\/\/tourtravelandmore.com\/wp-content\/uploads\/2022\/12\/cropped-logo-cabecera-new.png","width":430,"height":61,"caption":"Tour Travel And More"},"image":{"@id":"https:\/\/tourtravelandmore.com\/es\/#\/schema\/logo\/image\/"},"sameAs":["https:\/\/www.facebook.com\/tourtravelandmore\/","https:\/\/x.com\/TourTravel_More"]}]}},"_links":{"self":[{"href":"https:\/\/tourtravelandmore.com\/es\/wp-json\/wp\/v2\/product\/106403","targetHints":{"allow":["GET"]}}],"collection":[{"href":"https:\/\/tourtravelandmore.com\/es\/wp-json\/wp\/v2\/product"}],"about":[{"href":"https:\/\/tourtravelandmore.com\/es\/wp-json\/wp\/v2\/types\/product"}],"replies":[{"embeddable":true,"href":"https:\/\/tourtravelandmore.com\/es\/wp-json\/wp\/v2\/comments?post=106403"}],"wp:featuredmedia":[{"embeddable":true,"href":"https:\/\/tourtravelandmore.com\/es\/wp-json\/wp\/v2\/media\/106241"}],"wp:attachment":[{"href":"https:\/\/tourtravelandmore.com\/es\/wp-json\/wp\/v2\/media?parent=106403"}],"wp:term":[{"taxonomy":"product_brand","embeddable":true,"href":"https:\/\/tourtravelandmore.com\/es\/wp-json\/wp\/v2\/product_brand?post=106403"},{"taxonomy":"product_cat","embeddable":true,"href":"https:\/\/tourtravelandmore.com\/es\/wp-json\/wp\/v2\/product_cat?post=106403"},{"taxonomy":"product_tag","embeddable":true,"href":"https:\/\/tourtravelandmore.com\/es\/wp-json\/wp\/v2\/product_tag?post=106403"}],"curies":[{"name":"wp","href":"https:\/\/api.w.org\/{rel}","templated":true}]}}