{"id":106382,"date":"2021-04-22T12:00:02","date_gmt":"2021-04-22T10:00:03","guid":{"rendered":"https:\/\/tourtravelandmore.com\/?post_type=product&#038;p=106382"},"modified":"2023-10-09T07:48:14","modified_gmt":"2023-10-09T05:48:14","slug":"excursion-privada-a-cisjordania-desde-jerusalen","status":"publish","type":"product","link":"https:\/\/tourtravelandmore.com\/es\/tours\/israel-sp\/jerusalem-sp\/todos-los-tours-privados-sp\/excursion-privada-a-cisjordania-desde-jerusalen\/","title":{"rendered":"Excursi\u00f3n privada a Cisjordania desde Jerusal\u00e9n"},"content":{"rendered":"<h2>Descripci\u00f3n de la Excursi\u00f3n privada a Cisjordania desde Jerusal\u00e9n<\/h2>\n<p>Cisjordania es un lugar totalmente distinto a lo que todos conocemos, capaz de superar las expectativas que las personas suelen tener; por lo que vale la pena conocer su historia y cultura. \u00bfY qu\u00e9 mejor manera de hacerlo que con nuestra <b>excursi\u00f3n privada a Cisjordania desde Jerusal\u00e9n<\/b>? Sin duda, este viaje ser\u00e1 algo inolvidable, que har\u00e1 que usted se sienta satisfecho y nunca olvide tal experiencia.<\/p>\n<h4><b>\u00bfQu\u00e9 se puede ver en la excursi\u00f3n privada a Cisjordania desde Jerusal\u00e9n?<\/b><\/h4>\n<p>En su mayor parte, Cisjordania es toda una regi\u00f3n que posee monta\u00f1as muy f\u00e9rtiles, con <b>hermosas praderas verdes<\/b>; el \u00fanico desierto es el que se encuentra al sureste. Tambi\u00e9n cuenta con ciertos monasterios cristianos, los cuales han sido construidos encima de algunos lugares de tiempos b\u00edblicos. Usted podr\u00e1 ver el lugar en el que naci\u00f3 Jes\u00fas en Bel\u00e9n, al igual que ser\u00e1 testigo del famoso R\u00edo Jord\u00e1n.<\/p>\n<p>Toda esta regi\u00f3n se extiende a lo largo de la zona Oeste del r\u00edo Jord\u00e1n, conozca detalles sobre la historia y cultura de Cisjordania con la ayuda de nuestro chofer\/gu\u00eda oficial. <b>La cultura mediterr\u00e1nea de la regi\u00f3n<\/b> es muy similar a la del L\u00edbano, y Cisjordania se ha convertido en una de las regiones m\u00e1s modernas de todo Oriente Medio; de manera que ser\u00e1 un tour que siempre quedar\u00e1 grabado en su mente de forma positiva.<\/p>\n<h2>Puntos emblem\u00e1ticos y de inter\u00e9s en esta excursion privada<\/h2>\n<h4><b>\u00bfEn qu\u00e9 parte inicia la excursi\u00f3n privada a Cisjordania desde Jerusal\u00e9n?<\/b><\/h4>\n<p>La duraci\u00f3n del viaje es de unas 11 horas, y la excursi\u00f3n iniciar\u00e1 <b>desde el hotel en el que usted se encuentre hospedado<\/b> en Jerusal\u00e9n. Luego, se subir\u00e1 a un auto de lujo con aire acondicionado, en el que viajar\u00e1 a trav\u00e9s de las colinas y el hermoso paisaje de Cisjordania. En cuanto a los detalles del regreso, nuestro chofer\/gu\u00eda oficial se encargar\u00e1 de dejarlo en el punto de partida original donde lo recogi\u00f3.<\/p>\n<h4><b>Qu\u00e9 esperar en el viaje<\/b><\/h4>\n<p>Haga un viaje a <b>la ciudad de Ramallah<\/b>, la cual es considerada la capital no oficial de Cisjordania, podr\u00e1 transitar por las calles del lugar, y hasta puede visitar la tumba del l\u00edder Yasser Arafat. Posteriormente, se har\u00e1 una parada en Jeric\u00f3, de la que se dice que es la ciudad m\u00e1s antigua del mundo; all\u00ed, podr\u00e1 encontrar algunas pruebas arqueol\u00f3gicas que comprueban la exactitud de la Biblia. Tambi\u00e9n puede visitar algunos lugares como:<\/p>\n<ul>\n<li aria-level=\"1\"><strong>El palacio de Qasr-el-Yahud, que queda a las orillas del R\u00edo Jord\u00e1n<\/strong><\/li>\n<li aria-level=\"1\"><strong>La Iglesia de la Natividad<\/strong><\/li>\n<li aria-level=\"1\"><strong>La iglesia de la Gruta<\/strong><\/li>\n<li aria-level=\"1\"><strong>La Plaza del Pesebre<\/strong><\/li>\n<li aria-level=\"1\"><strong>La Mezquita de Omar<\/strong><\/li>\n<li aria-level=\"1\"><strong>La Gruta de Leche<\/strong><\/li>\n<\/ul>\n","protected":false},"excerpt":{"rendered":"<p>Cisjordania es uno de los lugares m\u00e1s sobresalientes del mundo, por lo que, hacer esta excursi\u00f3n privada a Cisjordania, representa una oportunidad \u00fanica que usted no puede desaprovechar. Cont\u00e1ctenos para tener m\u00e1s informaci\u00f3n sobre este viaje.<\/p>\n<h4><\/h4>\n","protected":false},"featured_media":106077,"comment_status":"open","ping_status":"closed","template":"","meta":{"_acf_changed":false},"product_brand":[],"product_cat":[3863,3865,3900,3903,3901],"product_tag":[],"class_list":{"0":"post-106382","1":"product","2":"type-product","3":"status-publish","4":"has-post-thumbnail","6":"product_cat-israel-sp","7":"product_cat-jerusalem-sp","8":"product_cat-todos-los-tours-privados-sp","9":"product_cat-tours-de-dia-completo-sp-es","10":"product_cat-crucero-sp-es","12":"first","13":"instock","14":"shipping-taxable","15":"purchasable","16":"product-type-simple"},"acf":[],"yoast_head":"<!-- This site is optimized with the Yoast SEO Premium plugin v25.3.1 (Yoast SEO v25.3.1) - https:\/\/yoast.com\/wordpress\/plugins\/seo\/ -->\n<title>\u27a1\ufe0f Excursi\u00f3n privada a Cisjordania desde Jerusal\u00e9n | Tour Travel &amp; More<\/title>\n<meta name=\"description\" content=\"Nuestra excursi\u00f3n privada a Cisjordania desde Jerusal\u00e9n en auto de lujo es la mejor opci\u00f3n que usted puede tener. \u2705\" \/>\n<meta name=\"robots\" content=\"index, follow, max-snippet:-1, max-image-preview:large, max-video-preview:-1\" \/>\n<link rel=\"canonical\" href=\"https:\/\/tourtravelandmore.com\/es\/tours\/israel-sp\/jerusalem-sp\/todos-los-tours-privados-sp\/excursion-privada-a-cisjordania-desde-jerusalen\/\" \/>\n<meta property=\"og:locale\" content=\"es_ES\" \/>\n<meta property=\"og:type\" content=\"article\" \/>\n<meta property=\"og:title\" content=\"Excursi\u00f3n privada a Cisjordania desde Jerusal\u00e9n\" \/>\n<meta property=\"og:description\" content=\"Nuestra excursi\u00f3n privada a Cisjordania desde Jerusal\u00e9n en auto de lujo es la mejor opci\u00f3n que usted puede tener. \u2705\" \/>\n<meta property=\"og:url\" content=\"https:\/\/tourtravelandmore.com\/es\/tours\/israel-sp\/jerusalem-sp\/todos-los-tours-privados-sp\/excursion-privada-a-cisjordania-desde-jerusalen\/\" \/>\n<meta property=\"og:site_name\" content=\"Tour Travel And More\" \/>\n<meta property=\"article:publisher\" content=\"https:\/\/www.facebook.com\/tourtravelandmore\/\" \/>\n<meta property=\"article:modified_time\" content=\"2023-10-09T05:48:14+00:00\" \/>\n<meta property=\"og:image\" content=\"https:\/\/tourtravelandmore.com\/wp-content\/uploads\/2021\/04\/Jerusalem-2-scaled.jpg\" \/>\n\t<meta property=\"og:image:width\" content=\"2560\" \/>\n\t<meta property=\"og:image:height\" content=\"1707\" \/>\n\t<meta property=\"og:image:type\" content=\"image\/jpeg\" \/>\n<meta name=\"twitter:card\" content=\"summary_large_image\" \/>\n<meta name=\"twitter:site\" content=\"@TourTravel_More\" \/>\n<meta name=\"twitter:label1\" content=\"Tiempo de lectura\" \/>\n\t<meta name=\"twitter:data1\" content=\"2 minutos\" \/>\n<script type=\"application\/ld+json\" class=\"yoast-schema-graph\">{\"@context\":\"https:\/\/schema.org\",\"@graph\":[{\"@type\":\"WebPage\",\"@id\":\"https:\/\/tourtravelandmore.com\/es\/tours\/israel-sp\/jerusalem-sp\/todos-los-tours-privados-sp\/excursion-privada-a-cisjordania-desde-jerusalen\/\",\"url\":\"https:\/\/tourtravelandmore.com\/es\/tours\/israel-sp\/jerusalem-sp\/todos-los-tours-privados-sp\/excursion-privada-a-cisjordania-desde-jerusalen\/\",\"name\":\"\u27a1\ufe0f Excursi\u00f3n privada a Cisjordania desde Jerusal\u00e9n | Tour Travel & More\",\"isPartOf\":{\"@id\":\"https:\/\/tourtravelandmore.com\/es\/#website\"},\"primaryImageOfPage\":{\"@id\":\"https:\/\/tourtravelandmore.com\/es\/tours\/israel-sp\/jerusalem-sp\/todos-los-tours-privados-sp\/excursion-privada-a-cisjordania-desde-jerusalen\/#primaryimage\"},\"image\":{\"@id\":\"https:\/\/tourtravelandmore.com\/es\/tours\/israel-sp\/jerusalem-sp\/todos-los-tours-privados-sp\/excursion-privada-a-cisjordania-desde-jerusalen\/#primaryimage\"},\"thumbnailUrl\":\"https:\/\/tourtravelandmore.com\/wp-content\/uploads\/2021\/04\/Jerusalem-2-scaled.jpg\",\"datePublished\":\"2021-04-22T10:00:03+00:00\",\"dateModified\":\"2023-10-09T05:48:14+00:00\",\"description\":\"Nuestra excursi\u00f3n privada a Cisjordania desde Jerusal\u00e9n en auto de lujo es la mejor opci\u00f3n que usted puede tener. \u2705\",\"breadcrumb\":{\"@id\":\"https:\/\/tourtravelandmore.com\/es\/tours\/israel-sp\/jerusalem-sp\/todos-los-tours-privados-sp\/excursion-privada-a-cisjordania-desde-jerusalen\/#breadcrumb\"},\"inLanguage\":\"es\",\"potentialAction\":[{\"@type\":\"ReadAction\",\"target\":[\"https:\/\/tourtravelandmore.com\/es\/tours\/israel-sp\/jerusalem-sp\/todos-los-tours-privados-sp\/excursion-privada-a-cisjordania-desde-jerusalen\/\"]}]},{\"@type\":\"ImageObject\",\"inLanguage\":\"es\",\"@id\":\"https:\/\/tourtravelandmore.com\/es\/tours\/israel-sp\/jerusalem-sp\/todos-los-tours-privados-sp\/excursion-privada-a-cisjordania-desde-jerusalen\/#primaryimage\",\"url\":\"https:\/\/tourtravelandmore.com\/wp-content\/uploads\/2021\/04\/Jerusalem-2-scaled.jpg\",\"contentUrl\":\"https:\/\/tourtravelandmore.com\/wp-content\/uploads\/2021\/04\/Jerusalem-2-scaled.jpg\",\"width\":2560,\"height\":1707},{\"@type\":\"BreadcrumbList\",\"@id\":\"https:\/\/tourtravelandmore.com\/es\/tours\/israel-sp\/jerusalem-sp\/todos-los-tours-privados-sp\/excursion-privada-a-cisjordania-desde-jerusalen\/#breadcrumb\",\"itemListElement\":[{\"@type\":\"ListItem\",\"position\":1,\"name\":\"Home\",\"item\":\"https:\/\/tourtravelandmore.com\/es\/\"},{\"@type\":\"ListItem\",\"position\":2,\"name\":\"Tours\",\"item\":\"https:\/\/tourtravelandmore.com\/es\/tours\/\"},{\"@type\":\"ListItem\",\"position\":3,\"name\":\"Excursi\u00f3n privada a Cisjordania desde Jerusal\u00e9n\"}]},{\"@type\":\"WebSite\",\"@id\":\"https:\/\/tourtravelandmore.com\/es\/#website\",\"url\":\"https:\/\/tourtravelandmore.com\/es\/\",\"name\":\"Tour Travel And More\",\"description\":\"Private sightseeing tours and luxury transfers in Spain\",\"publisher\":{\"@id\":\"https:\/\/tourtravelandmore.com\/es\/#organization\"},\"potentialAction\":[{\"@type\":\"SearchAction\",\"target\":{\"@type\":\"EntryPoint\",\"urlTemplate\":\"https:\/\/tourtravelandmore.com\/es\/?s={search_term_string}\"},\"query-input\":{\"@type\":\"PropertyValueSpecification\",\"valueRequired\":true,\"valueName\":\"search_term_string\"}}],\"inLanguage\":\"es\"},{\"@type\":\"Organization\",\"@id\":\"https:\/\/tourtravelandmore.com\/es\/#organization\",\"name\":\"Tour Travel And More\",\"url\":\"https:\/\/tourtravelandmore.com\/es\/\",\"logo\":{\"@type\":\"ImageObject\",\"inLanguage\":\"es\",\"@id\":\"https:\/\/tourtravelandmore.com\/es\/#\/schema\/logo\/image\/\",\"url\":\"https:\/\/tourtravelandmore.com\/wp-content\/uploads\/2022\/12\/cropped-logo-cabecera-new.png\",\"contentUrl\":\"https:\/\/tourtravelandmore.com\/wp-content\/uploads\/2022\/12\/cropped-logo-cabecera-new.png\",\"width\":430,\"height\":61,\"caption\":\"Tour Travel And More\"},\"image\":{\"@id\":\"https:\/\/tourtravelandmore.com\/es\/#\/schema\/logo\/image\/\"},\"sameAs\":[\"https:\/\/www.facebook.com\/tourtravelandmore\/\",\"https:\/\/x.com\/TourTravel_More\"]}]}<\/script>\n<!-- \/ Yoast SEO Premium plugin. -->","yoast_head_json":{"title":"\u27a1\ufe0f Excursi\u00f3n privada a Cisjordania desde Jerusal\u00e9n | Tour Travel & More","description":"Nuestra excursi\u00f3n privada a Cisjordania desde Jerusal\u00e9n en auto de lujo es la mejor opci\u00f3n que usted puede tener. \u2705","robots":{"index":"index","follow":"follow","max-snippet":"max-snippet:-1","max-image-preview":"max-image-preview:large","max-video-preview":"max-video-preview:-1"},"canonical":"https:\/\/tourtravelandmore.com\/es\/tours\/israel-sp\/jerusalem-sp\/todos-los-tours-privados-sp\/excursion-privada-a-cisjordania-desde-jerusalen\/","og_locale":"es_ES","og_type":"article","og_title":"Excursi\u00f3n privada a Cisjordania desde Jerusal\u00e9n","og_description":"Nuestra excursi\u00f3n privada a Cisjordania desde Jerusal\u00e9n en auto de lujo es la mejor opci\u00f3n que usted puede tener. \u2705","og_url":"https:\/\/tourtravelandmore.com\/es\/tours\/israel-sp\/jerusalem-sp\/todos-los-tours-privados-sp\/excursion-privada-a-cisjordania-desde-jerusalen\/","og_site_name":"Tour Travel And More","article_publisher":"https:\/\/www.facebook.com\/tourtravelandmore\/","article_modified_time":"2023-10-09T05:48:14+00:00","og_image":[{"width":2560,"height":1707,"url":"https:\/\/tourtravelandmore.com\/wp-content\/uploads\/2021\/04\/Jerusalem-2-scaled.jpg","type":"image\/jpeg"}],"twitter_card":"summary_large_image","twitter_site":"@TourTravel_More","twitter_misc":{"Tiempo de lectura":"2 minutos"},"schema":{"@context":"https:\/\/schema.org","@graph":[{"@type":"WebPage","@id":"https:\/\/tourtravelandmore.com\/es\/tours\/israel-sp\/jerusalem-sp\/todos-los-tours-privados-sp\/excursion-privada-a-cisjordania-desde-jerusalen\/","url":"https:\/\/tourtravelandmore.com\/es\/tours\/israel-sp\/jerusalem-sp\/todos-los-tours-privados-sp\/excursion-privada-a-cisjordania-desde-jerusalen\/","name":"\u27a1\ufe0f Excursi\u00f3n privada a Cisjordania desde Jerusal\u00e9n | Tour Travel & More","isPartOf":{"@id":"https:\/\/tourtravelandmore.com\/es\/#website"},"primaryImageOfPage":{"@id":"https:\/\/tourtravelandmore.com\/es\/tours\/israel-sp\/jerusalem-sp\/todos-los-tours-privados-sp\/excursion-privada-a-cisjordania-desde-jerusalen\/#primaryimage"},"image":{"@id":"https:\/\/tourtravelandmore.com\/es\/tours\/israel-sp\/jerusalem-sp\/todos-los-tours-privados-sp\/excursion-privada-a-cisjordania-desde-jerusalen\/#primaryimage"},"thumbnailUrl":"https:\/\/tourtravelandmore.com\/wp-content\/uploads\/2021\/04\/Jerusalem-2-scaled.jpg","datePublished":"2021-04-22T10:00:03+00:00","dateModified":"2023-10-09T05:48:14+00:00","description":"Nuestra excursi\u00f3n privada a Cisjordania desde Jerusal\u00e9n en auto de lujo es la mejor opci\u00f3n que usted puede tener. \u2705","breadcrumb":{"@id":"https:\/\/tourtravelandmore.com\/es\/tours\/israel-sp\/jerusalem-sp\/todos-los-tours-privados-sp\/excursion-privada-a-cisjordania-desde-jerusalen\/#breadcrumb"},"inLanguage":"es","potentialAction":[{"@type":"ReadAction","target":["https:\/\/tourtravelandmore.com\/es\/tours\/israel-sp\/jerusalem-sp\/todos-los-tours-privados-sp\/excursion-privada-a-cisjordania-desde-jerusalen\/"]}]},{"@type":"ImageObject","inLanguage":"es","@id":"https:\/\/tourtravelandmore.com\/es\/tours\/israel-sp\/jerusalem-sp\/todos-los-tours-privados-sp\/excursion-privada-a-cisjordania-desde-jerusalen\/#primaryimage","url":"https:\/\/tourtravelandmore.com\/wp-content\/uploads\/2021\/04\/Jerusalem-2-scaled.jpg","contentUrl":"https:\/\/tourtravelandmore.com\/wp-content\/uploads\/2021\/04\/Jerusalem-2-scaled.jpg","width":2560,"height":1707},{"@type":"BreadcrumbList","@id":"https:\/\/tourtravelandmore.com\/es\/tours\/israel-sp\/jerusalem-sp\/todos-los-tours-privados-sp\/excursion-privada-a-cisjordania-desde-jerusalen\/#breadcrumb","itemListElement":[{"@type":"ListItem","position":1,"name":"Home","item":"https:\/\/tourtravelandmore.com\/es\/"},{"@type":"ListItem","position":2,"name":"Tours","item":"https:\/\/tourtravelandmore.com\/es\/tours\/"},{"@type":"ListItem","position":3,"name":"Excursi\u00f3n privada a Cisjordania desde Jerusal\u00e9n"}]},{"@type":"WebSite","@id":"https:\/\/tourtravelandmore.com\/es\/#website","url":"https:\/\/tourtravelandmore.com\/es\/","name":"Tour Travel And More","description":"Private sightseeing tours and luxury transfers in Spain","publisher":{"@id":"https:\/\/tourtravelandmore.com\/es\/#organization"},"potentialAction":[{"@type":"SearchAction","target":{"@type":"EntryPoint","urlTemplate":"https:\/\/tourtravelandmore.com\/es\/?s={search_term_string}"},"query-input":{"@type":"PropertyValueSpecification","valueRequired":true,"valueName":"search_term_string"}}],"inLanguage":"es"},{"@type":"Organization","@id":"https:\/\/tourtravelandmore.com\/es\/#organization","name":"Tour Travel And More","url":"https:\/\/tourtravelandmore.com\/es\/","logo":{"@type":"ImageObject","inLanguage":"es","@id":"https:\/\/tourtravelandmore.com\/es\/#\/schema\/logo\/image\/","url":"https:\/\/tourtravelandmore.com\/wp-content\/uploads\/2022\/12\/cropped-logo-cabecera-new.png","contentUrl":"https:\/\/tourtravelandmore.com\/wp-content\/uploads\/2022\/12\/cropped-logo-cabecera-new.png","width":430,"height":61,"caption":"Tour Travel And More"},"image":{"@id":"https:\/\/tourtravelandmore.com\/es\/#\/schema\/logo\/image\/"},"sameAs":["https:\/\/www.facebook.com\/tourtravelandmore\/","https:\/\/x.com\/TourTravel_More"]}]}},"_links":{"self":[{"href":"https:\/\/tourtravelandmore.com\/es\/wp-json\/wp\/v2\/product\/106382","targetHints":{"allow":["GET"]}}],"collection":[{"href":"https:\/\/tourtravelandmore.com\/es\/wp-json\/wp\/v2\/product"}],"about":[{"href":"https:\/\/tourtravelandmore.com\/es\/wp-json\/wp\/v2\/types\/product"}],"replies":[{"embeddable":true,"href":"https:\/\/tourtravelandmore.com\/es\/wp-json\/wp\/v2\/comments?post=106382"}],"wp:featuredmedia":[{"embeddable":true,"href":"https:\/\/tourtravelandmore.com\/es\/wp-json\/wp\/v2\/media\/106077"}],"wp:attachment":[{"href":"https:\/\/tourtravelandmore.com\/es\/wp-json\/wp\/v2\/media?parent=106382"}],"wp:term":[{"taxonomy":"product_brand","embeddable":true,"href":"https:\/\/tourtravelandmore.com\/es\/wp-json\/wp\/v2\/product_brand?post=106382"},{"taxonomy":"product_cat","embeddable":true,"href":"https:\/\/tourtravelandmore.com\/es\/wp-json\/wp\/v2\/product_cat?post=106382"},{"taxonomy":"product_tag","embeddable":true,"href":"https:\/\/tourtravelandmore.com\/es\/wp-json\/wp\/v2\/product_tag?post=106382"}],"curies":[{"name":"wp","href":"https:\/\/api.w.org\/{rel}","templated":true}]}}