{"id":10637,"date":"2017-02-08T10:21:41","date_gmt":"2017-02-08T09:36:58","guid":{"rendered":"http:\/\/tourtravelandmore.com\/es\/?post_type=product&#038;p=10637"},"modified":"2023-02-25T03:49:29","modified_gmt":"2023-02-25T02:49:29","slug":"tour-privado-a-pie-zaragoza-con-guia-oficial-y-entradas-a-la-basilica","status":"publish","type":"product","link":"https:\/\/tourtravelandmore.com\/es\/tours\/espana-es\/zaragoza-es\/tour-privado-a-pie-zaragoza-con-guia-oficial-y-entradas-a-la-basilica\/","title":{"rendered":"Tour Privado a pie por Zaragoza"},"content":{"rendered":"<h2>Descripci\u00f3n del Tour Privado a pie por Zaragoza<\/h2>\n<p>Disfrute de este <strong>tour privado a pie Zaragoza<\/strong> con vuestro guia oficial y conoce los lugares m\u00e1s emblem\u00e1ticos de <strong>Zaragoza<\/strong>.<\/p>\n<p>El tour comenzar\u00e1 en un lugar c\u00e9ntrico de Zaragoza donde empezar\u00e1 su tour privado.<\/p>\n<p>La duraci\u00f3n es de 4 Horas. Pueden escoger la hora de comienzo.<\/p>\n<p>Las entradas a la Bas\u00edlica del Pilar est\u00e1n incluidas, sin colas ni esperas.<\/p>\n<h2>Puntos de inter\u00e9s en el Tour Privado a pie por Zaragoza<\/h2>\n<p>Empezaremos el tour en la <strong>Plaza Espa\u00f1a<\/strong>, este lugar se halla en la entrada de la parte romana de la capital aragonesa, la zona m\u00e1s antigua de la ciudad.<\/p>\n<p>Sobre los restos de un antiguo asentamiento \u00edbero, en el siglo I a.C, <b>Octavio Augusto<\/b> fund\u00f3 una colonia romana a orillas del r\u00edo Ebro: <b>Caesaraugusta<\/b>. Nos adentraremos en su fascinante historia paseando por la antigua urbe romana que dio origen a la ciudad de Zaragoza.<\/p>\n<p>Visitaremos en primer lugar los restos de la <b>Puerta Cinegia<\/b>, el acceso meridional a la ciudad romana. Despu\u00e9s nos dirigiremos a la<strong> Plaza de San Felipe.<\/strong><\/p>\n<p>Continuaremos nuestro tour privado Zaragoza por las calles de <b>El Tubo, la zona de tapeo<\/b> de la ciudad. Llegaremos as\u00ed a la <b>Plaza del Pilar<\/b>, centro neur\u00e1lgico de Zaragoza<\/p>\n<p><b>Descubriremos la famosa Bas\u00edlica del Pilar<\/b> y conoceremos algunas curiosidades sobre la Patrona de la Hispanidad. A pocos pasos se encuentra la <b>Catedral del Salvador<\/b>. En sus muros exteriores apreciaremos los detalles de su ornamentaci\u00f3n mud\u00e9jar, declarada Patrimonio de la Humanidad.<\/p>\n<p>La <strong>Bas\u00edlica de Nuestra Se\u00f1ora del Pilar<\/strong> es el edificio m\u00e1s representativo de Zaragoza, el templo barroco m\u00e1s grande de Espa\u00f1a y uno de los centros de peregrinaci\u00f3n m\u00e1s importantes del pa\u00eds. Se considera el primer templo de culto mariano de la Cristiandad y en \u00e9l se conserva la columna (o pilar) que la Virgen Mar\u00eda, la noche del 2 de enero del a\u00f1o 40, entreg\u00f3 al ap\u00f3stol Santiago cuando \u00e9ste se encontraba a orillas del r\u00edo Ebro convirtiendo a los primeros cristianos.<\/p>\n<p>La entrada a la Catedral est\u00e1 inclu\u00edda en el tour, son entradas sin colas ni esperas.<\/p>\n<p>Por \u00faltimos conoceremos tambi\u00e9n las<strong> murrallas Romanas y el Teatro Romano.<\/strong><\/p>\n<p>Si dispone de m\u00e1s d\u00edas puedes consultar <a href=\"https:\/\/tourtravelandmore.com\/es\/ciudad\/espana-es\/zaragoza-es\/\"><strong>aqu\u00ed<\/strong><\/a>, el resto de tours privados de Zaragoza.<\/p>\n","protected":false},"excerpt":{"rendered":"<p>Disfruta de este <strong>tour a pie por la ciudad Zaragoza<\/strong>. Tome esta oportunidad para conocer y disfrutar de Zaragoza durante este <strong>tour a pie<\/strong> con vuestro guia oficial privado. Descubrir\u00e1 la historia y podr\u00e1 acceder a la Bas\u00edlica del Pilar, ya que las entradas est\u00e1n inclu\u00eddas en el tour.<\/p>\n<p>&nbsp;<\/p>\n","protected":false},"featured_media":10605,"comment_status":"open","ping_status":"closed","template":"","meta":{"_acf_changed":false},"product_brand":[],"product_cat":[398,399,403],"product_tag":[],"class_list":{"0":"post-10637","1":"product","2":"type-product","3":"status-publish","4":"has-post-thumbnail","6":"product_cat-zaragoza-es","7":"product_cat-zaragoza-actividades-es","8":"product_cat-zaragoza-tours-privados-pie-es","10":"first","11":"instock","12":"shipping-taxable","13":"purchasable","14":"product-type-simple"},"acf":[],"yoast_head":"<!-- This site is optimized with the Yoast SEO Premium plugin v25.3.1 (Yoast SEO v25.3.1) - https:\/\/yoast.com\/wordpress\/plugins\/seo\/ -->\n<title>\u27a1\ufe0f Tour Privado a pie Zaragoza con gu\u00eda oficial y entradas a la Bas\u00edlica | Tour Travel &amp; More<\/title>\n<meta name=\"description\" content=\"Disfruta de este tour a pie Zaragoza, con gu\u00eda oficial privado y entradas a la Bas\u00edlica del Pilar. Descubre la historia y monumentos de la ciudad \u2705\" \/>\n<meta name=\"robots\" content=\"index, follow, max-snippet:-1, max-image-preview:large, max-video-preview:-1\" \/>\n<link rel=\"canonical\" href=\"https:\/\/tourtravelandmore.com\/es\/tours\/espana-es\/zaragoza-es\/tour-privado-a-pie-zaragoza-con-guia-oficial-y-entradas-a-la-basilica\/\" \/>\n<meta property=\"og:locale\" content=\"es_ES\" \/>\n<meta property=\"og:type\" content=\"article\" \/>\n<meta property=\"og:title\" content=\"Tour Privado a pie por Zaragoza\" \/>\n<meta property=\"og:description\" content=\"Disfruta de este tour a pie Zaragoza, con gu\u00eda oficial privado y entradas a la Bas\u00edlica del Pilar. Descubre la historia y monumentos de la ciudad \u2705\" \/>\n<meta property=\"og:url\" content=\"https:\/\/tourtravelandmore.com\/es\/tours\/espana-es\/zaragoza-es\/tour-privado-a-pie-zaragoza-con-guia-oficial-y-entradas-a-la-basilica\/\" \/>\n<meta property=\"og:site_name\" content=\"Tour Travel And More\" \/>\n<meta property=\"article:publisher\" content=\"https:\/\/www.facebook.com\/tourtravelandmore\/\" \/>\n<meta property=\"article:modified_time\" content=\"2023-02-25T02:49:29+00:00\" \/>\n<meta property=\"og:image\" content=\"https:\/\/tourtravelandmore.com\/wp-content\/uploads\/2017\/02\/Zaragoza-03.jpg\" \/>\n\t<meta property=\"og:image:width\" content=\"2048\" \/>\n\t<meta property=\"og:image:height\" content=\"1536\" \/>\n\t<meta property=\"og:image:type\" content=\"image\/jpeg\" \/>\n<meta name=\"twitter:card\" content=\"summary_large_image\" \/>\n<meta name=\"twitter:site\" content=\"@TourTravel_More\" \/>\n<meta name=\"twitter:label1\" content=\"Tiempo de lectura\" \/>\n\t<meta name=\"twitter:data1\" content=\"2 minutos\" \/>\n<script type=\"application\/ld+json\" class=\"yoast-schema-graph\">{\"@context\":\"https:\/\/schema.org\",\"@graph\":[{\"@type\":\"WebPage\",\"@id\":\"https:\/\/tourtravelandmore.com\/es\/tours\/espana-es\/zaragoza-es\/tour-privado-a-pie-zaragoza-con-guia-oficial-y-entradas-a-la-basilica\/\",\"url\":\"https:\/\/tourtravelandmore.com\/es\/tours\/espana-es\/zaragoza-es\/tour-privado-a-pie-zaragoza-con-guia-oficial-y-entradas-a-la-basilica\/\",\"name\":\"\u27a1\ufe0f Tour Privado a pie Zaragoza con gu\u00eda oficial y entradas a la Bas\u00edlica | Tour Travel & More\",\"isPartOf\":{\"@id\":\"https:\/\/tourtravelandmore.com\/es\/#website\"},\"primaryImageOfPage\":{\"@id\":\"https:\/\/tourtravelandmore.com\/es\/tours\/espana-es\/zaragoza-es\/tour-privado-a-pie-zaragoza-con-guia-oficial-y-entradas-a-la-basilica\/#primaryimage\"},\"image\":{\"@id\":\"https:\/\/tourtravelandmore.com\/es\/tours\/espana-es\/zaragoza-es\/tour-privado-a-pie-zaragoza-con-guia-oficial-y-entradas-a-la-basilica\/#primaryimage\"},\"thumbnailUrl\":\"https:\/\/tourtravelandmore.com\/wp-content\/uploads\/2017\/02\/Zaragoza-03.jpg\",\"datePublished\":\"2017-02-08T09:36:58+00:00\",\"dateModified\":\"2023-02-25T02:49:29+00:00\",\"description\":\"Disfruta de este tour a pie Zaragoza, con gu\u00eda oficial privado y entradas a la Bas\u00edlica del Pilar. Descubre la historia y monumentos de la ciudad \u2705\",\"breadcrumb\":{\"@id\":\"https:\/\/tourtravelandmore.com\/es\/tours\/espana-es\/zaragoza-es\/tour-privado-a-pie-zaragoza-con-guia-oficial-y-entradas-a-la-basilica\/#breadcrumb\"},\"inLanguage\":\"es\",\"potentialAction\":[{\"@type\":\"ReadAction\",\"target\":[\"https:\/\/tourtravelandmore.com\/es\/tours\/espana-es\/zaragoza-es\/tour-privado-a-pie-zaragoza-con-guia-oficial-y-entradas-a-la-basilica\/\"]}]},{\"@type\":\"ImageObject\",\"inLanguage\":\"es\",\"@id\":\"https:\/\/tourtravelandmore.com\/es\/tours\/espana-es\/zaragoza-es\/tour-privado-a-pie-zaragoza-con-guia-oficial-y-entradas-a-la-basilica\/#primaryimage\",\"url\":\"https:\/\/tourtravelandmore.com\/wp-content\/uploads\/2017\/02\/Zaragoza-03.jpg\",\"contentUrl\":\"https:\/\/tourtravelandmore.com\/wp-content\/uploads\/2017\/02\/Zaragoza-03.jpg\",\"width\":2048,\"height\":1536},{\"@type\":\"BreadcrumbList\",\"@id\":\"https:\/\/tourtravelandmore.com\/es\/tours\/espana-es\/zaragoza-es\/tour-privado-a-pie-zaragoza-con-guia-oficial-y-entradas-a-la-basilica\/#breadcrumb\",\"itemListElement\":[{\"@type\":\"ListItem\",\"position\":1,\"name\":\"Home\",\"item\":\"https:\/\/tourtravelandmore.com\/es\/\"},{\"@type\":\"ListItem\",\"position\":2,\"name\":\"Tours\",\"item\":\"https:\/\/tourtravelandmore.com\/es\/tours\/\"},{\"@type\":\"ListItem\",\"position\":3,\"name\":\"Tour Privado a pie por Zaragoza\"}]},{\"@type\":\"WebSite\",\"@id\":\"https:\/\/tourtravelandmore.com\/es\/#website\",\"url\":\"https:\/\/tourtravelandmore.com\/es\/\",\"name\":\"Tour Travel And More\",\"description\":\"Private sightseeing tours and luxury transfers in Spain\",\"publisher\":{\"@id\":\"https:\/\/tourtravelandmore.com\/es\/#organization\"},\"potentialAction\":[{\"@type\":\"SearchAction\",\"target\":{\"@type\":\"EntryPoint\",\"urlTemplate\":\"https:\/\/tourtravelandmore.com\/es\/?s={search_term_string}\"},\"query-input\":{\"@type\":\"PropertyValueSpecification\",\"valueRequired\":true,\"valueName\":\"search_term_string\"}}],\"inLanguage\":\"es\"},{\"@type\":\"Organization\",\"@id\":\"https:\/\/tourtravelandmore.com\/es\/#organization\",\"name\":\"Tour Travel And More\",\"url\":\"https:\/\/tourtravelandmore.com\/es\/\",\"logo\":{\"@type\":\"ImageObject\",\"inLanguage\":\"es\",\"@id\":\"https:\/\/tourtravelandmore.com\/es\/#\/schema\/logo\/image\/\",\"url\":\"https:\/\/tourtravelandmore.com\/wp-content\/uploads\/2022\/12\/cropped-logo-cabecera-new.png\",\"contentUrl\":\"https:\/\/tourtravelandmore.com\/wp-content\/uploads\/2022\/12\/cropped-logo-cabecera-new.png\",\"width\":430,\"height\":61,\"caption\":\"Tour Travel And More\"},\"image\":{\"@id\":\"https:\/\/tourtravelandmore.com\/es\/#\/schema\/logo\/image\/\"},\"sameAs\":[\"https:\/\/www.facebook.com\/tourtravelandmore\/\",\"https:\/\/x.com\/TourTravel_More\"]}]}<\/script>\n<!-- \/ Yoast SEO Premium plugin. -->","yoast_head_json":{"title":"\u27a1\ufe0f Tour Privado a pie Zaragoza con gu\u00eda oficial y entradas a la Bas\u00edlica | Tour Travel & More","description":"Disfruta de este tour a pie Zaragoza, con gu\u00eda oficial privado y entradas a la Bas\u00edlica del Pilar. Descubre la historia y monumentos de la ciudad \u2705","robots":{"index":"index","follow":"follow","max-snippet":"max-snippet:-1","max-image-preview":"max-image-preview:large","max-video-preview":"max-video-preview:-1"},"canonical":"https:\/\/tourtravelandmore.com\/es\/tours\/espana-es\/zaragoza-es\/tour-privado-a-pie-zaragoza-con-guia-oficial-y-entradas-a-la-basilica\/","og_locale":"es_ES","og_type":"article","og_title":"Tour Privado a pie por Zaragoza","og_description":"Disfruta de este tour a pie Zaragoza, con gu\u00eda oficial privado y entradas a la Bas\u00edlica del Pilar. Descubre la historia y monumentos de la ciudad \u2705","og_url":"https:\/\/tourtravelandmore.com\/es\/tours\/espana-es\/zaragoza-es\/tour-privado-a-pie-zaragoza-con-guia-oficial-y-entradas-a-la-basilica\/","og_site_name":"Tour Travel And More","article_publisher":"https:\/\/www.facebook.com\/tourtravelandmore\/","article_modified_time":"2023-02-25T02:49:29+00:00","og_image":[{"width":2048,"height":1536,"url":"https:\/\/tourtravelandmore.com\/wp-content\/uploads\/2017\/02\/Zaragoza-03.jpg","type":"image\/jpeg"}],"twitter_card":"summary_large_image","twitter_site":"@TourTravel_More","twitter_misc":{"Tiempo de lectura":"2 minutos"},"schema":{"@context":"https:\/\/schema.org","@graph":[{"@type":"WebPage","@id":"https:\/\/tourtravelandmore.com\/es\/tours\/espana-es\/zaragoza-es\/tour-privado-a-pie-zaragoza-con-guia-oficial-y-entradas-a-la-basilica\/","url":"https:\/\/tourtravelandmore.com\/es\/tours\/espana-es\/zaragoza-es\/tour-privado-a-pie-zaragoza-con-guia-oficial-y-entradas-a-la-basilica\/","name":"\u27a1\ufe0f Tour Privado a pie Zaragoza con gu\u00eda oficial y entradas a la Bas\u00edlica | Tour Travel & More","isPartOf":{"@id":"https:\/\/tourtravelandmore.com\/es\/#website"},"primaryImageOfPage":{"@id":"https:\/\/tourtravelandmore.com\/es\/tours\/espana-es\/zaragoza-es\/tour-privado-a-pie-zaragoza-con-guia-oficial-y-entradas-a-la-basilica\/#primaryimage"},"image":{"@id":"https:\/\/tourtravelandmore.com\/es\/tours\/espana-es\/zaragoza-es\/tour-privado-a-pie-zaragoza-con-guia-oficial-y-entradas-a-la-basilica\/#primaryimage"},"thumbnailUrl":"https:\/\/tourtravelandmore.com\/wp-content\/uploads\/2017\/02\/Zaragoza-03.jpg","datePublished":"2017-02-08T09:36:58+00:00","dateModified":"2023-02-25T02:49:29+00:00","description":"Disfruta de este tour a pie Zaragoza, con gu\u00eda oficial privado y entradas a la Bas\u00edlica del Pilar. Descubre la historia y monumentos de la ciudad \u2705","breadcrumb":{"@id":"https:\/\/tourtravelandmore.com\/es\/tours\/espana-es\/zaragoza-es\/tour-privado-a-pie-zaragoza-con-guia-oficial-y-entradas-a-la-basilica\/#breadcrumb"},"inLanguage":"es","potentialAction":[{"@type":"ReadAction","target":["https:\/\/tourtravelandmore.com\/es\/tours\/espana-es\/zaragoza-es\/tour-privado-a-pie-zaragoza-con-guia-oficial-y-entradas-a-la-basilica\/"]}]},{"@type":"ImageObject","inLanguage":"es","@id":"https:\/\/tourtravelandmore.com\/es\/tours\/espana-es\/zaragoza-es\/tour-privado-a-pie-zaragoza-con-guia-oficial-y-entradas-a-la-basilica\/#primaryimage","url":"https:\/\/tourtravelandmore.com\/wp-content\/uploads\/2017\/02\/Zaragoza-03.jpg","contentUrl":"https:\/\/tourtravelandmore.com\/wp-content\/uploads\/2017\/02\/Zaragoza-03.jpg","width":2048,"height":1536},{"@type":"BreadcrumbList","@id":"https:\/\/tourtravelandmore.com\/es\/tours\/espana-es\/zaragoza-es\/tour-privado-a-pie-zaragoza-con-guia-oficial-y-entradas-a-la-basilica\/#breadcrumb","itemListElement":[{"@type":"ListItem","position":1,"name":"Home","item":"https:\/\/tourtravelandmore.com\/es\/"},{"@type":"ListItem","position":2,"name":"Tours","item":"https:\/\/tourtravelandmore.com\/es\/tours\/"},{"@type":"ListItem","position":3,"name":"Tour Privado a pie por Zaragoza"}]},{"@type":"WebSite","@id":"https:\/\/tourtravelandmore.com\/es\/#website","url":"https:\/\/tourtravelandmore.com\/es\/","name":"Tour Travel And More","description":"Private sightseeing tours and luxury transfers in Spain","publisher":{"@id":"https:\/\/tourtravelandmore.com\/es\/#organization"},"potentialAction":[{"@type":"SearchAction","target":{"@type":"EntryPoint","urlTemplate":"https:\/\/tourtravelandmore.com\/es\/?s={search_term_string}"},"query-input":{"@type":"PropertyValueSpecification","valueRequired":true,"valueName":"search_term_string"}}],"inLanguage":"es"},{"@type":"Organization","@id":"https:\/\/tourtravelandmore.com\/es\/#organization","name":"Tour Travel And More","url":"https:\/\/tourtravelandmore.com\/es\/","logo":{"@type":"ImageObject","inLanguage":"es","@id":"https:\/\/tourtravelandmore.com\/es\/#\/schema\/logo\/image\/","url":"https:\/\/tourtravelandmore.com\/wp-content\/uploads\/2022\/12\/cropped-logo-cabecera-new.png","contentUrl":"https:\/\/tourtravelandmore.com\/wp-content\/uploads\/2022\/12\/cropped-logo-cabecera-new.png","width":430,"height":61,"caption":"Tour Travel And More"},"image":{"@id":"https:\/\/tourtravelandmore.com\/es\/#\/schema\/logo\/image\/"},"sameAs":["https:\/\/www.facebook.com\/tourtravelandmore\/","https:\/\/x.com\/TourTravel_More"]}]}},"_links":{"self":[{"href":"https:\/\/tourtravelandmore.com\/es\/wp-json\/wp\/v2\/product\/10637","targetHints":{"allow":["GET"]}}],"collection":[{"href":"https:\/\/tourtravelandmore.com\/es\/wp-json\/wp\/v2\/product"}],"about":[{"href":"https:\/\/tourtravelandmore.com\/es\/wp-json\/wp\/v2\/types\/product"}],"replies":[{"embeddable":true,"href":"https:\/\/tourtravelandmore.com\/es\/wp-json\/wp\/v2\/comments?post=10637"}],"wp:featuredmedia":[{"embeddable":true,"href":"https:\/\/tourtravelandmore.com\/es\/wp-json\/wp\/v2\/media\/10605"}],"wp:attachment":[{"href":"https:\/\/tourtravelandmore.com\/es\/wp-json\/wp\/v2\/media?parent=10637"}],"wp:term":[{"taxonomy":"product_brand","embeddable":true,"href":"https:\/\/tourtravelandmore.com\/es\/wp-json\/wp\/v2\/product_brand?post=10637"},{"taxonomy":"product_cat","embeddable":true,"href":"https:\/\/tourtravelandmore.com\/es\/wp-json\/wp\/v2\/product_cat?post=10637"},{"taxonomy":"product_tag","embeddable":true,"href":"https:\/\/tourtravelandmore.com\/es\/wp-json\/wp\/v2\/product_tag?post=10637"}],"curies":[{"name":"wp","href":"https:\/\/api.w.org\/{rel}","templated":true}]}}