{"id":106345,"date":"2021-04-21T20:59:54","date_gmt":"2021-04-21T18:59:55","guid":{"rendered":"https:\/\/tourtravelandmore.com\/?post_type=product&#038;p=106345"},"modified":"2023-10-09T07:56:21","modified_gmt":"2023-10-09T05:56:21","slug":"traslado-privado-de-tel-aviv-a-jerusalen","status":"publish","type":"product","link":"https:\/\/tourtravelandmore.com\/es\/tours\/israel-sp\/telaviv-sp\/traslados-privados-sp\/traslado-privado-de-tel-aviv-a-jerusalen\/","title":{"rendered":"Traslado privado de Tel Aviv a Jerusal\u00e9n"},"content":{"rendered":"<h2>Descripci\u00f3n del Traslado privado de Tel Aviv a Jerusal\u00e9n<\/h2>\n<p>Muchas personas desean vivir la experiencia que deja un traslado privado con un chofer altamente calificado, a la vez que hay otros que eligen la comodidad y calidad antes que otras cosas. Si usted se encuentra en Tel Aviv y quiere hacer un <b>traslado privado a Jerusal\u00e9n con un chofer<\/b>, entonces lo animamos a efectuarlo con nosotros. Nuestros amables conductores podr\u00e1n ofrecerle un recorrido agradable y con una gran sonrisa, mientras usted se dirige a su destino.<\/p>\n<h4><b>\u00bfQu\u00e9 se puede disfrutar en el traslado privado de Tel Aviv a Jerusal\u00e9n?<\/b><\/h4>\n<p>En primer lugar, podr\u00e1 disfrutar de un alquiler de veh\u00edculo de lujo con un excelente chofer; nuestros conductores se encuentran altamente calificados para otorgar la mejor experiencia posible al usuario, de manera que este pueda <b>sentirse a gusto<\/b> durante el viaje de Tel Aviv a Jerusal\u00e9n. Tambi\u00e9n tendr\u00e1 a su alcance la oportunidad de un servicio de traslado de puerta a puerta entre el hotel que escoja y el aeropuerto en Tel Aviv.<\/p>\n<p>El conductor es quien se reunir\u00e1 con usted de forma presencial, y el veh\u00edculo destinado ser\u00e1 uno exclusivo para su beneficio. En este trayecto privado en un auto de lujo, podr\u00e1 disfrutar pl\u00e1cidamente de aire acondicionado, <b>asientos c\u00f3modos<\/b> y una gran cantidad de opciones que han sido dise\u00f1adas para que usted aproveche al m\u00e1ximo el traslado.<\/p>\n<h2>Puntos emblem\u00e1ticos y de inter\u00e9s en el Traslado privado de Tel Aviv a Jerusal\u00e9n<\/h2>\n<h4><b>\u00bfEn qu\u00e9 parte inicia el traslado privado de Tel Aviv a Jerusal\u00e9n?<\/b><\/h4>\n<p>Generalmente, es muy com\u00fan que el trayecto suela <b>durar menos de una hora<\/b>; sin embargo, vale la pena destacar el hecho de que, seg\u00fan el tr\u00e1fico presente, este tiempo puede variar. El traslado iniciar\u00e1 desde que usted llegue a Tel Aviv y decida desplazarse hasta alg\u00fan hotel de Jerusal\u00e9n.<\/p>\n<p>En cualquier caso, la recogida en el hotel y la operatividad de nuestros transportes privados por Jerusal\u00e9n son <b>una buena elecci\u00f3n<\/b>, los cuales funcionan todos los d\u00edas a la hora que usted desee. A su vez, la recogida puede efectuarse desde cualquier direcci\u00f3n de Jerusal\u00e9n.<\/p>\n<h4><b>Qu\u00e9 esperar en el viaje<\/b><\/h4>\n<p>La atenci\u00f3n al cliente se encuentra disponible en cualquier ocasi\u00f3n; adem\u00e1s, es mucho m\u00e1s probable que este tipo de <b>traslado sea mucho m\u00e1s r\u00e1pido<\/b> que en transporte p\u00fablico. Durante el viaje, se presentar\u00e1n a su disposici\u00f3n una gran cantidad de hermosos paisajes y vistas que pueden sorprender a cualquiera.<\/p>\n<p>El viaje se puede realizar desde cualquier lugar de alojamiento en Jerusal\u00e9n hasta el aeropuerto Ben Gurion. Nuestro <b>sistema de transporte<\/b> siempre estar\u00e1 listo para poner en marcha el veh\u00edculo cuando se trata de trasladar a los usuarios desde Tel Aviv a Jerusal\u00e9n.<\/p>\n","protected":false},"excerpt":{"rendered":"<p>Disfrutar de una estad\u00eda c\u00f3moda en Jerusal\u00e9n ser\u00e1 una experiencia inolvidable que usted puede aprovechar; y para llegar a su destino, ponemos a su disposici\u00f3n un traslado r\u00e1pido y efectivo desde Tel Aviv con un chofer altamente calificado.<\/p>\n<p><span style=\"font-weight: 400;\">\u00a0<\/span><\/p>\n<h4><\/h4>\n","protected":false},"featured_media":106080,"comment_status":"open","ping_status":"closed","template":"","meta":{"_acf_changed":false},"product_brand":[],"product_cat":[3863,3865,3898,3866,3892],"product_tag":[],"class_list":{"0":"post-106345","1":"product","2":"type-product","3":"status-publish","4":"has-post-thumbnail","6":"product_cat-israel-sp","7":"product_cat-jerusalem-sp","8":"product_cat-traslados-privados-sp-es","9":"product_cat-telaviv-sp","10":"product_cat-traslados-privados-sp","12":"first","13":"instock","14":"shipping-taxable","15":"purchasable","16":"product-type-simple"},"acf":[],"yoast_head":"<!-- This site is optimized with the Yoast SEO Premium plugin v25.3.1 (Yoast SEO v25.3.1) - https:\/\/yoast.com\/wordpress\/plugins\/seo\/ -->\n<title>\u27a1\ufe0f Traslado privado desde Tel Aviv a Jerusal\u00e9n | Tour Travel &amp; More<\/title>\n<meta name=\"description\" content=\"Trasladarse desde Tel Aviv hasta Jerusal\u00e9n nunca fue tan confortable. Aproveche esta oportunidad imperdible \u2705\" \/>\n<meta name=\"robots\" content=\"index, follow, max-snippet:-1, max-image-preview:large, max-video-preview:-1\" \/>\n<link rel=\"canonical\" href=\"https:\/\/tourtravelandmore.com\/es\/tours\/israel-sp\/telaviv-sp\/traslados-privados-sp\/traslado-privado-de-tel-aviv-a-jerusalen\/\" \/>\n<meta property=\"og:locale\" content=\"es_ES\" \/>\n<meta property=\"og:type\" content=\"article\" \/>\n<meta property=\"og:title\" content=\"Traslado privado de Tel Aviv a Jerusal\u00e9n\" \/>\n<meta property=\"og:description\" content=\"Trasladarse desde Tel Aviv hasta Jerusal\u00e9n nunca fue tan confortable. Aproveche esta oportunidad imperdible \u2705\" \/>\n<meta property=\"og:url\" content=\"https:\/\/tourtravelandmore.com\/es\/tours\/israel-sp\/telaviv-sp\/traslados-privados-sp\/traslado-privado-de-tel-aviv-a-jerusalen\/\" \/>\n<meta property=\"og:site_name\" content=\"Tour Travel And More\" \/>\n<meta property=\"article:publisher\" content=\"https:\/\/www.facebook.com\/tourtravelandmore\/\" \/>\n<meta property=\"article:modified_time\" content=\"2023-10-09T05:56:21+00:00\" \/>\n<meta property=\"og:image\" content=\"https:\/\/tourtravelandmore.com\/wp-content\/uploads\/2021\/04\/Jerusalem-3-scaled.jpg\" \/>\n\t<meta property=\"og:image:width\" content=\"1707\" \/>\n\t<meta property=\"og:image:height\" content=\"2560\" \/>\n\t<meta property=\"og:image:type\" content=\"image\/jpeg\" \/>\n<meta name=\"twitter:card\" content=\"summary_large_image\" \/>\n<meta name=\"twitter:site\" content=\"@TourTravel_More\" \/>\n<meta name=\"twitter:label1\" content=\"Tiempo de lectura\" \/>\n\t<meta name=\"twitter:data1\" content=\"2 minutos\" \/>\n<script type=\"application\/ld+json\" class=\"yoast-schema-graph\">{\"@context\":\"https:\/\/schema.org\",\"@graph\":[{\"@type\":\"WebPage\",\"@id\":\"https:\/\/tourtravelandmore.com\/es\/tours\/israel-sp\/telaviv-sp\/traslados-privados-sp\/traslado-privado-de-tel-aviv-a-jerusalen\/\",\"url\":\"https:\/\/tourtravelandmore.com\/es\/tours\/israel-sp\/telaviv-sp\/traslados-privados-sp\/traslado-privado-de-tel-aviv-a-jerusalen\/\",\"name\":\"\u27a1\ufe0f Traslado privado desde Tel Aviv a Jerusal\u00e9n | Tour Travel & More\",\"isPartOf\":{\"@id\":\"https:\/\/tourtravelandmore.com\/es\/#website\"},\"primaryImageOfPage\":{\"@id\":\"https:\/\/tourtravelandmore.com\/es\/tours\/israel-sp\/telaviv-sp\/traslados-privados-sp\/traslado-privado-de-tel-aviv-a-jerusalen\/#primaryimage\"},\"image\":{\"@id\":\"https:\/\/tourtravelandmore.com\/es\/tours\/israel-sp\/telaviv-sp\/traslados-privados-sp\/traslado-privado-de-tel-aviv-a-jerusalen\/#primaryimage\"},\"thumbnailUrl\":\"https:\/\/tourtravelandmore.com\/wp-content\/uploads\/2021\/04\/Jerusalem-3-scaled.jpg\",\"datePublished\":\"2021-04-21T18:59:55+00:00\",\"dateModified\":\"2023-10-09T05:56:21+00:00\",\"description\":\"Trasladarse desde Tel Aviv hasta Jerusal\u00e9n nunca fue tan confortable. Aproveche esta oportunidad imperdible \u2705\",\"breadcrumb\":{\"@id\":\"https:\/\/tourtravelandmore.com\/es\/tours\/israel-sp\/telaviv-sp\/traslados-privados-sp\/traslado-privado-de-tel-aviv-a-jerusalen\/#breadcrumb\"},\"inLanguage\":\"es\",\"potentialAction\":[{\"@type\":\"ReadAction\",\"target\":[\"https:\/\/tourtravelandmore.com\/es\/tours\/israel-sp\/telaviv-sp\/traslados-privados-sp\/traslado-privado-de-tel-aviv-a-jerusalen\/\"]}]},{\"@type\":\"ImageObject\",\"inLanguage\":\"es\",\"@id\":\"https:\/\/tourtravelandmore.com\/es\/tours\/israel-sp\/telaviv-sp\/traslados-privados-sp\/traslado-privado-de-tel-aviv-a-jerusalen\/#primaryimage\",\"url\":\"https:\/\/tourtravelandmore.com\/wp-content\/uploads\/2021\/04\/Jerusalem-3-scaled.jpg\",\"contentUrl\":\"https:\/\/tourtravelandmore.com\/wp-content\/uploads\/2021\/04\/Jerusalem-3-scaled.jpg\",\"width\":1707,\"height\":2560},{\"@type\":\"BreadcrumbList\",\"@id\":\"https:\/\/tourtravelandmore.com\/es\/tours\/israel-sp\/telaviv-sp\/traslados-privados-sp\/traslado-privado-de-tel-aviv-a-jerusalen\/#breadcrumb\",\"itemListElement\":[{\"@type\":\"ListItem\",\"position\":1,\"name\":\"Home\",\"item\":\"https:\/\/tourtravelandmore.com\/es\/\"},{\"@type\":\"ListItem\",\"position\":2,\"name\":\"Tours\",\"item\":\"https:\/\/tourtravelandmore.com\/es\/tours\/\"},{\"@type\":\"ListItem\",\"position\":3,\"name\":\"Traslado privado de Tel Aviv a Jerusal\u00e9n\"}]},{\"@type\":\"WebSite\",\"@id\":\"https:\/\/tourtravelandmore.com\/es\/#website\",\"url\":\"https:\/\/tourtravelandmore.com\/es\/\",\"name\":\"Tour Travel And More\",\"description\":\"Private sightseeing tours and luxury transfers in Spain\",\"publisher\":{\"@id\":\"https:\/\/tourtravelandmore.com\/es\/#organization\"},\"potentialAction\":[{\"@type\":\"SearchAction\",\"target\":{\"@type\":\"EntryPoint\",\"urlTemplate\":\"https:\/\/tourtravelandmore.com\/es\/?s={search_term_string}\"},\"query-input\":{\"@type\":\"PropertyValueSpecification\",\"valueRequired\":true,\"valueName\":\"search_term_string\"}}],\"inLanguage\":\"es\"},{\"@type\":\"Organization\",\"@id\":\"https:\/\/tourtravelandmore.com\/es\/#organization\",\"name\":\"Tour Travel And More\",\"url\":\"https:\/\/tourtravelandmore.com\/es\/\",\"logo\":{\"@type\":\"ImageObject\",\"inLanguage\":\"es\",\"@id\":\"https:\/\/tourtravelandmore.com\/es\/#\/schema\/logo\/image\/\",\"url\":\"https:\/\/tourtravelandmore.com\/wp-content\/uploads\/2022\/12\/cropped-logo-cabecera-new.png\",\"contentUrl\":\"https:\/\/tourtravelandmore.com\/wp-content\/uploads\/2022\/12\/cropped-logo-cabecera-new.png\",\"width\":430,\"height\":61,\"caption\":\"Tour Travel And More\"},\"image\":{\"@id\":\"https:\/\/tourtravelandmore.com\/es\/#\/schema\/logo\/image\/\"},\"sameAs\":[\"https:\/\/www.facebook.com\/tourtravelandmore\/\",\"https:\/\/x.com\/TourTravel_More\"]}]}<\/script>\n<!-- \/ Yoast SEO Premium plugin. -->","yoast_head_json":{"title":"\u27a1\ufe0f Traslado privado desde Tel Aviv a Jerusal\u00e9n | Tour Travel & More","description":"Trasladarse desde Tel Aviv hasta Jerusal\u00e9n nunca fue tan confortable. Aproveche esta oportunidad imperdible \u2705","robots":{"index":"index","follow":"follow","max-snippet":"max-snippet:-1","max-image-preview":"max-image-preview:large","max-video-preview":"max-video-preview:-1"},"canonical":"https:\/\/tourtravelandmore.com\/es\/tours\/israel-sp\/telaviv-sp\/traslados-privados-sp\/traslado-privado-de-tel-aviv-a-jerusalen\/","og_locale":"es_ES","og_type":"article","og_title":"Traslado privado de Tel Aviv a Jerusal\u00e9n","og_description":"Trasladarse desde Tel Aviv hasta Jerusal\u00e9n nunca fue tan confortable. Aproveche esta oportunidad imperdible \u2705","og_url":"https:\/\/tourtravelandmore.com\/es\/tours\/israel-sp\/telaviv-sp\/traslados-privados-sp\/traslado-privado-de-tel-aviv-a-jerusalen\/","og_site_name":"Tour Travel And More","article_publisher":"https:\/\/www.facebook.com\/tourtravelandmore\/","article_modified_time":"2023-10-09T05:56:21+00:00","og_image":[{"width":1707,"height":2560,"url":"https:\/\/tourtravelandmore.com\/wp-content\/uploads\/2021\/04\/Jerusalem-3-scaled.jpg","type":"image\/jpeg"}],"twitter_card":"summary_large_image","twitter_site":"@TourTravel_More","twitter_misc":{"Tiempo de lectura":"2 minutos"},"schema":{"@context":"https:\/\/schema.org","@graph":[{"@type":"WebPage","@id":"https:\/\/tourtravelandmore.com\/es\/tours\/israel-sp\/telaviv-sp\/traslados-privados-sp\/traslado-privado-de-tel-aviv-a-jerusalen\/","url":"https:\/\/tourtravelandmore.com\/es\/tours\/israel-sp\/telaviv-sp\/traslados-privados-sp\/traslado-privado-de-tel-aviv-a-jerusalen\/","name":"\u27a1\ufe0f Traslado privado desde Tel Aviv a Jerusal\u00e9n | Tour Travel & More","isPartOf":{"@id":"https:\/\/tourtravelandmore.com\/es\/#website"},"primaryImageOfPage":{"@id":"https:\/\/tourtravelandmore.com\/es\/tours\/israel-sp\/telaviv-sp\/traslados-privados-sp\/traslado-privado-de-tel-aviv-a-jerusalen\/#primaryimage"},"image":{"@id":"https:\/\/tourtravelandmore.com\/es\/tours\/israel-sp\/telaviv-sp\/traslados-privados-sp\/traslado-privado-de-tel-aviv-a-jerusalen\/#primaryimage"},"thumbnailUrl":"https:\/\/tourtravelandmore.com\/wp-content\/uploads\/2021\/04\/Jerusalem-3-scaled.jpg","datePublished":"2021-04-21T18:59:55+00:00","dateModified":"2023-10-09T05:56:21+00:00","description":"Trasladarse desde Tel Aviv hasta Jerusal\u00e9n nunca fue tan confortable. Aproveche esta oportunidad imperdible \u2705","breadcrumb":{"@id":"https:\/\/tourtravelandmore.com\/es\/tours\/israel-sp\/telaviv-sp\/traslados-privados-sp\/traslado-privado-de-tel-aviv-a-jerusalen\/#breadcrumb"},"inLanguage":"es","potentialAction":[{"@type":"ReadAction","target":["https:\/\/tourtravelandmore.com\/es\/tours\/israel-sp\/telaviv-sp\/traslados-privados-sp\/traslado-privado-de-tel-aviv-a-jerusalen\/"]}]},{"@type":"ImageObject","inLanguage":"es","@id":"https:\/\/tourtravelandmore.com\/es\/tours\/israel-sp\/telaviv-sp\/traslados-privados-sp\/traslado-privado-de-tel-aviv-a-jerusalen\/#primaryimage","url":"https:\/\/tourtravelandmore.com\/wp-content\/uploads\/2021\/04\/Jerusalem-3-scaled.jpg","contentUrl":"https:\/\/tourtravelandmore.com\/wp-content\/uploads\/2021\/04\/Jerusalem-3-scaled.jpg","width":1707,"height":2560},{"@type":"BreadcrumbList","@id":"https:\/\/tourtravelandmore.com\/es\/tours\/israel-sp\/telaviv-sp\/traslados-privados-sp\/traslado-privado-de-tel-aviv-a-jerusalen\/#breadcrumb","itemListElement":[{"@type":"ListItem","position":1,"name":"Home","item":"https:\/\/tourtravelandmore.com\/es\/"},{"@type":"ListItem","position":2,"name":"Tours","item":"https:\/\/tourtravelandmore.com\/es\/tours\/"},{"@type":"ListItem","position":3,"name":"Traslado privado de Tel Aviv a Jerusal\u00e9n"}]},{"@type":"WebSite","@id":"https:\/\/tourtravelandmore.com\/es\/#website","url":"https:\/\/tourtravelandmore.com\/es\/","name":"Tour Travel And More","description":"Private sightseeing tours and luxury transfers in Spain","publisher":{"@id":"https:\/\/tourtravelandmore.com\/es\/#organization"},"potentialAction":[{"@type":"SearchAction","target":{"@type":"EntryPoint","urlTemplate":"https:\/\/tourtravelandmore.com\/es\/?s={search_term_string}"},"query-input":{"@type":"PropertyValueSpecification","valueRequired":true,"valueName":"search_term_string"}}],"inLanguage":"es"},{"@type":"Organization","@id":"https:\/\/tourtravelandmore.com\/es\/#organization","name":"Tour Travel And More","url":"https:\/\/tourtravelandmore.com\/es\/","logo":{"@type":"ImageObject","inLanguage":"es","@id":"https:\/\/tourtravelandmore.com\/es\/#\/schema\/logo\/image\/","url":"https:\/\/tourtravelandmore.com\/wp-content\/uploads\/2022\/12\/cropped-logo-cabecera-new.png","contentUrl":"https:\/\/tourtravelandmore.com\/wp-content\/uploads\/2022\/12\/cropped-logo-cabecera-new.png","width":430,"height":61,"caption":"Tour Travel And More"},"image":{"@id":"https:\/\/tourtravelandmore.com\/es\/#\/schema\/logo\/image\/"},"sameAs":["https:\/\/www.facebook.com\/tourtravelandmore\/","https:\/\/x.com\/TourTravel_More"]}]}},"_links":{"self":[{"href":"https:\/\/tourtravelandmore.com\/es\/wp-json\/wp\/v2\/product\/106345","targetHints":{"allow":["GET"]}}],"collection":[{"href":"https:\/\/tourtravelandmore.com\/es\/wp-json\/wp\/v2\/product"}],"about":[{"href":"https:\/\/tourtravelandmore.com\/es\/wp-json\/wp\/v2\/types\/product"}],"replies":[{"embeddable":true,"href":"https:\/\/tourtravelandmore.com\/es\/wp-json\/wp\/v2\/comments?post=106345"}],"wp:featuredmedia":[{"embeddable":true,"href":"https:\/\/tourtravelandmore.com\/es\/wp-json\/wp\/v2\/media\/106080"}],"wp:attachment":[{"href":"https:\/\/tourtravelandmore.com\/es\/wp-json\/wp\/v2\/media?parent=106345"}],"wp:term":[{"taxonomy":"product_brand","embeddable":true,"href":"https:\/\/tourtravelandmore.com\/es\/wp-json\/wp\/v2\/product_brand?post=106345"},{"taxonomy":"product_cat","embeddable":true,"href":"https:\/\/tourtravelandmore.com\/es\/wp-json\/wp\/v2\/product_cat?post=106345"},{"taxonomy":"product_tag","embeddable":true,"href":"https:\/\/tourtravelandmore.com\/es\/wp-json\/wp\/v2\/product_tag?post=106345"}],"curies":[{"name":"wp","href":"https:\/\/api.w.org\/{rel}","templated":true}]}}