{"id":106327,"date":"2021-04-21T20:50:23","date_gmt":"2021-04-21T18:50:24","guid":{"rendered":"https:\/\/tourtravelandmore.com\/?post_type=product&#038;p=106327"},"modified":"2023-10-13T07:46:36","modified_gmt":"2023-10-13T05:46:36","slug":"traslado-privado-desde-el-aeropuerto-ben-gurion-a-tel-aviv-y-viceversa","status":"publish","type":"product","link":"https:\/\/tourtravelandmore.com\/es\/tours\/israel-sp\/telaviv-sp\/traslados-privados-sp\/traslado-privado-desde-el-aeropuerto-ben-gurion-a-tel-aviv-y-viceversa\/","title":{"rendered":"Traslado privado desde el aeropuerto Ben Guri\u00f3n a Tel Aviv y viceversa"},"content":{"rendered":"<h2>Descripci\u00f3n del Traslado privado desde el aeropuerto Ben-Guri\u00f3n a Tel Aviv y viceversa<\/h2>\n<p>\u00bfDesea tener verdadera tranquilidad a la hora de encontrar un lugar para estacionarse en el aeropuerto de Ben-Guri\u00f3n? Es posible evitar cualquier clase de preocupaciones que est\u00e9n relacionadas con llegar al aeropuerto y viajar con confianza en un veh\u00edculo privado con un chofer altamente calificado. Por ello, lo animamos a emprender este <b>traslado desde el aeropuerto<\/b> Ben-Guri\u00f3n a Tel Aviv y viceversa, de esta manera disfrutar\u00e1 de una experiencia singular.<\/p>\n<h3><b>\u00bfQu\u00e9 se puede disfrutar en el traslado privado desde el aeropuerto Ben-Guri\u00f3n?<\/b><\/h3>\n<p>El chofer encargado de realizar el traslado siempre ser\u00e1 un <b>conductor profesional<\/b>, capaz de ofrecer el mejor servicio de calidad posible y con la m\u00e1xima decencia. En todo momento se le brindar\u00e1 asistencia personalizada; esto incluye antes, durante y hasta que se termine el viaje. Las personas que suministran el servicio son muy amables, y usted estar\u00e1 libre de problemas y complicaciones.<\/p>\n<p>Podr\u00e1 disfrutar de una llegada sin estr\u00e9s al momento en que se encuentre en el aeropuerto; el traslado realizado en estos <b>autos de lujo<\/b> hasta Tel Aviv le permitir\u00e1 disfrutar de mayor comodidad. Tambi\u00e9n contar\u00e1 con asientos muy c\u00f3modos y reconfortantes, con suficiente espacio para sus piernas y aire acondicionado.<\/p>\n<h2>Puntos emblem\u00e1ticos y de inter\u00e9s<\/h2>\n<h3><b>\u00bfEn qu\u00e9 parte inicia el traslado privado?<\/b><\/h3>\n<p>La duraci\u00f3n del recorrido se encuentra sometida a la cantidad de tr\u00e1fico que se presente en tiempo real durante el d\u00eda. El traslado privado iniciar\u00e1 desde el momento <b>en que usted salga del aeropuerto<\/b> Ben-Guri\u00f3n y se encuentre con el chofer experto, que lo llevar\u00e1 en el auto por el recorrido a Tel Aviv.<\/p>\n<p>As\u00ed que podr\u00e1 olvidarse por completo de extensas filas o la confusi\u00f3n de transporte debido a la gran cantidad de llegadas del aeropuerto. Solamente debe sentarse y relajarse, a la vez que el autom\u00f3vil se dirige desde el punto de partida <b>hasta cualquier alojamiento<\/b> en el que usted desee, y viceversa.<\/p>\n<h3><b>Qu\u00e9 esperar en el viaje<\/b><\/h3>\n<p>Al llegar al aeropuerto Ben-Guri\u00f3n, podr\u00e1 simplificar cualquier proceso, y viajar con el mayor estilo y comodidad que existe. Usted podr\u00e1 eliminar todas las molestias que conlleva encontrar un taxi u organizar un servicio de <b>transporte p\u00fablico<\/b> luego de un largo vuelo.<\/p>\n<p>A lo largo del viaje desde el aeropuerto hasta llegar al hotel en Tel Aviv podr\u00e1 observar la hermosura del lugar; y cuando llegue a su destino, las oportunidades de recorrer los <b>sitios tur\u00edsticos<\/b> ser\u00e1n impresionantes. \u00a1Una experiencia como la que nunca habr\u00e1 vivido!<\/p>\n","protected":false},"excerpt":{"rendered":"<p>\u00a1Disfrute de la mayor comodidad posible en un traslado de la mejor calidad! Desde el aeropuerto Ben Guri\u00f3n hasta Tel Aviv, disfrutar\u00e1 de un c\u00f3modo viaje con la compa\u00f1\u00eda de un chofer experto. Venga con nosotros y efect\u00fae un recorrido que nunca olvidar\u00e1.<\/p>\n<p><span style=\"font-weight: 400;\">\u00a0<\/span><\/p>\n<h4><\/h4>\n","protected":false},"featured_media":106364,"comment_status":"open","ping_status":"closed","template":"","meta":{"_acf_changed":false},"product_brand":[],"product_cat":[3863,3866,3892],"product_tag":[],"class_list":{"0":"post-106327","1":"product","2":"type-product","3":"status-publish","4":"has-post-thumbnail","6":"product_cat-israel-sp","7":"product_cat-telaviv-sp","8":"product_cat-traslados-privados-sp","10":"first","11":"instock","12":"shipping-taxable","13":"purchasable","14":"product-type-simple"},"acf":[],"yoast_head":"<!-- This site is optimized with the Yoast SEO Premium plugin v25.3.1 (Yoast SEO v25.3.1) - https:\/\/yoast.com\/wordpress\/plugins\/seo\/ -->\n<title>\u27a1\ufe0f Traslado privado desde el aeropuerto Ben Guri\u00f3n a Tel Aviv | Tour Travel &amp; More<\/title>\n<meta name=\"description\" content=\"Aproveche un servicio especial. Ser\u00e1 un recorrido en auto de lujo con chofer desde el aeropuerto Ben Guri\u00f3n a Tel Aviv \u2705\" \/>\n<meta name=\"robots\" content=\"index, follow, max-snippet:-1, max-image-preview:large, max-video-preview:-1\" \/>\n<link rel=\"canonical\" href=\"https:\/\/tourtravelandmore.com\/es\/tours\/israel-sp\/telaviv-sp\/traslados-privados-sp\/traslado-privado-desde-el-aeropuerto-ben-gurion-a-tel-aviv-y-viceversa\/\" \/>\n<meta property=\"og:locale\" content=\"es_ES\" \/>\n<meta property=\"og:type\" content=\"article\" \/>\n<meta property=\"og:title\" content=\"Traslado privado desde el aeropuerto Ben Guri\u00f3n a Tel Aviv y viceversa\" \/>\n<meta property=\"og:description\" content=\"Aproveche un servicio especial. Ser\u00e1 un recorrido en auto de lujo con chofer desde el aeropuerto Ben Guri\u00f3n a Tel Aviv \u2705\" \/>\n<meta property=\"og:url\" content=\"https:\/\/tourtravelandmore.com\/es\/tours\/israel-sp\/telaviv-sp\/traslados-privados-sp\/traslado-privado-desde-el-aeropuerto-ben-gurion-a-tel-aviv-y-viceversa\/\" \/>\n<meta property=\"og:site_name\" content=\"Tour Travel And More\" \/>\n<meta property=\"article:publisher\" content=\"https:\/\/www.facebook.com\/tourtravelandmore\/\" \/>\n<meta property=\"article:modified_time\" content=\"2023-10-13T05:46:36+00:00\" \/>\n<meta property=\"og:image\" content=\"https:\/\/tourtravelandmore.com\/wp-content\/uploads\/2021\/04\/Tel-Aviv-3-scaled.jpg\" \/>\n\t<meta property=\"og:image:width\" content=\"2560\" \/>\n\t<meta property=\"og:image:height\" content=\"1707\" \/>\n\t<meta property=\"og:image:type\" content=\"image\/jpeg\" \/>\n<meta name=\"twitter:card\" content=\"summary_large_image\" \/>\n<meta name=\"twitter:site\" content=\"@TourTravel_More\" \/>\n<meta name=\"twitter:label1\" content=\"Tiempo de lectura\" \/>\n\t<meta name=\"twitter:data1\" content=\"2 minutos\" \/>\n<script type=\"application\/ld+json\" class=\"yoast-schema-graph\">{\"@context\":\"https:\/\/schema.org\",\"@graph\":[{\"@type\":\"WebPage\",\"@id\":\"https:\/\/tourtravelandmore.com\/es\/tours\/israel-sp\/telaviv-sp\/traslados-privados-sp\/traslado-privado-desde-el-aeropuerto-ben-gurion-a-tel-aviv-y-viceversa\/\",\"url\":\"https:\/\/tourtravelandmore.com\/es\/tours\/israel-sp\/telaviv-sp\/traslados-privados-sp\/traslado-privado-desde-el-aeropuerto-ben-gurion-a-tel-aviv-y-viceversa\/\",\"name\":\"\u27a1\ufe0f Traslado privado desde el aeropuerto Ben Guri\u00f3n a Tel Aviv | Tour Travel & More\",\"isPartOf\":{\"@id\":\"https:\/\/tourtravelandmore.com\/es\/#website\"},\"primaryImageOfPage\":{\"@id\":\"https:\/\/tourtravelandmore.com\/es\/tours\/israel-sp\/telaviv-sp\/traslados-privados-sp\/traslado-privado-desde-el-aeropuerto-ben-gurion-a-tel-aviv-y-viceversa\/#primaryimage\"},\"image\":{\"@id\":\"https:\/\/tourtravelandmore.com\/es\/tours\/israel-sp\/telaviv-sp\/traslados-privados-sp\/traslado-privado-desde-el-aeropuerto-ben-gurion-a-tel-aviv-y-viceversa\/#primaryimage\"},\"thumbnailUrl\":\"https:\/\/tourtravelandmore.com\/wp-content\/uploads\/2021\/04\/Tel-Aviv-3-scaled.jpg\",\"datePublished\":\"2021-04-21T18:50:24+00:00\",\"dateModified\":\"2023-10-13T05:46:36+00:00\",\"description\":\"Aproveche un servicio especial. Ser\u00e1 un recorrido en auto de lujo con chofer desde el aeropuerto Ben Guri\u00f3n a Tel Aviv \u2705\",\"breadcrumb\":{\"@id\":\"https:\/\/tourtravelandmore.com\/es\/tours\/israel-sp\/telaviv-sp\/traslados-privados-sp\/traslado-privado-desde-el-aeropuerto-ben-gurion-a-tel-aviv-y-viceversa\/#breadcrumb\"},\"inLanguage\":\"es\",\"potentialAction\":[{\"@type\":\"ReadAction\",\"target\":[\"https:\/\/tourtravelandmore.com\/es\/tours\/israel-sp\/telaviv-sp\/traslados-privados-sp\/traslado-privado-desde-el-aeropuerto-ben-gurion-a-tel-aviv-y-viceversa\/\"]}]},{\"@type\":\"ImageObject\",\"inLanguage\":\"es\",\"@id\":\"https:\/\/tourtravelandmore.com\/es\/tours\/israel-sp\/telaviv-sp\/traslados-privados-sp\/traslado-privado-desde-el-aeropuerto-ben-gurion-a-tel-aviv-y-viceversa\/#primaryimage\",\"url\":\"https:\/\/tourtravelandmore.com\/wp-content\/uploads\/2021\/04\/Tel-Aviv-3-scaled.jpg\",\"contentUrl\":\"https:\/\/tourtravelandmore.com\/wp-content\/uploads\/2021\/04\/Tel-Aviv-3-scaled.jpg\",\"width\":2560,\"height\":1707},{\"@type\":\"BreadcrumbList\",\"@id\":\"https:\/\/tourtravelandmore.com\/es\/tours\/israel-sp\/telaviv-sp\/traslados-privados-sp\/traslado-privado-desde-el-aeropuerto-ben-gurion-a-tel-aviv-y-viceversa\/#breadcrumb\",\"itemListElement\":[{\"@type\":\"ListItem\",\"position\":1,\"name\":\"Home\",\"item\":\"https:\/\/tourtravelandmore.com\/es\/\"},{\"@type\":\"ListItem\",\"position\":2,\"name\":\"Tours\",\"item\":\"https:\/\/tourtravelandmore.com\/es\/tours\/\"},{\"@type\":\"ListItem\",\"position\":3,\"name\":\"Traslado privado desde el aeropuerto Ben Guri\u00f3n a Tel Aviv y viceversa\"}]},{\"@type\":\"WebSite\",\"@id\":\"https:\/\/tourtravelandmore.com\/es\/#website\",\"url\":\"https:\/\/tourtravelandmore.com\/es\/\",\"name\":\"Tour Travel And More\",\"description\":\"Private sightseeing tours and luxury transfers in Spain\",\"publisher\":{\"@id\":\"https:\/\/tourtravelandmore.com\/es\/#organization\"},\"potentialAction\":[{\"@type\":\"SearchAction\",\"target\":{\"@type\":\"EntryPoint\",\"urlTemplate\":\"https:\/\/tourtravelandmore.com\/es\/?s={search_term_string}\"},\"query-input\":{\"@type\":\"PropertyValueSpecification\",\"valueRequired\":true,\"valueName\":\"search_term_string\"}}],\"inLanguage\":\"es\"},{\"@type\":\"Organization\",\"@id\":\"https:\/\/tourtravelandmore.com\/es\/#organization\",\"name\":\"Tour Travel And More\",\"url\":\"https:\/\/tourtravelandmore.com\/es\/\",\"logo\":{\"@type\":\"ImageObject\",\"inLanguage\":\"es\",\"@id\":\"https:\/\/tourtravelandmore.com\/es\/#\/schema\/logo\/image\/\",\"url\":\"https:\/\/tourtravelandmore.com\/wp-content\/uploads\/2022\/12\/cropped-logo-cabecera-new.png\",\"contentUrl\":\"https:\/\/tourtravelandmore.com\/wp-content\/uploads\/2022\/12\/cropped-logo-cabecera-new.png\",\"width\":430,\"height\":61,\"caption\":\"Tour Travel And More\"},\"image\":{\"@id\":\"https:\/\/tourtravelandmore.com\/es\/#\/schema\/logo\/image\/\"},\"sameAs\":[\"https:\/\/www.facebook.com\/tourtravelandmore\/\",\"https:\/\/x.com\/TourTravel_More\"]}]}<\/script>\n<!-- \/ Yoast SEO Premium plugin. -->","yoast_head_json":{"title":"\u27a1\ufe0f Traslado privado desde el aeropuerto Ben Guri\u00f3n a Tel Aviv | Tour Travel & More","description":"Aproveche un servicio especial. Ser\u00e1 un recorrido en auto de lujo con chofer desde el aeropuerto Ben Guri\u00f3n a Tel Aviv \u2705","robots":{"index":"index","follow":"follow","max-snippet":"max-snippet:-1","max-image-preview":"max-image-preview:large","max-video-preview":"max-video-preview:-1"},"canonical":"https:\/\/tourtravelandmore.com\/es\/tours\/israel-sp\/telaviv-sp\/traslados-privados-sp\/traslado-privado-desde-el-aeropuerto-ben-gurion-a-tel-aviv-y-viceversa\/","og_locale":"es_ES","og_type":"article","og_title":"Traslado privado desde el aeropuerto Ben Guri\u00f3n a Tel Aviv y viceversa","og_description":"Aproveche un servicio especial. Ser\u00e1 un recorrido en auto de lujo con chofer desde el aeropuerto Ben Guri\u00f3n a Tel Aviv \u2705","og_url":"https:\/\/tourtravelandmore.com\/es\/tours\/israel-sp\/telaviv-sp\/traslados-privados-sp\/traslado-privado-desde-el-aeropuerto-ben-gurion-a-tel-aviv-y-viceversa\/","og_site_name":"Tour Travel And More","article_publisher":"https:\/\/www.facebook.com\/tourtravelandmore\/","article_modified_time":"2023-10-13T05:46:36+00:00","og_image":[{"width":2560,"height":1707,"url":"https:\/\/tourtravelandmore.com\/wp-content\/uploads\/2021\/04\/Tel-Aviv-3-scaled.jpg","type":"image\/jpeg"}],"twitter_card":"summary_large_image","twitter_site":"@TourTravel_More","twitter_misc":{"Tiempo de lectura":"2 minutos"},"schema":{"@context":"https:\/\/schema.org","@graph":[{"@type":"WebPage","@id":"https:\/\/tourtravelandmore.com\/es\/tours\/israel-sp\/telaviv-sp\/traslados-privados-sp\/traslado-privado-desde-el-aeropuerto-ben-gurion-a-tel-aviv-y-viceversa\/","url":"https:\/\/tourtravelandmore.com\/es\/tours\/israel-sp\/telaviv-sp\/traslados-privados-sp\/traslado-privado-desde-el-aeropuerto-ben-gurion-a-tel-aviv-y-viceversa\/","name":"\u27a1\ufe0f Traslado privado desde el aeropuerto Ben Guri\u00f3n a Tel Aviv | Tour Travel & More","isPartOf":{"@id":"https:\/\/tourtravelandmore.com\/es\/#website"},"primaryImageOfPage":{"@id":"https:\/\/tourtravelandmore.com\/es\/tours\/israel-sp\/telaviv-sp\/traslados-privados-sp\/traslado-privado-desde-el-aeropuerto-ben-gurion-a-tel-aviv-y-viceversa\/#primaryimage"},"image":{"@id":"https:\/\/tourtravelandmore.com\/es\/tours\/israel-sp\/telaviv-sp\/traslados-privados-sp\/traslado-privado-desde-el-aeropuerto-ben-gurion-a-tel-aviv-y-viceversa\/#primaryimage"},"thumbnailUrl":"https:\/\/tourtravelandmore.com\/wp-content\/uploads\/2021\/04\/Tel-Aviv-3-scaled.jpg","datePublished":"2021-04-21T18:50:24+00:00","dateModified":"2023-10-13T05:46:36+00:00","description":"Aproveche un servicio especial. Ser\u00e1 un recorrido en auto de lujo con chofer desde el aeropuerto Ben Guri\u00f3n a Tel Aviv \u2705","breadcrumb":{"@id":"https:\/\/tourtravelandmore.com\/es\/tours\/israel-sp\/telaviv-sp\/traslados-privados-sp\/traslado-privado-desde-el-aeropuerto-ben-gurion-a-tel-aviv-y-viceversa\/#breadcrumb"},"inLanguage":"es","potentialAction":[{"@type":"ReadAction","target":["https:\/\/tourtravelandmore.com\/es\/tours\/israel-sp\/telaviv-sp\/traslados-privados-sp\/traslado-privado-desde-el-aeropuerto-ben-gurion-a-tel-aviv-y-viceversa\/"]}]},{"@type":"ImageObject","inLanguage":"es","@id":"https:\/\/tourtravelandmore.com\/es\/tours\/israel-sp\/telaviv-sp\/traslados-privados-sp\/traslado-privado-desde-el-aeropuerto-ben-gurion-a-tel-aviv-y-viceversa\/#primaryimage","url":"https:\/\/tourtravelandmore.com\/wp-content\/uploads\/2021\/04\/Tel-Aviv-3-scaled.jpg","contentUrl":"https:\/\/tourtravelandmore.com\/wp-content\/uploads\/2021\/04\/Tel-Aviv-3-scaled.jpg","width":2560,"height":1707},{"@type":"BreadcrumbList","@id":"https:\/\/tourtravelandmore.com\/es\/tours\/israel-sp\/telaviv-sp\/traslados-privados-sp\/traslado-privado-desde-el-aeropuerto-ben-gurion-a-tel-aviv-y-viceversa\/#breadcrumb","itemListElement":[{"@type":"ListItem","position":1,"name":"Home","item":"https:\/\/tourtravelandmore.com\/es\/"},{"@type":"ListItem","position":2,"name":"Tours","item":"https:\/\/tourtravelandmore.com\/es\/tours\/"},{"@type":"ListItem","position":3,"name":"Traslado privado desde el aeropuerto Ben Guri\u00f3n a Tel Aviv y viceversa"}]},{"@type":"WebSite","@id":"https:\/\/tourtravelandmore.com\/es\/#website","url":"https:\/\/tourtravelandmore.com\/es\/","name":"Tour Travel And More","description":"Private sightseeing tours and luxury transfers in Spain","publisher":{"@id":"https:\/\/tourtravelandmore.com\/es\/#organization"},"potentialAction":[{"@type":"SearchAction","target":{"@type":"EntryPoint","urlTemplate":"https:\/\/tourtravelandmore.com\/es\/?s={search_term_string}"},"query-input":{"@type":"PropertyValueSpecification","valueRequired":true,"valueName":"search_term_string"}}],"inLanguage":"es"},{"@type":"Organization","@id":"https:\/\/tourtravelandmore.com\/es\/#organization","name":"Tour Travel And More","url":"https:\/\/tourtravelandmore.com\/es\/","logo":{"@type":"ImageObject","inLanguage":"es","@id":"https:\/\/tourtravelandmore.com\/es\/#\/schema\/logo\/image\/","url":"https:\/\/tourtravelandmore.com\/wp-content\/uploads\/2022\/12\/cropped-logo-cabecera-new.png","contentUrl":"https:\/\/tourtravelandmore.com\/wp-content\/uploads\/2022\/12\/cropped-logo-cabecera-new.png","width":430,"height":61,"caption":"Tour Travel And More"},"image":{"@id":"https:\/\/tourtravelandmore.com\/es\/#\/schema\/logo\/image\/"},"sameAs":["https:\/\/www.facebook.com\/tourtravelandmore\/","https:\/\/x.com\/TourTravel_More"]}]}},"_links":{"self":[{"href":"https:\/\/tourtravelandmore.com\/es\/wp-json\/wp\/v2\/product\/106327","targetHints":{"allow":["GET"]}}],"collection":[{"href":"https:\/\/tourtravelandmore.com\/es\/wp-json\/wp\/v2\/product"}],"about":[{"href":"https:\/\/tourtravelandmore.com\/es\/wp-json\/wp\/v2\/types\/product"}],"replies":[{"embeddable":true,"href":"https:\/\/tourtravelandmore.com\/es\/wp-json\/wp\/v2\/comments?post=106327"}],"wp:featuredmedia":[{"embeddable":true,"href":"https:\/\/tourtravelandmore.com\/es\/wp-json\/wp\/v2\/media\/106364"}],"wp:attachment":[{"href":"https:\/\/tourtravelandmore.com\/es\/wp-json\/wp\/v2\/media?parent=106327"}],"wp:term":[{"taxonomy":"product_brand","embeddable":true,"href":"https:\/\/tourtravelandmore.com\/es\/wp-json\/wp\/v2\/product_brand?post=106327"},{"taxonomy":"product_cat","embeddable":true,"href":"https:\/\/tourtravelandmore.com\/es\/wp-json\/wp\/v2\/product_cat?post=106327"},{"taxonomy":"product_tag","embeddable":true,"href":"https:\/\/tourtravelandmore.com\/es\/wp-json\/wp\/v2\/product_tag?post=106327"}],"curies":[{"name":"wp","href":"https:\/\/api.w.org\/{rel}","templated":true}]}}