{"id":10632,"date":"2017-02-08T10:16:12","date_gmt":"2017-02-08T09:32:17","guid":{"rendered":"http:\/\/tourtravelandmore.com\/es\/?post_type=product&#038;p=10632"},"modified":"2023-02-25T03:48:13","modified_gmt":"2023-02-25T02:48:13","slug":"tour-privado-zaragoza-con-guia-oficial-y-vehiculo-privado","status":"publish","type":"product","link":"https:\/\/tourtravelandmore.com\/es\/tours\/espana-es\/zaragoza-es\/tour-privado-zaragoza-con-guia-oficial-y-vehiculo-privado\/","title":{"rendered":"Tour Privado de Zaragoza"},"content":{"rendered":"<h2>Descripci\u00f3n del Tour Privado de Zaragoza<\/h2>\n<p>Disfrute de este <strong>tour privado Zaragoza,<\/strong> con vuestro guia oficial y veh\u00edculo privado. Descubre los lugares m\u00e1s emblem\u00e1ticos de los alrededores de <strong>Zaragoza<\/strong> y c\u00f3modos dentro de vuestro veh\u00edculo.<\/p>\n<p>La duraci\u00f3n de este tour privado Zaragoza es de 4 horas. Al ser un tour privado pueden escoger la hora de comienzo. Si su Hotel es c\u00e9ntrico, le podemos recoger desde ah\u00ed, si no le indicaremos un punto en el centro de la ciudad.<\/p>\n<p>En todo momento ir\u00e1n acompa\u00f1ados con nuestro gu\u00eda oficial y su conductor.<\/p>\n<h2>Puntos de inter\u00e9s en el Tour Privado de Zaragoza<\/h2>\n<p>Empezaremos desde su Hotel o lugar de su elecci\u00f3n, ah\u00ed estar\u00e1 esperando nuestro gu\u00eda para comenzar el tour privado Zaragoza.<\/p>\n<p>Nos dirigimos hacia la famosa <strong>Bas\u00edlica del Pilar.<\/strong> El Pilar es el monumento m\u00e1s emblem\u00e1tico de la ciudad. Cuando visites su interior, no debes irte sin contemplar las obras de<a href=\"https:\/\/es.wikipedia.org\/wiki\/Francisco_de_Goya\"><strong> Francisco de Goya<\/strong><\/a> que ah\u00ed se encuentran. Adem\u00e1s, es posible subir a una de sus torres. Desde ella podr\u00e1s disfrutar de unas fant\u00e1sticas vistas de la ciudad y contemplar desde arriba las coloridas c\u00fapulas de la bas\u00edlica y el r\u00edo Ebro.<\/p>\n<p>Si desea acceder a la Bas\u00edlica solo nos lo tiene que indicar en el formulario y organizaremos las entradas, para evitar colas.<\/p>\n<div id=\"block-yui_3_17_2_1_1540502846864_51926\" class=\"sqs-block html-block sqs-block-html\" data-block-type=\"2\">\n<div id=\"yui_3_17_2_1_1604654233462_1380\" class=\"sqs-block-content\">\n<p id=\"yui_3_17_2_1_1604654233462_1379\" class=\"\">La <strong>Arquitectura Mud\u00e9jar de Arag\u00f3n<\/strong> cuenta con varios monumentos declarados <strong id=\"yui_3_17_2_1_1604654233462_1382\">Patrimonio de la Humanidad<\/strong> y que se encuentran repartidos por las provincias de Teruel y Zaragoza. En la propia ciudad de Zaragoza pueden visitarse varios de estos monumentos. Una de las paredes laterales de <strong>la Seo<\/strong>, una de las catedrales de la ciudad, los restos mud\u00e9jares del <strong>Palacio de la Aljafer\u00eda<\/strong> y la <strong>Iglesia de San Pablo<\/strong>, junto con su torre.<\/p>\n<p>Despu\u00e9s de visitar la Bas\u00edlica y el centro de la ciudad nos dirigiremos hacia<strong> La Zona Expo,<\/strong> fue construida con motivo de la celebraci\u00f3n de la <strong>Exposici\u00f3n Internacional de 2008<\/strong>. Es un espacio moderno, lleno de construcciones de arquitectura vanguardista.<\/p>\n<\/div>\n<\/div>\n","protected":false},"excerpt":{"rendered":"<p>Disfruta de este <strong>tour\u00a0 privado de Zaragoza<\/strong>. Tome esta oportunidad para conocer y disfrutar de Zaragoza durante este tour con vuestro guia oficial privado y vuestro veh\u00edculo de lujo con chofer. Descubre la famosa Bas\u00edlica del Pilar, sus principales calles, La <strong>Arquitectura Mud\u00e9jar y la zona expo.<\/strong><\/p>\n","protected":false},"featured_media":10601,"comment_status":"open","ping_status":"closed","template":"","meta":{"_acf_changed":false},"product_brand":[],"product_cat":[398,399,402,405],"product_tag":[],"class_list":{"0":"post-10632","1":"product","2":"type-product","3":"status-publish","4":"has-post-thumbnail","6":"product_cat-zaragoza-es","7":"product_cat-zaragoza-actividades-es","8":"product_cat-zaragoza-rutas-turisticas-privadas-es","9":"product_cat-zaragoza-excursiones-es","11":"first","12":"instock","13":"shipping-taxable","14":"purchasable","15":"product-type-simple"},"acf":[],"yoast_head":"<!-- This site is optimized with the Yoast SEO Premium plugin v25.3.1 (Yoast SEO v25.3.1) - https:\/\/yoast.com\/wordpress\/plugins\/seo\/ -->\n<title>\u27a1\ufe0f Tour Privado Zaragoza con gu\u00eda oficial y vehiculo privado | Tour Travel &amp; More<\/title>\n<meta name=\"description\" content=\"Disfrute de este tour privado Zaragoza con un gu\u00eda oficial. Conoce los lugares m\u00e1s emblem\u00e1ticos de Zaragoza en un veh\u00edculo privado con chofer \u2705\" \/>\n<meta name=\"robots\" content=\"index, follow, max-snippet:-1, max-image-preview:large, max-video-preview:-1\" \/>\n<link rel=\"canonical\" href=\"https:\/\/tourtravelandmore.com\/es\/tours\/espana-es\/zaragoza-es\/tour-privado-zaragoza-con-guia-oficial-y-vehiculo-privado\/\" \/>\n<meta property=\"og:locale\" content=\"es_ES\" \/>\n<meta property=\"og:type\" content=\"article\" \/>\n<meta property=\"og:title\" content=\"Tour Privado de Zaragoza\" \/>\n<meta property=\"og:description\" content=\"Disfrute de este tour privado Zaragoza con un gu\u00eda oficial. Conoce los lugares m\u00e1s emblem\u00e1ticos de Zaragoza en un veh\u00edculo privado con chofer \u2705\" \/>\n<meta property=\"og:url\" content=\"https:\/\/tourtravelandmore.com\/es\/tours\/espana-es\/zaragoza-es\/tour-privado-zaragoza-con-guia-oficial-y-vehiculo-privado\/\" \/>\n<meta property=\"og:site_name\" content=\"Tour Travel And More\" \/>\n<meta property=\"article:publisher\" content=\"https:\/\/www.facebook.com\/tourtravelandmore\/\" \/>\n<meta property=\"article:modified_time\" content=\"2023-02-25T02:48:13+00:00\" \/>\n<meta property=\"og:image\" content=\"https:\/\/tourtravelandmore.com\/wp-content\/uploads\/2017\/02\/Zaragoza-07.jpg\" \/>\n\t<meta property=\"og:image:width\" content=\"1200\" \/>\n\t<meta property=\"og:image:height\" content=\"900\" \/>\n\t<meta property=\"og:image:type\" content=\"image\/jpeg\" \/>\n<meta name=\"twitter:card\" content=\"summary_large_image\" \/>\n<meta name=\"twitter:site\" content=\"@TourTravel_More\" \/>\n<meta name=\"twitter:label1\" content=\"Tiempo de lectura\" \/>\n\t<meta name=\"twitter:data1\" content=\"2 minutos\" \/>\n<script type=\"application\/ld+json\" class=\"yoast-schema-graph\">{\"@context\":\"https:\/\/schema.org\",\"@graph\":[{\"@type\":\"WebPage\",\"@id\":\"https:\/\/tourtravelandmore.com\/es\/tours\/espana-es\/zaragoza-es\/tour-privado-zaragoza-con-guia-oficial-y-vehiculo-privado\/\",\"url\":\"https:\/\/tourtravelandmore.com\/es\/tours\/espana-es\/zaragoza-es\/tour-privado-zaragoza-con-guia-oficial-y-vehiculo-privado\/\",\"name\":\"\u27a1\ufe0f Tour Privado Zaragoza con gu\u00eda oficial y vehiculo privado | Tour Travel & More\",\"isPartOf\":{\"@id\":\"https:\/\/tourtravelandmore.com\/es\/#website\"},\"primaryImageOfPage\":{\"@id\":\"https:\/\/tourtravelandmore.com\/es\/tours\/espana-es\/zaragoza-es\/tour-privado-zaragoza-con-guia-oficial-y-vehiculo-privado\/#primaryimage\"},\"image\":{\"@id\":\"https:\/\/tourtravelandmore.com\/es\/tours\/espana-es\/zaragoza-es\/tour-privado-zaragoza-con-guia-oficial-y-vehiculo-privado\/#primaryimage\"},\"thumbnailUrl\":\"https:\/\/tourtravelandmore.com\/wp-content\/uploads\/2017\/02\/Zaragoza-07.jpg\",\"datePublished\":\"2017-02-08T09:32:17+00:00\",\"dateModified\":\"2023-02-25T02:48:13+00:00\",\"description\":\"Disfrute de este tour privado Zaragoza con un gu\u00eda oficial. Conoce los lugares m\u00e1s emblem\u00e1ticos de Zaragoza en un veh\u00edculo privado con chofer \u2705\",\"breadcrumb\":{\"@id\":\"https:\/\/tourtravelandmore.com\/es\/tours\/espana-es\/zaragoza-es\/tour-privado-zaragoza-con-guia-oficial-y-vehiculo-privado\/#breadcrumb\"},\"inLanguage\":\"es\",\"potentialAction\":[{\"@type\":\"ReadAction\",\"target\":[\"https:\/\/tourtravelandmore.com\/es\/tours\/espana-es\/zaragoza-es\/tour-privado-zaragoza-con-guia-oficial-y-vehiculo-privado\/\"]}]},{\"@type\":\"ImageObject\",\"inLanguage\":\"es\",\"@id\":\"https:\/\/tourtravelandmore.com\/es\/tours\/espana-es\/zaragoza-es\/tour-privado-zaragoza-con-guia-oficial-y-vehiculo-privado\/#primaryimage\",\"url\":\"https:\/\/tourtravelandmore.com\/wp-content\/uploads\/2017\/02\/Zaragoza-07.jpg\",\"contentUrl\":\"https:\/\/tourtravelandmore.com\/wp-content\/uploads\/2017\/02\/Zaragoza-07.jpg\",\"width\":1200,\"height\":900,\"caption\":\"OLYMPUS DIGITAL CAMERA\"},{\"@type\":\"BreadcrumbList\",\"@id\":\"https:\/\/tourtravelandmore.com\/es\/tours\/espana-es\/zaragoza-es\/tour-privado-zaragoza-con-guia-oficial-y-vehiculo-privado\/#breadcrumb\",\"itemListElement\":[{\"@type\":\"ListItem\",\"position\":1,\"name\":\"Home\",\"item\":\"https:\/\/tourtravelandmore.com\/es\/\"},{\"@type\":\"ListItem\",\"position\":2,\"name\":\"Tours\",\"item\":\"https:\/\/tourtravelandmore.com\/es\/tours\/\"},{\"@type\":\"ListItem\",\"position\":3,\"name\":\"Tour Privado de Zaragoza\"}]},{\"@type\":\"WebSite\",\"@id\":\"https:\/\/tourtravelandmore.com\/es\/#website\",\"url\":\"https:\/\/tourtravelandmore.com\/es\/\",\"name\":\"Tour Travel And More\",\"description\":\"Private sightseeing tours and luxury transfers in Spain\",\"publisher\":{\"@id\":\"https:\/\/tourtravelandmore.com\/es\/#organization\"},\"potentialAction\":[{\"@type\":\"SearchAction\",\"target\":{\"@type\":\"EntryPoint\",\"urlTemplate\":\"https:\/\/tourtravelandmore.com\/es\/?s={search_term_string}\"},\"query-input\":{\"@type\":\"PropertyValueSpecification\",\"valueRequired\":true,\"valueName\":\"search_term_string\"}}],\"inLanguage\":\"es\"},{\"@type\":\"Organization\",\"@id\":\"https:\/\/tourtravelandmore.com\/es\/#organization\",\"name\":\"Tour Travel And More\",\"url\":\"https:\/\/tourtravelandmore.com\/es\/\",\"logo\":{\"@type\":\"ImageObject\",\"inLanguage\":\"es\",\"@id\":\"https:\/\/tourtravelandmore.com\/es\/#\/schema\/logo\/image\/\",\"url\":\"https:\/\/tourtravelandmore.com\/wp-content\/uploads\/2022\/12\/cropped-logo-cabecera-new.png\",\"contentUrl\":\"https:\/\/tourtravelandmore.com\/wp-content\/uploads\/2022\/12\/cropped-logo-cabecera-new.png\",\"width\":430,\"height\":61,\"caption\":\"Tour Travel And More\"},\"image\":{\"@id\":\"https:\/\/tourtravelandmore.com\/es\/#\/schema\/logo\/image\/\"},\"sameAs\":[\"https:\/\/www.facebook.com\/tourtravelandmore\/\",\"https:\/\/x.com\/TourTravel_More\"]}]}<\/script>\n<!-- \/ Yoast SEO Premium plugin. -->","yoast_head_json":{"title":"\u27a1\ufe0f Tour Privado Zaragoza con gu\u00eda oficial y vehiculo privado | Tour Travel & More","description":"Disfrute de este tour privado Zaragoza con un gu\u00eda oficial. Conoce los lugares m\u00e1s emblem\u00e1ticos de Zaragoza en un veh\u00edculo privado con chofer \u2705","robots":{"index":"index","follow":"follow","max-snippet":"max-snippet:-1","max-image-preview":"max-image-preview:large","max-video-preview":"max-video-preview:-1"},"canonical":"https:\/\/tourtravelandmore.com\/es\/tours\/espana-es\/zaragoza-es\/tour-privado-zaragoza-con-guia-oficial-y-vehiculo-privado\/","og_locale":"es_ES","og_type":"article","og_title":"Tour Privado de Zaragoza","og_description":"Disfrute de este tour privado Zaragoza con un gu\u00eda oficial. Conoce los lugares m\u00e1s emblem\u00e1ticos de Zaragoza en un veh\u00edculo privado con chofer \u2705","og_url":"https:\/\/tourtravelandmore.com\/es\/tours\/espana-es\/zaragoza-es\/tour-privado-zaragoza-con-guia-oficial-y-vehiculo-privado\/","og_site_name":"Tour Travel And More","article_publisher":"https:\/\/www.facebook.com\/tourtravelandmore\/","article_modified_time":"2023-02-25T02:48:13+00:00","og_image":[{"width":1200,"height":900,"url":"https:\/\/tourtravelandmore.com\/wp-content\/uploads\/2017\/02\/Zaragoza-07.jpg","type":"image\/jpeg"}],"twitter_card":"summary_large_image","twitter_site":"@TourTravel_More","twitter_misc":{"Tiempo de lectura":"2 minutos"},"schema":{"@context":"https:\/\/schema.org","@graph":[{"@type":"WebPage","@id":"https:\/\/tourtravelandmore.com\/es\/tours\/espana-es\/zaragoza-es\/tour-privado-zaragoza-con-guia-oficial-y-vehiculo-privado\/","url":"https:\/\/tourtravelandmore.com\/es\/tours\/espana-es\/zaragoza-es\/tour-privado-zaragoza-con-guia-oficial-y-vehiculo-privado\/","name":"\u27a1\ufe0f Tour Privado Zaragoza con gu\u00eda oficial y vehiculo privado | Tour Travel & More","isPartOf":{"@id":"https:\/\/tourtravelandmore.com\/es\/#website"},"primaryImageOfPage":{"@id":"https:\/\/tourtravelandmore.com\/es\/tours\/espana-es\/zaragoza-es\/tour-privado-zaragoza-con-guia-oficial-y-vehiculo-privado\/#primaryimage"},"image":{"@id":"https:\/\/tourtravelandmore.com\/es\/tours\/espana-es\/zaragoza-es\/tour-privado-zaragoza-con-guia-oficial-y-vehiculo-privado\/#primaryimage"},"thumbnailUrl":"https:\/\/tourtravelandmore.com\/wp-content\/uploads\/2017\/02\/Zaragoza-07.jpg","datePublished":"2017-02-08T09:32:17+00:00","dateModified":"2023-02-25T02:48:13+00:00","description":"Disfrute de este tour privado Zaragoza con un gu\u00eda oficial. Conoce los lugares m\u00e1s emblem\u00e1ticos de Zaragoza en un veh\u00edculo privado con chofer \u2705","breadcrumb":{"@id":"https:\/\/tourtravelandmore.com\/es\/tours\/espana-es\/zaragoza-es\/tour-privado-zaragoza-con-guia-oficial-y-vehiculo-privado\/#breadcrumb"},"inLanguage":"es","potentialAction":[{"@type":"ReadAction","target":["https:\/\/tourtravelandmore.com\/es\/tours\/espana-es\/zaragoza-es\/tour-privado-zaragoza-con-guia-oficial-y-vehiculo-privado\/"]}]},{"@type":"ImageObject","inLanguage":"es","@id":"https:\/\/tourtravelandmore.com\/es\/tours\/espana-es\/zaragoza-es\/tour-privado-zaragoza-con-guia-oficial-y-vehiculo-privado\/#primaryimage","url":"https:\/\/tourtravelandmore.com\/wp-content\/uploads\/2017\/02\/Zaragoza-07.jpg","contentUrl":"https:\/\/tourtravelandmore.com\/wp-content\/uploads\/2017\/02\/Zaragoza-07.jpg","width":1200,"height":900,"caption":"OLYMPUS DIGITAL CAMERA"},{"@type":"BreadcrumbList","@id":"https:\/\/tourtravelandmore.com\/es\/tours\/espana-es\/zaragoza-es\/tour-privado-zaragoza-con-guia-oficial-y-vehiculo-privado\/#breadcrumb","itemListElement":[{"@type":"ListItem","position":1,"name":"Home","item":"https:\/\/tourtravelandmore.com\/es\/"},{"@type":"ListItem","position":2,"name":"Tours","item":"https:\/\/tourtravelandmore.com\/es\/tours\/"},{"@type":"ListItem","position":3,"name":"Tour Privado de Zaragoza"}]},{"@type":"WebSite","@id":"https:\/\/tourtravelandmore.com\/es\/#website","url":"https:\/\/tourtravelandmore.com\/es\/","name":"Tour Travel And More","description":"Private sightseeing tours and luxury transfers in Spain","publisher":{"@id":"https:\/\/tourtravelandmore.com\/es\/#organization"},"potentialAction":[{"@type":"SearchAction","target":{"@type":"EntryPoint","urlTemplate":"https:\/\/tourtravelandmore.com\/es\/?s={search_term_string}"},"query-input":{"@type":"PropertyValueSpecification","valueRequired":true,"valueName":"search_term_string"}}],"inLanguage":"es"},{"@type":"Organization","@id":"https:\/\/tourtravelandmore.com\/es\/#organization","name":"Tour Travel And More","url":"https:\/\/tourtravelandmore.com\/es\/","logo":{"@type":"ImageObject","inLanguage":"es","@id":"https:\/\/tourtravelandmore.com\/es\/#\/schema\/logo\/image\/","url":"https:\/\/tourtravelandmore.com\/wp-content\/uploads\/2022\/12\/cropped-logo-cabecera-new.png","contentUrl":"https:\/\/tourtravelandmore.com\/wp-content\/uploads\/2022\/12\/cropped-logo-cabecera-new.png","width":430,"height":61,"caption":"Tour Travel And More"},"image":{"@id":"https:\/\/tourtravelandmore.com\/es\/#\/schema\/logo\/image\/"},"sameAs":["https:\/\/www.facebook.com\/tourtravelandmore\/","https:\/\/x.com\/TourTravel_More"]}]}},"_links":{"self":[{"href":"https:\/\/tourtravelandmore.com\/es\/wp-json\/wp\/v2\/product\/10632","targetHints":{"allow":["GET"]}}],"collection":[{"href":"https:\/\/tourtravelandmore.com\/es\/wp-json\/wp\/v2\/product"}],"about":[{"href":"https:\/\/tourtravelandmore.com\/es\/wp-json\/wp\/v2\/types\/product"}],"replies":[{"embeddable":true,"href":"https:\/\/tourtravelandmore.com\/es\/wp-json\/wp\/v2\/comments?post=10632"}],"wp:featuredmedia":[{"embeddable":true,"href":"https:\/\/tourtravelandmore.com\/es\/wp-json\/wp\/v2\/media\/10601"}],"wp:attachment":[{"href":"https:\/\/tourtravelandmore.com\/es\/wp-json\/wp\/v2\/media?parent=10632"}],"wp:term":[{"taxonomy":"product_brand","embeddable":true,"href":"https:\/\/tourtravelandmore.com\/es\/wp-json\/wp\/v2\/product_brand?post=10632"},{"taxonomy":"product_cat","embeddable":true,"href":"https:\/\/tourtravelandmore.com\/es\/wp-json\/wp\/v2\/product_cat?post=10632"},{"taxonomy":"product_tag","embeddable":true,"href":"https:\/\/tourtravelandmore.com\/es\/wp-json\/wp\/v2\/product_tag?post=10632"}],"curies":[{"name":"wp","href":"https:\/\/api.w.org\/{rel}","templated":true}]}}