{"id":106306,"date":"2021-04-21T20:39:42","date_gmt":"2021-04-21T18:39:43","guid":{"rendered":"https:\/\/tourtravelandmore.com\/?post_type=product&#038;p=106306"},"modified":"2023-10-13T07:31:31","modified_gmt":"2023-10-13T05:31:31","slug":"tour-privado-de-jerusalen-desde-tel-aviv-copy","status":"publish","type":"product","link":"https:\/\/tourtravelandmore.com\/es\/tours\/israel-sp\/telaviv-sp\/tours-de-medio-dia-sp\/tour-privado-de-jerusalen-desde-tel-aviv-copy\/","title":{"rendered":"Tour Privado de medio d\u00eda por Tel Aviv"},"content":{"rendered":"<h2>Descripci\u00f3n del Tour Privado de medio d\u00eda por Tel Aviv<\/h2>\n<p>Existen personas que deciden hacer ciertos tours en diversas partes del mundo; pero la realidad es que muy pocas han sido capaces de llegar a disfrutar de un tour en Tel Aviv. Esta es una regi\u00f3n en la que se puede disfrutar de <b>asombrosos paisajes<\/b>, al igual que una gran cultura y algunos lugares en los que se encuentra presente la historia B\u00edblica. Por ello, lo invitamos a emprender este maravilloso viaje que jam\u00e1s olvidar\u00e1.<\/p>\n<h3><b>\u00bfQu\u00e9 se puede disfrutar en el tour privado de medio d\u00eda por Tel Aviv?<\/b><\/h3>\n<p>En primer lugar, podemos destacar que en este tour privado, el cual tiene una duraci\u00f3n de unas 4 horas aproximadamente, usted tendr\u00e1 la oportunidad de sumergirse en las curiosidades tecnol\u00f3gicas de Tel Aviv. Todo este tour podr\u00e1 hacerlo en compa\u00f1\u00eda de un chofer\/gu\u00eda oficial, el cual se encuentra altamente capacitado para ofrecerle la mejor experiencia de su vida.<\/p>\n<p>Disfrutar\u00e1 de visitas guiadas, las cuales pueden efectuarse a lo largo de los sitios m\u00e1s hermosos y emocionantes de la ciudad, como bares, museos y edificios con arquitectura que le dejar\u00e1n sin aliento. Descubra a fondo las curiosidades de una de las ciudades con mayor cantidad de riquezas en sentido hist\u00f3rico que existen en Palestina. Y lo mejor de todo, es que estas visitas se realizan en autos de lujo con <b>aire acondicionado.<\/b><\/p>\n<h2>Puntos emblem\u00e1ticos y de inter\u00e9s en el Tour Privado de medio d\u00eda por Tel Aviv<\/h2>\n<h3><b>\u00bfEn qu\u00e9 parte inicia el tour privado de medio d\u00eda por Tel Aviv?<\/b><\/h3>\n<p>Desde el momento en el que usted salga del hotel y se encuentre con el Chofer\/Gu\u00eda oficial, podr\u00e1 empezar a disfrutar de este tour privado de medio d\u00eda. Solamente deber\u00e1 relajarse desde el comienzo hasta el final en este transporte particular al <b>hacer los recorridos<\/b> por cada una de las visitas. Vale la pena destacar que es indispensable que, para todas estas actividades, traiga consigo su pasaporte.<\/p>\n<h3><b>Qu\u00e9 esperar en el viaje<\/b><\/h3>\n<p>El tour privado de medio d\u00eda lo ayudar\u00e1 a comprender la belleza de esta joya hist\u00f3rica, como lo es Tel Aviv. En la gu\u00eda que se le ofrecer\u00e1 en el trayecto se har\u00e1 todo lo posible por suministrarle <b>informaci\u00f3n detallada y exacta<\/b>, a fin de que disfrute al m\u00e1ximo del viaje. Entre los principales sitios que usted podr\u00e1 visitar, se destacan:<\/p>\n<ul>\n<li aria-level=\"1\"><strong>La ciudad portuaria de Jaffa, al sur de Tel Aviv<\/strong><\/li>\n<li aria-level=\"1\"><strong>El Bulevar Rothschild, en el centro de Tel Aviv<\/strong><\/li>\n<li aria-level=\"1\"><strong>El famoso Mercado Carmel<\/strong><\/li>\n<\/ul>\n<p>En todo este sistema se ofrecen muchas ventajas para que las personas se encuentren con la mayor comodidad posible. Durante estas 4 horas en veh\u00edculo con aire acondicionado podr\u00e1 tener una experiencia que jam\u00e1s olvidar\u00e1; muchas personas que han estado presentes han concordado en el hecho de que este tipo de tours es capaz de <b>brindar una perspectiva distinta<\/b>, ya que han podido disfrutar mucho del viaje. \u00a1Y usted puede ser el pr\u00f3ximo!<\/p>\n","protected":false},"excerpt":{"rendered":"<p>Al efectuar una excursi\u00f3n privada de medio d\u00eda a trav\u00e9s de Tel Aviv, usted podr\u00e1 encontrar lugares como los que nunca antes pudo haber visitado. \u00a1P\u00f3ngase en contacto con nosotros! Y averig\u00fce de qu\u00e9 manera puede aprovechar esta oportunidad.<\/p>\n<p><span style=\"font-weight: 400;\">\u00a0<\/span><\/p>\n<h4><\/h4>\n","protected":false},"featured_media":106325,"comment_status":"open","ping_status":"closed","template":"","meta":{"_acf_changed":false},"product_brand":[],"product_cat":[3863,3866,3897,3894,3896],"product_tag":[],"class_list":{"0":"post-106306","1":"product","2":"type-product","3":"status-publish","4":"has-post-thumbnail","6":"product_cat-israel-sp","7":"product_cat-telaviv-sp","8":"product_cat-todos-los-tours-y-actividades-privados-sp","9":"product_cat-tours-de-medio-dia-sp","10":"product_cat-crucero-sp","12":"first","13":"instock","14":"shipping-taxable","15":"purchasable","16":"product-type-simple"},"acf":[],"yoast_head":"<!-- This site is optimized with the Yoast SEO Premium plugin v25.3.1 (Yoast SEO v25.3.1) - https:\/\/yoast.com\/wordpress\/plugins\/seo\/ -->\n<title>\u27a1\ufe0f Tour privado durante medio d\u00eda en Tel Aviv | Tour Travel &amp; More<\/title>\n<meta name=\"description\" content=\"Del\u00e9itese en un ambiente distinto y sin estr\u00e9s en la ciudad de Tel Aviv en este Tour privado en auto de lujo \u2705\" \/>\n<meta name=\"robots\" content=\"index, follow, max-snippet:-1, max-image-preview:large, max-video-preview:-1\" \/>\n<link rel=\"canonical\" href=\"https:\/\/tourtravelandmore.com\/es\/tours\/israel-sp\/telaviv-sp\/tours-de-medio-dia-sp\/tour-privado-de-jerusalen-desde-tel-aviv-copy\/\" \/>\n<meta property=\"og:locale\" content=\"es_ES\" \/>\n<meta property=\"og:type\" content=\"article\" \/>\n<meta property=\"og:title\" content=\"Tour Privado de medio d\u00eda por Tel Aviv\" \/>\n<meta property=\"og:description\" content=\"Del\u00e9itese en un ambiente distinto y sin estr\u00e9s en la ciudad de Tel Aviv en este Tour privado en auto de lujo \u2705\" \/>\n<meta property=\"og:url\" content=\"https:\/\/tourtravelandmore.com\/es\/tours\/israel-sp\/telaviv-sp\/tours-de-medio-dia-sp\/tour-privado-de-jerusalen-desde-tel-aviv-copy\/\" \/>\n<meta property=\"og:site_name\" content=\"Tour Travel And More\" \/>\n<meta property=\"article:publisher\" content=\"https:\/\/www.facebook.com\/tourtravelandmore\/\" \/>\n<meta property=\"article:modified_time\" content=\"2023-10-13T05:31:31+00:00\" \/>\n<meta property=\"og:image\" content=\"https:\/\/tourtravelandmore.com\/wp-content\/uploads\/2021\/04\/Tel-aviv-2-scaled.jpg\" \/>\n\t<meta property=\"og:image:width\" content=\"2560\" \/>\n\t<meta property=\"og:image:height\" content=\"1707\" \/>\n\t<meta property=\"og:image:type\" content=\"image\/jpeg\" \/>\n<meta name=\"twitter:card\" content=\"summary_large_image\" \/>\n<meta name=\"twitter:site\" content=\"@TourTravel_More\" \/>\n<meta name=\"twitter:label1\" content=\"Tiempo de lectura\" \/>\n\t<meta name=\"twitter:data1\" content=\"2 minutos\" \/>\n<script type=\"application\/ld+json\" class=\"yoast-schema-graph\">{\"@context\":\"https:\/\/schema.org\",\"@graph\":[{\"@type\":\"WebPage\",\"@id\":\"https:\/\/tourtravelandmore.com\/es\/tours\/israel-sp\/telaviv-sp\/tours-de-medio-dia-sp\/tour-privado-de-jerusalen-desde-tel-aviv-copy\/\",\"url\":\"https:\/\/tourtravelandmore.com\/es\/tours\/israel-sp\/telaviv-sp\/tours-de-medio-dia-sp\/tour-privado-de-jerusalen-desde-tel-aviv-copy\/\",\"name\":\"\u27a1\ufe0f Tour privado durante medio d\u00eda en Tel Aviv | Tour Travel & More\",\"isPartOf\":{\"@id\":\"https:\/\/tourtravelandmore.com\/es\/#website\"},\"primaryImageOfPage\":{\"@id\":\"https:\/\/tourtravelandmore.com\/es\/tours\/israel-sp\/telaviv-sp\/tours-de-medio-dia-sp\/tour-privado-de-jerusalen-desde-tel-aviv-copy\/#primaryimage\"},\"image\":{\"@id\":\"https:\/\/tourtravelandmore.com\/es\/tours\/israel-sp\/telaviv-sp\/tours-de-medio-dia-sp\/tour-privado-de-jerusalen-desde-tel-aviv-copy\/#primaryimage\"},\"thumbnailUrl\":\"https:\/\/tourtravelandmore.com\/wp-content\/uploads\/2021\/04\/Tel-aviv-2-scaled.jpg\",\"datePublished\":\"2021-04-21T18:39:43+00:00\",\"dateModified\":\"2023-10-13T05:31:31+00:00\",\"description\":\"Del\u00e9itese en un ambiente distinto y sin estr\u00e9s en la ciudad de Tel Aviv en este Tour privado en auto de lujo \u2705\",\"breadcrumb\":{\"@id\":\"https:\/\/tourtravelandmore.com\/es\/tours\/israel-sp\/telaviv-sp\/tours-de-medio-dia-sp\/tour-privado-de-jerusalen-desde-tel-aviv-copy\/#breadcrumb\"},\"inLanguage\":\"es\",\"potentialAction\":[{\"@type\":\"ReadAction\",\"target\":[\"https:\/\/tourtravelandmore.com\/es\/tours\/israel-sp\/telaviv-sp\/tours-de-medio-dia-sp\/tour-privado-de-jerusalen-desde-tel-aviv-copy\/\"]}]},{\"@type\":\"ImageObject\",\"inLanguage\":\"es\",\"@id\":\"https:\/\/tourtravelandmore.com\/es\/tours\/israel-sp\/telaviv-sp\/tours-de-medio-dia-sp\/tour-privado-de-jerusalen-desde-tel-aviv-copy\/#primaryimage\",\"url\":\"https:\/\/tourtravelandmore.com\/wp-content\/uploads\/2021\/04\/Tel-aviv-2-scaled.jpg\",\"contentUrl\":\"https:\/\/tourtravelandmore.com\/wp-content\/uploads\/2021\/04\/Tel-aviv-2-scaled.jpg\",\"width\":2560,\"height\":1707},{\"@type\":\"BreadcrumbList\",\"@id\":\"https:\/\/tourtravelandmore.com\/es\/tours\/israel-sp\/telaviv-sp\/tours-de-medio-dia-sp\/tour-privado-de-jerusalen-desde-tel-aviv-copy\/#breadcrumb\",\"itemListElement\":[{\"@type\":\"ListItem\",\"position\":1,\"name\":\"Home\",\"item\":\"https:\/\/tourtravelandmore.com\/es\/\"},{\"@type\":\"ListItem\",\"position\":2,\"name\":\"Tours\",\"item\":\"https:\/\/tourtravelandmore.com\/es\/tours\/\"},{\"@type\":\"ListItem\",\"position\":3,\"name\":\"Tour Privado de medio d\u00eda por Tel Aviv\"}]},{\"@type\":\"WebSite\",\"@id\":\"https:\/\/tourtravelandmore.com\/es\/#website\",\"url\":\"https:\/\/tourtravelandmore.com\/es\/\",\"name\":\"Tour Travel And More\",\"description\":\"Private sightseeing tours and luxury transfers in Spain\",\"publisher\":{\"@id\":\"https:\/\/tourtravelandmore.com\/es\/#organization\"},\"potentialAction\":[{\"@type\":\"SearchAction\",\"target\":{\"@type\":\"EntryPoint\",\"urlTemplate\":\"https:\/\/tourtravelandmore.com\/es\/?s={search_term_string}\"},\"query-input\":{\"@type\":\"PropertyValueSpecification\",\"valueRequired\":true,\"valueName\":\"search_term_string\"}}],\"inLanguage\":\"es\"},{\"@type\":\"Organization\",\"@id\":\"https:\/\/tourtravelandmore.com\/es\/#organization\",\"name\":\"Tour Travel And More\",\"url\":\"https:\/\/tourtravelandmore.com\/es\/\",\"logo\":{\"@type\":\"ImageObject\",\"inLanguage\":\"es\",\"@id\":\"https:\/\/tourtravelandmore.com\/es\/#\/schema\/logo\/image\/\",\"url\":\"https:\/\/tourtravelandmore.com\/wp-content\/uploads\/2022\/12\/cropped-logo-cabecera-new.png\",\"contentUrl\":\"https:\/\/tourtravelandmore.com\/wp-content\/uploads\/2022\/12\/cropped-logo-cabecera-new.png\",\"width\":430,\"height\":61,\"caption\":\"Tour Travel And More\"},\"image\":{\"@id\":\"https:\/\/tourtravelandmore.com\/es\/#\/schema\/logo\/image\/\"},\"sameAs\":[\"https:\/\/www.facebook.com\/tourtravelandmore\/\",\"https:\/\/x.com\/TourTravel_More\"]}]}<\/script>\n<!-- \/ Yoast SEO Premium plugin. -->","yoast_head_json":{"title":"\u27a1\ufe0f Tour privado durante medio d\u00eda en Tel Aviv | Tour Travel & More","description":"Del\u00e9itese en un ambiente distinto y sin estr\u00e9s en la ciudad de Tel Aviv en este Tour privado en auto de lujo \u2705","robots":{"index":"index","follow":"follow","max-snippet":"max-snippet:-1","max-image-preview":"max-image-preview:large","max-video-preview":"max-video-preview:-1"},"canonical":"https:\/\/tourtravelandmore.com\/es\/tours\/israel-sp\/telaviv-sp\/tours-de-medio-dia-sp\/tour-privado-de-jerusalen-desde-tel-aviv-copy\/","og_locale":"es_ES","og_type":"article","og_title":"Tour Privado de medio d\u00eda por Tel Aviv","og_description":"Del\u00e9itese en un ambiente distinto y sin estr\u00e9s en la ciudad de Tel Aviv en este Tour privado en auto de lujo \u2705","og_url":"https:\/\/tourtravelandmore.com\/es\/tours\/israel-sp\/telaviv-sp\/tours-de-medio-dia-sp\/tour-privado-de-jerusalen-desde-tel-aviv-copy\/","og_site_name":"Tour Travel And More","article_publisher":"https:\/\/www.facebook.com\/tourtravelandmore\/","article_modified_time":"2023-10-13T05:31:31+00:00","og_image":[{"width":2560,"height":1707,"url":"https:\/\/tourtravelandmore.com\/wp-content\/uploads\/2021\/04\/Tel-aviv-2-scaled.jpg","type":"image\/jpeg"}],"twitter_card":"summary_large_image","twitter_site":"@TourTravel_More","twitter_misc":{"Tiempo de lectura":"2 minutos"},"schema":{"@context":"https:\/\/schema.org","@graph":[{"@type":"WebPage","@id":"https:\/\/tourtravelandmore.com\/es\/tours\/israel-sp\/telaviv-sp\/tours-de-medio-dia-sp\/tour-privado-de-jerusalen-desde-tel-aviv-copy\/","url":"https:\/\/tourtravelandmore.com\/es\/tours\/israel-sp\/telaviv-sp\/tours-de-medio-dia-sp\/tour-privado-de-jerusalen-desde-tel-aviv-copy\/","name":"\u27a1\ufe0f Tour privado durante medio d\u00eda en Tel Aviv | Tour Travel & More","isPartOf":{"@id":"https:\/\/tourtravelandmore.com\/es\/#website"},"primaryImageOfPage":{"@id":"https:\/\/tourtravelandmore.com\/es\/tours\/israel-sp\/telaviv-sp\/tours-de-medio-dia-sp\/tour-privado-de-jerusalen-desde-tel-aviv-copy\/#primaryimage"},"image":{"@id":"https:\/\/tourtravelandmore.com\/es\/tours\/israel-sp\/telaviv-sp\/tours-de-medio-dia-sp\/tour-privado-de-jerusalen-desde-tel-aviv-copy\/#primaryimage"},"thumbnailUrl":"https:\/\/tourtravelandmore.com\/wp-content\/uploads\/2021\/04\/Tel-aviv-2-scaled.jpg","datePublished":"2021-04-21T18:39:43+00:00","dateModified":"2023-10-13T05:31:31+00:00","description":"Del\u00e9itese en un ambiente distinto y sin estr\u00e9s en la ciudad de Tel Aviv en este Tour privado en auto de lujo \u2705","breadcrumb":{"@id":"https:\/\/tourtravelandmore.com\/es\/tours\/israel-sp\/telaviv-sp\/tours-de-medio-dia-sp\/tour-privado-de-jerusalen-desde-tel-aviv-copy\/#breadcrumb"},"inLanguage":"es","potentialAction":[{"@type":"ReadAction","target":["https:\/\/tourtravelandmore.com\/es\/tours\/israel-sp\/telaviv-sp\/tours-de-medio-dia-sp\/tour-privado-de-jerusalen-desde-tel-aviv-copy\/"]}]},{"@type":"ImageObject","inLanguage":"es","@id":"https:\/\/tourtravelandmore.com\/es\/tours\/israel-sp\/telaviv-sp\/tours-de-medio-dia-sp\/tour-privado-de-jerusalen-desde-tel-aviv-copy\/#primaryimage","url":"https:\/\/tourtravelandmore.com\/wp-content\/uploads\/2021\/04\/Tel-aviv-2-scaled.jpg","contentUrl":"https:\/\/tourtravelandmore.com\/wp-content\/uploads\/2021\/04\/Tel-aviv-2-scaled.jpg","width":2560,"height":1707},{"@type":"BreadcrumbList","@id":"https:\/\/tourtravelandmore.com\/es\/tours\/israel-sp\/telaviv-sp\/tours-de-medio-dia-sp\/tour-privado-de-jerusalen-desde-tel-aviv-copy\/#breadcrumb","itemListElement":[{"@type":"ListItem","position":1,"name":"Home","item":"https:\/\/tourtravelandmore.com\/es\/"},{"@type":"ListItem","position":2,"name":"Tours","item":"https:\/\/tourtravelandmore.com\/es\/tours\/"},{"@type":"ListItem","position":3,"name":"Tour Privado de medio d\u00eda por Tel Aviv"}]},{"@type":"WebSite","@id":"https:\/\/tourtravelandmore.com\/es\/#website","url":"https:\/\/tourtravelandmore.com\/es\/","name":"Tour Travel And More","description":"Private sightseeing tours and luxury transfers in Spain","publisher":{"@id":"https:\/\/tourtravelandmore.com\/es\/#organization"},"potentialAction":[{"@type":"SearchAction","target":{"@type":"EntryPoint","urlTemplate":"https:\/\/tourtravelandmore.com\/es\/?s={search_term_string}"},"query-input":{"@type":"PropertyValueSpecification","valueRequired":true,"valueName":"search_term_string"}}],"inLanguage":"es"},{"@type":"Organization","@id":"https:\/\/tourtravelandmore.com\/es\/#organization","name":"Tour Travel And More","url":"https:\/\/tourtravelandmore.com\/es\/","logo":{"@type":"ImageObject","inLanguage":"es","@id":"https:\/\/tourtravelandmore.com\/es\/#\/schema\/logo\/image\/","url":"https:\/\/tourtravelandmore.com\/wp-content\/uploads\/2022\/12\/cropped-logo-cabecera-new.png","contentUrl":"https:\/\/tourtravelandmore.com\/wp-content\/uploads\/2022\/12\/cropped-logo-cabecera-new.png","width":430,"height":61,"caption":"Tour Travel And More"},"image":{"@id":"https:\/\/tourtravelandmore.com\/es\/#\/schema\/logo\/image\/"},"sameAs":["https:\/\/www.facebook.com\/tourtravelandmore\/","https:\/\/x.com\/TourTravel_More"]}]}},"_links":{"self":[{"href":"https:\/\/tourtravelandmore.com\/es\/wp-json\/wp\/v2\/product\/106306","targetHints":{"allow":["GET"]}}],"collection":[{"href":"https:\/\/tourtravelandmore.com\/es\/wp-json\/wp\/v2\/product"}],"about":[{"href":"https:\/\/tourtravelandmore.com\/es\/wp-json\/wp\/v2\/types\/product"}],"replies":[{"embeddable":true,"href":"https:\/\/tourtravelandmore.com\/es\/wp-json\/wp\/v2\/comments?post=106306"}],"wp:featuredmedia":[{"embeddable":true,"href":"https:\/\/tourtravelandmore.com\/es\/wp-json\/wp\/v2\/media\/106325"}],"wp:attachment":[{"href":"https:\/\/tourtravelandmore.com\/es\/wp-json\/wp\/v2\/media?parent=106306"}],"wp:term":[{"taxonomy":"product_brand","embeddable":true,"href":"https:\/\/tourtravelandmore.com\/es\/wp-json\/wp\/v2\/product_brand?post=106306"},{"taxonomy":"product_cat","embeddable":true,"href":"https:\/\/tourtravelandmore.com\/es\/wp-json\/wp\/v2\/product_cat?post=106306"},{"taxonomy":"product_tag","embeddable":true,"href":"https:\/\/tourtravelandmore.com\/es\/wp-json\/wp\/v2\/product_tag?post=106306"}],"curies":[{"name":"wp","href":"https:\/\/api.w.org\/{rel}","templated":true}]}}