{"id":106288,"date":"2021-04-21T20:28:26","date_gmt":"2021-04-21T18:28:27","guid":{"rendered":"https:\/\/tourtravelandmore.com\/?post_type=product&#038;p=106288"},"modified":"2023-10-09T07:51:01","modified_gmt":"2023-10-09T05:51:01","slug":"tour-privado-de-jerusalen-desde-tel-aviv","status":"publish","type":"product","link":"https:\/\/tourtravelandmore.com\/es\/tours\/israel-sp\/telaviv-sp\/tours-de-dia-completo-sp\/tour-privado-de-jerusalen-desde-tel-aviv\/","title":{"rendered":"Tour privado de Jerusal\u00e9n desde Tel Aviv"},"content":{"rendered":"<h2>Descripci\u00f3n del Tour privado de Jerusal\u00e9n desde Tel Aviv<\/h2>\n<p>Seguramente, muchos de nosotros hemos llegado a escuchar sobre Jerusal\u00e9n y los hechos hist\u00f3ricos que ocurrieron en esta ciudad; pero es posible que no conozcamos a fondo, todo lo que implica. Pero esto es posible para usted \u00bfDe qu\u00e9 manera? Llevando a cabo un <b>tour privado de Jerusal\u00e9n desde Tel Aviv<\/b> de aproximadamente unas 10 horas, y con nuestro chofer\/gu\u00eda oficial, disfrutar\u00e1 de un recorrido inolvidable.<\/p>\n<h4><b>\u00bfQu\u00e9 se puede disfrutar en el tour privado de Jerusal\u00e9n desde Tel Aviv?<\/b><\/h4>\n<p>Primeramente, podr\u00e1 recibir una atenci\u00f3n especial y personalizada gracias a la ayuda de un chofer\/gu\u00eda oficial personal. La agenda estar\u00e1 completamente llena con <b>cosas nuevas por ver y hacer<\/b>; podr\u00e1 observar la Ciudad Vieja, mientras sigue por la V\u00eda Dolorosa y recorre las Estaciones de la Cruz, cuyo fin termina en la Iglesia del Santo Sepulcro.<\/p>\n<p>A su vez, usted disfrutar\u00e1 y obtendr\u00e1 gran aprendizaje, tanto hist\u00f3rico, como cultural, de este centro que narra m\u00e1s de 4.000 a\u00f1os de historia. Tambi\u00e9n puede explorar lo que compone a los mercados locales, y el popular Muro de los Lamentos; al entrar en la Ciudad Vieja mediante la Puerta de Zion, puede visitar algunos <b>sitios hist\u00f3ricos importantes<\/b>. Tambi\u00e9n se encuentra disponible la opci\u00f3n de visitar el monte de los olivos, y muchos otros lugares en este tour privado de Jerusal\u00e9n.<\/p>\n<h2>Puntos emblem\u00e1ticos y de inter\u00e9s en el Tour privado de Jerusal\u00e9n desde Tel Aviv<\/h2>\n<h4><b>\u00bfEn qu\u00e9 parte inicia el tour privado?<\/b><\/h4>\n<p>A fin de disfrutar de este tour privado que se realiza en Israel, usted podr\u00e1 iniciarlo desde cualquier punto en Tel Aviv. Solamente debe indicarle <b>al chofer\/gu\u00eda<\/b> altamente calificado desde d\u00f3nde quiere comenzar, y este podr\u00e1 planear una visita excepcional; con la que todos los miembros que est\u00e9n presentes, disfrutar\u00e1n en gran manera.<\/p>\n<h4><b>Los principales puntos de inter\u00e9s en el Tour al Antiguo Jerusal\u00e9n, el Muro occidental y el Mar Muerto<\/b><\/h4>\n<p>La recogida puede realizarse desde su hotel en Tel Aviv, y una vez que usted ingrese al veh\u00edculo, se puede empezar el tour privado en el auto de lujo que lo estar\u00e1 esperando. Gracias a nuestro <b>Chofer\/Gu\u00eda oficial<\/b> designado, podr\u00e1 descubrir cosas interesantes en toda la excursi\u00f3n por Jerusal\u00e9n, preparada especialmente para usted y su familia.<\/p>\n<h4><b>Qu\u00e9 esperar en el viaje<\/b><\/h4>\n<p>Su experiencia estar\u00e1 marcada por los hechos m\u00e1s sobresalientes que ocurrieron en esta ciudad; a medida que recorra Jerusal\u00e9n, tendr\u00e1 la oportunidad de visitar <b>algunos lugares sagrados, tanto para el cristianismo, como para el juda\u00edsmo<\/b>. En el viaje, se incluye un hermoso panorama del monte Scopus, al igual que una bella vista en la que se observa el horizonte de Jerusal\u00e9n, adem\u00e1s, toda esta experiencia, le abrir\u00e1 la oportunidad para visitar:<\/p>\n<ul>\n<li aria-level=\"1\"><strong>El punto m\u00e1s bajo de la tierra: El Mar Muerto.<\/strong><\/li>\n<li aria-level=\"1\"><strong>Un cementerio jud\u00edo con 3.000 a\u00f1os de antig\u00fcedad.<\/strong><\/li>\n<li aria-level=\"1\"><strong>La iglesia de todas las naciones.<\/strong><\/li>\n<li aria-level=\"1\"><strong>El barrio jud\u00edo y el cardo bizantino.<\/strong><\/li>\n<li aria-level=\"1\"><strong>La iglesia de Santa Ana.<\/strong><\/li>\n<li aria-level=\"1\"><strong>La tumba del rey David.<\/strong><\/li>\n<li aria-level=\"1\"><strong>La iglesia de la Cruz del Santo Sepulcro.<\/strong><\/li>\n<\/ul>\n","protected":false},"excerpt":{"rendered":"<p>Hacer un tour privado de Jerusal\u00e9n desde Tel Aviv puede abrirle las puertas a un caudal de conocimiento, al igual que observar bellos lugares como los que no hay en la tierra. \u00a1Cont\u00e1ctenos! Y aproveche una experiencia que jam\u00e1s olvidar\u00e1.<\/p>\n<p><span style=\"font-weight: 400;\">\u00a0<\/span><\/p>\n<h4><\/h4>\n","protected":false},"featured_media":106083,"comment_status":"open","ping_status":"closed","template":"","meta":{"_acf_changed":false},"product_brand":[],"product_cat":[3863,3900,3903,3866,3897,3893],"product_tag":[],"class_list":{"0":"post-106288","1":"product","2":"type-product","3":"status-publish","4":"has-post-thumbnail","6":"product_cat-israel-sp","7":"product_cat-todos-los-tours-privados-sp","8":"product_cat-tours-de-dia-completo-sp-es","9":"product_cat-telaviv-sp","10":"product_cat-todos-los-tours-y-actividades-privados-sp","11":"product_cat-tours-de-dia-completo-sp","13":"first","14":"instock","15":"shipping-taxable","16":"purchasable","17":"product-type-simple"},"acf":[],"yoast_head":"<!-- This site is optimized with the Yoast SEO Premium plugin v25.3.1 (Yoast SEO v25.3.1) - https:\/\/yoast.com\/wordpress\/plugins\/seo\/ -->\n<title>\u27a1\ufe0f Tour privado de Jerusal\u00e9n desde Tel Aviv | Tour Travel &amp; More<\/title>\n<meta name=\"description\" content=\"Si desea observar c\u00f3mo es la famosa ciudad de Jerusal\u00e9n, somos la opci\u00f3n ideal para usted Tour perfecto de Jersusal\u00e9n de Tel Aviv \u2705\" \/>\n<meta name=\"robots\" content=\"index, follow, max-snippet:-1, max-image-preview:large, max-video-preview:-1\" \/>\n<link rel=\"canonical\" href=\"https:\/\/tourtravelandmore.com\/es\/tours\/israel-sp\/telaviv-sp\/tours-de-dia-completo-sp\/tour-privado-de-jerusalen-desde-tel-aviv\/\" \/>\n<meta property=\"og:locale\" content=\"es_ES\" \/>\n<meta property=\"og:type\" content=\"article\" \/>\n<meta property=\"og:title\" content=\"Tour privado de Jerusal\u00e9n desde Tel Aviv\" \/>\n<meta property=\"og:description\" content=\"Si desea observar c\u00f3mo es la famosa ciudad de Jerusal\u00e9n, somos la opci\u00f3n ideal para usted Tour perfecto de Jersusal\u00e9n de Tel Aviv \u2705\" \/>\n<meta property=\"og:url\" content=\"https:\/\/tourtravelandmore.com\/es\/tours\/israel-sp\/telaviv-sp\/tours-de-dia-completo-sp\/tour-privado-de-jerusalen-desde-tel-aviv\/\" \/>\n<meta property=\"og:site_name\" content=\"Tour Travel And More\" \/>\n<meta property=\"article:publisher\" content=\"https:\/\/www.facebook.com\/tourtravelandmore\/\" \/>\n<meta property=\"article:modified_time\" content=\"2023-10-09T05:51:01+00:00\" \/>\n<meta property=\"og:image\" content=\"https:\/\/tourtravelandmore.com\/wp-content\/uploads\/2021\/04\/Jerusalem-5-scaled.jpg\" \/>\n\t<meta property=\"og:image:width\" content=\"2560\" \/>\n\t<meta property=\"og:image:height\" content=\"1707\" \/>\n\t<meta property=\"og:image:type\" content=\"image\/jpeg\" \/>\n<meta name=\"twitter:card\" content=\"summary_large_image\" \/>\n<meta name=\"twitter:site\" content=\"@TourTravel_More\" \/>\n<meta name=\"twitter:label1\" content=\"Tiempo de lectura\" \/>\n\t<meta name=\"twitter:data1\" content=\"2 minutos\" \/>\n<script type=\"application\/ld+json\" class=\"yoast-schema-graph\">{\"@context\":\"https:\/\/schema.org\",\"@graph\":[{\"@type\":\"WebPage\",\"@id\":\"https:\/\/tourtravelandmore.com\/es\/tours\/israel-sp\/telaviv-sp\/tours-de-dia-completo-sp\/tour-privado-de-jerusalen-desde-tel-aviv\/\",\"url\":\"https:\/\/tourtravelandmore.com\/es\/tours\/israel-sp\/telaviv-sp\/tours-de-dia-completo-sp\/tour-privado-de-jerusalen-desde-tel-aviv\/\",\"name\":\"\u27a1\ufe0f Tour privado de Jerusal\u00e9n desde Tel Aviv | Tour Travel & More\",\"isPartOf\":{\"@id\":\"https:\/\/tourtravelandmore.com\/es\/#website\"},\"primaryImageOfPage\":{\"@id\":\"https:\/\/tourtravelandmore.com\/es\/tours\/israel-sp\/telaviv-sp\/tours-de-dia-completo-sp\/tour-privado-de-jerusalen-desde-tel-aviv\/#primaryimage\"},\"image\":{\"@id\":\"https:\/\/tourtravelandmore.com\/es\/tours\/israel-sp\/telaviv-sp\/tours-de-dia-completo-sp\/tour-privado-de-jerusalen-desde-tel-aviv\/#primaryimage\"},\"thumbnailUrl\":\"https:\/\/tourtravelandmore.com\/wp-content\/uploads\/2021\/04\/Jerusalem-5-scaled.jpg\",\"datePublished\":\"2021-04-21T18:28:27+00:00\",\"dateModified\":\"2023-10-09T05:51:01+00:00\",\"description\":\"Si desea observar c\u00f3mo es la famosa ciudad de Jerusal\u00e9n, somos la opci\u00f3n ideal para usted Tour perfecto de Jersusal\u00e9n de Tel Aviv \u2705\",\"breadcrumb\":{\"@id\":\"https:\/\/tourtravelandmore.com\/es\/tours\/israel-sp\/telaviv-sp\/tours-de-dia-completo-sp\/tour-privado-de-jerusalen-desde-tel-aviv\/#breadcrumb\"},\"inLanguage\":\"es\",\"potentialAction\":[{\"@type\":\"ReadAction\",\"target\":[\"https:\/\/tourtravelandmore.com\/es\/tours\/israel-sp\/telaviv-sp\/tours-de-dia-completo-sp\/tour-privado-de-jerusalen-desde-tel-aviv\/\"]}]},{\"@type\":\"ImageObject\",\"inLanguage\":\"es\",\"@id\":\"https:\/\/tourtravelandmore.com\/es\/tours\/israel-sp\/telaviv-sp\/tours-de-dia-completo-sp\/tour-privado-de-jerusalen-desde-tel-aviv\/#primaryimage\",\"url\":\"https:\/\/tourtravelandmore.com\/wp-content\/uploads\/2021\/04\/Jerusalem-5-scaled.jpg\",\"contentUrl\":\"https:\/\/tourtravelandmore.com\/wp-content\/uploads\/2021\/04\/Jerusalem-5-scaled.jpg\",\"width\":2560,\"height\":1707},{\"@type\":\"BreadcrumbList\",\"@id\":\"https:\/\/tourtravelandmore.com\/es\/tours\/israel-sp\/telaviv-sp\/tours-de-dia-completo-sp\/tour-privado-de-jerusalen-desde-tel-aviv\/#breadcrumb\",\"itemListElement\":[{\"@type\":\"ListItem\",\"position\":1,\"name\":\"Home\",\"item\":\"https:\/\/tourtravelandmore.com\/es\/\"},{\"@type\":\"ListItem\",\"position\":2,\"name\":\"Tours\",\"item\":\"https:\/\/tourtravelandmore.com\/es\/tours\/\"},{\"@type\":\"ListItem\",\"position\":3,\"name\":\"Tour privado de Jerusal\u00e9n desde Tel Aviv\"}]},{\"@type\":\"WebSite\",\"@id\":\"https:\/\/tourtravelandmore.com\/es\/#website\",\"url\":\"https:\/\/tourtravelandmore.com\/es\/\",\"name\":\"Tour Travel And More\",\"description\":\"Private sightseeing tours and luxury transfers in Spain\",\"publisher\":{\"@id\":\"https:\/\/tourtravelandmore.com\/es\/#organization\"},\"potentialAction\":[{\"@type\":\"SearchAction\",\"target\":{\"@type\":\"EntryPoint\",\"urlTemplate\":\"https:\/\/tourtravelandmore.com\/es\/?s={search_term_string}\"},\"query-input\":{\"@type\":\"PropertyValueSpecification\",\"valueRequired\":true,\"valueName\":\"search_term_string\"}}],\"inLanguage\":\"es\"},{\"@type\":\"Organization\",\"@id\":\"https:\/\/tourtravelandmore.com\/es\/#organization\",\"name\":\"Tour Travel And More\",\"url\":\"https:\/\/tourtravelandmore.com\/es\/\",\"logo\":{\"@type\":\"ImageObject\",\"inLanguage\":\"es\",\"@id\":\"https:\/\/tourtravelandmore.com\/es\/#\/schema\/logo\/image\/\",\"url\":\"https:\/\/tourtravelandmore.com\/wp-content\/uploads\/2022\/12\/cropped-logo-cabecera-new.png\",\"contentUrl\":\"https:\/\/tourtravelandmore.com\/wp-content\/uploads\/2022\/12\/cropped-logo-cabecera-new.png\",\"width\":430,\"height\":61,\"caption\":\"Tour Travel And More\"},\"image\":{\"@id\":\"https:\/\/tourtravelandmore.com\/es\/#\/schema\/logo\/image\/\"},\"sameAs\":[\"https:\/\/www.facebook.com\/tourtravelandmore\/\",\"https:\/\/x.com\/TourTravel_More\"]}]}<\/script>\n<!-- \/ Yoast SEO Premium plugin. -->","yoast_head_json":{"title":"\u27a1\ufe0f Tour privado de Jerusal\u00e9n desde Tel Aviv | Tour Travel & More","description":"Si desea observar c\u00f3mo es la famosa ciudad de Jerusal\u00e9n, somos la opci\u00f3n ideal para usted Tour perfecto de Jersusal\u00e9n de Tel Aviv \u2705","robots":{"index":"index","follow":"follow","max-snippet":"max-snippet:-1","max-image-preview":"max-image-preview:large","max-video-preview":"max-video-preview:-1"},"canonical":"https:\/\/tourtravelandmore.com\/es\/tours\/israel-sp\/telaviv-sp\/tours-de-dia-completo-sp\/tour-privado-de-jerusalen-desde-tel-aviv\/","og_locale":"es_ES","og_type":"article","og_title":"Tour privado de Jerusal\u00e9n desde Tel Aviv","og_description":"Si desea observar c\u00f3mo es la famosa ciudad de Jerusal\u00e9n, somos la opci\u00f3n ideal para usted Tour perfecto de Jersusal\u00e9n de Tel Aviv \u2705","og_url":"https:\/\/tourtravelandmore.com\/es\/tours\/israel-sp\/telaviv-sp\/tours-de-dia-completo-sp\/tour-privado-de-jerusalen-desde-tel-aviv\/","og_site_name":"Tour Travel And More","article_publisher":"https:\/\/www.facebook.com\/tourtravelandmore\/","article_modified_time":"2023-10-09T05:51:01+00:00","og_image":[{"width":2560,"height":1707,"url":"https:\/\/tourtravelandmore.com\/wp-content\/uploads\/2021\/04\/Jerusalem-5-scaled.jpg","type":"image\/jpeg"}],"twitter_card":"summary_large_image","twitter_site":"@TourTravel_More","twitter_misc":{"Tiempo de lectura":"2 minutos"},"schema":{"@context":"https:\/\/schema.org","@graph":[{"@type":"WebPage","@id":"https:\/\/tourtravelandmore.com\/es\/tours\/israel-sp\/telaviv-sp\/tours-de-dia-completo-sp\/tour-privado-de-jerusalen-desde-tel-aviv\/","url":"https:\/\/tourtravelandmore.com\/es\/tours\/israel-sp\/telaviv-sp\/tours-de-dia-completo-sp\/tour-privado-de-jerusalen-desde-tel-aviv\/","name":"\u27a1\ufe0f Tour privado de Jerusal\u00e9n desde Tel Aviv | Tour Travel & More","isPartOf":{"@id":"https:\/\/tourtravelandmore.com\/es\/#website"},"primaryImageOfPage":{"@id":"https:\/\/tourtravelandmore.com\/es\/tours\/israel-sp\/telaviv-sp\/tours-de-dia-completo-sp\/tour-privado-de-jerusalen-desde-tel-aviv\/#primaryimage"},"image":{"@id":"https:\/\/tourtravelandmore.com\/es\/tours\/israel-sp\/telaviv-sp\/tours-de-dia-completo-sp\/tour-privado-de-jerusalen-desde-tel-aviv\/#primaryimage"},"thumbnailUrl":"https:\/\/tourtravelandmore.com\/wp-content\/uploads\/2021\/04\/Jerusalem-5-scaled.jpg","datePublished":"2021-04-21T18:28:27+00:00","dateModified":"2023-10-09T05:51:01+00:00","description":"Si desea observar c\u00f3mo es la famosa ciudad de Jerusal\u00e9n, somos la opci\u00f3n ideal para usted Tour perfecto de Jersusal\u00e9n de Tel Aviv \u2705","breadcrumb":{"@id":"https:\/\/tourtravelandmore.com\/es\/tours\/israel-sp\/telaviv-sp\/tours-de-dia-completo-sp\/tour-privado-de-jerusalen-desde-tel-aviv\/#breadcrumb"},"inLanguage":"es","potentialAction":[{"@type":"ReadAction","target":["https:\/\/tourtravelandmore.com\/es\/tours\/israel-sp\/telaviv-sp\/tours-de-dia-completo-sp\/tour-privado-de-jerusalen-desde-tel-aviv\/"]}]},{"@type":"ImageObject","inLanguage":"es","@id":"https:\/\/tourtravelandmore.com\/es\/tours\/israel-sp\/telaviv-sp\/tours-de-dia-completo-sp\/tour-privado-de-jerusalen-desde-tel-aviv\/#primaryimage","url":"https:\/\/tourtravelandmore.com\/wp-content\/uploads\/2021\/04\/Jerusalem-5-scaled.jpg","contentUrl":"https:\/\/tourtravelandmore.com\/wp-content\/uploads\/2021\/04\/Jerusalem-5-scaled.jpg","width":2560,"height":1707},{"@type":"BreadcrumbList","@id":"https:\/\/tourtravelandmore.com\/es\/tours\/israel-sp\/telaviv-sp\/tours-de-dia-completo-sp\/tour-privado-de-jerusalen-desde-tel-aviv\/#breadcrumb","itemListElement":[{"@type":"ListItem","position":1,"name":"Home","item":"https:\/\/tourtravelandmore.com\/es\/"},{"@type":"ListItem","position":2,"name":"Tours","item":"https:\/\/tourtravelandmore.com\/es\/tours\/"},{"@type":"ListItem","position":3,"name":"Tour privado de Jerusal\u00e9n desde Tel Aviv"}]},{"@type":"WebSite","@id":"https:\/\/tourtravelandmore.com\/es\/#website","url":"https:\/\/tourtravelandmore.com\/es\/","name":"Tour Travel And More","description":"Private sightseeing tours and luxury transfers in Spain","publisher":{"@id":"https:\/\/tourtravelandmore.com\/es\/#organization"},"potentialAction":[{"@type":"SearchAction","target":{"@type":"EntryPoint","urlTemplate":"https:\/\/tourtravelandmore.com\/es\/?s={search_term_string}"},"query-input":{"@type":"PropertyValueSpecification","valueRequired":true,"valueName":"search_term_string"}}],"inLanguage":"es"},{"@type":"Organization","@id":"https:\/\/tourtravelandmore.com\/es\/#organization","name":"Tour Travel And More","url":"https:\/\/tourtravelandmore.com\/es\/","logo":{"@type":"ImageObject","inLanguage":"es","@id":"https:\/\/tourtravelandmore.com\/es\/#\/schema\/logo\/image\/","url":"https:\/\/tourtravelandmore.com\/wp-content\/uploads\/2022\/12\/cropped-logo-cabecera-new.png","contentUrl":"https:\/\/tourtravelandmore.com\/wp-content\/uploads\/2022\/12\/cropped-logo-cabecera-new.png","width":430,"height":61,"caption":"Tour Travel And More"},"image":{"@id":"https:\/\/tourtravelandmore.com\/es\/#\/schema\/logo\/image\/"},"sameAs":["https:\/\/www.facebook.com\/tourtravelandmore\/","https:\/\/x.com\/TourTravel_More"]}]}},"_links":{"self":[{"href":"https:\/\/tourtravelandmore.com\/es\/wp-json\/wp\/v2\/product\/106288","targetHints":{"allow":["GET"]}}],"collection":[{"href":"https:\/\/tourtravelandmore.com\/es\/wp-json\/wp\/v2\/product"}],"about":[{"href":"https:\/\/tourtravelandmore.com\/es\/wp-json\/wp\/v2\/types\/product"}],"replies":[{"embeddable":true,"href":"https:\/\/tourtravelandmore.com\/es\/wp-json\/wp\/v2\/comments?post=106288"}],"wp:featuredmedia":[{"embeddable":true,"href":"https:\/\/tourtravelandmore.com\/es\/wp-json\/wp\/v2\/media\/106083"}],"wp:attachment":[{"href":"https:\/\/tourtravelandmore.com\/es\/wp-json\/wp\/v2\/media?parent=106288"}],"wp:term":[{"taxonomy":"product_brand","embeddable":true,"href":"https:\/\/tourtravelandmore.com\/es\/wp-json\/wp\/v2\/product_brand?post=106288"},{"taxonomy":"product_cat","embeddable":true,"href":"https:\/\/tourtravelandmore.com\/es\/wp-json\/wp\/v2\/product_cat?post=106288"},{"taxonomy":"product_tag","embeddable":true,"href":"https:\/\/tourtravelandmore.com\/es\/wp-json\/wp\/v2\/product_tag?post=106288"}],"curies":[{"name":"wp","href":"https:\/\/api.w.org\/{rel}","templated":true}]}}