{"id":106263,"date":"2021-04-21T13:43:59","date_gmt":"2021-04-21T11:43:59","guid":{"rendered":"https:\/\/tourtravelandmore.com\/?post_type=product&#038;p=106263"},"modified":"2023-10-13T07:32:50","modified_gmt":"2023-10-13T05:32:50","slug":"tour-privado-a-pie-por-tel-aviv","status":"publish","type":"product","link":"https:\/\/tourtravelandmore.com\/es\/tours\/israel-sp\/telaviv-sp\/tours-de-medio-dia-sp\/tour-privado-a-pie-por-tel-aviv\/","title":{"rendered":"Tour Privado a pie por Tel Aviv"},"content":{"rendered":"<h2>Descripci\u00f3n del Tour Privado a pie por Tel Aviv<\/h2>\n<p>Este tour privado de medio d\u00eda (4 horas), es ideal para usted, que viene a visitar la ciudad de Tel Aviv por vez primera; o si desea dedicarle mayor tiempo a conocer ciertos lugares con m\u00e1s detenimiento. <b>Ciudad privilegiada por su ubicaci\u00f3n,<\/b> en la costa del hermoso mar Mediterr\u00e1neo de Israel. Se trata de un recorrido, acompa\u00f1ado de un gu\u00eda oficial, por los lugares m\u00e1s interesantes de la ciudad, llena de m\u00faltiples historias y paisajes.<\/p>\n<h2>Puntos emblem\u00e1ticos y de inter\u00e9s en el Tour Privado a pie por Tel Aviv<\/h2>\n<p><b>\u00bfQu\u00e9 te ofrece el tour privado a pie por Tel Aviv?<\/b><\/p>\n<p>En menos de un d\u00eda podr\u00e1 recorrer esta ciudad Palestina, visitando diferentes atractivos tur\u00edsticos, los cuales conocer\u00e1 en <b>un recorrido de unas cuatro horas<\/b>, en compa\u00f1\u00eda de un gu\u00eda oficial experimentado.<\/p>\n<p>Adem\u00e1s, disfrutar\u00e1 de los paisajes y coloridos, a la vez que se realiza un ejercicio din\u00e1mico, que <b>fortalecen su cuerpo, mente y esp\u00edritu.<\/b> Disfrutar\u00e1 de los agradables relatos de su gu\u00eda profesional, sobre las riquezas hist\u00f3ricas y modernas de la ciudad.<\/p>\n<p>La recogida se realiza temprano en la ma\u00f1ana en el hotel donde se hospede y de regreso al mismo. Igualmente, se otorgan las entradas para los dispositivos m\u00f3viles y por supuesto, <b>se toman todas las medidas de seguridad para el COVID 19,<\/b> evitando as\u00ed las aglomeraciones.<\/p>\n<p><b>Qu\u00e9 esperar en el viaje<\/b><\/p>\n<p>Realiza el recorrido a pie y en forma privada, disfrutando de las incre\u00edbles historias y dej\u00e1ndote llevar atr\u00e1s en el tiempo por la gu\u00eda de un profesional educado, preparado y amable, que te va a asegurar <b>un recorrido muy ameno y real sobre la ciudad.<\/b> Entre ellas, los inicios de Tel Aviv, con las primeras 66 familias jud\u00edas que se asentaron en la frontera de Jaffa, creando una zona de residencias.<\/p>\n<p>Si prefiere conocer algo m\u00e1s de la historia, tambi\u00e9n se encuentran los edificios emblem\u00e1ticos con el estilo arquitect\u00f3nico Bauhaus, llamada la Ciudad Blanca y muy cerca del Mediterr\u00e1neo, declarada Patrimonio de la humanidad por la UNESCO. Tambi\u00e9n el Boulevar Rothschild, lugar muy concurrido porque se encuentra el edificio donde se firm\u00f3 <b>la Declaraci\u00f3n de Independencia,<\/b> entre otros m\u00e1s.<\/p>\n","protected":false},"excerpt":{"rendered":"<p>Un tour privado a pie por la ciudad de Tel Aviv le permite conocer de manera profunda cada lugar. Tendr\u00e1 la gu\u00eda de expertos que le complementar\u00e1n la informaci\u00f3n en tiempo real a cerca del lugar visitado. Adem\u00e1s de cosechar nuevas relaciones amistosas.<\/p>\n<p><span style=\"font-weight: 400;\">\u00a0<\/span><\/p>\n<h4><\/h4>\n","protected":false},"featured_media":106282,"comment_status":"open","ping_status":"closed","template":"","meta":{"_acf_changed":false},"product_brand":[],"product_cat":[3863,3866,3897,3894,3895],"product_tag":[],"class_list":{"0":"post-106263","1":"product","2":"type-product","3":"status-publish","4":"has-post-thumbnail","6":"product_cat-israel-sp","7":"product_cat-telaviv-sp","8":"product_cat-todos-los-tours-y-actividades-privados-sp","9":"product_cat-tours-de-medio-dia-sp","10":"product_cat-tours-privados-a-pie-sp","12":"first","13":"instock","14":"shipping-taxable","15":"purchasable","16":"product-type-simple"},"acf":[],"yoast_head":"<!-- This site is optimized with the Yoast SEO Premium plugin v25.3.1 (Yoast SEO v25.3.1) - https:\/\/yoast.com\/wordpress\/plugins\/seo\/ -->\n<title>\u27a1\ufe0f Tour privado a pie por Tel Aviv | Tour Travel &amp; More<\/title>\n<meta name=\"description\" content=\"Tour privado de 4h a pie para conocer la ciudad de Tel Aviv, donde disfrutar\u00e1 de interesantes lugares y la belleza del mar del mediterr\u00e1neo \u2705\" \/>\n<meta name=\"robots\" content=\"index, follow, max-snippet:-1, max-image-preview:large, max-video-preview:-1\" \/>\n<link rel=\"canonical\" href=\"https:\/\/tourtravelandmore.com\/es\/tours\/israel-sp\/telaviv-sp\/tours-de-medio-dia-sp\/tour-privado-a-pie-por-tel-aviv\/\" \/>\n<meta property=\"og:locale\" content=\"es_ES\" \/>\n<meta property=\"og:type\" content=\"article\" \/>\n<meta property=\"og:title\" content=\"Tour Privado a pie por Tel Aviv\" \/>\n<meta property=\"og:description\" content=\"Tour privado de 4h a pie para conocer la ciudad de Tel Aviv, donde disfrutar\u00e1 de interesantes lugares y la belleza del mar del mediterr\u00e1neo \u2705\" \/>\n<meta property=\"og:url\" content=\"https:\/\/tourtravelandmore.com\/es\/tours\/israel-sp\/telaviv-sp\/tours-de-medio-dia-sp\/tour-privado-a-pie-por-tel-aviv\/\" \/>\n<meta property=\"og:site_name\" content=\"Tour Travel And More\" \/>\n<meta property=\"article:publisher\" content=\"https:\/\/www.facebook.com\/tourtravelandmore\/\" \/>\n<meta property=\"article:modified_time\" content=\"2023-10-13T05:32:50+00:00\" \/>\n<meta property=\"og:image\" content=\"https:\/\/tourtravelandmore.com\/wp-content\/uploads\/2021\/04\/Tel-aviv-1-scaled.jpg\" \/>\n\t<meta property=\"og:image:width\" content=\"2560\" \/>\n\t<meta property=\"og:image:height\" content=\"1919\" \/>\n\t<meta property=\"og:image:type\" content=\"image\/jpeg\" \/>\n<meta name=\"twitter:card\" content=\"summary_large_image\" \/>\n<meta name=\"twitter:site\" content=\"@TourTravel_More\" \/>\n<meta name=\"twitter:label1\" content=\"Tiempo de lectura\" \/>\n\t<meta name=\"twitter:data1\" content=\"2 minutos\" \/>\n<script type=\"application\/ld+json\" class=\"yoast-schema-graph\">{\"@context\":\"https:\/\/schema.org\",\"@graph\":[{\"@type\":\"WebPage\",\"@id\":\"https:\/\/tourtravelandmore.com\/es\/tours\/israel-sp\/telaviv-sp\/tours-de-medio-dia-sp\/tour-privado-a-pie-por-tel-aviv\/\",\"url\":\"https:\/\/tourtravelandmore.com\/es\/tours\/israel-sp\/telaviv-sp\/tours-de-medio-dia-sp\/tour-privado-a-pie-por-tel-aviv\/\",\"name\":\"\u27a1\ufe0f Tour privado a pie por Tel Aviv | Tour Travel & More\",\"isPartOf\":{\"@id\":\"https:\/\/tourtravelandmore.com\/es\/#website\"},\"primaryImageOfPage\":{\"@id\":\"https:\/\/tourtravelandmore.com\/es\/tours\/israel-sp\/telaviv-sp\/tours-de-medio-dia-sp\/tour-privado-a-pie-por-tel-aviv\/#primaryimage\"},\"image\":{\"@id\":\"https:\/\/tourtravelandmore.com\/es\/tours\/israel-sp\/telaviv-sp\/tours-de-medio-dia-sp\/tour-privado-a-pie-por-tel-aviv\/#primaryimage\"},\"thumbnailUrl\":\"https:\/\/tourtravelandmore.com\/wp-content\/uploads\/2021\/04\/Tel-aviv-1-scaled.jpg\",\"datePublished\":\"2021-04-21T11:43:59+00:00\",\"dateModified\":\"2023-10-13T05:32:50+00:00\",\"description\":\"Tour privado de 4h a pie para conocer la ciudad de Tel Aviv, donde disfrutar\u00e1 de interesantes lugares y la belleza del mar del mediterr\u00e1neo \u2705\",\"breadcrumb\":{\"@id\":\"https:\/\/tourtravelandmore.com\/es\/tours\/israel-sp\/telaviv-sp\/tours-de-medio-dia-sp\/tour-privado-a-pie-por-tel-aviv\/#breadcrumb\"},\"inLanguage\":\"es\",\"potentialAction\":[{\"@type\":\"ReadAction\",\"target\":[\"https:\/\/tourtravelandmore.com\/es\/tours\/israel-sp\/telaviv-sp\/tours-de-medio-dia-sp\/tour-privado-a-pie-por-tel-aviv\/\"]}]},{\"@type\":\"ImageObject\",\"inLanguage\":\"es\",\"@id\":\"https:\/\/tourtravelandmore.com\/es\/tours\/israel-sp\/telaviv-sp\/tours-de-medio-dia-sp\/tour-privado-a-pie-por-tel-aviv\/#primaryimage\",\"url\":\"https:\/\/tourtravelandmore.com\/wp-content\/uploads\/2021\/04\/Tel-aviv-1-scaled.jpg\",\"contentUrl\":\"https:\/\/tourtravelandmore.com\/wp-content\/uploads\/2021\/04\/Tel-aviv-1-scaled.jpg\",\"width\":2560,\"height\":1919},{\"@type\":\"BreadcrumbList\",\"@id\":\"https:\/\/tourtravelandmore.com\/es\/tours\/israel-sp\/telaviv-sp\/tours-de-medio-dia-sp\/tour-privado-a-pie-por-tel-aviv\/#breadcrumb\",\"itemListElement\":[{\"@type\":\"ListItem\",\"position\":1,\"name\":\"Home\",\"item\":\"https:\/\/tourtravelandmore.com\/es\/\"},{\"@type\":\"ListItem\",\"position\":2,\"name\":\"Tours\",\"item\":\"https:\/\/tourtravelandmore.com\/es\/tours\/\"},{\"@type\":\"ListItem\",\"position\":3,\"name\":\"Tour Privado a pie por Tel Aviv\"}]},{\"@type\":\"WebSite\",\"@id\":\"https:\/\/tourtravelandmore.com\/es\/#website\",\"url\":\"https:\/\/tourtravelandmore.com\/es\/\",\"name\":\"Tour Travel And More\",\"description\":\"Private sightseeing tours and luxury transfers in Spain\",\"publisher\":{\"@id\":\"https:\/\/tourtravelandmore.com\/es\/#organization\"},\"potentialAction\":[{\"@type\":\"SearchAction\",\"target\":{\"@type\":\"EntryPoint\",\"urlTemplate\":\"https:\/\/tourtravelandmore.com\/es\/?s={search_term_string}\"},\"query-input\":{\"@type\":\"PropertyValueSpecification\",\"valueRequired\":true,\"valueName\":\"search_term_string\"}}],\"inLanguage\":\"es\"},{\"@type\":\"Organization\",\"@id\":\"https:\/\/tourtravelandmore.com\/es\/#organization\",\"name\":\"Tour Travel And More\",\"url\":\"https:\/\/tourtravelandmore.com\/es\/\",\"logo\":{\"@type\":\"ImageObject\",\"inLanguage\":\"es\",\"@id\":\"https:\/\/tourtravelandmore.com\/es\/#\/schema\/logo\/image\/\",\"url\":\"https:\/\/tourtravelandmore.com\/wp-content\/uploads\/2022\/12\/cropped-logo-cabecera-new.png\",\"contentUrl\":\"https:\/\/tourtravelandmore.com\/wp-content\/uploads\/2022\/12\/cropped-logo-cabecera-new.png\",\"width\":430,\"height\":61,\"caption\":\"Tour Travel And More\"},\"image\":{\"@id\":\"https:\/\/tourtravelandmore.com\/es\/#\/schema\/logo\/image\/\"},\"sameAs\":[\"https:\/\/www.facebook.com\/tourtravelandmore\/\",\"https:\/\/x.com\/TourTravel_More\"]}]}<\/script>\n<!-- \/ Yoast SEO Premium plugin. -->","yoast_head_json":{"title":"\u27a1\ufe0f Tour privado a pie por Tel Aviv | Tour Travel & More","description":"Tour privado de 4h a pie para conocer la ciudad de Tel Aviv, donde disfrutar\u00e1 de interesantes lugares y la belleza del mar del mediterr\u00e1neo \u2705","robots":{"index":"index","follow":"follow","max-snippet":"max-snippet:-1","max-image-preview":"max-image-preview:large","max-video-preview":"max-video-preview:-1"},"canonical":"https:\/\/tourtravelandmore.com\/es\/tours\/israel-sp\/telaviv-sp\/tours-de-medio-dia-sp\/tour-privado-a-pie-por-tel-aviv\/","og_locale":"es_ES","og_type":"article","og_title":"Tour Privado a pie por Tel Aviv","og_description":"Tour privado de 4h a pie para conocer la ciudad de Tel Aviv, donde disfrutar\u00e1 de interesantes lugares y la belleza del mar del mediterr\u00e1neo \u2705","og_url":"https:\/\/tourtravelandmore.com\/es\/tours\/israel-sp\/telaviv-sp\/tours-de-medio-dia-sp\/tour-privado-a-pie-por-tel-aviv\/","og_site_name":"Tour Travel And More","article_publisher":"https:\/\/www.facebook.com\/tourtravelandmore\/","article_modified_time":"2023-10-13T05:32:50+00:00","og_image":[{"width":2560,"height":1919,"url":"https:\/\/tourtravelandmore.com\/wp-content\/uploads\/2021\/04\/Tel-aviv-1-scaled.jpg","type":"image\/jpeg"}],"twitter_card":"summary_large_image","twitter_site":"@TourTravel_More","twitter_misc":{"Tiempo de lectura":"2 minutos"},"schema":{"@context":"https:\/\/schema.org","@graph":[{"@type":"WebPage","@id":"https:\/\/tourtravelandmore.com\/es\/tours\/israel-sp\/telaviv-sp\/tours-de-medio-dia-sp\/tour-privado-a-pie-por-tel-aviv\/","url":"https:\/\/tourtravelandmore.com\/es\/tours\/israel-sp\/telaviv-sp\/tours-de-medio-dia-sp\/tour-privado-a-pie-por-tel-aviv\/","name":"\u27a1\ufe0f Tour privado a pie por Tel Aviv | Tour Travel & More","isPartOf":{"@id":"https:\/\/tourtravelandmore.com\/es\/#website"},"primaryImageOfPage":{"@id":"https:\/\/tourtravelandmore.com\/es\/tours\/israel-sp\/telaviv-sp\/tours-de-medio-dia-sp\/tour-privado-a-pie-por-tel-aviv\/#primaryimage"},"image":{"@id":"https:\/\/tourtravelandmore.com\/es\/tours\/israel-sp\/telaviv-sp\/tours-de-medio-dia-sp\/tour-privado-a-pie-por-tel-aviv\/#primaryimage"},"thumbnailUrl":"https:\/\/tourtravelandmore.com\/wp-content\/uploads\/2021\/04\/Tel-aviv-1-scaled.jpg","datePublished":"2021-04-21T11:43:59+00:00","dateModified":"2023-10-13T05:32:50+00:00","description":"Tour privado de 4h a pie para conocer la ciudad de Tel Aviv, donde disfrutar\u00e1 de interesantes lugares y la belleza del mar del mediterr\u00e1neo \u2705","breadcrumb":{"@id":"https:\/\/tourtravelandmore.com\/es\/tours\/israel-sp\/telaviv-sp\/tours-de-medio-dia-sp\/tour-privado-a-pie-por-tel-aviv\/#breadcrumb"},"inLanguage":"es","potentialAction":[{"@type":"ReadAction","target":["https:\/\/tourtravelandmore.com\/es\/tours\/israel-sp\/telaviv-sp\/tours-de-medio-dia-sp\/tour-privado-a-pie-por-tel-aviv\/"]}]},{"@type":"ImageObject","inLanguage":"es","@id":"https:\/\/tourtravelandmore.com\/es\/tours\/israel-sp\/telaviv-sp\/tours-de-medio-dia-sp\/tour-privado-a-pie-por-tel-aviv\/#primaryimage","url":"https:\/\/tourtravelandmore.com\/wp-content\/uploads\/2021\/04\/Tel-aviv-1-scaled.jpg","contentUrl":"https:\/\/tourtravelandmore.com\/wp-content\/uploads\/2021\/04\/Tel-aviv-1-scaled.jpg","width":2560,"height":1919},{"@type":"BreadcrumbList","@id":"https:\/\/tourtravelandmore.com\/es\/tours\/israel-sp\/telaviv-sp\/tours-de-medio-dia-sp\/tour-privado-a-pie-por-tel-aviv\/#breadcrumb","itemListElement":[{"@type":"ListItem","position":1,"name":"Home","item":"https:\/\/tourtravelandmore.com\/es\/"},{"@type":"ListItem","position":2,"name":"Tours","item":"https:\/\/tourtravelandmore.com\/es\/tours\/"},{"@type":"ListItem","position":3,"name":"Tour Privado a pie por Tel Aviv"}]},{"@type":"WebSite","@id":"https:\/\/tourtravelandmore.com\/es\/#website","url":"https:\/\/tourtravelandmore.com\/es\/","name":"Tour Travel And More","description":"Private sightseeing tours and luxury transfers in Spain","publisher":{"@id":"https:\/\/tourtravelandmore.com\/es\/#organization"},"potentialAction":[{"@type":"SearchAction","target":{"@type":"EntryPoint","urlTemplate":"https:\/\/tourtravelandmore.com\/es\/?s={search_term_string}"},"query-input":{"@type":"PropertyValueSpecification","valueRequired":true,"valueName":"search_term_string"}}],"inLanguage":"es"},{"@type":"Organization","@id":"https:\/\/tourtravelandmore.com\/es\/#organization","name":"Tour Travel And More","url":"https:\/\/tourtravelandmore.com\/es\/","logo":{"@type":"ImageObject","inLanguage":"es","@id":"https:\/\/tourtravelandmore.com\/es\/#\/schema\/logo\/image\/","url":"https:\/\/tourtravelandmore.com\/wp-content\/uploads\/2022\/12\/cropped-logo-cabecera-new.png","contentUrl":"https:\/\/tourtravelandmore.com\/wp-content\/uploads\/2022\/12\/cropped-logo-cabecera-new.png","width":430,"height":61,"caption":"Tour Travel And More"},"image":{"@id":"https:\/\/tourtravelandmore.com\/es\/#\/schema\/logo\/image\/"},"sameAs":["https:\/\/www.facebook.com\/tourtravelandmore\/","https:\/\/x.com\/TourTravel_More"]}]}},"_links":{"self":[{"href":"https:\/\/tourtravelandmore.com\/es\/wp-json\/wp\/v2\/product\/106263","targetHints":{"allow":["GET"]}}],"collection":[{"href":"https:\/\/tourtravelandmore.com\/es\/wp-json\/wp\/v2\/product"}],"about":[{"href":"https:\/\/tourtravelandmore.com\/es\/wp-json\/wp\/v2\/types\/product"}],"replies":[{"embeddable":true,"href":"https:\/\/tourtravelandmore.com\/es\/wp-json\/wp\/v2\/comments?post=106263"}],"wp:featuredmedia":[{"embeddable":true,"href":"https:\/\/tourtravelandmore.com\/es\/wp-json\/wp\/v2\/media\/106282"}],"wp:attachment":[{"href":"https:\/\/tourtravelandmore.com\/es\/wp-json\/wp\/v2\/media?parent=106263"}],"wp:term":[{"taxonomy":"product_brand","embeddable":true,"href":"https:\/\/tourtravelandmore.com\/es\/wp-json\/wp\/v2\/product_brand?post=106263"},{"taxonomy":"product_cat","embeddable":true,"href":"https:\/\/tourtravelandmore.com\/es\/wp-json\/wp\/v2\/product_cat?post=106263"},{"taxonomy":"product_tag","embeddable":true,"href":"https:\/\/tourtravelandmore.com\/es\/wp-json\/wp\/v2\/product_tag?post=106263"}],"curies":[{"name":"wp","href":"https:\/\/api.w.org\/{rel}","templated":true}]}}