{"id":106244,"date":"2021-04-21T13:36:35","date_gmt":"2021-04-21T11:36:36","guid":{"rendered":"https:\/\/tourtravelandmore.com\/?post_type=product&#038;p=106244"},"modified":"2023-10-13T07:44:41","modified_gmt":"2023-10-13T05:44:41","slug":"excursion-privada-por-israel-desde-tel-aviv-el-antiguo-jerusalen-el-muro-occidental-y-el-mar-muerto","status":"publish","type":"product","link":"https:\/\/tourtravelandmore.com\/es\/tours\/israel-sp\/telaviv-sp\/tours-de-dia-completo-sp\/excursion-privada-por-israel-desde-tel-aviv-el-antiguo-jerusalen-el-muro-occidental-y-el-mar-muerto\/","title":{"rendered":"Excursi\u00f3n privada por Israel desde Tel Aviv: el Antiguo Jerusal\u00e9n, el Muro occidental y el Mar Muerto"},"content":{"rendered":"<h2>Descripci\u00f3n de la Excursi\u00f3n privada<\/h2>\n<p>Si por algo se ha caracterizado Israel, es por sus hermosos paisajes y la gran cantidad de informaci\u00f3n cultural que posee. Es por ello que, al explorar el gran <b>patrimonio cultural<\/b> de esta naci\u00f3n, usted podr\u00e1 disfrutar de una gran cantidad de experiencias. Y a su vez, tendr\u00e1 conocimiento en cuanto a muchas otras cosas de este pa\u00eds; por tal motivo, lo animamos a acompa\u00f1arnos en un tour privado, con el que aprovechar\u00e1 incontables experiencias inigualables.<\/p>\n<h3><b>\u00bfQu\u00e9 hay para ver el Antiguo Jerusal\u00e9n, el Muro occidental y el Mar Muerto?<\/b><\/h3>\n<p>En primer lugar, usted tendr\u00e1 la grandiosa oportunidad de disfrutar de un tour con chofer\/gu\u00eda oficial en un auto de lujo, a fin de contemplar la hermosa vista del <b>Monte de los Olivos.<\/b> Luego, podr\u00e1 acceder a los muros de la Ciudad vieja de Jerusal\u00e9n; otra opci\u00f3n que se encuentra disponible, es visitar algunos barrios cristianos, musulmanes y jud\u00edos, o recorrer el desierto de Judea, hasta llegar a la orilla que limita con el Mar Muerto.<\/p>\n<h2>Puntos emblem\u00e1ticos y de inter\u00e9s en la Excursi\u00f3n privada<\/h2>\n<h3><b>\u00bfEn qu\u00e9 parte inicia el tour privado?<\/b><\/h3>\n<p>A fin de disfrutar de este tour privado que se realiza en Israel, usted podr\u00e1 iniciarlo desde cualquier punto en Tel Aviv. Solamente debe indicarle <b>al chofer\/gu\u00eda<\/b> altamente calificado desde d\u00f3nde quiere comenzar, y este podr\u00e1 planear una visita excepcional; con la que todos los miembros que est\u00e9n presentes, disfrutar\u00e1n en gran manera.<\/p>\n<h4><b>Los principales puntos de inter\u00e9s en el Tour al Antiguo Jerusal\u00e9n, el Muro occidental y el Mar Muerto<\/b><\/h4>\n<p>Con este tour privado, usted podr\u00e1 tener un servicio personalizado bien asegurado; toda la excursi\u00f3n comenzar\u00e1 desde que lo recojan <b>en el hotel de Tel Aviv<\/b>. Luego, podr\u00e1 empezar a observar cada uno de los puntos principales dentro de la zona, entre los que destacan:<\/p>\n<ul>\n<li aria-level=\"1\"><strong>El Muro Occidental<\/strong><\/li>\n<li aria-level=\"1\"><strong>La Iglesia del Santo Sepulcro<\/strong><\/li>\n<li aria-level=\"1\"><strong>La V\u00eda Dolorosa<\/strong><\/li>\n<li aria-level=\"1\"><strong>El Jard\u00edn de Getseman\u00ed<\/strong><\/li>\n<li aria-level=\"1\"><strong>El desierto de Judea<\/strong><\/li>\n<li aria-level=\"1\"><strong>El Mar Muerto<\/strong><\/li>\n<li aria-level=\"1\"><strong>El Monte de los Olivos<\/strong><\/li>\n<li aria-level=\"1\"><strong>La C\u00fapula de la Roca<\/strong><\/li>\n<\/ul>\n<p>Vale la pena destacar el hecho de que el recorrido puede efectuarse de forma personalizada para que los usuarios puedan sentirse a gusto con todo lo que ver\u00e1n en el camino. Usted tendr\u00e1 la oportunidad de atestiguar una <b>hermosa vista panor\u00e1mica<\/b> de toda la ciudad de Jerusal\u00e9n.<\/p>\n","protected":false},"excerpt":{"rendered":"<p>No se pierda este lujoso tour por los principales sitios tur\u00edsticos de Israel, como el Antiguo Jerusal\u00e9n, el Muro Occidental, El Mar Muerto, el Jard\u00edn de Getseman\u00ed, el Monte de los Olivos y otros lugares hist\u00f3ricos que son parte importante de la cultura del lugar.<\/p>\n<p><span style=\"font-weight: 400;\">\u00a0<\/span><\/p>\n<h4><\/h4>\n","protected":false},"featured_media":106071,"comment_status":"open","ping_status":"closed","template":"","meta":{"_acf_changed":false},"product_brand":[],"product_cat":[3863,3866,3897,3893],"product_tag":[],"class_list":{"0":"post-106244","1":"product","2":"type-product","3":"status-publish","4":"has-post-thumbnail","6":"product_cat-israel-sp","7":"product_cat-telaviv-sp","8":"product_cat-todos-los-tours-y-actividades-privados-sp","9":"product_cat-tours-de-dia-completo-sp","11":"first","12":"instock","13":"shipping-taxable","14":"purchasable","15":"product-type-simple"},"acf":[],"yoast_head":"<!-- This site is optimized with the Yoast SEO Premium plugin v25.3.1 (Yoast SEO v25.3.1) - https:\/\/yoast.com\/wordpress\/plugins\/seo\/ -->\n<title>\u27a1\ufe0f Tour privado por Israel desde Tel Aviv con chofer y gu\u00eda oficial | Tour Travel &amp; More<\/title>\n<meta name=\"description\" content=\"\u2705 Aproveche un tour de lujo con chofer y gu\u00eda oficial por los sitios m\u00e1s tur\u00edsticos de Israel \u00a1Algo que sin dudas siempre recordar\u00e1! \ud83e\udd47\" \/>\n<meta name=\"robots\" content=\"index, follow, max-snippet:-1, max-image-preview:large, max-video-preview:-1\" \/>\n<link rel=\"canonical\" href=\"https:\/\/tourtravelandmore.com\/es\/tours\/israel-sp\/telaviv-sp\/tours-de-dia-completo-sp\/excursion-privada-por-israel-desde-tel-aviv-el-antiguo-jerusalen-el-muro-occidental-y-el-mar-muerto\/\" \/>\n<meta property=\"og:locale\" content=\"es_ES\" \/>\n<meta property=\"og:type\" content=\"article\" \/>\n<meta property=\"og:title\" content=\"Excursi\u00f3n privada por Israel desde Tel Aviv: el Antiguo Jerusal\u00e9n, el Muro occidental y el Mar Muerto\" \/>\n<meta property=\"og:description\" content=\"\u2705 Aproveche un tour de lujo con chofer y gu\u00eda oficial por los sitios m\u00e1s tur\u00edsticos de Israel \u00a1Algo que sin dudas siempre recordar\u00e1! \ud83e\udd47\" \/>\n<meta property=\"og:url\" content=\"https:\/\/tourtravelandmore.com\/es\/tours\/israel-sp\/telaviv-sp\/tours-de-dia-completo-sp\/excursion-privada-por-israel-desde-tel-aviv-el-antiguo-jerusalen-el-muro-occidental-y-el-mar-muerto\/\" \/>\n<meta property=\"og:site_name\" content=\"Tour Travel And More\" \/>\n<meta property=\"article:publisher\" content=\"https:\/\/www.facebook.com\/tourtravelandmore\/\" \/>\n<meta property=\"article:modified_time\" content=\"2023-10-13T05:44:41+00:00\" \/>\n<meta property=\"og:image\" content=\"https:\/\/tourtravelandmore.com\/wp-content\/uploads\/2021\/04\/Jersualem-6-scaled.jpg\" \/>\n\t<meta property=\"og:image:width\" content=\"2560\" \/>\n\t<meta property=\"og:image:height\" content=\"1707\" \/>\n\t<meta property=\"og:image:type\" content=\"image\/jpeg\" \/>\n<meta name=\"twitter:card\" content=\"summary_large_image\" \/>\n<meta name=\"twitter:site\" content=\"@TourTravel_More\" \/>\n<meta name=\"twitter:label1\" content=\"Tiempo de lectura\" \/>\n\t<meta name=\"twitter:data1\" content=\"2 minutos\" \/>\n<script type=\"application\/ld+json\" class=\"yoast-schema-graph\">{\"@context\":\"https:\/\/schema.org\",\"@graph\":[{\"@type\":\"WebPage\",\"@id\":\"https:\/\/tourtravelandmore.com\/es\/tours\/israel-sp\/telaviv-sp\/tours-de-dia-completo-sp\/excursion-privada-por-israel-desde-tel-aviv-el-antiguo-jerusalen-el-muro-occidental-y-el-mar-muerto\/\",\"url\":\"https:\/\/tourtravelandmore.com\/es\/tours\/israel-sp\/telaviv-sp\/tours-de-dia-completo-sp\/excursion-privada-por-israel-desde-tel-aviv-el-antiguo-jerusalen-el-muro-occidental-y-el-mar-muerto\/\",\"name\":\"\u27a1\ufe0f Tour privado por Israel desde Tel Aviv con chofer y gu\u00eda oficial | Tour Travel & More\",\"isPartOf\":{\"@id\":\"https:\/\/tourtravelandmore.com\/es\/#website\"},\"primaryImageOfPage\":{\"@id\":\"https:\/\/tourtravelandmore.com\/es\/tours\/israel-sp\/telaviv-sp\/tours-de-dia-completo-sp\/excursion-privada-por-israel-desde-tel-aviv-el-antiguo-jerusalen-el-muro-occidental-y-el-mar-muerto\/#primaryimage\"},\"image\":{\"@id\":\"https:\/\/tourtravelandmore.com\/es\/tours\/israel-sp\/telaviv-sp\/tours-de-dia-completo-sp\/excursion-privada-por-israel-desde-tel-aviv-el-antiguo-jerusalen-el-muro-occidental-y-el-mar-muerto\/#primaryimage\"},\"thumbnailUrl\":\"https:\/\/tourtravelandmore.com\/wp-content\/uploads\/2021\/04\/Jersualem-6-scaled.jpg\",\"datePublished\":\"2021-04-21T11:36:36+00:00\",\"dateModified\":\"2023-10-13T05:44:41+00:00\",\"description\":\"\u2705 Aproveche un tour de lujo con chofer y gu\u00eda oficial por los sitios m\u00e1s tur\u00edsticos de Israel \u00a1Algo que sin dudas siempre recordar\u00e1! \ud83e\udd47\",\"breadcrumb\":{\"@id\":\"https:\/\/tourtravelandmore.com\/es\/tours\/israel-sp\/telaviv-sp\/tours-de-dia-completo-sp\/excursion-privada-por-israel-desde-tel-aviv-el-antiguo-jerusalen-el-muro-occidental-y-el-mar-muerto\/#breadcrumb\"},\"inLanguage\":\"es\",\"potentialAction\":[{\"@type\":\"ReadAction\",\"target\":[\"https:\/\/tourtravelandmore.com\/es\/tours\/israel-sp\/telaviv-sp\/tours-de-dia-completo-sp\/excursion-privada-por-israel-desde-tel-aviv-el-antiguo-jerusalen-el-muro-occidental-y-el-mar-muerto\/\"]}]},{\"@type\":\"ImageObject\",\"inLanguage\":\"es\",\"@id\":\"https:\/\/tourtravelandmore.com\/es\/tours\/israel-sp\/telaviv-sp\/tours-de-dia-completo-sp\/excursion-privada-por-israel-desde-tel-aviv-el-antiguo-jerusalen-el-muro-occidental-y-el-mar-muerto\/#primaryimage\",\"url\":\"https:\/\/tourtravelandmore.com\/wp-content\/uploads\/2021\/04\/Jersualem-6-scaled.jpg\",\"contentUrl\":\"https:\/\/tourtravelandmore.com\/wp-content\/uploads\/2021\/04\/Jersualem-6-scaled.jpg\",\"width\":2560,\"height\":1707},{\"@type\":\"BreadcrumbList\",\"@id\":\"https:\/\/tourtravelandmore.com\/es\/tours\/israel-sp\/telaviv-sp\/tours-de-dia-completo-sp\/excursion-privada-por-israel-desde-tel-aviv-el-antiguo-jerusalen-el-muro-occidental-y-el-mar-muerto\/#breadcrumb\",\"itemListElement\":[{\"@type\":\"ListItem\",\"position\":1,\"name\":\"Home\",\"item\":\"https:\/\/tourtravelandmore.com\/es\/\"},{\"@type\":\"ListItem\",\"position\":2,\"name\":\"Tours\",\"item\":\"https:\/\/tourtravelandmore.com\/es\/tours\/\"},{\"@type\":\"ListItem\",\"position\":3,\"name\":\"Excursi\u00f3n privada por Israel desde Tel Aviv: el Antiguo Jerusal\u00e9n, el Muro occidental y el Mar Muerto\"}]},{\"@type\":\"WebSite\",\"@id\":\"https:\/\/tourtravelandmore.com\/es\/#website\",\"url\":\"https:\/\/tourtravelandmore.com\/es\/\",\"name\":\"Tour Travel And More\",\"description\":\"Private sightseeing tours and luxury transfers in Spain\",\"publisher\":{\"@id\":\"https:\/\/tourtravelandmore.com\/es\/#organization\"},\"potentialAction\":[{\"@type\":\"SearchAction\",\"target\":{\"@type\":\"EntryPoint\",\"urlTemplate\":\"https:\/\/tourtravelandmore.com\/es\/?s={search_term_string}\"},\"query-input\":{\"@type\":\"PropertyValueSpecification\",\"valueRequired\":true,\"valueName\":\"search_term_string\"}}],\"inLanguage\":\"es\"},{\"@type\":\"Organization\",\"@id\":\"https:\/\/tourtravelandmore.com\/es\/#organization\",\"name\":\"Tour Travel And More\",\"url\":\"https:\/\/tourtravelandmore.com\/es\/\",\"logo\":{\"@type\":\"ImageObject\",\"inLanguage\":\"es\",\"@id\":\"https:\/\/tourtravelandmore.com\/es\/#\/schema\/logo\/image\/\",\"url\":\"https:\/\/tourtravelandmore.com\/wp-content\/uploads\/2022\/12\/cropped-logo-cabecera-new.png\",\"contentUrl\":\"https:\/\/tourtravelandmore.com\/wp-content\/uploads\/2022\/12\/cropped-logo-cabecera-new.png\",\"width\":430,\"height\":61,\"caption\":\"Tour Travel And More\"},\"image\":{\"@id\":\"https:\/\/tourtravelandmore.com\/es\/#\/schema\/logo\/image\/\"},\"sameAs\":[\"https:\/\/www.facebook.com\/tourtravelandmore\/\",\"https:\/\/x.com\/TourTravel_More\"]}]}<\/script>\n<!-- \/ Yoast SEO Premium plugin. -->","yoast_head_json":{"title":"\u27a1\ufe0f Tour privado por Israel desde Tel Aviv con chofer y gu\u00eda oficial | Tour Travel & More","description":"\u2705 Aproveche un tour de lujo con chofer y gu\u00eda oficial por los sitios m\u00e1s tur\u00edsticos de Israel \u00a1Algo que sin dudas siempre recordar\u00e1! \ud83e\udd47","robots":{"index":"index","follow":"follow","max-snippet":"max-snippet:-1","max-image-preview":"max-image-preview:large","max-video-preview":"max-video-preview:-1"},"canonical":"https:\/\/tourtravelandmore.com\/es\/tours\/israel-sp\/telaviv-sp\/tours-de-dia-completo-sp\/excursion-privada-por-israel-desde-tel-aviv-el-antiguo-jerusalen-el-muro-occidental-y-el-mar-muerto\/","og_locale":"es_ES","og_type":"article","og_title":"Excursi\u00f3n privada por Israel desde Tel Aviv: el Antiguo Jerusal\u00e9n, el Muro occidental y el Mar Muerto","og_description":"\u2705 Aproveche un tour de lujo con chofer y gu\u00eda oficial por los sitios m\u00e1s tur\u00edsticos de Israel \u00a1Algo que sin dudas siempre recordar\u00e1! \ud83e\udd47","og_url":"https:\/\/tourtravelandmore.com\/es\/tours\/israel-sp\/telaviv-sp\/tours-de-dia-completo-sp\/excursion-privada-por-israel-desde-tel-aviv-el-antiguo-jerusalen-el-muro-occidental-y-el-mar-muerto\/","og_site_name":"Tour Travel And More","article_publisher":"https:\/\/www.facebook.com\/tourtravelandmore\/","article_modified_time":"2023-10-13T05:44:41+00:00","og_image":[{"width":2560,"height":1707,"url":"https:\/\/tourtravelandmore.com\/wp-content\/uploads\/2021\/04\/Jersualem-6-scaled.jpg","type":"image\/jpeg"}],"twitter_card":"summary_large_image","twitter_site":"@TourTravel_More","twitter_misc":{"Tiempo de lectura":"2 minutos"},"schema":{"@context":"https:\/\/schema.org","@graph":[{"@type":"WebPage","@id":"https:\/\/tourtravelandmore.com\/es\/tours\/israel-sp\/telaviv-sp\/tours-de-dia-completo-sp\/excursion-privada-por-israel-desde-tel-aviv-el-antiguo-jerusalen-el-muro-occidental-y-el-mar-muerto\/","url":"https:\/\/tourtravelandmore.com\/es\/tours\/israel-sp\/telaviv-sp\/tours-de-dia-completo-sp\/excursion-privada-por-israel-desde-tel-aviv-el-antiguo-jerusalen-el-muro-occidental-y-el-mar-muerto\/","name":"\u27a1\ufe0f Tour privado por Israel desde Tel Aviv con chofer y gu\u00eda oficial | Tour Travel & More","isPartOf":{"@id":"https:\/\/tourtravelandmore.com\/es\/#website"},"primaryImageOfPage":{"@id":"https:\/\/tourtravelandmore.com\/es\/tours\/israel-sp\/telaviv-sp\/tours-de-dia-completo-sp\/excursion-privada-por-israel-desde-tel-aviv-el-antiguo-jerusalen-el-muro-occidental-y-el-mar-muerto\/#primaryimage"},"image":{"@id":"https:\/\/tourtravelandmore.com\/es\/tours\/israel-sp\/telaviv-sp\/tours-de-dia-completo-sp\/excursion-privada-por-israel-desde-tel-aviv-el-antiguo-jerusalen-el-muro-occidental-y-el-mar-muerto\/#primaryimage"},"thumbnailUrl":"https:\/\/tourtravelandmore.com\/wp-content\/uploads\/2021\/04\/Jersualem-6-scaled.jpg","datePublished":"2021-04-21T11:36:36+00:00","dateModified":"2023-10-13T05:44:41+00:00","description":"\u2705 Aproveche un tour de lujo con chofer y gu\u00eda oficial por los sitios m\u00e1s tur\u00edsticos de Israel \u00a1Algo que sin dudas siempre recordar\u00e1! \ud83e\udd47","breadcrumb":{"@id":"https:\/\/tourtravelandmore.com\/es\/tours\/israel-sp\/telaviv-sp\/tours-de-dia-completo-sp\/excursion-privada-por-israel-desde-tel-aviv-el-antiguo-jerusalen-el-muro-occidental-y-el-mar-muerto\/#breadcrumb"},"inLanguage":"es","potentialAction":[{"@type":"ReadAction","target":["https:\/\/tourtravelandmore.com\/es\/tours\/israel-sp\/telaviv-sp\/tours-de-dia-completo-sp\/excursion-privada-por-israel-desde-tel-aviv-el-antiguo-jerusalen-el-muro-occidental-y-el-mar-muerto\/"]}]},{"@type":"ImageObject","inLanguage":"es","@id":"https:\/\/tourtravelandmore.com\/es\/tours\/israel-sp\/telaviv-sp\/tours-de-dia-completo-sp\/excursion-privada-por-israel-desde-tel-aviv-el-antiguo-jerusalen-el-muro-occidental-y-el-mar-muerto\/#primaryimage","url":"https:\/\/tourtravelandmore.com\/wp-content\/uploads\/2021\/04\/Jersualem-6-scaled.jpg","contentUrl":"https:\/\/tourtravelandmore.com\/wp-content\/uploads\/2021\/04\/Jersualem-6-scaled.jpg","width":2560,"height":1707},{"@type":"BreadcrumbList","@id":"https:\/\/tourtravelandmore.com\/es\/tours\/israel-sp\/telaviv-sp\/tours-de-dia-completo-sp\/excursion-privada-por-israel-desde-tel-aviv-el-antiguo-jerusalen-el-muro-occidental-y-el-mar-muerto\/#breadcrumb","itemListElement":[{"@type":"ListItem","position":1,"name":"Home","item":"https:\/\/tourtravelandmore.com\/es\/"},{"@type":"ListItem","position":2,"name":"Tours","item":"https:\/\/tourtravelandmore.com\/es\/tours\/"},{"@type":"ListItem","position":3,"name":"Excursi\u00f3n privada por Israel desde Tel Aviv: el Antiguo Jerusal\u00e9n, el Muro occidental y el Mar Muerto"}]},{"@type":"WebSite","@id":"https:\/\/tourtravelandmore.com\/es\/#website","url":"https:\/\/tourtravelandmore.com\/es\/","name":"Tour Travel And More","description":"Private sightseeing tours and luxury transfers in Spain","publisher":{"@id":"https:\/\/tourtravelandmore.com\/es\/#organization"},"potentialAction":[{"@type":"SearchAction","target":{"@type":"EntryPoint","urlTemplate":"https:\/\/tourtravelandmore.com\/es\/?s={search_term_string}"},"query-input":{"@type":"PropertyValueSpecification","valueRequired":true,"valueName":"search_term_string"}}],"inLanguage":"es"},{"@type":"Organization","@id":"https:\/\/tourtravelandmore.com\/es\/#organization","name":"Tour Travel And More","url":"https:\/\/tourtravelandmore.com\/es\/","logo":{"@type":"ImageObject","inLanguage":"es","@id":"https:\/\/tourtravelandmore.com\/es\/#\/schema\/logo\/image\/","url":"https:\/\/tourtravelandmore.com\/wp-content\/uploads\/2022\/12\/cropped-logo-cabecera-new.png","contentUrl":"https:\/\/tourtravelandmore.com\/wp-content\/uploads\/2022\/12\/cropped-logo-cabecera-new.png","width":430,"height":61,"caption":"Tour Travel And More"},"image":{"@id":"https:\/\/tourtravelandmore.com\/es\/#\/schema\/logo\/image\/"},"sameAs":["https:\/\/www.facebook.com\/tourtravelandmore\/","https:\/\/x.com\/TourTravel_More"]}]}},"_links":{"self":[{"href":"https:\/\/tourtravelandmore.com\/es\/wp-json\/wp\/v2\/product\/106244","targetHints":{"allow":["GET"]}}],"collection":[{"href":"https:\/\/tourtravelandmore.com\/es\/wp-json\/wp\/v2\/product"}],"about":[{"href":"https:\/\/tourtravelandmore.com\/es\/wp-json\/wp\/v2\/types\/product"}],"replies":[{"embeddable":true,"href":"https:\/\/tourtravelandmore.com\/es\/wp-json\/wp\/v2\/comments?post=106244"}],"wp:featuredmedia":[{"embeddable":true,"href":"https:\/\/tourtravelandmore.com\/es\/wp-json\/wp\/v2\/media\/106071"}],"wp:attachment":[{"href":"https:\/\/tourtravelandmore.com\/es\/wp-json\/wp\/v2\/media?parent=106244"}],"wp:term":[{"taxonomy":"product_brand","embeddable":true,"href":"https:\/\/tourtravelandmore.com\/es\/wp-json\/wp\/v2\/product_brand?post=106244"},{"taxonomy":"product_cat","embeddable":true,"href":"https:\/\/tourtravelandmore.com\/es\/wp-json\/wp\/v2\/product_cat?post=106244"},{"taxonomy":"product_tag","embeddable":true,"href":"https:\/\/tourtravelandmore.com\/es\/wp-json\/wp\/v2\/product_tag?post=106244"}],"curies":[{"name":"wp","href":"https:\/\/api.w.org\/{rel}","templated":true}]}}