{"id":106215,"date":"2021-04-21T13:23:45","date_gmt":"2021-04-21T11:23:46","guid":{"rendered":"https:\/\/tourtravelandmore.com\/?post_type=product&#038;p=106215"},"modified":"2023-10-09T07:55:57","modified_gmt":"2023-10-09T05:55:57","slug":"excursion-privada-de-un-dia-a-nazaret-tiberiades-y-el-mar-de-galilea-desde-tel-aviv","status":"publish","type":"product","link":"https:\/\/tourtravelandmore.com\/es\/tours\/israel-sp\/telaviv-sp\/tours-de-dia-completo-sp\/excursion-privada-de-un-dia-a-nazaret-tiberiades-y-el-mar-de-galilea-desde-tel-aviv\/","title":{"rendered":"Excursi\u00f3n privada de un d\u00eda a Nazaret, Tiber\u00edades y el Mar de Galilea desde Tel Aviv"},"content":{"rendered":"<h2>Descripci\u00f3n de la Excursi\u00f3n privada de un d\u00eda a Nazaret, Tiber\u00edades y el Mar de Galilea.<\/h2>\n<p>Muchas personas desean hacer una visita hacia <b>Nazaret, Tiber\u00edades y el mar de Galilea<\/b>; pero se necesita realizar un viaje completo y de la mejor calidad para poder aprovechar al m\u00e1ximo toda esta experiencia. Por tal motivo, le animamos a emprender una aventura totalmente inolvidable con nosotros, y aprovechar una extensa cantidad de posibilidades que se har\u00e1n disponibles para usted gracias a este viaje.<\/p>\n<h4><b>\u00bfQu\u00e9 se puede disfrutar en la excursi\u00f3n de un d\u00eda a Nazaret, Tiber\u00edades y el mar de Galilea?<\/b><\/h4>\n<p>Si usted desea disfrutar y conocer con mayor profundidad las caracter\u00edsticas de la historia b\u00edblica en Israel, la opci\u00f3n perfecta es uno de nuestros <b>tours privados en auto de lujo con chofer\/gu\u00eda oficial<\/b>. Podr\u00e1 hacer una visita hacia la zona de la bas\u00edlica arqueada, al igual que muchos santuarios ocultos que se encuentran en la Iglesia de la Anunciaci\u00f3n. Las criptas silenciosas tambi\u00e9n forman parte del asombroso recorrido; estas se encuentran debajo de la Iglesia de San Jos\u00e9.<\/p>\n<p>Por otra parte, podr\u00e1 seguir muy cuidadosamente todos los pasos de Jes\u00fas que se describen en la Biblia. Hasta podr\u00e1 ingresar en Capernaum y observar por s\u00ed mismo cada una de las ruinas que pertenec\u00edan a las sinagogas en las que ense\u00f1\u00f3 el mism\u00edsimo Jesucristo. Y finalmente, podr\u00e1 detenerse y encontrar el lugar <b>donde se efectuaban los bautismos<\/b> en el pasado: El R\u00edo Jord\u00e1n.<\/p>\n<h2>Puntos emblem\u00e1ticos y de inter\u00e9s<\/h2>\n<h4><b>\u00bfEn qu\u00e9 parte inicia la excursi\u00f3n privada a Nazaret, Tiber\u00edades y el mar de Galilea?<\/b><\/h4>\n<p>Vale la pena destacar el hecho de que el recorrido comenzar\u00e1 desde que lo recojan en su hotel en Tel Aviv; pero antes de esto, usted tendr\u00e1 la gran oportunidad de disfrutar de una de las m\u00e1s hermosas vistas del campo que existen. Posteriormente, <b>el chofer\/gu\u00eda oficial<\/b> designado para hacer el traslado se encargar\u00e1 de darle un recorrido \u00fanico por toda la zona; se tratar\u00e1 de una experiencia que jam\u00e1s olvidar\u00e1.<\/p>\n<h4><b>Qu\u00e9 esperar en el viaje<\/b><\/h4>\n<p>Podr\u00eda decirse que toda esta gira por la regi\u00f3n de Nazaret, Tiber\u00edades y el mar de Galilea desde Tel Aviv comprende una gran cantidad de <b>sitios cristianos<\/b> considerados como importantes. Existen muchos lugares a los que usted puede acudir; por ejemplo, podemos mencionar:<\/p>\n<ul>\n<li aria-level=\"1\"><strong>El R\u00edo Jord\u00e1n<\/strong><\/li>\n<li aria-level=\"1\"><strong>La Iglesia de la Anunciaci\u00f3n<\/strong><\/li>\n<li aria-level=\"1\"><strong>La Iglesia de San Jos\u00e9<\/strong><\/li>\n<li aria-level=\"1\"><strong>Kafr Kanna<\/strong><\/li>\n<li aria-level=\"1\"><strong>Las orillas del Mar de Galilea<\/strong><\/li>\n<li aria-level=\"1\"><strong>La Iglesia de la Multiplicaci\u00f3n<\/strong><\/li>\n<li aria-level=\"1\"><strong>El sitio bautismal de Yardenit<\/strong><\/li>\n<li aria-level=\"1\"><strong>El Monte Tabor<\/strong><\/li>\n<li aria-level=\"1\"><strong>El Monte de la transfiguraci\u00f3n<\/strong><\/li>\n<\/ul>\n<p>Tambi\u00e9n se encuentra una <b>entrada incluida<\/b> a Jordan River Baptism Site; adem\u00e1s, el chofer\/gu\u00eda oficial se encargar\u00e1 de que usted aproveche al m\u00e1ximo toda esta experiencia. Por lo que lo animamos a ponerse en contacto con nosotros; as\u00ed, podr\u00e1 visitar todos estos lugares maravillosos.<\/p>\n","protected":false},"excerpt":{"rendered":"<p>Aproveche la grandiosa oportunidad de estar presente en Nazaret, Tiber\u00edades y el Mar de Galilea. Todo esto es posible mediante el tour privado que le ofrecemos. \u00a1Cont\u00e1ctenos! Y benef\u00edciese del gran tour que le espera.<\/p>\n<p><span style=\"font-weight: 400;\">\u00a0<\/span><\/p>\n<h4><\/h4>\n","protected":false},"featured_media":106241,"comment_status":"open","ping_status":"closed","template":"","meta":{"_acf_changed":false},"product_brand":[],"product_cat":[3863,3865,3900,3903,3901,3866,3897,3893,3896],"product_tag":[],"class_list":{"0":"post-106215","1":"product","2":"type-product","3":"status-publish","4":"has-post-thumbnail","6":"product_cat-israel-sp","7":"product_cat-jerusalem-sp","8":"product_cat-todos-los-tours-privados-sp","9":"product_cat-tours-de-dia-completo-sp-es","10":"product_cat-crucero-sp-es","11":"product_cat-telaviv-sp","12":"product_cat-todos-los-tours-y-actividades-privados-sp","13":"product_cat-tours-de-dia-completo-sp","14":"product_cat-crucero-sp","16":"first","17":"instock","18":"shipping-taxable","19":"purchasable","20":"product-type-simple"},"acf":[],"yoast_head":"<!-- This site is optimized with the Yoast SEO Premium plugin v25.3.1 (Yoast SEO v25.3.1) - https:\/\/yoast.com\/wordpress\/plugins\/seo\/ -->\n<title>\u27a1\ufe0f Excursi\u00f3n privada a Nazaret, Tiber\u00edades y el Mar de Galilea | Tour Travel &amp; More<\/title>\n<meta name=\"description\" content=\"\u00bfDesea visitar las regiones de Nazaret, Tiber\u00edades y el Mar de Galilea? \u00a1Entonces esta es su mejor opci\u00f3n! \u2705\" \/>\n<meta name=\"robots\" content=\"index, follow, max-snippet:-1, max-image-preview:large, max-video-preview:-1\" \/>\n<link rel=\"canonical\" href=\"https:\/\/tourtravelandmore.com\/es\/tours\/israel-sp\/telaviv-sp\/tours-de-dia-completo-sp\/excursion-privada-de-un-dia-a-nazaret-tiberiades-y-el-mar-de-galilea-desde-tel-aviv\/\" \/>\n<meta property=\"og:locale\" content=\"es_ES\" \/>\n<meta property=\"og:type\" content=\"article\" \/>\n<meta property=\"og:title\" content=\"Excursi\u00f3n privada de un d\u00eda a Nazaret, Tiber\u00edades y el Mar de Galilea desde Tel Aviv\" \/>\n<meta property=\"og:description\" content=\"\u00bfDesea visitar las regiones de Nazaret, Tiber\u00edades y el Mar de Galilea? \u00a1Entonces esta es su mejor opci\u00f3n! \u2705\" \/>\n<meta property=\"og:url\" content=\"https:\/\/tourtravelandmore.com\/es\/tours\/israel-sp\/telaviv-sp\/tours-de-dia-completo-sp\/excursion-privada-de-un-dia-a-nazaret-tiberiades-y-el-mar-de-galilea-desde-tel-aviv\/\" \/>\n<meta property=\"og:site_name\" content=\"Tour Travel And More\" \/>\n<meta property=\"article:publisher\" content=\"https:\/\/www.facebook.com\/tourtravelandmore\/\" \/>\n<meta property=\"article:modified_time\" content=\"2023-10-09T05:55:57+00:00\" \/>\n<meta property=\"og:image\" content=\"https:\/\/tourtravelandmore.com\/wp-content\/uploads\/2021\/04\/Nazareth-scaled.jpg\" \/>\n\t<meta property=\"og:image:width\" content=\"1920\" \/>\n\t<meta property=\"og:image:height\" content=\"2560\" \/>\n\t<meta property=\"og:image:type\" content=\"image\/jpeg\" \/>\n<meta name=\"twitter:card\" content=\"summary_large_image\" \/>\n<meta name=\"twitter:site\" content=\"@TourTravel_More\" \/>\n<meta name=\"twitter:label1\" content=\"Tiempo de lectura\" \/>\n\t<meta name=\"twitter:data1\" content=\"2 minutos\" \/>\n<script type=\"application\/ld+json\" class=\"yoast-schema-graph\">{\"@context\":\"https:\/\/schema.org\",\"@graph\":[{\"@type\":\"WebPage\",\"@id\":\"https:\/\/tourtravelandmore.com\/es\/tours\/israel-sp\/telaviv-sp\/tours-de-dia-completo-sp\/excursion-privada-de-un-dia-a-nazaret-tiberiades-y-el-mar-de-galilea-desde-tel-aviv\/\",\"url\":\"https:\/\/tourtravelandmore.com\/es\/tours\/israel-sp\/telaviv-sp\/tours-de-dia-completo-sp\/excursion-privada-de-un-dia-a-nazaret-tiberiades-y-el-mar-de-galilea-desde-tel-aviv\/\",\"name\":\"\u27a1\ufe0f Excursi\u00f3n privada a Nazaret, Tiber\u00edades y el Mar de Galilea | Tour Travel & More\",\"isPartOf\":{\"@id\":\"https:\/\/tourtravelandmore.com\/es\/#website\"},\"primaryImageOfPage\":{\"@id\":\"https:\/\/tourtravelandmore.com\/es\/tours\/israel-sp\/telaviv-sp\/tours-de-dia-completo-sp\/excursion-privada-de-un-dia-a-nazaret-tiberiades-y-el-mar-de-galilea-desde-tel-aviv\/#primaryimage\"},\"image\":{\"@id\":\"https:\/\/tourtravelandmore.com\/es\/tours\/israel-sp\/telaviv-sp\/tours-de-dia-completo-sp\/excursion-privada-de-un-dia-a-nazaret-tiberiades-y-el-mar-de-galilea-desde-tel-aviv\/#primaryimage\"},\"thumbnailUrl\":\"https:\/\/tourtravelandmore.com\/wp-content\/uploads\/2021\/04\/Nazareth-scaled.jpg\",\"datePublished\":\"2021-04-21T11:23:46+00:00\",\"dateModified\":\"2023-10-09T05:55:57+00:00\",\"description\":\"\u00bfDesea visitar las regiones de Nazaret, Tiber\u00edades y el Mar de Galilea? \u00a1Entonces esta es su mejor opci\u00f3n! \u2705\",\"breadcrumb\":{\"@id\":\"https:\/\/tourtravelandmore.com\/es\/tours\/israel-sp\/telaviv-sp\/tours-de-dia-completo-sp\/excursion-privada-de-un-dia-a-nazaret-tiberiades-y-el-mar-de-galilea-desde-tel-aviv\/#breadcrumb\"},\"inLanguage\":\"es\",\"potentialAction\":[{\"@type\":\"ReadAction\",\"target\":[\"https:\/\/tourtravelandmore.com\/es\/tours\/israel-sp\/telaviv-sp\/tours-de-dia-completo-sp\/excursion-privada-de-un-dia-a-nazaret-tiberiades-y-el-mar-de-galilea-desde-tel-aviv\/\"]}]},{\"@type\":\"ImageObject\",\"inLanguage\":\"es\",\"@id\":\"https:\/\/tourtravelandmore.com\/es\/tours\/israel-sp\/telaviv-sp\/tours-de-dia-completo-sp\/excursion-privada-de-un-dia-a-nazaret-tiberiades-y-el-mar-de-galilea-desde-tel-aviv\/#primaryimage\",\"url\":\"https:\/\/tourtravelandmore.com\/wp-content\/uploads\/2021\/04\/Nazareth-scaled.jpg\",\"contentUrl\":\"https:\/\/tourtravelandmore.com\/wp-content\/uploads\/2021\/04\/Nazareth-scaled.jpg\",\"width\":1920,\"height\":2560},{\"@type\":\"BreadcrumbList\",\"@id\":\"https:\/\/tourtravelandmore.com\/es\/tours\/israel-sp\/telaviv-sp\/tours-de-dia-completo-sp\/excursion-privada-de-un-dia-a-nazaret-tiberiades-y-el-mar-de-galilea-desde-tel-aviv\/#breadcrumb\",\"itemListElement\":[{\"@type\":\"ListItem\",\"position\":1,\"name\":\"Home\",\"item\":\"https:\/\/tourtravelandmore.com\/es\/\"},{\"@type\":\"ListItem\",\"position\":2,\"name\":\"Tours\",\"item\":\"https:\/\/tourtravelandmore.com\/es\/tours\/\"},{\"@type\":\"ListItem\",\"position\":3,\"name\":\"Excursi\u00f3n privada de un d\u00eda a Nazaret, Tiber\u00edades y el Mar de Galilea desde Tel Aviv\"}]},{\"@type\":\"WebSite\",\"@id\":\"https:\/\/tourtravelandmore.com\/es\/#website\",\"url\":\"https:\/\/tourtravelandmore.com\/es\/\",\"name\":\"Tour Travel And More\",\"description\":\"Private sightseeing tours and luxury transfers in Spain\",\"publisher\":{\"@id\":\"https:\/\/tourtravelandmore.com\/es\/#organization\"},\"potentialAction\":[{\"@type\":\"SearchAction\",\"target\":{\"@type\":\"EntryPoint\",\"urlTemplate\":\"https:\/\/tourtravelandmore.com\/es\/?s={search_term_string}\"},\"query-input\":{\"@type\":\"PropertyValueSpecification\",\"valueRequired\":true,\"valueName\":\"search_term_string\"}}],\"inLanguage\":\"es\"},{\"@type\":\"Organization\",\"@id\":\"https:\/\/tourtravelandmore.com\/es\/#organization\",\"name\":\"Tour Travel And More\",\"url\":\"https:\/\/tourtravelandmore.com\/es\/\",\"logo\":{\"@type\":\"ImageObject\",\"inLanguage\":\"es\",\"@id\":\"https:\/\/tourtravelandmore.com\/es\/#\/schema\/logo\/image\/\",\"url\":\"https:\/\/tourtravelandmore.com\/wp-content\/uploads\/2022\/12\/cropped-logo-cabecera-new.png\",\"contentUrl\":\"https:\/\/tourtravelandmore.com\/wp-content\/uploads\/2022\/12\/cropped-logo-cabecera-new.png\",\"width\":430,\"height\":61,\"caption\":\"Tour Travel And More\"},\"image\":{\"@id\":\"https:\/\/tourtravelandmore.com\/es\/#\/schema\/logo\/image\/\"},\"sameAs\":[\"https:\/\/www.facebook.com\/tourtravelandmore\/\",\"https:\/\/x.com\/TourTravel_More\"]}]}<\/script>\n<!-- \/ Yoast SEO Premium plugin. -->","yoast_head_json":{"title":"\u27a1\ufe0f Excursi\u00f3n privada a Nazaret, Tiber\u00edades y el Mar de Galilea | Tour Travel & More","description":"\u00bfDesea visitar las regiones de Nazaret, Tiber\u00edades y el Mar de Galilea? \u00a1Entonces esta es su mejor opci\u00f3n! \u2705","robots":{"index":"index","follow":"follow","max-snippet":"max-snippet:-1","max-image-preview":"max-image-preview:large","max-video-preview":"max-video-preview:-1"},"canonical":"https:\/\/tourtravelandmore.com\/es\/tours\/israel-sp\/telaviv-sp\/tours-de-dia-completo-sp\/excursion-privada-de-un-dia-a-nazaret-tiberiades-y-el-mar-de-galilea-desde-tel-aviv\/","og_locale":"es_ES","og_type":"article","og_title":"Excursi\u00f3n privada de un d\u00eda a Nazaret, Tiber\u00edades y el Mar de Galilea desde Tel Aviv","og_description":"\u00bfDesea visitar las regiones de Nazaret, Tiber\u00edades y el Mar de Galilea? \u00a1Entonces esta es su mejor opci\u00f3n! \u2705","og_url":"https:\/\/tourtravelandmore.com\/es\/tours\/israel-sp\/telaviv-sp\/tours-de-dia-completo-sp\/excursion-privada-de-un-dia-a-nazaret-tiberiades-y-el-mar-de-galilea-desde-tel-aviv\/","og_site_name":"Tour Travel And More","article_publisher":"https:\/\/www.facebook.com\/tourtravelandmore\/","article_modified_time":"2023-10-09T05:55:57+00:00","og_image":[{"width":1920,"height":2560,"url":"https:\/\/tourtravelandmore.com\/wp-content\/uploads\/2021\/04\/Nazareth-scaled.jpg","type":"image\/jpeg"}],"twitter_card":"summary_large_image","twitter_site":"@TourTravel_More","twitter_misc":{"Tiempo de lectura":"2 minutos"},"schema":{"@context":"https:\/\/schema.org","@graph":[{"@type":"WebPage","@id":"https:\/\/tourtravelandmore.com\/es\/tours\/israel-sp\/telaviv-sp\/tours-de-dia-completo-sp\/excursion-privada-de-un-dia-a-nazaret-tiberiades-y-el-mar-de-galilea-desde-tel-aviv\/","url":"https:\/\/tourtravelandmore.com\/es\/tours\/israel-sp\/telaviv-sp\/tours-de-dia-completo-sp\/excursion-privada-de-un-dia-a-nazaret-tiberiades-y-el-mar-de-galilea-desde-tel-aviv\/","name":"\u27a1\ufe0f Excursi\u00f3n privada a Nazaret, Tiber\u00edades y el Mar de Galilea | Tour Travel & More","isPartOf":{"@id":"https:\/\/tourtravelandmore.com\/es\/#website"},"primaryImageOfPage":{"@id":"https:\/\/tourtravelandmore.com\/es\/tours\/israel-sp\/telaviv-sp\/tours-de-dia-completo-sp\/excursion-privada-de-un-dia-a-nazaret-tiberiades-y-el-mar-de-galilea-desde-tel-aviv\/#primaryimage"},"image":{"@id":"https:\/\/tourtravelandmore.com\/es\/tours\/israel-sp\/telaviv-sp\/tours-de-dia-completo-sp\/excursion-privada-de-un-dia-a-nazaret-tiberiades-y-el-mar-de-galilea-desde-tel-aviv\/#primaryimage"},"thumbnailUrl":"https:\/\/tourtravelandmore.com\/wp-content\/uploads\/2021\/04\/Nazareth-scaled.jpg","datePublished":"2021-04-21T11:23:46+00:00","dateModified":"2023-10-09T05:55:57+00:00","description":"\u00bfDesea visitar las regiones de Nazaret, Tiber\u00edades y el Mar de Galilea? \u00a1Entonces esta es su mejor opci\u00f3n! \u2705","breadcrumb":{"@id":"https:\/\/tourtravelandmore.com\/es\/tours\/israel-sp\/telaviv-sp\/tours-de-dia-completo-sp\/excursion-privada-de-un-dia-a-nazaret-tiberiades-y-el-mar-de-galilea-desde-tel-aviv\/#breadcrumb"},"inLanguage":"es","potentialAction":[{"@type":"ReadAction","target":["https:\/\/tourtravelandmore.com\/es\/tours\/israel-sp\/telaviv-sp\/tours-de-dia-completo-sp\/excursion-privada-de-un-dia-a-nazaret-tiberiades-y-el-mar-de-galilea-desde-tel-aviv\/"]}]},{"@type":"ImageObject","inLanguage":"es","@id":"https:\/\/tourtravelandmore.com\/es\/tours\/israel-sp\/telaviv-sp\/tours-de-dia-completo-sp\/excursion-privada-de-un-dia-a-nazaret-tiberiades-y-el-mar-de-galilea-desde-tel-aviv\/#primaryimage","url":"https:\/\/tourtravelandmore.com\/wp-content\/uploads\/2021\/04\/Nazareth-scaled.jpg","contentUrl":"https:\/\/tourtravelandmore.com\/wp-content\/uploads\/2021\/04\/Nazareth-scaled.jpg","width":1920,"height":2560},{"@type":"BreadcrumbList","@id":"https:\/\/tourtravelandmore.com\/es\/tours\/israel-sp\/telaviv-sp\/tours-de-dia-completo-sp\/excursion-privada-de-un-dia-a-nazaret-tiberiades-y-el-mar-de-galilea-desde-tel-aviv\/#breadcrumb","itemListElement":[{"@type":"ListItem","position":1,"name":"Home","item":"https:\/\/tourtravelandmore.com\/es\/"},{"@type":"ListItem","position":2,"name":"Tours","item":"https:\/\/tourtravelandmore.com\/es\/tours\/"},{"@type":"ListItem","position":3,"name":"Excursi\u00f3n privada de un d\u00eda a Nazaret, Tiber\u00edades y el Mar de Galilea desde Tel Aviv"}]},{"@type":"WebSite","@id":"https:\/\/tourtravelandmore.com\/es\/#website","url":"https:\/\/tourtravelandmore.com\/es\/","name":"Tour Travel And More","description":"Private sightseeing tours and luxury transfers in Spain","publisher":{"@id":"https:\/\/tourtravelandmore.com\/es\/#organization"},"potentialAction":[{"@type":"SearchAction","target":{"@type":"EntryPoint","urlTemplate":"https:\/\/tourtravelandmore.com\/es\/?s={search_term_string}"},"query-input":{"@type":"PropertyValueSpecification","valueRequired":true,"valueName":"search_term_string"}}],"inLanguage":"es"},{"@type":"Organization","@id":"https:\/\/tourtravelandmore.com\/es\/#organization","name":"Tour Travel And More","url":"https:\/\/tourtravelandmore.com\/es\/","logo":{"@type":"ImageObject","inLanguage":"es","@id":"https:\/\/tourtravelandmore.com\/es\/#\/schema\/logo\/image\/","url":"https:\/\/tourtravelandmore.com\/wp-content\/uploads\/2022\/12\/cropped-logo-cabecera-new.png","contentUrl":"https:\/\/tourtravelandmore.com\/wp-content\/uploads\/2022\/12\/cropped-logo-cabecera-new.png","width":430,"height":61,"caption":"Tour Travel And More"},"image":{"@id":"https:\/\/tourtravelandmore.com\/es\/#\/schema\/logo\/image\/"},"sameAs":["https:\/\/www.facebook.com\/tourtravelandmore\/","https:\/\/x.com\/TourTravel_More"]}]}},"_links":{"self":[{"href":"https:\/\/tourtravelandmore.com\/es\/wp-json\/wp\/v2\/product\/106215","targetHints":{"allow":["GET"]}}],"collection":[{"href":"https:\/\/tourtravelandmore.com\/es\/wp-json\/wp\/v2\/product"}],"about":[{"href":"https:\/\/tourtravelandmore.com\/es\/wp-json\/wp\/v2\/types\/product"}],"replies":[{"embeddable":true,"href":"https:\/\/tourtravelandmore.com\/es\/wp-json\/wp\/v2\/comments?post=106215"}],"wp:featuredmedia":[{"embeddable":true,"href":"https:\/\/tourtravelandmore.com\/es\/wp-json\/wp\/v2\/media\/106241"}],"wp:attachment":[{"href":"https:\/\/tourtravelandmore.com\/es\/wp-json\/wp\/v2\/media?parent=106215"}],"wp:term":[{"taxonomy":"product_brand","embeddable":true,"href":"https:\/\/tourtravelandmore.com\/es\/wp-json\/wp\/v2\/product_brand?post=106215"},{"taxonomy":"product_cat","embeddable":true,"href":"https:\/\/tourtravelandmore.com\/es\/wp-json\/wp\/v2\/product_cat?post=106215"},{"taxonomy":"product_tag","embeddable":true,"href":"https:\/\/tourtravelandmore.com\/es\/wp-json\/wp\/v2\/product_tag?post=106215"}],"curies":[{"name":"wp","href":"https:\/\/api.w.org\/{rel}","templated":true}]}}