{"id":106183,"date":"2021-04-21T13:13:30","date_gmt":"2021-04-21T11:13:31","guid":{"rendered":"https:\/\/tourtravelandmore.com\/?post_type=product&#038;p=106183"},"modified":"2023-10-13T07:36:38","modified_gmt":"2023-10-13T05:36:38","slug":"excursion-privada-a-masada-y-el-mar-muerto-desde-tel-aviv","status":"publish","type":"product","link":"https:\/\/tourtravelandmore.com\/es\/tours\/israel-sp\/telaviv-sp\/tours-de-dia-completo-sp\/excursion-privada-a-masada-y-el-mar-muerto-desde-tel-aviv\/","title":{"rendered":"Excursi\u00f3n privada a Masada y el Mar Muerto desde Tel Aviv"},"content":{"rendered":"<h2>Descripci\u00f3n de la Excursi\u00f3n privada a Masada y el mar Muerto desde Tel Aviv<\/h2>\n<p>Si desea disfrutar de una hermosa salida del sol desde el desierto de Judea, realizar una excursi\u00f3n privada a Masada y el mar Muerto es una opci\u00f3n que vale la pena planear y disfrutar. Las opciones que se hacen disponibles mediante este tipo de viajes privados, pueden hacer que usted disfrute de <b>una experiencia totalmente inolvidable<\/b>. Por ello, acomp\u00e1\u00f1enos en este tour privado, en el que disfrutar\u00e1 de maravillas que lo dejar\u00e1n asombrado.<\/p>\n<h3><b>\u00bfQu\u00e9 hay para ver en Tel Aviv?<\/b><\/h3>\n<p>En primer lugar, la posibilidad de conducir para llegar a la cima de la meseta, puede ser algo muy din\u00e1mico, que cualquier persona disfrutar\u00eda en gran manera. Por consiguiente, dirigirse hacia el lugar solamente ser\u00e1 el comienzo del viaje; tambi\u00e9n podr\u00e1 escuchar algunas historias y leyendas sobre los rebeldes jud\u00edos del pasado. Puede visitar lo que queda hoy d\u00eda del <b>palacio de Herodes<\/b>, e incluso, explorar el barrio jud\u00edo excavado.<\/p>\n<h2>Puntos emblem\u00e1ticos y de inter\u00e9s en la Excursi\u00f3n privada a Masada y el Mar Muerto desde Tel Aviv<\/h2>\n<h3><b>\u00bfEn qu\u00e9 parte inicia el tour privado?<\/b><\/h3>\n<p>El tour privado en Israel podr\u00e1 iniciar desde cualquier lugar o zona de Tel Aviv en la que usted nos lo indique; solamente debe especificarnos el punto de partida y relajarse de la mejor manera posible, pues un gu\u00eda altamente calificado podr\u00e1 darle el recorrido. Eso s\u00ed, aunque existe la posibilidad de que la persona llegue en una <b>terminal de cruceros<\/b>, el tour podr\u00e1 empezar desde el momento en que la persona llegue a Israel.<\/p>\n<h3><b>Los principales puntos de inter\u00e9s en el tour de Masada y el Mar Muerto<\/b><\/h3>\n<p>Luego de que culmine con una buena comida, y pueda adaptarse al ambiente en el hotel, las experiencias que le esperan en este tour exclusivo de 10 horas, ser\u00e1n muy gratificantes.<\/p>\n<p>Por ejemplo, podr\u00e1 explorar lo que hay en las orillas del Mar Muerto, hasta llegar a Masada. Tambi\u00e9n tendr\u00e1 la oportunidad de hacer un recorrido por la gran fortaleza de los zelotes del siglo primero, quienes efectuaron la \u00faltima resistencia en contra de los romanos; la cual tiene aproximadamente unos 2000 a\u00f1os.<\/p>\n<p>Al pasar por la zona de Qumran, podr\u00e1 disfrutar de una gran vista, en la que se pueden observar las cuevas del lugar, donde se hallaron los manuscritos del Mar Muerto. Explorar\u00e1 en un tour con un chofer\/gu\u00eda oficial, en autos de lujo por Masada y las regiones cercanas al Mar Muerto que rodean Tel Aviv.<\/p>\n","protected":false},"excerpt":{"rendered":"<p>Conoce Israel gracias a esta excursi\u00f3n privada por Masada y el Mar Muerto desde Tel Aviv, con chofer y gu\u00eda oficial. Descubrir\u00e1s lugares hist\u00f3ricos como el palacio de Herodes, la fortaleza de los zelotes y las famosas cuevas donde se hallaron los rollos del mar Muerto.<\/p>\n<p><span style=\"font-weight: 400;\">\u00a0<\/span><\/p>\n<h4><\/h4>\n","protected":false},"featured_media":106213,"comment_status":"open","ping_status":"closed","template":"","meta":{"_acf_changed":false},"product_brand":[],"product_cat":[3863,3866,3897,3893],"product_tag":[],"class_list":{"0":"post-106183","1":"product","2":"type-product","3":"status-publish","4":"has-post-thumbnail","6":"product_cat-israel-sp","7":"product_cat-telaviv-sp","8":"product_cat-todos-los-tours-y-actividades-privados-sp","9":"product_cat-tours-de-dia-completo-sp","11":"first","12":"instock","13":"shipping-taxable","14":"purchasable","15":"product-type-simple"},"acf":[],"yoast_head":"<!-- This site is optimized with the Yoast SEO Premium plugin v25.3.1 (Yoast SEO v25.3.1) - https:\/\/yoast.com\/wordpress\/plugins\/seo\/ -->\n<title>\u27a1\ufe0f Tour privado a Masada y el Mar Muerto con chofer y gu\u00eda oficial | Tour Travel &amp; More<\/title>\n<meta name=\"description\" content=\"\u2705 La oportunidad \u00fanica de disfrutar de un tour en auto de lujo por Masada y el Mar muerto, Israel. \ud83e\udd47 \u00a1Una experiencia que nunca olvidar\u00e1! \ud83d\udd25\" \/>\n<meta name=\"robots\" content=\"index, follow, max-snippet:-1, max-image-preview:large, max-video-preview:-1\" \/>\n<link rel=\"canonical\" href=\"https:\/\/tourtravelandmore.com\/es\/tours\/israel-sp\/telaviv-sp\/tours-de-dia-completo-sp\/excursion-privada-a-masada-y-el-mar-muerto-desde-tel-aviv\/\" \/>\n<meta property=\"og:locale\" content=\"es_ES\" \/>\n<meta property=\"og:type\" content=\"article\" \/>\n<meta property=\"og:title\" content=\"Excursi\u00f3n privada a Masada y el Mar Muerto desde Tel Aviv\" \/>\n<meta property=\"og:description\" content=\"\u2705 La oportunidad \u00fanica de disfrutar de un tour en auto de lujo por Masada y el Mar muerto, Israel. \ud83e\udd47 \u00a1Una experiencia que nunca olvidar\u00e1! \ud83d\udd25\" \/>\n<meta property=\"og:url\" content=\"https:\/\/tourtravelandmore.com\/es\/tours\/israel-sp\/telaviv-sp\/tours-de-dia-completo-sp\/excursion-privada-a-masada-y-el-mar-muerto-desde-tel-aviv\/\" \/>\n<meta property=\"og:site_name\" content=\"Tour Travel And More\" \/>\n<meta property=\"article:publisher\" content=\"https:\/\/www.facebook.com\/tourtravelandmore\/\" \/>\n<meta property=\"article:modified_time\" content=\"2023-10-13T05:36:38+00:00\" \/>\n<meta property=\"og:image\" content=\"https:\/\/tourtravelandmore.com\/wp-content\/uploads\/2021\/04\/Masada-scaled.jpg\" \/>\n\t<meta property=\"og:image:width\" content=\"1920\" \/>\n\t<meta property=\"og:image:height\" content=\"2560\" \/>\n\t<meta property=\"og:image:type\" content=\"image\/jpeg\" \/>\n<meta name=\"twitter:card\" content=\"summary_large_image\" \/>\n<meta name=\"twitter:site\" content=\"@TourTravel_More\" \/>\n<meta name=\"twitter:label1\" content=\"Tiempo de lectura\" \/>\n\t<meta name=\"twitter:data1\" content=\"2 minutos\" \/>\n<script type=\"application\/ld+json\" class=\"yoast-schema-graph\">{\"@context\":\"https:\/\/schema.org\",\"@graph\":[{\"@type\":\"WebPage\",\"@id\":\"https:\/\/tourtravelandmore.com\/es\/tours\/israel-sp\/telaviv-sp\/tours-de-dia-completo-sp\/excursion-privada-a-masada-y-el-mar-muerto-desde-tel-aviv\/\",\"url\":\"https:\/\/tourtravelandmore.com\/es\/tours\/israel-sp\/telaviv-sp\/tours-de-dia-completo-sp\/excursion-privada-a-masada-y-el-mar-muerto-desde-tel-aviv\/\",\"name\":\"\u27a1\ufe0f Tour privado a Masada y el Mar Muerto con chofer y gu\u00eda oficial | Tour Travel & More\",\"isPartOf\":{\"@id\":\"https:\/\/tourtravelandmore.com\/es\/#website\"},\"primaryImageOfPage\":{\"@id\":\"https:\/\/tourtravelandmore.com\/es\/tours\/israel-sp\/telaviv-sp\/tours-de-dia-completo-sp\/excursion-privada-a-masada-y-el-mar-muerto-desde-tel-aviv\/#primaryimage\"},\"image\":{\"@id\":\"https:\/\/tourtravelandmore.com\/es\/tours\/israel-sp\/telaviv-sp\/tours-de-dia-completo-sp\/excursion-privada-a-masada-y-el-mar-muerto-desde-tel-aviv\/#primaryimage\"},\"thumbnailUrl\":\"https:\/\/tourtravelandmore.com\/wp-content\/uploads\/2021\/04\/Masada-scaled.jpg\",\"datePublished\":\"2021-04-21T11:13:31+00:00\",\"dateModified\":\"2023-10-13T05:36:38+00:00\",\"description\":\"\u2705 La oportunidad \u00fanica de disfrutar de un tour en auto de lujo por Masada y el Mar muerto, Israel. \ud83e\udd47 \u00a1Una experiencia que nunca olvidar\u00e1! \ud83d\udd25\",\"breadcrumb\":{\"@id\":\"https:\/\/tourtravelandmore.com\/es\/tours\/israel-sp\/telaviv-sp\/tours-de-dia-completo-sp\/excursion-privada-a-masada-y-el-mar-muerto-desde-tel-aviv\/#breadcrumb\"},\"inLanguage\":\"es\",\"potentialAction\":[{\"@type\":\"ReadAction\",\"target\":[\"https:\/\/tourtravelandmore.com\/es\/tours\/israel-sp\/telaviv-sp\/tours-de-dia-completo-sp\/excursion-privada-a-masada-y-el-mar-muerto-desde-tel-aviv\/\"]}]},{\"@type\":\"ImageObject\",\"inLanguage\":\"es\",\"@id\":\"https:\/\/tourtravelandmore.com\/es\/tours\/israel-sp\/telaviv-sp\/tours-de-dia-completo-sp\/excursion-privada-a-masada-y-el-mar-muerto-desde-tel-aviv\/#primaryimage\",\"url\":\"https:\/\/tourtravelandmore.com\/wp-content\/uploads\/2021\/04\/Masada-scaled.jpg\",\"contentUrl\":\"https:\/\/tourtravelandmore.com\/wp-content\/uploads\/2021\/04\/Masada-scaled.jpg\",\"width\":1920,\"height\":2560},{\"@type\":\"BreadcrumbList\",\"@id\":\"https:\/\/tourtravelandmore.com\/es\/tours\/israel-sp\/telaviv-sp\/tours-de-dia-completo-sp\/excursion-privada-a-masada-y-el-mar-muerto-desde-tel-aviv\/#breadcrumb\",\"itemListElement\":[{\"@type\":\"ListItem\",\"position\":1,\"name\":\"Home\",\"item\":\"https:\/\/tourtravelandmore.com\/es\/\"},{\"@type\":\"ListItem\",\"position\":2,\"name\":\"Tours\",\"item\":\"https:\/\/tourtravelandmore.com\/es\/tours\/\"},{\"@type\":\"ListItem\",\"position\":3,\"name\":\"Excursi\u00f3n privada a Masada y el Mar Muerto desde Tel Aviv\"}]},{\"@type\":\"WebSite\",\"@id\":\"https:\/\/tourtravelandmore.com\/es\/#website\",\"url\":\"https:\/\/tourtravelandmore.com\/es\/\",\"name\":\"Tour Travel And More\",\"description\":\"Private sightseeing tours and luxury transfers in Spain\",\"publisher\":{\"@id\":\"https:\/\/tourtravelandmore.com\/es\/#organization\"},\"potentialAction\":[{\"@type\":\"SearchAction\",\"target\":{\"@type\":\"EntryPoint\",\"urlTemplate\":\"https:\/\/tourtravelandmore.com\/es\/?s={search_term_string}\"},\"query-input\":{\"@type\":\"PropertyValueSpecification\",\"valueRequired\":true,\"valueName\":\"search_term_string\"}}],\"inLanguage\":\"es\"},{\"@type\":\"Organization\",\"@id\":\"https:\/\/tourtravelandmore.com\/es\/#organization\",\"name\":\"Tour Travel And More\",\"url\":\"https:\/\/tourtravelandmore.com\/es\/\",\"logo\":{\"@type\":\"ImageObject\",\"inLanguage\":\"es\",\"@id\":\"https:\/\/tourtravelandmore.com\/es\/#\/schema\/logo\/image\/\",\"url\":\"https:\/\/tourtravelandmore.com\/wp-content\/uploads\/2022\/12\/cropped-logo-cabecera-new.png\",\"contentUrl\":\"https:\/\/tourtravelandmore.com\/wp-content\/uploads\/2022\/12\/cropped-logo-cabecera-new.png\",\"width\":430,\"height\":61,\"caption\":\"Tour Travel And More\"},\"image\":{\"@id\":\"https:\/\/tourtravelandmore.com\/es\/#\/schema\/logo\/image\/\"},\"sameAs\":[\"https:\/\/www.facebook.com\/tourtravelandmore\/\",\"https:\/\/x.com\/TourTravel_More\"]}]}<\/script>\n<!-- \/ Yoast SEO Premium plugin. -->","yoast_head_json":{"title":"\u27a1\ufe0f Tour privado a Masada y el Mar Muerto con chofer y gu\u00eda oficial | Tour Travel & More","description":"\u2705 La oportunidad \u00fanica de disfrutar de un tour en auto de lujo por Masada y el Mar muerto, Israel. \ud83e\udd47 \u00a1Una experiencia que nunca olvidar\u00e1! \ud83d\udd25","robots":{"index":"index","follow":"follow","max-snippet":"max-snippet:-1","max-image-preview":"max-image-preview:large","max-video-preview":"max-video-preview:-1"},"canonical":"https:\/\/tourtravelandmore.com\/es\/tours\/israel-sp\/telaviv-sp\/tours-de-dia-completo-sp\/excursion-privada-a-masada-y-el-mar-muerto-desde-tel-aviv\/","og_locale":"es_ES","og_type":"article","og_title":"Excursi\u00f3n privada a Masada y el Mar Muerto desde Tel Aviv","og_description":"\u2705 La oportunidad \u00fanica de disfrutar de un tour en auto de lujo por Masada y el Mar muerto, Israel. \ud83e\udd47 \u00a1Una experiencia que nunca olvidar\u00e1! \ud83d\udd25","og_url":"https:\/\/tourtravelandmore.com\/es\/tours\/israel-sp\/telaviv-sp\/tours-de-dia-completo-sp\/excursion-privada-a-masada-y-el-mar-muerto-desde-tel-aviv\/","og_site_name":"Tour Travel And More","article_publisher":"https:\/\/www.facebook.com\/tourtravelandmore\/","article_modified_time":"2023-10-13T05:36:38+00:00","og_image":[{"width":1920,"height":2560,"url":"https:\/\/tourtravelandmore.com\/wp-content\/uploads\/2021\/04\/Masada-scaled.jpg","type":"image\/jpeg"}],"twitter_card":"summary_large_image","twitter_site":"@TourTravel_More","twitter_misc":{"Tiempo de lectura":"2 minutos"},"schema":{"@context":"https:\/\/schema.org","@graph":[{"@type":"WebPage","@id":"https:\/\/tourtravelandmore.com\/es\/tours\/israel-sp\/telaviv-sp\/tours-de-dia-completo-sp\/excursion-privada-a-masada-y-el-mar-muerto-desde-tel-aviv\/","url":"https:\/\/tourtravelandmore.com\/es\/tours\/israel-sp\/telaviv-sp\/tours-de-dia-completo-sp\/excursion-privada-a-masada-y-el-mar-muerto-desde-tel-aviv\/","name":"\u27a1\ufe0f Tour privado a Masada y el Mar Muerto con chofer y gu\u00eda oficial | Tour Travel & More","isPartOf":{"@id":"https:\/\/tourtravelandmore.com\/es\/#website"},"primaryImageOfPage":{"@id":"https:\/\/tourtravelandmore.com\/es\/tours\/israel-sp\/telaviv-sp\/tours-de-dia-completo-sp\/excursion-privada-a-masada-y-el-mar-muerto-desde-tel-aviv\/#primaryimage"},"image":{"@id":"https:\/\/tourtravelandmore.com\/es\/tours\/israel-sp\/telaviv-sp\/tours-de-dia-completo-sp\/excursion-privada-a-masada-y-el-mar-muerto-desde-tel-aviv\/#primaryimage"},"thumbnailUrl":"https:\/\/tourtravelandmore.com\/wp-content\/uploads\/2021\/04\/Masada-scaled.jpg","datePublished":"2021-04-21T11:13:31+00:00","dateModified":"2023-10-13T05:36:38+00:00","description":"\u2705 La oportunidad \u00fanica de disfrutar de un tour en auto de lujo por Masada y el Mar muerto, Israel. \ud83e\udd47 \u00a1Una experiencia que nunca olvidar\u00e1! \ud83d\udd25","breadcrumb":{"@id":"https:\/\/tourtravelandmore.com\/es\/tours\/israel-sp\/telaviv-sp\/tours-de-dia-completo-sp\/excursion-privada-a-masada-y-el-mar-muerto-desde-tel-aviv\/#breadcrumb"},"inLanguage":"es","potentialAction":[{"@type":"ReadAction","target":["https:\/\/tourtravelandmore.com\/es\/tours\/israel-sp\/telaviv-sp\/tours-de-dia-completo-sp\/excursion-privada-a-masada-y-el-mar-muerto-desde-tel-aviv\/"]}]},{"@type":"ImageObject","inLanguage":"es","@id":"https:\/\/tourtravelandmore.com\/es\/tours\/israel-sp\/telaviv-sp\/tours-de-dia-completo-sp\/excursion-privada-a-masada-y-el-mar-muerto-desde-tel-aviv\/#primaryimage","url":"https:\/\/tourtravelandmore.com\/wp-content\/uploads\/2021\/04\/Masada-scaled.jpg","contentUrl":"https:\/\/tourtravelandmore.com\/wp-content\/uploads\/2021\/04\/Masada-scaled.jpg","width":1920,"height":2560},{"@type":"BreadcrumbList","@id":"https:\/\/tourtravelandmore.com\/es\/tours\/israel-sp\/telaviv-sp\/tours-de-dia-completo-sp\/excursion-privada-a-masada-y-el-mar-muerto-desde-tel-aviv\/#breadcrumb","itemListElement":[{"@type":"ListItem","position":1,"name":"Home","item":"https:\/\/tourtravelandmore.com\/es\/"},{"@type":"ListItem","position":2,"name":"Tours","item":"https:\/\/tourtravelandmore.com\/es\/tours\/"},{"@type":"ListItem","position":3,"name":"Excursi\u00f3n privada a Masada y el Mar Muerto desde Tel Aviv"}]},{"@type":"WebSite","@id":"https:\/\/tourtravelandmore.com\/es\/#website","url":"https:\/\/tourtravelandmore.com\/es\/","name":"Tour Travel And More","description":"Private sightseeing tours and luxury transfers in Spain","publisher":{"@id":"https:\/\/tourtravelandmore.com\/es\/#organization"},"potentialAction":[{"@type":"SearchAction","target":{"@type":"EntryPoint","urlTemplate":"https:\/\/tourtravelandmore.com\/es\/?s={search_term_string}"},"query-input":{"@type":"PropertyValueSpecification","valueRequired":true,"valueName":"search_term_string"}}],"inLanguage":"es"},{"@type":"Organization","@id":"https:\/\/tourtravelandmore.com\/es\/#organization","name":"Tour Travel And More","url":"https:\/\/tourtravelandmore.com\/es\/","logo":{"@type":"ImageObject","inLanguage":"es","@id":"https:\/\/tourtravelandmore.com\/es\/#\/schema\/logo\/image\/","url":"https:\/\/tourtravelandmore.com\/wp-content\/uploads\/2022\/12\/cropped-logo-cabecera-new.png","contentUrl":"https:\/\/tourtravelandmore.com\/wp-content\/uploads\/2022\/12\/cropped-logo-cabecera-new.png","width":430,"height":61,"caption":"Tour Travel And More"},"image":{"@id":"https:\/\/tourtravelandmore.com\/es\/#\/schema\/logo\/image\/"},"sameAs":["https:\/\/www.facebook.com\/tourtravelandmore\/","https:\/\/x.com\/TourTravel_More"]}]}},"_links":{"self":[{"href":"https:\/\/tourtravelandmore.com\/es\/wp-json\/wp\/v2\/product\/106183","targetHints":{"allow":["GET"]}}],"collection":[{"href":"https:\/\/tourtravelandmore.com\/es\/wp-json\/wp\/v2\/product"}],"about":[{"href":"https:\/\/tourtravelandmore.com\/es\/wp-json\/wp\/v2\/types\/product"}],"replies":[{"embeddable":true,"href":"https:\/\/tourtravelandmore.com\/es\/wp-json\/wp\/v2\/comments?post=106183"}],"wp:featuredmedia":[{"embeddable":true,"href":"https:\/\/tourtravelandmore.com\/es\/wp-json\/wp\/v2\/media\/106213"}],"wp:attachment":[{"href":"https:\/\/tourtravelandmore.com\/es\/wp-json\/wp\/v2\/media?parent=106183"}],"wp:term":[{"taxonomy":"product_brand","embeddable":true,"href":"https:\/\/tourtravelandmore.com\/es\/wp-json\/wp\/v2\/product_brand?post=106183"},{"taxonomy":"product_cat","embeddable":true,"href":"https:\/\/tourtravelandmore.com\/es\/wp-json\/wp\/v2\/product_cat?post=106183"},{"taxonomy":"product_tag","embeddable":true,"href":"https:\/\/tourtravelandmore.com\/es\/wp-json\/wp\/v2\/product_tag?post=106183"}],"curies":[{"name":"wp","href":"https:\/\/api.w.org\/{rel}","templated":true}]}}