{"id":106165,"date":"2021-04-21T12:56:15","date_gmt":"2021-04-21T10:56:16","guid":{"rendered":"https:\/\/tourtravelandmore.com\/?post_type=product&#038;p=106165"},"modified":"2023-10-13T07:35:32","modified_gmt":"2023-10-13T05:35:32","slug":"excursion-privada-de-jerusalen-y-belen-desde-tel-aviv","status":"publish","type":"product","link":"https:\/\/tourtravelandmore.com\/es\/tours\/israel-sp\/telaviv-sp\/tours-de-dia-completo-sp\/excursion-privada-de-jerusalen-y-belen-desde-tel-aviv\/","title":{"rendered":"Excursi\u00f3n privada de Jerusal\u00e9n y Bel\u00e9n desde Tel Aviv"},"content":{"rendered":"<h2>Descripci\u00f3n de la Excursi\u00f3n privada de Jerusal\u00e9n y Bel\u00e9n desde Tel Aviv<\/h2>\n<p>\u00bfDesea experimentar las mejores visitas a Jerusal\u00e9n y Bel\u00e9n? Gracias a este tipo de excursiones privadas, se puede explorar la vida de Jes\u00fas, al igual que muchos sitios importantes del cristianismo. Por ello, mediante la <b>excursi\u00f3n privada de Jerusal\u00e9n y Bel\u00e9n desde Tel Aviv<\/b>, usted disfrutar\u00e1 de 8 horas junto a nuestro chofer\/gu\u00eda oficial, el cual le ofrecer\u00e1 un recorrido que Jam\u00e1s olvidar\u00e1.<\/p>\n<h3><b>\u00bfQu\u00e9 se puede ver en la excursi\u00f3n privada de Jerusal\u00e9n y Bel\u00e9n desde Tel Aviv?<\/b><\/h3>\n<p>En este viaje en auto de lujo a trav\u00e9s de distintos sitios de Jerusal\u00e9n y Bel\u00e9n, podr\u00e1 ser testigo de miles de a\u00f1os de historia; estar\u00e1 nada m\u00e1s y nada menos que en los mismos lugares en los que estuvo Jes\u00fas, y gracias al chofer\/gu\u00eda oficial, podr\u00e1 hacer algunas paradas y ampliar su conocimiento sobre <b>algunos de los sitios m\u00e1s importantes del lugar<\/b>, como la Iglesia del Santo Sepulcro, la Iglesia y Gruta de la Natividad de Bel\u00e9n, observar los campos de pastores; adem\u00e1s, podr\u00e1:<\/p>\n<ul>\n<li aria-level=\"1\"><strong>Hacer una visita a Jerusal\u00e9n y Bel\u00e9n desde Tel Aviv, todo esto, a trav\u00e9s de un c\u00f3modo transporte con aire acondicionado.<\/strong><\/li>\n<li aria-level=\"1\"><strong>Ver la Capilla de Santa Elena, y contemplar algunas de las vistas m\u00e1s hermosas de la ciudad.<\/strong><\/li>\n<li aria-level=\"1\"><strong>Recorrer el barrio cristiano de la Vieja Jerusal\u00e9n.<\/strong><\/li>\n<li aria-level=\"1\"><strong>Observar la Iglesia de la Santa Natividad.<\/strong><\/li>\n<li aria-level=\"1\"><strong>Llegar hasta el lugar del nacimiento de Jes\u00fas.<\/strong><\/li>\n<li aria-level=\"1\"><strong>Visitar la iglesia de Santa Catalina<\/strong><\/li>\n<\/ul>\n<h2>Puntos emblem\u00e1ticos y de inter\u00e9s<\/h2>\n<h3><b>\u00bfEn qu\u00e9 parte inicia la excursi\u00f3n privada de Jerusal\u00e9n y Bel\u00e9n desde Tel Aviv?<\/b><\/h3>\n<p>Toda esta experiencia iniciar\u00e1 desde el momento en el que nuestro Chofer\/gu\u00eda oficial, lo recoja en su hotel en Tel Aviv; tambi\u00e9n se encuentra disponible la posibilidad de recogerlo desde la <b>Terminal de Cruceros Ashdod<\/b>. De esta manera, cuando inicie el viaje, todos los presentes podr\u00e1n disfrutar de tal experiencia en un recorrido de 8 horas en auto de lujo con aire acondicionado.<\/p>\n<h3><b>Qu\u00e9 esperar en el viaje<\/b><\/h3>\n<p>En primer lugar, podr\u00e1 escuchar algunas historias en cuanto al lugar y los miles de a\u00f1os que este tiene, podr\u00e1 acceder a la ciudad amurallada, y <b>hacer una caminata por el Barrio Cristiano<\/b>, pasar por la Iglesia del Santo Sepulcro; tendr\u00e1 la oportunidad de ver las Estaciones de la Cruz en el interior de la iglesia que se\u00f1ala a G\u00f3lgota (Calvario). Tambi\u00e9n puede hacer el trayecto desde Palestina hasta Bel\u00e9n.<\/p>\n<p>Luego de pasar por estos lugares, puede admirar la conexi\u00f3n que presenta la Iglesia de Santa Catalina, lugar donde se realiza la popular misa de Nochebuena en Bel\u00e9n. Visite la Gruta de los Inocentes, un testigo que presenta <b>la masacre de ni\u00f1os efectuada por el Rey Herodes<\/b> luego del nacimiento de Jes\u00fas; y hasta podr\u00e1 estar presente en el campo donde se cree que los \u00e1ngeles declararon a los pastores el nacimiento de Jes\u00fas.<\/p>\n","protected":false},"excerpt":{"rendered":"<p>Mediante esta Excursi\u00f3n privada de Jerusal\u00e9n y Bel\u00e9n desde Tel Aviv, usted y su familia pueden gozar de una experiencia inigualable. \u00a1Descubra las maravillas que le esperan en este viaje en auto de lujo!<\/p>\n<p><span style=\"font-weight: 400;\">\u00a0<\/span><\/p>\n<h4><\/h4>\n","protected":false},"featured_media":106077,"comment_status":"open","ping_status":"closed","template":"","meta":{"_acf_changed":false},"product_brand":[],"product_cat":[3863,3866,3897,3893],"product_tag":[],"class_list":{"0":"post-106165","1":"product","2":"type-product","3":"status-publish","4":"has-post-thumbnail","6":"product_cat-israel-sp","7":"product_cat-telaviv-sp","8":"product_cat-todos-los-tours-y-actividades-privados-sp","9":"product_cat-tours-de-dia-completo-sp","11":"first","12":"instock","13":"shipping-taxable","14":"purchasable","15":"product-type-simple"},"acf":[],"yoast_head":"<!-- This site is optimized with the Yoast SEO Premium plugin v25.3.1 (Yoast SEO v25.3.1) - https:\/\/yoast.com\/wordpress\/plugins\/seo\/ -->\n<title>\u27a1\ufe0f Excursi\u00f3n privada de Jerusal\u00e9n y Bel\u00e9n desde Tel Aviv | Tour Travel &amp; More<\/title>\n<meta name=\"description\" content=\"\u00bfDesea conocer m\u00e1s a fondo los lugares sobresalientes de la historia? Mediante nuestra excursi\u00f3n privada de Jerusal\u00e9n y Bel\u00e9n desde Tel Aviv \u2705\" \/>\n<meta name=\"robots\" content=\"index, follow, max-snippet:-1, max-image-preview:large, max-video-preview:-1\" \/>\n<link rel=\"canonical\" href=\"https:\/\/tourtravelandmore.com\/es\/tours\/israel-sp\/telaviv-sp\/tours-de-dia-completo-sp\/excursion-privada-de-jerusalen-y-belen-desde-tel-aviv\/\" \/>\n<meta property=\"og:locale\" content=\"es_ES\" \/>\n<meta property=\"og:type\" content=\"article\" \/>\n<meta property=\"og:title\" content=\"Excursi\u00f3n privada de Jerusal\u00e9n y Bel\u00e9n desde Tel Aviv\" \/>\n<meta property=\"og:description\" content=\"\u00bfDesea conocer m\u00e1s a fondo los lugares sobresalientes de la historia? Mediante nuestra excursi\u00f3n privada de Jerusal\u00e9n y Bel\u00e9n desde Tel Aviv \u2705\" \/>\n<meta property=\"og:url\" content=\"https:\/\/tourtravelandmore.com\/es\/tours\/israel-sp\/telaviv-sp\/tours-de-dia-completo-sp\/excursion-privada-de-jerusalen-y-belen-desde-tel-aviv\/\" \/>\n<meta property=\"og:site_name\" content=\"Tour Travel And More\" \/>\n<meta property=\"article:publisher\" content=\"https:\/\/www.facebook.com\/tourtravelandmore\/\" \/>\n<meta property=\"article:modified_time\" content=\"2023-10-13T05:35:32+00:00\" \/>\n<meta property=\"og:image\" content=\"https:\/\/tourtravelandmore.com\/wp-content\/uploads\/2021\/04\/Jerusalem-2-scaled.jpg\" \/>\n\t<meta property=\"og:image:width\" content=\"2560\" \/>\n\t<meta property=\"og:image:height\" content=\"1707\" \/>\n\t<meta property=\"og:image:type\" content=\"image\/jpeg\" \/>\n<meta name=\"twitter:card\" content=\"summary_large_image\" \/>\n<meta name=\"twitter:site\" content=\"@TourTravel_More\" \/>\n<meta name=\"twitter:label1\" content=\"Tiempo de lectura\" \/>\n\t<meta name=\"twitter:data1\" content=\"2 minutos\" \/>\n<script type=\"application\/ld+json\" class=\"yoast-schema-graph\">{\"@context\":\"https:\/\/schema.org\",\"@graph\":[{\"@type\":\"WebPage\",\"@id\":\"https:\/\/tourtravelandmore.com\/es\/tours\/israel-sp\/telaviv-sp\/tours-de-dia-completo-sp\/excursion-privada-de-jerusalen-y-belen-desde-tel-aviv\/\",\"url\":\"https:\/\/tourtravelandmore.com\/es\/tours\/israel-sp\/telaviv-sp\/tours-de-dia-completo-sp\/excursion-privada-de-jerusalen-y-belen-desde-tel-aviv\/\",\"name\":\"\u27a1\ufe0f Excursi\u00f3n privada de Jerusal\u00e9n y Bel\u00e9n desde Tel Aviv | Tour Travel & More\",\"isPartOf\":{\"@id\":\"https:\/\/tourtravelandmore.com\/es\/#website\"},\"primaryImageOfPage\":{\"@id\":\"https:\/\/tourtravelandmore.com\/es\/tours\/israel-sp\/telaviv-sp\/tours-de-dia-completo-sp\/excursion-privada-de-jerusalen-y-belen-desde-tel-aviv\/#primaryimage\"},\"image\":{\"@id\":\"https:\/\/tourtravelandmore.com\/es\/tours\/israel-sp\/telaviv-sp\/tours-de-dia-completo-sp\/excursion-privada-de-jerusalen-y-belen-desde-tel-aviv\/#primaryimage\"},\"thumbnailUrl\":\"https:\/\/tourtravelandmore.com\/wp-content\/uploads\/2021\/04\/Jerusalem-2-scaled.jpg\",\"datePublished\":\"2021-04-21T10:56:16+00:00\",\"dateModified\":\"2023-10-13T05:35:32+00:00\",\"description\":\"\u00bfDesea conocer m\u00e1s a fondo los lugares sobresalientes de la historia? Mediante nuestra excursi\u00f3n privada de Jerusal\u00e9n y Bel\u00e9n desde Tel Aviv \u2705\",\"breadcrumb\":{\"@id\":\"https:\/\/tourtravelandmore.com\/es\/tours\/israel-sp\/telaviv-sp\/tours-de-dia-completo-sp\/excursion-privada-de-jerusalen-y-belen-desde-tel-aviv\/#breadcrumb\"},\"inLanguage\":\"es\",\"potentialAction\":[{\"@type\":\"ReadAction\",\"target\":[\"https:\/\/tourtravelandmore.com\/es\/tours\/israel-sp\/telaviv-sp\/tours-de-dia-completo-sp\/excursion-privada-de-jerusalen-y-belen-desde-tel-aviv\/\"]}]},{\"@type\":\"ImageObject\",\"inLanguage\":\"es\",\"@id\":\"https:\/\/tourtravelandmore.com\/es\/tours\/israel-sp\/telaviv-sp\/tours-de-dia-completo-sp\/excursion-privada-de-jerusalen-y-belen-desde-tel-aviv\/#primaryimage\",\"url\":\"https:\/\/tourtravelandmore.com\/wp-content\/uploads\/2021\/04\/Jerusalem-2-scaled.jpg\",\"contentUrl\":\"https:\/\/tourtravelandmore.com\/wp-content\/uploads\/2021\/04\/Jerusalem-2-scaled.jpg\",\"width\":2560,\"height\":1707},{\"@type\":\"BreadcrumbList\",\"@id\":\"https:\/\/tourtravelandmore.com\/es\/tours\/israel-sp\/telaviv-sp\/tours-de-dia-completo-sp\/excursion-privada-de-jerusalen-y-belen-desde-tel-aviv\/#breadcrumb\",\"itemListElement\":[{\"@type\":\"ListItem\",\"position\":1,\"name\":\"Home\",\"item\":\"https:\/\/tourtravelandmore.com\/es\/\"},{\"@type\":\"ListItem\",\"position\":2,\"name\":\"Tours\",\"item\":\"https:\/\/tourtravelandmore.com\/es\/tours\/\"},{\"@type\":\"ListItem\",\"position\":3,\"name\":\"Excursi\u00f3n privada de Jerusal\u00e9n y Bel\u00e9n desde Tel Aviv\"}]},{\"@type\":\"WebSite\",\"@id\":\"https:\/\/tourtravelandmore.com\/es\/#website\",\"url\":\"https:\/\/tourtravelandmore.com\/es\/\",\"name\":\"Tour Travel And More\",\"description\":\"Private sightseeing tours and luxury transfers in Spain\",\"publisher\":{\"@id\":\"https:\/\/tourtravelandmore.com\/es\/#organization\"},\"potentialAction\":[{\"@type\":\"SearchAction\",\"target\":{\"@type\":\"EntryPoint\",\"urlTemplate\":\"https:\/\/tourtravelandmore.com\/es\/?s={search_term_string}\"},\"query-input\":{\"@type\":\"PropertyValueSpecification\",\"valueRequired\":true,\"valueName\":\"search_term_string\"}}],\"inLanguage\":\"es\"},{\"@type\":\"Organization\",\"@id\":\"https:\/\/tourtravelandmore.com\/es\/#organization\",\"name\":\"Tour Travel And More\",\"url\":\"https:\/\/tourtravelandmore.com\/es\/\",\"logo\":{\"@type\":\"ImageObject\",\"inLanguage\":\"es\",\"@id\":\"https:\/\/tourtravelandmore.com\/es\/#\/schema\/logo\/image\/\",\"url\":\"https:\/\/tourtravelandmore.com\/wp-content\/uploads\/2022\/12\/cropped-logo-cabecera-new.png\",\"contentUrl\":\"https:\/\/tourtravelandmore.com\/wp-content\/uploads\/2022\/12\/cropped-logo-cabecera-new.png\",\"width\":430,\"height\":61,\"caption\":\"Tour Travel And More\"},\"image\":{\"@id\":\"https:\/\/tourtravelandmore.com\/es\/#\/schema\/logo\/image\/\"},\"sameAs\":[\"https:\/\/www.facebook.com\/tourtravelandmore\/\",\"https:\/\/x.com\/TourTravel_More\"]}]}<\/script>\n<!-- \/ Yoast SEO Premium plugin. -->","yoast_head_json":{"title":"\u27a1\ufe0f Excursi\u00f3n privada de Jerusal\u00e9n y Bel\u00e9n desde Tel Aviv | Tour Travel & More","description":"\u00bfDesea conocer m\u00e1s a fondo los lugares sobresalientes de la historia? Mediante nuestra excursi\u00f3n privada de Jerusal\u00e9n y Bel\u00e9n desde Tel Aviv \u2705","robots":{"index":"index","follow":"follow","max-snippet":"max-snippet:-1","max-image-preview":"max-image-preview:large","max-video-preview":"max-video-preview:-1"},"canonical":"https:\/\/tourtravelandmore.com\/es\/tours\/israel-sp\/telaviv-sp\/tours-de-dia-completo-sp\/excursion-privada-de-jerusalen-y-belen-desde-tel-aviv\/","og_locale":"es_ES","og_type":"article","og_title":"Excursi\u00f3n privada de Jerusal\u00e9n y Bel\u00e9n desde Tel Aviv","og_description":"\u00bfDesea conocer m\u00e1s a fondo los lugares sobresalientes de la historia? Mediante nuestra excursi\u00f3n privada de Jerusal\u00e9n y Bel\u00e9n desde Tel Aviv \u2705","og_url":"https:\/\/tourtravelandmore.com\/es\/tours\/israel-sp\/telaviv-sp\/tours-de-dia-completo-sp\/excursion-privada-de-jerusalen-y-belen-desde-tel-aviv\/","og_site_name":"Tour Travel And More","article_publisher":"https:\/\/www.facebook.com\/tourtravelandmore\/","article_modified_time":"2023-10-13T05:35:32+00:00","og_image":[{"width":2560,"height":1707,"url":"https:\/\/tourtravelandmore.com\/wp-content\/uploads\/2021\/04\/Jerusalem-2-scaled.jpg","type":"image\/jpeg"}],"twitter_card":"summary_large_image","twitter_site":"@TourTravel_More","twitter_misc":{"Tiempo de lectura":"2 minutos"},"schema":{"@context":"https:\/\/schema.org","@graph":[{"@type":"WebPage","@id":"https:\/\/tourtravelandmore.com\/es\/tours\/israel-sp\/telaviv-sp\/tours-de-dia-completo-sp\/excursion-privada-de-jerusalen-y-belen-desde-tel-aviv\/","url":"https:\/\/tourtravelandmore.com\/es\/tours\/israel-sp\/telaviv-sp\/tours-de-dia-completo-sp\/excursion-privada-de-jerusalen-y-belen-desde-tel-aviv\/","name":"\u27a1\ufe0f Excursi\u00f3n privada de Jerusal\u00e9n y Bel\u00e9n desde Tel Aviv | Tour Travel & More","isPartOf":{"@id":"https:\/\/tourtravelandmore.com\/es\/#website"},"primaryImageOfPage":{"@id":"https:\/\/tourtravelandmore.com\/es\/tours\/israel-sp\/telaviv-sp\/tours-de-dia-completo-sp\/excursion-privada-de-jerusalen-y-belen-desde-tel-aviv\/#primaryimage"},"image":{"@id":"https:\/\/tourtravelandmore.com\/es\/tours\/israel-sp\/telaviv-sp\/tours-de-dia-completo-sp\/excursion-privada-de-jerusalen-y-belen-desde-tel-aviv\/#primaryimage"},"thumbnailUrl":"https:\/\/tourtravelandmore.com\/wp-content\/uploads\/2021\/04\/Jerusalem-2-scaled.jpg","datePublished":"2021-04-21T10:56:16+00:00","dateModified":"2023-10-13T05:35:32+00:00","description":"\u00bfDesea conocer m\u00e1s a fondo los lugares sobresalientes de la historia? Mediante nuestra excursi\u00f3n privada de Jerusal\u00e9n y Bel\u00e9n desde Tel Aviv \u2705","breadcrumb":{"@id":"https:\/\/tourtravelandmore.com\/es\/tours\/israel-sp\/telaviv-sp\/tours-de-dia-completo-sp\/excursion-privada-de-jerusalen-y-belen-desde-tel-aviv\/#breadcrumb"},"inLanguage":"es","potentialAction":[{"@type":"ReadAction","target":["https:\/\/tourtravelandmore.com\/es\/tours\/israel-sp\/telaviv-sp\/tours-de-dia-completo-sp\/excursion-privada-de-jerusalen-y-belen-desde-tel-aviv\/"]}]},{"@type":"ImageObject","inLanguage":"es","@id":"https:\/\/tourtravelandmore.com\/es\/tours\/israel-sp\/telaviv-sp\/tours-de-dia-completo-sp\/excursion-privada-de-jerusalen-y-belen-desde-tel-aviv\/#primaryimage","url":"https:\/\/tourtravelandmore.com\/wp-content\/uploads\/2021\/04\/Jerusalem-2-scaled.jpg","contentUrl":"https:\/\/tourtravelandmore.com\/wp-content\/uploads\/2021\/04\/Jerusalem-2-scaled.jpg","width":2560,"height":1707},{"@type":"BreadcrumbList","@id":"https:\/\/tourtravelandmore.com\/es\/tours\/israel-sp\/telaviv-sp\/tours-de-dia-completo-sp\/excursion-privada-de-jerusalen-y-belen-desde-tel-aviv\/#breadcrumb","itemListElement":[{"@type":"ListItem","position":1,"name":"Home","item":"https:\/\/tourtravelandmore.com\/es\/"},{"@type":"ListItem","position":2,"name":"Tours","item":"https:\/\/tourtravelandmore.com\/es\/tours\/"},{"@type":"ListItem","position":3,"name":"Excursi\u00f3n privada de Jerusal\u00e9n y Bel\u00e9n desde Tel Aviv"}]},{"@type":"WebSite","@id":"https:\/\/tourtravelandmore.com\/es\/#website","url":"https:\/\/tourtravelandmore.com\/es\/","name":"Tour Travel And More","description":"Private sightseeing tours and luxury transfers in Spain","publisher":{"@id":"https:\/\/tourtravelandmore.com\/es\/#organization"},"potentialAction":[{"@type":"SearchAction","target":{"@type":"EntryPoint","urlTemplate":"https:\/\/tourtravelandmore.com\/es\/?s={search_term_string}"},"query-input":{"@type":"PropertyValueSpecification","valueRequired":true,"valueName":"search_term_string"}}],"inLanguage":"es"},{"@type":"Organization","@id":"https:\/\/tourtravelandmore.com\/es\/#organization","name":"Tour Travel And More","url":"https:\/\/tourtravelandmore.com\/es\/","logo":{"@type":"ImageObject","inLanguage":"es","@id":"https:\/\/tourtravelandmore.com\/es\/#\/schema\/logo\/image\/","url":"https:\/\/tourtravelandmore.com\/wp-content\/uploads\/2022\/12\/cropped-logo-cabecera-new.png","contentUrl":"https:\/\/tourtravelandmore.com\/wp-content\/uploads\/2022\/12\/cropped-logo-cabecera-new.png","width":430,"height":61,"caption":"Tour Travel And More"},"image":{"@id":"https:\/\/tourtravelandmore.com\/es\/#\/schema\/logo\/image\/"},"sameAs":["https:\/\/www.facebook.com\/tourtravelandmore\/","https:\/\/x.com\/TourTravel_More"]}]}},"_links":{"self":[{"href":"https:\/\/tourtravelandmore.com\/es\/wp-json\/wp\/v2\/product\/106165","targetHints":{"allow":["GET"]}}],"collection":[{"href":"https:\/\/tourtravelandmore.com\/es\/wp-json\/wp\/v2\/product"}],"about":[{"href":"https:\/\/tourtravelandmore.com\/es\/wp-json\/wp\/v2\/types\/product"}],"replies":[{"embeddable":true,"href":"https:\/\/tourtravelandmore.com\/es\/wp-json\/wp\/v2\/comments?post=106165"}],"wp:featuredmedia":[{"embeddable":true,"href":"https:\/\/tourtravelandmore.com\/es\/wp-json\/wp\/v2\/media\/106077"}],"wp:attachment":[{"href":"https:\/\/tourtravelandmore.com\/es\/wp-json\/wp\/v2\/media?parent=106165"}],"wp:term":[{"taxonomy":"product_brand","embeddable":true,"href":"https:\/\/tourtravelandmore.com\/es\/wp-json\/wp\/v2\/product_brand?post=106165"},{"taxonomy":"product_cat","embeddable":true,"href":"https:\/\/tourtravelandmore.com\/es\/wp-json\/wp\/v2\/product_cat?post=106165"},{"taxonomy":"product_tag","embeddable":true,"href":"https:\/\/tourtravelandmore.com\/es\/wp-json\/wp\/v2\/product_tag?post=106165"}],"curies":[{"name":"wp","href":"https:\/\/api.w.org\/{rel}","templated":true}]}}