{"id":106147,"date":"2021-04-21T12:45:44","date_gmt":"2021-04-21T10:45:45","guid":{"rendered":"https:\/\/tourtravelandmore.com\/?post_type=product&#038;p=106147"},"modified":"2023-10-13T07:39:36","modified_gmt":"2023-10-13T05:39:36","slug":"excursion-privada-de-haifa-acre-y-rosh-ha-nikra-desde-tel-aviv","status":"publish","type":"product","link":"https:\/\/tourtravelandmore.com\/es\/tours\/israel-sp\/telaviv-sp\/tours-de-dia-completo-sp\/excursion-privada-de-haifa-acre-y-rosh-ha-nikra-desde-tel-aviv\/","title":{"rendered":"Excursi\u00f3n privada de Haifa Acre y Rosh Ha-Nikra desde Tel-Aviv"},"content":{"rendered":"<h2>Descripci\u00f3n de la Excursi\u00f3n privada de Haifa Acre y Rosh Ha-Nikra desde Tel-Aviv<\/h2>\n<p>\u00bfDesea observar detalladamente y muy de cerca la historia que se esconde en la costa norte de Israel? En ese caso, debido a una excursi\u00f3n privada de unas 8 horas, usted conocer\u00e1 <b>Haifa Acre y Rosh Ha-Nikra desde Tel-Aviv. <\/b>Gracias a que contar\u00e1 con un chofer\/gu\u00eda oficial, no habr\u00e1 oportunidad para sentir temor, sino que explorar\u00e1 un mundo totalmente distinto en este viaje de lujo.<\/p>\n<h3><b>\u00bfQu\u00e9 se puede disfrutar en la Excursi\u00f3n privada de Haifa Acre y Rosh Ha-Nikra desde Tel-Aviv?<\/b><\/h3>\n<p>En primer lugar, usted tendr\u00e1 la oportunidad de contemplar con sus propios ojos el puerto de Haifa, espec\u00edficamente desde la cumbre del Monte Carmelo. Tambi\u00e9n se puede disfrutar de una belleza visual, como lo son <b>los jardines persas de Baha\u00ed<\/b>, que son muy populares por la estructura colgante que poseen. Una vez que nos encontremos en el l\u00edmite que linda con el L\u00edbano, se puede disfrutar de la hermosa vista de las grutas de Rosh Ha-Nikra.<\/p>\n<p>Luego de que nos encontremos en Rosh Ha-Nikra, usted visualizar\u00e1 el paisaje que se puede ver a las orillas del Mar Mediterr\u00e1neo. Tambi\u00e9n, podr\u00e1 visitar la Ciudad Vieja de Acre, esta ha sido reconocida como Patrimonio de la Humanidad; en esta zona, los templarios realizaron algunas<b> cuevas secretas durante las cruzadas,<\/b> y algunas de ellas se encuentran disponibles para visitarlas.<\/p>\n<h2>Puntos emblem\u00e1ticos y de inter\u00e9s<\/h2>\n<h3><b>\u00bfEn qu\u00e9 parte inicia la Excursi\u00f3n privada de Haifa Acre y Rosh Ha-Nikra desde Tel-Aviv?<\/b><\/h3>\n<p>Desde tempranas horas de la ma\u00f1ana, podremos <b>pasar a recogerlo en su hotel de Tel-Aviv<\/b>, y desde este punto, iniciaremos el recorrido que se encuentra especialmente preparado para usted. Nuestro Chofer\/gu\u00eda oficial, podr\u00e1 ofrecerle informaci\u00f3n precisa y un viaje que nunca olvidar\u00e1 mediante esta excursi\u00f3n en auto de lujo; aproximadamente, el viaje tiene una duraci\u00f3n de unas 8 horas.<\/p>\n<h3><b>Qu\u00e9 esperar en el viaje<\/b><\/h3>\n<p>Como hemos mencionado anteriormente, los jardines de Baha\u00ed son una belleza \u00fanica, tambi\u00e9n puede visitar el monasterio carmelita, luego conduciremos por la colonia alemana. La antigua ciudad de Akko Knights Halls cuenta con<b> incontables secretos de los templarios<\/b>, los cuales podr\u00e1 descubrir en este maravilloso viaje privado. Adem\u00e1s, usted podr\u00e1:<\/p>\n<ul>\n<li aria-level=\"1\"><strong>Viajar de la forma m\u00e1s c\u00f3moda posible en un veh\u00edculo privado con chofer\/gu\u00eda oficial.<\/strong><\/li>\n<li aria-level=\"1\"><strong>Aprender mucho sobre Haifa y Acre, y de su cultura.<\/strong><\/li>\n<li aria-level=\"1\"><strong>Explorar los jardines de Baha\u00ed.<\/strong><\/li>\n<li aria-level=\"1\"><strong>Tendr\u00e1 una recogida y entrega sin ninguna clase de problemas desde su hotel en Tel Aviv.<\/strong><\/li>\n<\/ul>\n","protected":false},"excerpt":{"rendered":"<p>Si desea efectuar una excursi\u00f3n de la que jam\u00e1s se arrepentir\u00e1, la opci\u00f3n ideal es hacer un tour privado de Haifa Acre y Rosh Ha-Nikra desde Tel-Aviv. Puede contactarnos, y disfrutar de una experiencia inolvidable a trav\u00e9s de esta regi\u00f3n.<\/p>\n<p><span style=\"font-weight: 400;\">\u00a0<\/span><\/p>\n<h4><\/h4>\n","protected":false},"featured_media":106234,"comment_status":"open","ping_status":"closed","template":"","meta":{"_acf_changed":false},"product_brand":[],"product_cat":[3863,3866,3897,3893],"product_tag":[],"class_list":{"0":"post-106147","1":"product","2":"type-product","3":"status-publish","4":"has-post-thumbnail","6":"product_cat-israel-sp","7":"product_cat-telaviv-sp","8":"product_cat-todos-los-tours-y-actividades-privados-sp","9":"product_cat-tours-de-dia-completo-sp","11":"first","12":"instock","13":"shipping-taxable","14":"purchasable","15":"product-type-simple"},"acf":[],"yoast_head":"<!-- This site is optimized with the Yoast SEO Premium plugin v25.3.1 (Yoast SEO v25.3.1) - https:\/\/yoast.com\/wordpress\/plugins\/seo\/ -->\n<title>\u27a1\ufe0f Excursi\u00f3n privada de Haifa Acre y Rosh Ha-Nikra desde Tel-Aviv | Tour Travel &amp; More<\/title>\n<meta name=\"description\" content=\"Aproveche esta oportunidad especial \ud83d\ude0d: podr\u00e1 recorrer los hermosos paisajes que rodean Haifa Acre y Rosh Ha-Nikra, y la cultura.\" \/>\n<meta name=\"robots\" content=\"index, follow, max-snippet:-1, max-image-preview:large, max-video-preview:-1\" \/>\n<link rel=\"canonical\" href=\"https:\/\/tourtravelandmore.com\/es\/tours\/israel-sp\/telaviv-sp\/tours-de-dia-completo-sp\/excursion-privada-de-haifa-acre-y-rosh-ha-nikra-desde-tel-aviv\/\" \/>\n<meta property=\"og:locale\" content=\"es_ES\" \/>\n<meta property=\"og:type\" content=\"article\" \/>\n<meta property=\"og:title\" content=\"Excursi\u00f3n privada de Haifa Acre y Rosh Ha-Nikra desde Tel-Aviv\" \/>\n<meta property=\"og:description\" content=\"Aproveche esta oportunidad especial \ud83d\ude0d: podr\u00e1 recorrer los hermosos paisajes que rodean Haifa Acre y Rosh Ha-Nikra, y la cultura.\" \/>\n<meta property=\"og:url\" content=\"https:\/\/tourtravelandmore.com\/es\/tours\/israel-sp\/telaviv-sp\/tours-de-dia-completo-sp\/excursion-privada-de-haifa-acre-y-rosh-ha-nikra-desde-tel-aviv\/\" \/>\n<meta property=\"og:site_name\" content=\"Tour Travel And More\" \/>\n<meta property=\"article:publisher\" content=\"https:\/\/www.facebook.com\/tourtravelandmore\/\" \/>\n<meta property=\"article:modified_time\" content=\"2023-10-13T05:39:36+00:00\" \/>\n<meta property=\"og:image\" content=\"https:\/\/tourtravelandmore.com\/wp-content\/uploads\/2021\/04\/Haifa-scaled.jpg\" \/>\n\t<meta property=\"og:image:width\" content=\"2560\" \/>\n\t<meta property=\"og:image:height\" content=\"1920\" \/>\n\t<meta property=\"og:image:type\" content=\"image\/jpeg\" \/>\n<meta name=\"twitter:card\" content=\"summary_large_image\" \/>\n<meta name=\"twitter:site\" content=\"@TourTravel_More\" \/>\n<meta name=\"twitter:label1\" content=\"Tiempo de lectura\" \/>\n\t<meta name=\"twitter:data1\" content=\"2 minutos\" \/>\n<script type=\"application\/ld+json\" class=\"yoast-schema-graph\">{\"@context\":\"https:\/\/schema.org\",\"@graph\":[{\"@type\":\"WebPage\",\"@id\":\"https:\/\/tourtravelandmore.com\/es\/tours\/israel-sp\/telaviv-sp\/tours-de-dia-completo-sp\/excursion-privada-de-haifa-acre-y-rosh-ha-nikra-desde-tel-aviv\/\",\"url\":\"https:\/\/tourtravelandmore.com\/es\/tours\/israel-sp\/telaviv-sp\/tours-de-dia-completo-sp\/excursion-privada-de-haifa-acre-y-rosh-ha-nikra-desde-tel-aviv\/\",\"name\":\"\u27a1\ufe0f Excursi\u00f3n privada de Haifa Acre y Rosh Ha-Nikra desde Tel-Aviv | Tour Travel & More\",\"isPartOf\":{\"@id\":\"https:\/\/tourtravelandmore.com\/es\/#website\"},\"primaryImageOfPage\":{\"@id\":\"https:\/\/tourtravelandmore.com\/es\/tours\/israel-sp\/telaviv-sp\/tours-de-dia-completo-sp\/excursion-privada-de-haifa-acre-y-rosh-ha-nikra-desde-tel-aviv\/#primaryimage\"},\"image\":{\"@id\":\"https:\/\/tourtravelandmore.com\/es\/tours\/israel-sp\/telaviv-sp\/tours-de-dia-completo-sp\/excursion-privada-de-haifa-acre-y-rosh-ha-nikra-desde-tel-aviv\/#primaryimage\"},\"thumbnailUrl\":\"https:\/\/tourtravelandmore.com\/wp-content\/uploads\/2021\/04\/Haifa-scaled.jpg\",\"datePublished\":\"2021-04-21T10:45:45+00:00\",\"dateModified\":\"2023-10-13T05:39:36+00:00\",\"description\":\"Aproveche esta oportunidad especial \ud83d\ude0d: podr\u00e1 recorrer los hermosos paisajes que rodean Haifa Acre y Rosh Ha-Nikra, y la cultura.\",\"breadcrumb\":{\"@id\":\"https:\/\/tourtravelandmore.com\/es\/tours\/israel-sp\/telaviv-sp\/tours-de-dia-completo-sp\/excursion-privada-de-haifa-acre-y-rosh-ha-nikra-desde-tel-aviv\/#breadcrumb\"},\"inLanguage\":\"es\",\"potentialAction\":[{\"@type\":\"ReadAction\",\"target\":[\"https:\/\/tourtravelandmore.com\/es\/tours\/israel-sp\/telaviv-sp\/tours-de-dia-completo-sp\/excursion-privada-de-haifa-acre-y-rosh-ha-nikra-desde-tel-aviv\/\"]}]},{\"@type\":\"ImageObject\",\"inLanguage\":\"es\",\"@id\":\"https:\/\/tourtravelandmore.com\/es\/tours\/israel-sp\/telaviv-sp\/tours-de-dia-completo-sp\/excursion-privada-de-haifa-acre-y-rosh-ha-nikra-desde-tel-aviv\/#primaryimage\",\"url\":\"https:\/\/tourtravelandmore.com\/wp-content\/uploads\/2021\/04\/Haifa-scaled.jpg\",\"contentUrl\":\"https:\/\/tourtravelandmore.com\/wp-content\/uploads\/2021\/04\/Haifa-scaled.jpg\",\"width\":2560,\"height\":1920},{\"@type\":\"BreadcrumbList\",\"@id\":\"https:\/\/tourtravelandmore.com\/es\/tours\/israel-sp\/telaviv-sp\/tours-de-dia-completo-sp\/excursion-privada-de-haifa-acre-y-rosh-ha-nikra-desde-tel-aviv\/#breadcrumb\",\"itemListElement\":[{\"@type\":\"ListItem\",\"position\":1,\"name\":\"Home\",\"item\":\"https:\/\/tourtravelandmore.com\/es\/\"},{\"@type\":\"ListItem\",\"position\":2,\"name\":\"Tours\",\"item\":\"https:\/\/tourtravelandmore.com\/es\/tours\/\"},{\"@type\":\"ListItem\",\"position\":3,\"name\":\"Excursi\u00f3n privada de Haifa Acre y Rosh Ha-Nikra desde Tel-Aviv\"}]},{\"@type\":\"WebSite\",\"@id\":\"https:\/\/tourtravelandmore.com\/es\/#website\",\"url\":\"https:\/\/tourtravelandmore.com\/es\/\",\"name\":\"Tour Travel And More\",\"description\":\"Private sightseeing tours and luxury transfers in Spain\",\"publisher\":{\"@id\":\"https:\/\/tourtravelandmore.com\/es\/#organization\"},\"potentialAction\":[{\"@type\":\"SearchAction\",\"target\":{\"@type\":\"EntryPoint\",\"urlTemplate\":\"https:\/\/tourtravelandmore.com\/es\/?s={search_term_string}\"},\"query-input\":{\"@type\":\"PropertyValueSpecification\",\"valueRequired\":true,\"valueName\":\"search_term_string\"}}],\"inLanguage\":\"es\"},{\"@type\":\"Organization\",\"@id\":\"https:\/\/tourtravelandmore.com\/es\/#organization\",\"name\":\"Tour Travel And More\",\"url\":\"https:\/\/tourtravelandmore.com\/es\/\",\"logo\":{\"@type\":\"ImageObject\",\"inLanguage\":\"es\",\"@id\":\"https:\/\/tourtravelandmore.com\/es\/#\/schema\/logo\/image\/\",\"url\":\"https:\/\/tourtravelandmore.com\/wp-content\/uploads\/2022\/12\/cropped-logo-cabecera-new.png\",\"contentUrl\":\"https:\/\/tourtravelandmore.com\/wp-content\/uploads\/2022\/12\/cropped-logo-cabecera-new.png\",\"width\":430,\"height\":61,\"caption\":\"Tour Travel And More\"},\"image\":{\"@id\":\"https:\/\/tourtravelandmore.com\/es\/#\/schema\/logo\/image\/\"},\"sameAs\":[\"https:\/\/www.facebook.com\/tourtravelandmore\/\",\"https:\/\/x.com\/TourTravel_More\"]}]}<\/script>\n<!-- \/ Yoast SEO Premium plugin. -->","yoast_head_json":{"title":"\u27a1\ufe0f Excursi\u00f3n privada de Haifa Acre y Rosh Ha-Nikra desde Tel-Aviv | Tour Travel & More","description":"Aproveche esta oportunidad especial \ud83d\ude0d: podr\u00e1 recorrer los hermosos paisajes que rodean Haifa Acre y Rosh Ha-Nikra, y la cultura.","robots":{"index":"index","follow":"follow","max-snippet":"max-snippet:-1","max-image-preview":"max-image-preview:large","max-video-preview":"max-video-preview:-1"},"canonical":"https:\/\/tourtravelandmore.com\/es\/tours\/israel-sp\/telaviv-sp\/tours-de-dia-completo-sp\/excursion-privada-de-haifa-acre-y-rosh-ha-nikra-desde-tel-aviv\/","og_locale":"es_ES","og_type":"article","og_title":"Excursi\u00f3n privada de Haifa Acre y Rosh Ha-Nikra desde Tel-Aviv","og_description":"Aproveche esta oportunidad especial \ud83d\ude0d: podr\u00e1 recorrer los hermosos paisajes que rodean Haifa Acre y Rosh Ha-Nikra, y la cultura.","og_url":"https:\/\/tourtravelandmore.com\/es\/tours\/israel-sp\/telaviv-sp\/tours-de-dia-completo-sp\/excursion-privada-de-haifa-acre-y-rosh-ha-nikra-desde-tel-aviv\/","og_site_name":"Tour Travel And More","article_publisher":"https:\/\/www.facebook.com\/tourtravelandmore\/","article_modified_time":"2023-10-13T05:39:36+00:00","og_image":[{"width":2560,"height":1920,"url":"https:\/\/tourtravelandmore.com\/wp-content\/uploads\/2021\/04\/Haifa-scaled.jpg","type":"image\/jpeg"}],"twitter_card":"summary_large_image","twitter_site":"@TourTravel_More","twitter_misc":{"Tiempo de lectura":"2 minutos"},"schema":{"@context":"https:\/\/schema.org","@graph":[{"@type":"WebPage","@id":"https:\/\/tourtravelandmore.com\/es\/tours\/israel-sp\/telaviv-sp\/tours-de-dia-completo-sp\/excursion-privada-de-haifa-acre-y-rosh-ha-nikra-desde-tel-aviv\/","url":"https:\/\/tourtravelandmore.com\/es\/tours\/israel-sp\/telaviv-sp\/tours-de-dia-completo-sp\/excursion-privada-de-haifa-acre-y-rosh-ha-nikra-desde-tel-aviv\/","name":"\u27a1\ufe0f Excursi\u00f3n privada de Haifa Acre y Rosh Ha-Nikra desde Tel-Aviv | Tour Travel & More","isPartOf":{"@id":"https:\/\/tourtravelandmore.com\/es\/#website"},"primaryImageOfPage":{"@id":"https:\/\/tourtravelandmore.com\/es\/tours\/israel-sp\/telaviv-sp\/tours-de-dia-completo-sp\/excursion-privada-de-haifa-acre-y-rosh-ha-nikra-desde-tel-aviv\/#primaryimage"},"image":{"@id":"https:\/\/tourtravelandmore.com\/es\/tours\/israel-sp\/telaviv-sp\/tours-de-dia-completo-sp\/excursion-privada-de-haifa-acre-y-rosh-ha-nikra-desde-tel-aviv\/#primaryimage"},"thumbnailUrl":"https:\/\/tourtravelandmore.com\/wp-content\/uploads\/2021\/04\/Haifa-scaled.jpg","datePublished":"2021-04-21T10:45:45+00:00","dateModified":"2023-10-13T05:39:36+00:00","description":"Aproveche esta oportunidad especial \ud83d\ude0d: podr\u00e1 recorrer los hermosos paisajes que rodean Haifa Acre y Rosh Ha-Nikra, y la cultura.","breadcrumb":{"@id":"https:\/\/tourtravelandmore.com\/es\/tours\/israel-sp\/telaviv-sp\/tours-de-dia-completo-sp\/excursion-privada-de-haifa-acre-y-rosh-ha-nikra-desde-tel-aviv\/#breadcrumb"},"inLanguage":"es","potentialAction":[{"@type":"ReadAction","target":["https:\/\/tourtravelandmore.com\/es\/tours\/israel-sp\/telaviv-sp\/tours-de-dia-completo-sp\/excursion-privada-de-haifa-acre-y-rosh-ha-nikra-desde-tel-aviv\/"]}]},{"@type":"ImageObject","inLanguage":"es","@id":"https:\/\/tourtravelandmore.com\/es\/tours\/israel-sp\/telaviv-sp\/tours-de-dia-completo-sp\/excursion-privada-de-haifa-acre-y-rosh-ha-nikra-desde-tel-aviv\/#primaryimage","url":"https:\/\/tourtravelandmore.com\/wp-content\/uploads\/2021\/04\/Haifa-scaled.jpg","contentUrl":"https:\/\/tourtravelandmore.com\/wp-content\/uploads\/2021\/04\/Haifa-scaled.jpg","width":2560,"height":1920},{"@type":"BreadcrumbList","@id":"https:\/\/tourtravelandmore.com\/es\/tours\/israel-sp\/telaviv-sp\/tours-de-dia-completo-sp\/excursion-privada-de-haifa-acre-y-rosh-ha-nikra-desde-tel-aviv\/#breadcrumb","itemListElement":[{"@type":"ListItem","position":1,"name":"Home","item":"https:\/\/tourtravelandmore.com\/es\/"},{"@type":"ListItem","position":2,"name":"Tours","item":"https:\/\/tourtravelandmore.com\/es\/tours\/"},{"@type":"ListItem","position":3,"name":"Excursi\u00f3n privada de Haifa Acre y Rosh Ha-Nikra desde Tel-Aviv"}]},{"@type":"WebSite","@id":"https:\/\/tourtravelandmore.com\/es\/#website","url":"https:\/\/tourtravelandmore.com\/es\/","name":"Tour Travel And More","description":"Private sightseeing tours and luxury transfers in Spain","publisher":{"@id":"https:\/\/tourtravelandmore.com\/es\/#organization"},"potentialAction":[{"@type":"SearchAction","target":{"@type":"EntryPoint","urlTemplate":"https:\/\/tourtravelandmore.com\/es\/?s={search_term_string}"},"query-input":{"@type":"PropertyValueSpecification","valueRequired":true,"valueName":"search_term_string"}}],"inLanguage":"es"},{"@type":"Organization","@id":"https:\/\/tourtravelandmore.com\/es\/#organization","name":"Tour Travel And More","url":"https:\/\/tourtravelandmore.com\/es\/","logo":{"@type":"ImageObject","inLanguage":"es","@id":"https:\/\/tourtravelandmore.com\/es\/#\/schema\/logo\/image\/","url":"https:\/\/tourtravelandmore.com\/wp-content\/uploads\/2022\/12\/cropped-logo-cabecera-new.png","contentUrl":"https:\/\/tourtravelandmore.com\/wp-content\/uploads\/2022\/12\/cropped-logo-cabecera-new.png","width":430,"height":61,"caption":"Tour Travel And More"},"image":{"@id":"https:\/\/tourtravelandmore.com\/es\/#\/schema\/logo\/image\/"},"sameAs":["https:\/\/www.facebook.com\/tourtravelandmore\/","https:\/\/x.com\/TourTravel_More"]}]}},"_links":{"self":[{"href":"https:\/\/tourtravelandmore.com\/es\/wp-json\/wp\/v2\/product\/106147","targetHints":{"allow":["GET"]}}],"collection":[{"href":"https:\/\/tourtravelandmore.com\/es\/wp-json\/wp\/v2\/product"}],"about":[{"href":"https:\/\/tourtravelandmore.com\/es\/wp-json\/wp\/v2\/types\/product"}],"replies":[{"embeddable":true,"href":"https:\/\/tourtravelandmore.com\/es\/wp-json\/wp\/v2\/comments?post=106147"}],"wp:featuredmedia":[{"embeddable":true,"href":"https:\/\/tourtravelandmore.com\/es\/wp-json\/wp\/v2\/media\/106234"}],"wp:attachment":[{"href":"https:\/\/tourtravelandmore.com\/es\/wp-json\/wp\/v2\/media?parent=106147"}],"wp:term":[{"taxonomy":"product_brand","embeddable":true,"href":"https:\/\/tourtravelandmore.com\/es\/wp-json\/wp\/v2\/product_brand?post=106147"},{"taxonomy":"product_cat","embeddable":true,"href":"https:\/\/tourtravelandmore.com\/es\/wp-json\/wp\/v2\/product_cat?post=106147"},{"taxonomy":"product_tag","embeddable":true,"href":"https:\/\/tourtravelandmore.com\/es\/wp-json\/wp\/v2\/product_tag?post=106147"}],"curies":[{"name":"wp","href":"https:\/\/api.w.org\/{rel}","templated":true}]}}