{"id":106129,"date":"2021-04-21T12:35:01","date_gmt":"2021-04-21T10:35:02","guid":{"rendered":"https:\/\/tourtravelandmore.com\/?post_type=product&#038;p=106129"},"modified":"2023-10-13T07:41:43","modified_gmt":"2023-10-13T05:41:43","slug":"excursion-privada-a-haifa-cesarea-y-akko-desde-tel-aviv","status":"publish","type":"product","link":"https:\/\/tourtravelandmore.com\/es\/tours\/israel-sp\/telaviv-sp\/tours-de-dia-completo-sp\/excursion-privada-a-haifa-cesarea-y-akko-desde-tel-aviv\/","title":{"rendered":"Excursi\u00f3n privada a Haifa, Cesarea y Akko desde Tel Aviv"},"content":{"rendered":"<h2>Descripci\u00f3n de la Excursi\u00f3n privada a Haifa, Cesarea y Akko desde Tel Aviv<\/h2>\n<p>Esta hermosa excursi\u00f3n privada tiene una duraci\u00f3n de 8 horas, comenzando a las 8:00 am, realizando la recogida en el hotel de alojamiento, en auto de lujo con aire acondicionado. Adem\u00e1s, ser\u00e1 acompa\u00f1ado por un chofer\/gu\u00eda privado oficial muy bien calificado, que le relatar\u00e1 todas las historias de la \u00e9poca. Visita que se dirige hacia la costa norte de Israel y del Mediterr\u00e1neo, <b>explorando los lugares m\u00e1s impresionantes y coloridos<\/b> de Haifa, Cesarea y Akko, con sus respectivas entradas incluidas y posibilidad de empezar el tour en el Terminal de Cruceros de Haifa.<\/p>\n<h3><b>\u00bfQu\u00e9 le ofrece la excursi\u00f3n privada a Haifa, Cesarea y Akko desde Tel Aviv?<\/b><\/h3>\n<p>Conocer\u00e1 los <b>sitios m\u00e1s relevantes de las ciudades de Haifa<\/b>, visitando los espectaculares Jardines de Baha\u00ef. Tambi\u00e9n Cesarea, ciudad del rey Herodes y sus ruinas antiguas; igualmente y de regreso, la antigua ciudad de Akko, considerada la ciudad m\u00e1s grande de Israel, con referencias de una mezcla arquitect\u00f3nica de la tercera cruzada, de los otomanos, entre otros.<\/p>\n<p>Adem\u00e1s de la recogida y regreso en auto de lujo al hotel donde se hospede, est\u00e1 garantizado el traslado durante la excursi\u00f3n, con el <b>confort del aire acondicionado y el chofer\/gu\u00eda privado<\/b>, especializado en la historia del lugar. Por supuesto, se tomar\u00e1n todas las medidas de seguridad para prevenci\u00f3n del COVID 19; incluyendo limitaci\u00f3n de visitantes, para evitar aglomeraciones.<\/p>\n<h2>Puntos emblem\u00e1ticos y de inter\u00e9s<\/h2>\n<h3><b>\u00bfQu\u00e9 esperar en Haifa?<\/b><\/h3>\n<p>Podr\u00e1 conocer los <b>exuberantes y maravillosos Jardines colgantes de Haifa<\/b> o Terrazas Baha\u00edes en el Santuario del Bab, los cuales han sido declarados Patrimonio de la Humanidad por la UNESCO. Disfrutar\u00e1 paseando por estos jardines, estructurados en terrazas y lleno de diversos colores de flores, adem\u00e1s de la vista azul del mar Mediterr\u00e1neo que se localiza justo enfrente.<\/p>\n<h3><b>\u00bfQu\u00e9 esperar en Cesarea?<\/b><\/h3>\n<p>La ciudad portuaria de Cesarea, se construy\u00f3 bajo el mandato del rey Herodes y su nombre se deriva del emperador C\u00e9sar Augusto. Podr\u00e1 <b>conocer lo que queda de esta antigua ciudad<\/b>, que era el centro en donde se administraba todo lo referente al Imperio. Ver\u00e1 el puerto, el anfiteatro muy bien conservado, los muros por donde puede caminar y todas las estructuras arqueol\u00f3gicas y grandeza de su \u00e9poca.<\/p>\n<h3><b>\u00bfQu\u00e9 esperar en Akko?<\/b><\/h3>\n<p>La antigua ciudad de Akko se encuentra bien conservada, ah\u00ed se <b>maravillar\u00e1 con la impresionante arquitectura amurallada<\/b>. Oir\u00e1 historias fascinantes sobre el paso de los romanos, cruzados, otomanos e inclusive Napole\u00f3n Bonaparte. Cada uno de ellos dejando su huella y dando origen a una hermosa mezcla de arquitectura. Considerada Patrimonio de la Humanidad por la UNESCO.<\/p>\n<p>En el caso de los cruzados, se pueden <b>observar los enormes Salones de los Caballeros<\/b>, el famoso t\u00fanel de los templarios, entre otros. De la arquitectura otomana, se encuentra la posada Khan al-Umdan para la estancia de los comerciantes o la prisi\u00f3n donde muchos jud\u00edos fueron prisioneros, por defender la libertad. Actualmente, encontramos en la vieja ciudad, mercados y restaurantes donde puede pasar un momento tranquilo frente al mar.<\/p>\n","protected":false},"excerpt":{"rendered":"<p><i>La excursi\u00f3n privada tanto a Haifa, como a Cesarea y Akko, le permite disfrutar de hermosos y coloridos paisajes frente a la costa del mar Mediterr\u00e1neo. Un recorrido agradable, tranquilo y en compa\u00f1\u00eda de un chofer\/gu\u00eda especializado. Puede conocer las huellas que han dejado las diferentes civilizaciones en la historia.<\/i><\/p>\n<p><span style=\"font-weight: 400;\">\u00a0<\/span><\/p>\n<h4><\/h4>\n","protected":false},"featured_media":106237,"comment_status":"open","ping_status":"closed","template":"","meta":{"_acf_changed":false},"product_brand":[],"product_cat":[3863,3866,3897,3893],"product_tag":[],"class_list":{"0":"post-106129","1":"product","2":"type-product","3":"status-publish","4":"has-post-thumbnail","6":"product_cat-israel-sp","7":"product_cat-telaviv-sp","8":"product_cat-todos-los-tours-y-actividades-privados-sp","9":"product_cat-tours-de-dia-completo-sp","11":"first","12":"instock","13":"shipping-taxable","14":"purchasable","15":"product-type-simple"},"acf":[],"yoast_head":"<!-- This site is optimized with the Yoast SEO Premium plugin v25.3.1 (Yoast SEO v25.3.1) - https:\/\/yoast.com\/wordpress\/plugins\/seo\/ -->\n<title>\u27a1\ufe0f Excursi\u00f3n privada a Haifa, Cesarea y Akko desde Tel Aviv | Tour Travel &amp; More<\/title>\n<meta name=\"description\" content=\"\u2713Excursi\u00f3n privada de lujo de 8 horas para conocer los lugares m\u00e1s emblem\u00e1ticos de la costa norte de Israel, disfrutar su belleza y colorido \u2705\" \/>\n<meta name=\"robots\" content=\"index, follow, max-snippet:-1, max-image-preview:large, max-video-preview:-1\" \/>\n<link rel=\"canonical\" href=\"https:\/\/tourtravelandmore.com\/es\/tours\/israel-sp\/telaviv-sp\/tours-de-dia-completo-sp\/excursion-privada-a-haifa-cesarea-y-akko-desde-tel-aviv\/\" \/>\n<meta property=\"og:locale\" content=\"es_ES\" \/>\n<meta property=\"og:type\" content=\"article\" \/>\n<meta property=\"og:title\" content=\"Excursi\u00f3n privada a Haifa, Cesarea y Akko desde Tel Aviv\" \/>\n<meta property=\"og:description\" content=\"\u2713Excursi\u00f3n privada de lujo de 8 horas para conocer los lugares m\u00e1s emblem\u00e1ticos de la costa norte de Israel, disfrutar su belleza y colorido \u2705\" \/>\n<meta property=\"og:url\" content=\"https:\/\/tourtravelandmore.com\/es\/tours\/israel-sp\/telaviv-sp\/tours-de-dia-completo-sp\/excursion-privada-a-haifa-cesarea-y-akko-desde-tel-aviv\/\" \/>\n<meta property=\"og:site_name\" content=\"Tour Travel And More\" \/>\n<meta property=\"article:publisher\" content=\"https:\/\/www.facebook.com\/tourtravelandmore\/\" \/>\n<meta property=\"article:modified_time\" content=\"2023-10-13T05:41:43+00:00\" \/>\n<meta property=\"og:image\" content=\"https:\/\/tourtravelandmore.com\/wp-content\/uploads\/2021\/04\/Haifa-2-scaled.jpg\" \/>\n\t<meta property=\"og:image:width\" content=\"1760\" \/>\n\t<meta property=\"og:image:height\" content=\"2560\" \/>\n\t<meta property=\"og:image:type\" content=\"image\/jpeg\" \/>\n<meta name=\"twitter:card\" content=\"summary_large_image\" \/>\n<meta name=\"twitter:site\" content=\"@TourTravel_More\" \/>\n<meta name=\"twitter:label1\" content=\"Tiempo de lectura\" \/>\n\t<meta name=\"twitter:data1\" content=\"2 minutos\" \/>\n<script type=\"application\/ld+json\" class=\"yoast-schema-graph\">{\"@context\":\"https:\/\/schema.org\",\"@graph\":[{\"@type\":\"WebPage\",\"@id\":\"https:\/\/tourtravelandmore.com\/es\/tours\/israel-sp\/telaviv-sp\/tours-de-dia-completo-sp\/excursion-privada-a-haifa-cesarea-y-akko-desde-tel-aviv\/\",\"url\":\"https:\/\/tourtravelandmore.com\/es\/tours\/israel-sp\/telaviv-sp\/tours-de-dia-completo-sp\/excursion-privada-a-haifa-cesarea-y-akko-desde-tel-aviv\/\",\"name\":\"\u27a1\ufe0f Excursi\u00f3n privada a Haifa, Cesarea y Akko desde Tel Aviv | Tour Travel & More\",\"isPartOf\":{\"@id\":\"https:\/\/tourtravelandmore.com\/es\/#website\"},\"primaryImageOfPage\":{\"@id\":\"https:\/\/tourtravelandmore.com\/es\/tours\/israel-sp\/telaviv-sp\/tours-de-dia-completo-sp\/excursion-privada-a-haifa-cesarea-y-akko-desde-tel-aviv\/#primaryimage\"},\"image\":{\"@id\":\"https:\/\/tourtravelandmore.com\/es\/tours\/israel-sp\/telaviv-sp\/tours-de-dia-completo-sp\/excursion-privada-a-haifa-cesarea-y-akko-desde-tel-aviv\/#primaryimage\"},\"thumbnailUrl\":\"https:\/\/tourtravelandmore.com\/wp-content\/uploads\/2021\/04\/Haifa-2-scaled.jpg\",\"datePublished\":\"2021-04-21T10:35:02+00:00\",\"dateModified\":\"2023-10-13T05:41:43+00:00\",\"description\":\"\u2713Excursi\u00f3n privada de lujo de 8 horas para conocer los lugares m\u00e1s emblem\u00e1ticos de la costa norte de Israel, disfrutar su belleza y colorido \u2705\",\"breadcrumb\":{\"@id\":\"https:\/\/tourtravelandmore.com\/es\/tours\/israel-sp\/telaviv-sp\/tours-de-dia-completo-sp\/excursion-privada-a-haifa-cesarea-y-akko-desde-tel-aviv\/#breadcrumb\"},\"inLanguage\":\"es\",\"potentialAction\":[{\"@type\":\"ReadAction\",\"target\":[\"https:\/\/tourtravelandmore.com\/es\/tours\/israel-sp\/telaviv-sp\/tours-de-dia-completo-sp\/excursion-privada-a-haifa-cesarea-y-akko-desde-tel-aviv\/\"]}]},{\"@type\":\"ImageObject\",\"inLanguage\":\"es\",\"@id\":\"https:\/\/tourtravelandmore.com\/es\/tours\/israel-sp\/telaviv-sp\/tours-de-dia-completo-sp\/excursion-privada-a-haifa-cesarea-y-akko-desde-tel-aviv\/#primaryimage\",\"url\":\"https:\/\/tourtravelandmore.com\/wp-content\/uploads\/2021\/04\/Haifa-2-scaled.jpg\",\"contentUrl\":\"https:\/\/tourtravelandmore.com\/wp-content\/uploads\/2021\/04\/Haifa-2-scaled.jpg\",\"width\":1760,\"height\":2560},{\"@type\":\"BreadcrumbList\",\"@id\":\"https:\/\/tourtravelandmore.com\/es\/tours\/israel-sp\/telaviv-sp\/tours-de-dia-completo-sp\/excursion-privada-a-haifa-cesarea-y-akko-desde-tel-aviv\/#breadcrumb\",\"itemListElement\":[{\"@type\":\"ListItem\",\"position\":1,\"name\":\"Home\",\"item\":\"https:\/\/tourtravelandmore.com\/es\/\"},{\"@type\":\"ListItem\",\"position\":2,\"name\":\"Tours\",\"item\":\"https:\/\/tourtravelandmore.com\/es\/tours\/\"},{\"@type\":\"ListItem\",\"position\":3,\"name\":\"Excursi\u00f3n privada a Haifa, Cesarea y Akko desde Tel Aviv\"}]},{\"@type\":\"WebSite\",\"@id\":\"https:\/\/tourtravelandmore.com\/es\/#website\",\"url\":\"https:\/\/tourtravelandmore.com\/es\/\",\"name\":\"Tour Travel And More\",\"description\":\"Private sightseeing tours and luxury transfers in Spain\",\"publisher\":{\"@id\":\"https:\/\/tourtravelandmore.com\/es\/#organization\"},\"potentialAction\":[{\"@type\":\"SearchAction\",\"target\":{\"@type\":\"EntryPoint\",\"urlTemplate\":\"https:\/\/tourtravelandmore.com\/es\/?s={search_term_string}\"},\"query-input\":{\"@type\":\"PropertyValueSpecification\",\"valueRequired\":true,\"valueName\":\"search_term_string\"}}],\"inLanguage\":\"es\"},{\"@type\":\"Organization\",\"@id\":\"https:\/\/tourtravelandmore.com\/es\/#organization\",\"name\":\"Tour Travel And More\",\"url\":\"https:\/\/tourtravelandmore.com\/es\/\",\"logo\":{\"@type\":\"ImageObject\",\"inLanguage\":\"es\",\"@id\":\"https:\/\/tourtravelandmore.com\/es\/#\/schema\/logo\/image\/\",\"url\":\"https:\/\/tourtravelandmore.com\/wp-content\/uploads\/2022\/12\/cropped-logo-cabecera-new.png\",\"contentUrl\":\"https:\/\/tourtravelandmore.com\/wp-content\/uploads\/2022\/12\/cropped-logo-cabecera-new.png\",\"width\":430,\"height\":61,\"caption\":\"Tour Travel And More\"},\"image\":{\"@id\":\"https:\/\/tourtravelandmore.com\/es\/#\/schema\/logo\/image\/\"},\"sameAs\":[\"https:\/\/www.facebook.com\/tourtravelandmore\/\",\"https:\/\/x.com\/TourTravel_More\"]}]}<\/script>\n<!-- \/ Yoast SEO Premium plugin. -->","yoast_head_json":{"title":"\u27a1\ufe0f Excursi\u00f3n privada a Haifa, Cesarea y Akko desde Tel Aviv | Tour Travel & More","description":"\u2713Excursi\u00f3n privada de lujo de 8 horas para conocer los lugares m\u00e1s emblem\u00e1ticos de la costa norte de Israel, disfrutar su belleza y colorido \u2705","robots":{"index":"index","follow":"follow","max-snippet":"max-snippet:-1","max-image-preview":"max-image-preview:large","max-video-preview":"max-video-preview:-1"},"canonical":"https:\/\/tourtravelandmore.com\/es\/tours\/israel-sp\/telaviv-sp\/tours-de-dia-completo-sp\/excursion-privada-a-haifa-cesarea-y-akko-desde-tel-aviv\/","og_locale":"es_ES","og_type":"article","og_title":"Excursi\u00f3n privada a Haifa, Cesarea y Akko desde Tel Aviv","og_description":"\u2713Excursi\u00f3n privada de lujo de 8 horas para conocer los lugares m\u00e1s emblem\u00e1ticos de la costa norte de Israel, disfrutar su belleza y colorido \u2705","og_url":"https:\/\/tourtravelandmore.com\/es\/tours\/israel-sp\/telaviv-sp\/tours-de-dia-completo-sp\/excursion-privada-a-haifa-cesarea-y-akko-desde-tel-aviv\/","og_site_name":"Tour Travel And More","article_publisher":"https:\/\/www.facebook.com\/tourtravelandmore\/","article_modified_time":"2023-10-13T05:41:43+00:00","og_image":[{"width":1760,"height":2560,"url":"https:\/\/tourtravelandmore.com\/wp-content\/uploads\/2021\/04\/Haifa-2-scaled.jpg","type":"image\/jpeg"}],"twitter_card":"summary_large_image","twitter_site":"@TourTravel_More","twitter_misc":{"Tiempo de lectura":"2 minutos"},"schema":{"@context":"https:\/\/schema.org","@graph":[{"@type":"WebPage","@id":"https:\/\/tourtravelandmore.com\/es\/tours\/israel-sp\/telaviv-sp\/tours-de-dia-completo-sp\/excursion-privada-a-haifa-cesarea-y-akko-desde-tel-aviv\/","url":"https:\/\/tourtravelandmore.com\/es\/tours\/israel-sp\/telaviv-sp\/tours-de-dia-completo-sp\/excursion-privada-a-haifa-cesarea-y-akko-desde-tel-aviv\/","name":"\u27a1\ufe0f Excursi\u00f3n privada a Haifa, Cesarea y Akko desde Tel Aviv | Tour Travel & More","isPartOf":{"@id":"https:\/\/tourtravelandmore.com\/es\/#website"},"primaryImageOfPage":{"@id":"https:\/\/tourtravelandmore.com\/es\/tours\/israel-sp\/telaviv-sp\/tours-de-dia-completo-sp\/excursion-privada-a-haifa-cesarea-y-akko-desde-tel-aviv\/#primaryimage"},"image":{"@id":"https:\/\/tourtravelandmore.com\/es\/tours\/israel-sp\/telaviv-sp\/tours-de-dia-completo-sp\/excursion-privada-a-haifa-cesarea-y-akko-desde-tel-aviv\/#primaryimage"},"thumbnailUrl":"https:\/\/tourtravelandmore.com\/wp-content\/uploads\/2021\/04\/Haifa-2-scaled.jpg","datePublished":"2021-04-21T10:35:02+00:00","dateModified":"2023-10-13T05:41:43+00:00","description":"\u2713Excursi\u00f3n privada de lujo de 8 horas para conocer los lugares m\u00e1s emblem\u00e1ticos de la costa norte de Israel, disfrutar su belleza y colorido \u2705","breadcrumb":{"@id":"https:\/\/tourtravelandmore.com\/es\/tours\/israel-sp\/telaviv-sp\/tours-de-dia-completo-sp\/excursion-privada-a-haifa-cesarea-y-akko-desde-tel-aviv\/#breadcrumb"},"inLanguage":"es","potentialAction":[{"@type":"ReadAction","target":["https:\/\/tourtravelandmore.com\/es\/tours\/israel-sp\/telaviv-sp\/tours-de-dia-completo-sp\/excursion-privada-a-haifa-cesarea-y-akko-desde-tel-aviv\/"]}]},{"@type":"ImageObject","inLanguage":"es","@id":"https:\/\/tourtravelandmore.com\/es\/tours\/israel-sp\/telaviv-sp\/tours-de-dia-completo-sp\/excursion-privada-a-haifa-cesarea-y-akko-desde-tel-aviv\/#primaryimage","url":"https:\/\/tourtravelandmore.com\/wp-content\/uploads\/2021\/04\/Haifa-2-scaled.jpg","contentUrl":"https:\/\/tourtravelandmore.com\/wp-content\/uploads\/2021\/04\/Haifa-2-scaled.jpg","width":1760,"height":2560},{"@type":"BreadcrumbList","@id":"https:\/\/tourtravelandmore.com\/es\/tours\/israel-sp\/telaviv-sp\/tours-de-dia-completo-sp\/excursion-privada-a-haifa-cesarea-y-akko-desde-tel-aviv\/#breadcrumb","itemListElement":[{"@type":"ListItem","position":1,"name":"Home","item":"https:\/\/tourtravelandmore.com\/es\/"},{"@type":"ListItem","position":2,"name":"Tours","item":"https:\/\/tourtravelandmore.com\/es\/tours\/"},{"@type":"ListItem","position":3,"name":"Excursi\u00f3n privada a Haifa, Cesarea y Akko desde Tel Aviv"}]},{"@type":"WebSite","@id":"https:\/\/tourtravelandmore.com\/es\/#website","url":"https:\/\/tourtravelandmore.com\/es\/","name":"Tour Travel And More","description":"Private sightseeing tours and luxury transfers in Spain","publisher":{"@id":"https:\/\/tourtravelandmore.com\/es\/#organization"},"potentialAction":[{"@type":"SearchAction","target":{"@type":"EntryPoint","urlTemplate":"https:\/\/tourtravelandmore.com\/es\/?s={search_term_string}"},"query-input":{"@type":"PropertyValueSpecification","valueRequired":true,"valueName":"search_term_string"}}],"inLanguage":"es"},{"@type":"Organization","@id":"https:\/\/tourtravelandmore.com\/es\/#organization","name":"Tour Travel And More","url":"https:\/\/tourtravelandmore.com\/es\/","logo":{"@type":"ImageObject","inLanguage":"es","@id":"https:\/\/tourtravelandmore.com\/es\/#\/schema\/logo\/image\/","url":"https:\/\/tourtravelandmore.com\/wp-content\/uploads\/2022\/12\/cropped-logo-cabecera-new.png","contentUrl":"https:\/\/tourtravelandmore.com\/wp-content\/uploads\/2022\/12\/cropped-logo-cabecera-new.png","width":430,"height":61,"caption":"Tour Travel And More"},"image":{"@id":"https:\/\/tourtravelandmore.com\/es\/#\/schema\/logo\/image\/"},"sameAs":["https:\/\/www.facebook.com\/tourtravelandmore\/","https:\/\/x.com\/TourTravel_More"]}]}},"_links":{"self":[{"href":"https:\/\/tourtravelandmore.com\/es\/wp-json\/wp\/v2\/product\/106129","targetHints":{"allow":["GET"]}}],"collection":[{"href":"https:\/\/tourtravelandmore.com\/es\/wp-json\/wp\/v2\/product"}],"about":[{"href":"https:\/\/tourtravelandmore.com\/es\/wp-json\/wp\/v2\/types\/product"}],"replies":[{"embeddable":true,"href":"https:\/\/tourtravelandmore.com\/es\/wp-json\/wp\/v2\/comments?post=106129"}],"wp:featuredmedia":[{"embeddable":true,"href":"https:\/\/tourtravelandmore.com\/es\/wp-json\/wp\/v2\/media\/106237"}],"wp:attachment":[{"href":"https:\/\/tourtravelandmore.com\/es\/wp-json\/wp\/v2\/media?parent=106129"}],"wp:term":[{"taxonomy":"product_brand","embeddable":true,"href":"https:\/\/tourtravelandmore.com\/es\/wp-json\/wp\/v2\/product_brand?post=106129"},{"taxonomy":"product_cat","embeddable":true,"href":"https:\/\/tourtravelandmore.com\/es\/wp-json\/wp\/v2\/product_cat?post=106129"},{"taxonomy":"product_tag","embeddable":true,"href":"https:\/\/tourtravelandmore.com\/es\/wp-json\/wp\/v2\/product_tag?post=106129"}],"curies":[{"name":"wp","href":"https:\/\/api.w.org\/{rel}","templated":true}]}}