{"id":106099,"date":"2021-04-21T12:02:45","date_gmt":"2021-04-21T10:02:46","guid":{"rendered":"https:\/\/tourtravelandmore.com\/?post_type=product&#038;p=106099"},"modified":"2023-10-13T07:38:06","modified_gmt":"2023-10-13T05:38:06","slug":"tour-privado-de-los-altos-del-golan-y-la-bodega-desde-tel-aviv","status":"publish","type":"product","link":"https:\/\/tourtravelandmore.com\/es\/tours\/israel-sp\/telaviv-sp\/tours-de-dia-completo-sp\/tour-privado-de-los-altos-del-golan-y-la-bodega-desde-tel-aviv\/","title":{"rendered":"Tour privado de los Altos del Gol\u00e1n y la bodega desde Tel Aviv"},"content":{"rendered":"<h2>Descripci\u00f3n del Tour privado de los Altos del Gol\u00e1n y la bodega desde Tel Aviv<\/h2>\n<p>Muy pocas zonas del mundo presentan una belleza tan singular como lo hace el norte de Israel y Golan Heights; muchas personas solamente conocen esta regi\u00f3n del planeta por sus incre\u00edbles fotograf\u00edas, pero usted puede aprovechar la ocasi\u00f3n de contratar una <b>excursi\u00f3n privada a Golan Heights y vi\u00f1edos desde Tel Aviv<\/b> y disfrutar durante 8 horas, de parques naturales, sitios hist\u00f3ricos, y muchas otras cosas m\u00e1s.<\/p>\n<h3><b>\u00bfQu\u00e9 se puede ver en la excursi\u00f3n privada a Golan Heights y vi\u00f1edos desde Tel Aviv?<\/b><\/h3>\n<p>Junto a nuestro chofer\/gu\u00eda oficial, podr\u00e1 dirigirse al valle de Jezreel y al famoso <b>Monte de la Transfiguraci\u00f3n<\/b>, o el Monte Tabor. Tambi\u00e9n podr\u00e1 cruzar por las asombrosas monta\u00f1as de Galilea y hacer un recorrido junto al mar de esta regi\u00f3n. Incluso, hasta podr\u00e1 dirigirse a la reserva nacional de Hula, y si desea dirigirse m\u00e1s al norte de Israel, podr\u00e1 pasar por la ciudad de Kyriat Shmona.<\/p>\n<p>A su vez, puede aprovechar las 8 horas que dura la excursi\u00f3n para acceder a las bodegas y a los vi\u00f1edos del norte de Israel. Adquiera conocimiento sobre la historia del vino local, as\u00ed como del clima id\u00f3neo que debe ocurrir para que se produzca el cultivo de la uva. Se encuentra disponible una <b>entrada incluida a algunos de los vi\u00f1edos<\/b> y hasta puede disfrutar de deliciosas catas de vino.<\/p>\n<h2>Puntos emblem\u00e1ticos y de inter\u00e9s<\/h2>\n<h3><b>\u00bfEn qu\u00e9 parte inicia la excursi\u00f3n privada a Golan Heights y vi\u00f1edos desde Tel Aviv?<\/b><\/h3>\n<p>El punto de partida de toda esta excursi\u00f3n privada iniciar\u00e1 desde el momento en el que se le recoja desde cualquier hotel de Tel Aviv. Y si lo desea, nuestro chofer puede recogerlo en la <b>Terminal de Cruceros Haifa<\/b>; de esta manera, luego de que llegue al hotel y sea la hora de salida, podr\u00e1 disfrutar del maravilloso recorrido que le espera.<\/p>\n<h3><b>Qu\u00e9 esperar en el viaje<\/b><\/h3>\n<p>Puesto que se trata de un tour privado personalizado, puede solicitarle previamente al chofer\/gu\u00eda oficial, que desea hacer alg\u00fan cambio; por ejemplo, en caso de que quiera hacer una visita a una o m\u00e1s bodegas de vino, o visitar algunos <b>fabricantes de chocolate<\/b>, entre otras. Adem\u00e1s, podr\u00e1 conocer como el cultivo de las uvas se remontan a muchos siglos atr\u00e1s, as\u00ed que puede descubrir a las personas y la historia detr\u00e1s de tales sembrad\u00edos de uvas.<\/p>\n<p>Por otra parte, en el viaje podr\u00e1 detenerse y <b>visualizar el lago volc\u00e1nico Ram<\/b>, desde el cual, se pueden ver las perspectivas m\u00e1s hermosas del monte Herm\u00f3n. Luego, en el Monte Bental, hay algunas instalaciones militares, y se puede ver desde lejos el Gol\u00e1n sirio, y finalmente, se puede hacer una visita a la sinagoga de Umm El Kantir, la cual es una sinagoga del Talmud que se encuentra conservada a pesar del tiempo.<\/p>\n","protected":false},"excerpt":{"rendered":"<p>Si desea conocer m\u00e1s a fondo sobre Golan Heights y los vi\u00f1edos que en \u00e9l se encuentran, aproveche la oportunidad de hacerlo en nuestros autos de lujo con aire acondicionado. Aproveche esta gran oportunidad.<\/p>\n<p><span style=\"font-weight: 400;\">\u00a0<\/span><\/p>\n<h4><\/h4>\n","protected":false},"featured_media":106059,"comment_status":"open","ping_status":"closed","template":"","meta":{"_acf_changed":false},"product_brand":[],"product_cat":[3863,3866,3897,3893],"product_tag":[],"class_list":{"0":"post-106099","1":"product","2":"type-product","3":"status-publish","4":"has-post-thumbnail","6":"product_cat-israel-sp","7":"product_cat-telaviv-sp","8":"product_cat-todos-los-tours-y-actividades-privados-sp","9":"product_cat-tours-de-dia-completo-sp","11":"first","12":"instock","13":"shipping-taxable","14":"purchasable","15":"product-type-simple"},"acf":[],"yoast_head":"<!-- This site is optimized with the Yoast SEO Premium plugin v25.3.1 (Yoast SEO v25.3.1) - https:\/\/yoast.com\/wordpress\/plugins\/seo\/ -->\n<title>\u27a1\ufe0f Tour privado de los Altos del Gol\u00e1n y la bodega desde Tel Aviv | Tour Travel &amp; More<\/title>\n<meta name=\"description\" content=\"Visite uno de los lugares m\u00e1s hermosos del planeta y aprenda algunos hechos hist\u00f3ricos, autom\u00f3vil privado a los Altos del Gol\u00e1n y vi\u00f1edos \u2705\" \/>\n<meta name=\"robots\" content=\"index, follow, max-snippet:-1, max-image-preview:large, max-video-preview:-1\" \/>\n<link rel=\"canonical\" href=\"https:\/\/tourtravelandmore.com\/es\/tours\/israel-sp\/telaviv-sp\/tours-de-dia-completo-sp\/tour-privado-de-los-altos-del-golan-y-la-bodega-desde-tel-aviv\/\" \/>\n<meta property=\"og:locale\" content=\"es_ES\" \/>\n<meta property=\"og:type\" content=\"article\" \/>\n<meta property=\"og:title\" content=\"Tour privado de los Altos del Gol\u00e1n y la bodega desde Tel Aviv\" \/>\n<meta property=\"og:description\" content=\"Visite uno de los lugares m\u00e1s hermosos del planeta y aprenda algunos hechos hist\u00f3ricos, autom\u00f3vil privado a los Altos del Gol\u00e1n y vi\u00f1edos \u2705\" \/>\n<meta property=\"og:url\" content=\"https:\/\/tourtravelandmore.com\/es\/tours\/israel-sp\/telaviv-sp\/tours-de-dia-completo-sp\/tour-privado-de-los-altos-del-golan-y-la-bodega-desde-tel-aviv\/\" \/>\n<meta property=\"og:site_name\" content=\"Tour Travel And More\" \/>\n<meta property=\"article:publisher\" content=\"https:\/\/www.facebook.com\/tourtravelandmore\/\" \/>\n<meta property=\"article:modified_time\" content=\"2023-10-13T05:38:06+00:00\" \/>\n<meta property=\"og:image\" content=\"https:\/\/tourtravelandmore.com\/wp-content\/uploads\/2021\/04\/Israel-2-scaled.jpg\" \/>\n\t<meta property=\"og:image:width\" content=\"1707\" \/>\n\t<meta property=\"og:image:height\" content=\"2560\" \/>\n\t<meta property=\"og:image:type\" content=\"image\/jpeg\" \/>\n<meta name=\"twitter:card\" content=\"summary_large_image\" \/>\n<meta name=\"twitter:site\" content=\"@TourTravel_More\" \/>\n<meta name=\"twitter:label1\" content=\"Tiempo de lectura\" \/>\n\t<meta name=\"twitter:data1\" content=\"2 minutos\" \/>\n<script type=\"application\/ld+json\" class=\"yoast-schema-graph\">{\"@context\":\"https:\/\/schema.org\",\"@graph\":[{\"@type\":\"WebPage\",\"@id\":\"https:\/\/tourtravelandmore.com\/es\/tours\/israel-sp\/telaviv-sp\/tours-de-dia-completo-sp\/tour-privado-de-los-altos-del-golan-y-la-bodega-desde-tel-aviv\/\",\"url\":\"https:\/\/tourtravelandmore.com\/es\/tours\/israel-sp\/telaviv-sp\/tours-de-dia-completo-sp\/tour-privado-de-los-altos-del-golan-y-la-bodega-desde-tel-aviv\/\",\"name\":\"\u27a1\ufe0f Tour privado de los Altos del Gol\u00e1n y la bodega desde Tel Aviv | Tour Travel & More\",\"isPartOf\":{\"@id\":\"https:\/\/tourtravelandmore.com\/es\/#website\"},\"primaryImageOfPage\":{\"@id\":\"https:\/\/tourtravelandmore.com\/es\/tours\/israel-sp\/telaviv-sp\/tours-de-dia-completo-sp\/tour-privado-de-los-altos-del-golan-y-la-bodega-desde-tel-aviv\/#primaryimage\"},\"image\":{\"@id\":\"https:\/\/tourtravelandmore.com\/es\/tours\/israel-sp\/telaviv-sp\/tours-de-dia-completo-sp\/tour-privado-de-los-altos-del-golan-y-la-bodega-desde-tel-aviv\/#primaryimage\"},\"thumbnailUrl\":\"https:\/\/tourtravelandmore.com\/wp-content\/uploads\/2021\/04\/Israel-2-scaled.jpg\",\"datePublished\":\"2021-04-21T10:02:46+00:00\",\"dateModified\":\"2023-10-13T05:38:06+00:00\",\"description\":\"Visite uno de los lugares m\u00e1s hermosos del planeta y aprenda algunos hechos hist\u00f3ricos, autom\u00f3vil privado a los Altos del Gol\u00e1n y vi\u00f1edos \u2705\",\"breadcrumb\":{\"@id\":\"https:\/\/tourtravelandmore.com\/es\/tours\/israel-sp\/telaviv-sp\/tours-de-dia-completo-sp\/tour-privado-de-los-altos-del-golan-y-la-bodega-desde-tel-aviv\/#breadcrumb\"},\"inLanguage\":\"es\",\"potentialAction\":[{\"@type\":\"ReadAction\",\"target\":[\"https:\/\/tourtravelandmore.com\/es\/tours\/israel-sp\/telaviv-sp\/tours-de-dia-completo-sp\/tour-privado-de-los-altos-del-golan-y-la-bodega-desde-tel-aviv\/\"]}]},{\"@type\":\"ImageObject\",\"inLanguage\":\"es\",\"@id\":\"https:\/\/tourtravelandmore.com\/es\/tours\/israel-sp\/telaviv-sp\/tours-de-dia-completo-sp\/tour-privado-de-los-altos-del-golan-y-la-bodega-desde-tel-aviv\/#primaryimage\",\"url\":\"https:\/\/tourtravelandmore.com\/wp-content\/uploads\/2021\/04\/Israel-2-scaled.jpg\",\"contentUrl\":\"https:\/\/tourtravelandmore.com\/wp-content\/uploads\/2021\/04\/Israel-2-scaled.jpg\",\"width\":1707,\"height\":2560},{\"@type\":\"BreadcrumbList\",\"@id\":\"https:\/\/tourtravelandmore.com\/es\/tours\/israel-sp\/telaviv-sp\/tours-de-dia-completo-sp\/tour-privado-de-los-altos-del-golan-y-la-bodega-desde-tel-aviv\/#breadcrumb\",\"itemListElement\":[{\"@type\":\"ListItem\",\"position\":1,\"name\":\"Home\",\"item\":\"https:\/\/tourtravelandmore.com\/es\/\"},{\"@type\":\"ListItem\",\"position\":2,\"name\":\"Tours\",\"item\":\"https:\/\/tourtravelandmore.com\/es\/tours\/\"},{\"@type\":\"ListItem\",\"position\":3,\"name\":\"Tour privado de los Altos del Gol\u00e1n y la bodega desde Tel Aviv\"}]},{\"@type\":\"WebSite\",\"@id\":\"https:\/\/tourtravelandmore.com\/es\/#website\",\"url\":\"https:\/\/tourtravelandmore.com\/es\/\",\"name\":\"Tour Travel And More\",\"description\":\"Private sightseeing tours and luxury transfers in Spain\",\"publisher\":{\"@id\":\"https:\/\/tourtravelandmore.com\/es\/#organization\"},\"potentialAction\":[{\"@type\":\"SearchAction\",\"target\":{\"@type\":\"EntryPoint\",\"urlTemplate\":\"https:\/\/tourtravelandmore.com\/es\/?s={search_term_string}\"},\"query-input\":{\"@type\":\"PropertyValueSpecification\",\"valueRequired\":true,\"valueName\":\"search_term_string\"}}],\"inLanguage\":\"es\"},{\"@type\":\"Organization\",\"@id\":\"https:\/\/tourtravelandmore.com\/es\/#organization\",\"name\":\"Tour Travel And More\",\"url\":\"https:\/\/tourtravelandmore.com\/es\/\",\"logo\":{\"@type\":\"ImageObject\",\"inLanguage\":\"es\",\"@id\":\"https:\/\/tourtravelandmore.com\/es\/#\/schema\/logo\/image\/\",\"url\":\"https:\/\/tourtravelandmore.com\/wp-content\/uploads\/2022\/12\/cropped-logo-cabecera-new.png\",\"contentUrl\":\"https:\/\/tourtravelandmore.com\/wp-content\/uploads\/2022\/12\/cropped-logo-cabecera-new.png\",\"width\":430,\"height\":61,\"caption\":\"Tour Travel And More\"},\"image\":{\"@id\":\"https:\/\/tourtravelandmore.com\/es\/#\/schema\/logo\/image\/\"},\"sameAs\":[\"https:\/\/www.facebook.com\/tourtravelandmore\/\",\"https:\/\/x.com\/TourTravel_More\"]}]}<\/script>\n<!-- \/ Yoast SEO Premium plugin. -->","yoast_head_json":{"title":"\u27a1\ufe0f Tour privado de los Altos del Gol\u00e1n y la bodega desde Tel Aviv | Tour Travel & More","description":"Visite uno de los lugares m\u00e1s hermosos del planeta y aprenda algunos hechos hist\u00f3ricos, autom\u00f3vil privado a los Altos del Gol\u00e1n y vi\u00f1edos \u2705","robots":{"index":"index","follow":"follow","max-snippet":"max-snippet:-1","max-image-preview":"max-image-preview:large","max-video-preview":"max-video-preview:-1"},"canonical":"https:\/\/tourtravelandmore.com\/es\/tours\/israel-sp\/telaviv-sp\/tours-de-dia-completo-sp\/tour-privado-de-los-altos-del-golan-y-la-bodega-desde-tel-aviv\/","og_locale":"es_ES","og_type":"article","og_title":"Tour privado de los Altos del Gol\u00e1n y la bodega desde Tel Aviv","og_description":"Visite uno de los lugares m\u00e1s hermosos del planeta y aprenda algunos hechos hist\u00f3ricos, autom\u00f3vil privado a los Altos del Gol\u00e1n y vi\u00f1edos \u2705","og_url":"https:\/\/tourtravelandmore.com\/es\/tours\/israel-sp\/telaviv-sp\/tours-de-dia-completo-sp\/tour-privado-de-los-altos-del-golan-y-la-bodega-desde-tel-aviv\/","og_site_name":"Tour Travel And More","article_publisher":"https:\/\/www.facebook.com\/tourtravelandmore\/","article_modified_time":"2023-10-13T05:38:06+00:00","og_image":[{"width":1707,"height":2560,"url":"https:\/\/tourtravelandmore.com\/wp-content\/uploads\/2021\/04\/Israel-2-scaled.jpg","type":"image\/jpeg"}],"twitter_card":"summary_large_image","twitter_site":"@TourTravel_More","twitter_misc":{"Tiempo de lectura":"2 minutos"},"schema":{"@context":"https:\/\/schema.org","@graph":[{"@type":"WebPage","@id":"https:\/\/tourtravelandmore.com\/es\/tours\/israel-sp\/telaviv-sp\/tours-de-dia-completo-sp\/tour-privado-de-los-altos-del-golan-y-la-bodega-desde-tel-aviv\/","url":"https:\/\/tourtravelandmore.com\/es\/tours\/israel-sp\/telaviv-sp\/tours-de-dia-completo-sp\/tour-privado-de-los-altos-del-golan-y-la-bodega-desde-tel-aviv\/","name":"\u27a1\ufe0f Tour privado de los Altos del Gol\u00e1n y la bodega desde Tel Aviv | Tour Travel & More","isPartOf":{"@id":"https:\/\/tourtravelandmore.com\/es\/#website"},"primaryImageOfPage":{"@id":"https:\/\/tourtravelandmore.com\/es\/tours\/israel-sp\/telaviv-sp\/tours-de-dia-completo-sp\/tour-privado-de-los-altos-del-golan-y-la-bodega-desde-tel-aviv\/#primaryimage"},"image":{"@id":"https:\/\/tourtravelandmore.com\/es\/tours\/israel-sp\/telaviv-sp\/tours-de-dia-completo-sp\/tour-privado-de-los-altos-del-golan-y-la-bodega-desde-tel-aviv\/#primaryimage"},"thumbnailUrl":"https:\/\/tourtravelandmore.com\/wp-content\/uploads\/2021\/04\/Israel-2-scaled.jpg","datePublished":"2021-04-21T10:02:46+00:00","dateModified":"2023-10-13T05:38:06+00:00","description":"Visite uno de los lugares m\u00e1s hermosos del planeta y aprenda algunos hechos hist\u00f3ricos, autom\u00f3vil privado a los Altos del Gol\u00e1n y vi\u00f1edos \u2705","breadcrumb":{"@id":"https:\/\/tourtravelandmore.com\/es\/tours\/israel-sp\/telaviv-sp\/tours-de-dia-completo-sp\/tour-privado-de-los-altos-del-golan-y-la-bodega-desde-tel-aviv\/#breadcrumb"},"inLanguage":"es","potentialAction":[{"@type":"ReadAction","target":["https:\/\/tourtravelandmore.com\/es\/tours\/israel-sp\/telaviv-sp\/tours-de-dia-completo-sp\/tour-privado-de-los-altos-del-golan-y-la-bodega-desde-tel-aviv\/"]}]},{"@type":"ImageObject","inLanguage":"es","@id":"https:\/\/tourtravelandmore.com\/es\/tours\/israel-sp\/telaviv-sp\/tours-de-dia-completo-sp\/tour-privado-de-los-altos-del-golan-y-la-bodega-desde-tel-aviv\/#primaryimage","url":"https:\/\/tourtravelandmore.com\/wp-content\/uploads\/2021\/04\/Israel-2-scaled.jpg","contentUrl":"https:\/\/tourtravelandmore.com\/wp-content\/uploads\/2021\/04\/Israel-2-scaled.jpg","width":1707,"height":2560},{"@type":"BreadcrumbList","@id":"https:\/\/tourtravelandmore.com\/es\/tours\/israel-sp\/telaviv-sp\/tours-de-dia-completo-sp\/tour-privado-de-los-altos-del-golan-y-la-bodega-desde-tel-aviv\/#breadcrumb","itemListElement":[{"@type":"ListItem","position":1,"name":"Home","item":"https:\/\/tourtravelandmore.com\/es\/"},{"@type":"ListItem","position":2,"name":"Tours","item":"https:\/\/tourtravelandmore.com\/es\/tours\/"},{"@type":"ListItem","position":3,"name":"Tour privado de los Altos del Gol\u00e1n y la bodega desde Tel Aviv"}]},{"@type":"WebSite","@id":"https:\/\/tourtravelandmore.com\/es\/#website","url":"https:\/\/tourtravelandmore.com\/es\/","name":"Tour Travel And More","description":"Private sightseeing tours and luxury transfers in Spain","publisher":{"@id":"https:\/\/tourtravelandmore.com\/es\/#organization"},"potentialAction":[{"@type":"SearchAction","target":{"@type":"EntryPoint","urlTemplate":"https:\/\/tourtravelandmore.com\/es\/?s={search_term_string}"},"query-input":{"@type":"PropertyValueSpecification","valueRequired":true,"valueName":"search_term_string"}}],"inLanguage":"es"},{"@type":"Organization","@id":"https:\/\/tourtravelandmore.com\/es\/#organization","name":"Tour Travel And More","url":"https:\/\/tourtravelandmore.com\/es\/","logo":{"@type":"ImageObject","inLanguage":"es","@id":"https:\/\/tourtravelandmore.com\/es\/#\/schema\/logo\/image\/","url":"https:\/\/tourtravelandmore.com\/wp-content\/uploads\/2022\/12\/cropped-logo-cabecera-new.png","contentUrl":"https:\/\/tourtravelandmore.com\/wp-content\/uploads\/2022\/12\/cropped-logo-cabecera-new.png","width":430,"height":61,"caption":"Tour Travel And More"},"image":{"@id":"https:\/\/tourtravelandmore.com\/es\/#\/schema\/logo\/image\/"},"sameAs":["https:\/\/www.facebook.com\/tourtravelandmore\/","https:\/\/x.com\/TourTravel_More"]}]}},"_links":{"self":[{"href":"https:\/\/tourtravelandmore.com\/es\/wp-json\/wp\/v2\/product\/106099","targetHints":{"allow":["GET"]}}],"collection":[{"href":"https:\/\/tourtravelandmore.com\/es\/wp-json\/wp\/v2\/product"}],"about":[{"href":"https:\/\/tourtravelandmore.com\/es\/wp-json\/wp\/v2\/types\/product"}],"replies":[{"embeddable":true,"href":"https:\/\/tourtravelandmore.com\/es\/wp-json\/wp\/v2\/comments?post=106099"}],"wp:featuredmedia":[{"embeddable":true,"href":"https:\/\/tourtravelandmore.com\/es\/wp-json\/wp\/v2\/media\/106059"}],"wp:attachment":[{"href":"https:\/\/tourtravelandmore.com\/es\/wp-json\/wp\/v2\/media?parent=106099"}],"wp:term":[{"taxonomy":"product_brand","embeddable":true,"href":"https:\/\/tourtravelandmore.com\/es\/wp-json\/wp\/v2\/product_brand?post=106099"},{"taxonomy":"product_cat","embeddable":true,"href":"https:\/\/tourtravelandmore.com\/es\/wp-json\/wp\/v2\/product_cat?post=106099"},{"taxonomy":"product_tag","embeddable":true,"href":"https:\/\/tourtravelandmore.com\/es\/wp-json\/wp\/v2\/product_tag?post=106099"}],"curies":[{"name":"wp","href":"https:\/\/api.w.org\/{rel}","templated":true}]}}