{"id":106038,"date":"2021-04-21T11:21:15","date_gmt":"2021-04-21T09:21:18","guid":{"rendered":"https:\/\/tourtravelandmore.com\/?post_type=product&#038;p=106038"},"modified":"2023-10-13T07:34:16","modified_gmt":"2023-10-13T05:34:16","slug":"excursion-privada-a-belen-y-jerico-desde-tel-aviv","status":"publish","type":"product","link":"https:\/\/tourtravelandmore.com\/es\/tours\/israel-sp\/telaviv-sp\/tours-de-dia-completo-sp\/excursion-privada-a-belen-y-jerico-desde-tel-aviv\/","title":{"rendered":"Excursi\u00f3n privada a Bel\u00e9n y Jeric\u00f3 desde Tel Aviv"},"content":{"rendered":"<h2>Descripci\u00f3n de la Excursi\u00f3n privada a Bel\u00e9n y Jeric\u00f3 desde Tel Aviv<\/h2>\n<p>Esta excursi\u00f3n privada a Bel\u00e9n y Jeric\u00f3, con una duraci\u00f3n de 8 horas, le va a permitir <b>conocer y realizar el trayecto b\u00edblico <\/b>y sagrado m\u00e1s importante de la \u00e9poca de Jes\u00fas. El recorrido se har\u00e1 acompa\u00f1ado por un chofer\/gu\u00eda especializado, quien relatar\u00e1 las historias. Adem\u00e1s, la recogida, tour y regreso se har\u00e1 en coche lujoso, con aire acondicionado para su mayor confort.<\/p>\n<p><b>\u00bfQu\u00e9 le ofrece la excursi\u00f3n privada a Bel\u00e9n y Jeric\u00f3 desde Tel Aviv?<\/b><\/p>\n<p>En un promedio de 8 horas conocer\u00e1 los <b>sitios m\u00e1s sagrados de la ciudad de Bel\u00e9n<\/b> y Jeric\u00f3. En Bel\u00e9n visitaremos la Iglesia de la Natividad, la Iglesia Santa Catalina y la Capilla de la Gruta de la Leche.<\/p>\n<p>Igualmente, en Jeric\u00f3 el Monte de la tentaci\u00f3n, el Zaccheus&#8217; Tree o \u00c1rbol de Zaqueo y por \u00faltimo el Tel Jericho o el Antiguo Mont\u00edculo Arqueol\u00f3gico. Adem\u00e1s, se hace \u00e9nfasis, en todas las <b>medidas de seguridad contra el COVID 19<\/b>.<\/p>\n<h2>Puntos emblem\u00e1ticos y de inter\u00e9s en la Excursi\u00f3n privada a Bel\u00e9n y Jeric\u00f3 desde Tel Aviv<\/h2>\n<h3><b>Excursi\u00f3n privada a Bel\u00e9n desde Tel Aviv (parada de 2 horas)<\/b><\/h3>\n<p>Se estima que la parada para la Iglesia de la Natividad ser\u00e1 de 45 minutos. Esta fue construida encima de <b>la gruta del nacimiento de Jes\u00fas<\/b>. Internamente, se encuentra una estrella indicando el lugar exacto; tambi\u00e9n veremos el altar a los Reyes Magos.<\/p>\n<p>Otra de la parada en Bel\u00e9n de 20 minutos ser\u00e1 en <b>la Iglesia de Santa Catalina<\/b>, la cual es conocida por sus cuevas subterr\u00e1neas de santuarios y tumbas. Esta iglesia es parte de un Monasterio Franciscano, y se exponen diferentes elementos de varios per\u00edodos de la historia.<\/p>\n<p>Otro punto importante es <b>la Capilla de la Gruta de la Leche<\/b>, lugar de refugio durante la masacre de los ni\u00f1os inocentes. Su nombre de debe a la gota de leche de Mar\u00eda, que cay\u00f3 en el suelo y cambi\u00f3 su color a blanco. Por tanto, se dice que el lugar tiene propiedades de curaci\u00f3n y muchos van para pedir por la concepci\u00f3n de hijos.<\/p>\n<h3><b>Excursi\u00f3n privada a Jeric\u00f3 desde Tel Aviv (parada de 2 horas)<\/b><\/h3>\n<p>Jeric\u00f3 se encuentra a 27\u202fkm de Jerusal\u00e9n, ciudad donde lleg\u00f3 Jes\u00fas, despu\u00e9s de su permanencia de ayuno de 40 d\u00edas. <b>Visitaremos el Monasterio de la Tentaci\u00f3n<\/b>, donde se le apareci\u00f3 el demonio para tentarlo y convertir las piedras en pan. Lo que rechaz\u00f3 gracias a su fe. Lugar con hermosa panor\u00e1mica, para reflexionar y meditar.<\/p>\n<p><b>Nos detendremos en El \u00c1rbol de Zaccheus<\/b>, con una parada de 30 minutos, en donde el recaudador de impuestos Zaqueo se subi\u00f3 a este \u00e1rbol de sic\u00f3moro para ver mejor a Jes\u00fas cuando entr\u00f3 a Jeric\u00f3. Interesante poder observar en esta \u00e9poca todav\u00eda este \u00e1rbol.<\/p>\n<p>Luego haremos otra parada de 30 minutos, en <b>el Tel Jericho o el Mont\u00edculo Antiguo,<\/b> ubicado a unos 10 km del Mar Muerto y a 2 km de la Jeric\u00f3 actual. En este Mont\u00edculo se encontraba la antigua Jeric\u00f3 antes de Jesucristo. Posteriormente, fue habitada por varias civilizaciones, unas 25 en forma consecutiva, dejando cada un resto de su civilizaci\u00f3n.<\/p>\n","protected":false},"excerpt":{"rendered":"<p>La excursi\u00f3n privada a Bel\u00e9n y Jeric\u00f3 le permite conocer aquellos lugares sagrados de la historia b\u00edblica y de la \u00e9poca de Jes\u00fas. Recorrido guiado por personal altamente calificado y especializado en estos sucesos. Puede sentir la m\u00edstica y tranquilidad de estos hermosos parajes.<\/p>\n<p><span style=\"font-weight: 400;\">\u00a0<\/span><\/p>\n<h4><\/h4>\n","protected":false},"featured_media":106056,"comment_status":"open","ping_status":"closed","template":"","meta":{"_acf_changed":false},"product_brand":[],"product_cat":[3863,3866,3897,3893],"product_tag":[],"class_list":{"0":"post-106038","1":"product","2":"type-product","3":"status-publish","4":"has-post-thumbnail","6":"product_cat-israel-sp","7":"product_cat-telaviv-sp","8":"product_cat-todos-los-tours-y-actividades-privados-sp","9":"product_cat-tours-de-dia-completo-sp","11":"first","12":"instock","13":"shipping-taxable","14":"purchasable","15":"product-type-simple"},"acf":[],"yoast_head":"<!-- This site is optimized with the Yoast SEO Premium plugin v25.3.1 (Yoast SEO v25.3.1) - https:\/\/yoast.com\/wordpress\/plugins\/seo\/ -->\n<title>\u27a1\ufe0f Excursi\u00f3n privada a Bel\u00e9n y Jeric\u00f3 desde Tel Aviv | Tour Travel &amp; More<\/title>\n<meta name=\"description\" content=\"Excursi\u00f3n privada de 8 horas para conocer los sitios hist\u00f3ricos m\u00e1s importantes de Palestina, como Bel\u00e9n y Jeric\u00f3. Disfruta su arquitectura \u2705\" \/>\n<meta name=\"robots\" content=\"index, follow, max-snippet:-1, max-image-preview:large, max-video-preview:-1\" \/>\n<link rel=\"canonical\" href=\"https:\/\/tourtravelandmore.com\/es\/tours\/israel-sp\/telaviv-sp\/tours-de-dia-completo-sp\/excursion-privada-a-belen-y-jerico-desde-tel-aviv\/\" \/>\n<meta property=\"og:locale\" content=\"es_ES\" \/>\n<meta property=\"og:type\" content=\"article\" \/>\n<meta property=\"og:title\" content=\"Excursi\u00f3n privada a Bel\u00e9n y Jeric\u00f3 desde Tel Aviv\" \/>\n<meta property=\"og:description\" content=\"Excursi\u00f3n privada de 8 horas para conocer los sitios hist\u00f3ricos m\u00e1s importantes de Palestina, como Bel\u00e9n y Jeric\u00f3. Disfruta su arquitectura \u2705\" \/>\n<meta property=\"og:url\" content=\"https:\/\/tourtravelandmore.com\/es\/tours\/israel-sp\/telaviv-sp\/tours-de-dia-completo-sp\/excursion-privada-a-belen-y-jerico-desde-tel-aviv\/\" \/>\n<meta property=\"og:site_name\" content=\"Tour Travel And More\" \/>\n<meta property=\"article:publisher\" content=\"https:\/\/www.facebook.com\/tourtravelandmore\/\" \/>\n<meta property=\"article:modified_time\" content=\"2023-10-13T05:34:16+00:00\" \/>\n<meta property=\"og:image\" content=\"https:\/\/tourtravelandmore.com\/wp-content\/uploads\/2021\/04\/Israel--scaled.jpg\" \/>\n\t<meta property=\"og:image:width\" content=\"2560\" \/>\n\t<meta property=\"og:image:height\" content=\"1707\" \/>\n\t<meta property=\"og:image:type\" content=\"image\/jpeg\" \/>\n<meta name=\"twitter:card\" content=\"summary_large_image\" \/>\n<meta name=\"twitter:site\" content=\"@TourTravel_More\" \/>\n<meta name=\"twitter:label1\" content=\"Tiempo de lectura\" \/>\n\t<meta name=\"twitter:data1\" content=\"2 minutos\" \/>\n<script type=\"application\/ld+json\" class=\"yoast-schema-graph\">{\"@context\":\"https:\/\/schema.org\",\"@graph\":[{\"@type\":\"WebPage\",\"@id\":\"https:\/\/tourtravelandmore.com\/es\/tours\/israel-sp\/telaviv-sp\/tours-de-dia-completo-sp\/excursion-privada-a-belen-y-jerico-desde-tel-aviv\/\",\"url\":\"https:\/\/tourtravelandmore.com\/es\/tours\/israel-sp\/telaviv-sp\/tours-de-dia-completo-sp\/excursion-privada-a-belen-y-jerico-desde-tel-aviv\/\",\"name\":\"\u27a1\ufe0f Excursi\u00f3n privada a Bel\u00e9n y Jeric\u00f3 desde Tel Aviv | Tour Travel & More\",\"isPartOf\":{\"@id\":\"https:\/\/tourtravelandmore.com\/es\/#website\"},\"primaryImageOfPage\":{\"@id\":\"https:\/\/tourtravelandmore.com\/es\/tours\/israel-sp\/telaviv-sp\/tours-de-dia-completo-sp\/excursion-privada-a-belen-y-jerico-desde-tel-aviv\/#primaryimage\"},\"image\":{\"@id\":\"https:\/\/tourtravelandmore.com\/es\/tours\/israel-sp\/telaviv-sp\/tours-de-dia-completo-sp\/excursion-privada-a-belen-y-jerico-desde-tel-aviv\/#primaryimage\"},\"thumbnailUrl\":\"https:\/\/tourtravelandmore.com\/wp-content\/uploads\/2021\/04\/Israel--scaled.jpg\",\"datePublished\":\"2021-04-21T09:21:18+00:00\",\"dateModified\":\"2023-10-13T05:34:16+00:00\",\"description\":\"Excursi\u00f3n privada de 8 horas para conocer los sitios hist\u00f3ricos m\u00e1s importantes de Palestina, como Bel\u00e9n y Jeric\u00f3. Disfruta su arquitectura \u2705\",\"breadcrumb\":{\"@id\":\"https:\/\/tourtravelandmore.com\/es\/tours\/israel-sp\/telaviv-sp\/tours-de-dia-completo-sp\/excursion-privada-a-belen-y-jerico-desde-tel-aviv\/#breadcrumb\"},\"inLanguage\":\"es\",\"potentialAction\":[{\"@type\":\"ReadAction\",\"target\":[\"https:\/\/tourtravelandmore.com\/es\/tours\/israel-sp\/telaviv-sp\/tours-de-dia-completo-sp\/excursion-privada-a-belen-y-jerico-desde-tel-aviv\/\"]}]},{\"@type\":\"ImageObject\",\"inLanguage\":\"es\",\"@id\":\"https:\/\/tourtravelandmore.com\/es\/tours\/israel-sp\/telaviv-sp\/tours-de-dia-completo-sp\/excursion-privada-a-belen-y-jerico-desde-tel-aviv\/#primaryimage\",\"url\":\"https:\/\/tourtravelandmore.com\/wp-content\/uploads\/2021\/04\/Israel--scaled.jpg\",\"contentUrl\":\"https:\/\/tourtravelandmore.com\/wp-content\/uploads\/2021\/04\/Israel--scaled.jpg\",\"width\":2560,\"height\":1707},{\"@type\":\"BreadcrumbList\",\"@id\":\"https:\/\/tourtravelandmore.com\/es\/tours\/israel-sp\/telaviv-sp\/tours-de-dia-completo-sp\/excursion-privada-a-belen-y-jerico-desde-tel-aviv\/#breadcrumb\",\"itemListElement\":[{\"@type\":\"ListItem\",\"position\":1,\"name\":\"Home\",\"item\":\"https:\/\/tourtravelandmore.com\/es\/\"},{\"@type\":\"ListItem\",\"position\":2,\"name\":\"Tours\",\"item\":\"https:\/\/tourtravelandmore.com\/es\/tours\/\"},{\"@type\":\"ListItem\",\"position\":3,\"name\":\"Excursi\u00f3n privada a Bel\u00e9n y Jeric\u00f3 desde Tel Aviv\"}]},{\"@type\":\"WebSite\",\"@id\":\"https:\/\/tourtravelandmore.com\/es\/#website\",\"url\":\"https:\/\/tourtravelandmore.com\/es\/\",\"name\":\"Tour Travel And More\",\"description\":\"Private sightseeing tours and luxury transfers in Spain\",\"publisher\":{\"@id\":\"https:\/\/tourtravelandmore.com\/es\/#organization\"},\"potentialAction\":[{\"@type\":\"SearchAction\",\"target\":{\"@type\":\"EntryPoint\",\"urlTemplate\":\"https:\/\/tourtravelandmore.com\/es\/?s={search_term_string}\"},\"query-input\":{\"@type\":\"PropertyValueSpecification\",\"valueRequired\":true,\"valueName\":\"search_term_string\"}}],\"inLanguage\":\"es\"},{\"@type\":\"Organization\",\"@id\":\"https:\/\/tourtravelandmore.com\/es\/#organization\",\"name\":\"Tour Travel And More\",\"url\":\"https:\/\/tourtravelandmore.com\/es\/\",\"logo\":{\"@type\":\"ImageObject\",\"inLanguage\":\"es\",\"@id\":\"https:\/\/tourtravelandmore.com\/es\/#\/schema\/logo\/image\/\",\"url\":\"https:\/\/tourtravelandmore.com\/wp-content\/uploads\/2022\/12\/cropped-logo-cabecera-new.png\",\"contentUrl\":\"https:\/\/tourtravelandmore.com\/wp-content\/uploads\/2022\/12\/cropped-logo-cabecera-new.png\",\"width\":430,\"height\":61,\"caption\":\"Tour Travel And More\"},\"image\":{\"@id\":\"https:\/\/tourtravelandmore.com\/es\/#\/schema\/logo\/image\/\"},\"sameAs\":[\"https:\/\/www.facebook.com\/tourtravelandmore\/\",\"https:\/\/x.com\/TourTravel_More\"]}]}<\/script>\n<!-- \/ Yoast SEO Premium plugin. -->","yoast_head_json":{"title":"\u27a1\ufe0f Excursi\u00f3n privada a Bel\u00e9n y Jeric\u00f3 desde Tel Aviv | Tour Travel & More","description":"Excursi\u00f3n privada de 8 horas para conocer los sitios hist\u00f3ricos m\u00e1s importantes de Palestina, como Bel\u00e9n y Jeric\u00f3. Disfruta su arquitectura \u2705","robots":{"index":"index","follow":"follow","max-snippet":"max-snippet:-1","max-image-preview":"max-image-preview:large","max-video-preview":"max-video-preview:-1"},"canonical":"https:\/\/tourtravelandmore.com\/es\/tours\/israel-sp\/telaviv-sp\/tours-de-dia-completo-sp\/excursion-privada-a-belen-y-jerico-desde-tel-aviv\/","og_locale":"es_ES","og_type":"article","og_title":"Excursi\u00f3n privada a Bel\u00e9n y Jeric\u00f3 desde Tel Aviv","og_description":"Excursi\u00f3n privada de 8 horas para conocer los sitios hist\u00f3ricos m\u00e1s importantes de Palestina, como Bel\u00e9n y Jeric\u00f3. Disfruta su arquitectura \u2705","og_url":"https:\/\/tourtravelandmore.com\/es\/tours\/israel-sp\/telaviv-sp\/tours-de-dia-completo-sp\/excursion-privada-a-belen-y-jerico-desde-tel-aviv\/","og_site_name":"Tour Travel And More","article_publisher":"https:\/\/www.facebook.com\/tourtravelandmore\/","article_modified_time":"2023-10-13T05:34:16+00:00","og_image":[{"width":2560,"height":1707,"url":"https:\/\/tourtravelandmore.com\/wp-content\/uploads\/2021\/04\/Israel--scaled.jpg","type":"image\/jpeg"}],"twitter_card":"summary_large_image","twitter_site":"@TourTravel_More","twitter_misc":{"Tiempo de lectura":"2 minutos"},"schema":{"@context":"https:\/\/schema.org","@graph":[{"@type":"WebPage","@id":"https:\/\/tourtravelandmore.com\/es\/tours\/israel-sp\/telaviv-sp\/tours-de-dia-completo-sp\/excursion-privada-a-belen-y-jerico-desde-tel-aviv\/","url":"https:\/\/tourtravelandmore.com\/es\/tours\/israel-sp\/telaviv-sp\/tours-de-dia-completo-sp\/excursion-privada-a-belen-y-jerico-desde-tel-aviv\/","name":"\u27a1\ufe0f Excursi\u00f3n privada a Bel\u00e9n y Jeric\u00f3 desde Tel Aviv | Tour Travel & More","isPartOf":{"@id":"https:\/\/tourtravelandmore.com\/es\/#website"},"primaryImageOfPage":{"@id":"https:\/\/tourtravelandmore.com\/es\/tours\/israel-sp\/telaviv-sp\/tours-de-dia-completo-sp\/excursion-privada-a-belen-y-jerico-desde-tel-aviv\/#primaryimage"},"image":{"@id":"https:\/\/tourtravelandmore.com\/es\/tours\/israel-sp\/telaviv-sp\/tours-de-dia-completo-sp\/excursion-privada-a-belen-y-jerico-desde-tel-aviv\/#primaryimage"},"thumbnailUrl":"https:\/\/tourtravelandmore.com\/wp-content\/uploads\/2021\/04\/Israel--scaled.jpg","datePublished":"2021-04-21T09:21:18+00:00","dateModified":"2023-10-13T05:34:16+00:00","description":"Excursi\u00f3n privada de 8 horas para conocer los sitios hist\u00f3ricos m\u00e1s importantes de Palestina, como Bel\u00e9n y Jeric\u00f3. Disfruta su arquitectura \u2705","breadcrumb":{"@id":"https:\/\/tourtravelandmore.com\/es\/tours\/israel-sp\/telaviv-sp\/tours-de-dia-completo-sp\/excursion-privada-a-belen-y-jerico-desde-tel-aviv\/#breadcrumb"},"inLanguage":"es","potentialAction":[{"@type":"ReadAction","target":["https:\/\/tourtravelandmore.com\/es\/tours\/israel-sp\/telaviv-sp\/tours-de-dia-completo-sp\/excursion-privada-a-belen-y-jerico-desde-tel-aviv\/"]}]},{"@type":"ImageObject","inLanguage":"es","@id":"https:\/\/tourtravelandmore.com\/es\/tours\/israel-sp\/telaviv-sp\/tours-de-dia-completo-sp\/excursion-privada-a-belen-y-jerico-desde-tel-aviv\/#primaryimage","url":"https:\/\/tourtravelandmore.com\/wp-content\/uploads\/2021\/04\/Israel--scaled.jpg","contentUrl":"https:\/\/tourtravelandmore.com\/wp-content\/uploads\/2021\/04\/Israel--scaled.jpg","width":2560,"height":1707},{"@type":"BreadcrumbList","@id":"https:\/\/tourtravelandmore.com\/es\/tours\/israel-sp\/telaviv-sp\/tours-de-dia-completo-sp\/excursion-privada-a-belen-y-jerico-desde-tel-aviv\/#breadcrumb","itemListElement":[{"@type":"ListItem","position":1,"name":"Home","item":"https:\/\/tourtravelandmore.com\/es\/"},{"@type":"ListItem","position":2,"name":"Tours","item":"https:\/\/tourtravelandmore.com\/es\/tours\/"},{"@type":"ListItem","position":3,"name":"Excursi\u00f3n privada a Bel\u00e9n y Jeric\u00f3 desde Tel Aviv"}]},{"@type":"WebSite","@id":"https:\/\/tourtravelandmore.com\/es\/#website","url":"https:\/\/tourtravelandmore.com\/es\/","name":"Tour Travel And More","description":"Private sightseeing tours and luxury transfers in Spain","publisher":{"@id":"https:\/\/tourtravelandmore.com\/es\/#organization"},"potentialAction":[{"@type":"SearchAction","target":{"@type":"EntryPoint","urlTemplate":"https:\/\/tourtravelandmore.com\/es\/?s={search_term_string}"},"query-input":{"@type":"PropertyValueSpecification","valueRequired":true,"valueName":"search_term_string"}}],"inLanguage":"es"},{"@type":"Organization","@id":"https:\/\/tourtravelandmore.com\/es\/#organization","name":"Tour Travel And More","url":"https:\/\/tourtravelandmore.com\/es\/","logo":{"@type":"ImageObject","inLanguage":"es","@id":"https:\/\/tourtravelandmore.com\/es\/#\/schema\/logo\/image\/","url":"https:\/\/tourtravelandmore.com\/wp-content\/uploads\/2022\/12\/cropped-logo-cabecera-new.png","contentUrl":"https:\/\/tourtravelandmore.com\/wp-content\/uploads\/2022\/12\/cropped-logo-cabecera-new.png","width":430,"height":61,"caption":"Tour Travel And More"},"image":{"@id":"https:\/\/tourtravelandmore.com\/es\/#\/schema\/logo\/image\/"},"sameAs":["https:\/\/www.facebook.com\/tourtravelandmore\/","https:\/\/x.com\/TourTravel_More"]}]}},"_links":{"self":[{"href":"https:\/\/tourtravelandmore.com\/es\/wp-json\/wp\/v2\/product\/106038","targetHints":{"allow":["GET"]}}],"collection":[{"href":"https:\/\/tourtravelandmore.com\/es\/wp-json\/wp\/v2\/product"}],"about":[{"href":"https:\/\/tourtravelandmore.com\/es\/wp-json\/wp\/v2\/types\/product"}],"replies":[{"embeddable":true,"href":"https:\/\/tourtravelandmore.com\/es\/wp-json\/wp\/v2\/comments?post=106038"}],"wp:featuredmedia":[{"embeddable":true,"href":"https:\/\/tourtravelandmore.com\/es\/wp-json\/wp\/v2\/media\/106056"}],"wp:attachment":[{"href":"https:\/\/tourtravelandmore.com\/es\/wp-json\/wp\/v2\/media?parent=106038"}],"wp:term":[{"taxonomy":"product_brand","embeddable":true,"href":"https:\/\/tourtravelandmore.com\/es\/wp-json\/wp\/v2\/product_brand?post=106038"},{"taxonomy":"product_cat","embeddable":true,"href":"https:\/\/tourtravelandmore.com\/es\/wp-json\/wp\/v2\/product_cat?post=106038"},{"taxonomy":"product_tag","embeddable":true,"href":"https:\/\/tourtravelandmore.com\/es\/wp-json\/wp\/v2\/product_tag?post=106038"}],"curies":[{"name":"wp","href":"https:\/\/api.w.org\/{rel}","templated":true}]}}