{"id":10471,"date":"2017-01-24T11:10:41","date_gmt":"2017-01-26T10:46:10","guid":{"rendered":"http:\/\/tourtravelandmore.com\/es\/?post_type=product&#038;p=10471"},"modified":"2025-08-08T15:27:04","modified_gmt":"2025-08-08T13:27:04","slug":"tour-privado-de-las-rias-bajas-tour-privado-galicia","status":"publish","type":"product","link":"https:\/\/tourtravelandmore.com\/es\/tours\/espana-es\/ourense-es\/ourense-actividades-es\/tour-privado-de-las-rias-bajas-tour-privado-galicia\/","title":{"rendered":"Tour privado a las R\u00edas Baixas: Pontevedra y su r\u00eda"},"content":{"rendered":"<h2><b><strong>Descripci\u00f3n | Tour privado a las R\u00edas Baixas: Pontevedra y su r\u00eda<\/strong><\/b><\/h2>\n<p>Este <b>tour privado a las R\u00edas Baixas: Pontevedra y su estuario<\/b> ofrece un viaje de un d\u00eda completo al coraz\u00f3n de una de las regiones m\u00e1s pintorescas de Galicia. Descubra pueblos costeros, tradiciones marineras y una rica historia mientras disfruta de la comodidad de un veh\u00edculo privado y un gu\u00eda experto.<\/p>\n<p>Su d\u00eda comienza con la recogida en el lugar que nos indique y un recorrido panor\u00e1mico por la exuberante costa gallega. La primera parada es <b>Pontevedra<\/b>, una encantadora ciudad conocida por su casco antiguo peatonal y sus plazas medievales bien conservadas. Pasee por sus calles empedradas y descubra lugares emblem\u00e1ticos como la <b>Iglesia de la Virgen Peregrina<\/b> y la <b>Praza da Le\u00f1a<\/b>.<\/p>\n<p>Contin\u00fae hacia la R\u00eda de Pontevedra, pasando por peque\u00f1os pueblos pesqueros y miradores panor\u00e1micos. Seg\u00fan sus preferencias, su gu\u00eda puede adaptar el itinerario para incluir <b>Combarro<\/b>, un pueblo de postal famoso por sus graneros de piedra y sus tabernas frente al mar. Tambi\u00e9n tendr\u00e1 la oportunidad de disfrutar de los vinos locales y del marisco fresco en un entorno tradicional.<\/p>\n<h2>Puntos destacados<\/h2>\n<p>Disfrute de una selecci\u00f3n de experiencias culturales, naturales y culinarias a lo largo del d\u00eda. Estas paradas capturan la esencia del encanto y el patrimonio de la costa gallega.<\/p>\n<p><b>Casco antiguo de Pontevedra:<\/b> Un paseo por el centro hist\u00f3rico mejor conservado de Galicia.<\/p>\n<p><b>R\u00eda de Pontevedra:<\/b> Belleza costera y encanto tranquilo.<\/p>\n<p><b>Pueblo de Combarro (opcional):<\/b> Lo mejor del patrimonio gallego.<\/p>\n<p><b>Gastronom\u00eda local:<\/b> Degustaci\u00f3n de vino Albari\u00f1o y delicias del mar.<\/p>\n<p><b>Experiencia personalizable:<\/b> Su gu\u00eda se adapta a sus intereses.<\/p>\n<p>\u00bfQuiere explorar m\u00e1s de Galicia? Consulte nuestra lista completa de <a href=\"https:\/\/tourtravelandmore.com\/es\/?attachment_id=68516\/\">tours privados en Espa\u00f1a<\/a> u obtenga m\u00e1s informaci\u00f3n sobre <a href=\"https:\/\/www.turismo.gal\/que-visitar\/cidades\/pontevedra?langId=en_US\">los lugares de inter\u00e9s de Pontevedra.<\/a><\/p>\n<p>Descubra el alma mar\u00edtima de Galicia con este <b>tour privado a las R\u00edas Baixas: Pontevedra y su estuario<\/b>, donde cada parada combina tradici\u00f3n, sabor y belleza natural.<\/p>\n","protected":false},"excerpt":{"rendered":"<p><span style=\"font-weight: 400;\">Descubra la impresionante belleza natural y la rica historia de las R\u00edas Baixas en un viaje privado con Tour Travel and More. Explore encantadores pueblos costeros, pruebe deliciosos mariscos y vinos, y rel\u00e1jese en playas v\u00edrgenes. Con su experto y amable gu\u00eda privado, vivir\u00e1 una experiencia inolvidable que le dejar\u00e1 recuerdos imborrables.<\/span><\/p>\n","protected":false},"featured_media":10355,"comment_status":"open","ping_status":"closed","template":"","meta":{"_acf_changed":false},"product_brand":[],"product_cat":[2623,2635,2637,2622,2629,2631,2624,2641,2643,1868,1872,1873,1874,1861,1866,1865,1864],"product_tag":[],"class_list":{"0":"post-10471","1":"product","2":"type-product","3":"status-publish","4":"has-post-thumbnail","6":"product_cat-pontevedra-es","7":"product_cat-pontevedra-actividades-es","8":"product_cat-pontevedra-excursiones-es","9":"product_cat-lugo-es","10":"product_cat-lugo-actividades-es","11":"product_cat-lugo-tours-es","12":"product_cat-ourense-es","13":"product_cat-ourense-actividades-es","14":"product_cat-ourense-tours-privados-es","15":"product_cat-santiago-de-compostela-es","16":"product_cat-santiago-de-compostela-actividades-es","17":"product_cat-santiago-de-compostela-excursiones-es","18":"product_cat-santiago-de-compostela-rutas-turisticas-privadas-es","19":"product_cat-vigo-es","20":"product_cat-vigo-actividades-es","21":"product_cat-vigo-excursiones-es","22":"product_cat-vigo-rutas-turisticas-privadas-es","24":"first","25":"instock","26":"shipping-taxable","27":"purchasable","28":"product-type-simple"},"acf":[],"yoast_head":"<!-- This site is optimized with the Yoast SEO Premium plugin v25.3.1 (Yoast SEO v25.3.1) - https:\/\/yoast.com\/wordpress\/plugins\/seo\/ -->\n<title>\u27a1\ufe0f Tour Privado de las R\u00edas Bajas | Tour Travel &amp; More<\/title>\n<meta name=\"description\" content=\"Conozca las R\u00edas Bajas de Galicia durante este tour privado personalizable con un gu\u00eda oficial privado y un veh\u00edculo de lujo con chofer \u2705\" \/>\n<meta name=\"robots\" content=\"index, follow, max-snippet:-1, max-image-preview:large, max-video-preview:-1\" \/>\n<link rel=\"canonical\" href=\"https:\/\/tourtravelandmore.com\/es\/tours\/espana-es\/ourense-es\/ourense-actividades-es\/tour-privado-de-las-rias-bajas-tour-privado-galicia\/\" \/>\n<meta property=\"og:locale\" content=\"es_ES\" \/>\n<meta property=\"og:type\" content=\"article\" \/>\n<meta property=\"og:title\" content=\"Tour privado a las R\u00edas Baixas: Pontevedra y su r\u00eda\" \/>\n<meta property=\"og:description\" content=\"Conozca las R\u00edas Bajas de Galicia durante este tour privado personalizable con un gu\u00eda oficial privado y un veh\u00edculo de lujo con chofer \u2705\" \/>\n<meta property=\"og:url\" content=\"https:\/\/tourtravelandmore.com\/es\/tours\/espana-es\/ourense-es\/ourense-actividades-es\/tour-privado-de-las-rias-bajas-tour-privado-galicia\/\" \/>\n<meta property=\"og:site_name\" content=\"Tour Travel And More\" \/>\n<meta property=\"article:publisher\" content=\"https:\/\/www.facebook.com\/tourtravelandmore\/\" \/>\n<meta property=\"article:modified_time\" content=\"2025-08-08T13:27:04+00:00\" \/>\n<meta property=\"og:image\" content=\"https:\/\/tourtravelandmore.com\/wp-content\/uploads\/2017\/01\/Rias-Baixas-04.jpg\" \/>\n\t<meta property=\"og:image:width\" content=\"1600\" \/>\n\t<meta property=\"og:image:height\" content=\"1200\" \/>\n\t<meta property=\"og:image:type\" content=\"image\/jpeg\" \/>\n<meta name=\"twitter:card\" content=\"summary_large_image\" \/>\n<meta name=\"twitter:site\" content=\"@TourTravel_More\" \/>\n<meta name=\"twitter:label1\" content=\"Tiempo de lectura\" \/>\n\t<meta name=\"twitter:data1\" content=\"2 minutos\" \/>\n<script type=\"application\/ld+json\" class=\"yoast-schema-graph\">{\"@context\":\"https:\/\/schema.org\",\"@graph\":[{\"@type\":\"WebPage\",\"@id\":\"https:\/\/tourtravelandmore.com\/es\/tours\/espana-es\/ourense-es\/ourense-actividades-es\/tour-privado-de-las-rias-bajas-tour-privado-galicia\/\",\"url\":\"https:\/\/tourtravelandmore.com\/es\/tours\/espana-es\/ourense-es\/ourense-actividades-es\/tour-privado-de-las-rias-bajas-tour-privado-galicia\/\",\"name\":\"\u27a1\ufe0f Tour Privado de las R\u00edas Bajas | Tour Travel & More\",\"isPartOf\":{\"@id\":\"https:\/\/tourtravelandmore.com\/es\/#website\"},\"primaryImageOfPage\":{\"@id\":\"https:\/\/tourtravelandmore.com\/es\/tours\/espana-es\/ourense-es\/ourense-actividades-es\/tour-privado-de-las-rias-bajas-tour-privado-galicia\/#primaryimage\"},\"image\":{\"@id\":\"https:\/\/tourtravelandmore.com\/es\/tours\/espana-es\/ourense-es\/ourense-actividades-es\/tour-privado-de-las-rias-bajas-tour-privado-galicia\/#primaryimage\"},\"thumbnailUrl\":\"https:\/\/tourtravelandmore.com\/wp-content\/uploads\/2017\/01\/Rias-Baixas-04.jpg\",\"datePublished\":\"2017-01-26T10:46:10+00:00\",\"dateModified\":\"2025-08-08T13:27:04+00:00\",\"description\":\"Conozca las R\u00edas Bajas de Galicia durante este tour privado personalizable con un gu\u00eda oficial privado y un veh\u00edculo de lujo con chofer \u2705\",\"breadcrumb\":{\"@id\":\"https:\/\/tourtravelandmore.com\/es\/tours\/espana-es\/ourense-es\/ourense-actividades-es\/tour-privado-de-las-rias-bajas-tour-privado-galicia\/#breadcrumb\"},\"inLanguage\":\"es\",\"potentialAction\":[{\"@type\":\"ReadAction\",\"target\":[\"https:\/\/tourtravelandmore.com\/es\/tours\/espana-es\/ourense-es\/ourense-actividades-es\/tour-privado-de-las-rias-bajas-tour-privado-galicia\/\"]}]},{\"@type\":\"ImageObject\",\"inLanguage\":\"es\",\"@id\":\"https:\/\/tourtravelandmore.com\/es\/tours\/espana-es\/ourense-es\/ourense-actividades-es\/tour-privado-de-las-rias-bajas-tour-privado-galicia\/#primaryimage\",\"url\":\"https:\/\/tourtravelandmore.com\/wp-content\/uploads\/2017\/01\/Rias-Baixas-04.jpg\",\"contentUrl\":\"https:\/\/tourtravelandmore.com\/wp-content\/uploads\/2017\/01\/Rias-Baixas-04.jpg\",\"width\":1600,\"height\":1200},{\"@type\":\"BreadcrumbList\",\"@id\":\"https:\/\/tourtravelandmore.com\/es\/tours\/espana-es\/ourense-es\/ourense-actividades-es\/tour-privado-de-las-rias-bajas-tour-privado-galicia\/#breadcrumb\",\"itemListElement\":[{\"@type\":\"ListItem\",\"position\":1,\"name\":\"Home\",\"item\":\"https:\/\/tourtravelandmore.com\/es\/\"},{\"@type\":\"ListItem\",\"position\":2,\"name\":\"Tours\",\"item\":\"https:\/\/tourtravelandmore.com\/es\/tours\/\"},{\"@type\":\"ListItem\",\"position\":3,\"name\":\"Tour privado a las R\u00edas Baixas: Pontevedra y su r\u00eda\"}]},{\"@type\":\"WebSite\",\"@id\":\"https:\/\/tourtravelandmore.com\/es\/#website\",\"url\":\"https:\/\/tourtravelandmore.com\/es\/\",\"name\":\"Tour Travel And More\",\"description\":\"Private sightseeing tours and luxury transfers in Spain\",\"publisher\":{\"@id\":\"https:\/\/tourtravelandmore.com\/es\/#organization\"},\"potentialAction\":[{\"@type\":\"SearchAction\",\"target\":{\"@type\":\"EntryPoint\",\"urlTemplate\":\"https:\/\/tourtravelandmore.com\/es\/?s={search_term_string}\"},\"query-input\":{\"@type\":\"PropertyValueSpecification\",\"valueRequired\":true,\"valueName\":\"search_term_string\"}}],\"inLanguage\":\"es\"},{\"@type\":\"Organization\",\"@id\":\"https:\/\/tourtravelandmore.com\/es\/#organization\",\"name\":\"Tour Travel And More\",\"url\":\"https:\/\/tourtravelandmore.com\/es\/\",\"logo\":{\"@type\":\"ImageObject\",\"inLanguage\":\"es\",\"@id\":\"https:\/\/tourtravelandmore.com\/es\/#\/schema\/logo\/image\/\",\"url\":\"https:\/\/tourtravelandmore.com\/wp-content\/uploads\/2022\/12\/cropped-logo-cabecera-new.png\",\"contentUrl\":\"https:\/\/tourtravelandmore.com\/wp-content\/uploads\/2022\/12\/cropped-logo-cabecera-new.png\",\"width\":430,\"height\":61,\"caption\":\"Tour Travel And More\"},\"image\":{\"@id\":\"https:\/\/tourtravelandmore.com\/es\/#\/schema\/logo\/image\/\"},\"sameAs\":[\"https:\/\/www.facebook.com\/tourtravelandmore\/\",\"https:\/\/x.com\/TourTravel_More\"]}]}<\/script>\n<!-- \/ Yoast SEO Premium plugin. -->","yoast_head_json":{"title":"\u27a1\ufe0f Tour Privado de las R\u00edas Bajas | Tour Travel & More","description":"Conozca las R\u00edas Bajas de Galicia durante este tour privado personalizable con un gu\u00eda oficial privado y un veh\u00edculo de lujo con chofer \u2705","robots":{"index":"index","follow":"follow","max-snippet":"max-snippet:-1","max-image-preview":"max-image-preview:large","max-video-preview":"max-video-preview:-1"},"canonical":"https:\/\/tourtravelandmore.com\/es\/tours\/espana-es\/ourense-es\/ourense-actividades-es\/tour-privado-de-las-rias-bajas-tour-privado-galicia\/","og_locale":"es_ES","og_type":"article","og_title":"Tour privado a las R\u00edas Baixas: Pontevedra y su r\u00eda","og_description":"Conozca las R\u00edas Bajas de Galicia durante este tour privado personalizable con un gu\u00eda oficial privado y un veh\u00edculo de lujo con chofer \u2705","og_url":"https:\/\/tourtravelandmore.com\/es\/tours\/espana-es\/ourense-es\/ourense-actividades-es\/tour-privado-de-las-rias-bajas-tour-privado-galicia\/","og_site_name":"Tour Travel And More","article_publisher":"https:\/\/www.facebook.com\/tourtravelandmore\/","article_modified_time":"2025-08-08T13:27:04+00:00","og_image":[{"width":1600,"height":1200,"url":"https:\/\/tourtravelandmore.com\/wp-content\/uploads\/2017\/01\/Rias-Baixas-04.jpg","type":"image\/jpeg"}],"twitter_card":"summary_large_image","twitter_site":"@TourTravel_More","twitter_misc":{"Tiempo de lectura":"2 minutos"},"schema":{"@context":"https:\/\/schema.org","@graph":[{"@type":"WebPage","@id":"https:\/\/tourtravelandmore.com\/es\/tours\/espana-es\/ourense-es\/ourense-actividades-es\/tour-privado-de-las-rias-bajas-tour-privado-galicia\/","url":"https:\/\/tourtravelandmore.com\/es\/tours\/espana-es\/ourense-es\/ourense-actividades-es\/tour-privado-de-las-rias-bajas-tour-privado-galicia\/","name":"\u27a1\ufe0f Tour Privado de las R\u00edas Bajas | Tour Travel & More","isPartOf":{"@id":"https:\/\/tourtravelandmore.com\/es\/#website"},"primaryImageOfPage":{"@id":"https:\/\/tourtravelandmore.com\/es\/tours\/espana-es\/ourense-es\/ourense-actividades-es\/tour-privado-de-las-rias-bajas-tour-privado-galicia\/#primaryimage"},"image":{"@id":"https:\/\/tourtravelandmore.com\/es\/tours\/espana-es\/ourense-es\/ourense-actividades-es\/tour-privado-de-las-rias-bajas-tour-privado-galicia\/#primaryimage"},"thumbnailUrl":"https:\/\/tourtravelandmore.com\/wp-content\/uploads\/2017\/01\/Rias-Baixas-04.jpg","datePublished":"2017-01-26T10:46:10+00:00","dateModified":"2025-08-08T13:27:04+00:00","description":"Conozca las R\u00edas Bajas de Galicia durante este tour privado personalizable con un gu\u00eda oficial privado y un veh\u00edculo de lujo con chofer \u2705","breadcrumb":{"@id":"https:\/\/tourtravelandmore.com\/es\/tours\/espana-es\/ourense-es\/ourense-actividades-es\/tour-privado-de-las-rias-bajas-tour-privado-galicia\/#breadcrumb"},"inLanguage":"es","potentialAction":[{"@type":"ReadAction","target":["https:\/\/tourtravelandmore.com\/es\/tours\/espana-es\/ourense-es\/ourense-actividades-es\/tour-privado-de-las-rias-bajas-tour-privado-galicia\/"]}]},{"@type":"ImageObject","inLanguage":"es","@id":"https:\/\/tourtravelandmore.com\/es\/tours\/espana-es\/ourense-es\/ourense-actividades-es\/tour-privado-de-las-rias-bajas-tour-privado-galicia\/#primaryimage","url":"https:\/\/tourtravelandmore.com\/wp-content\/uploads\/2017\/01\/Rias-Baixas-04.jpg","contentUrl":"https:\/\/tourtravelandmore.com\/wp-content\/uploads\/2017\/01\/Rias-Baixas-04.jpg","width":1600,"height":1200},{"@type":"BreadcrumbList","@id":"https:\/\/tourtravelandmore.com\/es\/tours\/espana-es\/ourense-es\/ourense-actividades-es\/tour-privado-de-las-rias-bajas-tour-privado-galicia\/#breadcrumb","itemListElement":[{"@type":"ListItem","position":1,"name":"Home","item":"https:\/\/tourtravelandmore.com\/es\/"},{"@type":"ListItem","position":2,"name":"Tours","item":"https:\/\/tourtravelandmore.com\/es\/tours\/"},{"@type":"ListItem","position":3,"name":"Tour privado a las R\u00edas Baixas: Pontevedra y su r\u00eda"}]},{"@type":"WebSite","@id":"https:\/\/tourtravelandmore.com\/es\/#website","url":"https:\/\/tourtravelandmore.com\/es\/","name":"Tour Travel And More","description":"Private sightseeing tours and luxury transfers in Spain","publisher":{"@id":"https:\/\/tourtravelandmore.com\/es\/#organization"},"potentialAction":[{"@type":"SearchAction","target":{"@type":"EntryPoint","urlTemplate":"https:\/\/tourtravelandmore.com\/es\/?s={search_term_string}"},"query-input":{"@type":"PropertyValueSpecification","valueRequired":true,"valueName":"search_term_string"}}],"inLanguage":"es"},{"@type":"Organization","@id":"https:\/\/tourtravelandmore.com\/es\/#organization","name":"Tour Travel And More","url":"https:\/\/tourtravelandmore.com\/es\/","logo":{"@type":"ImageObject","inLanguage":"es","@id":"https:\/\/tourtravelandmore.com\/es\/#\/schema\/logo\/image\/","url":"https:\/\/tourtravelandmore.com\/wp-content\/uploads\/2022\/12\/cropped-logo-cabecera-new.png","contentUrl":"https:\/\/tourtravelandmore.com\/wp-content\/uploads\/2022\/12\/cropped-logo-cabecera-new.png","width":430,"height":61,"caption":"Tour Travel And More"},"image":{"@id":"https:\/\/tourtravelandmore.com\/es\/#\/schema\/logo\/image\/"},"sameAs":["https:\/\/www.facebook.com\/tourtravelandmore\/","https:\/\/x.com\/TourTravel_More"]}]}},"_links":{"self":[{"href":"https:\/\/tourtravelandmore.com\/es\/wp-json\/wp\/v2\/product\/10471","targetHints":{"allow":["GET"]}}],"collection":[{"href":"https:\/\/tourtravelandmore.com\/es\/wp-json\/wp\/v2\/product"}],"about":[{"href":"https:\/\/tourtravelandmore.com\/es\/wp-json\/wp\/v2\/types\/product"}],"replies":[{"embeddable":true,"href":"https:\/\/tourtravelandmore.com\/es\/wp-json\/wp\/v2\/comments?post=10471"}],"wp:featuredmedia":[{"embeddable":true,"href":"https:\/\/tourtravelandmore.com\/es\/wp-json\/wp\/v2\/media\/10355"}],"wp:attachment":[{"href":"https:\/\/tourtravelandmore.com\/es\/wp-json\/wp\/v2\/media?parent=10471"}],"wp:term":[{"taxonomy":"product_brand","embeddable":true,"href":"https:\/\/tourtravelandmore.com\/es\/wp-json\/wp\/v2\/product_brand?post=10471"},{"taxonomy":"product_cat","embeddable":true,"href":"https:\/\/tourtravelandmore.com\/es\/wp-json\/wp\/v2\/product_cat?post=10471"},{"taxonomy":"product_tag","embeddable":true,"href":"https:\/\/tourtravelandmore.com\/es\/wp-json\/wp\/v2\/product_tag?post=10471"}],"curies":[{"name":"wp","href":"https:\/\/api.w.org\/{rel}","templated":true}]}}