{"id":10456,"date":"2017-01-24T10:36:24","date_gmt":"2017-01-26T10:24:58","guid":{"rendered":"http:\/\/tourtravelandmore.com\/es\/?post_type=product&#038;p=10456"},"modified":"2024-12-09T16:34:47","modified_gmt":"2024-12-09T15:34:47","slug":"tour-privado-camino-de-santiago-tour-privado-con-guia","status":"publish","type":"product","link":"https:\/\/tourtravelandmore.com\/es\/tours\/espana-es\/santiago-de-compostela-es\/santiago-de-compostela-tours-privados-pie-es\/tour-privado-camino-de-santiago-tour-privado-con-guia\/","title":{"rendered":"Tour Privado: \u00daltimos Kil\u00f3metros del Camino de Santiago"},"content":{"rendered":"<h2>Tour Privado: \u00daltimos Kil\u00f3metros del Camino de Santiago Descripci\u00f3n<\/h2>\n<p>Viva el tramo final del Camino de Santiago con nuestro exclusivo recorrido privado. Recorra los \u00faltimos 5 \u00f3 10 kil\u00f3metros de esta legendaria ruta de peregrinaci\u00f3n, culminando en la imponente Catedral de Santiago de Compostela. Tanto si elige la opci\u00f3n de 3 horas como la de 4 horas, se sumergir\u00e1 en la atm\u00f3sfera espiritual y los impresionantes paisajes que hacen del Camino un viaje inolvidable.<\/p>\n<p>Con nuestro servicio, le recogeremos en su hotel y le llevaremos al punto de partida. Para la opci\u00f3n de 5 kil\u00f3metros, empezar\u00e1 en <b><strong>Monte do Gozo<\/strong><\/b> o <b><strong>Salera de Abaixo<\/strong><\/b>, mientras que la opci\u00f3n de 10 kil\u00f3metros comienza en <b><strong>Lavacolla<\/strong><\/b> o <b><strong>Villestro<\/strong><\/b>. Desde all\u00ed, emb\u00e1rquese en su caminata con un gu\u00eda experto que enriquecer\u00e1 su experiencia con conocimientos sobre la historia, las tradiciones y el significado de esta venerada ruta.<\/p>\n<p>P\u00f3ngase en contacto con nosotros para personalizar la experiencia. Puede ser una experiencia de horas o incluso de un d\u00eda m\u00e1s largo. Podemos organizarle un transporte privado si se encuentra m\u00e1s lejos para que disfrute de una pizca de esta experiencia a pie.<\/p>\n<h2>Tour Privado: \u00daltimos Kil\u00f3metros del Camino de Santiago | Puntos de Inter\u00e9s y Lugares de Inter\u00e9s<\/h2>\n<p>Este recorrido mezcla comodidad y autenticidad, d\u00e1ndole la oportunidad de conectar con la rica herencia del Camino y los peregrinos que lo han recorrido durante siglos. Tanto si recorre 5 como 10 kil\u00f3metros, su viaje culminar\u00e1 con una sensaci\u00f3n de logro y recuerdos inolvidables.<\/p>\n<ul>\n<li><b><strong>Opciones flexibles<\/strong><\/b>: Elija entre caminar los \u00faltimos 5 kil\u00f3metros en 3 horas o los \u00faltimos 10 kil\u00f3metros en 4 horas, a la medida de sus preferencias y ritmo.<\/li>\n<li><b><strong>Recogida personalizada<\/strong><\/b>: Disfrute de un traslado privado desde su hotel hasta el punto de partida de su peregrinaci\u00f3n.\n<ul>\n<li><b><strong>Puntos de partida de 5 kil\u00f3metros<\/strong><\/b>: Monte do Gozo o Salera de Abaixo.<\/li>\n<li><b><strong>Puntos de partida de 10 kil\u00f3metros<\/strong><\/b>: Lavacolla o Villestro.<\/li>\n<\/ul>\n<\/li>\n<li><b><strong>Gu\u00eda experto<\/strong><\/b>: Camine junto a un gu\u00eda profesional que le contar\u00e1 historias y detalles fascinantes sobre la historia, la cultura y los lugares emblem\u00e1ticos del Camino.<\/li>\n<li><b><strong>Experiencia del tramo final<\/strong><\/b>: Sea testigo del ic\u00f3nico momento en el que se vislumbran las agujas de la Catedral de Santiago de Compostela y complete su viaje en este lugar declarado Patrimonio de la Humanidad por la UNESCO.<\/li>\n<li><b><strong>Experiencia a medida<\/strong><\/b>: Ideal para peregrinos y viajeros que buscan una experiencia aut\u00e9ntica del Camino sin realizar toda la ruta.<\/li>\n<\/ul>\n<p><a href=\"https:\/\/tourtravelandmore.com\/es\/ciudad\/espana-es\/\">Consulte nuestros otros recorridos<\/a> privados . Se trata de recorridos privados por toda Espa\u00f1a o por cualquier ciudad del mundo.<\/p>\n","protected":false},"excerpt":{"rendered":"<p>Viva el tramo final del Camino de Santiago con nuestro exclusivo recorrido privado. Recorra los \u00faltimos 5 \u00f3 10 kil\u00f3metros de esta legendaria ruta de peregrinaci\u00f3n, culminando en la imponente Catedral de Santiago de Compostela. Tanto si elige la opci\u00f3n de 3 horas como la de 4 horas, se sumergir\u00e1 en la atm\u00f3sfera espiritual y los impresionantes paisajes que hacen del Camino un viaje inolvidable.<\/p>\n","protected":false},"featured_media":10314,"comment_status":"open","ping_status":"closed","template":"","meta":{"_acf_changed":false},"product_brand":[],"product_cat":[1868,1872,1874,1871,1864],"product_tag":[],"class_list":{"0":"post-10456","1":"product","2":"type-product","3":"status-publish","4":"has-post-thumbnail","6":"product_cat-santiago-de-compostela-es","7":"product_cat-santiago-de-compostela-actividades-es","8":"product_cat-santiago-de-compostela-rutas-turisticas-privadas-es","9":"product_cat-santiago-de-compostela-tours-privados-pie-es","10":"product_cat-vigo-rutas-turisticas-privadas-es","12":"first","13":"instock","14":"shipping-taxable","15":"purchasable","16":"product-type-simple"},"acf":[],"yoast_head":"<!-- This site is optimized with the Yoast SEO Premium plugin v25.3.1 (Yoast SEO v25.3.1) - https:\/\/yoast.com\/wordpress\/plugins\/seo\/ -->\n<title>\u27a1\ufe0f Tour Privado: \u00daltimos Kil\u00f3metros del Camino de Santiago | Tour Travel &amp; More<\/title>\n<meta name=\"description\" content=\"Tour privado del Camino de Santiago. Lugares m\u00e1s importantes. Aproveche esta oportunidad para conocer el Camino de Santiago en esta experiencia \u00fanica \u2705.\" \/>\n<meta name=\"robots\" content=\"index, follow, max-snippet:-1, max-image-preview:large, max-video-preview:-1\" \/>\n<link rel=\"canonical\" href=\"https:\/\/tourtravelandmore.com\/es\/tours\/espana-es\/santiago-de-compostela-es\/santiago-de-compostela-tours-privados-pie-es\/tour-privado-camino-de-santiago-tour-privado-con-guia\/\" \/>\n<meta property=\"og:locale\" content=\"es_ES\" \/>\n<meta property=\"og:type\" content=\"article\" \/>\n<meta property=\"og:title\" content=\"Tour Privado: \u00daltimos Kil\u00f3metros del Camino de Santiago\" \/>\n<meta property=\"og:description\" content=\"Tour privado del Camino de Santiago. Lugares m\u00e1s importantes. Aproveche esta oportunidad para conocer el Camino de Santiago en esta experiencia \u00fanica \u2705.\" \/>\n<meta property=\"og:url\" content=\"https:\/\/tourtravelandmore.com\/es\/tours\/espana-es\/santiago-de-compostela-es\/santiago-de-compostela-tours-privados-pie-es\/tour-privado-camino-de-santiago-tour-privado-con-guia\/\" \/>\n<meta property=\"og:site_name\" content=\"Tour Travel And More\" \/>\n<meta property=\"article:publisher\" content=\"https:\/\/www.facebook.com\/tourtravelandmore\/\" \/>\n<meta property=\"article:modified_time\" content=\"2024-12-09T15:34:47+00:00\" \/>\n<meta property=\"og:image\" content=\"https:\/\/tourtravelandmore.com\/wp-content\/uploads\/2017\/01\/o-CAMINO-DE-SANTIAGO-facebook.jpg\" \/>\n\t<meta property=\"og:image:width\" content=\"2000\" \/>\n\t<meta property=\"og:image:height\" content=\"1000\" \/>\n\t<meta property=\"og:image:type\" content=\"image\/jpeg\" \/>\n<meta name=\"twitter:card\" content=\"summary_large_image\" \/>\n<meta name=\"twitter:site\" content=\"@TourTravel_More\" \/>\n<meta name=\"twitter:label1\" content=\"Tiempo de lectura\" \/>\n\t<meta name=\"twitter:data1\" content=\"2 minutos\" \/>\n<script type=\"application\/ld+json\" class=\"yoast-schema-graph\">{\"@context\":\"https:\/\/schema.org\",\"@graph\":[{\"@type\":\"WebPage\",\"@id\":\"https:\/\/tourtravelandmore.com\/es\/tours\/espana-es\/santiago-de-compostela-es\/santiago-de-compostela-tours-privados-pie-es\/tour-privado-camino-de-santiago-tour-privado-con-guia\/\",\"url\":\"https:\/\/tourtravelandmore.com\/es\/tours\/espana-es\/santiago-de-compostela-es\/santiago-de-compostela-tours-privados-pie-es\/tour-privado-camino-de-santiago-tour-privado-con-guia\/\",\"name\":\"\u27a1\ufe0f Tour Privado: \u00daltimos Kil\u00f3metros del Camino de Santiago | Tour Travel & More\",\"isPartOf\":{\"@id\":\"https:\/\/tourtravelandmore.com\/es\/#website\"},\"primaryImageOfPage\":{\"@id\":\"https:\/\/tourtravelandmore.com\/es\/tours\/espana-es\/santiago-de-compostela-es\/santiago-de-compostela-tours-privados-pie-es\/tour-privado-camino-de-santiago-tour-privado-con-guia\/#primaryimage\"},\"image\":{\"@id\":\"https:\/\/tourtravelandmore.com\/es\/tours\/espana-es\/santiago-de-compostela-es\/santiago-de-compostela-tours-privados-pie-es\/tour-privado-camino-de-santiago-tour-privado-con-guia\/#primaryimage\"},\"thumbnailUrl\":\"https:\/\/tourtravelandmore.com\/wp-content\/uploads\/2017\/01\/o-CAMINO-DE-SANTIAGO-facebook.jpg\",\"datePublished\":\"2017-01-26T10:24:58+00:00\",\"dateModified\":\"2024-12-09T15:34:47+00:00\",\"description\":\"Tour privado del Camino de Santiago. Lugares m\u00e1s importantes. Aproveche esta oportunidad para conocer el Camino de Santiago en esta experiencia \u00fanica \u2705.\",\"breadcrumb\":{\"@id\":\"https:\/\/tourtravelandmore.com\/es\/tours\/espana-es\/santiago-de-compostela-es\/santiago-de-compostela-tours-privados-pie-es\/tour-privado-camino-de-santiago-tour-privado-con-guia\/#breadcrumb\"},\"inLanguage\":\"es\",\"potentialAction\":[{\"@type\":\"ReadAction\",\"target\":[\"https:\/\/tourtravelandmore.com\/es\/tours\/espana-es\/santiago-de-compostela-es\/santiago-de-compostela-tours-privados-pie-es\/tour-privado-camino-de-santiago-tour-privado-con-guia\/\"]}]},{\"@type\":\"ImageObject\",\"inLanguage\":\"es\",\"@id\":\"https:\/\/tourtravelandmore.com\/es\/tours\/espana-es\/santiago-de-compostela-es\/santiago-de-compostela-tours-privados-pie-es\/tour-privado-camino-de-santiago-tour-privado-con-guia\/#primaryimage\",\"url\":\"https:\/\/tourtravelandmore.com\/wp-content\/uploads\/2017\/01\/o-CAMINO-DE-SANTIAGO-facebook.jpg\",\"contentUrl\":\"https:\/\/tourtravelandmore.com\/wp-content\/uploads\/2017\/01\/o-CAMINO-DE-SANTIAGO-facebook.jpg\",\"width\":2000,\"height\":1000},{\"@type\":\"BreadcrumbList\",\"@id\":\"https:\/\/tourtravelandmore.com\/es\/tours\/espana-es\/santiago-de-compostela-es\/santiago-de-compostela-tours-privados-pie-es\/tour-privado-camino-de-santiago-tour-privado-con-guia\/#breadcrumb\",\"itemListElement\":[{\"@type\":\"ListItem\",\"position\":1,\"name\":\"Home\",\"item\":\"https:\/\/tourtravelandmore.com\/es\/\"},{\"@type\":\"ListItem\",\"position\":2,\"name\":\"Tours\",\"item\":\"https:\/\/tourtravelandmore.com\/es\/tours\/\"},{\"@type\":\"ListItem\",\"position\":3,\"name\":\"Tour Privado: \u00daltimos Kil\u00f3metros del Camino de Santiago\"}]},{\"@type\":\"WebSite\",\"@id\":\"https:\/\/tourtravelandmore.com\/es\/#website\",\"url\":\"https:\/\/tourtravelandmore.com\/es\/\",\"name\":\"Tour Travel And More\",\"description\":\"Private sightseeing tours and luxury transfers in Spain\",\"publisher\":{\"@id\":\"https:\/\/tourtravelandmore.com\/es\/#organization\"},\"potentialAction\":[{\"@type\":\"SearchAction\",\"target\":{\"@type\":\"EntryPoint\",\"urlTemplate\":\"https:\/\/tourtravelandmore.com\/es\/?s={search_term_string}\"},\"query-input\":{\"@type\":\"PropertyValueSpecification\",\"valueRequired\":true,\"valueName\":\"search_term_string\"}}],\"inLanguage\":\"es\"},{\"@type\":\"Organization\",\"@id\":\"https:\/\/tourtravelandmore.com\/es\/#organization\",\"name\":\"Tour Travel And More\",\"url\":\"https:\/\/tourtravelandmore.com\/es\/\",\"logo\":{\"@type\":\"ImageObject\",\"inLanguage\":\"es\",\"@id\":\"https:\/\/tourtravelandmore.com\/es\/#\/schema\/logo\/image\/\",\"url\":\"https:\/\/tourtravelandmore.com\/wp-content\/uploads\/2022\/12\/cropped-logo-cabecera-new.png\",\"contentUrl\":\"https:\/\/tourtravelandmore.com\/wp-content\/uploads\/2022\/12\/cropped-logo-cabecera-new.png\",\"width\":430,\"height\":61,\"caption\":\"Tour Travel And More\"},\"image\":{\"@id\":\"https:\/\/tourtravelandmore.com\/es\/#\/schema\/logo\/image\/\"},\"sameAs\":[\"https:\/\/www.facebook.com\/tourtravelandmore\/\",\"https:\/\/x.com\/TourTravel_More\"]}]}<\/script>\n<!-- \/ Yoast SEO Premium plugin. -->","yoast_head_json":{"title":"\u27a1\ufe0f Tour Privado: \u00daltimos Kil\u00f3metros del Camino de Santiago | Tour Travel & More","description":"Tour privado del Camino de Santiago. Lugares m\u00e1s importantes. Aproveche esta oportunidad para conocer el Camino de Santiago en esta experiencia \u00fanica \u2705.","robots":{"index":"index","follow":"follow","max-snippet":"max-snippet:-1","max-image-preview":"max-image-preview:large","max-video-preview":"max-video-preview:-1"},"canonical":"https:\/\/tourtravelandmore.com\/es\/tours\/espana-es\/santiago-de-compostela-es\/santiago-de-compostela-tours-privados-pie-es\/tour-privado-camino-de-santiago-tour-privado-con-guia\/","og_locale":"es_ES","og_type":"article","og_title":"Tour Privado: \u00daltimos Kil\u00f3metros del Camino de Santiago","og_description":"Tour privado del Camino de Santiago. Lugares m\u00e1s importantes. Aproveche esta oportunidad para conocer el Camino de Santiago en esta experiencia \u00fanica \u2705.","og_url":"https:\/\/tourtravelandmore.com\/es\/tours\/espana-es\/santiago-de-compostela-es\/santiago-de-compostela-tours-privados-pie-es\/tour-privado-camino-de-santiago-tour-privado-con-guia\/","og_site_name":"Tour Travel And More","article_publisher":"https:\/\/www.facebook.com\/tourtravelandmore\/","article_modified_time":"2024-12-09T15:34:47+00:00","og_image":[{"width":2000,"height":1000,"url":"https:\/\/tourtravelandmore.com\/wp-content\/uploads\/2017\/01\/o-CAMINO-DE-SANTIAGO-facebook.jpg","type":"image\/jpeg"}],"twitter_card":"summary_large_image","twitter_site":"@TourTravel_More","twitter_misc":{"Tiempo de lectura":"2 minutos"},"schema":{"@context":"https:\/\/schema.org","@graph":[{"@type":"WebPage","@id":"https:\/\/tourtravelandmore.com\/es\/tours\/espana-es\/santiago-de-compostela-es\/santiago-de-compostela-tours-privados-pie-es\/tour-privado-camino-de-santiago-tour-privado-con-guia\/","url":"https:\/\/tourtravelandmore.com\/es\/tours\/espana-es\/santiago-de-compostela-es\/santiago-de-compostela-tours-privados-pie-es\/tour-privado-camino-de-santiago-tour-privado-con-guia\/","name":"\u27a1\ufe0f Tour Privado: \u00daltimos Kil\u00f3metros del Camino de Santiago | Tour Travel & More","isPartOf":{"@id":"https:\/\/tourtravelandmore.com\/es\/#website"},"primaryImageOfPage":{"@id":"https:\/\/tourtravelandmore.com\/es\/tours\/espana-es\/santiago-de-compostela-es\/santiago-de-compostela-tours-privados-pie-es\/tour-privado-camino-de-santiago-tour-privado-con-guia\/#primaryimage"},"image":{"@id":"https:\/\/tourtravelandmore.com\/es\/tours\/espana-es\/santiago-de-compostela-es\/santiago-de-compostela-tours-privados-pie-es\/tour-privado-camino-de-santiago-tour-privado-con-guia\/#primaryimage"},"thumbnailUrl":"https:\/\/tourtravelandmore.com\/wp-content\/uploads\/2017\/01\/o-CAMINO-DE-SANTIAGO-facebook.jpg","datePublished":"2017-01-26T10:24:58+00:00","dateModified":"2024-12-09T15:34:47+00:00","description":"Tour privado del Camino de Santiago. Lugares m\u00e1s importantes. Aproveche esta oportunidad para conocer el Camino de Santiago en esta experiencia \u00fanica \u2705.","breadcrumb":{"@id":"https:\/\/tourtravelandmore.com\/es\/tours\/espana-es\/santiago-de-compostela-es\/santiago-de-compostela-tours-privados-pie-es\/tour-privado-camino-de-santiago-tour-privado-con-guia\/#breadcrumb"},"inLanguage":"es","potentialAction":[{"@type":"ReadAction","target":["https:\/\/tourtravelandmore.com\/es\/tours\/espana-es\/santiago-de-compostela-es\/santiago-de-compostela-tours-privados-pie-es\/tour-privado-camino-de-santiago-tour-privado-con-guia\/"]}]},{"@type":"ImageObject","inLanguage":"es","@id":"https:\/\/tourtravelandmore.com\/es\/tours\/espana-es\/santiago-de-compostela-es\/santiago-de-compostela-tours-privados-pie-es\/tour-privado-camino-de-santiago-tour-privado-con-guia\/#primaryimage","url":"https:\/\/tourtravelandmore.com\/wp-content\/uploads\/2017\/01\/o-CAMINO-DE-SANTIAGO-facebook.jpg","contentUrl":"https:\/\/tourtravelandmore.com\/wp-content\/uploads\/2017\/01\/o-CAMINO-DE-SANTIAGO-facebook.jpg","width":2000,"height":1000},{"@type":"BreadcrumbList","@id":"https:\/\/tourtravelandmore.com\/es\/tours\/espana-es\/santiago-de-compostela-es\/santiago-de-compostela-tours-privados-pie-es\/tour-privado-camino-de-santiago-tour-privado-con-guia\/#breadcrumb","itemListElement":[{"@type":"ListItem","position":1,"name":"Home","item":"https:\/\/tourtravelandmore.com\/es\/"},{"@type":"ListItem","position":2,"name":"Tours","item":"https:\/\/tourtravelandmore.com\/es\/tours\/"},{"@type":"ListItem","position":3,"name":"Tour Privado: \u00daltimos Kil\u00f3metros del Camino de Santiago"}]},{"@type":"WebSite","@id":"https:\/\/tourtravelandmore.com\/es\/#website","url":"https:\/\/tourtravelandmore.com\/es\/","name":"Tour Travel And More","description":"Private sightseeing tours and luxury transfers in Spain","publisher":{"@id":"https:\/\/tourtravelandmore.com\/es\/#organization"},"potentialAction":[{"@type":"SearchAction","target":{"@type":"EntryPoint","urlTemplate":"https:\/\/tourtravelandmore.com\/es\/?s={search_term_string}"},"query-input":{"@type":"PropertyValueSpecification","valueRequired":true,"valueName":"search_term_string"}}],"inLanguage":"es"},{"@type":"Organization","@id":"https:\/\/tourtravelandmore.com\/es\/#organization","name":"Tour Travel And More","url":"https:\/\/tourtravelandmore.com\/es\/","logo":{"@type":"ImageObject","inLanguage":"es","@id":"https:\/\/tourtravelandmore.com\/es\/#\/schema\/logo\/image\/","url":"https:\/\/tourtravelandmore.com\/wp-content\/uploads\/2022\/12\/cropped-logo-cabecera-new.png","contentUrl":"https:\/\/tourtravelandmore.com\/wp-content\/uploads\/2022\/12\/cropped-logo-cabecera-new.png","width":430,"height":61,"caption":"Tour Travel And More"},"image":{"@id":"https:\/\/tourtravelandmore.com\/es\/#\/schema\/logo\/image\/"},"sameAs":["https:\/\/www.facebook.com\/tourtravelandmore\/","https:\/\/x.com\/TourTravel_More"]}]}},"_links":{"self":[{"href":"https:\/\/tourtravelandmore.com\/es\/wp-json\/wp\/v2\/product\/10456","targetHints":{"allow":["GET"]}}],"collection":[{"href":"https:\/\/tourtravelandmore.com\/es\/wp-json\/wp\/v2\/product"}],"about":[{"href":"https:\/\/tourtravelandmore.com\/es\/wp-json\/wp\/v2\/types\/product"}],"replies":[{"embeddable":true,"href":"https:\/\/tourtravelandmore.com\/es\/wp-json\/wp\/v2\/comments?post=10456"}],"wp:featuredmedia":[{"embeddable":true,"href":"https:\/\/tourtravelandmore.com\/es\/wp-json\/wp\/v2\/media\/10314"}],"wp:attachment":[{"href":"https:\/\/tourtravelandmore.com\/es\/wp-json\/wp\/v2\/media?parent=10456"}],"wp:term":[{"taxonomy":"product_brand","embeddable":true,"href":"https:\/\/tourtravelandmore.com\/es\/wp-json\/wp\/v2\/product_brand?post=10456"},{"taxonomy":"product_cat","embeddable":true,"href":"https:\/\/tourtravelandmore.com\/es\/wp-json\/wp\/v2\/product_cat?post=10456"},{"taxonomy":"product_tag","embeddable":true,"href":"https:\/\/tourtravelandmore.com\/es\/wp-json\/wp\/v2\/product_tag?post=10456"}],"curies":[{"name":"wp","href":"https:\/\/api.w.org\/{rel}","templated":true}]}}