{"id":10446,"date":"2017-01-24T10:21:06","date_gmt":"2017-01-26T08:50:08","guid":{"rendered":"http:\/\/tourtravelandmore.com\/es\/?post_type=product&#038;p=10446"},"modified":"2024-11-19T15:03:06","modified_gmt":"2024-11-19T14:03:06","slug":"tour-privado-santiago-de-compostela-con-guia-oficial-y-entradas","status":"publish","type":"product","link":"https:\/\/tourtravelandmore.com\/es\/tours\/espana-es\/santiago-de-compostela-es\/santiago-de-compostela-tours-privados-pie-es\/tour-privado-santiago-de-compostela-con-guia-oficial-y-entradas\/","title":{"rendered":"Tour Privado a pie de Santiago de Compostela"},"content":{"rendered":"<h2><b>Visita privada a pie de Santiago de Compostela Descripci\u00f3n<\/b><\/h2>\n<p><span style=\"font-weight: 400;\">Descubra la impresionante ciudad de Santiago de Compostela con una visita privada a pie de 3,5 horas con un gu\u00eda profesional. Con un recorrido por Santiago de Compostela, experimentar\u00e1 la rica historia y cultura de la ciudad, junto con una entrada a la famosa Catedral. Este tour es la manera perfecta de explorar la ciudad a su propio ritmo y con la orientaci\u00f3n de un gu\u00eda experto.<\/span><\/p>\n<p><span style=\"font-weight: 400;\">Este recorrido privado a pie le permite sumergirse por completo en la belleza y el encanto de Santiago de Compostela, y le ofrece una experiencia \u00fanica y personal de las vistas y los sonidos de la ciudad. Podr\u00e1 ver los monumentos m\u00e1s famosos de la ciudad y las joyas ocultas que a menudo se pierden los grupos tur\u00edsticos m\u00e1s grandes, por lo que este tour es la opci\u00f3n ideal para los viajeros que quieren aprovechar al m\u00e1ximo su tiempo en la ciudad.<\/span><\/p>\n<h2><b>Visita privada a pie de Santiago de Compostela Puntos de inter\u00e9s<\/b><\/h2>\n<p><span style=\"font-weight: 400;\">En este recorrido a pie, visitar\u00e1 los lugares m\u00e1s famosos de la ciudad, como la hermosa Catedral de Santiago de Compostela, la hist\u00f3rica Plaza del Obradoiro y el fascinante Museo de la Peregrinaci\u00f3n. Tambi\u00e9n tendr\u00e1 la oportunidad de admirar la impresionante arquitectura de la ciudad y conocer su rica historia y patrimonio cultural. Con la experta orientaci\u00f3n de su gu\u00eda privado, obtendr\u00e1 una visi\u00f3n privilegiada de Santiago de Compostela y sus alrededores.<\/span><\/p>\n<p><span style=\"font-weight: 400;\">Adem\u00e1s, podr\u00e1 pasear por las pintorescas calles de la ciudad, repletas de encantadores caf\u00e9s, bares tradicionales y boutiques. Tambi\u00e9n tendr\u00e1 la oportunidad de explorar los singulares mercados locales de la ciudad, donde podr\u00e1 degustar la deliciosa cocina regional y comprar recuerdos para llevarse a casa. A lo largo de la visita, su gu\u00eda le proporcionar\u00e1 informaci\u00f3n fascinante sobre el significado cultural y religioso de la ciudad, haciendo de \u00e9sta una experiencia inolvidable.<\/span><\/p>\n<h3><b>Catedral de Santiago de Compostela:\u00a0<\/b><\/h3>\n<p><span style=\"font-weight: 400;\">Esta magn\u00edfica catedral es el destino del famoso Camino de Santiago y es uno de los lugares de peregrinaci\u00f3n m\u00e1s importantes del mundo. Tambi\u00e9n es Patrimonio de la Humanidad de la UNESCO y una visita obligada para cualquiera que viaje a Santiago de Compostela.<\/span><\/p>\n<h3><b>Plaza del Obradoiro:\u00a0<\/b><\/h3>\n<p><span style=\"font-weight: 400;\">Esta hermosa plaza es el coraz\u00f3n de Santiago de Compostela y est\u00e1 rodeada de edificios y monumentos hist\u00f3ricos, como la Catedral de Santiago de Compostela. Es el lugar perfecto para relajarse y observar a la gente despu\u00e9s de un ajetreado d\u00eda de exploraci\u00f3n.<\/span><\/p>\n<h3><b>Museo de la Peregrinaci\u00f3n:\u00a0<\/b><\/h3>\n<p><span style=\"font-weight: 400;\">Este fascinante museo est\u00e1 dedicado a la historia del Camino de Santiago y a los peregrinos que lo han recorrido durante siglos. Con exposiciones interactivas y artefactos hist\u00f3ricos, es una visita obligada para cualquier persona interesada en la historia y la cultura del Camino de Santiago.<\/span><\/p>\n<h3><b>Casco antiguo:\u00a0<\/b><\/h3>\n<p><span style=\"font-weight: 400;\">El casco viejo de Santiago de Compostela es una zona encantadora e hist\u00f3rica, llena de calles estrechas, hermosas plazas y edificios hist\u00f3ricos. Es un lugar ideal para pasear y explorar, y encontrar\u00e1 muchas joyas y tesoros escondidos por el camino.<\/span><\/p>\n<h3><b>Palacio Real de Raxoi:\u00a0<\/b><\/h3>\n<p><span style=\"font-weight: 400;\">Este impresionante palacio es la sede del gobierno regional de Galicia y es uno de los edificios m\u00e1s bellos de Santiago de Compostela. Con sus hermosos jardines y su impresionante arquitectura, es una visita obligada para cualquier persona interesada en la historia y la cultura espa\u00f1olas.<\/span><\/p>\n<p><span style=\"font-weight: 400;\">Si est\u00e1 interesado en explorar Santiago de Compostela y aprender m\u00e1s sobre su rica historia y cultura, consulte la lista de <\/span><a href=\"https:\/\/tourtravelandmore.com\/es\/ciudad\/espana-es\/santiago-de-compostela-es\/\"><span style=\"font-weight: 400;\">visitas privadas que ofrece Tour Travel and More.<\/span><\/a><\/p>\n","protected":false},"excerpt":{"rendered":"<p><span style=\"font-weight: 400;\">&#8220;\u00danase a un recorrido privado a pie por Santiago de Compostela con Tour Travel and More y descubra la rica historia, cultura y famosos monumentos de la ciudad con un gu\u00eda profesional. Con un recorrido de 3,5 horas y una entrada a la Catedral, experimentar\u00e1 lo mejor de Santiago de Compostela.<\/span><\/p>\n","protected":false},"featured_media":10274,"comment_status":"open","ping_status":"closed","template":"","meta":{"_acf_changed":false},"product_brand":[],"product_cat":[1868,1872,1874,1871],"product_tag":[],"class_list":{"0":"post-10446","1":"product","2":"type-product","3":"status-publish","4":"has-post-thumbnail","6":"product_cat-santiago-de-compostela-es","7":"product_cat-santiago-de-compostela-actividades-es","8":"product_cat-santiago-de-compostela-rutas-turisticas-privadas-es","9":"product_cat-santiago-de-compostela-tours-privados-pie-es","11":"first","12":"instock","13":"shipping-taxable","14":"purchasable","15":"product-type-simple"},"acf":[],"yoast_head":"<!-- This site is optimized with the Yoast SEO Premium plugin v25.3.1 (Yoast SEO v25.3.1) - https:\/\/yoast.com\/wordpress\/plugins\/seo\/ -->\n<title>\u27a1\ufe0f Tour Privado Santiago de Compostela con gu\u00eda oficial | Tour Travel &amp; More<\/title>\n<meta name=\"description\" content=\"Disfrute de este tour privado Santiago de Compostela con su gu\u00eda oficial y entradas inclu\u00eddas a la Catedral. M\u00e1ximo exponente del rom\u00e1nico en Espa\u00f1a \u2705\" \/>\n<meta name=\"robots\" content=\"index, follow, max-snippet:-1, max-image-preview:large, max-video-preview:-1\" \/>\n<link rel=\"canonical\" href=\"https:\/\/tourtravelandmore.com\/es\/tours\/espana-es\/santiago-de-compostela-es\/santiago-de-compostela-tours-privados-pie-es\/tour-privado-santiago-de-compostela-con-guia-oficial-y-entradas\/\" \/>\n<meta property=\"og:locale\" content=\"es_ES\" \/>\n<meta property=\"og:type\" content=\"article\" \/>\n<meta property=\"og:title\" content=\"Tour Privado a pie de Santiago de Compostela\" \/>\n<meta property=\"og:description\" content=\"Disfrute de este tour privado Santiago de Compostela con su gu\u00eda oficial y entradas inclu\u00eddas a la Catedral. M\u00e1ximo exponente del rom\u00e1nico en Espa\u00f1a \u2705\" \/>\n<meta property=\"og:url\" content=\"https:\/\/tourtravelandmore.com\/es\/tours\/espana-es\/santiago-de-compostela-es\/santiago-de-compostela-tours-privados-pie-es\/tour-privado-santiago-de-compostela-con-guia-oficial-y-entradas\/\" \/>\n<meta property=\"og:site_name\" content=\"Tour Travel And More\" \/>\n<meta property=\"article:publisher\" content=\"https:\/\/www.facebook.com\/tourtravelandmore\/\" \/>\n<meta property=\"article:modified_time\" content=\"2024-11-19T14:03:06+00:00\" \/>\n<meta property=\"og:image\" content=\"https:\/\/tourtravelandmore.com\/wp-content\/uploads\/2017\/01\/Santiago-de-Compostela-07.jpg\" \/>\n\t<meta property=\"og:image:width\" content=\"1024\" \/>\n\t<meta property=\"og:image:height\" content=\"683\" \/>\n\t<meta property=\"og:image:type\" content=\"image\/jpeg\" \/>\n<meta name=\"twitter:card\" content=\"summary_large_image\" \/>\n<meta name=\"twitter:site\" content=\"@TourTravel_More\" \/>\n<meta name=\"twitter:label1\" content=\"Tiempo de lectura\" \/>\n\t<meta name=\"twitter:data1\" content=\"3 minutos\" \/>\n<script type=\"application\/ld+json\" class=\"yoast-schema-graph\">{\"@context\":\"https:\/\/schema.org\",\"@graph\":[{\"@type\":\"WebPage\",\"@id\":\"https:\/\/tourtravelandmore.com\/es\/tours\/espana-es\/santiago-de-compostela-es\/santiago-de-compostela-tours-privados-pie-es\/tour-privado-santiago-de-compostela-con-guia-oficial-y-entradas\/\",\"url\":\"https:\/\/tourtravelandmore.com\/es\/tours\/espana-es\/santiago-de-compostela-es\/santiago-de-compostela-tours-privados-pie-es\/tour-privado-santiago-de-compostela-con-guia-oficial-y-entradas\/\",\"name\":\"\u27a1\ufe0f Tour Privado Santiago de Compostela con gu\u00eda oficial | Tour Travel & More\",\"isPartOf\":{\"@id\":\"https:\/\/tourtravelandmore.com\/es\/#website\"},\"primaryImageOfPage\":{\"@id\":\"https:\/\/tourtravelandmore.com\/es\/tours\/espana-es\/santiago-de-compostela-es\/santiago-de-compostela-tours-privados-pie-es\/tour-privado-santiago-de-compostela-con-guia-oficial-y-entradas\/#primaryimage\"},\"image\":{\"@id\":\"https:\/\/tourtravelandmore.com\/es\/tours\/espana-es\/santiago-de-compostela-es\/santiago-de-compostela-tours-privados-pie-es\/tour-privado-santiago-de-compostela-con-guia-oficial-y-entradas\/#primaryimage\"},\"thumbnailUrl\":\"https:\/\/tourtravelandmore.com\/wp-content\/uploads\/2017\/01\/Santiago-de-Compostela-07.jpg\",\"datePublished\":\"2017-01-26T08:50:08+00:00\",\"dateModified\":\"2024-11-19T14:03:06+00:00\",\"description\":\"Disfrute de este tour privado Santiago de Compostela con su gu\u00eda oficial y entradas inclu\u00eddas a la Catedral. M\u00e1ximo exponente del rom\u00e1nico en Espa\u00f1a \u2705\",\"breadcrumb\":{\"@id\":\"https:\/\/tourtravelandmore.com\/es\/tours\/espana-es\/santiago-de-compostela-es\/santiago-de-compostela-tours-privados-pie-es\/tour-privado-santiago-de-compostela-con-guia-oficial-y-entradas\/#breadcrumb\"},\"inLanguage\":\"es\",\"potentialAction\":[{\"@type\":\"ReadAction\",\"target\":[\"https:\/\/tourtravelandmore.com\/es\/tours\/espana-es\/santiago-de-compostela-es\/santiago-de-compostela-tours-privados-pie-es\/tour-privado-santiago-de-compostela-con-guia-oficial-y-entradas\/\"]}]},{\"@type\":\"ImageObject\",\"inLanguage\":\"es\",\"@id\":\"https:\/\/tourtravelandmore.com\/es\/tours\/espana-es\/santiago-de-compostela-es\/santiago-de-compostela-tours-privados-pie-es\/tour-privado-santiago-de-compostela-con-guia-oficial-y-entradas\/#primaryimage\",\"url\":\"https:\/\/tourtravelandmore.com\/wp-content\/uploads\/2017\/01\/Santiago-de-Compostela-07.jpg\",\"contentUrl\":\"https:\/\/tourtravelandmore.com\/wp-content\/uploads\/2017\/01\/Santiago-de-Compostela-07.jpg\",\"width\":1024,\"height\":683},{\"@type\":\"BreadcrumbList\",\"@id\":\"https:\/\/tourtravelandmore.com\/es\/tours\/espana-es\/santiago-de-compostela-es\/santiago-de-compostela-tours-privados-pie-es\/tour-privado-santiago-de-compostela-con-guia-oficial-y-entradas\/#breadcrumb\",\"itemListElement\":[{\"@type\":\"ListItem\",\"position\":1,\"name\":\"Home\",\"item\":\"https:\/\/tourtravelandmore.com\/es\/\"},{\"@type\":\"ListItem\",\"position\":2,\"name\":\"Tours\",\"item\":\"https:\/\/tourtravelandmore.com\/es\/tours\/\"},{\"@type\":\"ListItem\",\"position\":3,\"name\":\"Tour Privado a pie de Santiago de Compostela\"}]},{\"@type\":\"WebSite\",\"@id\":\"https:\/\/tourtravelandmore.com\/es\/#website\",\"url\":\"https:\/\/tourtravelandmore.com\/es\/\",\"name\":\"Tour Travel And More\",\"description\":\"Private sightseeing tours and luxury transfers in Spain\",\"publisher\":{\"@id\":\"https:\/\/tourtravelandmore.com\/es\/#organization\"},\"potentialAction\":[{\"@type\":\"SearchAction\",\"target\":{\"@type\":\"EntryPoint\",\"urlTemplate\":\"https:\/\/tourtravelandmore.com\/es\/?s={search_term_string}\"},\"query-input\":{\"@type\":\"PropertyValueSpecification\",\"valueRequired\":true,\"valueName\":\"search_term_string\"}}],\"inLanguage\":\"es\"},{\"@type\":\"Organization\",\"@id\":\"https:\/\/tourtravelandmore.com\/es\/#organization\",\"name\":\"Tour Travel And More\",\"url\":\"https:\/\/tourtravelandmore.com\/es\/\",\"logo\":{\"@type\":\"ImageObject\",\"inLanguage\":\"es\",\"@id\":\"https:\/\/tourtravelandmore.com\/es\/#\/schema\/logo\/image\/\",\"url\":\"https:\/\/tourtravelandmore.com\/wp-content\/uploads\/2022\/12\/cropped-logo-cabecera-new.png\",\"contentUrl\":\"https:\/\/tourtravelandmore.com\/wp-content\/uploads\/2022\/12\/cropped-logo-cabecera-new.png\",\"width\":430,\"height\":61,\"caption\":\"Tour Travel And More\"},\"image\":{\"@id\":\"https:\/\/tourtravelandmore.com\/es\/#\/schema\/logo\/image\/\"},\"sameAs\":[\"https:\/\/www.facebook.com\/tourtravelandmore\/\",\"https:\/\/x.com\/TourTravel_More\"]}]}<\/script>\n<!-- \/ Yoast SEO Premium plugin. -->","yoast_head_json":{"title":"\u27a1\ufe0f Tour Privado Santiago de Compostela con gu\u00eda oficial | Tour Travel & More","description":"Disfrute de este tour privado Santiago de Compostela con su gu\u00eda oficial y entradas inclu\u00eddas a la Catedral. M\u00e1ximo exponente del rom\u00e1nico en Espa\u00f1a \u2705","robots":{"index":"index","follow":"follow","max-snippet":"max-snippet:-1","max-image-preview":"max-image-preview:large","max-video-preview":"max-video-preview:-1"},"canonical":"https:\/\/tourtravelandmore.com\/es\/tours\/espana-es\/santiago-de-compostela-es\/santiago-de-compostela-tours-privados-pie-es\/tour-privado-santiago-de-compostela-con-guia-oficial-y-entradas\/","og_locale":"es_ES","og_type":"article","og_title":"Tour Privado a pie de Santiago de Compostela","og_description":"Disfrute de este tour privado Santiago de Compostela con su gu\u00eda oficial y entradas inclu\u00eddas a la Catedral. M\u00e1ximo exponente del rom\u00e1nico en Espa\u00f1a \u2705","og_url":"https:\/\/tourtravelandmore.com\/es\/tours\/espana-es\/santiago-de-compostela-es\/santiago-de-compostela-tours-privados-pie-es\/tour-privado-santiago-de-compostela-con-guia-oficial-y-entradas\/","og_site_name":"Tour Travel And More","article_publisher":"https:\/\/www.facebook.com\/tourtravelandmore\/","article_modified_time":"2024-11-19T14:03:06+00:00","og_image":[{"width":1024,"height":683,"url":"https:\/\/tourtravelandmore.com\/wp-content\/uploads\/2017\/01\/Santiago-de-Compostela-07.jpg","type":"image\/jpeg"}],"twitter_card":"summary_large_image","twitter_site":"@TourTravel_More","twitter_misc":{"Tiempo de lectura":"3 minutos"},"schema":{"@context":"https:\/\/schema.org","@graph":[{"@type":"WebPage","@id":"https:\/\/tourtravelandmore.com\/es\/tours\/espana-es\/santiago-de-compostela-es\/santiago-de-compostela-tours-privados-pie-es\/tour-privado-santiago-de-compostela-con-guia-oficial-y-entradas\/","url":"https:\/\/tourtravelandmore.com\/es\/tours\/espana-es\/santiago-de-compostela-es\/santiago-de-compostela-tours-privados-pie-es\/tour-privado-santiago-de-compostela-con-guia-oficial-y-entradas\/","name":"\u27a1\ufe0f Tour Privado Santiago de Compostela con gu\u00eda oficial | Tour Travel & More","isPartOf":{"@id":"https:\/\/tourtravelandmore.com\/es\/#website"},"primaryImageOfPage":{"@id":"https:\/\/tourtravelandmore.com\/es\/tours\/espana-es\/santiago-de-compostela-es\/santiago-de-compostela-tours-privados-pie-es\/tour-privado-santiago-de-compostela-con-guia-oficial-y-entradas\/#primaryimage"},"image":{"@id":"https:\/\/tourtravelandmore.com\/es\/tours\/espana-es\/santiago-de-compostela-es\/santiago-de-compostela-tours-privados-pie-es\/tour-privado-santiago-de-compostela-con-guia-oficial-y-entradas\/#primaryimage"},"thumbnailUrl":"https:\/\/tourtravelandmore.com\/wp-content\/uploads\/2017\/01\/Santiago-de-Compostela-07.jpg","datePublished":"2017-01-26T08:50:08+00:00","dateModified":"2024-11-19T14:03:06+00:00","description":"Disfrute de este tour privado Santiago de Compostela con su gu\u00eda oficial y entradas inclu\u00eddas a la Catedral. M\u00e1ximo exponente del rom\u00e1nico en Espa\u00f1a \u2705","breadcrumb":{"@id":"https:\/\/tourtravelandmore.com\/es\/tours\/espana-es\/santiago-de-compostela-es\/santiago-de-compostela-tours-privados-pie-es\/tour-privado-santiago-de-compostela-con-guia-oficial-y-entradas\/#breadcrumb"},"inLanguage":"es","potentialAction":[{"@type":"ReadAction","target":["https:\/\/tourtravelandmore.com\/es\/tours\/espana-es\/santiago-de-compostela-es\/santiago-de-compostela-tours-privados-pie-es\/tour-privado-santiago-de-compostela-con-guia-oficial-y-entradas\/"]}]},{"@type":"ImageObject","inLanguage":"es","@id":"https:\/\/tourtravelandmore.com\/es\/tours\/espana-es\/santiago-de-compostela-es\/santiago-de-compostela-tours-privados-pie-es\/tour-privado-santiago-de-compostela-con-guia-oficial-y-entradas\/#primaryimage","url":"https:\/\/tourtravelandmore.com\/wp-content\/uploads\/2017\/01\/Santiago-de-Compostela-07.jpg","contentUrl":"https:\/\/tourtravelandmore.com\/wp-content\/uploads\/2017\/01\/Santiago-de-Compostela-07.jpg","width":1024,"height":683},{"@type":"BreadcrumbList","@id":"https:\/\/tourtravelandmore.com\/es\/tours\/espana-es\/santiago-de-compostela-es\/santiago-de-compostela-tours-privados-pie-es\/tour-privado-santiago-de-compostela-con-guia-oficial-y-entradas\/#breadcrumb","itemListElement":[{"@type":"ListItem","position":1,"name":"Home","item":"https:\/\/tourtravelandmore.com\/es\/"},{"@type":"ListItem","position":2,"name":"Tours","item":"https:\/\/tourtravelandmore.com\/es\/tours\/"},{"@type":"ListItem","position":3,"name":"Tour Privado a pie de Santiago de Compostela"}]},{"@type":"WebSite","@id":"https:\/\/tourtravelandmore.com\/es\/#website","url":"https:\/\/tourtravelandmore.com\/es\/","name":"Tour Travel And More","description":"Private sightseeing tours and luxury transfers in Spain","publisher":{"@id":"https:\/\/tourtravelandmore.com\/es\/#organization"},"potentialAction":[{"@type":"SearchAction","target":{"@type":"EntryPoint","urlTemplate":"https:\/\/tourtravelandmore.com\/es\/?s={search_term_string}"},"query-input":{"@type":"PropertyValueSpecification","valueRequired":true,"valueName":"search_term_string"}}],"inLanguage":"es"},{"@type":"Organization","@id":"https:\/\/tourtravelandmore.com\/es\/#organization","name":"Tour Travel And More","url":"https:\/\/tourtravelandmore.com\/es\/","logo":{"@type":"ImageObject","inLanguage":"es","@id":"https:\/\/tourtravelandmore.com\/es\/#\/schema\/logo\/image\/","url":"https:\/\/tourtravelandmore.com\/wp-content\/uploads\/2022\/12\/cropped-logo-cabecera-new.png","contentUrl":"https:\/\/tourtravelandmore.com\/wp-content\/uploads\/2022\/12\/cropped-logo-cabecera-new.png","width":430,"height":61,"caption":"Tour Travel And More"},"image":{"@id":"https:\/\/tourtravelandmore.com\/es\/#\/schema\/logo\/image\/"},"sameAs":["https:\/\/www.facebook.com\/tourtravelandmore\/","https:\/\/x.com\/TourTravel_More"]}]}},"_links":{"self":[{"href":"https:\/\/tourtravelandmore.com\/es\/wp-json\/wp\/v2\/product\/10446","targetHints":{"allow":["GET"]}}],"collection":[{"href":"https:\/\/tourtravelandmore.com\/es\/wp-json\/wp\/v2\/product"}],"about":[{"href":"https:\/\/tourtravelandmore.com\/es\/wp-json\/wp\/v2\/types\/product"}],"replies":[{"embeddable":true,"href":"https:\/\/tourtravelandmore.com\/es\/wp-json\/wp\/v2\/comments?post=10446"}],"wp:featuredmedia":[{"embeddable":true,"href":"https:\/\/tourtravelandmore.com\/es\/wp-json\/wp\/v2\/media\/10274"}],"wp:attachment":[{"href":"https:\/\/tourtravelandmore.com\/es\/wp-json\/wp\/v2\/media?parent=10446"}],"wp:term":[{"taxonomy":"product_brand","embeddable":true,"href":"https:\/\/tourtravelandmore.com\/es\/wp-json\/wp\/v2\/product_brand?post=10446"},{"taxonomy":"product_cat","embeddable":true,"href":"https:\/\/tourtravelandmore.com\/es\/wp-json\/wp\/v2\/product_cat?post=10446"},{"taxonomy":"product_tag","embeddable":true,"href":"https:\/\/tourtravelandmore.com\/es\/wp-json\/wp\/v2\/product_tag?post=10446"}],"curies":[{"name":"wp","href":"https:\/\/api.w.org\/{rel}","templated":true}]}}