{"id":10441,"date":"2017-01-24T10:07:53","date_gmt":"2017-01-26T08:45:53","guid":{"rendered":"http:\/\/tourtravelandmore.com\/es\/?post_type=product&#038;p=10441"},"modified":"2023-02-07T00:17:01","modified_gmt":"2023-02-06T23:17:01","slug":"tour-a-pie-pontevedra-tour-privado-con-guia-oficial","status":"publish","type":"product","link":"https:\/\/tourtravelandmore.com\/es\/tours\/espana-es\/pontevedra-es\/pontevedra-actividades-es\/tour-a-pie-pontevedra-tour-privado-con-guia-oficial\/","title":{"rendered":"Tour Privado a pie de Pontevedra"},"content":{"rendered":"<h2>Descripci\u00f3n del Tour Privado a pie de Pontevedra<\/h2>\n<p>Disfrute de este <strong>tour a pie de Pontevedra con gu\u00eda oficial privado<\/strong> y conoce los lugares m\u00e1s emblem\u00e1ticos de los alrededores de <strong>Pontevedra<\/strong>.<\/p>\n<p>El tour empezar\u00e1 a pie en la Alamenda, pero si su hotel es c\u00e9ntrico, podemos organizar una recogida desde ah\u00ed.<\/p>\n<p>Este tour a pie Pontevedra es completamente privado, puedes escoger la hora de comienzo.<\/p>\n<p>La duraci\u00f3n son 3 Horas y en todo momento ir\u00e1n acompa\u00f1ados con su gu\u00eda oficial privado, para vivir una experiencia \u00fanica y conocer lo m\u00e1ximo de la ciudad.<\/p>\n<h2>Puntos de inter\u00e9s en el Tour Privado a pie de Pontevedra<\/h2>\n<p>Empezaremos por visitar esta <strong>la plaza de la Peregrina<\/strong>, donde nos encontraremos con la mascota de la ciudad, el<strong> loro Ravachol<\/strong>, y la peculiar <strong>capilla de la Virgen Peregrina<\/strong> que, con su forma redonda, es toda una sorpresa.<\/p>\n<p>Justo al lado de la plaza de la peregrina encontraremos la <strong>plaza de la Ferrer\u00eda<\/strong>, con unos bonitos jardines delante del convento. En esta plaza se conservan algunos de los edificios m\u00e1s antiguos de la ciudad, con los t\u00edpicos soportales del norte y con gruesas columnas de piedra.<\/p>\n<p>Continuando nuestro tour a pie Pontevedra, por el <strong>casco hist\u00f3rico<\/strong>, llegaremos a la <strong>plaza de la Le\u00f1a<\/strong>, presidida por su crucero y con un claro ambiente medieval. Desde aqu\u00ed, nos podemos acercar hasta la I<strong>glesia de San Bartolom\u00e9<\/strong>.<\/p>\n<p>Llegaremos hasta el r\u00edo, habremos llegado hasta el <strong>Museo de Pontevedra<\/strong>. Dentro de este gran recinto encontraremos obras de arte que van desde la edad de bronce hasta los tiempos m\u00e1s actuales. La entrada no est\u00e1 incluida, ya que se requieren 2 horas para conocer su obra. Si est\u00e1 interesado en entrar, nos lo puede indicar y le enviaremos una propuesta con una duraci\u00f3n mayor y que incluya las entradas.<\/p>\n<p>Regresaremos hacia el casco Hist\u00f3rico para conocer la <strong>Bas\u00edlica menor de Santa Mar\u00eda la Mayor y la iglesia de Santo Domingo.<\/strong><\/p>\n<p>Si dispone de m\u00e1s d\u00edas, puedes consultar <a href=\"https:\/\/tourtravelandmore.com\/es\/ciudad\/espana-es\/pontevedra-es\/\"><strong>aqu\u00ed<\/strong><\/a> el resto de nuestros tours privados de Pontevedra.<\/p>\n","protected":false},"excerpt":{"rendered":"<p>Disfruta de este <strong>tour personalizable de Pontevedra<\/strong>. Tome esta oportunidad para conocer y disfrutar de <strong>Pontevedra<\/strong> durante este tour con vuestro <strong>gu\u00eda oficial privado<\/strong>. Conoce la historia y los principales monumentos de la ciudad, junto a su gu\u00eda.<\/p>\n","protected":false},"featured_media":10253,"comment_status":"open","ping_status":"closed","template":"","meta":{"_acf_changed":false},"product_brand":[],"product_cat":[2623,2635,2637],"product_tag":[],"class_list":{"0":"post-10441","1":"product","2":"type-product","3":"status-publish","4":"has-post-thumbnail","6":"product_cat-pontevedra-es","7":"product_cat-pontevedra-actividades-es","8":"product_cat-pontevedra-excursiones-es","10":"first","11":"instock","12":"shipping-taxable","13":"purchasable","14":"product-type-simple"},"acf":[],"yoast_head":"<!-- This site is optimized with the Yoast SEO Premium plugin v25.3.1 (Yoast SEO v25.3.1) - https:\/\/yoast.com\/wordpress\/plugins\/seo\/ -->\n<title>\u27a1\ufe0f Tour a pie Pontevedra | Tour Travel &amp; More<\/title>\n<meta name=\"description\" content=\"Disfrute de este tour a pie de Pontevedra, con gu\u00eda oficial privado y disfrute de Pontevedra de la ciudad y sus principales monumentos y historia \u2705\" \/>\n<meta name=\"robots\" content=\"index, follow, max-snippet:-1, max-image-preview:large, max-video-preview:-1\" \/>\n<link rel=\"canonical\" href=\"https:\/\/tourtravelandmore.com\/es\/tours\/espana-es\/pontevedra-es\/pontevedra-actividades-es\/tour-a-pie-pontevedra-tour-privado-con-guia-oficial\/\" \/>\n<meta property=\"og:locale\" content=\"es_ES\" \/>\n<meta property=\"og:type\" content=\"article\" \/>\n<meta property=\"og:title\" content=\"Tour Privado a pie de Pontevedra\" \/>\n<meta property=\"og:description\" content=\"Disfrute de este tour a pie de Pontevedra, con gu\u00eda oficial privado y disfrute de Pontevedra de la ciudad y sus principales monumentos y historia \u2705\" \/>\n<meta property=\"og:url\" content=\"https:\/\/tourtravelandmore.com\/es\/tours\/espana-es\/pontevedra-es\/pontevedra-actividades-es\/tour-a-pie-pontevedra-tour-privado-con-guia-oficial\/\" \/>\n<meta property=\"og:site_name\" content=\"Tour Travel And More\" \/>\n<meta property=\"article:publisher\" content=\"https:\/\/www.facebook.com\/tourtravelandmore\/\" \/>\n<meta property=\"article:modified_time\" content=\"2023-02-06T23:17:01+00:00\" \/>\n<meta property=\"og:image\" content=\"https:\/\/tourtravelandmore.com\/wp-content\/uploads\/2017\/01\/Pontevedra-05.jpg\" \/>\n\t<meta property=\"og:image:width\" content=\"1296\" \/>\n\t<meta property=\"og:image:height\" content=\"808\" \/>\n\t<meta property=\"og:image:type\" content=\"image\/jpeg\" \/>\n<meta name=\"twitter:card\" content=\"summary_large_image\" \/>\n<meta name=\"twitter:site\" content=\"@TourTravel_More\" \/>\n<meta name=\"twitter:label1\" content=\"Tiempo de lectura\" \/>\n\t<meta name=\"twitter:data1\" content=\"2 minutos\" \/>\n<script type=\"application\/ld+json\" class=\"yoast-schema-graph\">{\"@context\":\"https:\/\/schema.org\",\"@graph\":[{\"@type\":\"WebPage\",\"@id\":\"https:\/\/tourtravelandmore.com\/es\/tours\/espana-es\/pontevedra-es\/pontevedra-actividades-es\/tour-a-pie-pontevedra-tour-privado-con-guia-oficial\/\",\"url\":\"https:\/\/tourtravelandmore.com\/es\/tours\/espana-es\/pontevedra-es\/pontevedra-actividades-es\/tour-a-pie-pontevedra-tour-privado-con-guia-oficial\/\",\"name\":\"\u27a1\ufe0f Tour a pie Pontevedra | Tour Travel & More\",\"isPartOf\":{\"@id\":\"https:\/\/tourtravelandmore.com\/es\/#website\"},\"primaryImageOfPage\":{\"@id\":\"https:\/\/tourtravelandmore.com\/es\/tours\/espana-es\/pontevedra-es\/pontevedra-actividades-es\/tour-a-pie-pontevedra-tour-privado-con-guia-oficial\/#primaryimage\"},\"image\":{\"@id\":\"https:\/\/tourtravelandmore.com\/es\/tours\/espana-es\/pontevedra-es\/pontevedra-actividades-es\/tour-a-pie-pontevedra-tour-privado-con-guia-oficial\/#primaryimage\"},\"thumbnailUrl\":\"https:\/\/tourtravelandmore.com\/wp-content\/uploads\/2017\/01\/Pontevedra-05.jpg\",\"datePublished\":\"2017-01-26T08:45:53+00:00\",\"dateModified\":\"2023-02-06T23:17:01+00:00\",\"description\":\"Disfrute de este tour a pie de Pontevedra, con gu\u00eda oficial privado y disfrute de Pontevedra de la ciudad y sus principales monumentos y historia \u2705\",\"breadcrumb\":{\"@id\":\"https:\/\/tourtravelandmore.com\/es\/tours\/espana-es\/pontevedra-es\/pontevedra-actividades-es\/tour-a-pie-pontevedra-tour-privado-con-guia-oficial\/#breadcrumb\"},\"inLanguage\":\"es\",\"potentialAction\":[{\"@type\":\"ReadAction\",\"target\":[\"https:\/\/tourtravelandmore.com\/es\/tours\/espana-es\/pontevedra-es\/pontevedra-actividades-es\/tour-a-pie-pontevedra-tour-privado-con-guia-oficial\/\"]}]},{\"@type\":\"ImageObject\",\"inLanguage\":\"es\",\"@id\":\"https:\/\/tourtravelandmore.com\/es\/tours\/espana-es\/pontevedra-es\/pontevedra-actividades-es\/tour-a-pie-pontevedra-tour-privado-con-guia-oficial\/#primaryimage\",\"url\":\"https:\/\/tourtravelandmore.com\/wp-content\/uploads\/2017\/01\/Pontevedra-05.jpg\",\"contentUrl\":\"https:\/\/tourtravelandmore.com\/wp-content\/uploads\/2017\/01\/Pontevedra-05.jpg\",\"width\":1296,\"height\":808},{\"@type\":\"BreadcrumbList\",\"@id\":\"https:\/\/tourtravelandmore.com\/es\/tours\/espana-es\/pontevedra-es\/pontevedra-actividades-es\/tour-a-pie-pontevedra-tour-privado-con-guia-oficial\/#breadcrumb\",\"itemListElement\":[{\"@type\":\"ListItem\",\"position\":1,\"name\":\"Home\",\"item\":\"https:\/\/tourtravelandmore.com\/es\/\"},{\"@type\":\"ListItem\",\"position\":2,\"name\":\"Tours\",\"item\":\"https:\/\/tourtravelandmore.com\/es\/tours\/\"},{\"@type\":\"ListItem\",\"position\":3,\"name\":\"Tour Privado a pie de Pontevedra\"}]},{\"@type\":\"WebSite\",\"@id\":\"https:\/\/tourtravelandmore.com\/es\/#website\",\"url\":\"https:\/\/tourtravelandmore.com\/es\/\",\"name\":\"Tour Travel And More\",\"description\":\"Private sightseeing tours and luxury transfers in Spain\",\"publisher\":{\"@id\":\"https:\/\/tourtravelandmore.com\/es\/#organization\"},\"potentialAction\":[{\"@type\":\"SearchAction\",\"target\":{\"@type\":\"EntryPoint\",\"urlTemplate\":\"https:\/\/tourtravelandmore.com\/es\/?s={search_term_string}\"},\"query-input\":{\"@type\":\"PropertyValueSpecification\",\"valueRequired\":true,\"valueName\":\"search_term_string\"}}],\"inLanguage\":\"es\"},{\"@type\":\"Organization\",\"@id\":\"https:\/\/tourtravelandmore.com\/es\/#organization\",\"name\":\"Tour Travel And More\",\"url\":\"https:\/\/tourtravelandmore.com\/es\/\",\"logo\":{\"@type\":\"ImageObject\",\"inLanguage\":\"es\",\"@id\":\"https:\/\/tourtravelandmore.com\/es\/#\/schema\/logo\/image\/\",\"url\":\"https:\/\/tourtravelandmore.com\/wp-content\/uploads\/2022\/12\/cropped-logo-cabecera-new.png\",\"contentUrl\":\"https:\/\/tourtravelandmore.com\/wp-content\/uploads\/2022\/12\/cropped-logo-cabecera-new.png\",\"width\":430,\"height\":61,\"caption\":\"Tour Travel And More\"},\"image\":{\"@id\":\"https:\/\/tourtravelandmore.com\/es\/#\/schema\/logo\/image\/\"},\"sameAs\":[\"https:\/\/www.facebook.com\/tourtravelandmore\/\",\"https:\/\/x.com\/TourTravel_More\"]}]}<\/script>\n<!-- \/ Yoast SEO Premium plugin. -->","yoast_head_json":{"title":"\u27a1\ufe0f Tour a pie Pontevedra | Tour Travel & More","description":"Disfrute de este tour a pie de Pontevedra, con gu\u00eda oficial privado y disfrute de Pontevedra de la ciudad y sus principales monumentos y historia \u2705","robots":{"index":"index","follow":"follow","max-snippet":"max-snippet:-1","max-image-preview":"max-image-preview:large","max-video-preview":"max-video-preview:-1"},"canonical":"https:\/\/tourtravelandmore.com\/es\/tours\/espana-es\/pontevedra-es\/pontevedra-actividades-es\/tour-a-pie-pontevedra-tour-privado-con-guia-oficial\/","og_locale":"es_ES","og_type":"article","og_title":"Tour Privado a pie de Pontevedra","og_description":"Disfrute de este tour a pie de Pontevedra, con gu\u00eda oficial privado y disfrute de Pontevedra de la ciudad y sus principales monumentos y historia \u2705","og_url":"https:\/\/tourtravelandmore.com\/es\/tours\/espana-es\/pontevedra-es\/pontevedra-actividades-es\/tour-a-pie-pontevedra-tour-privado-con-guia-oficial\/","og_site_name":"Tour Travel And More","article_publisher":"https:\/\/www.facebook.com\/tourtravelandmore\/","article_modified_time":"2023-02-06T23:17:01+00:00","og_image":[{"width":1296,"height":808,"url":"https:\/\/tourtravelandmore.com\/wp-content\/uploads\/2017\/01\/Pontevedra-05.jpg","type":"image\/jpeg"}],"twitter_card":"summary_large_image","twitter_site":"@TourTravel_More","twitter_misc":{"Tiempo de lectura":"2 minutos"},"schema":{"@context":"https:\/\/schema.org","@graph":[{"@type":"WebPage","@id":"https:\/\/tourtravelandmore.com\/es\/tours\/espana-es\/pontevedra-es\/pontevedra-actividades-es\/tour-a-pie-pontevedra-tour-privado-con-guia-oficial\/","url":"https:\/\/tourtravelandmore.com\/es\/tours\/espana-es\/pontevedra-es\/pontevedra-actividades-es\/tour-a-pie-pontevedra-tour-privado-con-guia-oficial\/","name":"\u27a1\ufe0f Tour a pie Pontevedra | Tour Travel & More","isPartOf":{"@id":"https:\/\/tourtravelandmore.com\/es\/#website"},"primaryImageOfPage":{"@id":"https:\/\/tourtravelandmore.com\/es\/tours\/espana-es\/pontevedra-es\/pontevedra-actividades-es\/tour-a-pie-pontevedra-tour-privado-con-guia-oficial\/#primaryimage"},"image":{"@id":"https:\/\/tourtravelandmore.com\/es\/tours\/espana-es\/pontevedra-es\/pontevedra-actividades-es\/tour-a-pie-pontevedra-tour-privado-con-guia-oficial\/#primaryimage"},"thumbnailUrl":"https:\/\/tourtravelandmore.com\/wp-content\/uploads\/2017\/01\/Pontevedra-05.jpg","datePublished":"2017-01-26T08:45:53+00:00","dateModified":"2023-02-06T23:17:01+00:00","description":"Disfrute de este tour a pie de Pontevedra, con gu\u00eda oficial privado y disfrute de Pontevedra de la ciudad y sus principales monumentos y historia \u2705","breadcrumb":{"@id":"https:\/\/tourtravelandmore.com\/es\/tours\/espana-es\/pontevedra-es\/pontevedra-actividades-es\/tour-a-pie-pontevedra-tour-privado-con-guia-oficial\/#breadcrumb"},"inLanguage":"es","potentialAction":[{"@type":"ReadAction","target":["https:\/\/tourtravelandmore.com\/es\/tours\/espana-es\/pontevedra-es\/pontevedra-actividades-es\/tour-a-pie-pontevedra-tour-privado-con-guia-oficial\/"]}]},{"@type":"ImageObject","inLanguage":"es","@id":"https:\/\/tourtravelandmore.com\/es\/tours\/espana-es\/pontevedra-es\/pontevedra-actividades-es\/tour-a-pie-pontevedra-tour-privado-con-guia-oficial\/#primaryimage","url":"https:\/\/tourtravelandmore.com\/wp-content\/uploads\/2017\/01\/Pontevedra-05.jpg","contentUrl":"https:\/\/tourtravelandmore.com\/wp-content\/uploads\/2017\/01\/Pontevedra-05.jpg","width":1296,"height":808},{"@type":"BreadcrumbList","@id":"https:\/\/tourtravelandmore.com\/es\/tours\/espana-es\/pontevedra-es\/pontevedra-actividades-es\/tour-a-pie-pontevedra-tour-privado-con-guia-oficial\/#breadcrumb","itemListElement":[{"@type":"ListItem","position":1,"name":"Home","item":"https:\/\/tourtravelandmore.com\/es\/"},{"@type":"ListItem","position":2,"name":"Tours","item":"https:\/\/tourtravelandmore.com\/es\/tours\/"},{"@type":"ListItem","position":3,"name":"Tour Privado a pie de Pontevedra"}]},{"@type":"WebSite","@id":"https:\/\/tourtravelandmore.com\/es\/#website","url":"https:\/\/tourtravelandmore.com\/es\/","name":"Tour Travel And More","description":"Private sightseeing tours and luxury transfers in Spain","publisher":{"@id":"https:\/\/tourtravelandmore.com\/es\/#organization"},"potentialAction":[{"@type":"SearchAction","target":{"@type":"EntryPoint","urlTemplate":"https:\/\/tourtravelandmore.com\/es\/?s={search_term_string}"},"query-input":{"@type":"PropertyValueSpecification","valueRequired":true,"valueName":"search_term_string"}}],"inLanguage":"es"},{"@type":"Organization","@id":"https:\/\/tourtravelandmore.com\/es\/#organization","name":"Tour Travel And More","url":"https:\/\/tourtravelandmore.com\/es\/","logo":{"@type":"ImageObject","inLanguage":"es","@id":"https:\/\/tourtravelandmore.com\/es\/#\/schema\/logo\/image\/","url":"https:\/\/tourtravelandmore.com\/wp-content\/uploads\/2022\/12\/cropped-logo-cabecera-new.png","contentUrl":"https:\/\/tourtravelandmore.com\/wp-content\/uploads\/2022\/12\/cropped-logo-cabecera-new.png","width":430,"height":61,"caption":"Tour Travel And More"},"image":{"@id":"https:\/\/tourtravelandmore.com\/es\/#\/schema\/logo\/image\/"},"sameAs":["https:\/\/www.facebook.com\/tourtravelandmore\/","https:\/\/x.com\/TourTravel_More"]}]}},"_links":{"self":[{"href":"https:\/\/tourtravelandmore.com\/es\/wp-json\/wp\/v2\/product\/10441","targetHints":{"allow":["GET"]}}],"collection":[{"href":"https:\/\/tourtravelandmore.com\/es\/wp-json\/wp\/v2\/product"}],"about":[{"href":"https:\/\/tourtravelandmore.com\/es\/wp-json\/wp\/v2\/types\/product"}],"replies":[{"embeddable":true,"href":"https:\/\/tourtravelandmore.com\/es\/wp-json\/wp\/v2\/comments?post=10441"}],"wp:featuredmedia":[{"embeddable":true,"href":"https:\/\/tourtravelandmore.com\/es\/wp-json\/wp\/v2\/media\/10253"}],"wp:attachment":[{"href":"https:\/\/tourtravelandmore.com\/es\/wp-json\/wp\/v2\/media?parent=10441"}],"wp:term":[{"taxonomy":"product_brand","embeddable":true,"href":"https:\/\/tourtravelandmore.com\/es\/wp-json\/wp\/v2\/product_brand?post=10441"},{"taxonomy":"product_cat","embeddable":true,"href":"https:\/\/tourtravelandmore.com\/es\/wp-json\/wp\/v2\/product_cat?post=10441"},{"taxonomy":"product_tag","embeddable":true,"href":"https:\/\/tourtravelandmore.com\/es\/wp-json\/wp\/v2\/product_tag?post=10441"}],"curies":[{"name":"wp","href":"https:\/\/api.w.org\/{rel}","templated":true}]}}