{"id":10436,"date":"2017-01-24T10:00:37","date_gmt":"2017-01-26T08:41:04","guid":{"rendered":"http:\/\/tourtravelandmore.com\/es\/?post_type=product&#038;p=10436"},"modified":"2023-01-03T03:52:47","modified_gmt":"2023-01-03T02:52:47","slug":"tour-a-pie-ourense-con-guia-oficial-privado-y-recogida","status":"publish","type":"product","link":"https:\/\/tourtravelandmore.com\/es\/tours\/espana-es\/ourense-es\/ourense-actividades-es\/tour-a-pie-ourense-con-guia-oficial-privado-y-recogida\/","title":{"rendered":"Tour Privado a pie de Ourense"},"content":{"rendered":"<h2>Descripci\u00f3n del Tour Privado a pie de Ourense<\/h2>\n<p>Disfrute de este <strong>tour a pie Ourense con<\/strong> vuestro gu\u00eda oficial privado y conoce los lugares m\u00e1s emblem\u00e1ticos de los alrededores de <strong>Ourense<\/strong>.<\/p>\n<p>La duraci\u00f3n de este tour a pie Ourense es de 3 horas.<\/p>\n<p>Al ser un tour privado, pueden escoger la hora de salida del tour y vuestro lugar de recogida dentro de la ciudad de Ourense. Si su Hotel no est\u00e1 c\u00e9ntrico os indicaremos un sitio c\u00e9ntrico de la ciudad, para empezar desde ah\u00ed su tour privado. Por ejemplo, puede empezar en Alamenda del Ayuntamiento.<\/p>\n<p>Nuestro tour es completamente personalizado, si ten\u00e9is alguna preferencia nos lo pod\u00e9is escribir y nos adaptamos. A lo largo del tour ir\u00e1n en todo momento con su gu\u00eda oficial privado, y conocer\u00e1n lo m\u00e1s importante de la ciudad de Ourense.<\/p>\n<h2>Puntos de inter\u00e9s en el Tour Privado a pie de Ourense<\/h2>\n<p><b>Ourense es la ciudad del agua. Ocho puentes cruzan aqu\u00ed el r\u00edo Mi\u00f1o<\/b>, que en tiempos de los romanos era una mina de oro. Ahora ya no hay oro, pero s\u00ed unas aguas muy valiosas: las <b>aguas termales<\/b>.<\/p>\n<p>Adem\u00e1s de conocer los puentes y el r\u00edo, tambi\u00e9n nos centraremos en su casco hist\u00f3rico de la ciudad, y ver lo m\u00e1s relevante y conocer su historia y principales monumentos.<\/p>\n<p>Durante vuestro tour privado, podr\u00e9is ver entre otros monumentos, los siguientes:<\/p>\n<ul>\n<li><strong>Alameda del Ayuntamiento<\/strong><\/li>\n<li><strong>Alameda del Crucero<\/strong><\/li>\n<li><strong>Burgas<\/strong><\/li>\n<li><strong>Plaza mayor con el ayuntamiento<\/strong><\/li>\n<li><strong>Palacio Episcopal<\/strong><\/li>\n<li><strong>Iglesia de Santa Mar\u00eda Madre<\/strong><\/li>\n<li><strong>Plaza del Trigo<\/strong><\/li>\n<li><strong>Catedral<\/strong><\/li>\n<li><strong>Iglesia de Santa Eufemia<\/strong><\/li>\n<li><strong>Plaza del Cid<\/strong><\/li>\n<li><strong>Casa Sime\u00f3n<\/strong><\/li>\n<li><strong>Palacio de la Diputaci\u00f3n<\/strong><\/li>\n<li><strong>Riberas del Rio Mi\u00f1o<\/strong><\/li>\n<li><strong>Puentes del Milenio<\/strong><\/li>\n<li><strong>Puente Romano<\/strong><\/li>\n<li><strong>\u00a1Mucho m\u00e1s!<\/strong><\/li>\n<\/ul>\n<p>Si dispones de m\u00e1s d\u00edas en la ciudad de Ourense puedes consultar <a href=\"https:\/\/tourtravelandmore.com\/es\/ciudad\/espana-es\/ourense-es\/\"><strong>aqu\u00ed<\/strong><\/a>, nuestro listado de tours privados de la ciudad.<\/p>\n<p>No solo organizamos tours a pie, sino tambi\u00e9n disponemos de una flota de veh\u00edculo para poder desplazarnos a los alrededores de la ciudad y conocer otras zonas de Galicia.<\/p>\n","protected":false},"excerpt":{"rendered":"<p>Disfruta de este <strong>tour privado de Ourense<\/strong>. Tome esta oportunidad para conocer y disfrutar de <strong>Ourense<\/strong> durante este tour con vuestro guia oficial privado y opcionalmente vuestro veh\u00edculo de lujo con chofer en la visita panor\u00e1mica. Puede personalizar el tour a vuestras propias necesidades y deseos.<\/p>\n<p>&nbsp;<\/p>\n","protected":false},"featured_media":10232,"comment_status":"open","ping_status":"closed","template":"","meta":{"_acf_changed":false},"product_brand":[],"product_cat":[2624,2641,2643],"product_tag":[],"class_list":{"0":"post-10436","1":"product","2":"type-product","3":"status-publish","4":"has-post-thumbnail","6":"product_cat-ourense-es","7":"product_cat-ourense-actividades-es","8":"product_cat-ourense-tours-privados-es","10":"first","11":"instock","12":"shipping-taxable","13":"purchasable","14":"product-type-simple"},"acf":[],"yoast_head":"<!-- This site is optimized with the Yoast SEO Premium plugin v25.3.1 (Yoast SEO v25.3.1) - https:\/\/yoast.com\/wordpress\/plugins\/seo\/ -->\n<title>\u27a1\ufe0f Tour a pie Ourense con gu\u00eda oficial privado y recogida | Tour Travel &amp; More<\/title>\n<meta name=\"description\" content=\"Disfruta de este tour a pie Ourense con su gu\u00eda oficial privado y conoce lo m\u00e1s importante de la ciudad y sus principales monumentos \u2705\" \/>\n<meta name=\"robots\" content=\"index, follow, max-snippet:-1, max-image-preview:large, max-video-preview:-1\" \/>\n<link rel=\"canonical\" href=\"https:\/\/tourtravelandmore.com\/es\/tours\/espana-es\/ourense-es\/ourense-actividades-es\/tour-a-pie-ourense-con-guia-oficial-privado-y-recogida\/\" \/>\n<meta property=\"og:locale\" content=\"es_ES\" \/>\n<meta property=\"og:type\" content=\"article\" \/>\n<meta property=\"og:title\" content=\"Tour Privado a pie de Ourense\" \/>\n<meta property=\"og:description\" content=\"Disfruta de este tour a pie Ourense con su gu\u00eda oficial privado y conoce lo m\u00e1s importante de la ciudad y sus principales monumentos \u2705\" \/>\n<meta property=\"og:url\" content=\"https:\/\/tourtravelandmore.com\/es\/tours\/espana-es\/ourense-es\/ourense-actividades-es\/tour-a-pie-ourense-con-guia-oficial-privado-y-recogida\/\" \/>\n<meta property=\"og:site_name\" content=\"Tour Travel And More\" \/>\n<meta property=\"article:publisher\" content=\"https:\/\/www.facebook.com\/tourtravelandmore\/\" \/>\n<meta property=\"article:modified_time\" content=\"2023-01-03T02:52:47+00:00\" \/>\n<meta property=\"og:image\" content=\"https:\/\/tourtravelandmore.com\/wp-content\/uploads\/2017\/01\/Ourense-01.jpg\" \/>\n\t<meta property=\"og:image:width\" content=\"1280\" \/>\n\t<meta property=\"og:image:height\" content=\"848\" \/>\n\t<meta property=\"og:image:type\" content=\"image\/jpeg\" \/>\n<meta name=\"twitter:card\" content=\"summary_large_image\" \/>\n<meta name=\"twitter:site\" content=\"@TourTravel_More\" \/>\n<meta name=\"twitter:label1\" content=\"Tiempo de lectura\" \/>\n\t<meta name=\"twitter:data1\" content=\"2 minutos\" \/>\n<script type=\"application\/ld+json\" class=\"yoast-schema-graph\">{\"@context\":\"https:\/\/schema.org\",\"@graph\":[{\"@type\":\"WebPage\",\"@id\":\"https:\/\/tourtravelandmore.com\/es\/tours\/espana-es\/ourense-es\/ourense-actividades-es\/tour-a-pie-ourense-con-guia-oficial-privado-y-recogida\/\",\"url\":\"https:\/\/tourtravelandmore.com\/es\/tours\/espana-es\/ourense-es\/ourense-actividades-es\/tour-a-pie-ourense-con-guia-oficial-privado-y-recogida\/\",\"name\":\"\u27a1\ufe0f Tour a pie Ourense con gu\u00eda oficial privado y recogida | Tour Travel & More\",\"isPartOf\":{\"@id\":\"https:\/\/tourtravelandmore.com\/es\/#website\"},\"primaryImageOfPage\":{\"@id\":\"https:\/\/tourtravelandmore.com\/es\/tours\/espana-es\/ourense-es\/ourense-actividades-es\/tour-a-pie-ourense-con-guia-oficial-privado-y-recogida\/#primaryimage\"},\"image\":{\"@id\":\"https:\/\/tourtravelandmore.com\/es\/tours\/espana-es\/ourense-es\/ourense-actividades-es\/tour-a-pie-ourense-con-guia-oficial-privado-y-recogida\/#primaryimage\"},\"thumbnailUrl\":\"https:\/\/tourtravelandmore.com\/wp-content\/uploads\/2017\/01\/Ourense-01.jpg\",\"datePublished\":\"2017-01-26T08:41:04+00:00\",\"dateModified\":\"2023-01-03T02:52:47+00:00\",\"description\":\"Disfruta de este tour a pie Ourense con su gu\u00eda oficial privado y conoce lo m\u00e1s importante de la ciudad y sus principales monumentos \u2705\",\"breadcrumb\":{\"@id\":\"https:\/\/tourtravelandmore.com\/es\/tours\/espana-es\/ourense-es\/ourense-actividades-es\/tour-a-pie-ourense-con-guia-oficial-privado-y-recogida\/#breadcrumb\"},\"inLanguage\":\"es\",\"potentialAction\":[{\"@type\":\"ReadAction\",\"target\":[\"https:\/\/tourtravelandmore.com\/es\/tours\/espana-es\/ourense-es\/ourense-actividades-es\/tour-a-pie-ourense-con-guia-oficial-privado-y-recogida\/\"]}]},{\"@type\":\"ImageObject\",\"inLanguage\":\"es\",\"@id\":\"https:\/\/tourtravelandmore.com\/es\/tours\/espana-es\/ourense-es\/ourense-actividades-es\/tour-a-pie-ourense-con-guia-oficial-privado-y-recogida\/#primaryimage\",\"url\":\"https:\/\/tourtravelandmore.com\/wp-content\/uploads\/2017\/01\/Ourense-01.jpg\",\"contentUrl\":\"https:\/\/tourtravelandmore.com\/wp-content\/uploads\/2017\/01\/Ourense-01.jpg\",\"width\":1280,\"height\":848},{\"@type\":\"BreadcrumbList\",\"@id\":\"https:\/\/tourtravelandmore.com\/es\/tours\/espana-es\/ourense-es\/ourense-actividades-es\/tour-a-pie-ourense-con-guia-oficial-privado-y-recogida\/#breadcrumb\",\"itemListElement\":[{\"@type\":\"ListItem\",\"position\":1,\"name\":\"Home\",\"item\":\"https:\/\/tourtravelandmore.com\/es\/\"},{\"@type\":\"ListItem\",\"position\":2,\"name\":\"Tours\",\"item\":\"https:\/\/tourtravelandmore.com\/es\/tours\/\"},{\"@type\":\"ListItem\",\"position\":3,\"name\":\"Tour Privado a pie de Ourense\"}]},{\"@type\":\"WebSite\",\"@id\":\"https:\/\/tourtravelandmore.com\/es\/#website\",\"url\":\"https:\/\/tourtravelandmore.com\/es\/\",\"name\":\"Tour Travel And More\",\"description\":\"Private sightseeing tours and luxury transfers in Spain\",\"publisher\":{\"@id\":\"https:\/\/tourtravelandmore.com\/es\/#organization\"},\"potentialAction\":[{\"@type\":\"SearchAction\",\"target\":{\"@type\":\"EntryPoint\",\"urlTemplate\":\"https:\/\/tourtravelandmore.com\/es\/?s={search_term_string}\"},\"query-input\":{\"@type\":\"PropertyValueSpecification\",\"valueRequired\":true,\"valueName\":\"search_term_string\"}}],\"inLanguage\":\"es\"},{\"@type\":\"Organization\",\"@id\":\"https:\/\/tourtravelandmore.com\/es\/#organization\",\"name\":\"Tour Travel And More\",\"url\":\"https:\/\/tourtravelandmore.com\/es\/\",\"logo\":{\"@type\":\"ImageObject\",\"inLanguage\":\"es\",\"@id\":\"https:\/\/tourtravelandmore.com\/es\/#\/schema\/logo\/image\/\",\"url\":\"https:\/\/tourtravelandmore.com\/wp-content\/uploads\/2022\/12\/cropped-logo-cabecera-new.png\",\"contentUrl\":\"https:\/\/tourtravelandmore.com\/wp-content\/uploads\/2022\/12\/cropped-logo-cabecera-new.png\",\"width\":430,\"height\":61,\"caption\":\"Tour Travel And More\"},\"image\":{\"@id\":\"https:\/\/tourtravelandmore.com\/es\/#\/schema\/logo\/image\/\"},\"sameAs\":[\"https:\/\/www.facebook.com\/tourtravelandmore\/\",\"https:\/\/x.com\/TourTravel_More\"]}]}<\/script>\n<!-- \/ Yoast SEO Premium plugin. -->","yoast_head_json":{"title":"\u27a1\ufe0f Tour a pie Ourense con gu\u00eda oficial privado y recogida | Tour Travel & More","description":"Disfruta de este tour a pie Ourense con su gu\u00eda oficial privado y conoce lo m\u00e1s importante de la ciudad y sus principales monumentos \u2705","robots":{"index":"index","follow":"follow","max-snippet":"max-snippet:-1","max-image-preview":"max-image-preview:large","max-video-preview":"max-video-preview:-1"},"canonical":"https:\/\/tourtravelandmore.com\/es\/tours\/espana-es\/ourense-es\/ourense-actividades-es\/tour-a-pie-ourense-con-guia-oficial-privado-y-recogida\/","og_locale":"es_ES","og_type":"article","og_title":"Tour Privado a pie de Ourense","og_description":"Disfruta de este tour a pie Ourense con su gu\u00eda oficial privado y conoce lo m\u00e1s importante de la ciudad y sus principales monumentos \u2705","og_url":"https:\/\/tourtravelandmore.com\/es\/tours\/espana-es\/ourense-es\/ourense-actividades-es\/tour-a-pie-ourense-con-guia-oficial-privado-y-recogida\/","og_site_name":"Tour Travel And More","article_publisher":"https:\/\/www.facebook.com\/tourtravelandmore\/","article_modified_time":"2023-01-03T02:52:47+00:00","og_image":[{"width":1280,"height":848,"url":"https:\/\/tourtravelandmore.com\/wp-content\/uploads\/2017\/01\/Ourense-01.jpg","type":"image\/jpeg"}],"twitter_card":"summary_large_image","twitter_site":"@TourTravel_More","twitter_misc":{"Tiempo de lectura":"2 minutos"},"schema":{"@context":"https:\/\/schema.org","@graph":[{"@type":"WebPage","@id":"https:\/\/tourtravelandmore.com\/es\/tours\/espana-es\/ourense-es\/ourense-actividades-es\/tour-a-pie-ourense-con-guia-oficial-privado-y-recogida\/","url":"https:\/\/tourtravelandmore.com\/es\/tours\/espana-es\/ourense-es\/ourense-actividades-es\/tour-a-pie-ourense-con-guia-oficial-privado-y-recogida\/","name":"\u27a1\ufe0f Tour a pie Ourense con gu\u00eda oficial privado y recogida | Tour Travel & More","isPartOf":{"@id":"https:\/\/tourtravelandmore.com\/es\/#website"},"primaryImageOfPage":{"@id":"https:\/\/tourtravelandmore.com\/es\/tours\/espana-es\/ourense-es\/ourense-actividades-es\/tour-a-pie-ourense-con-guia-oficial-privado-y-recogida\/#primaryimage"},"image":{"@id":"https:\/\/tourtravelandmore.com\/es\/tours\/espana-es\/ourense-es\/ourense-actividades-es\/tour-a-pie-ourense-con-guia-oficial-privado-y-recogida\/#primaryimage"},"thumbnailUrl":"https:\/\/tourtravelandmore.com\/wp-content\/uploads\/2017\/01\/Ourense-01.jpg","datePublished":"2017-01-26T08:41:04+00:00","dateModified":"2023-01-03T02:52:47+00:00","description":"Disfruta de este tour a pie Ourense con su gu\u00eda oficial privado y conoce lo m\u00e1s importante de la ciudad y sus principales monumentos \u2705","breadcrumb":{"@id":"https:\/\/tourtravelandmore.com\/es\/tours\/espana-es\/ourense-es\/ourense-actividades-es\/tour-a-pie-ourense-con-guia-oficial-privado-y-recogida\/#breadcrumb"},"inLanguage":"es","potentialAction":[{"@type":"ReadAction","target":["https:\/\/tourtravelandmore.com\/es\/tours\/espana-es\/ourense-es\/ourense-actividades-es\/tour-a-pie-ourense-con-guia-oficial-privado-y-recogida\/"]}]},{"@type":"ImageObject","inLanguage":"es","@id":"https:\/\/tourtravelandmore.com\/es\/tours\/espana-es\/ourense-es\/ourense-actividades-es\/tour-a-pie-ourense-con-guia-oficial-privado-y-recogida\/#primaryimage","url":"https:\/\/tourtravelandmore.com\/wp-content\/uploads\/2017\/01\/Ourense-01.jpg","contentUrl":"https:\/\/tourtravelandmore.com\/wp-content\/uploads\/2017\/01\/Ourense-01.jpg","width":1280,"height":848},{"@type":"BreadcrumbList","@id":"https:\/\/tourtravelandmore.com\/es\/tours\/espana-es\/ourense-es\/ourense-actividades-es\/tour-a-pie-ourense-con-guia-oficial-privado-y-recogida\/#breadcrumb","itemListElement":[{"@type":"ListItem","position":1,"name":"Home","item":"https:\/\/tourtravelandmore.com\/es\/"},{"@type":"ListItem","position":2,"name":"Tours","item":"https:\/\/tourtravelandmore.com\/es\/tours\/"},{"@type":"ListItem","position":3,"name":"Tour Privado a pie de Ourense"}]},{"@type":"WebSite","@id":"https:\/\/tourtravelandmore.com\/es\/#website","url":"https:\/\/tourtravelandmore.com\/es\/","name":"Tour Travel And More","description":"Private sightseeing tours and luxury transfers in Spain","publisher":{"@id":"https:\/\/tourtravelandmore.com\/es\/#organization"},"potentialAction":[{"@type":"SearchAction","target":{"@type":"EntryPoint","urlTemplate":"https:\/\/tourtravelandmore.com\/es\/?s={search_term_string}"},"query-input":{"@type":"PropertyValueSpecification","valueRequired":true,"valueName":"search_term_string"}}],"inLanguage":"es"},{"@type":"Organization","@id":"https:\/\/tourtravelandmore.com\/es\/#organization","name":"Tour Travel And More","url":"https:\/\/tourtravelandmore.com\/es\/","logo":{"@type":"ImageObject","inLanguage":"es","@id":"https:\/\/tourtravelandmore.com\/es\/#\/schema\/logo\/image\/","url":"https:\/\/tourtravelandmore.com\/wp-content\/uploads\/2022\/12\/cropped-logo-cabecera-new.png","contentUrl":"https:\/\/tourtravelandmore.com\/wp-content\/uploads\/2022\/12\/cropped-logo-cabecera-new.png","width":430,"height":61,"caption":"Tour Travel And More"},"image":{"@id":"https:\/\/tourtravelandmore.com\/es\/#\/schema\/logo\/image\/"},"sameAs":["https:\/\/www.facebook.com\/tourtravelandmore\/","https:\/\/x.com\/TourTravel_More"]}]}},"_links":{"self":[{"href":"https:\/\/tourtravelandmore.com\/es\/wp-json\/wp\/v2\/product\/10436","targetHints":{"allow":["GET"]}}],"collection":[{"href":"https:\/\/tourtravelandmore.com\/es\/wp-json\/wp\/v2\/product"}],"about":[{"href":"https:\/\/tourtravelandmore.com\/es\/wp-json\/wp\/v2\/types\/product"}],"replies":[{"embeddable":true,"href":"https:\/\/tourtravelandmore.com\/es\/wp-json\/wp\/v2\/comments?post=10436"}],"wp:featuredmedia":[{"embeddable":true,"href":"https:\/\/tourtravelandmore.com\/es\/wp-json\/wp\/v2\/media\/10232"}],"wp:attachment":[{"href":"https:\/\/tourtravelandmore.com\/es\/wp-json\/wp\/v2\/media?parent=10436"}],"wp:term":[{"taxonomy":"product_brand","embeddable":true,"href":"https:\/\/tourtravelandmore.com\/es\/wp-json\/wp\/v2\/product_brand?post=10436"},{"taxonomy":"product_cat","embeddable":true,"href":"https:\/\/tourtravelandmore.com\/es\/wp-json\/wp\/v2\/product_cat?post=10436"},{"taxonomy":"product_tag","embeddable":true,"href":"https:\/\/tourtravelandmore.com\/es\/wp-json\/wp\/v2\/product_tag?post=10436"}],"curies":[{"name":"wp","href":"https:\/\/api.w.org\/{rel}","templated":true}]}}