{"id":10431,"date":"2017-01-24T09:51:32","date_gmt":"2017-01-26T08:35:44","guid":{"rendered":"http:\/\/tourtravelandmore.com\/es\/?post_type=product&#038;p=10431"},"modified":"2022-12-20T03:30:54","modified_gmt":"2022-12-20T02:30:54","slug":"tour-privado-lugo-tour-a-pie-con-guia-oficial-privado","status":"publish","type":"product","link":"https:\/\/tourtravelandmore.com\/es\/tours\/espana-es\/lugo-es\/lugo-actividades-es\/tour-privado-lugo-tour-a-pie-con-guia-oficial-privado\/","title":{"rendered":"Tour Privado de Lugo"},"content":{"rendered":"<h2>Descripci\u00f3n del Tour Privado de Lugo<\/h2>\n<p>Disfrute de este <strong>tour privado<\/strong> <strong>Lugo<\/strong> con vuestro gu\u00eda oficial y conoce los lugares m\u00e1s emblem\u00e1ticos de los alrededores de <strong>Lugo<\/strong>.<\/p>\n<p>Este tour privado Lugo ser\u00e1 a pie y comenzaremos por conocer la famosa <strong>Muralla del siglo III<\/strong>. Si su hotel est\u00e1 lejos del centro Hist\u00f3rico, este ser\u00e1 el punto de encuentro, si est\u00e1 cerca le recogeremos desde su Hotel.<\/p>\n<p>La duraci\u00f3n de este tour privado Lugo a pie con gu\u00eda oficial, es de 3 horas.<\/p>\n<p>Este tour es completamente personalizable y pod\u00e9is organizarlo como quer\u00e1is y lo que busc\u00e1is. Puede personalizar vuestro tour solo contactando con nosotros. Aqu\u00ed os dejamos un ejemplo de itinerario, el tour ser\u00e1 personalizado para que ve\u00e1is y conozc\u00e1is exactamente lo que quer\u00e9is ver en los alrededores de <strong>Lugo<\/strong>.<\/p>\n<h2>Puntos de inter\u00e9s en el Tour Privado de Lugo<\/h2>\n<p>Durante vuestro tour privado, podr\u00e9is ver, entre otros monumentos, los siguientes:<\/p>\n<ul>\n<li>Muralla del siglo III<\/li>\n<li>Plaza de Santa Mar\u00eda (Palacio Episcopal)<\/li>\n<li>Catedral de Lugo<\/li>\n<li>Plaza del Campo<\/li>\n<li>Convento Franciscano<\/li>\n<li>Plaza de Santo Domingo<\/li>\n<li>Alameda<\/li>\n<li>Ayuntamiento<\/li>\n<li>Mucho m\u00e1s!<\/li>\n<\/ul>\n<p>Si desean entrar en alg\u00fan monumento, por ejemplo de La <strong>Catedral de Lugo<\/strong>, nos lo puede indicar en el formulario de contacto, y le a\u00f1adiremos las entradas a su tour.<\/p>\n<p><strong>La <\/strong><span class=\"cb-itemprop\"><strong>Catedral de Lugo <\/strong>es de estilo rom\u00e1nico, la catedral se erigi\u00f3 en el siglo XII. Uno de los detalles m\u00e1s llamativos es su interior y en \u00e9l, el coro, desde donde se puede contemplar el altar para ceremonias, y situado en el centro de la planta.<\/span><\/p>\n<p>Otro lugar donde podemos acceder es <span class=\"cb-itemprop\"><strong> la Casa Museo de la Mitra o Domus de Mitreo.<\/strong> Muestra hallazgos que van desde la \u00e9poca romana hasta el siglo XX, aunque la parte del yacimiento m\u00e1s importante es aquella que muestra una antigua <em>domus<\/em> (casa romana) y un templo dedicado al dios Mitra. <\/span><\/p>\n<p>Si dispone de m\u00e1s d\u00edas en lugo, puedes consultar <a href=\"https:\/\/tourtravelandmore.com\/es\/ciudad\/espana-es\/lugo-es\/\"><strong>aqu\u00ed<\/strong><\/a>, el resto de nuestros tours privados Lugo.<\/p>\n","protected":false},"excerpt":{"rendered":"<p>Disfruta de este tour privado Lugo a pie con gu\u00eda oficial y descubre una de las ciudades m\u00e1s bonita de Galica, su Historia y principales monumentos:Muralla del Siglo III, Plaza de Santa Maria (Palacio Episcopal), Catedral de Lugo, Plaza del Campo, Convento Franciscano, Plaza de Santo Domingo, Alameda, Ayuntamiento y mucho mas!<\/p>\n<p>&nbsp;<\/p>\n","protected":false},"featured_media":10213,"comment_status":"open","ping_status":"closed","template":"","meta":{"_acf_changed":false},"product_brand":[],"product_cat":[2622,2629,2631],"product_tag":[],"class_list":{"0":"post-10431","1":"product","2":"type-product","3":"status-publish","4":"has-post-thumbnail","6":"product_cat-lugo-es","7":"product_cat-lugo-actividades-es","8":"product_cat-lugo-tours-es","10":"first","11":"instock","12":"shipping-taxable","13":"purchasable","14":"product-type-simple"},"acf":[],"yoast_head":"<!-- This site is optimized with the Yoast SEO Premium plugin v25.3.1 (Yoast SEO v25.3.1) - https:\/\/yoast.com\/wordpress\/plugins\/seo\/ -->\n<title>\u27a1\ufe0f Tour Privado Lugo | Tour Travel &amp; More<\/title>\n<meta name=\"description\" content=\"Disfrute de este tour privado Lugo y conoce una de las ciudades m\u00e1s bonitas y \u00fanica de Galicia, gracias a este tour a pie con gu\u00eda oficial \u2705\" \/>\n<meta name=\"robots\" content=\"index, follow, max-snippet:-1, max-image-preview:large, max-video-preview:-1\" \/>\n<link rel=\"canonical\" href=\"https:\/\/tourtravelandmore.com\/es\/tours\/espana-es\/lugo-es\/lugo-actividades-es\/tour-privado-lugo-tour-a-pie-con-guia-oficial-privado\/\" \/>\n<meta property=\"og:locale\" content=\"es_ES\" \/>\n<meta property=\"og:type\" content=\"article\" \/>\n<meta property=\"og:title\" content=\"Tour Privado de Lugo\" \/>\n<meta property=\"og:description\" content=\"Disfrute de este tour privado Lugo y conoce una de las ciudades m\u00e1s bonitas y \u00fanica de Galicia, gracias a este tour a pie con gu\u00eda oficial \u2705\" \/>\n<meta property=\"og:url\" content=\"https:\/\/tourtravelandmore.com\/es\/tours\/espana-es\/lugo-es\/lugo-actividades-es\/tour-privado-lugo-tour-a-pie-con-guia-oficial-privado\/\" \/>\n<meta property=\"og:site_name\" content=\"Tour Travel And More\" \/>\n<meta property=\"article:publisher\" content=\"https:\/\/www.facebook.com\/tourtravelandmore\/\" \/>\n<meta property=\"article:modified_time\" content=\"2022-12-20T02:30:54+00:00\" \/>\n<meta property=\"og:image\" content=\"https:\/\/tourtravelandmore.com\/wp-content\/uploads\/2017\/01\/Lugo-02.jpg\" \/>\n\t<meta property=\"og:image:width\" content=\"640\" \/>\n\t<meta property=\"og:image:height\" content=\"480\" \/>\n\t<meta property=\"og:image:type\" content=\"image\/jpeg\" \/>\n<meta name=\"twitter:card\" content=\"summary_large_image\" \/>\n<meta name=\"twitter:site\" content=\"@TourTravel_More\" \/>\n<meta name=\"twitter:label1\" content=\"Tiempo de lectura\" \/>\n\t<meta name=\"twitter:data1\" content=\"2 minutos\" \/>\n<script type=\"application\/ld+json\" class=\"yoast-schema-graph\">{\"@context\":\"https:\/\/schema.org\",\"@graph\":[{\"@type\":\"WebPage\",\"@id\":\"https:\/\/tourtravelandmore.com\/es\/tours\/espana-es\/lugo-es\/lugo-actividades-es\/tour-privado-lugo-tour-a-pie-con-guia-oficial-privado\/\",\"url\":\"https:\/\/tourtravelandmore.com\/es\/tours\/espana-es\/lugo-es\/lugo-actividades-es\/tour-privado-lugo-tour-a-pie-con-guia-oficial-privado\/\",\"name\":\"\u27a1\ufe0f Tour Privado Lugo | Tour Travel & More\",\"isPartOf\":{\"@id\":\"https:\/\/tourtravelandmore.com\/es\/#website\"},\"primaryImageOfPage\":{\"@id\":\"https:\/\/tourtravelandmore.com\/es\/tours\/espana-es\/lugo-es\/lugo-actividades-es\/tour-privado-lugo-tour-a-pie-con-guia-oficial-privado\/#primaryimage\"},\"image\":{\"@id\":\"https:\/\/tourtravelandmore.com\/es\/tours\/espana-es\/lugo-es\/lugo-actividades-es\/tour-privado-lugo-tour-a-pie-con-guia-oficial-privado\/#primaryimage\"},\"thumbnailUrl\":\"https:\/\/tourtravelandmore.com\/wp-content\/uploads\/2017\/01\/Lugo-02.jpg\",\"datePublished\":\"2017-01-26T08:35:44+00:00\",\"dateModified\":\"2022-12-20T02:30:54+00:00\",\"description\":\"Disfrute de este tour privado Lugo y conoce una de las ciudades m\u00e1s bonitas y \u00fanica de Galicia, gracias a este tour a pie con gu\u00eda oficial \u2705\",\"breadcrumb\":{\"@id\":\"https:\/\/tourtravelandmore.com\/es\/tours\/espana-es\/lugo-es\/lugo-actividades-es\/tour-privado-lugo-tour-a-pie-con-guia-oficial-privado\/#breadcrumb\"},\"inLanguage\":\"es\",\"potentialAction\":[{\"@type\":\"ReadAction\",\"target\":[\"https:\/\/tourtravelandmore.com\/es\/tours\/espana-es\/lugo-es\/lugo-actividades-es\/tour-privado-lugo-tour-a-pie-con-guia-oficial-privado\/\"]}]},{\"@type\":\"ImageObject\",\"inLanguage\":\"es\",\"@id\":\"https:\/\/tourtravelandmore.com\/es\/tours\/espana-es\/lugo-es\/lugo-actividades-es\/tour-privado-lugo-tour-a-pie-con-guia-oficial-privado\/#primaryimage\",\"url\":\"https:\/\/tourtravelandmore.com\/wp-content\/uploads\/2017\/01\/Lugo-02.jpg\",\"contentUrl\":\"https:\/\/tourtravelandmore.com\/wp-content\/uploads\/2017\/01\/Lugo-02.jpg\",\"width\":640,\"height\":480},{\"@type\":\"BreadcrumbList\",\"@id\":\"https:\/\/tourtravelandmore.com\/es\/tours\/espana-es\/lugo-es\/lugo-actividades-es\/tour-privado-lugo-tour-a-pie-con-guia-oficial-privado\/#breadcrumb\",\"itemListElement\":[{\"@type\":\"ListItem\",\"position\":1,\"name\":\"Home\",\"item\":\"https:\/\/tourtravelandmore.com\/es\/\"},{\"@type\":\"ListItem\",\"position\":2,\"name\":\"Tours\",\"item\":\"https:\/\/tourtravelandmore.com\/es\/tours\/\"},{\"@type\":\"ListItem\",\"position\":3,\"name\":\"Tour Privado de Lugo\"}]},{\"@type\":\"WebSite\",\"@id\":\"https:\/\/tourtravelandmore.com\/es\/#website\",\"url\":\"https:\/\/tourtravelandmore.com\/es\/\",\"name\":\"Tour Travel And More\",\"description\":\"Private sightseeing tours and luxury transfers in Spain\",\"publisher\":{\"@id\":\"https:\/\/tourtravelandmore.com\/es\/#organization\"},\"potentialAction\":[{\"@type\":\"SearchAction\",\"target\":{\"@type\":\"EntryPoint\",\"urlTemplate\":\"https:\/\/tourtravelandmore.com\/es\/?s={search_term_string}\"},\"query-input\":{\"@type\":\"PropertyValueSpecification\",\"valueRequired\":true,\"valueName\":\"search_term_string\"}}],\"inLanguage\":\"es\"},{\"@type\":\"Organization\",\"@id\":\"https:\/\/tourtravelandmore.com\/es\/#organization\",\"name\":\"Tour Travel And More\",\"url\":\"https:\/\/tourtravelandmore.com\/es\/\",\"logo\":{\"@type\":\"ImageObject\",\"inLanguage\":\"es\",\"@id\":\"https:\/\/tourtravelandmore.com\/es\/#\/schema\/logo\/image\/\",\"url\":\"https:\/\/tourtravelandmore.com\/wp-content\/uploads\/2022\/12\/cropped-logo-cabecera-new.png\",\"contentUrl\":\"https:\/\/tourtravelandmore.com\/wp-content\/uploads\/2022\/12\/cropped-logo-cabecera-new.png\",\"width\":430,\"height\":61,\"caption\":\"Tour Travel And More\"},\"image\":{\"@id\":\"https:\/\/tourtravelandmore.com\/es\/#\/schema\/logo\/image\/\"},\"sameAs\":[\"https:\/\/www.facebook.com\/tourtravelandmore\/\",\"https:\/\/x.com\/TourTravel_More\"]}]}<\/script>\n<!-- \/ Yoast SEO Premium plugin. -->","yoast_head_json":{"title":"\u27a1\ufe0f Tour Privado Lugo | Tour Travel & More","description":"Disfrute de este tour privado Lugo y conoce una de las ciudades m\u00e1s bonitas y \u00fanica de Galicia, gracias a este tour a pie con gu\u00eda oficial \u2705","robots":{"index":"index","follow":"follow","max-snippet":"max-snippet:-1","max-image-preview":"max-image-preview:large","max-video-preview":"max-video-preview:-1"},"canonical":"https:\/\/tourtravelandmore.com\/es\/tours\/espana-es\/lugo-es\/lugo-actividades-es\/tour-privado-lugo-tour-a-pie-con-guia-oficial-privado\/","og_locale":"es_ES","og_type":"article","og_title":"Tour Privado de Lugo","og_description":"Disfrute de este tour privado Lugo y conoce una de las ciudades m\u00e1s bonitas y \u00fanica de Galicia, gracias a este tour a pie con gu\u00eda oficial \u2705","og_url":"https:\/\/tourtravelandmore.com\/es\/tours\/espana-es\/lugo-es\/lugo-actividades-es\/tour-privado-lugo-tour-a-pie-con-guia-oficial-privado\/","og_site_name":"Tour Travel And More","article_publisher":"https:\/\/www.facebook.com\/tourtravelandmore\/","article_modified_time":"2022-12-20T02:30:54+00:00","og_image":[{"width":640,"height":480,"url":"https:\/\/tourtravelandmore.com\/wp-content\/uploads\/2017\/01\/Lugo-02.jpg","type":"image\/jpeg"}],"twitter_card":"summary_large_image","twitter_site":"@TourTravel_More","twitter_misc":{"Tiempo de lectura":"2 minutos"},"schema":{"@context":"https:\/\/schema.org","@graph":[{"@type":"WebPage","@id":"https:\/\/tourtravelandmore.com\/es\/tours\/espana-es\/lugo-es\/lugo-actividades-es\/tour-privado-lugo-tour-a-pie-con-guia-oficial-privado\/","url":"https:\/\/tourtravelandmore.com\/es\/tours\/espana-es\/lugo-es\/lugo-actividades-es\/tour-privado-lugo-tour-a-pie-con-guia-oficial-privado\/","name":"\u27a1\ufe0f Tour Privado Lugo | Tour Travel & More","isPartOf":{"@id":"https:\/\/tourtravelandmore.com\/es\/#website"},"primaryImageOfPage":{"@id":"https:\/\/tourtravelandmore.com\/es\/tours\/espana-es\/lugo-es\/lugo-actividades-es\/tour-privado-lugo-tour-a-pie-con-guia-oficial-privado\/#primaryimage"},"image":{"@id":"https:\/\/tourtravelandmore.com\/es\/tours\/espana-es\/lugo-es\/lugo-actividades-es\/tour-privado-lugo-tour-a-pie-con-guia-oficial-privado\/#primaryimage"},"thumbnailUrl":"https:\/\/tourtravelandmore.com\/wp-content\/uploads\/2017\/01\/Lugo-02.jpg","datePublished":"2017-01-26T08:35:44+00:00","dateModified":"2022-12-20T02:30:54+00:00","description":"Disfrute de este tour privado Lugo y conoce una de las ciudades m\u00e1s bonitas y \u00fanica de Galicia, gracias a este tour a pie con gu\u00eda oficial \u2705","breadcrumb":{"@id":"https:\/\/tourtravelandmore.com\/es\/tours\/espana-es\/lugo-es\/lugo-actividades-es\/tour-privado-lugo-tour-a-pie-con-guia-oficial-privado\/#breadcrumb"},"inLanguage":"es","potentialAction":[{"@type":"ReadAction","target":["https:\/\/tourtravelandmore.com\/es\/tours\/espana-es\/lugo-es\/lugo-actividades-es\/tour-privado-lugo-tour-a-pie-con-guia-oficial-privado\/"]}]},{"@type":"ImageObject","inLanguage":"es","@id":"https:\/\/tourtravelandmore.com\/es\/tours\/espana-es\/lugo-es\/lugo-actividades-es\/tour-privado-lugo-tour-a-pie-con-guia-oficial-privado\/#primaryimage","url":"https:\/\/tourtravelandmore.com\/wp-content\/uploads\/2017\/01\/Lugo-02.jpg","contentUrl":"https:\/\/tourtravelandmore.com\/wp-content\/uploads\/2017\/01\/Lugo-02.jpg","width":640,"height":480},{"@type":"BreadcrumbList","@id":"https:\/\/tourtravelandmore.com\/es\/tours\/espana-es\/lugo-es\/lugo-actividades-es\/tour-privado-lugo-tour-a-pie-con-guia-oficial-privado\/#breadcrumb","itemListElement":[{"@type":"ListItem","position":1,"name":"Home","item":"https:\/\/tourtravelandmore.com\/es\/"},{"@type":"ListItem","position":2,"name":"Tours","item":"https:\/\/tourtravelandmore.com\/es\/tours\/"},{"@type":"ListItem","position":3,"name":"Tour Privado de Lugo"}]},{"@type":"WebSite","@id":"https:\/\/tourtravelandmore.com\/es\/#website","url":"https:\/\/tourtravelandmore.com\/es\/","name":"Tour Travel And More","description":"Private sightseeing tours and luxury transfers in Spain","publisher":{"@id":"https:\/\/tourtravelandmore.com\/es\/#organization"},"potentialAction":[{"@type":"SearchAction","target":{"@type":"EntryPoint","urlTemplate":"https:\/\/tourtravelandmore.com\/es\/?s={search_term_string}"},"query-input":{"@type":"PropertyValueSpecification","valueRequired":true,"valueName":"search_term_string"}}],"inLanguage":"es"},{"@type":"Organization","@id":"https:\/\/tourtravelandmore.com\/es\/#organization","name":"Tour Travel And More","url":"https:\/\/tourtravelandmore.com\/es\/","logo":{"@type":"ImageObject","inLanguage":"es","@id":"https:\/\/tourtravelandmore.com\/es\/#\/schema\/logo\/image\/","url":"https:\/\/tourtravelandmore.com\/wp-content\/uploads\/2022\/12\/cropped-logo-cabecera-new.png","contentUrl":"https:\/\/tourtravelandmore.com\/wp-content\/uploads\/2022\/12\/cropped-logo-cabecera-new.png","width":430,"height":61,"caption":"Tour Travel And More"},"image":{"@id":"https:\/\/tourtravelandmore.com\/es\/#\/schema\/logo\/image\/"},"sameAs":["https:\/\/www.facebook.com\/tourtravelandmore\/","https:\/\/x.com\/TourTravel_More"]}]}},"_links":{"self":[{"href":"https:\/\/tourtravelandmore.com\/es\/wp-json\/wp\/v2\/product\/10431","targetHints":{"allow":["GET"]}}],"collection":[{"href":"https:\/\/tourtravelandmore.com\/es\/wp-json\/wp\/v2\/product"}],"about":[{"href":"https:\/\/tourtravelandmore.com\/es\/wp-json\/wp\/v2\/types\/product"}],"replies":[{"embeddable":true,"href":"https:\/\/tourtravelandmore.com\/es\/wp-json\/wp\/v2\/comments?post=10431"}],"wp:featuredmedia":[{"embeddable":true,"href":"https:\/\/tourtravelandmore.com\/es\/wp-json\/wp\/v2\/media\/10213"}],"wp:attachment":[{"href":"https:\/\/tourtravelandmore.com\/es\/wp-json\/wp\/v2\/media?parent=10431"}],"wp:term":[{"taxonomy":"product_brand","embeddable":true,"href":"https:\/\/tourtravelandmore.com\/es\/wp-json\/wp\/v2\/product_brand?post=10431"},{"taxonomy":"product_cat","embeddable":true,"href":"https:\/\/tourtravelandmore.com\/es\/wp-json\/wp\/v2\/product_cat?post=10431"},{"taxonomy":"product_tag","embeddable":true,"href":"https:\/\/tourtravelandmore.com\/es\/wp-json\/wp\/v2\/product_tag?post=10431"}],"curies":[{"name":"wp","href":"https:\/\/api.w.org\/{rel}","templated":true}]}}