{"id":10426,"date":"2017-01-24T09:44:34","date_gmt":"2017-01-26T08:31:26","guid":{"rendered":"http:\/\/tourtravelandmore.com\/es\/?post_type=product&#038;p=10426"},"modified":"2024-11-25T16:20:29","modified_gmt":"2024-11-25T15:20:29","slug":"tour-privado-bajo-mino-galicia-portugal","status":"publish","type":"product","link":"https:\/\/tourtravelandmore.com\/es\/tours\/espana-es\/santiago-de-compostela-es\/santiago-de-compostela-actividades-es\/tour-privado-bajo-mino-galicia-portugal\/","title":{"rendered":"Tours Privado de El Bajo Mi\u00f1o y Portugal desde Santiago de Compostela"},"content":{"rendered":"<h2><b>Tour Privado Bajo Mi\u00f1o &amp; Portugal Descripci\u00f3n<\/b><\/h2>\n<p><span style=\"font-weight: 400;\">Explore la impresionante belleza del Bajo Mi\u00f1o y Portugal en nuestro Tour Privado del Bajo Mi\u00f1o y Portugal. Este tour personalizado est\u00e1 dise\u00f1ado para ofrecerle una experiencia \u00fanica adaptada a sus intereses y preferencias. Nuestros gu\u00edas expertos le llevar\u00e1n de viaje por esta pintoresca regi\u00f3n, ofreci\u00e9ndole una perspectiva \u00fanica y profundos conocimientos de su historia, cultura y tradiciones.<\/span><\/p>\n<p><span style=\"font-weight: 400;\">Para comenzar su aventura, organizaremos una recogida privada en Santiago. Entendemos que las necesidades de cada viajero son diferentes, y trabajaremos con usted para crear un itinerario personalizado que se adapte a sus intereses y limitaciones de tiempo. Tambi\u00e9n podemos sugerirle algunos de los mejores lugares que visitar en la regi\u00f3n si no est\u00e1 seguro de por d\u00f3nde empezar.<\/span><\/p>\n<p><span style=\"font-weight: 400;\">A medida que nos dirigimos hacia el Bajo Mi\u00f1o, disfrutar\u00e1 de impresionantes vistas de la campi\u00f1a. Una vez que lleguemos, tendr\u00e1 a su gu\u00eda oficial privado a su disposici\u00f3n durante todo el recorrido. Tanto si est\u00e1 interesado en explorar los lugares hist\u00f3ricos de la regi\u00f3n, degustar su deliciosa gastronom\u00eda o simplemente empaparse de su belleza natural, nos aseguraremos de que su excursi\u00f3n sea personalizada a su gusto.<\/span><\/p>\n<p><span style=\"font-weight: 400;\">Durante el recorrido, tendr\u00e1 muchas oportunidades de detenerse y disfrutar de las vistas, tomar algunas fotos y hacer cualquier pregunta que pueda tener. Le proporcionaremos informaci\u00f3n fascinante sobre la historia y la cultura de la regi\u00f3n, y le llevaremos a algunos de los mejores lugares para degustar deliciosos platos y vinos.<\/span><\/p>\n<p><span style=\"font-weight: 400;\">Al final de su Tour Privado del Bajo Mi\u00f1o y Portugal, le dejaremos en el lugar que prefiera, sinti\u00e9ndose enriquecido por su experiencia de viaje \u00fanica. P\u00f3ngase en contacto con nosotros hoy mismo para reservar su tour personalizado y d\u00e9jenos mostrarle la magia del Bajo Mi\u00f1o y Portugal.<\/span><\/p>\n<h2><b>Tour Privado Bajo Mi\u00f1o &amp; Portugal | Puntos de Inter\u00e9s y Lugares de Inter\u00e9s<\/b><\/h2>\n<p><span style=\"font-weight: 400;\">Disfrute de lo mejor del Bajo Mi\u00f1o y de Portugal con nuestra excursi\u00f3n privada. Disfrute de una c\u00f3moda recogida en la ciudad de su elecci\u00f3n y dir\u00edjase al Bajo Mi\u00f1o, situado en la provincia gallega de Pontevedra.<\/span><\/p>\n<h3><b>Grandes vistas de la R\u00eda de Vigo:<\/b><\/h3>\n<p><span style=\"font-weight: 400;\">Desde la impresionante r\u00eda de Vigo, podr\u00e1 ser testigo de un impresionante despliegue de vida marina, incluidos delfines y aves marinas. No olvides tu c\u00e1mara para capturar la belleza de esta impresionante maravilla natural.<\/span><\/p>\n<h3><b>Vistas del Valle del Mi\u00f1o:<\/b><\/h3>\n<p><span style=\"font-weight: 400;\">El Valle del Mi\u00f1o es un para\u00edso para los amantes de la naturaleza. Con sus suaves colinas y bosques v\u00edrgenes, es el lugar perfecto para escapar del ajetreo de la vida urbana y reconectar con la naturaleza.<\/span><\/p>\n<h3><b>Lugares de inter\u00e9s social, cultural y religioso:<\/b><\/h3>\n<p><span style=\"font-weight: 400;\">Sum\u00e9rjase en la rica cultura e historia del Baixo Mi\u00f1o mientras explora sus encantadoras ciudades y pintorescos pueblos. Visite lugares de inter\u00e9s hist\u00f3rico y religioso para conocer el fascinante pasado y las tradiciones de la zona.<\/span><\/p>\n<p><span style=\"font-weight: 400;\">En Tour Travel &amp; More, ofrecemos tours privados en todo <\/span><a href=\"https:\/\/tourtravelandmore.com\/es\/ciudad\/portugal-es\/\"><span style=\"font-weight: 400;\">Portugal<\/span><\/a><span style=\"font-weight: 400;\"> y <\/span><a href=\"https:\/\/tourtravelandmore.com\/fr\/city\/espagne-fr\/\"><span style=\"font-weight: 400;\">Espa\u00f1a<\/span><\/a><span style=\"font-weight: 400;\">, as\u00ed como en cualquier ciudad del mundo. Despu\u00e9s de disfrutar de lo mejor del Bajo Mi\u00f1o y Portugal, le aseguramos un regreso c\u00f3modo y seguro a su hotel o lugar de elecci\u00f3n.<\/span><\/p>\n","protected":false},"excerpt":{"rendered":"<p>Disfruta de este tour personalizable de Bajo Mi\u00f1o y Portugal. Tome esta oportunidad para conocer y disfrutar de Bajo Mi\u00f1o y Portugal durante este tour con vuestro guia oficial privado y vuestro veh\u00edculo de lujo con chofer. Puede personalizar el tour a vuestras propias necesidades y deseos. Cruzaremos a pie la frontera entre Espa\u00f1a y Portugal y descubriremos pueblos \u00fanicos.<\/p>\n<p>&nbsp;<\/p>\n","protected":false},"featured_media":10202,"comment_status":"open","ping_status":"closed","template":"","meta":{"_acf_changed":false},"product_brand":[],"product_cat":[1868,1872,1873,1874],"product_tag":[],"class_list":{"0":"post-10426","1":"product","2":"type-product","3":"status-publish","4":"has-post-thumbnail","6":"product_cat-santiago-de-compostela-es","7":"product_cat-santiago-de-compostela-actividades-es","8":"product_cat-santiago-de-compostela-excursiones-es","9":"product_cat-santiago-de-compostela-rutas-turisticas-privadas-es","11":"first","12":"instock","13":"shipping-taxable","14":"purchasable","15":"product-type-simple"},"acf":[],"yoast_head":"<!-- This site is optimized with the Yoast SEO Premium plugin v25.3.1 (Yoast SEO v25.3.1) - https:\/\/yoast.com\/wordpress\/plugins\/seo\/ -->\n<title>\u27a1\ufe0f Tour Bajo Mi\u00f1o y Portugal | Tour Travel &amp; More<\/title>\n<meta name=\"description\" content=\"Tour personalizable del Bajo Mi\u00f1o y Portugal. Conozca y disfrute del Bajo Mi\u00f1o y Portugal en un tour con guia oficial privado y veh\u00edculo de lujo con chofer \u2705\" \/>\n<meta name=\"robots\" content=\"index, follow, max-snippet:-1, max-image-preview:large, max-video-preview:-1\" \/>\n<link rel=\"canonical\" href=\"https:\/\/tourtravelandmore.com\/es\/tours\/espana-es\/santiago-de-compostela-es\/santiago-de-compostela-actividades-es\/tour-privado-bajo-mino-galicia-portugal\/\" \/>\n<meta property=\"og:locale\" content=\"es_ES\" \/>\n<meta property=\"og:type\" content=\"article\" \/>\n<meta property=\"og:title\" content=\"Tours Privado de El Bajo Mi\u00f1o y Portugal desde Santiago de Compostela\" \/>\n<meta property=\"og:description\" content=\"Tour personalizable del Bajo Mi\u00f1o y Portugal. Conozca y disfrute del Bajo Mi\u00f1o y Portugal en un tour con guia oficial privado y veh\u00edculo de lujo con chofer \u2705\" \/>\n<meta property=\"og:url\" content=\"https:\/\/tourtravelandmore.com\/es\/tours\/espana-es\/santiago-de-compostela-es\/santiago-de-compostela-actividades-es\/tour-privado-bajo-mino-galicia-portugal\/\" \/>\n<meta property=\"og:site_name\" content=\"Tour Travel And More\" \/>\n<meta property=\"article:publisher\" content=\"https:\/\/www.facebook.com\/tourtravelandmore\/\" \/>\n<meta property=\"article:modified_time\" content=\"2024-11-25T15:20:29+00:00\" \/>\n<meta property=\"og:image\" content=\"https:\/\/tourtravelandmore.com\/wp-content\/uploads\/2017\/01\/Bajo-Min\u00cc\u0192o-02.jpg\" \/>\n\t<meta property=\"og:image:width\" content=\"1100\" \/>\n\t<meta property=\"og:image:height\" content=\"825\" \/>\n\t<meta property=\"og:image:type\" content=\"image\/jpeg\" \/>\n<meta name=\"twitter:card\" content=\"summary_large_image\" \/>\n<meta name=\"twitter:site\" content=\"@TourTravel_More\" \/>\n<meta name=\"twitter:label1\" content=\"Tiempo de lectura\" \/>\n\t<meta name=\"twitter:data1\" content=\"3 minutos\" \/>\n<script type=\"application\/ld+json\" class=\"yoast-schema-graph\">{\"@context\":\"https:\/\/schema.org\",\"@graph\":[{\"@type\":\"WebPage\",\"@id\":\"https:\/\/tourtravelandmore.com\/es\/tours\/espana-es\/santiago-de-compostela-es\/santiago-de-compostela-actividades-es\/tour-privado-bajo-mino-galicia-portugal\/\",\"url\":\"https:\/\/tourtravelandmore.com\/es\/tours\/espana-es\/santiago-de-compostela-es\/santiago-de-compostela-actividades-es\/tour-privado-bajo-mino-galicia-portugal\/\",\"name\":\"\u27a1\ufe0f Tour Bajo Mi\u00f1o y Portugal | Tour Travel & More\",\"isPartOf\":{\"@id\":\"https:\/\/tourtravelandmore.com\/es\/#website\"},\"primaryImageOfPage\":{\"@id\":\"https:\/\/tourtravelandmore.com\/es\/tours\/espana-es\/santiago-de-compostela-es\/santiago-de-compostela-actividades-es\/tour-privado-bajo-mino-galicia-portugal\/#primaryimage\"},\"image\":{\"@id\":\"https:\/\/tourtravelandmore.com\/es\/tours\/espana-es\/santiago-de-compostela-es\/santiago-de-compostela-actividades-es\/tour-privado-bajo-mino-galicia-portugal\/#primaryimage\"},\"thumbnailUrl\":\"https:\/\/tourtravelandmore.com\/wp-content\/uploads\/2017\/01\/Bajo-Min\u00cc\u0192o-02.jpg\",\"datePublished\":\"2017-01-26T08:31:26+00:00\",\"dateModified\":\"2024-11-25T15:20:29+00:00\",\"description\":\"Tour personalizable del Bajo Mi\u00f1o y Portugal. Conozca y disfrute del Bajo Mi\u00f1o y Portugal en un tour con guia oficial privado y veh\u00edculo de lujo con chofer \u2705\",\"breadcrumb\":{\"@id\":\"https:\/\/tourtravelandmore.com\/es\/tours\/espana-es\/santiago-de-compostela-es\/santiago-de-compostela-actividades-es\/tour-privado-bajo-mino-galicia-portugal\/#breadcrumb\"},\"inLanguage\":\"es\",\"potentialAction\":[{\"@type\":\"ReadAction\",\"target\":[\"https:\/\/tourtravelandmore.com\/es\/tours\/espana-es\/santiago-de-compostela-es\/santiago-de-compostela-actividades-es\/tour-privado-bajo-mino-galicia-portugal\/\"]}]},{\"@type\":\"ImageObject\",\"inLanguage\":\"es\",\"@id\":\"https:\/\/tourtravelandmore.com\/es\/tours\/espana-es\/santiago-de-compostela-es\/santiago-de-compostela-actividades-es\/tour-privado-bajo-mino-galicia-portugal\/#primaryimage\",\"url\":\"https:\/\/tourtravelandmore.com\/wp-content\/uploads\/2017\/01\/Bajo-Min\u00cc\u0192o-02.jpg\",\"contentUrl\":\"https:\/\/tourtravelandmore.com\/wp-content\/uploads\/2017\/01\/Bajo-Min\u00cc\u0192o-02.jpg\",\"width\":1100,\"height\":825},{\"@type\":\"BreadcrumbList\",\"@id\":\"https:\/\/tourtravelandmore.com\/es\/tours\/espana-es\/santiago-de-compostela-es\/santiago-de-compostela-actividades-es\/tour-privado-bajo-mino-galicia-portugal\/#breadcrumb\",\"itemListElement\":[{\"@type\":\"ListItem\",\"position\":1,\"name\":\"Home\",\"item\":\"https:\/\/tourtravelandmore.com\/es\/\"},{\"@type\":\"ListItem\",\"position\":2,\"name\":\"Tours\",\"item\":\"https:\/\/tourtravelandmore.com\/es\/tours\/\"},{\"@type\":\"ListItem\",\"position\":3,\"name\":\"Tours Privado de El Bajo Mi\u00f1o y Portugal desde Santiago de Compostela\"}]},{\"@type\":\"WebSite\",\"@id\":\"https:\/\/tourtravelandmore.com\/es\/#website\",\"url\":\"https:\/\/tourtravelandmore.com\/es\/\",\"name\":\"Tour Travel And More\",\"description\":\"Private sightseeing tours and luxury transfers in Spain\",\"publisher\":{\"@id\":\"https:\/\/tourtravelandmore.com\/es\/#organization\"},\"potentialAction\":[{\"@type\":\"SearchAction\",\"target\":{\"@type\":\"EntryPoint\",\"urlTemplate\":\"https:\/\/tourtravelandmore.com\/es\/?s={search_term_string}\"},\"query-input\":{\"@type\":\"PropertyValueSpecification\",\"valueRequired\":true,\"valueName\":\"search_term_string\"}}],\"inLanguage\":\"es\"},{\"@type\":\"Organization\",\"@id\":\"https:\/\/tourtravelandmore.com\/es\/#organization\",\"name\":\"Tour Travel And More\",\"url\":\"https:\/\/tourtravelandmore.com\/es\/\",\"logo\":{\"@type\":\"ImageObject\",\"inLanguage\":\"es\",\"@id\":\"https:\/\/tourtravelandmore.com\/es\/#\/schema\/logo\/image\/\",\"url\":\"https:\/\/tourtravelandmore.com\/wp-content\/uploads\/2022\/12\/cropped-logo-cabecera-new.png\",\"contentUrl\":\"https:\/\/tourtravelandmore.com\/wp-content\/uploads\/2022\/12\/cropped-logo-cabecera-new.png\",\"width\":430,\"height\":61,\"caption\":\"Tour Travel And More\"},\"image\":{\"@id\":\"https:\/\/tourtravelandmore.com\/es\/#\/schema\/logo\/image\/\"},\"sameAs\":[\"https:\/\/www.facebook.com\/tourtravelandmore\/\",\"https:\/\/x.com\/TourTravel_More\"]}]}<\/script>\n<!-- \/ Yoast SEO Premium plugin. -->","yoast_head_json":{"title":"\u27a1\ufe0f Tour Bajo Mi\u00f1o y Portugal | Tour Travel & More","description":"Tour personalizable del Bajo Mi\u00f1o y Portugal. Conozca y disfrute del Bajo Mi\u00f1o y Portugal en un tour con guia oficial privado y veh\u00edculo de lujo con chofer \u2705","robots":{"index":"index","follow":"follow","max-snippet":"max-snippet:-1","max-image-preview":"max-image-preview:large","max-video-preview":"max-video-preview:-1"},"canonical":"https:\/\/tourtravelandmore.com\/es\/tours\/espana-es\/santiago-de-compostela-es\/santiago-de-compostela-actividades-es\/tour-privado-bajo-mino-galicia-portugal\/","og_locale":"es_ES","og_type":"article","og_title":"Tours Privado de El Bajo Mi\u00f1o y Portugal desde Santiago de Compostela","og_description":"Tour personalizable del Bajo Mi\u00f1o y Portugal. Conozca y disfrute del Bajo Mi\u00f1o y Portugal en un tour con guia oficial privado y veh\u00edculo de lujo con chofer \u2705","og_url":"https:\/\/tourtravelandmore.com\/es\/tours\/espana-es\/santiago-de-compostela-es\/santiago-de-compostela-actividades-es\/tour-privado-bajo-mino-galicia-portugal\/","og_site_name":"Tour Travel And More","article_publisher":"https:\/\/www.facebook.com\/tourtravelandmore\/","article_modified_time":"2024-11-25T15:20:29+00:00","og_image":[{"width":1100,"height":825,"url":"https:\/\/tourtravelandmore.com\/wp-content\/uploads\/2017\/01\/Bajo-Min\u00cc\u0192o-02.jpg","type":"image\/jpeg"}],"twitter_card":"summary_large_image","twitter_site":"@TourTravel_More","twitter_misc":{"Tiempo de lectura":"3 minutos"},"schema":{"@context":"https:\/\/schema.org","@graph":[{"@type":"WebPage","@id":"https:\/\/tourtravelandmore.com\/es\/tours\/espana-es\/santiago-de-compostela-es\/santiago-de-compostela-actividades-es\/tour-privado-bajo-mino-galicia-portugal\/","url":"https:\/\/tourtravelandmore.com\/es\/tours\/espana-es\/santiago-de-compostela-es\/santiago-de-compostela-actividades-es\/tour-privado-bajo-mino-galicia-portugal\/","name":"\u27a1\ufe0f Tour Bajo Mi\u00f1o y Portugal | Tour Travel & More","isPartOf":{"@id":"https:\/\/tourtravelandmore.com\/es\/#website"},"primaryImageOfPage":{"@id":"https:\/\/tourtravelandmore.com\/es\/tours\/espana-es\/santiago-de-compostela-es\/santiago-de-compostela-actividades-es\/tour-privado-bajo-mino-galicia-portugal\/#primaryimage"},"image":{"@id":"https:\/\/tourtravelandmore.com\/es\/tours\/espana-es\/santiago-de-compostela-es\/santiago-de-compostela-actividades-es\/tour-privado-bajo-mino-galicia-portugal\/#primaryimage"},"thumbnailUrl":"https:\/\/tourtravelandmore.com\/wp-content\/uploads\/2017\/01\/Bajo-Min\u00cc\u0192o-02.jpg","datePublished":"2017-01-26T08:31:26+00:00","dateModified":"2024-11-25T15:20:29+00:00","description":"Tour personalizable del Bajo Mi\u00f1o y Portugal. Conozca y disfrute del Bajo Mi\u00f1o y Portugal en un tour con guia oficial privado y veh\u00edculo de lujo con chofer \u2705","breadcrumb":{"@id":"https:\/\/tourtravelandmore.com\/es\/tours\/espana-es\/santiago-de-compostela-es\/santiago-de-compostela-actividades-es\/tour-privado-bajo-mino-galicia-portugal\/#breadcrumb"},"inLanguage":"es","potentialAction":[{"@type":"ReadAction","target":["https:\/\/tourtravelandmore.com\/es\/tours\/espana-es\/santiago-de-compostela-es\/santiago-de-compostela-actividades-es\/tour-privado-bajo-mino-galicia-portugal\/"]}]},{"@type":"ImageObject","inLanguage":"es","@id":"https:\/\/tourtravelandmore.com\/es\/tours\/espana-es\/santiago-de-compostela-es\/santiago-de-compostela-actividades-es\/tour-privado-bajo-mino-galicia-portugal\/#primaryimage","url":"https:\/\/tourtravelandmore.com\/wp-content\/uploads\/2017\/01\/Bajo-Min\u00cc\u0192o-02.jpg","contentUrl":"https:\/\/tourtravelandmore.com\/wp-content\/uploads\/2017\/01\/Bajo-Min\u00cc\u0192o-02.jpg","width":1100,"height":825},{"@type":"BreadcrumbList","@id":"https:\/\/tourtravelandmore.com\/es\/tours\/espana-es\/santiago-de-compostela-es\/santiago-de-compostela-actividades-es\/tour-privado-bajo-mino-galicia-portugal\/#breadcrumb","itemListElement":[{"@type":"ListItem","position":1,"name":"Home","item":"https:\/\/tourtravelandmore.com\/es\/"},{"@type":"ListItem","position":2,"name":"Tours","item":"https:\/\/tourtravelandmore.com\/es\/tours\/"},{"@type":"ListItem","position":3,"name":"Tours Privado de El Bajo Mi\u00f1o y Portugal desde Santiago de Compostela"}]},{"@type":"WebSite","@id":"https:\/\/tourtravelandmore.com\/es\/#website","url":"https:\/\/tourtravelandmore.com\/es\/","name":"Tour Travel And More","description":"Private sightseeing tours and luxury transfers in Spain","publisher":{"@id":"https:\/\/tourtravelandmore.com\/es\/#organization"},"potentialAction":[{"@type":"SearchAction","target":{"@type":"EntryPoint","urlTemplate":"https:\/\/tourtravelandmore.com\/es\/?s={search_term_string}"},"query-input":{"@type":"PropertyValueSpecification","valueRequired":true,"valueName":"search_term_string"}}],"inLanguage":"es"},{"@type":"Organization","@id":"https:\/\/tourtravelandmore.com\/es\/#organization","name":"Tour Travel And More","url":"https:\/\/tourtravelandmore.com\/es\/","logo":{"@type":"ImageObject","inLanguage":"es","@id":"https:\/\/tourtravelandmore.com\/es\/#\/schema\/logo\/image\/","url":"https:\/\/tourtravelandmore.com\/wp-content\/uploads\/2022\/12\/cropped-logo-cabecera-new.png","contentUrl":"https:\/\/tourtravelandmore.com\/wp-content\/uploads\/2022\/12\/cropped-logo-cabecera-new.png","width":430,"height":61,"caption":"Tour Travel And More"},"image":{"@id":"https:\/\/tourtravelandmore.com\/es\/#\/schema\/logo\/image\/"},"sameAs":["https:\/\/www.facebook.com\/tourtravelandmore\/","https:\/\/x.com\/TourTravel_More"]}]}},"_links":{"self":[{"href":"https:\/\/tourtravelandmore.com\/es\/wp-json\/wp\/v2\/product\/10426","targetHints":{"allow":["GET"]}}],"collection":[{"href":"https:\/\/tourtravelandmore.com\/es\/wp-json\/wp\/v2\/product"}],"about":[{"href":"https:\/\/tourtravelandmore.com\/es\/wp-json\/wp\/v2\/types\/product"}],"replies":[{"embeddable":true,"href":"https:\/\/tourtravelandmore.com\/es\/wp-json\/wp\/v2\/comments?post=10426"}],"wp:featuredmedia":[{"embeddable":true,"href":"https:\/\/tourtravelandmore.com\/es\/wp-json\/wp\/v2\/media\/10202"}],"wp:attachment":[{"href":"https:\/\/tourtravelandmore.com\/es\/wp-json\/wp\/v2\/media?parent=10426"}],"wp:term":[{"taxonomy":"product_brand","embeddable":true,"href":"https:\/\/tourtravelandmore.com\/es\/wp-json\/wp\/v2\/product_brand?post=10426"},{"taxonomy":"product_cat","embeddable":true,"href":"https:\/\/tourtravelandmore.com\/es\/wp-json\/wp\/v2\/product_cat?post=10426"},{"taxonomy":"product_tag","embeddable":true,"href":"https:\/\/tourtravelandmore.com\/es\/wp-json\/wp\/v2\/product_tag?post=10426"}],"curies":[{"name":"wp","href":"https:\/\/api.w.org\/{rel}","templated":true}]}}