{"id":102885,"date":"2021-03-12T11:25:26","date_gmt":"2021-03-12T10:25:26","guid":{"rendered":"https:\/\/tourtravelandmore.com\/?post_type=product&#038;p=102885"},"modified":"2022-10-11T21:33:13","modified_gmt":"2022-10-11T19:33:13","slug":"visita-privada-abodegas-desde-st-tropez","status":"publish","type":"product","link":"https:\/\/tourtravelandmore.com\/es\/tours\/francia\/st-tropez-sp\/visita-privada-abodegas-desde-st-tropez\/","title":{"rendered":"Visita Privada a Bodegas desde St Tropez"},"content":{"rendered":"<h2>Descripci\u00f3n de la Visita Privada a Bodegas desde St Tropez<\/h2>\n<p>St Tropez tiene mucho m\u00e1s que playa, lujo y turismo. Haga este viaje de medio d\u00eda para disfrutar de una agradable visita a la bodega. Podemos personalizar la experiencia, agregar una bodega si lo desea o incluso agregar un poco de turismo a este recorrido. Acomp\u00e1\u00f1enos en esta <strong>Visita Privada a Bodegas desde St Tropez<\/strong>.<\/p>\n<p>Su conductor lo recoger\u00e1 de su hotel o lugar de elecci\u00f3n en St Tropez y nos dirigiremos a la visita a la bodega. La duraci\u00f3n total es de 6 horas desde la recogida hasta la entrega y nuestro equipo profesional est\u00e1 creando un itinerario especial para usted.<\/p>\n<p>Su conductor de habla inglesa lo estar\u00e1 esperando en un veh\u00edculo limpio y de lujo.<\/p>\n<p>Si tiene alguna solicitud especial, inf\u00f3rmenos y, si es posible, la agregaremos a su itinerario. Tendr\u00e1 transporte privado solo para usted y su grupo.<\/p>\n<p>Recuerde que esta visita privada a bodegas desde St Tropez es completamente personalizable.<\/p>\n<h2>Puntos emblem\u00e1ticos y de inter\u00e9s en la Visita\u00a0Privada a Bodegas desde St Tropez<\/h2>\n<p>La recogida se realizar\u00e1 desde su hotel o sitio de elecci\u00f3n en St Tropez y nos dirigiremos hacia dos de las mejores bodegas de la Riviera francesa.<\/p>\n<p>Su conductor privado lo estar\u00e1 esperando en su hotel o punto de elecci\u00f3n en St Tropez.<\/p>\n<p>Nos dirigiremos hacia <strong>Chemin de Saquier<\/strong>. Esta ser\u00e1 nuestra primera parada para visitar una bodega. Tendr\u00e1 la oportunidad de probar 3 de sus vinos y disfrutar de una visita a la bodega y el proceso de elaboraci\u00f3n del vino. Tendr\u00e1 alrededor de 1 hora en este castillo.<\/p>\n<p>Su conductor lo estar\u00e1 esperando en su veh\u00edculo privado para llevarlo de manera segura a la pr\u00f3xima bodega.<\/p>\n<p>Despu\u00e9s de que hayas terminado la primera bodega, nos dirigiremos hacia <a href=\"https:\/\/www.vignoblerasse.fr\/inicio\">Vignoble-Rasse Vindazur<\/a>. Esto se encuentra en un peque\u00f1o pueblo de ni siquiera 3600 personas. Este pueblo es Saint Jeanett. En esta segunda ubicaci\u00f3n, disfrutar\u00e1 tambi\u00e9n de una cata de vinos de alrededor de 6 vinos diferentes y podr\u00e1 conocer su historia, sus vi\u00f1edos y su tierra vin\u00edcola.<\/p>\n<p>Su conductor y veh\u00edculo privados lo llevar\u00e1n de regreso a su hotel o lugar de elecci\u00f3n en St Tropez.<\/p>\n<p><a href=\"https:\/\/tourtravelandmore.com\/es\/ciudad\/francia\/st-tropez-sp\/\">Mire aqu\u00ed todas nuestras ofertas de tours privados y excursiones desde St Tropez.<\/a><\/p>\n","protected":false},"excerpt":{"rendered":"<p>Avent\u00farese en esta incre\u00edble <strong>visita privada a bodegas desde St Tropez<\/strong> y tenga la oportunidad de degustar de los vinos m\u00e1s incre\u00edbles de la Riviera Francesa.<\/p>\n<p><span style=\"font-weight: 400;\">\u00a0<\/span><\/p>\n<h4><\/h4>\n","protected":false},"featured_media":102907,"comment_status":"open","ping_status":"closed","template":"","meta":{"_acf_changed":false},"product_brand":[],"product_cat":[1592,3625],"product_tag":[],"class_list":{"0":"post-102885","1":"product","2":"type-product","3":"status-publish","4":"has-post-thumbnail","6":"product_cat-francia","7":"product_cat-st-tropez-sp","9":"first","10":"instock","11":"shipping-taxable","12":"purchasable","13":"product-type-simple"},"acf":[],"yoast_head":"<!-- This site is optimized with the Yoast SEO Premium plugin v25.3.1 (Yoast SEO v25.3.1) - https:\/\/yoast.com\/wordpress\/plugins\/seo\/ -->\n<title>\u27a1\ufe0f Visita Privada a Bodegas desde St Tropez | Tour Travel &amp; More<\/title>\n<meta name=\"description\" content=\"Avent\u00farese en esta incre\u00edble visita privada a bodegas desde St Tropez y tenga la oportunidad de degustar de los vinos m\u00e1s incre\u00edbles \u2705\" \/>\n<meta name=\"robots\" content=\"index, follow, max-snippet:-1, max-image-preview:large, max-video-preview:-1\" \/>\n<link rel=\"canonical\" href=\"https:\/\/tourtravelandmore.com\/es\/tours\/francia\/st-tropez-sp\/visita-privada-abodegas-desde-st-tropez\/\" \/>\n<meta property=\"og:locale\" content=\"es_ES\" \/>\n<meta property=\"og:type\" content=\"article\" \/>\n<meta property=\"og:title\" content=\"Visita Privada a Bodegas desde St Tropez\" \/>\n<meta property=\"og:description\" content=\"Avent\u00farese en esta incre\u00edble visita privada a bodegas desde St Tropez y tenga la oportunidad de degustar de los vinos m\u00e1s incre\u00edbles \u2705\" \/>\n<meta property=\"og:url\" content=\"https:\/\/tourtravelandmore.com\/es\/tours\/francia\/st-tropez-sp\/visita-privada-abodegas-desde-st-tropez\/\" \/>\n<meta property=\"og:site_name\" content=\"Tour Travel And More\" \/>\n<meta property=\"article:publisher\" content=\"https:\/\/www.facebook.com\/tourtravelandmore\/\" \/>\n<meta property=\"article:modified_time\" content=\"2022-10-11T19:33:13+00:00\" \/>\n<meta property=\"og:image\" content=\"https:\/\/tourtravelandmore.com\/wp-content\/uploads\/2021\/03\/winery-fr.jpg\" \/>\n\t<meta property=\"og:image:width\" content=\"720\" \/>\n\t<meta property=\"og:image:height\" content=\"480\" \/>\n\t<meta property=\"og:image:type\" content=\"image\/jpeg\" \/>\n<meta name=\"twitter:card\" content=\"summary_large_image\" \/>\n<meta name=\"twitter:site\" content=\"@TourTravel_More\" \/>\n<meta name=\"twitter:label1\" content=\"Tiempo de lectura\" \/>\n\t<meta name=\"twitter:data1\" content=\"2 minutos\" \/>\n<script type=\"application\/ld+json\" class=\"yoast-schema-graph\">{\"@context\":\"https:\/\/schema.org\",\"@graph\":[{\"@type\":\"WebPage\",\"@id\":\"https:\/\/tourtravelandmore.com\/es\/tours\/francia\/st-tropez-sp\/visita-privada-abodegas-desde-st-tropez\/\",\"url\":\"https:\/\/tourtravelandmore.com\/es\/tours\/francia\/st-tropez-sp\/visita-privada-abodegas-desde-st-tropez\/\",\"name\":\"\u27a1\ufe0f Visita Privada a Bodegas desde St Tropez | Tour Travel & More\",\"isPartOf\":{\"@id\":\"https:\/\/tourtravelandmore.com\/es\/#website\"},\"primaryImageOfPage\":{\"@id\":\"https:\/\/tourtravelandmore.com\/es\/tours\/francia\/st-tropez-sp\/visita-privada-abodegas-desde-st-tropez\/#primaryimage\"},\"image\":{\"@id\":\"https:\/\/tourtravelandmore.com\/es\/tours\/francia\/st-tropez-sp\/visita-privada-abodegas-desde-st-tropez\/#primaryimage\"},\"thumbnailUrl\":\"https:\/\/tourtravelandmore.com\/wp-content\/uploads\/2021\/03\/winery-fr.jpg\",\"datePublished\":\"2021-03-12T10:25:26+00:00\",\"dateModified\":\"2022-10-11T19:33:13+00:00\",\"description\":\"Avent\u00farese en esta incre\u00edble visita privada a bodegas desde St Tropez y tenga la oportunidad de degustar de los vinos m\u00e1s incre\u00edbles \u2705\",\"breadcrumb\":{\"@id\":\"https:\/\/tourtravelandmore.com\/es\/tours\/francia\/st-tropez-sp\/visita-privada-abodegas-desde-st-tropez\/#breadcrumb\"},\"inLanguage\":\"es\",\"potentialAction\":[{\"@type\":\"ReadAction\",\"target\":[\"https:\/\/tourtravelandmore.com\/es\/tours\/francia\/st-tropez-sp\/visita-privada-abodegas-desde-st-tropez\/\"]}]},{\"@type\":\"ImageObject\",\"inLanguage\":\"es\",\"@id\":\"https:\/\/tourtravelandmore.com\/es\/tours\/francia\/st-tropez-sp\/visita-privada-abodegas-desde-st-tropez\/#primaryimage\",\"url\":\"https:\/\/tourtravelandmore.com\/wp-content\/uploads\/2021\/03\/winery-fr.jpg\",\"contentUrl\":\"https:\/\/tourtravelandmore.com\/wp-content\/uploads\/2021\/03\/winery-fr.jpg\",\"width\":720,\"height\":480},{\"@type\":\"BreadcrumbList\",\"@id\":\"https:\/\/tourtravelandmore.com\/es\/tours\/francia\/st-tropez-sp\/visita-privada-abodegas-desde-st-tropez\/#breadcrumb\",\"itemListElement\":[{\"@type\":\"ListItem\",\"position\":1,\"name\":\"Home\",\"item\":\"https:\/\/tourtravelandmore.com\/es\/\"},{\"@type\":\"ListItem\",\"position\":2,\"name\":\"Tours\",\"item\":\"https:\/\/tourtravelandmore.com\/es\/tours\/\"},{\"@type\":\"ListItem\",\"position\":3,\"name\":\"Visita Privada a Bodegas desde St Tropez\"}]},{\"@type\":\"WebSite\",\"@id\":\"https:\/\/tourtravelandmore.com\/es\/#website\",\"url\":\"https:\/\/tourtravelandmore.com\/es\/\",\"name\":\"Tour Travel And More\",\"description\":\"Private sightseeing tours and luxury transfers in Spain\",\"publisher\":{\"@id\":\"https:\/\/tourtravelandmore.com\/es\/#organization\"},\"potentialAction\":[{\"@type\":\"SearchAction\",\"target\":{\"@type\":\"EntryPoint\",\"urlTemplate\":\"https:\/\/tourtravelandmore.com\/es\/?s={search_term_string}\"},\"query-input\":{\"@type\":\"PropertyValueSpecification\",\"valueRequired\":true,\"valueName\":\"search_term_string\"}}],\"inLanguage\":\"es\"},{\"@type\":\"Organization\",\"@id\":\"https:\/\/tourtravelandmore.com\/es\/#organization\",\"name\":\"Tour Travel And More\",\"url\":\"https:\/\/tourtravelandmore.com\/es\/\",\"logo\":{\"@type\":\"ImageObject\",\"inLanguage\":\"es\",\"@id\":\"https:\/\/tourtravelandmore.com\/es\/#\/schema\/logo\/image\/\",\"url\":\"https:\/\/tourtravelandmore.com\/wp-content\/uploads\/2022\/12\/cropped-logo-cabecera-new.png\",\"contentUrl\":\"https:\/\/tourtravelandmore.com\/wp-content\/uploads\/2022\/12\/cropped-logo-cabecera-new.png\",\"width\":430,\"height\":61,\"caption\":\"Tour Travel And More\"},\"image\":{\"@id\":\"https:\/\/tourtravelandmore.com\/es\/#\/schema\/logo\/image\/\"},\"sameAs\":[\"https:\/\/www.facebook.com\/tourtravelandmore\/\",\"https:\/\/x.com\/TourTravel_More\"]}]}<\/script>\n<!-- \/ Yoast SEO Premium plugin. -->","yoast_head_json":{"title":"\u27a1\ufe0f Visita Privada a Bodegas desde St Tropez | Tour Travel & More","description":"Avent\u00farese en esta incre\u00edble visita privada a bodegas desde St Tropez y tenga la oportunidad de degustar de los vinos m\u00e1s incre\u00edbles \u2705","robots":{"index":"index","follow":"follow","max-snippet":"max-snippet:-1","max-image-preview":"max-image-preview:large","max-video-preview":"max-video-preview:-1"},"canonical":"https:\/\/tourtravelandmore.com\/es\/tours\/francia\/st-tropez-sp\/visita-privada-abodegas-desde-st-tropez\/","og_locale":"es_ES","og_type":"article","og_title":"Visita Privada a Bodegas desde St Tropez","og_description":"Avent\u00farese en esta incre\u00edble visita privada a bodegas desde St Tropez y tenga la oportunidad de degustar de los vinos m\u00e1s incre\u00edbles \u2705","og_url":"https:\/\/tourtravelandmore.com\/es\/tours\/francia\/st-tropez-sp\/visita-privada-abodegas-desde-st-tropez\/","og_site_name":"Tour Travel And More","article_publisher":"https:\/\/www.facebook.com\/tourtravelandmore\/","article_modified_time":"2022-10-11T19:33:13+00:00","og_image":[{"width":720,"height":480,"url":"https:\/\/tourtravelandmore.com\/wp-content\/uploads\/2021\/03\/winery-fr.jpg","type":"image\/jpeg"}],"twitter_card":"summary_large_image","twitter_site":"@TourTravel_More","twitter_misc":{"Tiempo de lectura":"2 minutos"},"schema":{"@context":"https:\/\/schema.org","@graph":[{"@type":"WebPage","@id":"https:\/\/tourtravelandmore.com\/es\/tours\/francia\/st-tropez-sp\/visita-privada-abodegas-desde-st-tropez\/","url":"https:\/\/tourtravelandmore.com\/es\/tours\/francia\/st-tropez-sp\/visita-privada-abodegas-desde-st-tropez\/","name":"\u27a1\ufe0f Visita Privada a Bodegas desde St Tropez | Tour Travel & More","isPartOf":{"@id":"https:\/\/tourtravelandmore.com\/es\/#website"},"primaryImageOfPage":{"@id":"https:\/\/tourtravelandmore.com\/es\/tours\/francia\/st-tropez-sp\/visita-privada-abodegas-desde-st-tropez\/#primaryimage"},"image":{"@id":"https:\/\/tourtravelandmore.com\/es\/tours\/francia\/st-tropez-sp\/visita-privada-abodegas-desde-st-tropez\/#primaryimage"},"thumbnailUrl":"https:\/\/tourtravelandmore.com\/wp-content\/uploads\/2021\/03\/winery-fr.jpg","datePublished":"2021-03-12T10:25:26+00:00","dateModified":"2022-10-11T19:33:13+00:00","description":"Avent\u00farese en esta incre\u00edble visita privada a bodegas desde St Tropez y tenga la oportunidad de degustar de los vinos m\u00e1s incre\u00edbles \u2705","breadcrumb":{"@id":"https:\/\/tourtravelandmore.com\/es\/tours\/francia\/st-tropez-sp\/visita-privada-abodegas-desde-st-tropez\/#breadcrumb"},"inLanguage":"es","potentialAction":[{"@type":"ReadAction","target":["https:\/\/tourtravelandmore.com\/es\/tours\/francia\/st-tropez-sp\/visita-privada-abodegas-desde-st-tropez\/"]}]},{"@type":"ImageObject","inLanguage":"es","@id":"https:\/\/tourtravelandmore.com\/es\/tours\/francia\/st-tropez-sp\/visita-privada-abodegas-desde-st-tropez\/#primaryimage","url":"https:\/\/tourtravelandmore.com\/wp-content\/uploads\/2021\/03\/winery-fr.jpg","contentUrl":"https:\/\/tourtravelandmore.com\/wp-content\/uploads\/2021\/03\/winery-fr.jpg","width":720,"height":480},{"@type":"BreadcrumbList","@id":"https:\/\/tourtravelandmore.com\/es\/tours\/francia\/st-tropez-sp\/visita-privada-abodegas-desde-st-tropez\/#breadcrumb","itemListElement":[{"@type":"ListItem","position":1,"name":"Home","item":"https:\/\/tourtravelandmore.com\/es\/"},{"@type":"ListItem","position":2,"name":"Tours","item":"https:\/\/tourtravelandmore.com\/es\/tours\/"},{"@type":"ListItem","position":3,"name":"Visita Privada a Bodegas desde St Tropez"}]},{"@type":"WebSite","@id":"https:\/\/tourtravelandmore.com\/es\/#website","url":"https:\/\/tourtravelandmore.com\/es\/","name":"Tour Travel And More","description":"Private sightseeing tours and luxury transfers in Spain","publisher":{"@id":"https:\/\/tourtravelandmore.com\/es\/#organization"},"potentialAction":[{"@type":"SearchAction","target":{"@type":"EntryPoint","urlTemplate":"https:\/\/tourtravelandmore.com\/es\/?s={search_term_string}"},"query-input":{"@type":"PropertyValueSpecification","valueRequired":true,"valueName":"search_term_string"}}],"inLanguage":"es"},{"@type":"Organization","@id":"https:\/\/tourtravelandmore.com\/es\/#organization","name":"Tour Travel And More","url":"https:\/\/tourtravelandmore.com\/es\/","logo":{"@type":"ImageObject","inLanguage":"es","@id":"https:\/\/tourtravelandmore.com\/es\/#\/schema\/logo\/image\/","url":"https:\/\/tourtravelandmore.com\/wp-content\/uploads\/2022\/12\/cropped-logo-cabecera-new.png","contentUrl":"https:\/\/tourtravelandmore.com\/wp-content\/uploads\/2022\/12\/cropped-logo-cabecera-new.png","width":430,"height":61,"caption":"Tour Travel And More"},"image":{"@id":"https:\/\/tourtravelandmore.com\/es\/#\/schema\/logo\/image\/"},"sameAs":["https:\/\/www.facebook.com\/tourtravelandmore\/","https:\/\/x.com\/TourTravel_More"]}]}},"_links":{"self":[{"href":"https:\/\/tourtravelandmore.com\/es\/wp-json\/wp\/v2\/product\/102885","targetHints":{"allow":["GET"]}}],"collection":[{"href":"https:\/\/tourtravelandmore.com\/es\/wp-json\/wp\/v2\/product"}],"about":[{"href":"https:\/\/tourtravelandmore.com\/es\/wp-json\/wp\/v2\/types\/product"}],"replies":[{"embeddable":true,"href":"https:\/\/tourtravelandmore.com\/es\/wp-json\/wp\/v2\/comments?post=102885"}],"wp:featuredmedia":[{"embeddable":true,"href":"https:\/\/tourtravelandmore.com\/es\/wp-json\/wp\/v2\/media\/102907"}],"wp:attachment":[{"href":"https:\/\/tourtravelandmore.com\/es\/wp-json\/wp\/v2\/media?parent=102885"}],"wp:term":[{"taxonomy":"product_brand","embeddable":true,"href":"https:\/\/tourtravelandmore.com\/es\/wp-json\/wp\/v2\/product_brand?post=102885"},{"taxonomy":"product_cat","embeddable":true,"href":"https:\/\/tourtravelandmore.com\/es\/wp-json\/wp\/v2\/product_cat?post=102885"},{"taxonomy":"product_tag","embeddable":true,"href":"https:\/\/tourtravelandmore.com\/es\/wp-json\/wp\/v2\/product_tag?post=102885"}],"curies":[{"name":"wp","href":"https:\/\/api.w.org\/{rel}","templated":true}]}}