{"id":102847,"date":"2021-03-12T11:03:16","date_gmt":"2021-03-12T10:03:17","guid":{"rendered":"https:\/\/tourtravelandmore.com\/?post_type=product&#038;p=102847"},"modified":"2025-06-02T17:03:40","modified_gmt":"2025-06-02T15:03:40","slug":"tour-privado-a-niza-desde-st-tropez","status":"publish","type":"product","link":"https:\/\/tourtravelandmore.com\/es\/tours\/francia\/st-tropez-sp\/tour-privado-a-niza-desde-st-tropez\/","title":{"rendered":"Tour Privado a Niza desde St Tropez"},"content":{"rendered":"<h2>Descripci\u00f3n del Tour Privado a Niza desde St Tropez<\/h2>\n<p>La C\u00f4te D\u2019Azur tiene mucho que ofrecer. Aproveche la oportunidad de conocer todas sus gemas ocultas con nuestros tours privados. En este caso lo invitamos a este <strong>Tour Privado a Niza desde St Tropez<\/strong>.<\/p>\n<p>Lo recogeremos de St Tropez o de cualquier ubicaci\u00f3n que elija y nos dirigiremos hacia Niza. Incluso si est\u00e1 de vacaciones en la playa, siempre es bueno hacer algo de turismo. Niza es un lugar muy agradable y la capital de los Alpes Mar\u00edtimos. Aunque no lo parezca, es la quinta ciudad m\u00e1s grande de Francia. El puerto de Niza es uno de los m\u00e1s importantes tambi\u00e9n.<\/p>\n<p>Aproveche nuestros tours privados y conozca lo mejor de Niza en este tour privado de un d\u00eda. Recomendamos un conductor privado que hable ingl\u00e9s y lo lleve a todos los sitios emblem\u00e1ticos de Niza. Tambi\u00e9n tenemos la opci\u00f3n de agregar una gu\u00eda tur\u00edstica oficial separada para completar su experiencia.<\/p>\n<p>Cont\u00e1ctanos y te enviaremos la propuesta correspondiente para este tour privado a Niza desde St Tropez.<\/p>\n<h2>Puntos emblem\u00e1ticos y de inter\u00e9s en el Tour Privado a Niza desde St Tropez<\/h2>\n<p>Estamos especializados en tours privados, por lo que no es una sorpresa y este tour privado de Niza es una experiencia maravillosa y \u00fanica. Niza es una hermosa ciudad en la costa de Francia que tiene mucho que ofrecer.<\/p>\n<p>Un ejemplo de su itinerario ser\u00eda:<\/p>\n<ul>\n<li><a href=\"https:\/\/cathedrale-nice.fr\">Catedral de Niza<\/a><\/li>\n<li><strong>Cap Ferrat<\/strong><\/li>\n<li><strong>Promenade des Anglais<\/strong><\/li>\n<li><strong>Vieille Ville<\/strong><\/li>\n<li><strong>Parque de la Colline du Ch\u00e2teau<\/strong><\/li>\n<li><strong>Mercado de Cours Saleya<\/strong><\/li>\n<li><strong>Hermosas vistas a la playa<\/strong><\/li>\n<li><strong>Monast\u00e8re de Cimiez<\/strong><\/li>\n<li><strong>Mont Boron<\/strong><\/li>\n<\/ul>\n<p>Como puede ver, hay mucho que ver en Niza, \u00a1mucho m\u00e1s que solo en la playa!<\/p>\n<p>Elige tu opci\u00f3n preferida; si con un conductor de habla inglesa o un conductor y un gu\u00eda tur\u00edstico oficial separado. Danos la oportunidad en Tour Travel &amp; More para ayudarte a explorar las maravillas de la Riviera francesa.<\/p>\n<p><a href=\"https:\/\/tourtravelandmore.com\/es\/ciudad\/francia\/st-tropez-sp\/\">Mire aqu\u00ed todas nuestras ofertas de tours privado y excursiones desde St Tropez.<\/a><\/p>\n","protected":false},"excerpt":{"rendered":"<p>Disfrute de un d\u00eda fuera de St Tropez y venga con nosotros en este <strong>Tour Privado de Niza<\/strong>. Tendr\u00e1 a su disposici\u00f3n un chofer\/gu\u00eda privado durante todo el recorrido.<\/p>\n<p><span style=\"font-weight: 400;\">\u00a0<\/span><\/p>\n<h4><\/h4>\n","protected":false},"featured_media":83971,"comment_status":"open","ping_status":"closed","template":"","meta":{"_acf_changed":false},"product_brand":[],"product_cat":[1592,3625],"product_tag":[],"class_list":{"0":"post-102847","1":"product","2":"type-product","3":"status-publish","4":"has-post-thumbnail","6":"product_cat-francia","7":"product_cat-st-tropez-sp","9":"first","10":"instock","11":"shipping-taxable","12":"purchasable","13":"product-type-simple"},"acf":[],"yoast_head":"<!-- This site is optimized with the Yoast SEO Premium plugin v25.3.1 (Yoast SEO v25.3.1) - https:\/\/yoast.com\/wordpress\/plugins\/seo\/ -->\n<title>\u27a1\ufe0f Tour Privado a Niza desde St Tropez | Tour Travel &amp; More<\/title>\n<meta name=\"description\" content=\"Disfrute de un d\u00eda fuera de St Tropez y venga con nosotros en este Tour Privado de Niza. Tendr\u00e1 a su disposici\u00f3n un chofer\/gu\u00eda privado \u2705\" \/>\n<meta name=\"robots\" content=\"index, follow, max-snippet:-1, max-image-preview:large, max-video-preview:-1\" \/>\n<link rel=\"canonical\" href=\"https:\/\/tourtravelandmore.com\/es\/tours\/francia\/st-tropez-sp\/tour-privado-a-niza-desde-st-tropez\/\" \/>\n<meta property=\"og:locale\" content=\"es_ES\" \/>\n<meta property=\"og:type\" content=\"article\" \/>\n<meta property=\"og:title\" content=\"Tour Privado a Niza desde St Tropez\" \/>\n<meta property=\"og:description\" content=\"Disfrute de un d\u00eda fuera de St Tropez y venga con nosotros en este Tour Privado de Niza. Tendr\u00e1 a su disposici\u00f3n un chofer\/gu\u00eda privado \u2705\" \/>\n<meta property=\"og:url\" content=\"https:\/\/tourtravelandmore.com\/es\/tours\/francia\/st-tropez-sp\/tour-privado-a-niza-desde-st-tropez\/\" \/>\n<meta property=\"og:site_name\" content=\"Tour Travel And More\" \/>\n<meta property=\"article:publisher\" content=\"https:\/\/www.facebook.com\/tourtravelandmore\/\" \/>\n<meta property=\"article:modified_time\" content=\"2025-06-02T15:03:40+00:00\" \/>\n<meta property=\"og:image\" content=\"https:\/\/tourtravelandmore.com\/wp-content\/uploads\/2018\/03\/Vieille_Ville_Nice_France_-_panoramio_17-min-scaled.jpg\" \/>\n\t<meta property=\"og:image:width\" content=\"2560\" \/>\n\t<meta property=\"og:image:height\" content=\"1527\" \/>\n\t<meta property=\"og:image:type\" content=\"image\/jpeg\" \/>\n<meta name=\"twitter:card\" content=\"summary_large_image\" \/>\n<meta name=\"twitter:site\" content=\"@TourTravel_More\" \/>\n<meta name=\"twitter:label1\" content=\"Tiempo de lectura\" \/>\n\t<meta name=\"twitter:data1\" content=\"2 minutos\" \/>\n<script type=\"application\/ld+json\" class=\"yoast-schema-graph\">{\"@context\":\"https:\/\/schema.org\",\"@graph\":[{\"@type\":\"WebPage\",\"@id\":\"https:\/\/tourtravelandmore.com\/es\/tours\/francia\/st-tropez-sp\/tour-privado-a-niza-desde-st-tropez\/\",\"url\":\"https:\/\/tourtravelandmore.com\/es\/tours\/francia\/st-tropez-sp\/tour-privado-a-niza-desde-st-tropez\/\",\"name\":\"\u27a1\ufe0f Tour Privado a Niza desde St Tropez | Tour Travel & More\",\"isPartOf\":{\"@id\":\"https:\/\/tourtravelandmore.com\/es\/#website\"},\"primaryImageOfPage\":{\"@id\":\"https:\/\/tourtravelandmore.com\/es\/tours\/francia\/st-tropez-sp\/tour-privado-a-niza-desde-st-tropez\/#primaryimage\"},\"image\":{\"@id\":\"https:\/\/tourtravelandmore.com\/es\/tours\/francia\/st-tropez-sp\/tour-privado-a-niza-desde-st-tropez\/#primaryimage\"},\"thumbnailUrl\":\"https:\/\/tourtravelandmore.com\/wp-content\/uploads\/2018\/03\/Vieille_Ville_Nice_France_-_panoramio_17-min-scaled.jpg\",\"datePublished\":\"2021-03-12T10:03:17+00:00\",\"dateModified\":\"2025-06-02T15:03:40+00:00\",\"description\":\"Disfrute de un d\u00eda fuera de St Tropez y venga con nosotros en este Tour Privado de Niza. Tendr\u00e1 a su disposici\u00f3n un chofer\/gu\u00eda privado \u2705\",\"breadcrumb\":{\"@id\":\"https:\/\/tourtravelandmore.com\/es\/tours\/francia\/st-tropez-sp\/tour-privado-a-niza-desde-st-tropez\/#breadcrumb\"},\"inLanguage\":\"es\",\"potentialAction\":[{\"@type\":\"ReadAction\",\"target\":[\"https:\/\/tourtravelandmore.com\/es\/tours\/francia\/st-tropez-sp\/tour-privado-a-niza-desde-st-tropez\/\"]}]},{\"@type\":\"ImageObject\",\"inLanguage\":\"es\",\"@id\":\"https:\/\/tourtravelandmore.com\/es\/tours\/francia\/st-tropez-sp\/tour-privado-a-niza-desde-st-tropez\/#primaryimage\",\"url\":\"https:\/\/tourtravelandmore.com\/wp-content\/uploads\/2018\/03\/Vieille_Ville_Nice_France_-_panoramio_17-min-scaled.jpg\",\"contentUrl\":\"https:\/\/tourtravelandmore.com\/wp-content\/uploads\/2018\/03\/Vieille_Ville_Nice_France_-_panoramio_17-min-scaled.jpg\",\"width\":2560,\"height\":1527,\"caption\":\"Nice Vieille\"},{\"@type\":\"BreadcrumbList\",\"@id\":\"https:\/\/tourtravelandmore.com\/es\/tours\/francia\/st-tropez-sp\/tour-privado-a-niza-desde-st-tropez\/#breadcrumb\",\"itemListElement\":[{\"@type\":\"ListItem\",\"position\":1,\"name\":\"Home\",\"item\":\"https:\/\/tourtravelandmore.com\/es\/\"},{\"@type\":\"ListItem\",\"position\":2,\"name\":\"Tours\",\"item\":\"https:\/\/tourtravelandmore.com\/es\/tours\/\"},{\"@type\":\"ListItem\",\"position\":3,\"name\":\"Tour Privado a Niza desde St Tropez\"}]},{\"@type\":\"WebSite\",\"@id\":\"https:\/\/tourtravelandmore.com\/es\/#website\",\"url\":\"https:\/\/tourtravelandmore.com\/es\/\",\"name\":\"Tour Travel And More\",\"description\":\"Private sightseeing tours and luxury transfers in Spain\",\"publisher\":{\"@id\":\"https:\/\/tourtravelandmore.com\/es\/#organization\"},\"potentialAction\":[{\"@type\":\"SearchAction\",\"target\":{\"@type\":\"EntryPoint\",\"urlTemplate\":\"https:\/\/tourtravelandmore.com\/es\/?s={search_term_string}\"},\"query-input\":{\"@type\":\"PropertyValueSpecification\",\"valueRequired\":true,\"valueName\":\"search_term_string\"}}],\"inLanguage\":\"es\"},{\"@type\":\"Organization\",\"@id\":\"https:\/\/tourtravelandmore.com\/es\/#organization\",\"name\":\"Tour Travel And More\",\"url\":\"https:\/\/tourtravelandmore.com\/es\/\",\"logo\":{\"@type\":\"ImageObject\",\"inLanguage\":\"es\",\"@id\":\"https:\/\/tourtravelandmore.com\/es\/#\/schema\/logo\/image\/\",\"url\":\"https:\/\/tourtravelandmore.com\/wp-content\/uploads\/2022\/12\/cropped-logo-cabecera-new.png\",\"contentUrl\":\"https:\/\/tourtravelandmore.com\/wp-content\/uploads\/2022\/12\/cropped-logo-cabecera-new.png\",\"width\":430,\"height\":61,\"caption\":\"Tour Travel And More\"},\"image\":{\"@id\":\"https:\/\/tourtravelandmore.com\/es\/#\/schema\/logo\/image\/\"},\"sameAs\":[\"https:\/\/www.facebook.com\/tourtravelandmore\/\",\"https:\/\/x.com\/TourTravel_More\"]}]}<\/script>\n<!-- \/ Yoast SEO Premium plugin. -->","yoast_head_json":{"title":"\u27a1\ufe0f Tour Privado a Niza desde St Tropez | Tour Travel & More","description":"Disfrute de un d\u00eda fuera de St Tropez y venga con nosotros en este Tour Privado de Niza. Tendr\u00e1 a su disposici\u00f3n un chofer\/gu\u00eda privado \u2705","robots":{"index":"index","follow":"follow","max-snippet":"max-snippet:-1","max-image-preview":"max-image-preview:large","max-video-preview":"max-video-preview:-1"},"canonical":"https:\/\/tourtravelandmore.com\/es\/tours\/francia\/st-tropez-sp\/tour-privado-a-niza-desde-st-tropez\/","og_locale":"es_ES","og_type":"article","og_title":"Tour Privado a Niza desde St Tropez","og_description":"Disfrute de un d\u00eda fuera de St Tropez y venga con nosotros en este Tour Privado de Niza. Tendr\u00e1 a su disposici\u00f3n un chofer\/gu\u00eda privado \u2705","og_url":"https:\/\/tourtravelandmore.com\/es\/tours\/francia\/st-tropez-sp\/tour-privado-a-niza-desde-st-tropez\/","og_site_name":"Tour Travel And More","article_publisher":"https:\/\/www.facebook.com\/tourtravelandmore\/","article_modified_time":"2025-06-02T15:03:40+00:00","og_image":[{"width":2560,"height":1527,"url":"https:\/\/tourtravelandmore.com\/wp-content\/uploads\/2018\/03\/Vieille_Ville_Nice_France_-_panoramio_17-min-scaled.jpg","type":"image\/jpeg"}],"twitter_card":"summary_large_image","twitter_site":"@TourTravel_More","twitter_misc":{"Tiempo de lectura":"2 minutos"},"schema":{"@context":"https:\/\/schema.org","@graph":[{"@type":"WebPage","@id":"https:\/\/tourtravelandmore.com\/es\/tours\/francia\/st-tropez-sp\/tour-privado-a-niza-desde-st-tropez\/","url":"https:\/\/tourtravelandmore.com\/es\/tours\/francia\/st-tropez-sp\/tour-privado-a-niza-desde-st-tropez\/","name":"\u27a1\ufe0f Tour Privado a Niza desde St Tropez | Tour Travel & More","isPartOf":{"@id":"https:\/\/tourtravelandmore.com\/es\/#website"},"primaryImageOfPage":{"@id":"https:\/\/tourtravelandmore.com\/es\/tours\/francia\/st-tropez-sp\/tour-privado-a-niza-desde-st-tropez\/#primaryimage"},"image":{"@id":"https:\/\/tourtravelandmore.com\/es\/tours\/francia\/st-tropez-sp\/tour-privado-a-niza-desde-st-tropez\/#primaryimage"},"thumbnailUrl":"https:\/\/tourtravelandmore.com\/wp-content\/uploads\/2018\/03\/Vieille_Ville_Nice_France_-_panoramio_17-min-scaled.jpg","datePublished":"2021-03-12T10:03:17+00:00","dateModified":"2025-06-02T15:03:40+00:00","description":"Disfrute de un d\u00eda fuera de St Tropez y venga con nosotros en este Tour Privado de Niza. Tendr\u00e1 a su disposici\u00f3n un chofer\/gu\u00eda privado \u2705","breadcrumb":{"@id":"https:\/\/tourtravelandmore.com\/es\/tours\/francia\/st-tropez-sp\/tour-privado-a-niza-desde-st-tropez\/#breadcrumb"},"inLanguage":"es","potentialAction":[{"@type":"ReadAction","target":["https:\/\/tourtravelandmore.com\/es\/tours\/francia\/st-tropez-sp\/tour-privado-a-niza-desde-st-tropez\/"]}]},{"@type":"ImageObject","inLanguage":"es","@id":"https:\/\/tourtravelandmore.com\/es\/tours\/francia\/st-tropez-sp\/tour-privado-a-niza-desde-st-tropez\/#primaryimage","url":"https:\/\/tourtravelandmore.com\/wp-content\/uploads\/2018\/03\/Vieille_Ville_Nice_France_-_panoramio_17-min-scaled.jpg","contentUrl":"https:\/\/tourtravelandmore.com\/wp-content\/uploads\/2018\/03\/Vieille_Ville_Nice_France_-_panoramio_17-min-scaled.jpg","width":2560,"height":1527,"caption":"Nice Vieille"},{"@type":"BreadcrumbList","@id":"https:\/\/tourtravelandmore.com\/es\/tours\/francia\/st-tropez-sp\/tour-privado-a-niza-desde-st-tropez\/#breadcrumb","itemListElement":[{"@type":"ListItem","position":1,"name":"Home","item":"https:\/\/tourtravelandmore.com\/es\/"},{"@type":"ListItem","position":2,"name":"Tours","item":"https:\/\/tourtravelandmore.com\/es\/tours\/"},{"@type":"ListItem","position":3,"name":"Tour Privado a Niza desde St Tropez"}]},{"@type":"WebSite","@id":"https:\/\/tourtravelandmore.com\/es\/#website","url":"https:\/\/tourtravelandmore.com\/es\/","name":"Tour Travel And More","description":"Private sightseeing tours and luxury transfers in Spain","publisher":{"@id":"https:\/\/tourtravelandmore.com\/es\/#organization"},"potentialAction":[{"@type":"SearchAction","target":{"@type":"EntryPoint","urlTemplate":"https:\/\/tourtravelandmore.com\/es\/?s={search_term_string}"},"query-input":{"@type":"PropertyValueSpecification","valueRequired":true,"valueName":"search_term_string"}}],"inLanguage":"es"},{"@type":"Organization","@id":"https:\/\/tourtravelandmore.com\/es\/#organization","name":"Tour Travel And More","url":"https:\/\/tourtravelandmore.com\/es\/","logo":{"@type":"ImageObject","inLanguage":"es","@id":"https:\/\/tourtravelandmore.com\/es\/#\/schema\/logo\/image\/","url":"https:\/\/tourtravelandmore.com\/wp-content\/uploads\/2022\/12\/cropped-logo-cabecera-new.png","contentUrl":"https:\/\/tourtravelandmore.com\/wp-content\/uploads\/2022\/12\/cropped-logo-cabecera-new.png","width":430,"height":61,"caption":"Tour Travel And More"},"image":{"@id":"https:\/\/tourtravelandmore.com\/es\/#\/schema\/logo\/image\/"},"sameAs":["https:\/\/www.facebook.com\/tourtravelandmore\/","https:\/\/x.com\/TourTravel_More"]}]}},"_links":{"self":[{"href":"https:\/\/tourtravelandmore.com\/es\/wp-json\/wp\/v2\/product\/102847","targetHints":{"allow":["GET"]}}],"collection":[{"href":"https:\/\/tourtravelandmore.com\/es\/wp-json\/wp\/v2\/product"}],"about":[{"href":"https:\/\/tourtravelandmore.com\/es\/wp-json\/wp\/v2\/types\/product"}],"replies":[{"embeddable":true,"href":"https:\/\/tourtravelandmore.com\/es\/wp-json\/wp\/v2\/comments?post=102847"}],"wp:featuredmedia":[{"embeddable":true,"href":"https:\/\/tourtravelandmore.com\/es\/wp-json\/wp\/v2\/media\/83971"}],"wp:attachment":[{"href":"https:\/\/tourtravelandmore.com\/es\/wp-json\/wp\/v2\/media?parent=102847"}],"wp:term":[{"taxonomy":"product_brand","embeddable":true,"href":"https:\/\/tourtravelandmore.com\/es\/wp-json\/wp\/v2\/product_brand?post=102847"},{"taxonomy":"product_cat","embeddable":true,"href":"https:\/\/tourtravelandmore.com\/es\/wp-json\/wp\/v2\/product_cat?post=102847"},{"taxonomy":"product_tag","embeddable":true,"href":"https:\/\/tourtravelandmore.com\/es\/wp-json\/wp\/v2\/product_tag?post=102847"}],"curies":[{"name":"wp","href":"https:\/\/api.w.org\/{rel}","templated":true}]}}