{"id":102827,"date":"2021-03-12T10:30:12","date_gmt":"2021-03-12T09:30:13","guid":{"rendered":"https:\/\/tourtravelandmore.com\/?post_type=product&#038;p=102827"},"modified":"2022-10-11T21:24:34","modified_gmt":"2022-10-11T19:24:34","slug":"tour-privado-a-monaco-desde-st-tropez","status":"publish","type":"product","link":"https:\/\/tourtravelandmore.com\/es\/tours\/francia\/monaco-es\/tour-privado-a-monaco-desde-st-tropez\/","title":{"rendered":"Tour Privado a M\u00f3naco desde St Tropez"},"content":{"rendered":"<h2>Descripci\u00f3n del Tour Privado a M\u00f3naco desde St Tropez<\/h2>\n<p>\u00bfQui\u00e9n dijo que pasar un d\u00eda en otro pa\u00eds podr\u00eda ser una excursi\u00f3n de un d\u00eda? M\u00f3naco te da esta oportunidad. Si no has estado en M\u00f3naco, no puedes perder esta oportunidad de conocer lo mejor de M\u00f3naco. Acomp\u00e1\u00f1enos en este <strong>Tour Privado a M\u00f3naco desde St Tropez.<\/strong><\/p>\n<p>Al igual que todos nuestros tours privados, lo recogeremos de su hotel o lugar de elecci\u00f3n en St Tropez y nos dirigiremos hacia M\u00f3naco. Hemos organizado un conductor privado de habla inglesa para una experiencia \u00fanica. Siempre tenemos la opci\u00f3n de agregar una gu\u00eda tur\u00edstica oficial separada para un enfoque m\u00e1s hist\u00f3rico.<\/p>\n<p>M\u00f3naco es un punto tan glamoroso y \u00fanico. Tiene vistas \u00fanicas sobre el mar, paisajes incre\u00edbles y es un lugar de visita obligada. Puedes encontrar flores ex\u00f3ticas, palmeras y una belleza realmente natural. Puede encontrar muchos dise\u00f1adores extravagantes, autos de lujo y b\u00e1sicamente todo lujo, incluido el famoso casino.<\/p>\n<p>Perm\u00edtanos consentirlo en este tour privado de M\u00f3naco y conocer Monte Carlo y todo lo que tiene para ofrecer con nosotros en Tour Travel &amp; More. Este tour privado a M\u00f3naco desde St Tropez es completamente personalizado.<\/p>\n<h2>Puntos emblem\u00e1ticos y de inter\u00e9s en el Tour Privado a M\u00f3naco desde St Tropez<\/h2>\n<p>Deje que nuestro equipo en Tour Travel &amp; More lo lleve a esta experiencia \u00fanica para conocer M\u00f3naco y Montecarlo. Arreglaremos una recogida privada c\u00f3moda y sin problemas.<\/p>\n<p>No tiene que preocuparse por nada, nuestro conductor lo estar\u00e1 esperando frente a su hotel o su sitio de elecci\u00f3n y nos dirigiremos hacia M\u00f3naco para la experiencia de este d\u00eda.<\/p>\n<p>Aqu\u00ed hay un ejemplo de lo que podr\u00e1 disfrutar durante el tour privado de d\u00eda completo:<\/p>\n<ul>\n<li><strong>Monte Carlo<\/strong><\/li>\n<li><strong>Palais du Prince<\/strong><\/li>\n<li><strong>Vista del Mus\u00e9e Oceanographique (podemos organizar la entrada si desea visitarlo)<\/strong><\/li>\n<li><strong>Jardin Exotique (zona de Fontvielle)<\/strong><\/li>\n<li><strong>Catedral<\/strong><\/li>\n<li><strong>Les Jardins Saint-Martin<\/strong><\/li>\n<li><strong>Recorrido por el curso Grand Prix de F\u00f3rmula 1<\/strong><\/li>\n<li><a href=\"https:\/\/www.opera.mc\">Teatro de la \u00d3pera de Montecarlo<\/a><\/li>\n<li><strong>Port de la Condamine<\/strong><\/li>\n<li><strong>Le Rocher o Monaco Ville<\/strong><\/li>\n<li><strong>Jardin Japonais<\/strong><\/li>\n<li><strong>Fort Antoine<\/strong><\/li>\n<li><strong>Capilla Saint-D\u00e9vote<\/strong><\/li>\n<\/ul>\n<p>Tendr\u00e1s algo de tiempo libre para pasear y comer algo antes de regresar con tu conductor hacia tu alojamiento en St Tropez.<\/p>\n<p>Siempre tenemos la opci\u00f3n de organizar un gu\u00eda tur\u00edstico oficial privado para que se una a nosotros en el recorrido.<\/p>\n<p><strong>H\u00e1ganos saber si tiene alguna solicitud especial y la agregaremos al itinerario.<\/strong><\/p>\n<p><strong><a href=\"https:\/\/tourtravelandmore.com\/es\/ciudad\/francia\/st-tropez-sp\/\">Mire aqu\u00ed todas nuestras ofertas de tours privados y excursiones desde St Tropez.<\/a><\/strong><\/p>\n","protected":false},"excerpt":{"rendered":"<p>Aproveche esta oportunidad \u00fanica y venga con nosotros en este <strong>Tour Privado a M\u00f3naco desde St Tropez<\/strong> con un gu\u00eda tur\u00edstico profesional local.<\/p>\n<p><span style=\"font-weight: 400;\">\u00a0<\/span><\/p>\n<h4><\/h4>\n","protected":false},"featured_media":102845,"comment_status":"open","ping_status":"closed","template":"","meta":{"_acf_changed":false},"product_brand":[],"product_cat":[1592,3625,488,580,489,581],"product_tag":[],"class_list":{"0":"post-102827","1":"product","2":"type-product","3":"status-publish","4":"has-post-thumbnail","6":"product_cat-francia","7":"product_cat-st-tropez-sp","8":"product_cat-monaco-es","9":"product_cat-monaco-actividades-es","10":"product_cat-monaco-rutas-turisticas-privadas-es","11":"product_cat-monaco-excursiones-es","13":"first","14":"instock","15":"shipping-taxable","16":"purchasable","17":"product-type-simple"},"acf":[],"yoast_head":"<!-- This site is optimized with the Yoast SEO Premium plugin v25.3.1 (Yoast SEO v25.3.1) - https:\/\/yoast.com\/wordpress\/plugins\/seo\/ -->\n<title>\u27a1\ufe0f Tour Privado a M\u00f3naco desde St Tropez | Tour Travel &amp; More<\/title>\n<meta name=\"description\" content=\"Aproveche esta oportunidad \u00fanica y venga con nosotros en este Tour Privado a M\u00f3naco desde St Tropez con un gu\u00eda tur\u00edstico profesional local \u2705\" \/>\n<meta name=\"robots\" content=\"index, follow, max-snippet:-1, max-image-preview:large, max-video-preview:-1\" \/>\n<link rel=\"canonical\" href=\"https:\/\/tourtravelandmore.com\/es\/tours\/francia\/monaco-es\/tour-privado-a-monaco-desde-st-tropez\/\" \/>\n<meta property=\"og:locale\" content=\"es_ES\" \/>\n<meta property=\"og:type\" content=\"article\" \/>\n<meta property=\"og:title\" content=\"Tour Privado a M\u00f3naco desde St Tropez\" \/>\n<meta property=\"og:description\" content=\"Aproveche esta oportunidad \u00fanica y venga con nosotros en este Tour Privado a M\u00f3naco desde St Tropez con un gu\u00eda tur\u00edstico profesional local \u2705\" \/>\n<meta property=\"og:url\" content=\"https:\/\/tourtravelandmore.com\/es\/tours\/francia\/monaco-es\/tour-privado-a-monaco-desde-st-tropez\/\" \/>\n<meta property=\"og:site_name\" content=\"Tour Travel And More\" \/>\n<meta property=\"article:publisher\" content=\"https:\/\/www.facebook.com\/tourtravelandmore\/\" \/>\n<meta property=\"article:modified_time\" content=\"2022-10-11T19:24:34+00:00\" \/>\n<meta property=\"og:image\" content=\"https:\/\/tourtravelandmore.com\/wp-content\/uploads\/2021\/03\/monaco.jpg\" \/>\n\t<meta property=\"og:image:width\" content=\"1024\" \/>\n\t<meta property=\"og:image:height\" content=\"621\" \/>\n\t<meta property=\"og:image:type\" content=\"image\/jpeg\" \/>\n<meta name=\"twitter:card\" content=\"summary_large_image\" \/>\n<meta name=\"twitter:site\" content=\"@TourTravel_More\" \/>\n<meta name=\"twitter:label1\" content=\"Tiempo de lectura\" \/>\n\t<meta name=\"twitter:data1\" content=\"2 minutos\" \/>\n<script type=\"application\/ld+json\" class=\"yoast-schema-graph\">{\"@context\":\"https:\/\/schema.org\",\"@graph\":[{\"@type\":\"WebPage\",\"@id\":\"https:\/\/tourtravelandmore.com\/es\/tours\/francia\/monaco-es\/tour-privado-a-monaco-desde-st-tropez\/\",\"url\":\"https:\/\/tourtravelandmore.com\/es\/tours\/francia\/monaco-es\/tour-privado-a-monaco-desde-st-tropez\/\",\"name\":\"\u27a1\ufe0f Tour Privado a M\u00f3naco desde St Tropez | Tour Travel & More\",\"isPartOf\":{\"@id\":\"https:\/\/tourtravelandmore.com\/es\/#website\"},\"primaryImageOfPage\":{\"@id\":\"https:\/\/tourtravelandmore.com\/es\/tours\/francia\/monaco-es\/tour-privado-a-monaco-desde-st-tropez\/#primaryimage\"},\"image\":{\"@id\":\"https:\/\/tourtravelandmore.com\/es\/tours\/francia\/monaco-es\/tour-privado-a-monaco-desde-st-tropez\/#primaryimage\"},\"thumbnailUrl\":\"https:\/\/tourtravelandmore.com\/wp-content\/uploads\/2021\/03\/monaco.jpg\",\"datePublished\":\"2021-03-12T09:30:13+00:00\",\"dateModified\":\"2022-10-11T19:24:34+00:00\",\"description\":\"Aproveche esta oportunidad \u00fanica y venga con nosotros en este Tour Privado a M\u00f3naco desde St Tropez con un gu\u00eda tur\u00edstico profesional local \u2705\",\"breadcrumb\":{\"@id\":\"https:\/\/tourtravelandmore.com\/es\/tours\/francia\/monaco-es\/tour-privado-a-monaco-desde-st-tropez\/#breadcrumb\"},\"inLanguage\":\"es\",\"potentialAction\":[{\"@type\":\"ReadAction\",\"target\":[\"https:\/\/tourtravelandmore.com\/es\/tours\/francia\/monaco-es\/tour-privado-a-monaco-desde-st-tropez\/\"]}]},{\"@type\":\"ImageObject\",\"inLanguage\":\"es\",\"@id\":\"https:\/\/tourtravelandmore.com\/es\/tours\/francia\/monaco-es\/tour-privado-a-monaco-desde-st-tropez\/#primaryimage\",\"url\":\"https:\/\/tourtravelandmore.com\/wp-content\/uploads\/2021\/03\/monaco.jpg\",\"contentUrl\":\"https:\/\/tourtravelandmore.com\/wp-content\/uploads\/2021\/03\/monaco.jpg\",\"width\":1024,\"height\":621},{\"@type\":\"BreadcrumbList\",\"@id\":\"https:\/\/tourtravelandmore.com\/es\/tours\/francia\/monaco-es\/tour-privado-a-monaco-desde-st-tropez\/#breadcrumb\",\"itemListElement\":[{\"@type\":\"ListItem\",\"position\":1,\"name\":\"Home\",\"item\":\"https:\/\/tourtravelandmore.com\/es\/\"},{\"@type\":\"ListItem\",\"position\":2,\"name\":\"Tours\",\"item\":\"https:\/\/tourtravelandmore.com\/es\/tours\/\"},{\"@type\":\"ListItem\",\"position\":3,\"name\":\"Tour Privado a M\u00f3naco desde St Tropez\"}]},{\"@type\":\"WebSite\",\"@id\":\"https:\/\/tourtravelandmore.com\/es\/#website\",\"url\":\"https:\/\/tourtravelandmore.com\/es\/\",\"name\":\"Tour Travel And More\",\"description\":\"Private sightseeing tours and luxury transfers in Spain\",\"publisher\":{\"@id\":\"https:\/\/tourtravelandmore.com\/es\/#organization\"},\"potentialAction\":[{\"@type\":\"SearchAction\",\"target\":{\"@type\":\"EntryPoint\",\"urlTemplate\":\"https:\/\/tourtravelandmore.com\/es\/?s={search_term_string}\"},\"query-input\":{\"@type\":\"PropertyValueSpecification\",\"valueRequired\":true,\"valueName\":\"search_term_string\"}}],\"inLanguage\":\"es\"},{\"@type\":\"Organization\",\"@id\":\"https:\/\/tourtravelandmore.com\/es\/#organization\",\"name\":\"Tour Travel And More\",\"url\":\"https:\/\/tourtravelandmore.com\/es\/\",\"logo\":{\"@type\":\"ImageObject\",\"inLanguage\":\"es\",\"@id\":\"https:\/\/tourtravelandmore.com\/es\/#\/schema\/logo\/image\/\",\"url\":\"https:\/\/tourtravelandmore.com\/wp-content\/uploads\/2022\/12\/cropped-logo-cabecera-new.png\",\"contentUrl\":\"https:\/\/tourtravelandmore.com\/wp-content\/uploads\/2022\/12\/cropped-logo-cabecera-new.png\",\"width\":430,\"height\":61,\"caption\":\"Tour Travel And More\"},\"image\":{\"@id\":\"https:\/\/tourtravelandmore.com\/es\/#\/schema\/logo\/image\/\"},\"sameAs\":[\"https:\/\/www.facebook.com\/tourtravelandmore\/\",\"https:\/\/x.com\/TourTravel_More\"]}]}<\/script>\n<!-- \/ Yoast SEO Premium plugin. -->","yoast_head_json":{"title":"\u27a1\ufe0f Tour Privado a M\u00f3naco desde St Tropez | Tour Travel & More","description":"Aproveche esta oportunidad \u00fanica y venga con nosotros en este Tour Privado a M\u00f3naco desde St Tropez con un gu\u00eda tur\u00edstico profesional local \u2705","robots":{"index":"index","follow":"follow","max-snippet":"max-snippet:-1","max-image-preview":"max-image-preview:large","max-video-preview":"max-video-preview:-1"},"canonical":"https:\/\/tourtravelandmore.com\/es\/tours\/francia\/monaco-es\/tour-privado-a-monaco-desde-st-tropez\/","og_locale":"es_ES","og_type":"article","og_title":"Tour Privado a M\u00f3naco desde St Tropez","og_description":"Aproveche esta oportunidad \u00fanica y venga con nosotros en este Tour Privado a M\u00f3naco desde St Tropez con un gu\u00eda tur\u00edstico profesional local \u2705","og_url":"https:\/\/tourtravelandmore.com\/es\/tours\/francia\/monaco-es\/tour-privado-a-monaco-desde-st-tropez\/","og_site_name":"Tour Travel And More","article_publisher":"https:\/\/www.facebook.com\/tourtravelandmore\/","article_modified_time":"2022-10-11T19:24:34+00:00","og_image":[{"width":1024,"height":621,"url":"https:\/\/tourtravelandmore.com\/wp-content\/uploads\/2021\/03\/monaco.jpg","type":"image\/jpeg"}],"twitter_card":"summary_large_image","twitter_site":"@TourTravel_More","twitter_misc":{"Tiempo de lectura":"2 minutos"},"schema":{"@context":"https:\/\/schema.org","@graph":[{"@type":"WebPage","@id":"https:\/\/tourtravelandmore.com\/es\/tours\/francia\/monaco-es\/tour-privado-a-monaco-desde-st-tropez\/","url":"https:\/\/tourtravelandmore.com\/es\/tours\/francia\/monaco-es\/tour-privado-a-monaco-desde-st-tropez\/","name":"\u27a1\ufe0f Tour Privado a M\u00f3naco desde St Tropez | Tour Travel & More","isPartOf":{"@id":"https:\/\/tourtravelandmore.com\/es\/#website"},"primaryImageOfPage":{"@id":"https:\/\/tourtravelandmore.com\/es\/tours\/francia\/monaco-es\/tour-privado-a-monaco-desde-st-tropez\/#primaryimage"},"image":{"@id":"https:\/\/tourtravelandmore.com\/es\/tours\/francia\/monaco-es\/tour-privado-a-monaco-desde-st-tropez\/#primaryimage"},"thumbnailUrl":"https:\/\/tourtravelandmore.com\/wp-content\/uploads\/2021\/03\/monaco.jpg","datePublished":"2021-03-12T09:30:13+00:00","dateModified":"2022-10-11T19:24:34+00:00","description":"Aproveche esta oportunidad \u00fanica y venga con nosotros en este Tour Privado a M\u00f3naco desde St Tropez con un gu\u00eda tur\u00edstico profesional local \u2705","breadcrumb":{"@id":"https:\/\/tourtravelandmore.com\/es\/tours\/francia\/monaco-es\/tour-privado-a-monaco-desde-st-tropez\/#breadcrumb"},"inLanguage":"es","potentialAction":[{"@type":"ReadAction","target":["https:\/\/tourtravelandmore.com\/es\/tours\/francia\/monaco-es\/tour-privado-a-monaco-desde-st-tropez\/"]}]},{"@type":"ImageObject","inLanguage":"es","@id":"https:\/\/tourtravelandmore.com\/es\/tours\/francia\/monaco-es\/tour-privado-a-monaco-desde-st-tropez\/#primaryimage","url":"https:\/\/tourtravelandmore.com\/wp-content\/uploads\/2021\/03\/monaco.jpg","contentUrl":"https:\/\/tourtravelandmore.com\/wp-content\/uploads\/2021\/03\/monaco.jpg","width":1024,"height":621},{"@type":"BreadcrumbList","@id":"https:\/\/tourtravelandmore.com\/es\/tours\/francia\/monaco-es\/tour-privado-a-monaco-desde-st-tropez\/#breadcrumb","itemListElement":[{"@type":"ListItem","position":1,"name":"Home","item":"https:\/\/tourtravelandmore.com\/es\/"},{"@type":"ListItem","position":2,"name":"Tours","item":"https:\/\/tourtravelandmore.com\/es\/tours\/"},{"@type":"ListItem","position":3,"name":"Tour Privado a M\u00f3naco desde St Tropez"}]},{"@type":"WebSite","@id":"https:\/\/tourtravelandmore.com\/es\/#website","url":"https:\/\/tourtravelandmore.com\/es\/","name":"Tour Travel And More","description":"Private sightseeing tours and luxury transfers in Spain","publisher":{"@id":"https:\/\/tourtravelandmore.com\/es\/#organization"},"potentialAction":[{"@type":"SearchAction","target":{"@type":"EntryPoint","urlTemplate":"https:\/\/tourtravelandmore.com\/es\/?s={search_term_string}"},"query-input":{"@type":"PropertyValueSpecification","valueRequired":true,"valueName":"search_term_string"}}],"inLanguage":"es"},{"@type":"Organization","@id":"https:\/\/tourtravelandmore.com\/es\/#organization","name":"Tour Travel And More","url":"https:\/\/tourtravelandmore.com\/es\/","logo":{"@type":"ImageObject","inLanguage":"es","@id":"https:\/\/tourtravelandmore.com\/es\/#\/schema\/logo\/image\/","url":"https:\/\/tourtravelandmore.com\/wp-content\/uploads\/2022\/12\/cropped-logo-cabecera-new.png","contentUrl":"https:\/\/tourtravelandmore.com\/wp-content\/uploads\/2022\/12\/cropped-logo-cabecera-new.png","width":430,"height":61,"caption":"Tour Travel And More"},"image":{"@id":"https:\/\/tourtravelandmore.com\/es\/#\/schema\/logo\/image\/"},"sameAs":["https:\/\/www.facebook.com\/tourtravelandmore\/","https:\/\/x.com\/TourTravel_More"]}]}},"_links":{"self":[{"href":"https:\/\/tourtravelandmore.com\/es\/wp-json\/wp\/v2\/product\/102827","targetHints":{"allow":["GET"]}}],"collection":[{"href":"https:\/\/tourtravelandmore.com\/es\/wp-json\/wp\/v2\/product"}],"about":[{"href":"https:\/\/tourtravelandmore.com\/es\/wp-json\/wp\/v2\/types\/product"}],"replies":[{"embeddable":true,"href":"https:\/\/tourtravelandmore.com\/es\/wp-json\/wp\/v2\/comments?post=102827"}],"wp:featuredmedia":[{"embeddable":true,"href":"https:\/\/tourtravelandmore.com\/es\/wp-json\/wp\/v2\/media\/102845"}],"wp:attachment":[{"href":"https:\/\/tourtravelandmore.com\/es\/wp-json\/wp\/v2\/media?parent=102827"}],"wp:term":[{"taxonomy":"product_brand","embeddable":true,"href":"https:\/\/tourtravelandmore.com\/es\/wp-json\/wp\/v2\/product_brand?post=102827"},{"taxonomy":"product_cat","embeddable":true,"href":"https:\/\/tourtravelandmore.com\/es\/wp-json\/wp\/v2\/product_cat?post=102827"},{"taxonomy":"product_tag","embeddable":true,"href":"https:\/\/tourtravelandmore.com\/es\/wp-json\/wp\/v2\/product_tag?post=102827"}],"curies":[{"name":"wp","href":"https:\/\/api.w.org\/{rel}","templated":true}]}}