{"id":102792,"date":"2021-03-12T10:02:40","date_gmt":"2021-03-12T09:02:41","guid":{"rendered":"https:\/\/tourtravelandmore.com\/?post_type=product&#038;p=102792"},"modified":"2022-10-11T18:01:56","modified_gmt":"2022-10-11T16:01:56","slug":"tour-privado-a-cannes-y-antibes","status":"publish","type":"product","link":"https:\/\/tourtravelandmore.com\/es\/tours\/francia\/cannes-es\/tour-privado-a-cannes-y-antibes\/","title":{"rendered":"Tour Privado a Cannes y Antibes desde St Tropez"},"content":{"rendered":"<h2>Descripci\u00f3n del Tour Privado a Cannes y Antibes desde St Tropez<\/h2>\n<p>Disfruta de este T<strong>our Privado a por Cannes y Antibes desde St Tropez<\/strong>. Organizaremos una recogida privada en su hotel o alojamiento en St Tropez. Este es un recorrido privado y tendr\u00e1 su conductor de habla inglesa a su disposici\u00f3n durante todo el d\u00eda.<\/p>\n<p>Tenemos la opci\u00f3n de agregar una gu\u00eda tur\u00edstica oficial separada junto a su conductor privado. En cualquier caso, este es un tour privado.<\/p>\n<p>La recogida puede ser desde cualquier lugar en St Tropez. \u00a1Cannes es una ciudad muy conocida, no solo para los lugare\u00f1os sino tambi\u00e9n para los famosos turistas y paparazzis! \u00a1Cannes est\u00e1 lleno de glamur y riqueza y es una excelente manera de pasar un d\u00eda!<\/p>\n<p>Puede tener tiempo para pasear por el Bulevar de la Croisette, ingresar a sus tiendas de lujo, ver el Palais des Festivales y conocer el verdadero Cannes (no solo los ricos y famosos).<\/p>\n<p>Tambi\u00e9n lo llevaremos a una parada en Antibes. Aunque Antibes no es una ciudad muy grande, tiene 25 kil\u00f3metros de costa y costas. A las familias francesas les encanta pasar sus vacaciones de verano en Antibes. Es realmente una ubicaci\u00f3n \u00fanica.<\/p>\n<p>H\u00e1ganos saber si tiene otros deseos o si desea pasar m\u00e1s tiempo en un sitio que en otro, h\u00e1ganoslo saber y organizaremos el itinerario perfecto. Simplemente, p\u00f3ngase en contacto con uno de nuestros expertos en viajes y le enviaremos nuestra propuesta para este tour privado a Cannes y Antibes desde St Tropez.<\/p>\n<h2>Puntos emblem\u00e1ticos y de inter\u00e9s en el Tour Privado a Cannes y Antibes desde St Tropez<\/h2>\n<p>Su conductor privado lo recoger\u00e1 en un veh\u00edculo de lujo de su hotel o lugar de elecci\u00f3n en St Tropez.<\/p>\n<p>Aqu\u00ed est\u00e1 nuestra propuesta con un conductor de habla inglesa. Siempre tenemos la opci\u00f3n de agregar una gu\u00eda tur\u00edstica oficial separada para un enfoque m\u00e1s hist\u00f3rico.<\/p>\n<p>Un ejemplo del itinerario es:<\/p>\n<p><strong>Cannes:<\/strong> una vez que lleguemos a Cannes, aqu\u00ed hay algunos lugares que tendr\u00e1 la oportunidad de visitar:<\/p>\n<ul>\n<li><strong>Le Suquet: el asentamiento original de la ladera<\/strong><\/li>\n<li><strong>La Croisette y la zona comercial (si est\u00e1 interesado)<\/strong><\/li>\n<li><strong>Palais des Festivales<\/strong><\/li>\n<li><strong>March\u00e9 Forville<\/strong><\/li>\n<li><strong>Vista de Ile Sainte-Marguerite o Ile Saint-Honorat: es una isla a solo 15 minutos en ferry desde Cannes<\/strong><\/li>\n<li><strong>Vista del Museo de la Castre<\/strong><\/li>\n<li><strong>Iglesia de Nuestra Se\u00f1ora de la Esperanza<\/strong><\/li>\n<li><strong>Villa Domergue<\/strong><\/li>\n<li><strong>Rue d\u2019Antibes<\/strong><\/li>\n<\/ul>\n<p><strong>Antibes:<\/strong> este es un ejemplo de lo que ver\u00e1 en Antibes.<\/p>\n<ul>\n<li>Hermosas playas<\/li>\n<li><a href=\"https:\/\/www.antibes-juanlespins.com\/culture\/musee-picasso\">Museo Picasso<\/a> (podemos organizar una entrada si lo desea o puede verla desde el exterior)<\/li>\n<li>Puerto Vauban<\/li>\n<li>Le Nomade<\/li>\n<li>Sentier de Tire-Poil<\/li>\n<li>Faro de garoupe<\/li>\n<li>Fort Carr\u00e9<\/li>\n<\/ul>\n<p>Tendr\u00e1 algo de tiempo libre para comer algo y lo llevaremos de regreso a su hotel o sitio de elecci\u00f3n en St Tropez.<\/p>\n<p>H\u00e1ganos saber si desea un gu\u00eda tur\u00edstico oficial privado por separado o si deber\u00edamos enviarle la propuesta con nuestro conductor de habla inglesa. Nuestro conductor de habla inglesa le brindar\u00e1 mucha informaci\u00f3n y conocimiento sobre Cannes y Antibes.<\/p>\n<p><a href=\"https:\/\/tourtravelandmore.com\/es\/ciudad\/francia\/st-tropez-sp\/\">Mire aqu\u00ed todas nuestras ofertas de tours privados y excursiones desde St Tropez.<\/a><\/p>\n","protected":false},"excerpt":{"rendered":"<p>Aproveche al m\u00e1ximo sus d\u00edas en vacaciones en Francia y acomp\u00e1\u00f1enos en este <strong>Tour Privado a Cannes y Antibes desde St Tropez.<\/strong><\/p>\n<p><span style=\"font-weight: 400;\">\u00a0<\/span><\/p>\n<h4><\/h4>\n","protected":false},"featured_media":102810,"comment_status":"open","ping_status":"closed","template":"","meta":{"_acf_changed":false},"product_brand":[],"product_cat":[1592,3625,473,564,474,565],"product_tag":[],"class_list":{"0":"post-102792","1":"product","2":"type-product","3":"status-publish","4":"has-post-thumbnail","6":"product_cat-francia","7":"product_cat-st-tropez-sp","8":"product_cat-cannes-es","9":"product_cat-cannes-actividades-es","10":"product_cat-cannes-rutas-turisticas-privadas-es","11":"product_cat-cannes-excursiones-privadas-es","13":"first","14":"instock","15":"shipping-taxable","16":"purchasable","17":"product-type-simple"},"acf":[],"yoast_head":"<!-- This site is optimized with the Yoast SEO Premium plugin v25.3.1 (Yoast SEO v25.3.1) - https:\/\/yoast.com\/wordpress\/plugins\/seo\/ -->\n<title>\u27a1\ufe0f Tour Privado a Cannes y Antibes desde St Tropez con chofer\/gu\u00eda | TTM<\/title>\n<meta name=\"description\" content=\"Aproveche al m\u00e1ximo sus d\u00edas en vacaciones en Francia y acomp\u00e1\u00f1enos en este Tour Privado a Cannes y Antibes desde St Tropez \u2705\" \/>\n<meta name=\"robots\" content=\"index, follow, max-snippet:-1, max-image-preview:large, max-video-preview:-1\" \/>\n<link rel=\"canonical\" href=\"https:\/\/tourtravelandmore.com\/es\/tours\/francia\/cannes-es\/tour-privado-a-cannes-y-antibes\/\" \/>\n<meta property=\"og:locale\" content=\"es_ES\" \/>\n<meta property=\"og:type\" content=\"article\" \/>\n<meta property=\"og:title\" content=\"Tour Privado a Cannes y Antibes desde St Tropez\" \/>\n<meta property=\"og:description\" content=\"Aproveche al m\u00e1ximo sus d\u00edas en vacaciones en Francia y acomp\u00e1\u00f1enos en este Tour Privado a Cannes y Antibes desde St Tropez \u2705\" \/>\n<meta property=\"og:url\" content=\"https:\/\/tourtravelandmore.com\/es\/tours\/francia\/cannes-es\/tour-privado-a-cannes-y-antibes\/\" \/>\n<meta property=\"og:site_name\" content=\"Tour Travel And More\" \/>\n<meta property=\"article:publisher\" content=\"https:\/\/www.facebook.com\/tourtravelandmore\/\" \/>\n<meta property=\"article:modified_time\" content=\"2022-10-11T16:01:56+00:00\" \/>\n<meta property=\"og:image\" content=\"https:\/\/tourtravelandmore.com\/wp-content\/uploads\/2021\/03\/cannes.jpg\" \/>\n\t<meta property=\"og:image:width\" content=\"1000\" \/>\n\t<meta property=\"og:image:height\" content=\"667\" \/>\n\t<meta property=\"og:image:type\" content=\"image\/jpeg\" \/>\n<meta name=\"twitter:card\" content=\"summary_large_image\" \/>\n<meta name=\"twitter:site\" content=\"@TourTravel_More\" \/>\n<meta name=\"twitter:label1\" content=\"Tiempo de lectura\" \/>\n\t<meta name=\"twitter:data1\" content=\"2 minutos\" \/>\n<script type=\"application\/ld+json\" class=\"yoast-schema-graph\">{\"@context\":\"https:\/\/schema.org\",\"@graph\":[{\"@type\":\"WebPage\",\"@id\":\"https:\/\/tourtravelandmore.com\/es\/tours\/francia\/cannes-es\/tour-privado-a-cannes-y-antibes\/\",\"url\":\"https:\/\/tourtravelandmore.com\/es\/tours\/francia\/cannes-es\/tour-privado-a-cannes-y-antibes\/\",\"name\":\"\u27a1\ufe0f Tour Privado a Cannes y Antibes desde St Tropez con chofer\/gu\u00eda | TTM\",\"isPartOf\":{\"@id\":\"https:\/\/tourtravelandmore.com\/es\/#website\"},\"primaryImageOfPage\":{\"@id\":\"https:\/\/tourtravelandmore.com\/es\/tours\/francia\/cannes-es\/tour-privado-a-cannes-y-antibes\/#primaryimage\"},\"image\":{\"@id\":\"https:\/\/tourtravelandmore.com\/es\/tours\/francia\/cannes-es\/tour-privado-a-cannes-y-antibes\/#primaryimage\"},\"thumbnailUrl\":\"https:\/\/tourtravelandmore.com\/wp-content\/uploads\/2021\/03\/cannes.jpg\",\"datePublished\":\"2021-03-12T09:02:41+00:00\",\"dateModified\":\"2022-10-11T16:01:56+00:00\",\"description\":\"Aproveche al m\u00e1ximo sus d\u00edas en vacaciones en Francia y acomp\u00e1\u00f1enos en este Tour Privado a Cannes y Antibes desde St Tropez \u2705\",\"breadcrumb\":{\"@id\":\"https:\/\/tourtravelandmore.com\/es\/tours\/francia\/cannes-es\/tour-privado-a-cannes-y-antibes\/#breadcrumb\"},\"inLanguage\":\"es\",\"potentialAction\":[{\"@type\":\"ReadAction\",\"target\":[\"https:\/\/tourtravelandmore.com\/es\/tours\/francia\/cannes-es\/tour-privado-a-cannes-y-antibes\/\"]}]},{\"@type\":\"ImageObject\",\"inLanguage\":\"es\",\"@id\":\"https:\/\/tourtravelandmore.com\/es\/tours\/francia\/cannes-es\/tour-privado-a-cannes-y-antibes\/#primaryimage\",\"url\":\"https:\/\/tourtravelandmore.com\/wp-content\/uploads\/2021\/03\/cannes.jpg\",\"contentUrl\":\"https:\/\/tourtravelandmore.com\/wp-content\/uploads\/2021\/03\/cannes.jpg\",\"width\":1000,\"height\":667},{\"@type\":\"BreadcrumbList\",\"@id\":\"https:\/\/tourtravelandmore.com\/es\/tours\/francia\/cannes-es\/tour-privado-a-cannes-y-antibes\/#breadcrumb\",\"itemListElement\":[{\"@type\":\"ListItem\",\"position\":1,\"name\":\"Home\",\"item\":\"https:\/\/tourtravelandmore.com\/es\/\"},{\"@type\":\"ListItem\",\"position\":2,\"name\":\"Tours\",\"item\":\"https:\/\/tourtravelandmore.com\/es\/tours\/\"},{\"@type\":\"ListItem\",\"position\":3,\"name\":\"Tour Privado a Cannes y Antibes desde St Tropez\"}]},{\"@type\":\"WebSite\",\"@id\":\"https:\/\/tourtravelandmore.com\/es\/#website\",\"url\":\"https:\/\/tourtravelandmore.com\/es\/\",\"name\":\"Tour Travel And More\",\"description\":\"Private sightseeing tours and luxury transfers in Spain\",\"publisher\":{\"@id\":\"https:\/\/tourtravelandmore.com\/es\/#organization\"},\"potentialAction\":[{\"@type\":\"SearchAction\",\"target\":{\"@type\":\"EntryPoint\",\"urlTemplate\":\"https:\/\/tourtravelandmore.com\/es\/?s={search_term_string}\"},\"query-input\":{\"@type\":\"PropertyValueSpecification\",\"valueRequired\":true,\"valueName\":\"search_term_string\"}}],\"inLanguage\":\"es\"},{\"@type\":\"Organization\",\"@id\":\"https:\/\/tourtravelandmore.com\/es\/#organization\",\"name\":\"Tour Travel And More\",\"url\":\"https:\/\/tourtravelandmore.com\/es\/\",\"logo\":{\"@type\":\"ImageObject\",\"inLanguage\":\"es\",\"@id\":\"https:\/\/tourtravelandmore.com\/es\/#\/schema\/logo\/image\/\",\"url\":\"https:\/\/tourtravelandmore.com\/wp-content\/uploads\/2022\/12\/cropped-logo-cabecera-new.png\",\"contentUrl\":\"https:\/\/tourtravelandmore.com\/wp-content\/uploads\/2022\/12\/cropped-logo-cabecera-new.png\",\"width\":430,\"height\":61,\"caption\":\"Tour Travel And More\"},\"image\":{\"@id\":\"https:\/\/tourtravelandmore.com\/es\/#\/schema\/logo\/image\/\"},\"sameAs\":[\"https:\/\/www.facebook.com\/tourtravelandmore\/\",\"https:\/\/x.com\/TourTravel_More\"]}]}<\/script>\n<!-- \/ Yoast SEO Premium plugin. -->","yoast_head_json":{"title":"\u27a1\ufe0f Tour Privado a Cannes y Antibes desde St Tropez con chofer\/gu\u00eda | TTM","description":"Aproveche al m\u00e1ximo sus d\u00edas en vacaciones en Francia y acomp\u00e1\u00f1enos en este Tour Privado a Cannes y Antibes desde St Tropez \u2705","robots":{"index":"index","follow":"follow","max-snippet":"max-snippet:-1","max-image-preview":"max-image-preview:large","max-video-preview":"max-video-preview:-1"},"canonical":"https:\/\/tourtravelandmore.com\/es\/tours\/francia\/cannes-es\/tour-privado-a-cannes-y-antibes\/","og_locale":"es_ES","og_type":"article","og_title":"Tour Privado a Cannes y Antibes desde St Tropez","og_description":"Aproveche al m\u00e1ximo sus d\u00edas en vacaciones en Francia y acomp\u00e1\u00f1enos en este Tour Privado a Cannes y Antibes desde St Tropez \u2705","og_url":"https:\/\/tourtravelandmore.com\/es\/tours\/francia\/cannes-es\/tour-privado-a-cannes-y-antibes\/","og_site_name":"Tour Travel And More","article_publisher":"https:\/\/www.facebook.com\/tourtravelandmore\/","article_modified_time":"2022-10-11T16:01:56+00:00","og_image":[{"width":1000,"height":667,"url":"https:\/\/tourtravelandmore.com\/wp-content\/uploads\/2021\/03\/cannes.jpg","type":"image\/jpeg"}],"twitter_card":"summary_large_image","twitter_site":"@TourTravel_More","twitter_misc":{"Tiempo de lectura":"2 minutos"},"schema":{"@context":"https:\/\/schema.org","@graph":[{"@type":"WebPage","@id":"https:\/\/tourtravelandmore.com\/es\/tours\/francia\/cannes-es\/tour-privado-a-cannes-y-antibes\/","url":"https:\/\/tourtravelandmore.com\/es\/tours\/francia\/cannes-es\/tour-privado-a-cannes-y-antibes\/","name":"\u27a1\ufe0f Tour Privado a Cannes y Antibes desde St Tropez con chofer\/gu\u00eda | TTM","isPartOf":{"@id":"https:\/\/tourtravelandmore.com\/es\/#website"},"primaryImageOfPage":{"@id":"https:\/\/tourtravelandmore.com\/es\/tours\/francia\/cannes-es\/tour-privado-a-cannes-y-antibes\/#primaryimage"},"image":{"@id":"https:\/\/tourtravelandmore.com\/es\/tours\/francia\/cannes-es\/tour-privado-a-cannes-y-antibes\/#primaryimage"},"thumbnailUrl":"https:\/\/tourtravelandmore.com\/wp-content\/uploads\/2021\/03\/cannes.jpg","datePublished":"2021-03-12T09:02:41+00:00","dateModified":"2022-10-11T16:01:56+00:00","description":"Aproveche al m\u00e1ximo sus d\u00edas en vacaciones en Francia y acomp\u00e1\u00f1enos en este Tour Privado a Cannes y Antibes desde St Tropez \u2705","breadcrumb":{"@id":"https:\/\/tourtravelandmore.com\/es\/tours\/francia\/cannes-es\/tour-privado-a-cannes-y-antibes\/#breadcrumb"},"inLanguage":"es","potentialAction":[{"@type":"ReadAction","target":["https:\/\/tourtravelandmore.com\/es\/tours\/francia\/cannes-es\/tour-privado-a-cannes-y-antibes\/"]}]},{"@type":"ImageObject","inLanguage":"es","@id":"https:\/\/tourtravelandmore.com\/es\/tours\/francia\/cannes-es\/tour-privado-a-cannes-y-antibes\/#primaryimage","url":"https:\/\/tourtravelandmore.com\/wp-content\/uploads\/2021\/03\/cannes.jpg","contentUrl":"https:\/\/tourtravelandmore.com\/wp-content\/uploads\/2021\/03\/cannes.jpg","width":1000,"height":667},{"@type":"BreadcrumbList","@id":"https:\/\/tourtravelandmore.com\/es\/tours\/francia\/cannes-es\/tour-privado-a-cannes-y-antibes\/#breadcrumb","itemListElement":[{"@type":"ListItem","position":1,"name":"Home","item":"https:\/\/tourtravelandmore.com\/es\/"},{"@type":"ListItem","position":2,"name":"Tours","item":"https:\/\/tourtravelandmore.com\/es\/tours\/"},{"@type":"ListItem","position":3,"name":"Tour Privado a Cannes y Antibes desde St Tropez"}]},{"@type":"WebSite","@id":"https:\/\/tourtravelandmore.com\/es\/#website","url":"https:\/\/tourtravelandmore.com\/es\/","name":"Tour Travel And More","description":"Private sightseeing tours and luxury transfers in Spain","publisher":{"@id":"https:\/\/tourtravelandmore.com\/es\/#organization"},"potentialAction":[{"@type":"SearchAction","target":{"@type":"EntryPoint","urlTemplate":"https:\/\/tourtravelandmore.com\/es\/?s={search_term_string}"},"query-input":{"@type":"PropertyValueSpecification","valueRequired":true,"valueName":"search_term_string"}}],"inLanguage":"es"},{"@type":"Organization","@id":"https:\/\/tourtravelandmore.com\/es\/#organization","name":"Tour Travel And More","url":"https:\/\/tourtravelandmore.com\/es\/","logo":{"@type":"ImageObject","inLanguage":"es","@id":"https:\/\/tourtravelandmore.com\/es\/#\/schema\/logo\/image\/","url":"https:\/\/tourtravelandmore.com\/wp-content\/uploads\/2022\/12\/cropped-logo-cabecera-new.png","contentUrl":"https:\/\/tourtravelandmore.com\/wp-content\/uploads\/2022\/12\/cropped-logo-cabecera-new.png","width":430,"height":61,"caption":"Tour Travel And More"},"image":{"@id":"https:\/\/tourtravelandmore.com\/es\/#\/schema\/logo\/image\/"},"sameAs":["https:\/\/www.facebook.com\/tourtravelandmore\/","https:\/\/x.com\/TourTravel_More"]}]}},"_links":{"self":[{"href":"https:\/\/tourtravelandmore.com\/es\/wp-json\/wp\/v2\/product\/102792","targetHints":{"allow":["GET"]}}],"collection":[{"href":"https:\/\/tourtravelandmore.com\/es\/wp-json\/wp\/v2\/product"}],"about":[{"href":"https:\/\/tourtravelandmore.com\/es\/wp-json\/wp\/v2\/types\/product"}],"replies":[{"embeddable":true,"href":"https:\/\/tourtravelandmore.com\/es\/wp-json\/wp\/v2\/comments?post=102792"}],"wp:featuredmedia":[{"embeddable":true,"href":"https:\/\/tourtravelandmore.com\/es\/wp-json\/wp\/v2\/media\/102810"}],"wp:attachment":[{"href":"https:\/\/tourtravelandmore.com\/es\/wp-json\/wp\/v2\/media?parent=102792"}],"wp:term":[{"taxonomy":"product_brand","embeddable":true,"href":"https:\/\/tourtravelandmore.com\/es\/wp-json\/wp\/v2\/product_brand?post=102792"},{"taxonomy":"product_cat","embeddable":true,"href":"https:\/\/tourtravelandmore.com\/es\/wp-json\/wp\/v2\/product_cat?post=102792"},{"taxonomy":"product_tag","embeddable":true,"href":"https:\/\/tourtravelandmore.com\/es\/wp-json\/wp\/v2\/product_tag?post=102792"}],"curies":[{"name":"wp","href":"https:\/\/api.w.org\/{rel}","templated":true}]}}