{"id":102757,"date":"2021-03-12T09:33:37","date_gmt":"2021-03-12T08:33:39","guid":{"rendered":"https:\/\/tourtravelandmore.com\/?post_type=product&#038;p=102757"},"modified":"2022-10-11T21:23:44","modified_gmt":"2022-10-11T19:23:44","slug":"tour-privado-por-st-tropez","status":"publish","type":"product","link":"https:\/\/tourtravelandmore.com\/es\/tours\/francia\/st-tropez-sp\/tour-privado-por-st-tropez\/","title":{"rendered":"Tour Privado por St Tropez"},"content":{"rendered":"<h2>Descripci\u00f3n del Tour Privado por St Tropez<\/h2>\n<p>St Tropez. Este es un lugar famoso en todo el mundo. Lleno de glamour y lujo, Saint-Tropez se ha ganado los corazones de los turistas y locales. Este peque\u00f1o pueblo no es muy grande, pero hay mucho que ver y hacer aqu\u00ed. Acomp\u00e1\u00f1enos en este <strong>Tour Privado por St Tropez<\/strong> con un experto local.<\/p>\n<p>T\u00f3mese 4 horas de sus vacaciones relajantes para conocer lo que el pueblo de St Tropez tiene para ofrecer.<\/p>\n<p>Haga que nuestro conductor lo lleve a un recorrido panor\u00e1mico por Saint Tropez y lo lleve a las mejores paradas para que lo vuelva a visitar por su cuenta durante el resto de sus vacaciones.<\/p>\n<p>Tenemos la opci\u00f3n de agregar un gu\u00eda tur\u00edstico por separado si prefiere un enfoque m\u00e1s hist\u00f3rico para su visita. Si tiene alguna solicitud especial para este tour privado de medio d\u00eda, inf\u00f3rmenos y organizaremos la experiencia perfecta para usted. Este tour privado por St Tropez es completamente personalizado.<\/p>\n<h2>Puntos emblem\u00e1ticos y de inter\u00e9s en el Tour Privado por St Tropez<\/h2>\n<p>Al igual que todos nuestros tours privados, la recogida privada est\u00e1 incluida para un comienzo c\u00f3modo desde el principio. Despu\u00e9s de la recogida, comenzaremos este tour privado de medio d\u00eda por Saint Tropez.<\/p>\n<p>Su conductor habla ingl\u00e9s y est\u00e1 a su disposici\u00f3n durante el <strong>recorrido de 4 horas.<\/strong> Lo recogeremos en un veh\u00edculo de lujo y limpio para comenzar su experiencia.<\/p>\n<p>Aqu\u00ed hay una breve lista de los lugares que tendr\u00e1 la oportunidad de visitar y ver durante este recorrido:<\/p>\n<ul>\n<li><strong>L\u2019Annonciade<\/strong><\/li>\n<li><a href=\"https:\/\/es.wikipedia.org\/wiki\/Ciudadela_de_Saint-Tropez\">Ciudadela de Saint Tropez<\/a><\/li>\n<li><strong>Saint &#8211; Puerto de Tropez<\/strong><\/li>\n<li><strong>Plage de L\u2019Escalet<\/strong><\/li>\n<li><strong>Vista del Mus\u00e9e de la Gendarmerie et du Cin\u00e9ma<\/strong><\/li>\n<li><strong>Plage de Pampelonne<\/strong><\/li>\n<li><strong>March\u00e9 de Saint Tropez<\/strong><\/li>\n<li><strong>Chapelle Saint-Anne (en Mont P\u00e9coulet justo detr\u00e1s de Saint Tropez)<\/strong><\/li>\n<li><strong>Sentier du Littoral<\/strong><\/li>\n<li><strong>Port Grimaud<\/strong><\/li>\n<\/ul>\n<p>\u00a1Hay mucho m\u00e1s que ver en St Tropez que solo el puerto y el lujo y la fama! No te pierdas esta oportunidad de conocer los secretos de Saint Tropez.<\/p>\n<p>Cont\u00e1ctanos y organizaremos una experiencia perfecta y privada solo para ti.<\/p>\n<p><a href=\"https:\/\/tourtravelandmore.com\/es\/ciudad\/francia\/st-tropez-sp\/\">Mire aqu\u00ed todas nuestras ofertas de tours privados y excursiones desde St Tropez.<\/a><\/p>\n","protected":false},"excerpt":{"rendered":"<p>Disfrute de una de las ciudades m\u00e1s exclusivas de Francia a orillas del mediterr\u00e1neo con este <strong>Tour Privado por St Tropez con gu\u00eda local.<\/strong><\/p>\n<p><span style=\"font-weight: 400;\">\u00a0<\/span><\/p>\n<h4><\/h4>\n","protected":false},"featured_media":102775,"comment_status":"open","ping_status":"closed","template":"","meta":{"_acf_changed":false},"product_brand":[],"product_cat":[1592,3625],"product_tag":[],"class_list":{"0":"post-102757","1":"product","2":"type-product","3":"status-publish","4":"has-post-thumbnail","6":"product_cat-francia","7":"product_cat-st-tropez-sp","9":"first","10":"instock","11":"shipping-taxable","12":"purchasable","13":"product-type-simple"},"acf":[],"yoast_head":"<!-- This site is optimized with the Yoast SEO Premium plugin v25.3.1 (Yoast SEO v25.3.1) - https:\/\/yoast.com\/wordpress\/plugins\/seo\/ -->\n<title>\u27a1\ufe0f Tour Privado por St Tropez abordo de un veh\u00edculo privado de lujo | Tour Travel &amp; More<\/title>\n<meta name=\"description\" content=\"Disfrute de una de las ciudades m\u00e1s exclusivas de Francia a orillas del mediterr\u00e1neo con este Tour Privado por St Tropez con gu\u00eda \u2705\" \/>\n<meta name=\"robots\" content=\"index, follow, max-snippet:-1, max-image-preview:large, max-video-preview:-1\" \/>\n<link rel=\"canonical\" href=\"https:\/\/tourtravelandmore.com\/es\/tours\/francia\/st-tropez-sp\/tour-privado-por-st-tropez\/\" \/>\n<meta property=\"og:locale\" content=\"es_ES\" \/>\n<meta property=\"og:type\" content=\"article\" \/>\n<meta property=\"og:title\" content=\"Tour Privado por St Tropez\" \/>\n<meta property=\"og:description\" content=\"Disfrute de una de las ciudades m\u00e1s exclusivas de Francia a orillas del mediterr\u00e1neo con este Tour Privado por St Tropez con gu\u00eda \u2705\" \/>\n<meta property=\"og:url\" content=\"https:\/\/tourtravelandmore.com\/es\/tours\/francia\/st-tropez-sp\/tour-privado-por-st-tropez\/\" \/>\n<meta property=\"og:site_name\" content=\"Tour Travel And More\" \/>\n<meta property=\"article:publisher\" content=\"https:\/\/www.facebook.com\/tourtravelandmore\/\" \/>\n<meta property=\"article:modified_time\" content=\"2022-10-11T19:23:44+00:00\" \/>\n<meta property=\"og:image\" content=\"https:\/\/tourtravelandmore.com\/wp-content\/uploads\/2021\/03\/St-tropez-scaled.jpg\" \/>\n\t<meta property=\"og:image:width\" content=\"2560\" \/>\n\t<meta property=\"og:image:height\" content=\"1700\" \/>\n\t<meta property=\"og:image:type\" content=\"image\/jpeg\" \/>\n<meta name=\"twitter:card\" content=\"summary_large_image\" \/>\n<meta name=\"twitter:site\" content=\"@TourTravel_More\" \/>\n<meta name=\"twitter:label1\" content=\"Tiempo de lectura\" \/>\n\t<meta name=\"twitter:data1\" content=\"2 minutos\" \/>\n<script type=\"application\/ld+json\" class=\"yoast-schema-graph\">{\"@context\":\"https:\/\/schema.org\",\"@graph\":[{\"@type\":\"WebPage\",\"@id\":\"https:\/\/tourtravelandmore.com\/es\/tours\/francia\/st-tropez-sp\/tour-privado-por-st-tropez\/\",\"url\":\"https:\/\/tourtravelandmore.com\/es\/tours\/francia\/st-tropez-sp\/tour-privado-por-st-tropez\/\",\"name\":\"\u27a1\ufe0f Tour Privado por St Tropez abordo de un veh\u00edculo privado de lujo | Tour Travel & More\",\"isPartOf\":{\"@id\":\"https:\/\/tourtravelandmore.com\/es\/#website\"},\"primaryImageOfPage\":{\"@id\":\"https:\/\/tourtravelandmore.com\/es\/tours\/francia\/st-tropez-sp\/tour-privado-por-st-tropez\/#primaryimage\"},\"image\":{\"@id\":\"https:\/\/tourtravelandmore.com\/es\/tours\/francia\/st-tropez-sp\/tour-privado-por-st-tropez\/#primaryimage\"},\"thumbnailUrl\":\"https:\/\/tourtravelandmore.com\/wp-content\/uploads\/2021\/03\/St-tropez-scaled.jpg\",\"datePublished\":\"2021-03-12T08:33:39+00:00\",\"dateModified\":\"2022-10-11T19:23:44+00:00\",\"description\":\"Disfrute de una de las ciudades m\u00e1s exclusivas de Francia a orillas del mediterr\u00e1neo con este Tour Privado por St Tropez con gu\u00eda \u2705\",\"breadcrumb\":{\"@id\":\"https:\/\/tourtravelandmore.com\/es\/tours\/francia\/st-tropez-sp\/tour-privado-por-st-tropez\/#breadcrumb\"},\"inLanguage\":\"es\",\"potentialAction\":[{\"@type\":\"ReadAction\",\"target\":[\"https:\/\/tourtravelandmore.com\/es\/tours\/francia\/st-tropez-sp\/tour-privado-por-st-tropez\/\"]}]},{\"@type\":\"ImageObject\",\"inLanguage\":\"es\",\"@id\":\"https:\/\/tourtravelandmore.com\/es\/tours\/francia\/st-tropez-sp\/tour-privado-por-st-tropez\/#primaryimage\",\"url\":\"https:\/\/tourtravelandmore.com\/wp-content\/uploads\/2021\/03\/St-tropez-scaled.jpg\",\"contentUrl\":\"https:\/\/tourtravelandmore.com\/wp-content\/uploads\/2021\/03\/St-tropez-scaled.jpg\",\"width\":2560,\"height\":1700},{\"@type\":\"BreadcrumbList\",\"@id\":\"https:\/\/tourtravelandmore.com\/es\/tours\/francia\/st-tropez-sp\/tour-privado-por-st-tropez\/#breadcrumb\",\"itemListElement\":[{\"@type\":\"ListItem\",\"position\":1,\"name\":\"Home\",\"item\":\"https:\/\/tourtravelandmore.com\/es\/\"},{\"@type\":\"ListItem\",\"position\":2,\"name\":\"Tours\",\"item\":\"https:\/\/tourtravelandmore.com\/es\/tours\/\"},{\"@type\":\"ListItem\",\"position\":3,\"name\":\"Tour Privado por St Tropez\"}]},{\"@type\":\"WebSite\",\"@id\":\"https:\/\/tourtravelandmore.com\/es\/#website\",\"url\":\"https:\/\/tourtravelandmore.com\/es\/\",\"name\":\"Tour Travel And More\",\"description\":\"Private sightseeing tours and luxury transfers in Spain\",\"publisher\":{\"@id\":\"https:\/\/tourtravelandmore.com\/es\/#organization\"},\"potentialAction\":[{\"@type\":\"SearchAction\",\"target\":{\"@type\":\"EntryPoint\",\"urlTemplate\":\"https:\/\/tourtravelandmore.com\/es\/?s={search_term_string}\"},\"query-input\":{\"@type\":\"PropertyValueSpecification\",\"valueRequired\":true,\"valueName\":\"search_term_string\"}}],\"inLanguage\":\"es\"},{\"@type\":\"Organization\",\"@id\":\"https:\/\/tourtravelandmore.com\/es\/#organization\",\"name\":\"Tour Travel And More\",\"url\":\"https:\/\/tourtravelandmore.com\/es\/\",\"logo\":{\"@type\":\"ImageObject\",\"inLanguage\":\"es\",\"@id\":\"https:\/\/tourtravelandmore.com\/es\/#\/schema\/logo\/image\/\",\"url\":\"https:\/\/tourtravelandmore.com\/wp-content\/uploads\/2022\/12\/cropped-logo-cabecera-new.png\",\"contentUrl\":\"https:\/\/tourtravelandmore.com\/wp-content\/uploads\/2022\/12\/cropped-logo-cabecera-new.png\",\"width\":430,\"height\":61,\"caption\":\"Tour Travel And More\"},\"image\":{\"@id\":\"https:\/\/tourtravelandmore.com\/es\/#\/schema\/logo\/image\/\"},\"sameAs\":[\"https:\/\/www.facebook.com\/tourtravelandmore\/\",\"https:\/\/x.com\/TourTravel_More\"]}]}<\/script>\n<!-- \/ Yoast SEO Premium plugin. -->","yoast_head_json":{"title":"\u27a1\ufe0f Tour Privado por St Tropez abordo de un veh\u00edculo privado de lujo | Tour Travel & More","description":"Disfrute de una de las ciudades m\u00e1s exclusivas de Francia a orillas del mediterr\u00e1neo con este Tour Privado por St Tropez con gu\u00eda \u2705","robots":{"index":"index","follow":"follow","max-snippet":"max-snippet:-1","max-image-preview":"max-image-preview:large","max-video-preview":"max-video-preview:-1"},"canonical":"https:\/\/tourtravelandmore.com\/es\/tours\/francia\/st-tropez-sp\/tour-privado-por-st-tropez\/","og_locale":"es_ES","og_type":"article","og_title":"Tour Privado por St Tropez","og_description":"Disfrute de una de las ciudades m\u00e1s exclusivas de Francia a orillas del mediterr\u00e1neo con este Tour Privado por St Tropez con gu\u00eda \u2705","og_url":"https:\/\/tourtravelandmore.com\/es\/tours\/francia\/st-tropez-sp\/tour-privado-por-st-tropez\/","og_site_name":"Tour Travel And More","article_publisher":"https:\/\/www.facebook.com\/tourtravelandmore\/","article_modified_time":"2022-10-11T19:23:44+00:00","og_image":[{"width":2560,"height":1700,"url":"https:\/\/tourtravelandmore.com\/wp-content\/uploads\/2021\/03\/St-tropez-scaled.jpg","type":"image\/jpeg"}],"twitter_card":"summary_large_image","twitter_site":"@TourTravel_More","twitter_misc":{"Tiempo de lectura":"2 minutos"},"schema":{"@context":"https:\/\/schema.org","@graph":[{"@type":"WebPage","@id":"https:\/\/tourtravelandmore.com\/es\/tours\/francia\/st-tropez-sp\/tour-privado-por-st-tropez\/","url":"https:\/\/tourtravelandmore.com\/es\/tours\/francia\/st-tropez-sp\/tour-privado-por-st-tropez\/","name":"\u27a1\ufe0f Tour Privado por St Tropez abordo de un veh\u00edculo privado de lujo | Tour Travel & More","isPartOf":{"@id":"https:\/\/tourtravelandmore.com\/es\/#website"},"primaryImageOfPage":{"@id":"https:\/\/tourtravelandmore.com\/es\/tours\/francia\/st-tropez-sp\/tour-privado-por-st-tropez\/#primaryimage"},"image":{"@id":"https:\/\/tourtravelandmore.com\/es\/tours\/francia\/st-tropez-sp\/tour-privado-por-st-tropez\/#primaryimage"},"thumbnailUrl":"https:\/\/tourtravelandmore.com\/wp-content\/uploads\/2021\/03\/St-tropez-scaled.jpg","datePublished":"2021-03-12T08:33:39+00:00","dateModified":"2022-10-11T19:23:44+00:00","description":"Disfrute de una de las ciudades m\u00e1s exclusivas de Francia a orillas del mediterr\u00e1neo con este Tour Privado por St Tropez con gu\u00eda \u2705","breadcrumb":{"@id":"https:\/\/tourtravelandmore.com\/es\/tours\/francia\/st-tropez-sp\/tour-privado-por-st-tropez\/#breadcrumb"},"inLanguage":"es","potentialAction":[{"@type":"ReadAction","target":["https:\/\/tourtravelandmore.com\/es\/tours\/francia\/st-tropez-sp\/tour-privado-por-st-tropez\/"]}]},{"@type":"ImageObject","inLanguage":"es","@id":"https:\/\/tourtravelandmore.com\/es\/tours\/francia\/st-tropez-sp\/tour-privado-por-st-tropez\/#primaryimage","url":"https:\/\/tourtravelandmore.com\/wp-content\/uploads\/2021\/03\/St-tropez-scaled.jpg","contentUrl":"https:\/\/tourtravelandmore.com\/wp-content\/uploads\/2021\/03\/St-tropez-scaled.jpg","width":2560,"height":1700},{"@type":"BreadcrumbList","@id":"https:\/\/tourtravelandmore.com\/es\/tours\/francia\/st-tropez-sp\/tour-privado-por-st-tropez\/#breadcrumb","itemListElement":[{"@type":"ListItem","position":1,"name":"Home","item":"https:\/\/tourtravelandmore.com\/es\/"},{"@type":"ListItem","position":2,"name":"Tours","item":"https:\/\/tourtravelandmore.com\/es\/tours\/"},{"@type":"ListItem","position":3,"name":"Tour Privado por St Tropez"}]},{"@type":"WebSite","@id":"https:\/\/tourtravelandmore.com\/es\/#website","url":"https:\/\/tourtravelandmore.com\/es\/","name":"Tour Travel And More","description":"Private sightseeing tours and luxury transfers in Spain","publisher":{"@id":"https:\/\/tourtravelandmore.com\/es\/#organization"},"potentialAction":[{"@type":"SearchAction","target":{"@type":"EntryPoint","urlTemplate":"https:\/\/tourtravelandmore.com\/es\/?s={search_term_string}"},"query-input":{"@type":"PropertyValueSpecification","valueRequired":true,"valueName":"search_term_string"}}],"inLanguage":"es"},{"@type":"Organization","@id":"https:\/\/tourtravelandmore.com\/es\/#organization","name":"Tour Travel And More","url":"https:\/\/tourtravelandmore.com\/es\/","logo":{"@type":"ImageObject","inLanguage":"es","@id":"https:\/\/tourtravelandmore.com\/es\/#\/schema\/logo\/image\/","url":"https:\/\/tourtravelandmore.com\/wp-content\/uploads\/2022\/12\/cropped-logo-cabecera-new.png","contentUrl":"https:\/\/tourtravelandmore.com\/wp-content\/uploads\/2022\/12\/cropped-logo-cabecera-new.png","width":430,"height":61,"caption":"Tour Travel And More"},"image":{"@id":"https:\/\/tourtravelandmore.com\/es\/#\/schema\/logo\/image\/"},"sameAs":["https:\/\/www.facebook.com\/tourtravelandmore\/","https:\/\/x.com\/TourTravel_More"]}]}},"_links":{"self":[{"href":"https:\/\/tourtravelandmore.com\/es\/wp-json\/wp\/v2\/product\/102757","targetHints":{"allow":["GET"]}}],"collection":[{"href":"https:\/\/tourtravelandmore.com\/es\/wp-json\/wp\/v2\/product"}],"about":[{"href":"https:\/\/tourtravelandmore.com\/es\/wp-json\/wp\/v2\/types\/product"}],"replies":[{"embeddable":true,"href":"https:\/\/tourtravelandmore.com\/es\/wp-json\/wp\/v2\/comments?post=102757"}],"wp:featuredmedia":[{"embeddable":true,"href":"https:\/\/tourtravelandmore.com\/es\/wp-json\/wp\/v2\/media\/102775"}],"wp:attachment":[{"href":"https:\/\/tourtravelandmore.com\/es\/wp-json\/wp\/v2\/media?parent=102757"}],"wp:term":[{"taxonomy":"product_brand","embeddable":true,"href":"https:\/\/tourtravelandmore.com\/es\/wp-json\/wp\/v2\/product_brand?post=102757"},{"taxonomy":"product_cat","embeddable":true,"href":"https:\/\/tourtravelandmore.com\/es\/wp-json\/wp\/v2\/product_cat?post=102757"},{"taxonomy":"product_tag","embeddable":true,"href":"https:\/\/tourtravelandmore.com\/es\/wp-json\/wp\/v2\/product_tag?post=102757"}],"curies":[{"name":"wp","href":"https:\/\/api.w.org\/{rel}","templated":true}]}}